{"id":5570,"date":"2019-06-03T12:24:30","date_gmt":"2019-06-03T12:24:30","guid":{"rendered":"https:\/\/www.ctp.eu\/?page_id=5570"},"modified":"2024-06-18T15:40:17","modified_gmt":"2024-06-18T13:40:17","slug":"cctv-policy","status":"publish","type":"page","link":"https:\/\/ctp.eu\/pl\/ctp-policies\/cctv-policy\/","title":{"rendered":"CCTV i polityka prywatno\u015bci odwiedzaj\u0105cych"},"content":{"rendered":"<div class=\"policy\">\n<h2>1. POSTANOWIENIA OG\u00d3LNE<\/h2>\n<p>Dok\u0142adamy wszelkich stara\u0144, aby szanowa\u0107 prywatno\u015b\u0107 u\u017cytkownik\u00f3w i chroni\u0107 ich dane osobowe, czyli wszelkie informacje umo\u017cliwiaj\u0105ce zidentyfikowanie u\u017cytkownika jako osoby fizycznej. Niniejsza Polityka Prywatno\u015bci CCTV i Odwiedzaj\u0105cych (\"<strong>Polityka prywatno\u015bci<\/strong>\") opisuje, w jaki spos\u00f3b <strong>Grupa CTP<\/strong> obs\u0142uguje, przetwarza i chroni dane osobowe odwiedzaj\u0105cych i innych os\u00f3b przebywaj\u0105cych lub odwiedzaj\u0105cych nasze obiekty w zwi\u0105zku z identyfikacj\u0105 odwiedzaj\u0105cych i monitorowaniem obiekt\u00f3w za pomoc\u0105 systemu nadzoru CCTV (\"<strong>System CCTV<\/strong>\"). Administratorem danych osobowych u\u017cytkownika jest podmiot z Grupy CTP (\"<strong>CTP<\/strong>\" lub \"<strong>my<\/strong>\") jako w\u0142a\u015bciciel danego budynku, parku lub innego lokalu, kt\u00f3ry u\u017cytkownik mo\u017ce odwiedza\u0107. W rozumieniu niniejszej Polityki prywatno\u015bci \"dane osobowe\" oznaczaj\u0105 informacje identyfikuj\u0105ce naszych najemc\u00f3w, pracownik\u00f3w najemc\u00f3w i inne osoby kontaktowe oraz osoby odwiedzaj\u0105ce nasze obiekty i budynki (\"<strong>ty<\/strong>\").<\/p>\n<p>Niniejsza Polityka Prywatno\u015bci informuje r\u00f3wnie\u017c o prawach u\u017cytkownika dotycz\u0105cych przetwarzania danych osobowych oraz o sposobach i \u015brodkach ich wykonywania.<\/p>\n<p>Zalecamy dok\u0142adne zapoznanie si\u0119 z niniejsz\u0105 Polityk\u0105 prywatno\u015bci.<\/p>\n<p>&nbsp;<\/p>\n<h2>2. ADMINISTRATOR DANYCH I DANE KONTAKTOWE<\/h2>\n<p>Administratorem danych osobowych u\u017cytkownika jest <a href=\"https:\/\/ctp.eu\/wp-content\/uploads\/2020\/11\/List-of-Relevant-Entities.pdf\" target=\"_blank\" rel=\"noopener\">odpowiedni podmiot<\/a>\u00a0z grupy CTP (<a href=\"https:\/\/ctp.eu\/pl\/\">ctp.eu<\/a>) zarz\u0105dzaj\u0105cy odwiedzanym budynkiem lub parkiem CTP. Aktualne dane kontaktowe i inne informacje na temat grupy CTP mo\u017cna znale\u017a\u0107 pod adresem <a href=\"https:\/\/ctp.eu\/pl\/contact\/\">https:\/\/ctp.eu\/contact\/<\/a>.<\/p>\n<p>&nbsp;<\/p>\n<h2>3. SYSTEM CCTV<\/h2>\n<h3>3.1 Opis CCTV<\/h3>\n<p>Nasze systemy CCTV sk\u0142adaj\u0105 si\u0119 zazwyczaj z maksymalnie 20 kamer, kt\u00f3re mog\u0105 by\u0107 umieszczone na zewn\u0105trz i wewn\u0105trz naszych budynk\u00f3w. Dok\u0142adna liczba i lokalizacja kamer zale\u017cy od konkretnego budynku, parku lub innego obiektu zarz\u0105dzanego przez grup\u0119 CTP. System CCTV mo\u017ce rejestrowa\u0107 zewn\u0119trzne pomieszczenia nale\u017c\u0105cych do nas budynk\u00f3w, drzwi wej\u015bciowe do budynk\u00f3w, korytarze i inne publicznie dost\u0119pne przestrzenie w budynkach. System CCTV nie monitoruje \u017cadnych obszar\u00f3w prywatnych.<\/p>\n<p>Piktogramy CCTV s\u0105 umieszczane w dobrze widocznych miejscach przy wej\u015bciach do naszych budynk\u00f3w, park\u00f3w lub innych obiekt\u00f3w Grupy CTP.<\/p>\n<p>&nbsp;<\/p>\n<h3>3.2 Cele przetwarzania i okres przechowywania danych<\/h3>\n<p>Przetwarzamy dane osobowe u\u017cytkownika za pomoc\u0105 systemu telewizji przemys\u0142owej z monitorowanymi i rejestrowanymi obrazami, w tym obrazami wizualnymi i wygl\u0105dem osobistym u\u017cytkownika.<\/p>\n<p>Przetwarzamy te nagrania w celu zachowania integralno\u015bci i bezpiecze\u0144stwa budynk\u00f3w zarz\u0105dzanych przez CTP, ich otoczenia i znajduj\u0105cych si\u0119 w nich aktyw\u00f3w, w tym naszej w\u0142asno\u015bci i w\u0142asno\u015bci naszych najemc\u00f3w.<\/p>\n<p>Podstaw\u0105 prawn\u0105 takiego przetwarzania jest ochrona naszych prawnie uzasadnionych interes\u00f3w (zgodnie z definicj\u0105 zawart\u0105 w art. 6 ust. 1 lit. f RODO). 6(1)(f) RODO) w celu ochrony warto\u015bci i interes\u00f3w okre\u015blonych powy\u017cej.<\/p>\n<p>Obrazy przechwytywane przez system s\u0105 kolorowe i nagrywane w spos\u00f3b ci\u0105g\u0142y. Nagrania s\u0105 przechowywane jako\u00a0<strong>ci\u0105g\u0142a p\u0119tla przez liczb\u0119 dni okre\u015blon\u0105 w polityce budowlanej lub dokumentacji ka\u017cdego kraju<\/strong>Jest to okres niezb\u0119dny do wykrycia i zbadania potencjalnego incydentu. Po tym okresie nagrania s\u0105 usuwane.<\/p>\n<p>Niekt\u00f3re cz\u0119\u015bci nagra\u0144 (w tym zawarte w nich dane osobowe u\u017cytkownika) mog\u0105 by\u0107 selektywnie przechowywane przez d\u0142u\u017cszy okres w celu ustalenia, wykonania lub obrony naszych roszcze\u0144 prawnych lub z powodu innego uzasadnionego interesu.<\/p>\n<p>&nbsp;<\/p>\n<h3>3.3 Systemy CCTV najemc\u00f3w<\/h3>\n<p>Informujemy, \u017ce niniejsza Polityka prywatno\u015bci nie ma zastosowania do system\u00f3w CCTV zainstalowanych wewn\u0105trz biur wynajmowanych przez naszych najemc\u00f3w (niezale\u017cnie od tego, czy jest to Tw\u00f3j pracodawca, sprzedawca, wykonawca czy partner biznesowy, kt\u00f3rego odwiedzasz).<\/p>\n<p>Wszyscy najemcy mog\u0105 instalowa\u0107 w\u0142asne systemy CCTV i kamery (zgodnie z naszym regulaminem), za kt\u00f3re nie ponosimy odpowiedzialno\u015bci. Mo\u017cemy r\u00f3wnie\u017c obs\u0142ugiwa\u0107 niekt\u00f3re kamery rozmieszczone przez najemc\u00f3w (w ich lokalach), w kt\u00f3rym to przypadku dzia\u0142amy jako podmiot przetwarzaj\u0105cy dane dla systemu CCTV takiego najemcy i nie ponosimy za niego odpowiedzialno\u015bci.<\/p>\n<p>Aby uzyska\u0107 wi\u0119cej informacji na temat przetwarzania danych przez takiego najemc\u0119, nale\u017cy si\u0119 z nim skontaktowa\u0107.<\/p>\n<p>&nbsp;<\/p>\n<h2>4 To\u017csamo\u015b\u0107 odwiedzaj\u0105cych i dost\u0119p ORAZ system parkingowy<\/h2>\n<h3>4.1 Odwiedzaj\u0105cy budynki<\/h3>\n<p>Ze wzgl\u0119d\u00f3w bezpiecze\u0144stwa wymagamy od wszystkich os\u00f3b odwiedzaj\u0105cych nasze budynki i lokale (w szczeg\u00f3lno\u015bci od okazjonalnych go\u015bci, kt\u00f3rzy nie s\u0105 na sta\u0142e zatrudnieni przez naszych najemc\u00f3w), aby si\u0119 wylegitymowali. Mo\u017cemy przetwarza\u0107 dane osobowe w celu prowadzenia dok\u0142adnej ewidencji os\u00f3b odwiedzaj\u0105cych nasze obiekty i zapewnienia odpowiednich warunk\u00f3w dost\u0119pu.<\/p>\n<p>W tym celu mo\u017cemy poprosi\u0107 u\u017cytkownika o podanie imienia i nazwiska, aby\u015bmy mogli sprawdzi\u0107 jego identyfikator. Mo\u017cemy w\u00f3wczas przechowywa\u0107 imi\u0119 i nazwisko u\u017cytkownika, dat\u0119 i godzin\u0119 wizyty, nazw\u0119 hosta oraz informacje o tym, \u017ce identyfikator u\u017cytkownika zosta\u0142 zweryfikowany (nie przechowujemy szczeg\u00f3\u0142\u00f3w identyfikatora), a tak\u017ce potencjalnie informacje o zezwoleniu na parkowanie.<\/p>\n<p>Podstaw\u0105 prawn\u0105 przetwarzania danych osobowych u\u017cytkownika jest nasz prawnie uzasadniony interes oraz prawnie uzasadnione interesy naszych najemc\u00f3w, polegaj\u0105ce na zapewnieniu integralno\u015bci i bezpiecze\u0144stwa budynk\u00f3w zarz\u0105dzanych przez CTP oraz znajduj\u0105cych si\u0119 w nich aktyw\u00f3w, w tym naszej w\u0142asno\u015bci, w\u0142asno\u015bci naszych najemc\u00f3w i ich otoczenia.<\/p>\n<p>Dane osobowe zwi\u0105zane z weryfikacj\u0105 to\u017csamo\u015bci odwiedzaj\u0105cych s\u0105 przechowywane przez jeden (1) miesi\u0105c.<\/p>\n<p>&nbsp;<\/p>\n<h3>4.2 System dost\u0119pu i parkowania<\/h3>\n<p>Obs\u0142ugujemy r\u00f3wnie\u017c system dost\u0119pu i parkowania w naszych budynkach, kt\u00f3ry umo\u017cliwia zaparkowanie samochodu i dost\u0119p do budynku bez konieczno\u015bci sprawdzania go jako go\u015bcia (patrz punkt 4.1 powy\u017cej). Z tych powod\u00f3w najemcy mog\u0105 przekazywa\u0107 nam okre\u015blone dane, kt\u00f3re b\u0119d\u0105 powi\u0105zane z kart\u0105 parkingow\u0105 i\/lub kart\u0105 dost\u0119pu.<\/p>\n<p>Informujemy, \u017ce nie ponosimy odpowiedzialno\u015bci za przetwarzanie danych osobowych zwi\u0105zanych z tymi systemami, w kt\u00f3rych dzia\u0142amy jedynie jako podmiot przetwarzaj\u0105cy dane. Aby uzyska\u0107 wi\u0119cej informacji na temat przetwarzania danych osobowych w tych celach, nale\u017cy skontaktowa\u0107 si\u0119 z odpowiedzialnym najemc\u0105 (pracodawc\u0105, sprzedawc\u0105, wykonawc\u0105 lub partnerem biznesowym, kt\u00f3ry u\u0142atwi\u0142 dost\u0119p i\/lub kart\u0119 parkingow\u0105).<\/p>\n<p>&nbsp;<\/p>\n<h2>5 UDOST\u0118PNIANIE I PRZEKAZYWANIE DANYCH OSOBOWYCH (ODBIORCY DANYCH OSOBOWYCH)<\/h2>\n<h3>5.1 Odbiorcy Danych Osobowych<\/h3>\n<p>Nagrania z systemu CCTV, jak r\u00f3wnie\u017c inne dane osobowe w naszych systemach dost\u0119pu lub systemach parkingowych mog\u0105 by\u0107 udost\u0119pniane niekt\u00f3rym stronom trzecim upowa\u017cnionym do obrony naszych roszcze\u0144 prawnych lub w celu zapewnienia bezpiecze\u0144stwa naszych najemc\u00f3w lub naszego mienia, a tak\u017ce niekt\u00f3rym organom publicznym. Tacy odbiorcy danych osobowych dzia\u0142aj\u0105 jako podmioty przetwarzaj\u0105ce dane osobowe lub inni administratorzy. Dane osobowe u\u017cytkownika mog\u0105 by\u0107 udost\u0119pniane<\/p>\n<ul>\n<li>w niezb\u0119dnym zakresie, w ramach Grupy CTP do cel\u00f3w administracyjnych;<\/li>\n<li>agencje ochrony w naszych budynkach;<\/li>\n<li>Dostawcy IT dla system\u00f3w CCTV, dost\u0119pu i parkowania;<\/li>\n<li>zewn\u0119trzni przedstawiciele prawni zobowi\u0105zani do zachowania poufno\u015bci w celu ochrony naszych uzasadnionych interes\u00f3w;<\/li>\n<li>organom \u015bcigania, s\u0105dom i organom administracyjnym zgodnie z naszymi obowi\u0105zkami prawnymi.<\/li>\n<\/ul>\n<p>Zawarli\u015bmy umowy dotycz\u0105ce przetwarzania danych osobowych z podmiotami przetwarzaj\u0105cymi dane osobowe, zgodnie z poprzednim akapitem (z wyj\u0105tkiem przypadk\u00f3w, w kt\u00f3rych zawarcie takiej umowy nie jest obowi\u0105zkowe, na przyk\u0142ad w przypadku przekazywania danych osobowych organom publicznym), kt\u00f3re zapewniaj\u0105 co najmniej taki sam poziom ich ochrony, jak niniejsza Polityka prywatno\u015bci.<\/p>\n<p>&nbsp;<\/p>\n<h2>6 BEZPIECZE\u0143STWO DANYCH<\/h2>\n<p>Wdro\u017cyli\u015bmy i utrzymujemy odpowiednie \u015brodki techniczne i organizacyjne, kontrole wewn\u0119trzne i procesy bezpiecze\u0144stwa informacji zgodnie z wymogami prawnymi i standardami rynkowymi odpowiadaj\u0105cymi mo\u017cliwemu zagro\u017ceniu dla u\u017cytkownika jako osoby, kt\u00f3rej dane dotycz\u0105. Bierzemy r\u00f3wnie\u017c pod uwag\u0119 stan rozwoju technologicznego w celu ochrony danych osobowych u\u017cytkownika przed przypadkow\u0105 utrat\u0105, zniszczeniem, zmianami, nieuprawnionym ujawnieniem lub dost\u0119pem. Takie \u015brodki mog\u0105 mi\u0119dzy innymi obejmowa\u0107 podj\u0119cie uzasadnionych krok\u00f3w w celu zapewnienia odpowiedzialno\u015bci odpowiednich pracownik\u00f3w, kt\u00f3rzy maj\u0105 dost\u0119p do danych u\u017cytkownika, szkolenie pracownik\u00f3w, regularne tworzenie kopii zapasowych, procedury odnawiania danych i zarz\u0105dzania incydentami, ochron\u0119 oprogramowania urz\u0105dze\u0144, na kt\u00f3rych przechowywane s\u0105 dane osobowe itp.<\/p>\n<p>&nbsp;<\/p>\n<h2>7 PRAWA U\u017bYTKOWNIKA JAKO OSOBY, KT\u00d3REJ DANE DOTYCZ\u0104<\/h2>\n<p>Je\u015bli u\u017cytkownik chce skorzysta\u0107 z kt\u00f3regokolwiek ze swoich praw zgodnie z niniejszym artyku\u0142em lub zgodnie z obowi\u0105zuj\u0105cymi przepisami, prosimy o kontakt z nami, korzystaj\u0105c z danych kontaktowych wymienionych w art. 2 powy\u017cej.<\/p>\n<p>Ponadto, w stosownych przypadkach, poinformujemy ka\u017cdego odbiorc\u0119, kt\u00f3remu dane zosta\u0142y przekazane zgodnie z art. 4 niniejszej Polityki prywatno\u015bci, o podj\u0119tych \u015brodkach lub usuni\u0119ciu danych osobowych lub ograniczeniu przetwarzania zgodnie z \u017c\u0105daniem u\u017cytkownika, je\u015bli takie powiadomienie jest mo\u017cliwe i \/ lub nie wymaga nieproporcjonalnego wysi\u0142ku.<\/p>\n<p>Je\u015bli chcesz skorzysta\u0107 ze swoich praw w odniesieniu do danych osobowych, do kt\u00f3rych mamy dost\u0119p wy\u0142\u0105cznie jako podmiot przetwarzaj\u0105cy dane (takich jak dane przechowywane w systemach dost\u0119pu lub parkowania), skontaktuj si\u0119 z odpowiedzialnym najemc\u0105.<\/p>\n<p>&nbsp;<\/p>\n<h3>7.1 Dost\u0119p do danych osobowych u\u017cytkownika<\/h3>\n<p>U\u017cytkownik ma prawo za\u017c\u0105da\u0107 informacji, czy i w jakim zakresie przetwarzamy jego dane osobowe. U\u017cytkownik ma r\u00f3wnie\u017c prawo do otrzymania danych osobowych, kt\u00f3re nam przekaza\u0142, oraz innych danych osobowych z nim zwi\u0105zanych.<\/p>\n<p>Dost\u0119p do danych u\u017cytkownika z systemu CCTV lub kopia tych danych zostan\u0105 udost\u0119pnione u\u017cytkownikowi wy\u0142\u0105cznie w przypadkach, gdy takie \u017c\u0105danie nie b\u0119dzie mia\u0142o negatywnego wp\u0142ywu na prawa i wolno\u015bci os\u00f3b trzecich oraz gdy b\u0119dziemy w stanie zidentyfikowa\u0107 cz\u0119\u015b\u0107 nagrania CCTV zawieraj\u0105c\u0105 dane osobowe u\u017cytkownika na podstawie informacji przekazanych nam przez u\u017cytkownika. Prawa os\u00f3b trzecich zostan\u0105 naruszone w szczeg\u00f3lno\u015bci w sytuacji, gdy \u017c\u0105dana cz\u0119\u015b\u0107 nagrania z kamery zawiera r\u00f3wnie\u017c dane osobowe tych os\u00f3b trzecich.<\/p>\n<p>&nbsp;<\/p>\n<h3>7.2 Ograniczenie przetwarzania<\/h3>\n<p>Je\u015bli u\u017cytkownik za\u017c\u0105da od nas ograniczenia przetwarzania jego danych osobowych, na przyk\u0142ad w przypadku zakwestionowania dok\u0142adno\u015bci, zgodno\u015bci z prawem lub konieczno\u015bci przetwarzania przez nas jego danych osobowych, ograniczymy przetwarzanie jego danych osobowych do niezb\u0119dnego minimum (przechowywanie), a w stosownych przypadkach b\u0119dziemy przetwarza\u0107 te dane wy\u0142\u0105cznie w celu ustalenia, dochodzenia lub obrony roszcze\u0144 prawnych lub w razie konieczno\u015bci w celu ochrony praw innej osoby fizycznej lub prawnej, lub z innych ograniczonych powod\u00f3w wymaganych przez obowi\u0105zuj\u0105ce prawo. W przypadku zniesienia ograniczenia i kontynuowania przetwarzania danych osobowych, u\u017cytkownik zostanie o tym poinformowany bez zb\u0119dnej zw\u0142oki.<\/p>\n<p>Wniosek o ograniczenie przetwarzania mo\u017cna z\u0142o\u017cy\u0107, korzystaj\u0105c z wy\u017cej wymienionych danych kontaktowych.<\/p>\n<p>&nbsp;<\/p>\n<h3>7.3 Sprzeciw wobec przetwarzania<\/h3>\n<p>U\u017cytkownik mo\u017ce sprzeciwi\u0107 si\u0119 przetwarzaniu danych. Je\u015bli nie wyka\u017cemy \u017cadnych istotnych uzasadnionych powod\u00f3w przetwarzania, kt\u00f3re by\u0142yby nadrz\u0119dne wobec interes\u00f3w lub praw i wolno\u015bci u\u017cytkownika, nie b\u0119dziemy ju\u017c przetwarza\u0107 jego danych osobowych i usuniemy je bez zb\u0119dnej zw\u0142oki.<\/p>\n<p>Sprzeciw wobec przetwarzania mo\u017cna zg\u0142osi\u0107, korzystaj\u0105c z wy\u017cej wymienionych danych kontaktowych.<\/p>\n<p>&nbsp;<\/p>\n<h3>7.4 Skarga do organu ochrony danych<\/h3>\n<p>Masz prawo wnie\u015b\u0107 skarg\u0119 w zwi\u0105zku z prowadzonym przez nas przetwarzaniem danych do w\u0142a\u015bciwego organu ochrony danych, tj.:<\/p>\n<p>&nbsp;<\/p>\n<p>Republika Czeska: Urz\u0105d Ochrony Danych Osobowych, Adres: Pplk. Sochora 27, 170 00 Praga 7; strona internetowa:\u00a0<a href=\"http:\/\/www.uoou.cz\/\">www.uoou.cz<\/a>.<\/p>\n<p>Austria: Austriacki Urz\u0105d Ochrony Danych (\u00d6sterreichische Datenschutzbeh\u00f6rde). Adres: Barichgasse 40-42, 1030 Wiede\u0144, Austria, <a href=\"http:\/\/www.data-protection-authority.gv.at\/\">http:\/\/www.data-protection-authority.gv.at\/<\/a><\/p>\n<p>Bu\u0142garia: Komisja ds. Ochrony Danych Osobowych (\u041a\u043e\u043c\u0438\u0441\u0438\u044f \u0437\u0430 \u0437\u0430\u0449\u0438\u0442\u0430 \u043d\u0430 \u043b\u0438\u0447\u043d\u0438\u0442\u0435 \u0434\u0430\u043d\u043d\u0438), Adres: 2, Prof. Tsvetan Lazarov Blvd., 1592 Sofia, Bu\u0142garia, <a href=\"http:\/\/www.cpdp.bg\/\">http:\/\/www.cpdp.bg\/<\/a><\/p>\n<p>Niemcy: Federalny Komisarz ds. Ochrony Danych i Wolno\u015bci Informacji (Bundesbeauftragter f\u00fcr den Datenschutz und die Informationsfreiheit), Adres: Husarenstra\u00dfe 30, 53117 Bonn, Niemcy, <a href=\"http:\/\/www.bfdi.bund.de\/EN\/Home\/home_node.html\">http:\/\/www.bfdi.bund.de\/EN\/Home\/home_node.html<\/a><\/p>\n<p>W\u0119gry: W\u0119gierski Krajowy Urz\u0105d ds. Ochrony Danych i Wolno\u015bci Informacji (Nemzeti Adatv\u00e9delmi \u00e9s Inform\u00e1ci\u00f3szabads\u00e1g Hat\u00f3s\u00e1g), Adres: Falk Miksa utca 9-11, H-1055 Budapeszt, W\u0119gry, <a href=\"http:\/\/www.naih.hu\/about-the-authority\">http:\/\/www.naih.hu\/about-the-authority<\/a><\/p>\n<p>Polska: Urz\u0105d Prezesa Ochrony Danych Osobowych, Adres: Stawki 2, 00-193 Warszawa, Polska, <a href=\"http:\/\/uodo.gov.pl\/en\">http:\/\/uodo.gov.pl\/en<\/a><\/p>\n<p>Serbia: Komisarz ds. informacji o znaczeniu publicznym i ochrony danych osobowych (Poverenik za informacije od javnog zna\u010daja i za\u0161titu podataka o li\u010dnosti), adres: Bulevar kralja Aleksandra 15, 11000 Belgrad, Serbia, <a href=\"http:\/\/www.poverenik.rs\/\">http:\/\/www.poverenik.rs\/<\/a><\/p>\n<p>S\u0142owacja: Urz\u0105d Ochrony Danych Osobowych Republiki S\u0142owackiej (\u00darad na ochranu osobn\u00fdch \u00fadajov Slovenskej republiky), Adres: Hrani\u010dn\u00e1 12, 820 07 Bratys\u0142awa, S\u0142owacja, <a href=\"https:\/\/dataprotection.gov.sk\/en\/\">https:\/\/dataprotection.gov.sk\/en\/<\/a><\/p>\n<p>Rumunia: Krajowy Organ Nadzorczy ds. Przetwarzania Danych Osobowych (Autoritatea Na\u021bional\u0103 de Supraveghere a Prelucr\u0103rii Datelor cu Caracter Personal), Adres: B-dul Magheru 28-30, Sector 1, 010336 Bukareszt, Rumunia, <a href=\"http:\/\/www.dataprotection.ro\/\">http:\/\/www.dataprotection.ro\/<\/a><\/p>\n<p>Holandia: Holenderski Organ Ochrony Danych (Autoriteit Persoonsgegevens), Adres: Bezuidenhoutseweg 30, 2594 AV Haga, Holandia, <a href=\"http:\/\/autoriteitpersoonsgegevens.nl\/\">http:\/\/autoriteitpersoonsgegevens.nl\/<\/a><\/p>\n<p>&nbsp;<\/p>\n<p>&nbsp;<\/p>\n<h2>8 AKTUALIZACJE POLITYKI PRYWATNO\u015aCI<\/h2>\n<p>Od czasu do czasu mo\u017cemy modyfikowa\u0107 lub aktualizowa\u0107 Polityk\u0119 prywatno\u015bci. Wszelkie zmiany w niniejszej Polityce prywatno\u015bci wchodz\u0105 w \u017cycie wraz z publikacj\u0105 zaktualizowanej Polityki prywatno\u015bci pod adresem <a href=\"https:\/\/ctp.eu\/pl\/cctv-policy\/\">https:\/\/ctp.eu\/cctv-policy\/<\/a>.<\/p>\n<\/div>\n<style>.policy p{color: #737373;}.policy ul{font-size: 16px;  line-height: 26px;  margin-bottom: 10px;  margin-left: 15px;} .policy a{color: #e94e1b;}<\/style>","protected":false},"excerpt":{"rendered":"<p>1. POSTANOWIENIA OG\u00d3LNE Zobowi\u0105zujemy si\u0119 szanowa\u0107 prywatno\u015b\u0107 u\u017cytkownik\u00f3w i chroni\u0107 ich dane osobowe, czyli wszelkie informacje, kt\u00f3re<\/p>","protected":false},"author":67,"featured_media":0,"parent":6125,"menu_order":0,"comment_status":"closed","ping_status":"closed","template":"","meta":{"_acf_changed":false,"footnotes":""},"class_list":["post-5570","page","type-page","status-publish","hentry"],"acf":[],"yoast_head":"<title>CCTV and visitors privacy policy - Commercial Real Estate Developer And Manager<\/title>\n<meta name=\"robots\" content=\"index, follow, max-snippet:-1, max-image-preview:large, max-video-preview:-1\" \/>\n<link rel=\"canonical\" href=\"https:\/\/ctp.eu\/pl\/ctp-policies\/cctv-policy\/\" \/>\n<meta property=\"og:locale\" content=\"pl_PL\" \/>\n<meta property=\"og:type\" content=\"article\" \/>\n<meta property=\"og:title\" content=\"CCTV and visitors privacy policy\" \/>\n<meta property=\"og:description\" content=\"1. GENERAL PROVISIONS We are committed to respecting your privacy and protecting your personal data, which is any information that\" \/>\n<meta property=\"og:url\" content=\"https:\/\/ctp.eu\/pl\/ctp-policies\/cctv-policy\/\" \/>\n<meta property=\"og:site_name\" content=\"Commercial Real Estate Developer And Manager\" \/>\n<meta property=\"article:modified_time\" content=\"2024-06-18T13:40:17+00:00\" \/>\n<meta name=\"twitter:card\" content=\"summary_large_image\" \/>\n<meta name=\"twitter:label1\" content=\"Szacowany czas czytania\" \/>\n\t<meta name=\"twitter:data1\" content=\"9 minut\" \/>\n<script type=\"application\/ld+json\" class=\"yoast-schema-graph\">{\"@context\":\"https:\\\/\\\/schema.org\",\"@graph\":[{\"@type\":\"WebPage\",\"@id\":\"https:\\\/\\\/ctp.eu\\\/ctp-policies\\\/cctv-policy\\\/\",\"url\":\"https:\\\/\\\/ctp.eu\\\/ctp-policies\\\/cctv-policy\\\/\",\"name\":\"CCTV and visitors privacy policy - Commercial Real Estate Developer And Manager\",\"isPartOf\":{\"@id\":\"https:\\\/\\\/ctp.eu\\\/#website\"},\"datePublished\":\"2019-06-03T12:24:30+00:00\",\"dateModified\":\"2024-06-18T13:40:17+00:00\",\"breadcrumb\":{\"@id\":\"https:\\\/\\\/ctp.eu\\\/ctp-policies\\\/cctv-policy\\\/#breadcrumb\"},\"inLanguage\":\"pl-PL\",\"potentialAction\":[{\"@type\":\"ReadAction\",\"target\":[\"https:\\\/\\\/ctp.eu\\\/ctp-policies\\\/cctv-policy\\\/\"]}]},{\"@type\":\"BreadcrumbList\",\"@id\":\"https:\\\/\\\/ctp.eu\\\/ctp-policies\\\/cctv-policy\\\/#breadcrumb\",\"itemListElement\":[{\"@type\":\"ListItem\",\"position\":1,\"name\":\"Home\",\"item\":\"https:\\\/\\\/ctp.eu\\\/\"},{\"@type\":\"ListItem\",\"position\":2,\"name\":\"CTP Policies\",\"item\":\"https:\\\/\\\/ctp.eu\\\/ctp-policies\\\/\"},{\"@type\":\"ListItem\",\"position\":3,\"name\":\"CCTV and visitors privacy policy\"}]},{\"@type\":\"WebSite\",\"@id\":\"https:\\\/\\\/ctp.eu\\\/#website\",\"url\":\"https:\\\/\\\/ctp.eu\\\/\",\"name\":\"Commercial Real Estate Developer And Manager\",\"description\":\"CTP - premium industrial warehouse and office buildings\",\"publisher\":{\"@id\":\"https:\\\/\\\/ctp.eu\\\/#organization\"},\"potentialAction\":[{\"@type\":\"SearchAction\",\"target\":{\"@type\":\"EntryPoint\",\"urlTemplate\":\"https:\\\/\\\/ctp.eu\\\/?s={search_term_string}\"},\"query-input\":{\"@type\":\"PropertyValueSpecification\",\"valueRequired\":true,\"valueName\":\"search_term_string\"}}],\"inLanguage\":\"pl-PL\"},{\"@type\":\"Organization\",\"@id\":\"https:\\\/\\\/ctp.eu\\\/#organization\",\"name\":\"CTP\",\"url\":\"https:\\\/\\\/ctp.eu\\\/\",\"logo\":{\"@type\":\"ImageObject\",\"inLanguage\":\"pl-PL\",\"@id\":\"https:\\\/\\\/ctp.eu\\\/#\\\/schema\\\/logo\\\/image\\\/\",\"url\":\"\",\"contentUrl\":\"\",\"caption\":\"CTP\"},\"image\":{\"@id\":\"https:\\\/\\\/ctp.eu\\\/#\\\/schema\\\/logo\\\/image\\\/\"}}]}<\/script>","yoast_head_json":{"title":"CCTV i polityka prywatno\u015bci odwiedzaj\u0105cych - Deweloper i zarz\u0105dca nieruchomo\u015bci komercyjnych","robots":{"index":"index","follow":"follow","max-snippet":"max-snippet:-1","max-image-preview":"max-image-preview:large","max-video-preview":"max-video-preview:-1"},"canonical":"https:\/\/ctp.eu\/pl\/ctp-policies\/cctv-policy\/","og_locale":"pl_PL","og_type":"article","og_title":"CCTV and visitors privacy policy","og_description":"1. GENERAL PROVISIONS We are committed to respecting your privacy and protecting your personal data, which is any information that","og_url":"https:\/\/ctp.eu\/pl\/ctp-policies\/cctv-policy\/","og_site_name":"Commercial Real Estate Developer And Manager","article_modified_time":"2024-06-18T13:40:17+00:00","twitter_card":"summary_large_image","twitter_misc":{"Szacowany czas czytania":"9 minut"},"schema":{"@context":"https:\/\/schema.org","@graph":[{"@type":"WebPage","@id":"https:\/\/ctp.eu\/ctp-policies\/cctv-policy\/","url":"https:\/\/ctp.eu\/ctp-policies\/cctv-policy\/","name":"CCTV i polityka prywatno\u015bci odwiedzaj\u0105cych - Deweloper i zarz\u0105dca nieruchomo\u015bci komercyjnych","isPartOf":{"@id":"https:\/\/ctp.eu\/#website"},"datePublished":"2019-06-03T12:24:30+00:00","dateModified":"2024-06-18T13:40:17+00:00","breadcrumb":{"@id":"https:\/\/ctp.eu\/ctp-policies\/cctv-policy\/#breadcrumb"},"inLanguage":"pl-PL","potentialAction":[{"@type":"ReadAction","target":["https:\/\/ctp.eu\/ctp-policies\/cctv-policy\/"]}]},{"@type":"BreadcrumbList","@id":"https:\/\/ctp.eu\/ctp-policies\/cctv-policy\/#breadcrumb","itemListElement":[{"@type":"ListItem","position":1,"name":"Home","item":"https:\/\/ctp.eu\/"},{"@type":"ListItem","position":2,"name":"CTP Policies","item":"https:\/\/ctp.eu\/ctp-policies\/"},{"@type":"ListItem","position":3,"name":"CCTV and visitors privacy policy"}]},{"@type":"WebSite","@id":"https:\/\/ctp.eu\/#website","url":"https:\/\/ctp.eu\/","name":"Deweloper i zarz\u0105dca nieruchomo\u015bci komercyjnych","description":"CTP - magazyny przemys\u0142owe i budynki biurowe klasy premium","publisher":{"@id":"https:\/\/ctp.eu\/#organization"},"potentialAction":[{"@type":"SearchAction","target":{"@type":"EntryPoint","urlTemplate":"https:\/\/ctp.eu\/?s={search_term_string}"},"query-input":{"@type":"PropertyValueSpecification","valueRequired":true,"valueName":"search_term_string"}}],"inLanguage":"pl-PL"},{"@type":"Organization","@id":"https:\/\/ctp.eu\/#organization","name":"CTP","url":"https:\/\/ctp.eu\/","logo":{"@type":"ImageObject","inLanguage":"pl-PL","@id":"https:\/\/ctp.eu\/#\/schema\/logo\/image\/","url":"","contentUrl":"","caption":"CTP"},"image":{"@id":"https:\/\/ctp.eu\/#\/schema\/logo\/image\/"}}]}},"_links":{"self":[{"href":"https:\/\/ctp.eu\/pl\/wp-json\/wp\/v2\/pages\/5570","targetHints":{"allow":["GET"]}}],"collection":[{"href":"https:\/\/ctp.eu\/pl\/wp-json\/wp\/v2\/pages"}],"about":[{"href":"https:\/\/ctp.eu\/pl\/wp-json\/wp\/v2\/types\/page"}],"author":[{"embeddable":true,"href":"https:\/\/ctp.eu\/pl\/wp-json\/wp\/v2\/users\/67"}],"replies":[{"embeddable":true,"href":"https:\/\/ctp.eu\/pl\/wp-json\/wp\/v2\/comments?post=5570"}],"version-history":[{"count":4,"href":"https:\/\/ctp.eu\/pl\/wp-json\/wp\/v2\/pages\/5570\/revisions"}],"predecessor-version":[{"id":95081,"href":"https:\/\/ctp.eu\/pl\/wp-json\/wp\/v2\/pages\/5570\/revisions\/95081"}],"up":[{"embeddable":true,"href":"https:\/\/ctp.eu\/pl\/wp-json\/wp\/v2\/pages\/6125"}],"wp:attachment":[{"href":"https:\/\/ctp.eu\/pl\/wp-json\/wp\/v2\/media?parent=5570"}],"curies":[{"name":"wp","href":"https:\/\/api.w.org\/{rel}","templated":true}]}}