{"id":33,"date":"2018-04-09T14:06:52","date_gmt":"2018-04-09T12:06:52","guid":{"rendered":"https:\/\/www.ctp.eu\/?page_id=33"},"modified":"2025-08-07T12:45:34","modified_gmt":"2025-08-07T10:45:34","slug":"about-us-old-2","status":"publish","type":"page","link":"https:\/\/ctp.eu\/pl\/about-us-old-2\/","title":{"rendered":"Tworzymy parki"},"content":{"rendered":"<p><span>Odk\u0105d zacz\u0119li\u015bmy robi\u0107 to, co robimy, stali\u015bmy si\u0119 w tym ca\u0142kiem dobrzy - projektuj\u0105c, buduj\u0105c i zarz\u0105dzaj\u0105c parkami biznesowymi dla naszych najemc\u00f3w. Oto dow\u00f3d.<\/span><\/p>\n<p>&nbsp;<\/p>\n<h2 class=\"ctp-red weight-normal\">Nasi najemcy nas kochaj\u0105<\/h2>\n<p>Nasz 1<span>,<\/span>Sie\u0107 najemc\u00f3w 000+ ma wska\u017anik retencji 92%, a 8<span>0<\/span>% naszej nowej dzia\u0142alno\u015bci pochodzi od naszej istniej\u0105cej sieci najemc\u00f3w. Oznacza to, \u017ce gdy oni rosn\u0105, my ro\u015bniemy. A oni decyduj\u0105 si\u0119 rosn\u0105\u0107 razem z nami. Jednym z powod\u00f3w jest to, \u017ce jeste\u015bmy deweloperem typu build-to-own, co oznacza, \u017ce kiedy co\u015b budujemy, budujemy to zgodnie z najwy\u017cszymi standardami jako\u015bci, aby zapewni\u0107 trwa\u0142o\u015b\u0107: nasze budynki maj\u0105 \u015bredni\u0105 \u017cywotno\u015b\u0107 40 lat. Wszystko, co dostarczamy, pochodzi od naszego wewn\u0119trznego zespo\u0142u, aby zagwarantowa\u0107, \u017ce spe\u0142nia on z\u0142oty standard CTP. Dbamy o nasze budynki i parki, oferuj\u0105c pe\u0142en zakres us\u0142ug - w tym zarz\u0105dzanie obiektami na miejscu, kszta\u0142towanie krajobrazu, ca\u0142odobow\u0105 ochron\u0119 i nie tylko - aby umo\u017cliwi\u0107 naszym najemcom skupienie si\u0119 na tym, co robi\u0105 najlepiej.<\/p>\n<p>&nbsp;<\/p>\n<h2 class=\"ctp-red weight-normal\">Wzrost, kt\u00f3ry wci\u0105\u017c ro\u015bnie<\/h2>\n<p><span>Od momentu powstania konsekwentnie i nieprzerwanie rozwijamy si\u0119 organicznie, a ka\u017cdy kolejny rok wydaje si\u0119 by\u0107 jeszcze wi\u0119kszy ni\u017c poprzedni. Obecnie jeste\u015bmy najwi\u0119kszym notowanym na gie\u0142dzie deweloperem i zarz\u0105dc\u0105 nieruchomo\u015bci logistycznych i przemys\u0142owych w Europie kontynentalnej. Ten wzrost nie jest przypadkowy. Strategicznie pozycjonujemy si\u0119 tak, aby rozwija\u0107 si\u0119 we w\u0142a\u015bciwym miejscu i czasie. <\/span><\/p>\n<p>&nbsp;<\/p>\n<h2 class=\"ctp-red weight-normal\">Zr\u00f3wnowa\u017cony rozw\u00f3j na zwyci\u0119stwo<\/h2>\n<p><span>Przy ca\u0142ym tym dynamicznym rozwoju k\u0142adziemy nacisk na stosowanie wiod\u0105cych w bran\u017cy standard\u00f3w i najlepszych innowacji, aby zapewni\u0107, \u017ce nasze parki dzia\u0142aj\u0105 z maksymaln\u0105 wydajno\u015bci\u0105 i przy jak najmniejszym wp\u0142ywie na \u015brodowisko. Ka\u017cdy metr kwadratowy naszego portfolio posiada certyfikat BREEAM na poziomie \"Very Good\" lub wy\u017cszym; instalujemy systemy fotowoltaiczne na naszych dachach, aby zasila\u0107 nasze parki i zasila\u0107 g\u0142\u00f3wn\u0105 sie\u0107; i konsekwentnie wykorzystujemy najnowsze technologie i metody, aby pom\u00f3c zmniejszy\u0107 wp\u0142yw naszych park\u00f3w na \u015brodowisko, w tym dzi\u0119ki najnowocze\u015bniejszym systemom zarz\u0105dzania budynkami i rozwi\u0105zaniom gospodarki o obiegu zamkni\u0119tym. Wi\u0119cej informacji mo\u017cna znale\u017a\u0107 w naszej sekcji po\u015bwi\u0119conej zr\u00f3wnowa\u017conemu rozwojowi.<\/span><\/p>","protected":false},"excerpt":{"rendered":"<p>Odk\u0105d zacz\u0119li\u015bmy robi\u0107 to, co robimy, stali\u015bmy si\u0119 w tym ca\u0142kiem dobrzy - projektuj\u0105c, buduj\u0105c i zarz\u0105dzaj\u0105c parkami biznesowymi dla naszych klient\u00f3w.<\/p>","protected":false},"author":67,"featured_media":12410,"parent":0,"menu_order":0,"comment_status":"closed","ping_status":"closed","template":"templates\/about-us.php","meta":{"_acf_changed":false,"footnotes":""},"class_list":["post-33","page","type-page","status-publish","has-post-thumbnail","hentry"],"acf":[],"yoast_head":"<title>We make parks - Premium Industrial Warehouses and Logistics Parks<\/title>\n<meta name=\"description\" content=\"CTP is the industrial property developer and manager. It operates the largest network of premium industrial warehouses and logistics parks in CEE region.\" \/>\n<meta name=\"robots\" content=\"index, follow, max-snippet:-1, max-image-preview:large, max-video-preview:-1\" \/>\n<link rel=\"canonical\" href=\"https:\/\/ctp.eu\/pl\/about-us-old-2\/\" \/>\n<meta property=\"og:locale\" content=\"pl_PL\" \/>\n<meta property=\"og:type\" content=\"article\" \/>\n<meta property=\"og:title\" content=\"We make parks\" \/>\n<meta property=\"og:description\" content=\"CTP is the industrial property developer and manager. It operates the largest network of premium industrial warehouses and logistics parks in CEE region.\" \/>\n<meta property=\"og:url\" content=\"https:\/\/ctp.eu\/pl\/about-us-old-2\/\" \/>\n<meta property=\"og:site_name\" content=\"Commercial Real Estate Developer And Manager\" \/>\n<meta property=\"article:modified_time\" content=\"2025-08-07T10:45:34+00:00\" \/>\n<meta property=\"og:image\" content=\"https:\/\/ctp.eu\/wp-content\/uploads\/2021\/01\/by-ctp-social.jpg\" \/>\n\t<meta property=\"og:image:width\" content=\"1600\" \/>\n\t<meta property=\"og:image:height\" content=\"836\" \/>\n\t<meta property=\"og:image:type\" content=\"image\/jpeg\" \/>\n<meta name=\"twitter:card\" content=\"summary_large_image\" \/>\n<meta name=\"twitter:label1\" content=\"Szacowany czas czytania\" \/>\n\t<meta name=\"twitter:data1\" content=\"2 minuty\" \/>\n<script type=\"application\/ld+json\" class=\"yoast-schema-graph\">{\"@context\":\"https:\\\/\\\/schema.org\",\"@graph\":[{\"@type\":\"WebPage\",\"@id\":\"https:\\\/\\\/ctp.eu\\\/about-us-old-2\\\/\",\"url\":\"https:\\\/\\\/ctp.eu\\\/about-us-old-2\\\/\",\"name\":\"We make parks - Premium Industrial Warehouses and Logistics Parks\",\"isPartOf\":{\"@id\":\"https:\\\/\\\/ctp.eu\\\/#website\"},\"primaryImageOfPage\":{\"@id\":\"https:\\\/\\\/ctp.eu\\\/about-us-old-2\\\/#primaryimage\"},\"image\":{\"@id\":\"https:\\\/\\\/ctp.eu\\\/about-us-old-2\\\/#primaryimage\"},\"thumbnailUrl\":\"https:\\\/\\\/ctp.eu\\\/wp-content\\\/uploads\\\/2021\\\/01\\\/by-ctp-social.jpg\",\"datePublished\":\"2018-04-09T12:06:52+00:00\",\"dateModified\":\"2025-08-07T10:45:34+00:00\",\"description\":\"CTP is the industrial property developer and manager. It operates the largest network of premium industrial warehouses and logistics parks in CEE region.\",\"breadcrumb\":{\"@id\":\"https:\\\/\\\/ctp.eu\\\/about-us-old-2\\\/#breadcrumb\"},\"inLanguage\":\"pl-PL\",\"potentialAction\":[{\"@type\":\"ReadAction\",\"target\":[\"https:\\\/\\\/ctp.eu\\\/about-us-old-2\\\/\"]}]},{\"@type\":\"ImageObject\",\"inLanguage\":\"pl-PL\",\"@id\":\"https:\\\/\\\/ctp.eu\\\/about-us-old-2\\\/#primaryimage\",\"url\":\"https:\\\/\\\/ctp.eu\\\/wp-content\\\/uploads\\\/2021\\\/01\\\/by-ctp-social.jpg\",\"contentUrl\":\"https:\\\/\\\/ctp.eu\\\/wp-content\\\/uploads\\\/2021\\\/01\\\/by-ctp-social.jpg\",\"width\":1600,\"height\":836},{\"@type\":\"BreadcrumbList\",\"@id\":\"https:\\\/\\\/ctp.eu\\\/about-us-old-2\\\/#breadcrumb\",\"itemListElement\":[{\"@type\":\"ListItem\",\"position\":1,\"name\":\"Home\",\"item\":\"https:\\\/\\\/ctp.eu\\\/\"},{\"@type\":\"ListItem\",\"position\":2,\"name\":\"We make parks\"}]},{\"@type\":\"WebSite\",\"@id\":\"https:\\\/\\\/ctp.eu\\\/#website\",\"url\":\"https:\\\/\\\/ctp.eu\\\/\",\"name\":\"Commercial Real Estate Developer And Manager\",\"description\":\"CTP - premium industrial warehouse and office buildings\",\"publisher\":{\"@id\":\"https:\\\/\\\/ctp.eu\\\/#organization\"},\"potentialAction\":[{\"@type\":\"SearchAction\",\"target\":{\"@type\":\"EntryPoint\",\"urlTemplate\":\"https:\\\/\\\/ctp.eu\\\/?s={search_term_string}\"},\"query-input\":{\"@type\":\"PropertyValueSpecification\",\"valueRequired\":true,\"valueName\":\"search_term_string\"}}],\"inLanguage\":\"pl-PL\"},{\"@type\":\"Organization\",\"@id\":\"https:\\\/\\\/ctp.eu\\\/#organization\",\"name\":\"CTP\",\"url\":\"https:\\\/\\\/ctp.eu\\\/\",\"logo\":{\"@type\":\"ImageObject\",\"inLanguage\":\"pl-PL\",\"@id\":\"https:\\\/\\\/ctp.eu\\\/#\\\/schema\\\/logo\\\/image\\\/\",\"url\":\"\",\"contentUrl\":\"\",\"caption\":\"CTP\"},\"image\":{\"@id\":\"https:\\\/\\\/ctp.eu\\\/#\\\/schema\\\/logo\\\/image\\\/\"}}]}<\/script>","yoast_head_json":{"title":"Tworzymy parki - magazyny przemys\u0142owe i parki logistyczne klasy premium","description":"CTP jest deweloperem i zarz\u0105dc\u0105 nieruchomo\u015bci przemys\u0142owych. Zarz\u0105dza najwi\u0119ksz\u0105 sieci\u0105 magazyn\u00f3w przemys\u0142owych klasy premium i park\u00f3w logistycznych w regionie Europy \u015arodkowo-Wschodniej.","robots":{"index":"index","follow":"follow","max-snippet":"max-snippet:-1","max-image-preview":"max-image-preview:large","max-video-preview":"max-video-preview:-1"},"canonical":"https:\/\/ctp.eu\/pl\/about-us-old-2\/","og_locale":"pl_PL","og_type":"article","og_title":"We make parks","og_description":"CTP is the industrial property developer and manager. It operates the largest network of premium industrial warehouses and logistics parks in CEE region.","og_url":"https:\/\/ctp.eu\/pl\/about-us-old-2\/","og_site_name":"Commercial Real Estate Developer And Manager","article_modified_time":"2025-08-07T10:45:34+00:00","og_image":[{"width":1600,"height":836,"url":"https:\/\/ctp.eu\/wp-content\/uploads\/2021\/01\/by-ctp-social.jpg","type":"image\/jpeg"}],"twitter_card":"summary_large_image","twitter_misc":{"Szacowany czas czytania":"2 minuty"},"schema":{"@context":"https:\/\/schema.org","@graph":[{"@type":"WebPage","@id":"https:\/\/ctp.eu\/about-us-old-2\/","url":"https:\/\/ctp.eu\/about-us-old-2\/","name":"Tworzymy parki - magazyny przemys\u0142owe i parki logistyczne klasy premium","isPartOf":{"@id":"https:\/\/ctp.eu\/#website"},"primaryImageOfPage":{"@id":"https:\/\/ctp.eu\/about-us-old-2\/#primaryimage"},"image":{"@id":"https:\/\/ctp.eu\/about-us-old-2\/#primaryimage"},"thumbnailUrl":"https:\/\/ctp.eu\/wp-content\/uploads\/2021\/01\/by-ctp-social.jpg","datePublished":"2018-04-09T12:06:52+00:00","dateModified":"2025-08-07T10:45:34+00:00","description":"CTP jest deweloperem i zarz\u0105dc\u0105 nieruchomo\u015bci przemys\u0142owych. Zarz\u0105dza najwi\u0119ksz\u0105 sieci\u0105 magazyn\u00f3w przemys\u0142owych klasy premium i park\u00f3w logistycznych w regionie Europy \u015arodkowo-Wschodniej.","breadcrumb":{"@id":"https:\/\/ctp.eu\/about-us-old-2\/#breadcrumb"},"inLanguage":"pl-PL","potentialAction":[{"@type":"ReadAction","target":["https:\/\/ctp.eu\/about-us-old-2\/"]}]},{"@type":"ImageObject","inLanguage":"pl-PL","@id":"https:\/\/ctp.eu\/about-us-old-2\/#primaryimage","url":"https:\/\/ctp.eu\/wp-content\/uploads\/2021\/01\/by-ctp-social.jpg","contentUrl":"https:\/\/ctp.eu\/wp-content\/uploads\/2021\/01\/by-ctp-social.jpg","width":1600,"height":836},{"@type":"BreadcrumbList","@id":"https:\/\/ctp.eu\/about-us-old-2\/#breadcrumb","itemListElement":[{"@type":"ListItem","position":1,"name":"Home","item":"https:\/\/ctp.eu\/"},{"@type":"ListItem","position":2,"name":"We make parks"}]},{"@type":"WebSite","@id":"https:\/\/ctp.eu\/#website","url":"https:\/\/ctp.eu\/","name":"Deweloper i zarz\u0105dca nieruchomo\u015bci komercyjnych","description":"CTP - magazyny przemys\u0142owe i budynki biurowe klasy premium","publisher":{"@id":"https:\/\/ctp.eu\/#organization"},"potentialAction":[{"@type":"SearchAction","target":{"@type":"EntryPoint","urlTemplate":"https:\/\/ctp.eu\/?s={search_term_string}"},"query-input":{"@type":"PropertyValueSpecification","valueRequired":true,"valueName":"search_term_string"}}],"inLanguage":"pl-PL"},{"@type":"Organization","@id":"https:\/\/ctp.eu\/#organization","name":"CTP","url":"https:\/\/ctp.eu\/","logo":{"@type":"ImageObject","inLanguage":"pl-PL","@id":"https:\/\/ctp.eu\/#\/schema\/logo\/image\/","url":"","contentUrl":"","caption":"CTP"},"image":{"@id":"https:\/\/ctp.eu\/#\/schema\/logo\/image\/"}}]}},"_links":{"self":[{"href":"https:\/\/ctp.eu\/pl\/wp-json\/wp\/v2\/pages\/33","targetHints":{"allow":["GET"]}}],"collection":[{"href":"https:\/\/ctp.eu\/pl\/wp-json\/wp\/v2\/pages"}],"about":[{"href":"https:\/\/ctp.eu\/pl\/wp-json\/wp\/v2\/types\/page"}],"author":[{"embeddable":true,"href":"https:\/\/ctp.eu\/pl\/wp-json\/wp\/v2\/users\/67"}],"replies":[{"embeddable":true,"href":"https:\/\/ctp.eu\/pl\/wp-json\/wp\/v2\/comments?post=33"}],"version-history":[{"count":28,"href":"https:\/\/ctp.eu\/pl\/wp-json\/wp\/v2\/pages\/33\/revisions"}],"predecessor-version":[{"id":109961,"href":"https:\/\/ctp.eu\/pl\/wp-json\/wp\/v2\/pages\/33\/revisions\/109961"}],"wp:featuredmedia":[{"embeddable":true,"href":"https:\/\/ctp.eu\/pl\/wp-json\/wp\/v2\/media\/12410"}],"wp:attachment":[{"href":"https:\/\/ctp.eu\/pl\/wp-json\/wp\/v2\/media?parent=33"}],"curies":[{"name":"wp","href":"https:\/\/api.w.org\/{rel}","templated":true}]}}