{"id":31992,"date":"2021-10-26T07:26:11","date_gmt":"2021-10-26T05:26:11","guid":{"rendered":"https:\/\/www.ctp.eu\/?page_id=31992"},"modified":"2021-10-26T10:43:24","modified_gmt":"2021-10-26T08:43:24","slug":"takeover-disclaimer","status":"publish","type":"page","link":"https:\/\/ctp.eu\/pl\/investors\/takeover-offers\/takeover-disclaimer\/","title":{"rendered":"Zastrze\u017cenie"},"content":{"rendered":"<h2 class=\"investors-subtitle\">Zastrze\u017cenie<\/h2>\n<h3>Przej\u0119cie przez Deutsche Industrie REIT-AG i oferta wycofania z obrotu gie\u0142dowego<\/h3>\n<p>U\u017cytkownik wszed\u0142 na stron\u0119 internetow\u0105, kt\u00f3r\u0105 sp\u00f3\u0142ka CTP N.V. wyznaczy\u0142a do publikacji dokument\u00f3w i informacji w zwi\u0105zku z dobrowolnym publicznym przej\u0119ciem i ofert\u0105 wycofania z obrotu gie\u0142dowego zgodnie z niemieck\u0105 ustaw\u0105 o nabywaniu i przejmowaniu papier\u00f3w warto\u015bciowych (<em>Wertpapiererwerbs- und \u00dcbernahmegesetz<\/em>) (\"<strong>Wp\u00dcG<\/strong>\") dla wszystkich akcji Deutsche Industrie REIT-AG og\u0142oszonych w dniu 26 pa\u017adziernika 2021 r. (\"<strong>Oferta<\/strong>\").<\/p>\n<p>&nbsp; <\/p>\n<p><strong>Aby uzyska\u0107 dost\u0119p do dalszych informacji zwi\u0105zanych z Ofert\u0105, osoby odwiedzaj\u0105ce niniejsz\u0105 stron\u0119 internetow\u0105 proszone s\u0105 o potwierdzenie, na dole tej strony, zapoznania si\u0119 z nast\u0119puj\u0105cymi informacjami prawnymi.<\/strong><\/p>\n<p>&nbsp; <\/p>\n<p>CTP N.V. (\"<strong>Oferent<\/strong>\") publikuje na kolejnych stronach informacje dotycz\u0105ce Oferty. Oferta jest realizowana wy\u0142\u0105cznie zgodnie z obowi\u0105zuj\u0105cymi przepisami prawa Republiki Federalnej Niemiec, w szczeg\u00f3lno\u015bci Wp\u00dcG w zwi\u0105zku z niemieckim rozporz\u0105dzeniem w sprawie tre\u015bci dokument\u00f3w ofertowych, rozwa\u017ca\u0144 dotycz\u0105cych ofert przetargowych i ofert obowi\u0105zkowych oraz zwolnie\u0144 z obowi\u0105zku publikacji i z\u0142o\u017cenia oferty (<em>Wp\u00dcG-Angebotsverordnung<\/em>). Oferta nie jest przeprowadzana zgodnie z przepisami jurysdykcji innych ni\u017c jurysdykcja Republiki Federalnej Niemiec. W zwi\u0105zku z tym \u017cadne og\u0142oszenia, rejestracje, dopuszczenia lub zatwierdzenia Oferty i\/lub dokumentu ofertowego nie zosta\u0142y z\u0142o\u017cone, zorganizowane ani udzielone poza Republik\u0105 Federaln\u0105 Niemiec. Inwestorzy i posiadacze papier\u00f3w warto\u015bciowych Deutsche Industry REIT-AG nie mog\u0105 powo\u0142ywa\u0107 si\u0119 na przepisy dotycz\u0105ce ochrony inwestor\u00f3w obowi\u0105zuj\u0105ce w jurysdykcji innej ni\u017c Republika Federalna Niemiec. \u017badna ameryka\u0144ska federalna lub stanowa komisja papier\u00f3w warto\u015bciowych ani organ regulacyjny nie zatwierdzi\u0142 ani nie odrzuci\u0142 Oferty i\/lub dokumentu ofertowego, ani nie wyda\u0142 opinii na temat adekwatno\u015bci lub dok\u0142adno\u015bci informacji zawartych w dokumentach zwi\u0105zanych z ofert\u0105. Wszelkie o\u015bwiadczenia o tre\u015bci przeciwnej stanowi\u0105 przest\u0119pstwo w Stanach Zjednoczonych Ameryki (\"<strong>Stany Zjednoczone<\/strong>\").<\/p>\n<p>&nbsp; <\/p>\n<p>Z zastrze\u017ceniem wyj\u0105tk\u00f3w opisanych w dokumencie ofertowym, a tak\u017ce wszelkich zwolnie\u0144, kt\u00f3re mog\u0105 zosta\u0107 przyznane przez w\u0142a\u015bciwy organ regulacyjny, oferta przej\u0119cia lub wycofania z obrotu gie\u0142dowego nie jest sk\u0142adana bezpo\u015brednio ani po\u015brednio w \u017cadnej jurysdykcji, w kt\u00f3rej stanowi\u0142oby to naruszenie przepis\u00f3w krajowych takiej jurysdykcji.<\/p>\n<p>&nbsp; <\/p>\n<p>Oferta skutkuje nabyciem papier\u00f3w warto\u015bciowych sp\u00f3\u0142ki niemieckiej i podlega niemieckim wymogom informacyjnym, kt\u00f3re r\u00f3\u017cni\u0105 si\u0119 od wymog\u00f3w obowi\u0105zuj\u0105cych w Stanach Zjednoczonych. Informacje finansowe zawarte lub przywo\u0142ane w dokumentach ofertowych zosta\u0142y sporz\u0105dzone zgodnie z innymi ni\u017c ameryka\u0144skie standardami rachunkowo\u015bci i w zwi\u0105zku z tym mog\u0105 nie by\u0107 por\u00f3wnywalne z informacjami finansowymi sp\u00f3\u0142ek ameryka\u0144skich lub sp\u00f3\u0142ek, kt\u00f3rych sprawozdania finansowe s\u0105 sporz\u0105dzane zgodnie z og\u00f3lnie przyj\u0119tymi zasadami rachunkowo\u015bci w Stanach Zjednoczonych.<\/p>\n<p>&nbsp; <\/p>\n<p>Oferta jest sk\u0142adana w Stanach Zjednoczonych zgodnie ze zwolnieniem z ameryka\u0144skich zasad dotycz\u0105cych ofert przetargowych przewidzianych w zasadzie 14d-1(c) na mocy ameryka\u0144skiej ustawy o obrocie papierami warto\u015bciowymi z 1934 r., z p\u00f3\u017aniejszymi zmianami (\"Ustawa o obrocie papierami warto\u015bciowymi z 1934 r.\").<strong>Ameryka\u0144ska ustawa o obrocie papierami warto\u015bciowymi<\/strong>\"), a emisja akcji jest dokonywana na podstawie zwolnienia z rejestracji przewidzianego w zasadzie 802 ameryka\u0144skiej ustawy o papierach warto\u015bciowych z 1933 r., z p\u00f3\u017aniejszymi zmianami (\"Ustawa o papierach warto\u015bciowych z 1933 r.\").<strong>Ameryka\u0144ska ustawa o papierach warto\u015bciowych<\/strong>\"), a Oferta jest realizowana zgodnie z obowi\u0105zuj\u0105cymi wymogami regulacyjnymi w Niemczech. W zwi\u0105zku z tym Oferta podlega wymogom dotycz\u0105cym ujawniania informacji i innym wymogom proceduralnym, w tym w odniesieniu do praw do odst\u0105pienia od umowy, harmonogramu oferty, procedur rozliczeniowych i termin\u00f3w p\u0142atno\u015bci, kt\u00f3re r\u00f3\u017cni\u0105 si\u0119 od tych obowi\u0105zuj\u0105cych w ramach krajowych procedur i prawa ameryka\u0144skiego.<\/p>\n<p>&nbsp; <\/p>\n<p>Ameryka\u0144scy posiadacze akcji mog\u0105 mie\u0107 trudno\u015bci z egzekwowaniem swoich praw i wszelkich roszcze\u0144 wynikaj\u0105cych z ameryka\u0144skich federalnych przepis\u00f3w dotycz\u0105cych papier\u00f3w warto\u015bciowych, poniewa\u017c CTP N.V. i Deutsche Industrie REIT-AG maj\u0105 siedzib\u0119 w kraju innym ni\u017c Stany Zjednoczone, a niekt\u00f3rzy lub wszyscy ich cz\u0142onkowie zarz\u0105du i dyrektorzy mog\u0105 by\u0107 rezydentami kraju innego ni\u017c Stany Zjednoczone. Ameryka\u0144scy posiadacze akcji mog\u0105 nie by\u0107 w stanie pozwa\u0107 sp\u00f3\u0142ki spoza Stan\u00f3w Zjednoczonych, jej cz\u0142onk\u00f3w zarz\u0105du lub dyrektor\u00f3w w s\u0105dzie spoza Stan\u00f3w Zjednoczonych za naruszenie ameryka\u0144skich przepis\u00f3w dotycz\u0105cych papier\u00f3w warto\u015bciowych. Ponadto mo\u017ce by\u0107 trudno zmusi\u0107 sp\u00f3\u0142k\u0119 spoza USA i jej podmioty stowarzyszone do poddania si\u0119 wyrokowi s\u0105du ameryka\u0144skiego.<\/p>\n<p>&nbsp; <\/p>\n<p>Og\u0142oszenia publikowane na niniejszej stronie internetowej nie stanowi\u0105 zaproszenia do sprzeda\u017cy ani oferty wymiany papier\u00f3w warto\u015bciowych Deutsche Industrie REIT-AG lub Oferenta. Z wyj\u0105tkiem publikacji dokumentu ofertowego, og\u0142oszenia publikowane na tej stronie internetowej nie stanowi\u0105 r\u00f3wnie\u017c oferty zakupu lub wymiany udzia\u0142\u00f3w w Deutsche Industrie REIT-AG lub Oferencie.<\/p>\n<p>&nbsp; <\/p>\n<p>W zakresie dozwolonym przez obowi\u0105zuj\u0105ce przepisy prawa lub regulacje oraz zgodnie z niemieck\u0105 praktyk\u0105 rynkow\u0105 Oferent lub jego po\u015brednicy mog\u0105 nabywa\u0107 lub zawiera\u0107 umowy nabycia papier\u00f3w warto\u015bciowych w Deutsche Industrie REIT-AG, bezpo\u015brednio lub po\u015brednio, poza Ofert\u0105, przed, w trakcie lub po okresie, w kt\u00f3rym oferta pozostaje otwarta do przyj\u0119cia. To samo dotyczy innych papier\u00f3w warto\u015bciowych, kt\u00f3re s\u0105 bezpo\u015brednio zamienne na papiery warto\u015bciowe Deutsche Industrie REIT-AG, wymienialne na nie lub wykonalne. Zakupy te mog\u0105 by\u0107 realizowane za po\u015brednictwem gie\u0142dy papier\u00f3w warto\u015bciowych po cenach rynkowych lub poza gie\u0142d\u0105 papier\u00f3w warto\u015bciowych na wynegocjowanych warunkach. Wszelkie informacje na temat takich zakup\u00f3w zostan\u0105 ujawnione zgodnie z wymogami prawa lub regulacji w Niemczech lub innej odpowiedniej jurysdykcji.<\/p>\n<p>&nbsp; <\/p>\n<p>W zakresie, w jakim jakiekolwiek og\u0142oszenia na niniejszej stronie internetowej zawieraj\u0105 stwierdzenia dotycz\u0105ce przysz\u0142o\u015bci, stwierdzenia takie nie przedstawiaj\u0105 fakt\u00f3w i s\u0105 charakteryzowane s\u0142owami \"oczekiwa\u0107\", \"wierzy\u0107\", \"szacowa\u0107\", \"zamierza\u0107\", \"d\u0105\u017cy\u0107\", \"zak\u0142ada\u0107\" lub podobnymi wyra\u017ceniami. Stwierdzenia te wyra\u017caj\u0105 intencje, opinie lub bie\u017c\u0105ce oczekiwania i za\u0142o\u017cenia Oferenta oraz os\u00f3b dzia\u0142aj\u0105cych wsp\u00f3lnie z Oferentem, na przyk\u0142ad w odniesieniu do potencjalnych konsekwencji Oferty dla Deutsche Industrie REIT-AG, dla tych udzia\u0142owc\u00f3w Deutsche Industrie REIT-AG, kt\u00f3rzy zdecyduj\u0105 si\u0119 nie przyj\u0105\u0107 Oferty lub dla przysz\u0142ych wynik\u00f3w finansowych Deutsche Industrie REIT-AG. Takie stwierdzenia dotycz\u0105ce przysz\u0142o\u015bci opieraj\u0105 si\u0119 na bie\u017c\u0105cych planach, szacunkach i prognozach, kt\u00f3re Oferent i osoby dzia\u0142aj\u0105ce wsp\u00f3lnie z Oferentem sporz\u0105dzili zgodnie ze swoj\u0105 najlepsz\u0105 wiedz\u0105, ale kt\u00f3re nie gwarantuj\u0105, \u017ce b\u0119d\u0105 prawid\u0142owe w przysz\u0142o\u015bci. Stwierdzenia dotycz\u0105ce przysz\u0142o\u015bci s\u0105 obarczone ryzykiem i niepewno\u015bci\u0105, kt\u00f3re s\u0105 trudne do przewidzenia i na kt\u00f3re Oferent lub osoby dzia\u0142aj\u0105ce w porozumieniu z Oferentem zazwyczaj nie maj\u0105 wp\u0142ywu. Nale\u017cy mie\u0107 na uwadze, \u017ce rzeczywiste wydarzenia lub konsekwencje mog\u0105 znacz\u0105co r\u00f3\u017cni\u0107 si\u0119 od tych zawartych lub wyra\u017conych w takich stwierdzeniach dotycz\u0105cych przysz\u0142o\u015bci.<\/p>\n<p>&nbsp; <\/p>\n<p><strong>Wybieraj\u0105c przycisk \"Potwierdzam\", u\u017cytkownik gwarantuje, \u017ce przeczyta\u0142 i zrozumia\u0142 powy\u017csz\u0105 not\u0119 prawn\u0105.<\/strong><\/p>\n<p>&nbsp;<\/p>\n<p><a class=\"btn btn-primary uppercase mb-0 getOfferButton\" style=\"margin-top: 80px;\" href=\"\/pl\/investors\/takeover-offers\/dir-takeover\/?noredirect=true\">Potwierdzam<\/a><\/p>\n<p><a class=\"btn btn-primary uppercase mb-0 getOfferButton\" style=\"margin-top: 80px; margin-left: 20px; background: #3f4a48; border: 1px solid #3f4a48;\" href=\"\/pl\/investors\/\">Nie potwierdzam<\/a><\/p>","protected":false},"excerpt":{"rendered":"<p>Disclaimer Deutsche Industrie REIT-AG Takeover and Delisting Offer U\u017cytkownik wszed\u0142 na stron\u0119 internetow\u0105, kt\u00f3r\u0105 firma CTP N.V. wyznaczy\u0142a na potrzeby oferty przej\u0119cia i wycofania z gie\u0142dy.<\/p>","protected":false},"author":22,"featured_media":0,"parent":31996,"menu_order":0,"comment_status":"closed","ping_status":"closed","template":"investors-sub-page.php","meta":{"_acf_changed":false,"footnotes":""},"class_list":["post-31992","page","type-page","status-publish","hentry"],"acf":[],"yoast_head":"<title>Disclaimer - Commercial Real Estate Developer And Manager<\/title>\n<meta name=\"robots\" content=\"index, follow, max-snippet:-1, max-image-preview:large, max-video-preview:-1\" \/>\n<link rel=\"canonical\" href=\"https:\/\/ctp.eu\/pl\/investors\/takeover-offers\/takeover-disclaimer\/\" \/>\n<meta property=\"og:locale\" content=\"pl_PL\" \/>\n<meta property=\"og:type\" content=\"article\" \/>\n<meta property=\"og:title\" content=\"Disclaimer\" \/>\n<meta property=\"og:description\" content=\"Disclaimer Deutsche Industrie REIT-AG Takeover and Delisting Of\u00adfer You have entered the website which CTP N.V. has designated for the\" \/>\n<meta property=\"og:url\" content=\"https:\/\/ctp.eu\/pl\/investors\/takeover-offers\/takeover-disclaimer\/\" \/>\n<meta property=\"og:site_name\" content=\"Commercial Real Estate Developer And Manager\" \/>\n<meta property=\"article:modified_time\" content=\"2021-10-26T08:43:24+00:00\" \/>\n<meta name=\"twitter:card\" content=\"summary_large_image\" \/>\n<meta name=\"twitter:label1\" content=\"Szacowany czas czytania\" \/>\n\t<meta name=\"twitter:data1\" content=\"5 minut\" \/>\n<script type=\"application\/ld+json\" class=\"yoast-schema-graph\">{\"@context\":\"https:\/\/schema.org\",\"@graph\":[{\"@type\":\"WebPage\",\"@id\":\"https:\/\/ctp.eu\/investors\/takeover-offers\/takeover-disclaimer\/\",\"url\":\"https:\/\/ctp.eu\/investors\/takeover-offers\/takeover-disclaimer\/\",\"name\":\"Disclaimer - Commercial Real Estate Developer And Manager\",\"isPartOf\":{\"@id\":\"https:\/\/ctp.eu\/#website\"},\"datePublished\":\"2021-10-26T05:26:11+00:00\",\"dateModified\":\"2021-10-26T08:43:24+00:00\",\"breadcrumb\":{\"@id\":\"https:\/\/ctp.eu\/investors\/takeover-offers\/takeover-disclaimer\/#breadcrumb\"},\"inLanguage\":\"pl-PL\",\"potentialAction\":[{\"@type\":\"ReadAction\",\"target\":[\"https:\/\/ctp.eu\/investors\/takeover-offers\/takeover-disclaimer\/\"]}]},{\"@type\":\"BreadcrumbList\",\"@id\":\"https:\/\/ctp.eu\/investors\/takeover-offers\/takeover-disclaimer\/#breadcrumb\",\"itemListElement\":[{\"@type\":\"ListItem\",\"position\":1,\"name\":\"Home\",\"item\":\"https:\/\/ctp.eu\/\"},{\"@type\":\"ListItem\",\"position\":2,\"name\":\"Long-Term Investment Partnership\",\"item\":\"https:\/\/ctp.eu\/investors\/\"},{\"@type\":\"ListItem\",\"position\":3,\"name\":\"Takeover Offers\",\"item\":\"https:\/\/ctp.eu\/investors\/takeover-offers\/\"},{\"@type\":\"ListItem\",\"position\":4,\"name\":\"Disclaimer\"}]},{\"@type\":\"WebSite\",\"@id\":\"https:\/\/ctp.eu\/#website\",\"url\":\"https:\/\/ctp.eu\/\",\"name\":\"Commercial Real Estate Developer And Manager\",\"description\":\"CTP - premium industrial warehouse and office buildings\",\"publisher\":{\"@id\":\"https:\/\/ctp.eu\/#organization\"},\"potentialAction\":[{\"@type\":\"SearchAction\",\"target\":{\"@type\":\"EntryPoint\",\"urlTemplate\":\"https:\/\/ctp.eu\/?s={search_term_string}\"},\"query-input\":{\"@type\":\"PropertyValueSpecification\",\"valueRequired\":true,\"valueName\":\"search_term_string\"}}],\"inLanguage\":\"pl-PL\"},{\"@type\":\"Organization\",\"@id\":\"https:\/\/ctp.eu\/#organization\",\"name\":\"CTP\",\"url\":\"https:\/\/ctp.eu\/\",\"logo\":{\"@type\":\"ImageObject\",\"inLanguage\":\"pl-PL\",\"@id\":\"https:\/\/ctp.eu\/#\/schema\/logo\/image\/\",\"url\":\"\",\"contentUrl\":\"\",\"caption\":\"CTP\"},\"image\":{\"@id\":\"https:\/\/ctp.eu\/#\/schema\/logo\/image\/\"}}]}<\/script>","yoast_head_json":{"title":"Disclaimer - Deweloper i zarz\u0105dca nieruchomo\u015bci komercyjnych","robots":{"index":"index","follow":"follow","max-snippet":"max-snippet:-1","max-image-preview":"max-image-preview:large","max-video-preview":"max-video-preview:-1"},"canonical":"https:\/\/ctp.eu\/pl\/investors\/takeover-offers\/takeover-disclaimer\/","og_locale":"pl_PL","og_type":"article","og_title":"Disclaimer","og_description":"Disclaimer Deutsche Industrie REIT-AG Takeover and Delisting Of\u00adfer You have entered the website which CTP N.V. has designated for the","og_url":"https:\/\/ctp.eu\/pl\/investors\/takeover-offers\/takeover-disclaimer\/","og_site_name":"Commercial Real Estate Developer And Manager","article_modified_time":"2021-10-26T08:43:24+00:00","twitter_card":"summary_large_image","twitter_misc":{"Szacowany czas czytania":"5 minut"},"schema":{"@context":"https:\/\/schema.org","@graph":[{"@type":"WebPage","@id":"https:\/\/ctp.eu\/investors\/takeover-offers\/takeover-disclaimer\/","url":"https:\/\/ctp.eu\/investors\/takeover-offers\/takeover-disclaimer\/","name":"Disclaimer - Deweloper i zarz\u0105dca nieruchomo\u015bci komercyjnych","isPartOf":{"@id":"https:\/\/ctp.eu\/#website"},"datePublished":"2021-10-26T05:26:11+00:00","dateModified":"2021-10-26T08:43:24+00:00","breadcrumb":{"@id":"https:\/\/ctp.eu\/investors\/takeover-offers\/takeover-disclaimer\/#breadcrumb"},"inLanguage":"pl-PL","potentialAction":[{"@type":"ReadAction","target":["https:\/\/ctp.eu\/investors\/takeover-offers\/takeover-disclaimer\/"]}]},{"@type":"BreadcrumbList","@id":"https:\/\/ctp.eu\/investors\/takeover-offers\/takeover-disclaimer\/#breadcrumb","itemListElement":[{"@type":"ListItem","position":1,"name":"Home","item":"https:\/\/ctp.eu\/"},{"@type":"ListItem","position":2,"name":"Long-Term Investment Partnership","item":"https:\/\/ctp.eu\/investors\/"},{"@type":"ListItem","position":3,"name":"Takeover Offers","item":"https:\/\/ctp.eu\/investors\/takeover-offers\/"},{"@type":"ListItem","position":4,"name":"Disclaimer"}]},{"@type":"WebSite","@id":"https:\/\/ctp.eu\/#website","url":"https:\/\/ctp.eu\/","name":"Deweloper i zarz\u0105dca nieruchomo\u015bci komercyjnych","description":"CTP - magazyny przemys\u0142owe i budynki biurowe klasy premium","publisher":{"@id":"https:\/\/ctp.eu\/#organization"},"potentialAction":[{"@type":"SearchAction","target":{"@type":"EntryPoint","urlTemplate":"https:\/\/ctp.eu\/?s={search_term_string}"},"query-input":{"@type":"PropertyValueSpecification","valueRequired":true,"valueName":"search_term_string"}}],"inLanguage":"pl-PL"},{"@type":"Organization","@id":"https:\/\/ctp.eu\/#organization","name":"CTP","url":"https:\/\/ctp.eu\/","logo":{"@type":"ImageObject","inLanguage":"pl-PL","@id":"https:\/\/ctp.eu\/#\/schema\/logo\/image\/","url":"","contentUrl":"","caption":"CTP"},"image":{"@id":"https:\/\/ctp.eu\/#\/schema\/logo\/image\/"}}]}},"_links":{"self":[{"href":"https:\/\/ctp.eu\/pl\/wp-json\/wp\/v2\/pages\/31992","targetHints":{"allow":["GET"]}}],"collection":[{"href":"https:\/\/ctp.eu\/pl\/wp-json\/wp\/v2\/pages"}],"about":[{"href":"https:\/\/ctp.eu\/pl\/wp-json\/wp\/v2\/types\/page"}],"author":[{"embeddable":true,"href":"https:\/\/ctp.eu\/pl\/wp-json\/wp\/v2\/users\/22"}],"replies":[{"embeddable":true,"href":"https:\/\/ctp.eu\/pl\/wp-json\/wp\/v2\/comments?post=31992"}],"version-history":[{"count":0,"href":"https:\/\/ctp.eu\/pl\/wp-json\/wp\/v2\/pages\/31992\/revisions"}],"up":[{"embeddable":true,"href":"https:\/\/ctp.eu\/pl\/wp-json\/wp\/v2\/pages\/31996"}],"wp:attachment":[{"href":"https:\/\/ctp.eu\/pl\/wp-json\/wp\/v2\/media?parent=31992"}],"curies":[{"name":"wp","href":"https:\/\/api.w.org\/{rel}","templated":true}]}}