{"id":238,"date":"2018-04-17T11:24:00","date_gmt":"2018-04-17T11:24:00","guid":{"rendered":"https:\/\/www.ctp.eu\/?page_id=238"},"modified":"2019-12-04T11:43:12","modified_gmt":"2019-12-04T11:43:12","slug":"development-and-services","status":"publish","type":"page","link":"https:\/\/ctp.eu\/pl\/services\/development-and-services\/","title":{"rendered":"Jak mo\u017cemy <br\/>pom\u00f3c?"},"content":{"rendered":"<p>W modelu kompleksowej obs\u0142ugi wszyscy konkuruj\u0105cy ze sob\u0105 interesariusze znajduj\u0105 si\u0119 pod jednym dachem, co <strong>u\u0142atwia podej\u015bcie bardziej skoncentrowane na kliencie<\/strong> w stanie <strong>zmniejszy\u0107 z\u0142o\u017cono\u015b\u0107<\/strong> i czasoch\u0142onne przeci\u0105ganie liny mi\u0119dzy r\u00f3\u017cnymi interesariuszami.<\/p>\n<p>Dostosowania mo\u017cna wprowadza\u0107 szybko <strong>w celu dostosowania do indywidualnych wymaga\u0144 najemcy<\/strong>, przy jednoczesnym utrzymaniu standard\u00f3w zr\u00f3wnowa\u017conego rozwoju gospodarczego, \u015brodowiskowego i spo\u0142ecznego bez polegania na niezliczonych, rozbie\u017cnych podmiotach, kt\u00f3re musz\u0105 koordynowa\u0107 swoje dzia\u0142ania.<\/p>\n<p>Co wi\u0119cej, model pe\u0142nej obs\u0142ugi mo\u017ce r\u00f3wnie\u017c u\u0142atwi\u0107 uzyskanie <strong>Certyfikacja zr\u00f3wnowa\u017conego rozwoju przez stron\u0119 trzeci\u0105, <\/strong>takich jak BREEAM, wiod\u0105ca na \u015bwiecie metoda oceny zr\u00f3wnowa\u017conego rozwoju dla projekt\u00f3w planowania generalnego, infrastruktury i budynk\u00f3w.<\/p>\n<p><strong>CTP buduje swoje budynki zgodnie ze standardami BREEAM \"excellent\".<\/strong> i poddaje budynki certyfikacji BREEAM po uzgodnieniu z najemc\u0105. Oceny zapewniaj\u0105 zr\u00f3wnowa\u017cony rozw\u00f3j \u015brodowiskowy, spo\u0142eczny i ekonomiczny, a tak\u017ce dobre samopoczucie ludzi, kt\u00f3rzy w nich mieszkaj\u0105 i pracuj\u0105.<\/p>\n<p class=\"perex\">","protected":false},"excerpt":{"rendered":"<p>W modelu kompleksowej obs\u0142ugi wszyscy konkuruj\u0105cy ze sob\u0105 interesariusze s\u0105 zebrani pod jednym dachem, co u\u0142atwia bardziej skoncentrowane na kliencie podej\u015bcie, zdolne do<\/p>","protected":false},"author":67,"featured_media":0,"parent":66,"menu_order":0,"comment_status":"closed","ping_status":"closed","template":"services-page.php","meta":{"_acf_changed":false,"footnotes":""},"class_list":["post-238","page","type-page","status-publish","hentry"],"acf":[],"yoast_head":"<title>How can we help you? - Commercial Real Estate Developer And Manager<\/title>\n<meta name=\"robots\" content=\"index, follow, max-snippet:-1, max-image-preview:large, max-video-preview:-1\" \/>\n<link rel=\"canonical\" href=\"https:\/\/ctp.eu\/pl\/services\/development-and-services\/\" \/>\n<meta property=\"og:locale\" content=\"pl_PL\" \/>\n<meta property=\"og:type\" content=\"article\" \/>\n<meta property=\"og:title\" content=\"How can we help you?\" \/>\n<meta property=\"og:description\" content=\"In the full-service model, compet\u00ading stakeholders are all brought under one roof, which facilitates a more client-centric approach able to\" \/>\n<meta property=\"og:url\" content=\"https:\/\/ctp.eu\/pl\/services\/development-and-services\/\" \/>\n<meta property=\"og:site_name\" content=\"Commercial Real Estate Developer And Manager\" \/>\n<meta property=\"article:modified_time\" content=\"2019-12-04T11:43:12+00:00\" \/>\n<meta name=\"twitter:card\" content=\"summary_large_image\" \/>\n<meta name=\"twitter:label1\" content=\"Szacowany czas czytania\" \/>\n\t<meta name=\"twitter:data1\" content=\"1 minuta\" \/>\n<script type=\"application\/ld+json\" class=\"yoast-schema-graph\">{\"@context\":\"https:\/\/schema.org\",\"@graph\":[{\"@type\":\"WebPage\",\"@id\":\"https:\/\/ctp.eu\/services\/development-and-services\/\",\"url\":\"https:\/\/ctp.eu\/services\/development-and-services\/\",\"name\":\"How can we help you? - Commercial Real Estate Developer And Manager\",\"isPartOf\":{\"@id\":\"https:\/\/ctp.eu\/#website\"},\"datePublished\":\"2018-04-17T11:24:00+00:00\",\"dateModified\":\"2019-12-04T11:43:12+00:00\",\"breadcrumb\":{\"@id\":\"https:\/\/ctp.eu\/services\/development-and-services\/#breadcrumb\"},\"inLanguage\":\"pl-PL\",\"potentialAction\":[{\"@type\":\"ReadAction\",\"target\":[\"https:\/\/ctp.eu\/services\/development-and-services\/\"]}]},{\"@type\":\"BreadcrumbList\",\"@id\":\"https:\/\/ctp.eu\/services\/development-and-services\/#breadcrumb\",\"itemListElement\":[{\"@type\":\"ListItem\",\"position\":1,\"name\":\"Home\",\"item\":\"https:\/\/ctp.eu\/\"},{\"@type\":\"ListItem\",\"position\":2,\"name\":\"Services\",\"item\":\"https:\/\/ctp.eu\/services\/\"},{\"@type\":\"ListItem\",\"position\":3,\"name\":\"How can we help you?\"}]},{\"@type\":\"WebSite\",\"@id\":\"https:\/\/ctp.eu\/#website\",\"url\":\"https:\/\/ctp.eu\/\",\"name\":\"Commercial Real Estate Developer And Manager\",\"description\":\"CTP - premium industrial warehouse and office buildings\",\"publisher\":{\"@id\":\"https:\/\/ctp.eu\/#organization\"},\"potentialAction\":[{\"@type\":\"SearchAction\",\"target\":{\"@type\":\"EntryPoint\",\"urlTemplate\":\"https:\/\/ctp.eu\/?s={search_term_string}\"},\"query-input\":{\"@type\":\"PropertyValueSpecification\",\"valueRequired\":true,\"valueName\":\"search_term_string\"}}],\"inLanguage\":\"pl-PL\"},{\"@type\":\"Organization\",\"@id\":\"https:\/\/ctp.eu\/#organization\",\"name\":\"CTP\",\"url\":\"https:\/\/ctp.eu\/\",\"logo\":{\"@type\":\"ImageObject\",\"inLanguage\":\"pl-PL\",\"@id\":\"https:\/\/ctp.eu\/#\/schema\/logo\/image\/\",\"url\":\"\",\"contentUrl\":\"\",\"caption\":\"CTP\"},\"image\":{\"@id\":\"https:\/\/ctp.eu\/#\/schema\/logo\/image\/\"}}]}<\/script>","yoast_head_json":{"title":"Jak mo\u017cemy Ci pom\u00f3c? - Deweloper i zarz\u0105dca nieruchomo\u015bci komercyjnych","robots":{"index":"index","follow":"follow","max-snippet":"max-snippet:-1","max-image-preview":"max-image-preview:large","max-video-preview":"max-video-preview:-1"},"canonical":"https:\/\/ctp.eu\/pl\/services\/development-and-services\/","og_locale":"pl_PL","og_type":"article","og_title":"How can we help you?","og_description":"In the full-service model, compet\u00ading stakeholders are all brought under one roof, which facilitates a more client-centric approach able to","og_url":"https:\/\/ctp.eu\/pl\/services\/development-and-services\/","og_site_name":"Commercial Real Estate Developer And Manager","article_modified_time":"2019-12-04T11:43:12+00:00","twitter_card":"summary_large_image","twitter_misc":{"Szacowany czas czytania":"1 minuta"},"schema":{"@context":"https:\/\/schema.org","@graph":[{"@type":"WebPage","@id":"https:\/\/ctp.eu\/services\/development-and-services\/","url":"https:\/\/ctp.eu\/services\/development-and-services\/","name":"Jak mo\u017cemy Ci pom\u00f3c? - Deweloper i zarz\u0105dca nieruchomo\u015bci komercyjnych","isPartOf":{"@id":"https:\/\/ctp.eu\/#website"},"datePublished":"2018-04-17T11:24:00+00:00","dateModified":"2019-12-04T11:43:12+00:00","breadcrumb":{"@id":"https:\/\/ctp.eu\/services\/development-and-services\/#breadcrumb"},"inLanguage":"pl-PL","potentialAction":[{"@type":"ReadAction","target":["https:\/\/ctp.eu\/services\/development-and-services\/"]}]},{"@type":"BreadcrumbList","@id":"https:\/\/ctp.eu\/services\/development-and-services\/#breadcrumb","itemListElement":[{"@type":"ListItem","position":1,"name":"Home","item":"https:\/\/ctp.eu\/"},{"@type":"ListItem","position":2,"name":"Services","item":"https:\/\/ctp.eu\/services\/"},{"@type":"ListItem","position":3,"name":"How can we help you?"}]},{"@type":"WebSite","@id":"https:\/\/ctp.eu\/#website","url":"https:\/\/ctp.eu\/","name":"Deweloper i zarz\u0105dca nieruchomo\u015bci komercyjnych","description":"CTP - magazyny przemys\u0142owe i budynki biurowe klasy premium","publisher":{"@id":"https:\/\/ctp.eu\/#organization"},"potentialAction":[{"@type":"SearchAction","target":{"@type":"EntryPoint","urlTemplate":"https:\/\/ctp.eu\/?s={search_term_string}"},"query-input":{"@type":"PropertyValueSpecification","valueRequired":true,"valueName":"search_term_string"}}],"inLanguage":"pl-PL"},{"@type":"Organization","@id":"https:\/\/ctp.eu\/#organization","name":"CTP","url":"https:\/\/ctp.eu\/","logo":{"@type":"ImageObject","inLanguage":"pl-PL","@id":"https:\/\/ctp.eu\/#\/schema\/logo\/image\/","url":"","contentUrl":"","caption":"CTP"},"image":{"@id":"https:\/\/ctp.eu\/#\/schema\/logo\/image\/"}}]}},"_links":{"self":[{"href":"https:\/\/ctp.eu\/pl\/wp-json\/wp\/v2\/pages\/238","targetHints":{"allow":["GET"]}}],"collection":[{"href":"https:\/\/ctp.eu\/pl\/wp-json\/wp\/v2\/pages"}],"about":[{"href":"https:\/\/ctp.eu\/pl\/wp-json\/wp\/v2\/types\/page"}],"author":[{"embeddable":true,"href":"https:\/\/ctp.eu\/pl\/wp-json\/wp\/v2\/users\/67"}],"replies":[{"embeddable":true,"href":"https:\/\/ctp.eu\/pl\/wp-json\/wp\/v2\/comments?post=238"}],"version-history":[{"count":0,"href":"https:\/\/ctp.eu\/pl\/wp-json\/wp\/v2\/pages\/238\/revisions"}],"up":[{"embeddable":true,"href":"https:\/\/ctp.eu\/pl\/wp-json\/wp\/v2\/pages\/66"}],"wp:attachment":[{"href":"https:\/\/ctp.eu\/pl\/wp-json\/wp\/v2\/media?parent=238"}],"curies":[{"name":"wp","href":"https:\/\/api.w.org\/{rel}","templated":true}]}}