{"id":14801,"date":"2021-03-17T16:20:10","date_gmt":"2021-03-17T16:20:10","guid":{"rendered":"https:\/\/www.ctp.eu\/?page_id=14801"},"modified":"2025-11-06T11:48:08","modified_gmt":"2025-11-06T10:48:08","slug":"the-top-ten","status":"publish","type":"page","link":"https:\/\/ctp.eu\/pl\/the-top-ten\/","title":{"rendered":"Dziesi\u0119\u0107 najlepszych park\u00f3w"},"content":{"rendered":"<h3><span style=\"font-size: 23px; font-weight: 400;\">Stanowi\u0105c 37% z 11,2 mln mkw. GLA (AuM) CTP, 10 najlepszych park\u00f3w jest przyk\u0142adem prawdziwego etosu CTP Parkmaker. Chocia\u017c ka\u017cdy park jest unikalny, aby dopasowa\u0107 si\u0119 do charakterystyki regionu, wszystkie maj\u0105 wsp\u00f3lne kluczowe czynniki, kt\u00f3re sprawiaj\u0105, \u017ce odnosz\u0105 sukcesy. Podobnie jak wszystkie nasze parki, pierwsza dziesi\u0105tka cieszy si\u0119 strategicznymi lokalizacjami, obiektami skoncentrowanymi na ludziach, kt\u00f3re uwzgl\u0119dniaj\u0105 zdrowie i dobre samopoczucie pracownik\u00f3w, s\u0105 w pe\u0142ni obs\u0142ugiwanymi obiektami najwy\u017cszej jako\u015bci o niskim wp\u0142ywie na \u015brodowisko, wywodz\u0105cymi si\u0119 z innowacji i troski. Ka\u017cdy park powstaje dzi\u0119ki sukcesom naszych klient\u00f3w - gdy oni si\u0119 rozwijaj\u0105, my rozwijamy si\u0119. I to bardzo. Ponad 80% naszej nowej dzia\u0142alno\u015bci pochodzi od ponad 1000 naszych klient\u00f3w.<\/span><\/h3>","protected":false},"excerpt":{"rendered":"<p>Dziesi\u0119\u0107 najlepszych park\u00f3w, stanowi\u0105cych 44% z 12,4 mln mkw. GLA (AuM) CTP, odzwierciedla prawdziw\u0105 filozofi\u0119 CTP Parkmaker.<\/p>","protected":false},"author":22,"featured_media":0,"parent":0,"menu_order":0,"comment_status":"closed","ping_status":"closed","template":"templates\/top-parks.php","meta":{"_acf_changed":false,"footnotes":""},"class_list":["post-14801","page","type-page","status-publish","hentry"],"acf":[],"yoast_head":"<title>The Top Ten Parks - Commercial Real Estate Developer And Manager<\/title>\n<meta name=\"robots\" content=\"index, follow, max-snippet:-1, max-image-preview:large, max-video-preview:-1\" \/>\n<link rel=\"canonical\" href=\"https:\/\/ctp.eu\/pl\/the-top-ten\/\" \/>\n<meta property=\"og:locale\" content=\"pl_PL\" \/>\n<meta property=\"og:type\" content=\"article\" \/>\n<meta property=\"og:title\" content=\"The Top Ten Parks\" \/>\n<meta property=\"og:description\" content=\"Making up 44% of CTP\u2019s 12.4 million sqm GLA (AuM), our top 10 parks exemplify the true CTP Parkmaker ethos.\" \/>\n<meta property=\"og:url\" content=\"https:\/\/ctp.eu\/pl\/the-top-ten\/\" \/>\n<meta property=\"og:site_name\" content=\"Commercial Real Estate Developer And Manager\" \/>\n<meta property=\"article:modified_time\" content=\"2025-11-06T10:48:08+00:00\" \/>\n<meta name=\"twitter:card\" content=\"summary_large_image\" \/>\n<meta name=\"twitter:label1\" content=\"Szacowany czas czytania\" \/>\n\t<meta name=\"twitter:data1\" content=\"1 minuta\" \/>\n<script type=\"application\/ld+json\" class=\"yoast-schema-graph\">{\"@context\":\"https:\\\/\\\/schema.org\",\"@graph\":[{\"@type\":\"WebPage\",\"@id\":\"https:\\\/\\\/ctp.eu\\\/the-top-ten\\\/\",\"url\":\"https:\\\/\\\/ctp.eu\\\/the-top-ten\\\/\",\"name\":\"The Top Ten Parks - Commercial Real Estate Developer And Manager\",\"isPartOf\":{\"@id\":\"https:\\\/\\\/ctp.eu\\\/#website\"},\"datePublished\":\"2021-03-17T16:20:10+00:00\",\"dateModified\":\"2025-11-06T10:48:08+00:00\",\"breadcrumb\":{\"@id\":\"https:\\\/\\\/ctp.eu\\\/the-top-ten\\\/#breadcrumb\"},\"inLanguage\":\"pl-PL\",\"potentialAction\":[{\"@type\":\"ReadAction\",\"target\":[\"https:\\\/\\\/ctp.eu\\\/the-top-ten\\\/\"]}]},{\"@type\":\"BreadcrumbList\",\"@id\":\"https:\\\/\\\/ctp.eu\\\/the-top-ten\\\/#breadcrumb\",\"itemListElement\":[{\"@type\":\"ListItem\",\"position\":1,\"name\":\"Home\",\"item\":\"https:\\\/\\\/ctp.eu\\\/\"},{\"@type\":\"ListItem\",\"position\":2,\"name\":\"The Top Ten Parks\"}]},{\"@type\":\"WebSite\",\"@id\":\"https:\\\/\\\/ctp.eu\\\/#website\",\"url\":\"https:\\\/\\\/ctp.eu\\\/\",\"name\":\"Commercial Real Estate Developer And Manager\",\"description\":\"CTP - premium industrial warehouse and office buildings\",\"publisher\":{\"@id\":\"https:\\\/\\\/ctp.eu\\\/#organization\"},\"potentialAction\":[{\"@type\":\"SearchAction\",\"target\":{\"@type\":\"EntryPoint\",\"urlTemplate\":\"https:\\\/\\\/ctp.eu\\\/?s={search_term_string}\"},\"query-input\":{\"@type\":\"PropertyValueSpecification\",\"valueRequired\":true,\"valueName\":\"search_term_string\"}}],\"inLanguage\":\"pl-PL\"},{\"@type\":\"Organization\",\"@id\":\"https:\\\/\\\/ctp.eu\\\/#organization\",\"name\":\"CTP\",\"url\":\"https:\\\/\\\/ctp.eu\\\/\",\"logo\":{\"@type\":\"ImageObject\",\"inLanguage\":\"pl-PL\",\"@id\":\"https:\\\/\\\/ctp.eu\\\/#\\\/schema\\\/logo\\\/image\\\/\",\"url\":\"\",\"contentUrl\":\"\",\"caption\":\"CTP\"},\"image\":{\"@id\":\"https:\\\/\\\/ctp.eu\\\/#\\\/schema\\\/logo\\\/image\\\/\"}}]}<\/script>","yoast_head_json":{"title":"Dziesi\u0119\u0107 najlepszych park\u00f3w - deweloper i zarz\u0105dca nieruchomo\u015bci komercyjnych","robots":{"index":"index","follow":"follow","max-snippet":"max-snippet:-1","max-image-preview":"max-image-preview:large","max-video-preview":"max-video-preview:-1"},"canonical":"https:\/\/ctp.eu\/pl\/the-top-ten\/","og_locale":"pl_PL","og_type":"article","og_title":"The Top Ten Parks","og_description":"Making up 44% of CTP\u2019s 12.4 million sqm GLA (AuM), our top 10 parks exemplify the true CTP Parkmaker ethos.","og_url":"https:\/\/ctp.eu\/pl\/the-top-ten\/","og_site_name":"Commercial Real Estate Developer And Manager","article_modified_time":"2025-11-06T10:48:08+00:00","twitter_card":"summary_large_image","twitter_misc":{"Szacowany czas czytania":"1 minuta"},"schema":{"@context":"https:\/\/schema.org","@graph":[{"@type":"WebPage","@id":"https:\/\/ctp.eu\/the-top-ten\/","url":"https:\/\/ctp.eu\/the-top-ten\/","name":"Dziesi\u0119\u0107 najlepszych park\u00f3w - deweloper i zarz\u0105dca nieruchomo\u015bci komercyjnych","isPartOf":{"@id":"https:\/\/ctp.eu\/#website"},"datePublished":"2021-03-17T16:20:10+00:00","dateModified":"2025-11-06T10:48:08+00:00","breadcrumb":{"@id":"https:\/\/ctp.eu\/the-top-ten\/#breadcrumb"},"inLanguage":"pl-PL","potentialAction":[{"@type":"ReadAction","target":["https:\/\/ctp.eu\/the-top-ten\/"]}]},{"@type":"BreadcrumbList","@id":"https:\/\/ctp.eu\/the-top-ten\/#breadcrumb","itemListElement":[{"@type":"ListItem","position":1,"name":"Home","item":"https:\/\/ctp.eu\/"},{"@type":"ListItem","position":2,"name":"The Top Ten Parks"}]},{"@type":"WebSite","@id":"https:\/\/ctp.eu\/#website","url":"https:\/\/ctp.eu\/","name":"Deweloper i zarz\u0105dca nieruchomo\u015bci komercyjnych","description":"CTP - magazyny przemys\u0142owe i budynki biurowe klasy premium","publisher":{"@id":"https:\/\/ctp.eu\/#organization"},"potentialAction":[{"@type":"SearchAction","target":{"@type":"EntryPoint","urlTemplate":"https:\/\/ctp.eu\/?s={search_term_string}"},"query-input":{"@type":"PropertyValueSpecification","valueRequired":true,"valueName":"search_term_string"}}],"inLanguage":"pl-PL"},{"@type":"Organization","@id":"https:\/\/ctp.eu\/#organization","name":"CTP","url":"https:\/\/ctp.eu\/","logo":{"@type":"ImageObject","inLanguage":"pl-PL","@id":"https:\/\/ctp.eu\/#\/schema\/logo\/image\/","url":"","contentUrl":"","caption":"CTP"},"image":{"@id":"https:\/\/ctp.eu\/#\/schema\/logo\/image\/"}}]}},"_links":{"self":[{"href":"https:\/\/ctp.eu\/pl\/wp-json\/wp\/v2\/pages\/14801","targetHints":{"allow":["GET"]}}],"collection":[{"href":"https:\/\/ctp.eu\/pl\/wp-json\/wp\/v2\/pages"}],"about":[{"href":"https:\/\/ctp.eu\/pl\/wp-json\/wp\/v2\/types\/page"}],"author":[{"embeddable":true,"href":"https:\/\/ctp.eu\/pl\/wp-json\/wp\/v2\/users\/22"}],"replies":[{"embeddable":true,"href":"https:\/\/ctp.eu\/pl\/wp-json\/wp\/v2\/comments?post=14801"}],"version-history":[{"count":30,"href":"https:\/\/ctp.eu\/pl\/wp-json\/wp\/v2\/pages\/14801\/revisions"}],"predecessor-version":[{"id":112551,"href":"https:\/\/ctp.eu\/pl\/wp-json\/wp\/v2\/pages\/14801\/revisions\/112551"}],"wp:attachment":[{"href":"https:\/\/ctp.eu\/pl\/wp-json\/wp\/v2\/media?parent=14801"}],"curies":[{"name":"wp","href":"https:\/\/api.w.org\/{rel}","templated":true}]}}