{"id":13639,"date":"2021-03-03T13:58:12","date_gmt":"2021-03-03T11:58:12","guid":{"rendered":"https:\/\/www.ctp.eu\/?page_id=13639"},"modified":"2026-04-02T18:23:17","modified_gmt":"2026-04-02T16:23:17","slug":"governance","status":"publish","type":"page","link":"https:\/\/ctp.eu\/pl\/investors\/governance\/","title":{"rendered":"Zarz\u0105dzanie"},"content":{"rendered":"<p><span>Bycie d\u0142ugoterminowym partnerem dla naszych klient\u00f3w i innych interesariuszy jest cz\u0119\u015bci\u0105 naszego etosu i strategii biznesowej od samego pocz\u0105tku. Przejrzysto\u015b\u0107, jasna komunikacja i etyczne traktowanie klient\u00f3w i dostawc\u00f3w ma fundamentalne znaczenie dla budowania silnych, opartych na zaufaniu relacji - podstawy d\u0142ugoterminowego sukcesu. <\/span><\/p>\n<p>Priorytetowo traktujemy skuteczne praktyki \u0142adu korporacyjnego i konsekwentnie pracujemy nad budowaniem etycznego \u015brodowiska pracy na wszystkich szczeblach naszej organizacji. Jako pracodawca wspieramy kultur\u0119, w kt\u00f3rej promowane jest wyra\u017canie opinii. Wszyscy pracownicy s\u0105 szkoleni w zakresie naszego Kodeksu post\u0119powania, a w przypadku podejrzenia niew\u0142a\u015bciwego post\u0119powania mamy do dyspozycji wiele kana\u0142\u00f3w, w tym anonimowy program zg\u0142aszania nieprawid\u0142owo\u015bci. Aby zapewni\u0107 integralno\u015b\u0107 \u0142a\u0144cucha warto\u015bci, przeprowadzamy analiz\u0119 due diligence wszystkich dostawc\u00f3w i wymagamy od nich przestrzegania naszego Kodeksu post\u0119powania dostawc\u00f3w.<\/p>","protected":false},"excerpt":{"rendered":"<p>Bycie d\u0142ugoterminowym partnerem dla naszych klient\u00f3w i innych interesariuszy jest cz\u0119\u015bci\u0105 naszego etosu i strategii biznesowej od samego pocz\u0105tku.<\/p>","protected":false},"author":22,"featured_media":0,"parent":9830,"menu_order":6,"comment_status":"closed","ping_status":"closed","template":"templates\/governance.php","meta":{"_acf_changed":false,"footnotes":""},"class_list":["post-13639","page","type-page","status-publish","hentry"],"acf":[],"yoast_head":"<title>Governance - Commercial Real Estate Developer And Manager<\/title>\n<meta name=\"robots\" content=\"index, follow, max-snippet:-1, max-image-preview:large, max-video-preview:-1\" \/>\n<link rel=\"canonical\" href=\"https:\/\/ctp.eu\/pl\/investors\/governance\/\" \/>\n<meta property=\"og:locale\" content=\"pl_PL\" \/>\n<meta property=\"og:type\" content=\"article\" \/>\n<meta property=\"og:title\" content=\"Governance\" \/>\n<meta property=\"og:description\" content=\"Being a long-term partner to our clients and other stakeholders has been part of our ethos and business strategy since\" \/>\n<meta property=\"og:url\" content=\"https:\/\/ctp.eu\/pl\/investors\/governance\/\" \/>\n<meta property=\"og:site_name\" content=\"Commercial Real Estate Developer And Manager\" \/>\n<meta property=\"article:modified_time\" content=\"2026-04-02T16:23:17+00:00\" \/>\n<meta name=\"twitter:card\" content=\"summary_large_image\" \/>\n<meta name=\"twitter:label1\" content=\"Szacowany czas czytania\" \/>\n\t<meta name=\"twitter:data1\" content=\"1 minuta\" \/>\n<script type=\"application\/ld+json\" class=\"yoast-schema-graph\">{\"@context\":\"https:\\\/\\\/schema.org\",\"@graph\":[{\"@type\":\"WebPage\",\"@id\":\"https:\\\/\\\/ctp.eu\\\/investors\\\/governance\\\/\",\"url\":\"https:\\\/\\\/ctp.eu\\\/investors\\\/governance\\\/\",\"name\":\"Governance - Commercial Real Estate Developer And Manager\",\"isPartOf\":{\"@id\":\"https:\\\/\\\/ctp.eu\\\/#website\"},\"datePublished\":\"2021-03-03T11:58:12+00:00\",\"dateModified\":\"2026-04-02T16:23:17+00:00\",\"breadcrumb\":{\"@id\":\"https:\\\/\\\/ctp.eu\\\/investors\\\/governance\\\/#breadcrumb\"},\"inLanguage\":\"pl-PL\",\"potentialAction\":[{\"@type\":\"ReadAction\",\"target\":[\"https:\\\/\\\/ctp.eu\\\/investors\\\/governance\\\/\"]}]},{\"@type\":\"BreadcrumbList\",\"@id\":\"https:\\\/\\\/ctp.eu\\\/investors\\\/governance\\\/#breadcrumb\",\"itemListElement\":[{\"@type\":\"ListItem\",\"position\":1,\"name\":\"Home\",\"item\":\"https:\\\/\\\/ctp.eu\\\/\"},{\"@type\":\"ListItem\",\"position\":2,\"name\":\"Long-Term Investment Partnership\",\"item\":\"https:\\\/\\\/ctp.eu\\\/investors\\\/\"},{\"@type\":\"ListItem\",\"position\":3,\"name\":\"Governance\"}]},{\"@type\":\"WebSite\",\"@id\":\"https:\\\/\\\/ctp.eu\\\/#website\",\"url\":\"https:\\\/\\\/ctp.eu\\\/\",\"name\":\"Commercial Real Estate Developer And Manager\",\"description\":\"CTP - premium industrial warehouse and office buildings\",\"publisher\":{\"@id\":\"https:\\\/\\\/ctp.eu\\\/#organization\"},\"potentialAction\":[{\"@type\":\"SearchAction\",\"target\":{\"@type\":\"EntryPoint\",\"urlTemplate\":\"https:\\\/\\\/ctp.eu\\\/?s={search_term_string}\"},\"query-input\":{\"@type\":\"PropertyValueSpecification\",\"valueRequired\":true,\"valueName\":\"search_term_string\"}}],\"inLanguage\":\"pl-PL\"},{\"@type\":\"Organization\",\"@id\":\"https:\\\/\\\/ctp.eu\\\/#organization\",\"name\":\"CTP\",\"url\":\"https:\\\/\\\/ctp.eu\\\/\",\"logo\":{\"@type\":\"ImageObject\",\"inLanguage\":\"pl-PL\",\"@id\":\"https:\\\/\\\/ctp.eu\\\/#\\\/schema\\\/logo\\\/image\\\/\",\"url\":\"\",\"contentUrl\":\"\",\"caption\":\"CTP\"},\"image\":{\"@id\":\"https:\\\/\\\/ctp.eu\\\/#\\\/schema\\\/logo\\\/image\\\/\"}}]}<\/script>","yoast_head_json":{"title":"Zarz\u0105dzanie - deweloper i zarz\u0105dca nieruchomo\u015bci komercyjnych","robots":{"index":"index","follow":"follow","max-snippet":"max-snippet:-1","max-image-preview":"max-image-preview:large","max-video-preview":"max-video-preview:-1"},"canonical":"https:\/\/ctp.eu\/pl\/investors\/governance\/","og_locale":"pl_PL","og_type":"article","og_title":"Governance","og_description":"Being a long-term partner to our clients and other stakeholders has been part of our ethos and business strategy since","og_url":"https:\/\/ctp.eu\/pl\/investors\/governance\/","og_site_name":"Commercial Real Estate Developer And Manager","article_modified_time":"2026-04-02T16:23:17+00:00","twitter_card":"summary_large_image","twitter_misc":{"Szacowany czas czytania":"1 minuta"},"schema":{"@context":"https:\/\/schema.org","@graph":[{"@type":"WebPage","@id":"https:\/\/ctp.eu\/investors\/governance\/","url":"https:\/\/ctp.eu\/investors\/governance\/","name":"Zarz\u0105dzanie - deweloper i zarz\u0105dca nieruchomo\u015bci komercyjnych","isPartOf":{"@id":"https:\/\/ctp.eu\/#website"},"datePublished":"2021-03-03T11:58:12+00:00","dateModified":"2026-04-02T16:23:17+00:00","breadcrumb":{"@id":"https:\/\/ctp.eu\/investors\/governance\/#breadcrumb"},"inLanguage":"pl-PL","potentialAction":[{"@type":"ReadAction","target":["https:\/\/ctp.eu\/investors\/governance\/"]}]},{"@type":"BreadcrumbList","@id":"https:\/\/ctp.eu\/investors\/governance\/#breadcrumb","itemListElement":[{"@type":"ListItem","position":1,"name":"Home","item":"https:\/\/ctp.eu\/"},{"@type":"ListItem","position":2,"name":"Long-Term Investment Partnership","item":"https:\/\/ctp.eu\/investors\/"},{"@type":"ListItem","position":3,"name":"Governance"}]},{"@type":"WebSite","@id":"https:\/\/ctp.eu\/#website","url":"https:\/\/ctp.eu\/","name":"Deweloper i zarz\u0105dca nieruchomo\u015bci komercyjnych","description":"CTP - magazyny przemys\u0142owe i budynki biurowe klasy premium","publisher":{"@id":"https:\/\/ctp.eu\/#organization"},"potentialAction":[{"@type":"SearchAction","target":{"@type":"EntryPoint","urlTemplate":"https:\/\/ctp.eu\/?s={search_term_string}"},"query-input":{"@type":"PropertyValueSpecification","valueRequired":true,"valueName":"search_term_string"}}],"inLanguage":"pl-PL"},{"@type":"Organization","@id":"https:\/\/ctp.eu\/#organization","name":"CTP","url":"https:\/\/ctp.eu\/","logo":{"@type":"ImageObject","inLanguage":"pl-PL","@id":"https:\/\/ctp.eu\/#\/schema\/logo\/image\/","url":"","contentUrl":"","caption":"CTP"},"image":{"@id":"https:\/\/ctp.eu\/#\/schema\/logo\/image\/"}}]}},"_links":{"self":[{"href":"https:\/\/ctp.eu\/pl\/wp-json\/wp\/v2\/pages\/13639","targetHints":{"allow":["GET"]}}],"collection":[{"href":"https:\/\/ctp.eu\/pl\/wp-json\/wp\/v2\/pages"}],"about":[{"href":"https:\/\/ctp.eu\/pl\/wp-json\/wp\/v2\/types\/page"}],"author":[{"embeddable":true,"href":"https:\/\/ctp.eu\/pl\/wp-json\/wp\/v2\/users\/22"}],"replies":[{"embeddable":true,"href":"https:\/\/ctp.eu\/pl\/wp-json\/wp\/v2\/comments?post=13639"}],"version-history":[{"count":74,"href":"https:\/\/ctp.eu\/pl\/wp-json\/wp\/v2\/pages\/13639\/revisions"}],"predecessor-version":[{"id":115142,"href":"https:\/\/ctp.eu\/pl\/wp-json\/wp\/v2\/pages\/13639\/revisions\/115142"}],"up":[{"embeddable":true,"href":"https:\/\/ctp.eu\/pl\/wp-json\/wp\/v2\/pages\/9830"}],"wp:attachment":[{"href":"https:\/\/ctp.eu\/pl\/wp-json\/wp\/v2\/media?parent=13639"}],"curies":[{"name":"wp","href":"https:\/\/api.w.org\/{rel}","templated":true}]}}