{"id":109827,"date":"2025-08-04T09:44:31","date_gmt":"2025-08-04T07:44:31","guid":{"rendered":"https:\/\/ctp.eu\/?page_id=109827"},"modified":"2025-08-04T09:44:45","modified_gmt":"2025-08-04T07:44:45","slug":"request-quote","status":"publish","type":"page","link":"https:\/\/ctp.eu\/pl\/request-quote\/","title":{"rendered":"Popro\u015b o wycen\u0119"},"content":{"rendered":"","protected":false},"excerpt":{"rendered":"","protected":false},"author":68,"featured_media":0,"parent":0,"menu_order":0,"comment_status":"closed","ping_status":"closed","template":"templates\/request-quote.php","meta":{"_acf_changed":false,"footnotes":""},"class_list":["post-109827","page","type-page","status-publish","hentry"],"acf":[],"yoast_head":"<title>Request a Quote - Commercial Real Estate Developer And Manager<\/title>\n<meta name=\"robots\" content=\"index, follow, max-snippet:-1, max-image-preview:large, max-video-preview:-1\" \/>\n<link rel=\"canonical\" href=\"https:\/\/ctp.eu\/pl\/request-quote\/\" \/>\n<meta property=\"og:locale\" content=\"pl_PL\" \/>\n<meta property=\"og:type\" content=\"article\" \/>\n<meta property=\"og:title\" content=\"Request a Quote\" \/>\n<meta property=\"og:url\" content=\"https:\/\/ctp.eu\/pl\/request-quote\/\" \/>\n<meta property=\"og:site_name\" content=\"Commercial Real Estate Developer And Manager\" \/>\n<meta property=\"article:modified_time\" content=\"2025-08-04T07:44:45+00:00\" \/>\n<meta name=\"twitter:card\" content=\"summary_large_image\" \/>\n<script type=\"application\/ld+json\" class=\"yoast-schema-graph\">{\"@context\":\"https:\/\/schema.org\",\"@graph\":[{\"@type\":\"WebPage\",\"@id\":\"https:\/\/ctp.eu\/request-quote\/\",\"url\":\"https:\/\/ctp.eu\/request-quote\/\",\"name\":\"Request a Quote - Commercial Real Estate Developer And Manager\",\"isPartOf\":{\"@id\":\"https:\/\/ctp.eu\/#website\"},\"datePublished\":\"2025-08-04T07:44:31+00:00\",\"dateModified\":\"2025-08-04T07:44:45+00:00\",\"breadcrumb\":{\"@id\":\"https:\/\/ctp.eu\/request-quote\/#breadcrumb\"},\"inLanguage\":\"pl-PL\",\"potentialAction\":[{\"@type\":\"ReadAction\",\"target\":[\"https:\/\/ctp.eu\/request-quote\/\"]}]},{\"@type\":\"BreadcrumbList\",\"@id\":\"https:\/\/ctp.eu\/request-quote\/#breadcrumb\",\"itemListElement\":[{\"@type\":\"ListItem\",\"position\":1,\"name\":\"Home\",\"item\":\"https:\/\/ctp.eu\/\"},{\"@type\":\"ListItem\",\"position\":2,\"name\":\"Request a Quote\"}]},{\"@type\":\"WebSite\",\"@id\":\"https:\/\/ctp.eu\/#website\",\"url\":\"https:\/\/ctp.eu\/\",\"name\":\"Commercial Real Estate Developer And Manager\",\"description\":\"CTP - premium industrial warehouse and office buildings\",\"publisher\":{\"@id\":\"https:\/\/ctp.eu\/#organization\"},\"potentialAction\":[{\"@type\":\"SearchAction\",\"target\":{\"@type\":\"EntryPoint\",\"urlTemplate\":\"https:\/\/ctp.eu\/?s={search_term_string}\"},\"query-input\":{\"@type\":\"PropertyValueSpecification\",\"valueRequired\":true,\"valueName\":\"search_term_string\"}}],\"inLanguage\":\"pl-PL\"},{\"@type\":\"Organization\",\"@id\":\"https:\/\/ctp.eu\/#organization\",\"name\":\"CTP\",\"url\":\"https:\/\/ctp.eu\/\",\"logo\":{\"@type\":\"ImageObject\",\"inLanguage\":\"pl-PL\",\"@id\":\"https:\/\/ctp.eu\/#\/schema\/logo\/image\/\",\"url\":\"\",\"contentUrl\":\"\",\"caption\":\"CTP\"},\"image\":{\"@id\":\"https:\/\/ctp.eu\/#\/schema\/logo\/image\/\"}}]}<\/script>","yoast_head_json":{"title":"Request a Quote - Commercial Real Estate Developer And Manager","robots":{"index":"index","follow":"follow","max-snippet":"max-snippet:-1","max-image-preview":"max-image-preview:large","max-video-preview":"max-video-preview:-1"},"canonical":"https:\/\/ctp.eu\/pl\/request-quote\/","og_locale":"pl_PL","og_type":"article","og_title":"Request a Quote","og_url":"https:\/\/ctp.eu\/pl\/request-quote\/","og_site_name":"Commercial Real Estate Developer And Manager","article_modified_time":"2025-08-04T07:44:45+00:00","twitter_card":"summary_large_image","schema":{"@context":"https:\/\/schema.org","@graph":[{"@type":"WebPage","@id":"https:\/\/ctp.eu\/request-quote\/","url":"https:\/\/ctp.eu\/request-quote\/","name":"Request a Quote - Commercial Real Estate Developer And Manager","isPartOf":{"@id":"https:\/\/ctp.eu\/#website"},"datePublished":"2025-08-04T07:44:31+00:00","dateModified":"2025-08-04T07:44:45+00:00","breadcrumb":{"@id":"https:\/\/ctp.eu\/request-quote\/#breadcrumb"},"inLanguage":"pl-PL","potentialAction":[{"@type":"ReadAction","target":["https:\/\/ctp.eu\/request-quote\/"]}]},{"@type":"BreadcrumbList","@id":"https:\/\/ctp.eu\/request-quote\/#breadcrumb","itemListElement":[{"@type":"ListItem","position":1,"name":"Home","item":"https:\/\/ctp.eu\/"},{"@type":"ListItem","position":2,"name":"Request a Quote"}]},{"@type":"WebSite","@id":"https:\/\/ctp.eu\/#website","url":"https:\/\/ctp.eu\/","name":"Deweloper i zarz\u0105dca nieruchomo\u015bci komercyjnych","description":"CTP - magazyny przemys\u0142owe i budynki biurowe klasy premium","publisher":{"@id":"https:\/\/ctp.eu\/#organization"},"potentialAction":[{"@type":"SearchAction","target":{"@type":"EntryPoint","urlTemplate":"https:\/\/ctp.eu\/?s={search_term_string}"},"query-input":{"@type":"PropertyValueSpecification","valueRequired":true,"valueName":"search_term_string"}}],"inLanguage":"pl-PL"},{"@type":"Organization","@id":"https:\/\/ctp.eu\/#organization","name":"CTP","url":"https:\/\/ctp.eu\/","logo":{"@type":"ImageObject","inLanguage":"pl-PL","@id":"https:\/\/ctp.eu\/#\/schema\/logo\/image\/","url":"","contentUrl":"","caption":"CTP"},"image":{"@id":"https:\/\/ctp.eu\/#\/schema\/logo\/image\/"}}]}},"_links":{"self":[{"href":"https:\/\/ctp.eu\/pl\/wp-json\/wp\/v2\/pages\/109827","targetHints":{"allow":["GET"]}}],"collection":[{"href":"https:\/\/ctp.eu\/pl\/wp-json\/wp\/v2\/pages"}],"about":[{"href":"https:\/\/ctp.eu\/pl\/wp-json\/wp\/v2\/types\/page"}],"author":[{"embeddable":true,"href":"https:\/\/ctp.eu\/pl\/wp-json\/wp\/v2\/users\/68"}],"replies":[{"embeddable":true,"href":"https:\/\/ctp.eu\/pl\/wp-json\/wp\/v2\/comments?post=109827"}],"version-history":[{"count":1,"href":"https:\/\/ctp.eu\/pl\/wp-json\/wp\/v2\/pages\/109827\/revisions"}],"predecessor-version":[{"id":109828,"href":"https:\/\/ctp.eu\/pl\/wp-json\/wp\/v2\/pages\/109827\/revisions\/109828"}],"wp:attachment":[{"href":"https:\/\/ctp.eu\/pl\/wp-json\/wp\/v2\/media?parent=109827"}],"curies":[{"name":"wp","href":"https:\/\/api.w.org\/{rel}","templated":true}]}}