{"id":100821,"date":"2024-12-02T16:18:57","date_gmt":"2024-12-02T14:18:57","guid":{"rendered":"https:\/\/ctp.eu\/?page_id=100821"},"modified":"2026-01-14T17:20:50","modified_gmt":"2026-01-14T16:20:50","slug":"ctp-group-companies","status":"publish","type":"page","link":"https:\/\/ctp.eu\/pl\/ctp-policies\/ctp-group-companies\/","title":{"rendered":"Sp\u00f3\u0142ki Grupy CTP"},"content":{"rendered":"<div class=\"policy\">\n<p>&nbsp;<\/p>\n<h2>Sp\u00f3\u0142ki Grupy CTP<\/h2>\n<p>&nbsp;<\/p>\n<table width=\"100\" style=\"width:100%\">\n<tbody>\n<tr>\n<td width=\"268\">Firma<\/td>\n<td width=\"629\">Adres<\/td>\n<\/tr>\n<tr>\n<td width=\"268\">CTP Invest BV<\/td>\n<td>Apollolaan 151, 1077 AR Amsterdam<\/td>\n<\/tr>\n<tr>\n<td width=\"268\">CTP Invest Bucharest SRL<\/td>\n<td>wie\u015b Dragomiresti-Deal, gmina Dragomiresti Vale, ul. Gabriela 1, budynek B, parter, powiat llfov<\/td>\n<\/tr>\n<tr>\n<td width=\"268\">CTP Invest doo Beograd \u2013 Nowy Belgrad<\/td>\n<td>Megarska 9, 11070 Belgrad<\/td>\n<\/tr>\n<tr>\n<td width=\"268\">CTP Invest EOOD<\/td>\n<td>247 Botevgradsko Shose Blvd., Budynek administracyjny, fl.7, Sofia<\/td>\n<\/tr>\n<tr>\n<td width=\"268\">CTP Invest Germany GmbH<\/td>\n<td width=\"629\">Lietzenburger Str. 75, 10719 Berlin<\/td>\n<\/tr>\n<tr>\n<td width=\"268\">CTP Invest Hong Kong Ltd<\/td>\n<td width=\"629\">Jednostka B, 17\/F., United Centre, 95 Queensway, Admiralty, Hong Kong<\/td>\n<\/tr>\n<tr>\n<td width=\"268\">CTP Invest Immobilien GmbH<\/td>\n<td width=\"629\">Mariahilfer Stra\u00dfe 17\/4, 1060 Wiede\u0144<\/td>\n<\/tr>\n<tr>\n<td width=\"268\">CTP Invest Ltd<\/td>\n<td>4 pi\u0119tro, 115 George Street, Edynburg, Wielka Brytania, EH2 4JN<\/td>\n<\/tr>\n<tr>\n<td width=\"268\">CTP Invest Poland sp. z o.o.<\/td>\n<td>Chmielna 69, 00-801 Warszawa, Polska<\/td>\n<\/tr>\n<tr>\n<td width=\"268\">CTP Invest SK, spol. s ro<\/td>\n<td>Laurinsk\u00e1 18 811 01 Bratislava-Star\u00e9 Mesto<\/td>\n<\/tr>\n<tr>\n<td width=\"268\">CTP Invest, spol. s r.o.<\/td>\n<td width=\"629\">CTPark Humpolec 1571, 396 01 Humpolec<\/td>\n<\/tr>\n<tr>\n<td width=\"268\">CTP Management Hungary Kft.<\/td>\n<td>2051 Biatorb\u00e1gy, Vereb\u00e9ly L\u00e1szl\u00f3 utca 2<\/td>\n<\/tr>\n<tr>\n<td width=\"268\">CTP N.V.<\/td>\n<td>Apollolaan 151, 1077 AR Amsterdam<\/td>\n<\/tr>\n<\/tbody>\n<\/table>\n<p>&nbsp;<\/p>\n<\/div>","protected":false},"excerpt":{"rendered":"<p>&nbsp; CTP Group Companies &nbsp; Company Address CTP Invest B.V. Apollolaan 151, 1077 AR Amsterdam CTP Invest Bucharest S.R.L. Dragomiresti-Deal<\/p>","protected":false},"author":22,"featured_media":0,"parent":6125,"menu_order":0,"comment_status":"closed","ping_status":"closed","template":"","meta":{"_acf_changed":false,"footnotes":""},"class_list":["post-100821","page","type-page","status-publish","hentry"],"acf":[],"yoast_head":"<title>CTP Group Companies - Commercial Real Estate Developer And Manager<\/title>\n<meta name=\"robots\" content=\"index, follow, max-snippet:-1, max-image-preview:large, max-video-preview:-1\" \/>\n<link rel=\"canonical\" href=\"https:\/\/ctp.eu\/pl\/ctp-policies\/ctp-group-companies\/\" \/>\n<meta property=\"og:locale\" content=\"pl_PL\" \/>\n<meta property=\"og:type\" content=\"article\" \/>\n<meta property=\"og:title\" content=\"CTP Group Companies\" \/>\n<meta property=\"og:description\" content=\"&nbsp; CTP Group Companies &nbsp; Company Address CTP Invest B.V. Apollolaan 151, 1077 AR Amsterdam CTP Invest Bucharest S.R.L. Dragomiresti-Deal\" \/>\n<meta property=\"og:url\" content=\"https:\/\/ctp.eu\/pl\/ctp-policies\/ctp-group-companies\/\" \/>\n<meta property=\"og:site_name\" content=\"Commercial Real Estate Developer And Manager\" \/>\n<meta property=\"article:modified_time\" content=\"2026-01-14T16:20:50+00:00\" \/>\n<meta name=\"twitter:card\" content=\"summary_large_image\" \/>\n<meta name=\"twitter:label1\" content=\"Szacowany czas czytania\" \/>\n\t<meta name=\"twitter:data1\" content=\"1 minuta\" \/>\n<script type=\"application\/ld+json\" class=\"yoast-schema-graph\">{\"@context\":\"https:\/\/schema.org\",\"@graph\":[{\"@type\":\"WebPage\",\"@id\":\"https:\/\/ctp.eu\/ctp-policies\/ctp-group-companies\/\",\"url\":\"https:\/\/ctp.eu\/ctp-policies\/ctp-group-companies\/\",\"name\":\"CTP Group Companies - Commercial Real Estate Developer And Manager\",\"isPartOf\":{\"@id\":\"https:\/\/ctp.eu\/#website\"},\"datePublished\":\"2024-12-02T14:18:57+00:00\",\"dateModified\":\"2026-01-14T16:20:50+00:00\",\"breadcrumb\":{\"@id\":\"https:\/\/ctp.eu\/ctp-policies\/ctp-group-companies\/#breadcrumb\"},\"inLanguage\":\"pl-PL\",\"potentialAction\":[{\"@type\":\"ReadAction\",\"target\":[\"https:\/\/ctp.eu\/ctp-policies\/ctp-group-companies\/\"]}]},{\"@type\":\"BreadcrumbList\",\"@id\":\"https:\/\/ctp.eu\/ctp-policies\/ctp-group-companies\/#breadcrumb\",\"itemListElement\":[{\"@type\":\"ListItem\",\"position\":1,\"name\":\"Home\",\"item\":\"https:\/\/ctp.eu\/\"},{\"@type\":\"ListItem\",\"position\":2,\"name\":\"CTP Policies\",\"item\":\"https:\/\/ctp.eu\/ctp-policies\/\"},{\"@type\":\"ListItem\",\"position\":3,\"name\":\"CTP Group Companies\"}]},{\"@type\":\"WebSite\",\"@id\":\"https:\/\/ctp.eu\/#website\",\"url\":\"https:\/\/ctp.eu\/\",\"name\":\"Commercial Real Estate Developer And Manager\",\"description\":\"CTP - premium industrial warehouse and office buildings\",\"publisher\":{\"@id\":\"https:\/\/ctp.eu\/#organization\"},\"potentialAction\":[{\"@type\":\"SearchAction\",\"target\":{\"@type\":\"EntryPoint\",\"urlTemplate\":\"https:\/\/ctp.eu\/?s={search_term_string}\"},\"query-input\":{\"@type\":\"PropertyValueSpecification\",\"valueRequired\":true,\"valueName\":\"search_term_string\"}}],\"inLanguage\":\"pl-PL\"},{\"@type\":\"Organization\",\"@id\":\"https:\/\/ctp.eu\/#organization\",\"name\":\"CTP\",\"url\":\"https:\/\/ctp.eu\/\",\"logo\":{\"@type\":\"ImageObject\",\"inLanguage\":\"pl-PL\",\"@id\":\"https:\/\/ctp.eu\/#\/schema\/logo\/image\/\",\"url\":\"\",\"contentUrl\":\"\",\"caption\":\"CTP\"},\"image\":{\"@id\":\"https:\/\/ctp.eu\/#\/schema\/logo\/image\/\"}}]}<\/script>","yoast_head_json":{"title":"CTP Group Companies - Deweloper i zarz\u0105dca nieruchomo\u015bci komercyjnych","robots":{"index":"index","follow":"follow","max-snippet":"max-snippet:-1","max-image-preview":"max-image-preview:large","max-video-preview":"max-video-preview:-1"},"canonical":"https:\/\/ctp.eu\/pl\/ctp-policies\/ctp-group-companies\/","og_locale":"pl_PL","og_type":"article","og_title":"CTP Group Companies","og_description":"&nbsp; CTP Group Companies &nbsp; Company Address CTP Invest B.V. Apollolaan 151, 1077 AR Amsterdam CTP Invest Bucharest S.R.L. Dragomiresti-Deal","og_url":"https:\/\/ctp.eu\/pl\/ctp-policies\/ctp-group-companies\/","og_site_name":"Commercial Real Estate Developer And Manager","article_modified_time":"2026-01-14T16:20:50+00:00","twitter_card":"summary_large_image","twitter_misc":{"Szacowany czas czytania":"1 minuta"},"schema":{"@context":"https:\/\/schema.org","@graph":[{"@type":"WebPage","@id":"https:\/\/ctp.eu\/ctp-policies\/ctp-group-companies\/","url":"https:\/\/ctp.eu\/ctp-policies\/ctp-group-companies\/","name":"CTP Group Companies - Deweloper i zarz\u0105dca nieruchomo\u015bci komercyjnych","isPartOf":{"@id":"https:\/\/ctp.eu\/#website"},"datePublished":"2024-12-02T14:18:57+00:00","dateModified":"2026-01-14T16:20:50+00:00","breadcrumb":{"@id":"https:\/\/ctp.eu\/ctp-policies\/ctp-group-companies\/#breadcrumb"},"inLanguage":"pl-PL","potentialAction":[{"@type":"ReadAction","target":["https:\/\/ctp.eu\/ctp-policies\/ctp-group-companies\/"]}]},{"@type":"BreadcrumbList","@id":"https:\/\/ctp.eu\/ctp-policies\/ctp-group-companies\/#breadcrumb","itemListElement":[{"@type":"ListItem","position":1,"name":"Home","item":"https:\/\/ctp.eu\/"},{"@type":"ListItem","position":2,"name":"CTP Policies","item":"https:\/\/ctp.eu\/ctp-policies\/"},{"@type":"ListItem","position":3,"name":"CTP Group Companies"}]},{"@type":"WebSite","@id":"https:\/\/ctp.eu\/#website","url":"https:\/\/ctp.eu\/","name":"Deweloper i zarz\u0105dca nieruchomo\u015bci komercyjnych","description":"CTP - magazyny przemys\u0142owe i budynki biurowe klasy premium","publisher":{"@id":"https:\/\/ctp.eu\/#organization"},"potentialAction":[{"@type":"SearchAction","target":{"@type":"EntryPoint","urlTemplate":"https:\/\/ctp.eu\/?s={search_term_string}"},"query-input":{"@type":"PropertyValueSpecification","valueRequired":true,"valueName":"search_term_string"}}],"inLanguage":"pl-PL"},{"@type":"Organization","@id":"https:\/\/ctp.eu\/#organization","name":"CTP","url":"https:\/\/ctp.eu\/","logo":{"@type":"ImageObject","inLanguage":"pl-PL","@id":"https:\/\/ctp.eu\/#\/schema\/logo\/image\/","url":"","contentUrl":"","caption":"CTP"},"image":{"@id":"https:\/\/ctp.eu\/#\/schema\/logo\/image\/"}}]}},"_links":{"self":[{"href":"https:\/\/ctp.eu\/pl\/wp-json\/wp\/v2\/pages\/100821","targetHints":{"allow":["GET"]}}],"collection":[{"href":"https:\/\/ctp.eu\/pl\/wp-json\/wp\/v2\/pages"}],"about":[{"href":"https:\/\/ctp.eu\/pl\/wp-json\/wp\/v2\/types\/page"}],"author":[{"embeddable":true,"href":"https:\/\/ctp.eu\/pl\/wp-json\/wp\/v2\/users\/22"}],"replies":[{"embeddable":true,"href":"https:\/\/ctp.eu\/pl\/wp-json\/wp\/v2\/comments?post=100821"}],"version-history":[{"count":2,"href":"https:\/\/ctp.eu\/pl\/wp-json\/wp\/v2\/pages\/100821\/revisions"}],"predecessor-version":[{"id":113693,"href":"https:\/\/ctp.eu\/pl\/wp-json\/wp\/v2\/pages\/100821\/revisions\/113693"}],"up":[{"embeddable":true,"href":"https:\/\/ctp.eu\/pl\/wp-json\/wp\/v2\/pages\/6125"}],"wp:attachment":[{"href":"https:\/\/ctp.eu\/pl\/wp-json\/wp\/v2\/media?parent=100821"}],"curies":[{"name":"wp","href":"https:\/\/api.w.org\/{rel}","templated":true}]}}