{"id":6125,"date":"2019-08-13T12:26:43","date_gmt":"2019-08-13T12:26:43","guid":{"rendered":"https:\/\/www.ctp.eu\/?page_id=6125"},"modified":"2025-02-19T14:41:37","modified_gmt":"2025-02-19T12:41:37","slug":"ctp-policies","status":"publish","type":"page","link":"https:\/\/ctp.eu\/it\/ctp-policies\/","title":{"rendered":"Politiche CTP"},"content":{"rendered":"<div class=\"policy-main\">\n<p><a id=\"polska\" class=\"row-title\" style=\"display: none;\" href=\"https:\/\/ctp.eu\/pl\/polish-gdpr\/\">Dokumenty RODO sp\u00f3\u0142ek grupy CTP z siedzib\u0105 w Polsce<\/a><\/p>\n<p><a class=\"row-title\" href=\"https:\/\/ctp.eu\/it\/ctp-policies\/business-partners-privacy-policy\/\">Business Partner\u2019s Privacy Policy<\/a><\/p>\n<p><a class=\"row-title\" href=\"https:\/\/ctp.eu\/it\/ctp-policies\/consent-to-the-processing-of-personal-data\/\">Consent to the Processing of Personal Data<\/a><\/p>\n<p><a class=\"row-title\" href=\"https:\/\/ctp.eu\/it\/ctp-policies\/general-data-protection-principles\/\">Principi generali sulla protezione dei dati<\/a><\/p>\n<p><a class=\"row-title\" href=\"https:\/\/ctp.eu\/it\/ctp-policies\/consent-to-the-use-of-personal-data-for-the-purpose-of-receiving-the-newsletter\/\">Consent to the use of personal data for the purpose of receiving the newsletter<\/a><\/p>\n<p><a class=\"row-title\" href=\"https:\/\/ctp.eu\/it\/ctp-policies\/cctv-policy\/\">Videosorveglianza e politica sulla privacy dei visitatori<\/a><\/p>\n<p><a class=\"row-title\" href=\"https:\/\/ctp.eu\/it\/ctp-policies\/employee-privacy-policy\/\">Informativa sulla privacy dei dipendenti<\/a><\/p>\n<p><a class=\"row-title\" href=\"https:\/\/ctp.eu\/it\/ctp-policies\/ctp-website-cookie-policy\/\">CTP website Cookie Policy<\/a><\/p>\n<p><a class=\"row-title\" href=\"https:\/\/ctp.eu\/it\/ctp-policies\/recruitment-privacy-policy\/\">Privacy Policy for Processing Personal Data of Job Applicants<\/a><\/p>\n<p><!-- <a class=\"row-title\" href=\"https:\/\/ctp.eu\/ctp-policies\/zasady-zpracovani-osobnich-udaju-pri-naboru-zamestnancu\/\">Z\u00e1sady zpracov\u00e1n\u00ed osobn\u00edch \u00fadaj\u016f p\u0159i n\u00e1boru zam\u011bstnanc\u016f<\/a> --><\/p>\n<\/div>\n<style>.translatepress-pl_PL #polska{display:block!important;}<\/style>","protected":false},"excerpt":{"rendered":"<p>Dokumenty RODO sp\u00f3\u0142ek grupy CTP z siedzib\u0105 w Polsce Business Partner\u2019s Privacy Policy Consent to the Processing of Personal Data<\/p>","protected":false},"author":67,"featured_media":0,"parent":0,"menu_order":0,"comment_status":"closed","ping_status":"closed","template":"","meta":{"_acf_changed":false,"footnotes":""},"class_list":["post-6125","page","type-page","status-publish","hentry"],"acf":[],"yoast_head":"<title>CTP Policies - Commercial Real Estate Developer And Manager<\/title>\n<meta name=\"robots\" content=\"index, follow, max-snippet:-1, max-image-preview:large, max-video-preview:-1\" \/>\n<link rel=\"canonical\" href=\"https:\/\/ctp.eu\/it\/ctp-policies\/\" \/>\n<meta property=\"og:locale\" content=\"it_IT\" \/>\n<meta property=\"og:type\" content=\"article\" \/>\n<meta property=\"og:title\" content=\"CTP Policies\" \/>\n<meta property=\"og:description\" content=\"Dokumenty RODO sp\u00f3\u0142ek grupy CTP z siedzib\u0105 w Polsce Business Partner\u2019s Privacy Policy Consent to the Processing of Personal Data\" \/>\n<meta property=\"og:url\" content=\"https:\/\/ctp.eu\/it\/ctp-policies\/\" \/>\n<meta property=\"og:site_name\" content=\"Commercial Real Estate Developer And Manager\" \/>\n<meta property=\"article:modified_time\" content=\"2025-02-19T12:41:37+00:00\" \/>\n<meta name=\"twitter:card\" content=\"summary_large_image\" \/>\n<meta name=\"twitter:label1\" content=\"Tempo di lettura stimato\" \/>\n\t<meta name=\"twitter:data1\" content=\"1 minuto\" \/>\n<script type=\"application\/ld+json\" class=\"yoast-schema-graph\">{\"@context\":\"https:\/\/schema.org\",\"@graph\":[{\"@type\":\"WebPage\",\"@id\":\"https:\/\/ctp.eu\/ctp-policies\/\",\"url\":\"https:\/\/ctp.eu\/ctp-policies\/\",\"name\":\"CTP Policies - Commercial Real Estate Developer And Manager\",\"isPartOf\":{\"@id\":\"https:\/\/ctp.eu\/#website\"},\"datePublished\":\"2019-08-13T12:26:43+00:00\",\"dateModified\":\"2025-02-19T12:41:37+00:00\",\"breadcrumb\":{\"@id\":\"https:\/\/ctp.eu\/ctp-policies\/#breadcrumb\"},\"inLanguage\":\"it-IT\",\"potentialAction\":[{\"@type\":\"ReadAction\",\"target\":[\"https:\/\/ctp.eu\/ctp-policies\/\"]}]},{\"@type\":\"BreadcrumbList\",\"@id\":\"https:\/\/ctp.eu\/ctp-policies\/#breadcrumb\",\"itemListElement\":[{\"@type\":\"ListItem\",\"position\":1,\"name\":\"Home\",\"item\":\"https:\/\/ctp.eu\/\"},{\"@type\":\"ListItem\",\"position\":2,\"name\":\"CTP Policies\"}]},{\"@type\":\"WebSite\",\"@id\":\"https:\/\/ctp.eu\/#website\",\"url\":\"https:\/\/ctp.eu\/\",\"name\":\"Commercial Real Estate Developer And Manager\",\"description\":\"CTP - premium industrial warehouse and office buildings\",\"publisher\":{\"@id\":\"https:\/\/ctp.eu\/#organization\"},\"potentialAction\":[{\"@type\":\"SearchAction\",\"target\":{\"@type\":\"EntryPoint\",\"urlTemplate\":\"https:\/\/ctp.eu\/?s={search_term_string}\"},\"query-input\":{\"@type\":\"PropertyValueSpecification\",\"valueRequired\":true,\"valueName\":\"search_term_string\"}}],\"inLanguage\":\"it-IT\"},{\"@type\":\"Organization\",\"@id\":\"https:\/\/ctp.eu\/#organization\",\"name\":\"CTP\",\"url\":\"https:\/\/ctp.eu\/\",\"logo\":{\"@type\":\"ImageObject\",\"inLanguage\":\"it-IT\",\"@id\":\"https:\/\/ctp.eu\/#\/schema\/logo\/image\/\",\"url\":\"\",\"contentUrl\":\"\",\"caption\":\"CTP\"},\"image\":{\"@id\":\"https:\/\/ctp.eu\/#\/schema\/logo\/image\/\"}}]}<\/script>","yoast_head_json":{"title":"CTP Policies - Commercial Real Estate Developer And Manager","robots":{"index":"index","follow":"follow","max-snippet":"max-snippet:-1","max-image-preview":"max-image-preview:large","max-video-preview":"max-video-preview:-1"},"canonical":"https:\/\/ctp.eu\/it\/ctp-policies\/","og_locale":"it_IT","og_type":"article","og_title":"CTP Policies","og_description":"Dokumenty RODO sp\u00f3\u0142ek grupy CTP z siedzib\u0105 w Polsce Business Partner\u2019s Privacy Policy Consent to the Processing of Personal Data","og_url":"https:\/\/ctp.eu\/it\/ctp-policies\/","og_site_name":"Commercial Real Estate Developer And Manager","article_modified_time":"2025-02-19T12:41:37+00:00","twitter_card":"summary_large_image","twitter_misc":{"Tempo di lettura stimato":"1 minuto"},"schema":{"@context":"https:\/\/schema.org","@graph":[{"@type":"WebPage","@id":"https:\/\/ctp.eu\/ctp-policies\/","url":"https:\/\/ctp.eu\/ctp-policies\/","name":"CTP Policies - Commercial Real Estate Developer And Manager","isPartOf":{"@id":"https:\/\/ctp.eu\/#website"},"datePublished":"2019-08-13T12:26:43+00:00","dateModified":"2025-02-19T12:41:37+00:00","breadcrumb":{"@id":"https:\/\/ctp.eu\/ctp-policies\/#breadcrumb"},"inLanguage":"it-IT","potentialAction":[{"@type":"ReadAction","target":["https:\/\/ctp.eu\/ctp-policies\/"]}]},{"@type":"BreadcrumbList","@id":"https:\/\/ctp.eu\/ctp-policies\/#breadcrumb","itemListElement":[{"@type":"ListItem","position":1,"name":"Home","item":"https:\/\/ctp.eu\/"},{"@type":"ListItem","position":2,"name":"CTP Policies"}]},{"@type":"WebSite","@id":"https:\/\/ctp.eu\/#website","url":"https:\/\/ctp.eu\/","name":"Sviluppatore e gestore di immobili commerciali","description":"CTP - capannoni industriali e uffici di alta qualit\u00e0","publisher":{"@id":"https:\/\/ctp.eu\/#organization"},"potentialAction":[{"@type":"SearchAction","target":{"@type":"EntryPoint","urlTemplate":"https:\/\/ctp.eu\/?s={search_term_string}"},"query-input":{"@type":"PropertyValueSpecification","valueRequired":true,"valueName":"search_term_string"}}],"inLanguage":"it-IT"},{"@type":"Organization","@id":"https:\/\/ctp.eu\/#organization","name":"CTP","url":"https:\/\/ctp.eu\/","logo":{"@type":"ImageObject","inLanguage":"it-IT","@id":"https:\/\/ctp.eu\/#\/schema\/logo\/image\/","url":"","contentUrl":"","caption":"CTP"},"image":{"@id":"https:\/\/ctp.eu\/#\/schema\/logo\/image\/"}}]}},"_links":{"self":[{"href":"https:\/\/ctp.eu\/it\/wp-json\/wp\/v2\/pages\/6125","targetHints":{"allow":["GET"]}}],"collection":[{"href":"https:\/\/ctp.eu\/it\/wp-json\/wp\/v2\/pages"}],"about":[{"href":"https:\/\/ctp.eu\/it\/wp-json\/wp\/v2\/types\/page"}],"author":[{"embeddable":true,"href":"https:\/\/ctp.eu\/it\/wp-json\/wp\/v2\/users\/67"}],"replies":[{"embeddable":true,"href":"https:\/\/ctp.eu\/it\/wp-json\/wp\/v2\/comments?post=6125"}],"version-history":[{"count":7,"href":"https:\/\/ctp.eu\/it\/wp-json\/wp\/v2\/pages\/6125\/revisions"}],"predecessor-version":[{"id":103606,"href":"https:\/\/ctp.eu\/it\/wp-json\/wp\/v2\/pages\/6125\/revisions\/103606"}],"wp:attachment":[{"href":"https:\/\/ctp.eu\/it\/wp-json\/wp\/v2\/media?parent=6125"}],"curies":[{"name":"wp","href":"https:\/\/api.w.org\/{rel}","templated":true}]}}