{"id":5570,"date":"2019-06-03T12:24:30","date_gmt":"2019-06-03T12:24:30","guid":{"rendered":"https:\/\/www.ctp.eu\/?page_id=5570"},"modified":"2024-06-18T15:40:17","modified_gmt":"2024-06-18T13:40:17","slug":"cctv-policy","status":"publish","type":"page","link":"https:\/\/ctp.eu\/it\/ctp-policies\/cctv-policy\/","title":{"rendered":"Videosorveglianza e politica sulla privacy dei visitatori"},"content":{"rendered":"<div class=\"policy\">\n<h2>1. DISPOSIZIONI GENERALI<\/h2>\n<p>Ci impegniamo a rispettare la tua privacy e a proteggere i tuoi dati personali, ovvero qualsiasi informazione in grado di identificarti come persona fisica. La presente Informativa sulla privacy per la videosorveglianza e i visitatori (la \u201c<strong>politica sulla riservatezza<\/strong>\u201d) descrive come <strong>Gruppo CTP<\/strong> gestisce, elabora e protegge i dati personali dei visitatori e di altri individui che si trovano o visitano i nostri locali in relazione all&#039;identificazione dei visitatori e al monitoraggio dei locali tramite un sistema di videosorveglianza CCTV (il \u201c<strong>Sistema di videosorveglianza<\/strong>\u201d). Il titolare del trattamento dei tuoi dati personali \u00e8 un&#039;entit\u00e0 del Gruppo CTP (\u201c<strong>CTP<\/strong>\u201d&quot; O &quot;\u201c<strong>Noi<\/strong>\u201d) in qualit\u00e0 di proprietario dell&#039;edificio, del parco o di altri locali pertinenti che potresti visitare. Come utilizzato nella presente Informativa sulla privacy, \u201cdati personali\u201d indica le informazioni che identificano i nostri inquilini, i dipendenti degli inquilini e altre persone di contatto, nonch\u00e9 i visitatori dei nostri locali e edifici (\u2019<strong>Voi<\/strong>\u201d).<\/p>\n<p>La presente Informativa sulla privacy ti informa inoltre sui tuoi diritti in materia di trattamento dei dati personali e su come e con quali mezzi puoi esercitarli.<\/p>\n<p>Vi raccomandiamo di prendere visione attentamente della presente Informativa sulla privacy.<\/p>\n<p>&nbsp;<\/p>\n<h2>2. TITOLARE DEL TRATTAMENTO E DATI DI CONTATTO<\/h2>\n<p>Il titolare del trattamento dei tuoi dati personali \u00e8 il <a href=\"https:\/\/ctp.eu\/wp-content\/uploads\/2020\/11\/List-of-Relevant-Entities.pdf\" target=\"_blank\" rel=\"noopener\">entit\u00e0 rilevante<\/a>\u00a0dal gruppo CTP (<a href=\"https:\/\/ctp.eu\/it\/\">ctp.eu<\/a>) che gestisce l&#039;edificio o il parco CTP che stai visitando. I dettagli di contatto aggiornati e altre informazioni sul gruppo CTP sono disponibili all&#039;indirizzo <a href=\"https:\/\/ctp.eu\/it\/contact\/\">https:\/\/ctp.eu\/contact\/<\/a>.<\/p>\n<p>&nbsp;<\/p>\n<h2>3. SISTEMA DI VIDEOSORVEGLIANZA<\/h2>\n<h3>3.1 Descrizione del sistema di videosorveglianza<\/h3>\n<p>I nostri sistemi di videosorveglianza sono generalmente composti da un massimo di 20 telecamere, dislocate sia all&#039;esterno che all&#039;interno dei nostri edifici. Il numero e la posizione esatti delle telecamere dipendono dal singolo edificio, parco o altra struttura gestita dal gruppo CTP. Il sistema di videosorveglianza pu\u00f2 riprendere le aree esterne degli edifici di nostra propriet\u00e0, gli ingressi, i corridoi e altri spazi accessibili al pubblico all&#039;interno delle strutture. Il sistema di videosorveglianza non monitora aree private.<\/p>\n<p>I pittogrammi delle telecamere a circuito chiuso sono posizionati in punti ben visibili, vicino agli ingressi dei nostri edifici, parchi o altre sedi del Gruppo CTP.<\/p>\n<p>&nbsp;<\/p>\n<h3>3.2 Finalit\u00e0 del trattamento e periodo di conservazione<\/h3>\n<p>Trattiamo i vostri dati personali utilizzando un sistema di videosorveglianza con immagini monitorate e registrate, comprese immagini visive e il vostro aspetto personale.<\/p>\n<p>Elaboriamo queste registrazioni per preservare l&#039;integrit\u00e0 e la sicurezza degli edifici gestiti da CTP, delle aree circostanti e dei beni in essi contenuti, comprese le nostre propriet\u00e0 e quelle dei nostri inquilini.<\/p>\n<p>La base giuridica per tale trattamento \u00e8 la tutela dei nostri legittimi interessi (come definiti dall&#039;art. 6, paragrafo 1, lettera f) del GDPR) per proteggere i valori e gli interessi sopra indicati.<\/p>\n<p>Le immagini catturate dal sistema sono colorate e registrate in modo continuo. Le registrazioni vengono conservate come un\u00a0<strong>ciclo continuo per il numero di giorni specificato in ciascuna politica o documentazione relativa alla costruzione del paese<\/strong>, che \u00e8 il periodo necessario per noi per individuare e indagare su un potenziale incidente. Trascorso questo periodo, le registrazioni vengono eliminate.<\/p>\n<p>Alcune parti delle registrazioni (inclusi i dati personali ivi contenuti) possono essere conservate selettivamente per un periodo pi\u00f9 lungo al fine di stabilire, esercitare o difendere i nostri diritti legali o per altri legittimi interessi.<\/p>\n<p>&nbsp;<\/p>\n<h3>3.3 Sistemi di videosorveglianza degli inquilini<\/h3>\n<p>La preghiamo di notare che la presente Informativa sulla privacy non si applica ai sistemi di videosorveglianza installati all&#039;interno degli uffici affittati dai nostri inquilini (che si tratti del suo datore di lavoro, fornitore, appaltatore o partner commerciale che sta visitando).<\/p>\n<p>Tutti gli inquilini sono liberi di installare i propri sistemi di videosorveglianza e telecamere (nel rispetto del nostro regolamento interno), per i quali non ci assumiamo alcuna responsabilit\u00e0. Potremmo inoltre gestire alcune telecamere installate dagli inquilini (nei loro locali), nel qual caso agiremo come responsabili del trattamento dei dati per il sistema di videosorveglianza di tali inquilini e non ne saremo responsabili.<\/p>\n<p>Per ulteriori informazioni sul trattamento dei dati effettuato da tale inquilino, si prega di contattarlo direttamente.<\/p>\n<p>&nbsp;<\/p>\n<h2>4 Identit\u00e0 dei visitatori e accesso E sistema di parcheggio<\/h2>\n<h3>4.1 Visitatori degli edifici<\/h3>\n<p>Per motivi di sicurezza, richiediamo a tutti i visitatori dei nostri edifici e locali (in particolare ai visitatori occasionali che non sono dipendenti a tempo indeterminato dei nostri inquilini) di identificarsi. Potremmo trattare i vostri dati personali al fine di mantenere registri accurati dei visitatori dei nostri locali e fornire modalit\u00e0 di accesso appropriate.<\/p>\n<p>A tal fine, potremmo chiedervi di fornirci il vostro nome per consentirci di verificare il vostro documento d&#039;identit\u00e0. Potremmo quindi memorizzare il vostro nome, la data e l&#039;ora della vostra visita, il nome dell&#039;host e l&#039;informazione che il vostro documento d&#039;identit\u00e0 \u00e8 stato verificato (non memorizziamo i dettagli del vostro documento d&#039;identit\u00e0) e, potenzialmente, informazioni sulla vostra autorizzazione al parcheggio.<\/p>\n<p>La base giuridica per il trattamento dei vostri dati personali \u00e8 il nostro legittimo interesse, e il legittimo interesse dei nostri inquilini, a garantire l&#039;integrit\u00e0 e la sicurezza degli edifici gestiti da CTP e dei beni in essi contenuti, comprese le nostre propriet\u00e0, le propriet\u00e0 dei nostri inquilini e le aree circostanti.<\/p>\n<p>I dati personali relativi alla verifica dell&#039;identit\u00e0 dei visitatori vengono conservati per un (1) mese.<\/p>\n<p>&nbsp;<\/p>\n<h3>4.2 Sistema di accesso e parcheggio<\/h3>\n<p>Nei nostri edifici disponiamo inoltre di un sistema di accesso e parcheggio che vi permetter\u00e0 di parcheggiare la vostra auto e accedere all&#039;edificio senza essere controllati come visitatori (vedere la Sezione 4.1 sopra). Per questi motivi, gli inquilini potrebbero fornirci alcuni dati che saranno collegati alla vostra tessera di parcheggio e\/o di accesso.<\/p>\n<p>La preghiamo di notare che non siamo responsabili del trattamento dei suoi dati personali relativi a questi sistemi, per i quali agiamo semplicemente come responsabili del trattamento. Per ulteriori informazioni sul trattamento dei suoi dati personali per tali finalit\u00e0, la preghiamo di contattare il responsabile (che sia il suo datore di lavoro, fornitore, appaltatore o partner commerciale che le ha fornito l&#039;accesso e\/o il permesso di parcheggio).<\/p>\n<p>&nbsp;<\/p>\n<h2>5. CONDIVISIONE E TRASFERIMENTO DEI DATI PERSONALI (DESTINATARI DEI DATI PERSONALI)<\/h2>\n<h3>5.1 Destinatari dei dati personali<\/h3>\n<p>Le registrazioni del sistema di videosorveglianza, cos\u00ec come altri dati personali presenti nei nostri sistemi di accesso o di parcheggio, possono essere condivise con determinate terze parti autorizzate a difendere i nostri diritti legali o a garantire la sicurezza dei nostri inquilini o della nostra propriet\u00e0, nonch\u00e9 con alcune autorit\u00e0 pubbliche. Tali destinatari dei dati personali agiscono in qualit\u00e0 di responsabili del trattamento o altri titolari del trattamento. I vostri dati personali possono essere condivisi con:<\/p>\n<ul>\n<li>nei limiti necessari, all&#039;interno del Gruppo CTP per scopi amministrativi;<\/li>\n<li>agenzie di sicurezza nei nostri edifici;<\/li>\n<li>Fornitori di servizi IT per la videosorveglianza, il controllo degli accessi e la gestione dei parcheggi;<\/li>\n<li>rappresentanti legali esterni vincolati da un obbligo di riservatezza per la tutela dei nostri legittimi interessi;<\/li>\n<li>organi di pubblica accusa, tribunali e autorit\u00e0 amministrative, in conformit\u00e0 con i nostri obblighi di legge.<\/li>\n<\/ul>\n<p>Abbiamo stipulato accordi sul trattamento dei dati personali con i responsabili del trattamento, come indicato nel paragrafo precedente (fatta eccezione per i casi in cui la conclusione di tale accordo non sia obbligatoria, ad esempio, in caso di trasferimento di dati personali alle autorit\u00e0 pubbliche), che garantiscono almeno lo stesso livello di protezione previsto dalla presente Informativa sulla privacy.<\/p>\n<p>&nbsp;<\/p>\n<h2>6 SICUREZZA DEI DATI<\/h2>\n<p>Abbiamo implementato e manteniamo misure tecniche e organizzative adeguate, controlli interni e processi di sicurezza delle informazioni in conformit\u00e0 con i requisiti legali e gli standard di mercato corrispondenti a una possibile minaccia per la vostra in qualit\u00e0 di interessati. Teniamo inoltre conto dello stato di sviluppo tecnologico al fine di proteggere i vostri dati personali da perdita accidentale, distruzione, alterazione, divulgazione o accesso non autorizzati. Tali misure possono includere, tra l&#039;altro, l&#039;adozione di misure ragionevoli per garantire la responsabilit\u00e0 dei dipendenti che hanno accesso ai vostri dati, la formazione dei dipendenti, backup regolari, procedure per l&#039;aggiornamento dei dati e la gestione degli incidenti, protezione software per i dispositivi su cui sono memorizzati i dati personali, ecc.<\/p>\n<p>&nbsp;<\/p>\n<h2>7 I TUOI DIRITTI IN QUALIT\u00c0 DI INTERESSATO<\/h2>\n<p>Se desiderate esercitare uno qualsiasi dei vostri diritti ai sensi del presente articolo o della legislazione applicabile, vi preghiamo di contattarci utilizzando le informazioni di contatto indicate nell&#039;articolo 2 di cui sopra.<\/p>\n<p>Inoltre, se del caso, informeremo ciascun destinatario a cui i vostri dati sono stati forniti ai sensi dell&#039;articolo 4 della presente Informativa sulla privacy delle misure adottate o della cancellazione dei vostri dati personali o della limitazione del trattamento in conformit\u00e0 alla vostra richiesta, se tale notifica \u00e8 possibile e\/o non comporta sforzi sproporzionati.<\/p>\n<p>Se desiderate esercitare i vostri diritti in relazione ai dati personali ai quali abbiamo accesso solo in qualit\u00e0 di responsabili del trattamento (come ad esempio i dati memorizzati nei sistemi di accesso o di parcheggio), vi preghiamo di contattare l&#039;inquilino responsabile.<\/p>\n<p>&nbsp;<\/p>\n<h3>7.1 Accesso ai tuoi dati personali<\/h3>\n<p>Hai il diritto di richiedere informazioni sul fatto se e in che misura trattiamo i tuoi dati personali. Hai inoltre il diritto di ricevere i dati personali che ci hai fornito e altri dati personali che ti riguardano.<\/p>\n<p>L&#039;accesso ai vostri dati provenienti dal sistema di videosorveglianza, o una copia di tali dati, vi sar\u00e0 concesso solo nei casi in cui tale richiesta non pregiudichi i diritti e le libert\u00e0 di terzi e qualora, sulla base delle informazioni da voi fornite, siamo in grado di identificare la parte della registrazione video contenente i vostri dati personali. I diritti di terzi saranno lesi in particolare qualora la parte della registrazione richiesta contenga anche dati personali di tali terzi.<\/p>\n<p>&nbsp;<\/p>\n<h3>7.2 Limitazione del trattamento<\/h3>\n<p>Se ci chiedete di limitare il trattamento dei vostri dati personali, ad esempio quando contestate l&#039;esattezza, la licealit\u00e0 o la necessit\u00e0 del trattamento, limiteremo il trattamento dei vostri dati personali al minimo indispensabile (conservazione) e, se del caso, tratteremo tali dati solo per accertare, esercitare o difendere un diritto in sede giudiziaria o laddove necessario per tutelare i diritti di altre persone fisiche o giuridiche, o per altri motivi limitati previsti dalla legge applicabile. Qualora la limitazione venga revocata e dovessimo riprendere il trattamento dei vostri dati personali, ne sarete informati senza indebito ritardo.<\/p>\n<p>La richiesta di limitazione del trattamento pu\u00f2 essere effettuata utilizzando le informazioni di contatto sopra indicate.<\/p>\n<p>&nbsp;<\/p>\n<h3>7.3 Obiezioni al trattamento<\/h3>\n<p>Hai il diritto di opporti al trattamento dei dati. Se non dimostriamo l&#039;esistenza di motivi legittimi e cogenti per il trattamento che prevalgano sui tuoi interessi, diritti e libert\u00e0, non tratteremo pi\u00f9 i tuoi dati personali e li cancelleremo senza indebito ritardo.<\/p>\n<p>Eventuali obiezioni al trattamento dei dati possono essere sollevate utilizzando i recapiti sopra indicati.<\/p>\n<p>&nbsp;<\/p>\n<h3>7.4 Reclamo a un&#039;autorit\u00e0 di protezione dei dati<\/h3>\n<p>Hai il diritto di presentare un reclamo in merito al trattamento dei dati da noi effettuato all&#039;autorit\u00e0 competente per la protezione dei dati, ovvero:<\/p>\n<p>&nbsp;<\/p>\n<p>Repubblica Ceca: Ufficio per la protezione dei dati personali, Indirizzo: Pplk. Sochora 27, 170 00 Praga 7; sito web:\u00a0<a href=\"http:\/\/www.uoou.cz\/\">www.uoou.cz<\/a>.<\/p>\n<p>Austria: Autorit\u00e0 austriaca per la protezione dei dati (\u00d6sterreichische Datenschutzbeh\u00f6rde). Indirizzo: Barichgasse 40-42, 1030 Vienna, Austria, <a href=\"http:\/\/www.data-protection-authority.gv.at\/\">http:\/\/www.data-protection-authority.gv.at\/<\/a><\/p>\n<p>Bulgaria: Commissione per la protezione dei dati personali (\u041a\u043e\u043c\u0438\u0441\u0438\u044f \u0437\u0430 \u0437\u0430\u0449\u0438\u0442\u0430 \u043d\u0430 \u043b\u0438\u0447\u043d\u0438\u0442\u0435 \u0434\u0430\u043d\u043d\u0438), Indirizzo: 2, Prof. Tsvetan Lazarov Blvd., 1592 Sofia, Bulgaria, <a href=\"http:\/\/www.cpdp.bg\/\">http:\/\/www.cpdp.bg\/<\/a><\/p>\n<p>Germania: Commissario federale per la protezione dei dati e la libert\u00e0 di informazione (Bundesbeauftragter f\u00fcr den Datenschutz und die Informationsfreiheit), Indirizzo: Husarenstra\u00dfe 30, 53117 Bonn, Germania, <a href=\"http:\/\/www.bfdi.bund.de\/EN\/Home\/home_node.html\">http:\/\/www.bfdi.bund.de\/EN\/Home\/home_node.html<\/a><\/p>\n<p>Ungheria: Autorit\u00e0 nazionale ungherese per la protezione dei dati e la libert\u00e0 di informazione (Nemzeti Adatv\u00e9delmi \u00e9s Inform\u00e1ci\u00f3szabads\u00e1g Hat\u00f3s\u00e1g), Indirizzo: Falk Miksa utca 9-11, H-1055 Budapest, Ungheria, <a href=\"http:\/\/www.naih.hu\/about-the-authority\">http:\/\/www.naih.hu\/about-the-authority<\/a><\/p>\n<p>Polonia: Ufficio del Presidente per la protezione dei dati personali (Urzad Ochrony Danych Osobowych), Indirizzo: Stawki 2, 00-193 Varsavia, Polonia, <a href=\"http:\/\/uodo.gov.pl\/en\">http:\/\/uodo.gov.pl\/en<\/a><\/p>\n<p>Serbia: Commissario per le informazioni di rilevanza pubblica e la protezione dei dati personali (Poverenik za informacije od javnog zna\u010daja i za\u0161titu podataka o li\u010dnosti), Indirizzo: Bulevar kralja Aleksandra 15, 11000 Belgrado, Serbia, <a href=\"http:\/\/www.poverenik.rs\/\">http:\/\/www.poverenik.rs\/<\/a><\/p>\n<p>Slovacchia: Ufficio per la protezione dei dati personali della Repubblica slovacca (\u00darad na ochranu osobn\u00fdch \u00fadajov Slovenskej republiky), Indirizzo: Hrani\u010dn\u00e1 12, 820 07 Bratislava, Slovacchia, <a href=\"https:\/\/dataprotection.gov.sk\/en\/\">https:\/\/dataprotection.gov.sk\/en\/<\/a><\/p>\n<p>Romania: Autorit\u00e0 Nazionale di Controllo per il Trattamento dei Dati Personali (Autoritatea Na\u021bional\u0103 de Supraveghere a Prelucr\u0103rii Datelor cu Caracter Personal), Indirizzo: B-dul Magheru 28-30, Sector 1, 010336 Bucarest, Romania, <a href=\"http:\/\/www.dataprotection.ro\/\">http:\/\/www.dataprotection.ro\/<\/a><\/p>\n<p>Paesi Bassi: Autorit\u00e0 olandese per la protezione dei dati (Autoriteit Persoonsgegevens), Indirizzo: Bezuidenhoutseweg 30, 2594 AV L&#039;Aia, Paesi Bassi, <a href=\"http:\/\/autoriteitpersoonsgegevens.nl\/\">http:\/\/autoriteitpersoonsgegevens.nl\/<\/a><\/p>\n<p>&nbsp;<\/p>\n<p>&nbsp;<\/p>\n<h2>8 AGGIORNAMENTI ALLA POLITICA SULLA PRIVACY<\/h2>\n<p>Potremmo modificare o aggiornare la presente Informativa sulla privacy di tanto in tanto. Qualsiasi modifica alla presente Informativa sulla privacy entrer\u00e0 in vigore con la pubblicazione dell&#039;Informativa sulla privacy aggiornata all&#039;indirizzo <a href=\"https:\/\/ctp.eu\/it\/cctv-policy\/\">https:\/\/ctp.eu\/cctv-policy\/<\/a>.<\/p>\n<\/div>\n<style>.policy p{color: #737373;}.policy ul{font-size: 16px;  line-height: 26px;  margin-bottom: 10px;  margin-left: 15px;} .policy a{color: #e94e1b;}<\/style>","protected":false},"excerpt":{"rendered":"<p>1. DISPOSIZIONI GENERALI Ci impegniamo a rispettare la tua privacy e a proteggere i tuoi dati personali, ovvero qualsiasi informazione che<\/p>","protected":false},"author":67,"featured_media":0,"parent":6125,"menu_order":0,"comment_status":"closed","ping_status":"closed","template":"","meta":{"_acf_changed":false,"footnotes":""},"class_list":["post-5570","page","type-page","status-publish","hentry"],"acf":[],"yoast_head":"<title>CCTV and visitors privacy policy - Commercial Real Estate Developer And Manager<\/title>\n<meta name=\"robots\" content=\"index, follow, max-snippet:-1, max-image-preview:large, max-video-preview:-1\" \/>\n<link rel=\"canonical\" href=\"https:\/\/ctp.eu\/it\/ctp-policies\/cctv-policy\/\" \/>\n<meta property=\"og:locale\" content=\"it_IT\" \/>\n<meta property=\"og:type\" content=\"article\" \/>\n<meta property=\"og:title\" content=\"CCTV and visitors privacy policy\" \/>\n<meta property=\"og:description\" content=\"1. GENERAL PROVISIONS We are committed to respecting your privacy and protecting your personal data, which is any information that\" \/>\n<meta property=\"og:url\" content=\"https:\/\/ctp.eu\/it\/ctp-policies\/cctv-policy\/\" \/>\n<meta property=\"og:site_name\" content=\"Commercial Real Estate Developer And Manager\" \/>\n<meta property=\"article:modified_time\" content=\"2024-06-18T13:40:17+00:00\" \/>\n<meta name=\"twitter:card\" content=\"summary_large_image\" \/>\n<meta name=\"twitter:label1\" content=\"Tempo di lettura stimato\" \/>\n\t<meta name=\"twitter:data1\" content=\"9 minuti\" \/>\n<script type=\"application\/ld+json\" class=\"yoast-schema-graph\">{\"@context\":\"https:\/\/schema.org\",\"@graph\":[{\"@type\":\"WebPage\",\"@id\":\"https:\/\/ctp.eu\/ctp-policies\/cctv-policy\/\",\"url\":\"https:\/\/ctp.eu\/ctp-policies\/cctv-policy\/\",\"name\":\"CCTV and visitors privacy policy - Commercial Real Estate Developer And Manager\",\"isPartOf\":{\"@id\":\"https:\/\/ctp.eu\/#website\"},\"datePublished\":\"2019-06-03T12:24:30+00:00\",\"dateModified\":\"2024-06-18T13:40:17+00:00\",\"breadcrumb\":{\"@id\":\"https:\/\/ctp.eu\/ctp-policies\/cctv-policy\/#breadcrumb\"},\"inLanguage\":\"it-IT\",\"potentialAction\":[{\"@type\":\"ReadAction\",\"target\":[\"https:\/\/ctp.eu\/ctp-policies\/cctv-policy\/\"]}]},{\"@type\":\"BreadcrumbList\",\"@id\":\"https:\/\/ctp.eu\/ctp-policies\/cctv-policy\/#breadcrumb\",\"itemListElement\":[{\"@type\":\"ListItem\",\"position\":1,\"name\":\"Home\",\"item\":\"https:\/\/ctp.eu\/\"},{\"@type\":\"ListItem\",\"position\":2,\"name\":\"CTP Policies\",\"item\":\"https:\/\/ctp.eu\/ctp-policies\/\"},{\"@type\":\"ListItem\",\"position\":3,\"name\":\"CCTV and visitors privacy policy\"}]},{\"@type\":\"WebSite\",\"@id\":\"https:\/\/ctp.eu\/#website\",\"url\":\"https:\/\/ctp.eu\/\",\"name\":\"Commercial Real Estate Developer And Manager\",\"description\":\"CTP - premium industrial warehouse and office buildings\",\"publisher\":{\"@id\":\"https:\/\/ctp.eu\/#organization\"},\"potentialAction\":[{\"@type\":\"SearchAction\",\"target\":{\"@type\":\"EntryPoint\",\"urlTemplate\":\"https:\/\/ctp.eu\/?s={search_term_string}\"},\"query-input\":{\"@type\":\"PropertyValueSpecification\",\"valueRequired\":true,\"valueName\":\"search_term_string\"}}],\"inLanguage\":\"it-IT\"},{\"@type\":\"Organization\",\"@id\":\"https:\/\/ctp.eu\/#organization\",\"name\":\"CTP\",\"url\":\"https:\/\/ctp.eu\/\",\"logo\":{\"@type\":\"ImageObject\",\"inLanguage\":\"it-IT\",\"@id\":\"https:\/\/ctp.eu\/#\/schema\/logo\/image\/\",\"url\":\"\",\"contentUrl\":\"\",\"caption\":\"CTP\"},\"image\":{\"@id\":\"https:\/\/ctp.eu\/#\/schema\/logo\/image\/\"}}]}<\/script>","yoast_head_json":{"title":"Informativa sulla privacy relativa a telecamere a circuito chiuso e visitatori - Sviluppatore e gestore di immobili commerciali","robots":{"index":"index","follow":"follow","max-snippet":"max-snippet:-1","max-image-preview":"max-image-preview:large","max-video-preview":"max-video-preview:-1"},"canonical":"https:\/\/ctp.eu\/it\/ctp-policies\/cctv-policy\/","og_locale":"it_IT","og_type":"article","og_title":"CCTV and visitors privacy policy","og_description":"1. GENERAL PROVISIONS We are committed to respecting your privacy and protecting your personal data, which is any information that","og_url":"https:\/\/ctp.eu\/it\/ctp-policies\/cctv-policy\/","og_site_name":"Commercial Real Estate Developer And Manager","article_modified_time":"2024-06-18T13:40:17+00:00","twitter_card":"summary_large_image","twitter_misc":{"Tempo di lettura stimato":"9 minuti"},"schema":{"@context":"https:\/\/schema.org","@graph":[{"@type":"WebPage","@id":"https:\/\/ctp.eu\/ctp-policies\/cctv-policy\/","url":"https:\/\/ctp.eu\/ctp-policies\/cctv-policy\/","name":"Informativa sulla privacy relativa a telecamere a circuito chiuso e visitatori - Sviluppatore e gestore di immobili commerciali","isPartOf":{"@id":"https:\/\/ctp.eu\/#website"},"datePublished":"2019-06-03T12:24:30+00:00","dateModified":"2024-06-18T13:40:17+00:00","breadcrumb":{"@id":"https:\/\/ctp.eu\/ctp-policies\/cctv-policy\/#breadcrumb"},"inLanguage":"it-IT","potentialAction":[{"@type":"ReadAction","target":["https:\/\/ctp.eu\/ctp-policies\/cctv-policy\/"]}]},{"@type":"BreadcrumbList","@id":"https:\/\/ctp.eu\/ctp-policies\/cctv-policy\/#breadcrumb","itemListElement":[{"@type":"ListItem","position":1,"name":"Home","item":"https:\/\/ctp.eu\/"},{"@type":"ListItem","position":2,"name":"CTP Policies","item":"https:\/\/ctp.eu\/ctp-policies\/"},{"@type":"ListItem","position":3,"name":"CCTV and visitors privacy policy"}]},{"@type":"WebSite","@id":"https:\/\/ctp.eu\/#website","url":"https:\/\/ctp.eu\/","name":"Sviluppatore e gestore di immobili commerciali","description":"CTP - capannoni industriali e uffici di alta qualit\u00e0","publisher":{"@id":"https:\/\/ctp.eu\/#organization"},"potentialAction":[{"@type":"SearchAction","target":{"@type":"EntryPoint","urlTemplate":"https:\/\/ctp.eu\/?s={search_term_string}"},"query-input":{"@type":"PropertyValueSpecification","valueRequired":true,"valueName":"search_term_string"}}],"inLanguage":"it-IT"},{"@type":"Organization","@id":"https:\/\/ctp.eu\/#organization","name":"CTP","url":"https:\/\/ctp.eu\/","logo":{"@type":"ImageObject","inLanguage":"it-IT","@id":"https:\/\/ctp.eu\/#\/schema\/logo\/image\/","url":"","contentUrl":"","caption":"CTP"},"image":{"@id":"https:\/\/ctp.eu\/#\/schema\/logo\/image\/"}}]}},"_links":{"self":[{"href":"https:\/\/ctp.eu\/it\/wp-json\/wp\/v2\/pages\/5570","targetHints":{"allow":["GET"]}}],"collection":[{"href":"https:\/\/ctp.eu\/it\/wp-json\/wp\/v2\/pages"}],"about":[{"href":"https:\/\/ctp.eu\/it\/wp-json\/wp\/v2\/types\/page"}],"author":[{"embeddable":true,"href":"https:\/\/ctp.eu\/it\/wp-json\/wp\/v2\/users\/67"}],"replies":[{"embeddable":true,"href":"https:\/\/ctp.eu\/it\/wp-json\/wp\/v2\/comments?post=5570"}],"version-history":[{"count":4,"href":"https:\/\/ctp.eu\/it\/wp-json\/wp\/v2\/pages\/5570\/revisions"}],"predecessor-version":[{"id":95081,"href":"https:\/\/ctp.eu\/it\/wp-json\/wp\/v2\/pages\/5570\/revisions\/95081"}],"up":[{"embeddable":true,"href":"https:\/\/ctp.eu\/it\/wp-json\/wp\/v2\/pages\/6125"}],"wp:attachment":[{"href":"https:\/\/ctp.eu\/it\/wp-json\/wp\/v2\/media?parent=5570"}],"curies":[{"name":"wp","href":"https:\/\/api.w.org\/{rel}","templated":true}]}}