{"id":33817,"date":"2021-11-15T17:42:43","date_gmt":"2021-11-15T15:42:43","guid":{"rendered":"https:\/\/www.ctp.eu\/?page_id=33817"},"modified":"2024-08-26T14:50:10","modified_gmt":"2024-08-26T12:50:10","slug":"vienna","status":"publish","type":"page","link":"https:\/\/ctp.eu\/it\/regions\/vienna\/","title":{"rendered":"Vienna"},"content":{"rendered":"","protected":false},"excerpt":{"rendered":"","protected":false},"author":22,"featured_media":0,"parent":9638,"menu_order":0,"comment_status":"closed","ping_status":"closed","template":"region-details.php","meta":{"_acf_changed":false,"footnotes":""},"class_list":["post-33817","page","type-page","status-publish","hentry"],"acf":[],"yoast_head":"<title>Vienna - Commercial Real Estate Developer And Manager<\/title>\n<meta name=\"description\" content=\"Austria\u2019s capital is often thought of just for its rich cultural history, but it is also a vital economic hub in Central Europe. It often ranks as the most livable city in the world by indexes by the Economist and Mercer, which is a testament to factors such as its ease of mobility, infrastructure, political stability, and progress. Beyond its strong education ...\u00a0\" \/>\n<meta name=\"robots\" content=\"index, follow, max-snippet:-1, max-image-preview:large, max-video-preview:-1\" \/>\n<link rel=\"canonical\" href=\"https:\/\/ctp.eu\/it\/regions\/vienna\/\" \/>\n<meta property=\"og:locale\" content=\"it_IT\" \/>\n<meta property=\"og:type\" content=\"article\" \/>\n<meta property=\"og:title\" content=\"Vienna\" \/>\n<meta property=\"og:description\" content=\"Austria\u2019s capital is often thought of just for its rich cultural history, but it is also a vital economic hub in Central Europe. It often ranks as the most livable city in the world by indexes by the Economist and Mercer, which is a testament to factors such as its ease of mobility, infrastructure, political stability, and progress. Beyond its strong education ...\u00a0\" \/>\n<meta property=\"og:url\" content=\"https:\/\/ctp.eu\/it\/regions\/vienna\/\" \/>\n<meta property=\"og:site_name\" content=\"Commercial Real Estate Developer And Manager\" \/>\n<meta property=\"article:modified_time\" content=\"2024-08-26T12:50:10+00:00\" \/>\n<meta name=\"twitter:card\" content=\"summary_large_image\" \/>\n<script type=\"application\/ld+json\" class=\"yoast-schema-graph\">{\"@context\":\"https:\/\/schema.org\",\"@graph\":[{\"@type\":\"WebPage\",\"@id\":\"https:\/\/ctp.eu\/regions\/vienna\/\",\"url\":\"https:\/\/ctp.eu\/regions\/vienna\/\",\"name\":\"Vienna - Commercial Real Estate Developer And Manager\",\"isPartOf\":{\"@id\":\"https:\/\/ctp.eu\/#website\"},\"datePublished\":\"2021-11-15T15:42:43+00:00\",\"dateModified\":\"2024-08-26T12:50:10+00:00\",\"description\":\"Austria\u2019s capital is often thought of just for its rich cultural history, but it is also a vital economic hub in Central Europe. It often ranks as the most livable city in the world by indexes by the Economist and Mercer, which is a testament to factors such as its ease of mobility, infrastructure, political stability, and progress. Beyond its strong education ...\u00a0\",\"breadcrumb\":{\"@id\":\"https:\/\/ctp.eu\/regions\/vienna\/#breadcrumb\"},\"inLanguage\":\"it-IT\",\"potentialAction\":[{\"@type\":\"ReadAction\",\"target\":[\"https:\/\/ctp.eu\/regions\/vienna\/\"]}]},{\"@type\":\"BreadcrumbList\",\"@id\":\"https:\/\/ctp.eu\/regions\/vienna\/#breadcrumb\",\"itemListElement\":[{\"@type\":\"ListItem\",\"position\":1,\"name\":\"Home\",\"item\":\"https:\/\/ctp.eu\/\"},{\"@type\":\"ListItem\",\"position\":2,\"name\":\"Hot Regions\",\"item\":\"https:\/\/ctp.eu\/regions\/\"},{\"@type\":\"ListItem\",\"position\":3,\"name\":\"Vienna\"}]},{\"@type\":\"WebSite\",\"@id\":\"https:\/\/ctp.eu\/#website\",\"url\":\"https:\/\/ctp.eu\/\",\"name\":\"Commercial Real Estate Developer And Manager\",\"description\":\"CTP - premium industrial warehouse and office buildings\",\"publisher\":{\"@id\":\"https:\/\/ctp.eu\/#organization\"},\"potentialAction\":[{\"@type\":\"SearchAction\",\"target\":{\"@type\":\"EntryPoint\",\"urlTemplate\":\"https:\/\/ctp.eu\/?s={search_term_string}\"},\"query-input\":{\"@type\":\"PropertyValueSpecification\",\"valueRequired\":true,\"valueName\":\"search_term_string\"}}],\"inLanguage\":\"it-IT\"},{\"@type\":\"Organization\",\"@id\":\"https:\/\/ctp.eu\/#organization\",\"name\":\"CTP\",\"url\":\"https:\/\/ctp.eu\/\",\"logo\":{\"@type\":\"ImageObject\",\"inLanguage\":\"it-IT\",\"@id\":\"https:\/\/ctp.eu\/#\/schema\/logo\/image\/\",\"url\":\"\",\"contentUrl\":\"\",\"caption\":\"CTP\"},\"image\":{\"@id\":\"https:\/\/ctp.eu\/#\/schema\/logo\/image\/\"}}]}<\/script>","yoast_head_json":{"title":"Vienna - Sviluppatore e gestore immobiliare commerciale","description":"La capitale austriaca \u00e8 spesso considerata solo per la sua ricca storia culturale, ma \u00e8 anche un importante centro economico dell&#039;Europa centrale. \u00c8 spesso classificata come la citt\u00e0 pi\u00f9 vivibile al mondo dagli indici dell&#039;Economist e di Mercer, a testimonianza di fattori come la facilit\u00e0 di mobilit\u00e0, le infrastrutture, la stabilit\u00e0 politica e il progresso. Oltre al suo eccellente livello di istruzione...\u00a0","robots":{"index":"index","follow":"follow","max-snippet":"max-snippet:-1","max-image-preview":"max-image-preview:large","max-video-preview":"max-video-preview:-1"},"canonical":"https:\/\/ctp.eu\/it\/regions\/vienna\/","og_locale":"it_IT","og_type":"article","og_title":"Vienna","og_description":"Austria\u2019s capital is often thought of just for its rich cultural history, but it is also a vital economic hub in Central Europe. It often ranks as the most livable city in the world by indexes by the Economist and Mercer, which is a testament to factors such as its ease of mobility, infrastructure, political stability, and progress. Beyond its strong education ...\u00a0","og_url":"https:\/\/ctp.eu\/it\/regions\/vienna\/","og_site_name":"Commercial Real Estate Developer And Manager","article_modified_time":"2024-08-26T12:50:10+00:00","twitter_card":"summary_large_image","schema":{"@context":"https:\/\/schema.org","@graph":[{"@type":"WebPage","@id":"https:\/\/ctp.eu\/regions\/vienna\/","url":"https:\/\/ctp.eu\/regions\/vienna\/","name":"Vienna - Sviluppatore e gestore immobiliare commerciale","isPartOf":{"@id":"https:\/\/ctp.eu\/#website"},"datePublished":"2021-11-15T15:42:43+00:00","dateModified":"2024-08-26T12:50:10+00:00","description":"La capitale austriaca \u00e8 spesso considerata solo per la sua ricca storia culturale, ma \u00e8 anche un importante centro economico dell&#039;Europa centrale. \u00c8 spesso classificata come la citt\u00e0 pi\u00f9 vivibile al mondo dagli indici dell&#039;Economist e di Mercer, a testimonianza di fattori come la facilit\u00e0 di mobilit\u00e0, le infrastrutture, la stabilit\u00e0 politica e il progresso. Oltre al suo eccellente livello di istruzione...\u00a0","breadcrumb":{"@id":"https:\/\/ctp.eu\/regions\/vienna\/#breadcrumb"},"inLanguage":"it-IT","potentialAction":[{"@type":"ReadAction","target":["https:\/\/ctp.eu\/regions\/vienna\/"]}]},{"@type":"BreadcrumbList","@id":"https:\/\/ctp.eu\/regions\/vienna\/#breadcrumb","itemListElement":[{"@type":"ListItem","position":1,"name":"Home","item":"https:\/\/ctp.eu\/"},{"@type":"ListItem","position":2,"name":"Hot Regions","item":"https:\/\/ctp.eu\/regions\/"},{"@type":"ListItem","position":3,"name":"Vienna"}]},{"@type":"WebSite","@id":"https:\/\/ctp.eu\/#website","url":"https:\/\/ctp.eu\/","name":"Sviluppatore e gestore di immobili commerciali","description":"CTP - capannoni industriali e uffici di alta qualit\u00e0","publisher":{"@id":"https:\/\/ctp.eu\/#organization"},"potentialAction":[{"@type":"SearchAction","target":{"@type":"EntryPoint","urlTemplate":"https:\/\/ctp.eu\/?s={search_term_string}"},"query-input":{"@type":"PropertyValueSpecification","valueRequired":true,"valueName":"search_term_string"}}],"inLanguage":"it-IT"},{"@type":"Organization","@id":"https:\/\/ctp.eu\/#organization","name":"CTP","url":"https:\/\/ctp.eu\/","logo":{"@type":"ImageObject","inLanguage":"it-IT","@id":"https:\/\/ctp.eu\/#\/schema\/logo\/image\/","url":"","contentUrl":"","caption":"CTP"},"image":{"@id":"https:\/\/ctp.eu\/#\/schema\/logo\/image\/"}}]}},"_links":{"self":[{"href":"https:\/\/ctp.eu\/it\/wp-json\/wp\/v2\/pages\/33817","targetHints":{"allow":["GET"]}}],"collection":[{"href":"https:\/\/ctp.eu\/it\/wp-json\/wp\/v2\/pages"}],"about":[{"href":"https:\/\/ctp.eu\/it\/wp-json\/wp\/v2\/types\/page"}],"author":[{"embeddable":true,"href":"https:\/\/ctp.eu\/it\/wp-json\/wp\/v2\/users\/22"}],"replies":[{"embeddable":true,"href":"https:\/\/ctp.eu\/it\/wp-json\/wp\/v2\/comments?post=33817"}],"version-history":[{"count":1,"href":"https:\/\/ctp.eu\/it\/wp-json\/wp\/v2\/pages\/33817\/revisions"}],"predecessor-version":[{"id":96736,"href":"https:\/\/ctp.eu\/it\/wp-json\/wp\/v2\/pages\/33817\/revisions\/96736"}],"up":[{"embeddable":true,"href":"https:\/\/ctp.eu\/it\/wp-json\/wp\/v2\/pages\/9638"}],"wp:attachment":[{"href":"https:\/\/ctp.eu\/it\/wp-json\/wp\/v2\/media?parent=33817"}],"curies":[{"name":"wp","href":"https:\/\/api.w.org\/{rel}","templated":true}]}}