{"id":2001,"date":"2018-05-10T13:17:39","date_gmt":"2018-05-10T13:17:39","guid":{"rendered":"https:\/\/www.ctp.eu\/?page_id=2001"},"modified":"2020-08-28T10:58:58","modified_gmt":"2020-08-28T10:58:58","slug":"consent-to-the-processing-of-personal-data","status":"publish","type":"page","link":"https:\/\/ctp.eu\/it\/ctp-policies\/consent-to-the-processing-of-personal-data\/","title":{"rendered":"Consenso al trattamento dei dati personali"},"content":{"rendered":"<div class=\"policy\">\n<p><strong>Informativa sulla privacy<\/strong><\/p>\n<p>La presente informativa sulla privacy si applica al rispetto del diritto alla privacy dal punto di vista della protezione dei dati personali in relazione a questo sito web gestito da <strong>CTP invest, spol. s.r.o.<\/strong>, con sede legale in CTPark Humpolec, 39601 Humpolec, iscritta nel registro delle imprese presso il tribunale regionale di \u010cesk\u00e9 Bud\u011bjovice, fascicolo n\u00b0 C 15647 (\u201c<strong>il Titolare<\/strong>\u201c).<\/p>\n<p>&nbsp;<\/p>\n<p><strong>Tutela della privacy e dei dati personali<\/strong><\/p>\n<p><strong>CTP invest, spol. s.r.o.<\/strong> tratta i dati personali dei propri clienti nell&#039;ambito delle proprie attivit\u00e0 e agisce in qualit\u00e0 di Titolare del trattamento ai sensi del Regolamento (UE) 2016\/679 del Parlamento europeo e del Consiglio del 27 aprile 2016 relativo alla protezione delle persone fisiche con riguardo al trattamento dei dati personali (&quot;<strong>GDPR<\/strong>\u201c). Nell&#039;ambito dei nostri obblighi in qualit\u00e0 di Titolare del trattamento, ti sottoponiamo il presente documento in cui ti forniamo informazioni in merito alle modalit\u00e0, all&#039;entit\u00e0 e alle altre condizioni del trattamento dei tuoi dati personali sul nostro sito web.<\/p>\n<p>&nbsp;<\/p>\n<p><strong>Quali dati personali trattiamo?<\/strong><\/p>\n<p>Sul nostro sito web trattiamo i tuoi dati personali, tra cui l'indirizzo IP, le informazioni sul sistema operativo, sul tipo di browser e sul dispositivo finale, nonch\u00e9 le informazioni sulla tua attivit\u00e0 sul nostro sito web, registrate e memorizzate tramite file cookie.<\/p>\n<p>&nbsp;<\/p>\n<p><strong>Qual \u00e8 lo scopo del trattamento dei tuoi dati personali?<\/strong><\/p>\n<p>Il Titolare tratta e conserva i tuoi dati personali alle condizioni e nei limiti previsti dalla normativa vigente per le seguenti finalit\u00e0:<\/p>\n<ol>\n<li>Trattamenti per i quali non \u00e8 necessario il tuo consenso:<\/li>\n<\/ol>\n<p><em>Ottimizzazione del funzionamento del sito web<\/em><\/p>\n<p>Trattiamo i dati personali allo scopo di garantire il corretto funzionamento del sito web, di personalizzare i contenuti del sito web per l'utente e di migliorarne il comfort di utilizzo.<\/p>\n<p>\u00c8 possibile disattivare la memorizzazione dei cookie sul proprio dispositivo modificando opportunamente le impostazioni del browser. Tuttavia, ci\u00f2 potrebbe limitare il funzionamento del sito web, inclusa la disabilitazione dell&#039;accesso ad alcune sue sezioni. Se non si \u00e8 configurato correttamente il browser, il nostro sistema invier\u00e0 automaticamente i cookie ogni volta che si accede al nostro sito web.<\/p>\n<p>Puoi eliminare i cookie memorizzati sul tuo dispositivo cancellando la cronologia di navigazione dal tuo computer. Puoi anche scegliere di visualizzare il nostro sito web in modalit\u00e0 &quot;privata&quot;, che limita la quantit\u00e0 di dati registrati dal computer.<\/p>\n<p>&nbsp;<\/p>\n<p>2. Trattamenti che svolgiamo solo con il tuo consenso:<\/p>\n<p><em>Finalit\u00e0 di marketing<\/em><\/p>\n<p>I tuoi dati personali sotto forma di cookie di marketing vengono utilizzati per valutare le tue preferenze grazie alle quali vengono visualizzate le pubblicit\u00e0 pi\u00f9 rilevanti per te.<\/p>\n<p>A tale scopo, questo sito web utilizza strumenti di marketing di terze parti:<\/p>\n<ul>\n<li>Dati di Google Analytics;<\/li>\n<li>Facebook;<\/li>\n<li>Leady.cz;<\/li>\n<li>Fornitori simili di strumenti analitici e di marketing.<\/li>\n<\/ul>\n<p>Il consenso prestato per finalit\u00e0 di marketing \u00e8 facoltativo e, anche se non lo fornisci, potrai comunque visitare il nostro sito web. Il consenso pu\u00f2 essere revocato in qualsiasi momento.<\/p>\n<ul>\n<li>Distribuzione della newsletter e di altre comunicazioni commerciali<\/li>\n<\/ul>\n<p>Il consenso prestato per ricevere newsletter e altre comunicazioni commerciali \u00e8 facoltativo; tuttavia, in caso di rifiuto, non sar\u00e0 possibile ricevere regolarmente informazioni e notizie sulle nostre attivit\u00e0. \u00c8 possibile revocare il consenso in qualsiasi momento; le informazioni dettagliate sulle modalit\u00e0 di revoca sono incluse in ogni e-mail.<\/p>\n<p>&nbsp;<\/p>\n<p><strong>Qual \u00e8 la base giuridica del trattamento?<\/strong><\/p>\n<p>La base giuridica nel primo caso (paragrafo a.) \u00e8 il legittimo interesse del Titolare che consiste nel corretto funzionamento del sito web e, se i dati sono trattati per finalit\u00e0 di marketing (paragrafo b.), la base giuridica \u00e8 il tuo consenso espresso.<\/p>\n<p>&nbsp;<\/p>\n<p><strong>A chi vengono trasferiti i dati?<\/strong><\/p>\n<p>Elaboriamo e conserviamo i dati personali da te forniti principalmente per nostro conto. Nella misura strettamente necessaria, altri responsabili del trattamento possono elaborare i dati, come i fornitori di servizi di contabilit\u00e0 e IT, esclusivamente sulla base di un contratto di elaborazione dati. Per quanto riguarda il trattamento per finalit\u00e0 di marketing basato sul tuo consenso, trasferiamo i tuoi dati personali a soggetti che ci forniscono servizi di marketing.<\/p>\n<p>&nbsp;<\/p>\n<p><strong>Per quanto tempo tratteremo i tuoi dati personali?<\/strong><\/p>\n<p>I tuoi dati personali vengono trattati per il periodo strettamente necessario al conseguimento della finalit\u00e0 del trattamento, vale a dire almeno per la durata del contratto in questione, per il periodo di validit\u00e0 del consenso e per il periodo durante il quale il Titolare del trattamento \u00e8 obbligato o autorizzato a conservare i dati in conformit\u00e0 alla normativa generalmente vincolante.<\/p>\n<p>&nbsp;<\/p>\n<p><strong>Quali sono i miei diritti in materia di protezione dei dati personali?<\/strong><\/p>\n<p>In qualit\u00e0 di interessato, hai tutti i diritti previsti dal GDPR, inclusi, ma non limitati a:<\/p>\n<ol>\n<li>il diritto di ricevere informazioni in merito al trattamento dei tuoi dati personali;<\/li>\n<li>il diritto di accesso ai propri dati personali;<\/li>\n<li>il diritto di chiedere al Titolare del trattamento la rettifica, la cancellazione dei dati personali o la limitazione del trattamento;<\/li>\n<li>il diritto di opporsi al trattamento dei dati personali;<\/li>\n<li>il diritto di ottenere i tuoi dati personali (portabilit\u00e0 dei dati); e<\/li>\n<li>il diritto di presentare un reclamo all&#039;Ufficio per il trattamento dei dati personali.<\/li>\n<\/ol>\n<p>&nbsp;<\/p>\n<p><strong>Come posso contattare il Titolare del trattamento dei miei dati personali?<\/strong><\/p>\n<p>Puoi contattare il Titolare del trattamento per questioni relative alla protezione dei tuoi dati personali e all'esercizio dei tuoi diritti, inclusa la revoca del consenso, mediante una lettera inviata all'indirizzo della sede legale del Titolare, scrivendo all'indirizzo e-mail: <a href=\"mailto:info@ctp.eu\">info@ctp.eu<\/a> e telefonicamente al numero: +420 222 390 942.<\/p>\n<\/div>","protected":false},"excerpt":{"rendered":"<p>Informativa sulla privacy La presente informativa sulla privacy si applica al rispetto del diritto alla privacy dal punto di vista dei dati personali<\/p>","protected":false},"author":67,"featured_media":0,"parent":6125,"menu_order":0,"comment_status":"closed","ping_status":"closed","template":"","meta":{"_acf_changed":false,"footnotes":""},"class_list":["post-2001","page","type-page","status-publish","hentry"],"acf":[],"yoast_head":"<title>Consent to the processing of personal data - Commercial Real Estate Developer And Manager<\/title>\n<meta name=\"robots\" content=\"index, follow, max-snippet:-1, max-image-preview:large, max-video-preview:-1\" \/>\n<link rel=\"canonical\" href=\"https:\/\/ctp.eu\/it\/ctp-policies\/consent-to-the-processing-of-personal-data\/\" \/>\n<meta property=\"og:locale\" content=\"it_IT\" \/>\n<meta property=\"og:type\" content=\"article\" \/>\n<meta property=\"og:title\" content=\"Consent to the processing of personal data\" \/>\n<meta property=\"og:description\" content=\"Privacy Notice This privacy notice applies to observing the right to privacy from the point of view of personal data\" \/>\n<meta property=\"og:url\" content=\"https:\/\/ctp.eu\/it\/ctp-policies\/consent-to-the-processing-of-personal-data\/\" \/>\n<meta property=\"og:site_name\" content=\"Commercial Real Estate Developer And Manager\" \/>\n<meta property=\"article:modified_time\" content=\"2020-08-28T10:58:58+00:00\" \/>\n<meta name=\"twitter:card\" content=\"summary_large_image\" \/>\n<meta name=\"twitter:label1\" content=\"Tempo di lettura stimato\" \/>\n\t<meta name=\"twitter:data1\" content=\"4 minuti\" \/>\n<script type=\"application\/ld+json\" class=\"yoast-schema-graph\">{\"@context\":\"https:\/\/schema.org\",\"@graph\":[{\"@type\":\"WebPage\",\"@id\":\"https:\/\/ctp.eu\/ctp-policies\/consent-to-the-processing-of-personal-data\/\",\"url\":\"https:\/\/ctp.eu\/ctp-policies\/consent-to-the-processing-of-personal-data\/\",\"name\":\"Consent to the processing of personal data - Commercial Real Estate Developer And Manager\",\"isPartOf\":{\"@id\":\"https:\/\/ctp.eu\/#website\"},\"datePublished\":\"2018-05-10T13:17:39+00:00\",\"dateModified\":\"2020-08-28T10:58:58+00:00\",\"breadcrumb\":{\"@id\":\"https:\/\/ctp.eu\/ctp-policies\/consent-to-the-processing-of-personal-data\/#breadcrumb\"},\"inLanguage\":\"it-IT\",\"potentialAction\":[{\"@type\":\"ReadAction\",\"target\":[\"https:\/\/ctp.eu\/ctp-policies\/consent-to-the-processing-of-personal-data\/\"]}]},{\"@type\":\"BreadcrumbList\",\"@id\":\"https:\/\/ctp.eu\/ctp-policies\/consent-to-the-processing-of-personal-data\/#breadcrumb\",\"itemListElement\":[{\"@type\":\"ListItem\",\"position\":1,\"name\":\"Home\",\"item\":\"https:\/\/ctp.eu\/\"},{\"@type\":\"ListItem\",\"position\":2,\"name\":\"CTP Policies\",\"item\":\"https:\/\/ctp.eu\/ctp-policies\/\"},{\"@type\":\"ListItem\",\"position\":3,\"name\":\"Consent to the processing of personal data\"}]},{\"@type\":\"WebSite\",\"@id\":\"https:\/\/ctp.eu\/#website\",\"url\":\"https:\/\/ctp.eu\/\",\"name\":\"Commercial Real Estate Developer And Manager\",\"description\":\"CTP - premium industrial warehouse and office buildings\",\"publisher\":{\"@id\":\"https:\/\/ctp.eu\/#organization\"},\"potentialAction\":[{\"@type\":\"SearchAction\",\"target\":{\"@type\":\"EntryPoint\",\"urlTemplate\":\"https:\/\/ctp.eu\/?s={search_term_string}\"},\"query-input\":{\"@type\":\"PropertyValueSpecification\",\"valueRequired\":true,\"valueName\":\"search_term_string\"}}],\"inLanguage\":\"it-IT\"},{\"@type\":\"Organization\",\"@id\":\"https:\/\/ctp.eu\/#organization\",\"name\":\"CTP\",\"url\":\"https:\/\/ctp.eu\/\",\"logo\":{\"@type\":\"ImageObject\",\"inLanguage\":\"it-IT\",\"@id\":\"https:\/\/ctp.eu\/#\/schema\/logo\/image\/\",\"url\":\"\",\"contentUrl\":\"\",\"caption\":\"CTP\"},\"image\":{\"@id\":\"https:\/\/ctp.eu\/#\/schema\/logo\/image\/\"}}]}<\/script>","yoast_head_json":{"title":"Consenso al trattamento dei dati personali - Sviluppatore e gestore immobiliare commerciale","robots":{"index":"index","follow":"follow","max-snippet":"max-snippet:-1","max-image-preview":"max-image-preview:large","max-video-preview":"max-video-preview:-1"},"canonical":"https:\/\/ctp.eu\/it\/ctp-policies\/consent-to-the-processing-of-personal-data\/","og_locale":"it_IT","og_type":"article","og_title":"Consent to the processing of personal data","og_description":"Privacy Notice This privacy notice applies to observing the right to privacy from the point of view of personal data","og_url":"https:\/\/ctp.eu\/it\/ctp-policies\/consent-to-the-processing-of-personal-data\/","og_site_name":"Commercial Real Estate Developer And Manager","article_modified_time":"2020-08-28T10:58:58+00:00","twitter_card":"summary_large_image","twitter_misc":{"Tempo di lettura stimato":"4 minuti"},"schema":{"@context":"https:\/\/schema.org","@graph":[{"@type":"WebPage","@id":"https:\/\/ctp.eu\/ctp-policies\/consent-to-the-processing-of-personal-data\/","url":"https:\/\/ctp.eu\/ctp-policies\/consent-to-the-processing-of-personal-data\/","name":"Consenso al trattamento dei dati personali - Sviluppatore e gestore immobiliare commerciale","isPartOf":{"@id":"https:\/\/ctp.eu\/#website"},"datePublished":"2018-05-10T13:17:39+00:00","dateModified":"2020-08-28T10:58:58+00:00","breadcrumb":{"@id":"https:\/\/ctp.eu\/ctp-policies\/consent-to-the-processing-of-personal-data\/#breadcrumb"},"inLanguage":"it-IT","potentialAction":[{"@type":"ReadAction","target":["https:\/\/ctp.eu\/ctp-policies\/consent-to-the-processing-of-personal-data\/"]}]},{"@type":"BreadcrumbList","@id":"https:\/\/ctp.eu\/ctp-policies\/consent-to-the-processing-of-personal-data\/#breadcrumb","itemListElement":[{"@type":"ListItem","position":1,"name":"Home","item":"https:\/\/ctp.eu\/"},{"@type":"ListItem","position":2,"name":"CTP Policies","item":"https:\/\/ctp.eu\/ctp-policies\/"},{"@type":"ListItem","position":3,"name":"Consent to the processing of personal data"}]},{"@type":"WebSite","@id":"https:\/\/ctp.eu\/#website","url":"https:\/\/ctp.eu\/","name":"Sviluppatore e gestore di immobili commerciali","description":"CTP - capannoni industriali e uffici di alta qualit\u00e0","publisher":{"@id":"https:\/\/ctp.eu\/#organization"},"potentialAction":[{"@type":"SearchAction","target":{"@type":"EntryPoint","urlTemplate":"https:\/\/ctp.eu\/?s={search_term_string}"},"query-input":{"@type":"PropertyValueSpecification","valueRequired":true,"valueName":"search_term_string"}}],"inLanguage":"it-IT"},{"@type":"Organization","@id":"https:\/\/ctp.eu\/#organization","name":"CTP","url":"https:\/\/ctp.eu\/","logo":{"@type":"ImageObject","inLanguage":"it-IT","@id":"https:\/\/ctp.eu\/#\/schema\/logo\/image\/","url":"","contentUrl":"","caption":"CTP"},"image":{"@id":"https:\/\/ctp.eu\/#\/schema\/logo\/image\/"}}]}},"_links":{"self":[{"href":"https:\/\/ctp.eu\/it\/wp-json\/wp\/v2\/pages\/2001","targetHints":{"allow":["GET"]}}],"collection":[{"href":"https:\/\/ctp.eu\/it\/wp-json\/wp\/v2\/pages"}],"about":[{"href":"https:\/\/ctp.eu\/it\/wp-json\/wp\/v2\/types\/page"}],"author":[{"embeddable":true,"href":"https:\/\/ctp.eu\/it\/wp-json\/wp\/v2\/users\/67"}],"replies":[{"embeddable":true,"href":"https:\/\/ctp.eu\/it\/wp-json\/wp\/v2\/comments?post=2001"}],"version-history":[{"count":0,"href":"https:\/\/ctp.eu\/it\/wp-json\/wp\/v2\/pages\/2001\/revisions"}],"up":[{"embeddable":true,"href":"https:\/\/ctp.eu\/it\/wp-json\/wp\/v2\/pages\/6125"}],"wp:attachment":[{"href":"https:\/\/ctp.eu\/it\/wp-json\/wp\/v2\/media?parent=2001"}],"curies":[{"name":"wp","href":"https:\/\/api.w.org\/{rel}","templated":true}]}}