{"id":99563,"date":"2024-11-08T19:21:13","date_gmt":"2024-11-08T17:21:13","guid":{"rendered":"https:\/\/ctp.eu\/?page_id=99563"},"modified":"2026-03-11T16:41:38","modified_gmt":"2026-03-11T15:41:38","slug":"solutions","status":"publish","type":"page","link":"https:\/\/ctp.eu\/hu\/solutions\/","title":{"rendered":"Megold\u00e1sok"},"content":{"rendered":"<p>C\u00e9lunk, hogy hossz\u00fa t\u00e1von partnerek lehess\u00fcnk a n\u00f6veked\u00e9sedben az\u00e1ltal, hogy kezelj\u00fck a probl\u00e9m\u00e1s pontokat, \u00e9s \u00edgy lehet\u0151v\u00e9 tessz\u00fck, hogy arra \u00f6sszpontos\u00edthass, amiben a te v\u00e1llalkoz\u00e1sod az er\u0151s.<\/p>","protected":false},"excerpt":{"rendered":"<p>C\u00e9lunk, hogy hossz\u00fa t\u00e1v\u00fa n\u00f6veked\u00e9si partnere lehess\u00fcnk az\u00e1ltal, hogy kezelj\u00fck a f\u00e1jdalmas pontjait, lehet\u0151v\u00e9 t\u00e9ve, hogy arra \u00f6sszpontos\u00edthass, amire v\u00e1gysz<\/p>","protected":false},"author":22,"featured_media":0,"parent":0,"menu_order":0,"comment_status":"closed","ping_status":"closed","template":"templates\/solutions.php","meta":{"_acf_changed":false,"footnotes":""},"class_list":["post-99563","page","type-page","status-publish","hentry"],"acf":[],"yoast_head":"<title>Solutions - Commercial Real Estate Developer And Manager<\/title>\n<meta name=\"description\" content=\"We aim to be your long-term growth partner by addressing your pain points, allowing you to focus on what your company does best.\u00a0\" \/>\n<meta name=\"robots\" content=\"index, follow, max-snippet:-1, max-image-preview:large, max-video-preview:-1\" \/>\n<link rel=\"canonical\" href=\"https:\/\/ctp.eu\/hu\/solutions\/\" \/>\n<meta property=\"og:locale\" content=\"hu_HU\" \/>\n<meta property=\"og:type\" content=\"article\" \/>\n<meta property=\"og:title\" content=\"Solutions\" \/>\n<meta property=\"og:description\" content=\"We aim to be your long-term growth partner by addressing your pain points, allowing you to focus on what your company does best.\u00a0\" \/>\n<meta property=\"og:url\" content=\"https:\/\/ctp.eu\/hu\/solutions\/\" \/>\n<meta property=\"og:site_name\" content=\"Commercial Real Estate Developer And Manager\" \/>\n<meta property=\"article:modified_time\" content=\"2026-03-11T15:41:38+00:00\" \/>\n<meta name=\"twitter:card\" content=\"summary_large_image\" \/>\n<meta name=\"twitter:label1\" content=\"Becs\u00fclt olvas\u00e1si id\u0151\" \/>\n\t<meta name=\"twitter:data1\" content=\"1 perc\" \/>\n<script type=\"application\/ld+json\" class=\"yoast-schema-graph\">{\"@context\":\"https:\/\/schema.org\",\"@graph\":[{\"@type\":\"WebPage\",\"@id\":\"https:\/\/ctp.eu\/solutions\/\",\"url\":\"https:\/\/ctp.eu\/solutions\/\",\"name\":\"Solutions - Commercial Real Estate Developer And Manager\",\"isPartOf\":{\"@id\":\"https:\/\/ctp.eu\/#website\"},\"datePublished\":\"2024-11-08T17:21:13+00:00\",\"dateModified\":\"2026-03-11T15:41:38+00:00\",\"description\":\"We aim to be your long-term growth partner by addressing your pain points, allowing you to focus on what your company does best.\u00a0\",\"breadcrumb\":{\"@id\":\"https:\/\/ctp.eu\/solutions\/#breadcrumb\"},\"inLanguage\":\"hu\",\"potentialAction\":[{\"@type\":\"ReadAction\",\"target\":[\"https:\/\/ctp.eu\/solutions\/\"]}]},{\"@type\":\"BreadcrumbList\",\"@id\":\"https:\/\/ctp.eu\/solutions\/#breadcrumb\",\"itemListElement\":[{\"@type\":\"ListItem\",\"position\":1,\"name\":\"Home\",\"item\":\"https:\/\/ctp.eu\/\"},{\"@type\":\"ListItem\",\"position\":2,\"name\":\"Solutions\"}]},{\"@type\":\"WebSite\",\"@id\":\"https:\/\/ctp.eu\/#website\",\"url\":\"https:\/\/ctp.eu\/\",\"name\":\"Commercial Real Estate Developer And Manager\",\"description\":\"CTP - premium industrial warehouse and office buildings\",\"publisher\":{\"@id\":\"https:\/\/ctp.eu\/#organization\"},\"potentialAction\":[{\"@type\":\"SearchAction\",\"target\":{\"@type\":\"EntryPoint\",\"urlTemplate\":\"https:\/\/ctp.eu\/?s={search_term_string}\"},\"query-input\":{\"@type\":\"PropertyValueSpecification\",\"valueRequired\":true,\"valueName\":\"search_term_string\"}}],\"inLanguage\":\"hu\"},{\"@type\":\"Organization\",\"@id\":\"https:\/\/ctp.eu\/#organization\",\"name\":\"CTP\",\"url\":\"https:\/\/ctp.eu\/\",\"logo\":{\"@type\":\"ImageObject\",\"inLanguage\":\"hu\",\"@id\":\"https:\/\/ctp.eu\/#\/schema\/logo\/image\/\",\"url\":\"\",\"contentUrl\":\"\",\"caption\":\"CTP\"},\"image\":{\"@id\":\"https:\/\/ctp.eu\/#\/schema\/logo\/image\/\"}}]}<\/script>","yoast_head_json":{"title":"Megold\u00e1sok \u2013 Kereskedelmi ingatlanfejleszt\u0151 \u00e9s menedzser","description":"C\u00e9lunk, hogy hossz\u00fa t\u00e1von partnerek lehess\u00fcnk a n\u00f6veked\u00e9sedben az\u00e1ltal, hogy kezelj\u00fck a probl\u00e9m\u00e1s pontokat, \u00e9s \u00edgy lehet\u0151v\u00e9 tessz\u00fck, hogy arra \u00f6sszpontos\u00edthass, amiben a te v\u00e1llalkoz\u00e1sod az er\u0151s.\u00a0","robots":{"index":"index","follow":"follow","max-snippet":"max-snippet:-1","max-image-preview":"max-image-preview:large","max-video-preview":"max-video-preview:-1"},"canonical":"https:\/\/ctp.eu\/hu\/solutions\/","og_locale":"hu_HU","og_type":"article","og_title":"Solutions","og_description":"We aim to be your long-term growth partner by addressing your pain points, allowing you to focus on what your company does best.\u00a0","og_url":"https:\/\/ctp.eu\/hu\/solutions\/","og_site_name":"Commercial Real Estate Developer And Manager","article_modified_time":"2026-03-11T15:41:38+00:00","twitter_card":"summary_large_image","twitter_misc":{"Becs\u00fclt olvas\u00e1si id\u0151":"1 perc"},"schema":{"@context":"https:\/\/schema.org","@graph":[{"@type":"WebPage","@id":"https:\/\/ctp.eu\/solutions\/","url":"https:\/\/ctp.eu\/solutions\/","name":"Megold\u00e1sok \u2013 Kereskedelmi ingatlanfejleszt\u0151 \u00e9s menedzser","isPartOf":{"@id":"https:\/\/ctp.eu\/#website"},"datePublished":"2024-11-08T17:21:13+00:00","dateModified":"2026-03-11T15:41:38+00:00","description":"C\u00e9lunk, hogy hossz\u00fa t\u00e1von partnerek lehess\u00fcnk a n\u00f6veked\u00e9sedben az\u00e1ltal, hogy kezelj\u00fck a probl\u00e9m\u00e1s pontokat, \u00e9s \u00edgy lehet\u0151v\u00e9 tessz\u00fck, hogy arra \u00f6sszpontos\u00edthass, amiben a te v\u00e1llalkoz\u00e1sod az er\u0151s.\u00a0","breadcrumb":{"@id":"https:\/\/ctp.eu\/solutions\/#breadcrumb"},"inLanguage":"hu","potentialAction":[{"@type":"ReadAction","target":["https:\/\/ctp.eu\/solutions\/"]}]},{"@type":"BreadcrumbList","@id":"https:\/\/ctp.eu\/solutions\/#breadcrumb","itemListElement":[{"@type":"ListItem","position":1,"name":"Home","item":"https:\/\/ctp.eu\/"},{"@type":"ListItem","position":2,"name":"Solutions"}]},{"@type":"WebSite","@id":"https:\/\/ctp.eu\/#website","url":"https:\/\/ctp.eu\/","name":"Kereskedelmi ingatlanfejleszt\u0151 \u00e9s menedzser","description":"CTP - pr\u00e9mium ipari rakt\u00e1rak \u00e9s iroda\u00e9p\u00fcletek","publisher":{"@id":"https:\/\/ctp.eu\/#organization"},"potentialAction":[{"@type":"SearchAction","target":{"@type":"EntryPoint","urlTemplate":"https:\/\/ctp.eu\/?s={search_term_string}"},"query-input":{"@type":"PropertyValueSpecification","valueRequired":true,"valueName":"search_term_string"}}],"inLanguage":"hu"},{"@type":"Organization","@id":"https:\/\/ctp.eu\/#organization","name":"CTP","url":"https:\/\/ctp.eu\/","logo":{"@type":"ImageObject","inLanguage":"hu","@id":"https:\/\/ctp.eu\/#\/schema\/logo\/image\/","url":"","contentUrl":"","caption":"CTP"},"image":{"@id":"https:\/\/ctp.eu\/#\/schema\/logo\/image\/"}}]}},"_links":{"self":[{"href":"https:\/\/ctp.eu\/hu\/wp-json\/wp\/v2\/pages\/99563","targetHints":{"allow":["GET"]}}],"collection":[{"href":"https:\/\/ctp.eu\/hu\/wp-json\/wp\/v2\/pages"}],"about":[{"href":"https:\/\/ctp.eu\/hu\/wp-json\/wp\/v2\/types\/page"}],"author":[{"embeddable":true,"href":"https:\/\/ctp.eu\/hu\/wp-json\/wp\/v2\/users\/22"}],"replies":[{"embeddable":true,"href":"https:\/\/ctp.eu\/hu\/wp-json\/wp\/v2\/comments?post=99563"}],"version-history":[{"count":28,"href":"https:\/\/ctp.eu\/hu\/wp-json\/wp\/v2\/pages\/99563\/revisions"}],"predecessor-version":[{"id":114760,"href":"https:\/\/ctp.eu\/hu\/wp-json\/wp\/v2\/pages\/99563\/revisions\/114760"}],"wp:attachment":[{"href":"https:\/\/ctp.eu\/hu\/wp-json\/wp\/v2\/media?parent=99563"}],"curies":[{"name":"wp","href":"https:\/\/api.w.org\/{rel}","templated":true}]}}