{"id":99165,"date":"2024-10-17T15:43:30","date_gmt":"2024-10-17T13:43:30","guid":{"rendered":"https:\/\/ctp.eu\/?page_id=99165"},"modified":"2025-05-07T14:41:53","modified_gmt":"2025-05-07T12:41:53","slug":"building-fgh","status":"publish","type":"page","link":"https:\/\/ctp.eu\/hu\/vlnena\/building-fgh\/","title":{"rendered":"FGH \u00e9p\u00edt\u00e9se"},"content":{"rendered":"","protected":false},"excerpt":{"rendered":"","protected":false},"author":68,"featured_media":0,"parent":97358,"menu_order":0,"comment_status":"closed","ping_status":"closed","template":"templates\/park-promo-vlnena-buildings.php","meta":{"_acf_changed":false,"footnotes":""},"class_list":["post-99165","page","type-page","status-publish","hentry"],"acf":[],"yoast_head":"<title>Building FGH - Commercial Real Estate Developer And Manager<\/title>\n<meta name=\"robots\" content=\"index, follow, max-snippet:-1, max-image-preview:large, max-video-preview:-1\" \/>\n<link rel=\"canonical\" href=\"https:\/\/ctp.eu\/hu\/vlnena\/building-fgh\/\" \/>\n<meta property=\"og:locale\" content=\"hu_HU\" \/>\n<meta property=\"og:type\" content=\"article\" \/>\n<meta property=\"og:title\" content=\"Building FGH\" \/>\n<meta property=\"og:url\" content=\"https:\/\/ctp.eu\/hu\/vlnena\/building-fgh\/\" \/>\n<meta property=\"og:site_name\" content=\"Commercial Real Estate Developer And Manager\" \/>\n<meta property=\"article:modified_time\" content=\"2025-05-07T12:41:53+00:00\" \/>\n<meta name=\"twitter:card\" content=\"summary_large_image\" \/>\n<script type=\"application\/ld+json\" class=\"yoast-schema-graph\">{\"@context\":\"https:\\\/\\\/schema.org\",\"@graph\":[{\"@type\":\"WebPage\",\"@id\":\"https:\\\/\\\/ctp.eu\\\/vlnena\\\/building-fgh\\\/\",\"url\":\"https:\\\/\\\/ctp.eu\\\/vlnena\\\/building-fgh\\\/\",\"name\":\"Building FGH - Commercial Real Estate Developer And Manager\",\"isPartOf\":{\"@id\":\"https:\\\/\\\/ctp.eu\\\/#website\"},\"datePublished\":\"2024-10-17T13:43:30+00:00\",\"dateModified\":\"2025-05-07T12:41:53+00:00\",\"breadcrumb\":{\"@id\":\"https:\\\/\\\/ctp.eu\\\/vlnena\\\/building-fgh\\\/#breadcrumb\"},\"inLanguage\":\"hu\",\"potentialAction\":[{\"@type\":\"ReadAction\",\"target\":[\"https:\\\/\\\/ctp.eu\\\/vlnena\\\/building-fgh\\\/\"]}]},{\"@type\":\"BreadcrumbList\",\"@id\":\"https:\\\/\\\/ctp.eu\\\/vlnena\\\/building-fgh\\\/#breadcrumb\",\"itemListElement\":[{\"@type\":\"ListItem\",\"position\":1,\"name\":\"Home\",\"item\":\"https:\\\/\\\/ctp.eu\\\/\"},{\"@type\":\"ListItem\",\"position\":2,\"name\":\"Vln\u011bna\",\"item\":\"https:\\\/\\\/ctp.eu\\\/vlnena\\\/\"},{\"@type\":\"ListItem\",\"position\":3,\"name\":\"Building FGH\"}]},{\"@type\":\"WebSite\",\"@id\":\"https:\\\/\\\/ctp.eu\\\/#website\",\"url\":\"https:\\\/\\\/ctp.eu\\\/\",\"name\":\"Commercial Real Estate Developer And Manager\",\"description\":\"CTP - premium industrial warehouse and office buildings\",\"publisher\":{\"@id\":\"https:\\\/\\\/ctp.eu\\\/#organization\"},\"potentialAction\":[{\"@type\":\"SearchAction\",\"target\":{\"@type\":\"EntryPoint\",\"urlTemplate\":\"https:\\\/\\\/ctp.eu\\\/?s={search_term_string}\"},\"query-input\":{\"@type\":\"PropertyValueSpecification\",\"valueRequired\":true,\"valueName\":\"search_term_string\"}}],\"inLanguage\":\"hu\"},{\"@type\":\"Organization\",\"@id\":\"https:\\\/\\\/ctp.eu\\\/#organization\",\"name\":\"CTP\",\"url\":\"https:\\\/\\\/ctp.eu\\\/\",\"logo\":{\"@type\":\"ImageObject\",\"inLanguage\":\"hu\",\"@id\":\"https:\\\/\\\/ctp.eu\\\/#\\\/schema\\\/logo\\\/image\\\/\",\"url\":\"\",\"contentUrl\":\"\",\"caption\":\"CTP\"},\"image\":{\"@id\":\"https:\\\/\\\/ctp.eu\\\/#\\\/schema\\\/logo\\\/image\\\/\"}}]}<\/script>","yoast_head_json":{"title":"FGH \u00e9p\u00fclet - Kereskedelmi ingatlanfejleszt\u0151 \u00e9s menedzser","robots":{"index":"index","follow":"follow","max-snippet":"max-snippet:-1","max-image-preview":"max-image-preview:large","max-video-preview":"max-video-preview:-1"},"canonical":"https:\/\/ctp.eu\/hu\/vlnena\/building-fgh\/","og_locale":"hu_HU","og_type":"article","og_title":"Building FGH","og_url":"https:\/\/ctp.eu\/hu\/vlnena\/building-fgh\/","og_site_name":"Commercial Real Estate Developer And Manager","article_modified_time":"2025-05-07T12:41:53+00:00","twitter_card":"summary_large_image","schema":{"@context":"https:\/\/schema.org","@graph":[{"@type":"WebPage","@id":"https:\/\/ctp.eu\/vlnena\/building-fgh\/","url":"https:\/\/ctp.eu\/vlnena\/building-fgh\/","name":"FGH \u00e9p\u00fclet - Kereskedelmi ingatlanfejleszt\u0151 \u00e9s menedzser","isPartOf":{"@id":"https:\/\/ctp.eu\/#website"},"datePublished":"2024-10-17T13:43:30+00:00","dateModified":"2025-05-07T12:41:53+00:00","breadcrumb":{"@id":"https:\/\/ctp.eu\/vlnena\/building-fgh\/#breadcrumb"},"inLanguage":"hu","potentialAction":[{"@type":"ReadAction","target":["https:\/\/ctp.eu\/vlnena\/building-fgh\/"]}]},{"@type":"BreadcrumbList","@id":"https:\/\/ctp.eu\/vlnena\/building-fgh\/#breadcrumb","itemListElement":[{"@type":"ListItem","position":1,"name":"Home","item":"https:\/\/ctp.eu\/"},{"@type":"ListItem","position":2,"name":"Vln\u011bna","item":"https:\/\/ctp.eu\/vlnena\/"},{"@type":"ListItem","position":3,"name":"Building FGH"}]},{"@type":"WebSite","@id":"https:\/\/ctp.eu\/#website","url":"https:\/\/ctp.eu\/","name":"Kereskedelmi ingatlanfejleszt\u0151 \u00e9s menedzser","description":"CTP - pr\u00e9mium ipari rakt\u00e1rak \u00e9s iroda\u00e9p\u00fcletek","publisher":{"@id":"https:\/\/ctp.eu\/#organization"},"potentialAction":[{"@type":"SearchAction","target":{"@type":"EntryPoint","urlTemplate":"https:\/\/ctp.eu\/?s={search_term_string}"},"query-input":{"@type":"PropertyValueSpecification","valueRequired":true,"valueName":"search_term_string"}}],"inLanguage":"hu"},{"@type":"Organization","@id":"https:\/\/ctp.eu\/#organization","name":"CTP","url":"https:\/\/ctp.eu\/","logo":{"@type":"ImageObject","inLanguage":"hu","@id":"https:\/\/ctp.eu\/#\/schema\/logo\/image\/","url":"","contentUrl":"","caption":"CTP"},"image":{"@id":"https:\/\/ctp.eu\/#\/schema\/logo\/image\/"}}]}},"_links":{"self":[{"href":"https:\/\/ctp.eu\/hu\/wp-json\/wp\/v2\/pages\/99165","targetHints":{"allow":["GET"]}}],"collection":[{"href":"https:\/\/ctp.eu\/hu\/wp-json\/wp\/v2\/pages"}],"about":[{"href":"https:\/\/ctp.eu\/hu\/wp-json\/wp\/v2\/types\/page"}],"author":[{"embeddable":true,"href":"https:\/\/ctp.eu\/hu\/wp-json\/wp\/v2\/users\/68"}],"replies":[{"embeddable":true,"href":"https:\/\/ctp.eu\/hu\/wp-json\/wp\/v2\/comments?post=99165"}],"version-history":[{"count":46,"href":"https:\/\/ctp.eu\/hu\/wp-json\/wp\/v2\/pages\/99165\/revisions"}],"predecessor-version":[{"id":107415,"href":"https:\/\/ctp.eu\/hu\/wp-json\/wp\/v2\/pages\/99165\/revisions\/107415"}],"up":[{"embeddable":true,"href":"https:\/\/ctp.eu\/hu\/wp-json\/wp\/v2\/pages\/97358"}],"wp:attachment":[{"href":"https:\/\/ctp.eu\/hu\/wp-json\/wp\/v2\/media?parent=99165"}],"curies":[{"name":"wp","href":"https:\/\/api.w.org\/{rel}","templated":true}]}}