{"id":9638,"date":"2020-09-01T09:15:46","date_gmt":"2020-09-01T09:15:46","guid":{"rendered":"https:\/\/www.ctp.eu\/?page_id=9638"},"modified":"2021-03-17T16:57:10","modified_gmt":"2021-03-17T16:57:10","slug":"regions","status":"publish","type":"page","link":"https:\/\/ctp.eu\/hu\/regions\/","title":{"rendered":"Forr\u00f3 r\u00e9gi\u00f3k"},"content":{"rendered":"<p>A CTP kiv\u00e1l\u00f3 min\u0151s\u00e9g\u0171, fenntarthat\u00f3 rakt\u00e1rai b\u00e9relhet\u0151k logisztikai, e-kereskedelmi \u00e9s k\u00fcls\u0151 logisztikai szolg\u00e1ltat\u00f3k sz\u00e1m\u00e1ra K\u00f6z\u00e9p- \u00e9s Kelet-Eur\u00f3p\u00e1ban, a r\u00e9gi\u00f3 f\u0151v\u00e1rosait\u00f3l sz\u00e1mos m\u00e1s kulcsfontoss\u00e1g\u00fa v\u00e1rosk\u00f6zpontig. Minden park strat\u00e9giailag j\u00f3 helyen van, hogy kiv\u00e1l\u00f3 hozz\u00e1f\u00e9r\u00e9st biztos\u00edtson az aut\u00f3p\u00e1ly\u00e1khoz, rep\u00fcl\u0151terekhez \u00e9s m\u00e1s kulcsfontoss\u00e1g\u00fa k\u00f6zleked\u00e9si \u00e9s logisztikai csom\u00f3pontokhoz.<\/p>","protected":false},"excerpt":{"rendered":"<p>A CTP kiv\u00e1l\u00f3 min\u0151s\u00e9g\u0171, fenntarthat\u00f3 rakt\u00e1rai b\u00e9relhet\u0151k logisztikai, e-kereskedelmi \u00e9s k\u00fcls\u0151 logisztikai szolg\u00e1ltat\u00f3k sz\u00e1m\u00e1ra K\u00f6z\u00e9p- \u00e9s Kelet-Eur\u00f3p\u00e1ban,<\/p>","protected":false},"author":22,"featured_media":0,"parent":0,"menu_order":0,"comment_status":"closed","ping_status":"closed","template":"regions-page.php","meta":{"_acf_changed":false,"footnotes":""},"class_list":["post-9638","page","type-page","status-publish","hentry"],"acf":[],"yoast_head":"<title>Hot Regions - Commercial Real Estate Developer And Manager<\/title>\n<meta name=\"robots\" content=\"index, follow, max-snippet:-1, max-image-preview:large, max-video-preview:-1\" \/>\n<link rel=\"canonical\" href=\"https:\/\/ctp.eu\/hu\/regions\/\" \/>\n<meta property=\"og:locale\" content=\"hu_HU\" \/>\n<meta property=\"og:type\" content=\"article\" \/>\n<meta property=\"og:title\" content=\"Hot Regions\" \/>\n<meta property=\"og:description\" content=\"CTP\u2019s high-quality, sustainable warehouses are available for lease for logistics, ecommerce, and third-party logistics providers across Central and Eastern Europe,\" \/>\n<meta property=\"og:url\" content=\"https:\/\/ctp.eu\/hu\/regions\/\" \/>\n<meta property=\"og:site_name\" content=\"Commercial Real Estate Developer And Manager\" \/>\n<meta property=\"article:modified_time\" content=\"2021-03-17T16:57:10+00:00\" \/>\n<meta name=\"twitter:card\" content=\"summary_large_image\" \/>\n<script type=\"application\/ld+json\" class=\"yoast-schema-graph\">{\"@context\":\"https:\\\/\\\/schema.org\",\"@graph\":[{\"@type\":\"WebPage\",\"@id\":\"https:\\\/\\\/ctp.eu\\\/regions\\\/\",\"url\":\"https:\\\/\\\/ctp.eu\\\/regions\\\/\",\"name\":\"Hot Regions - Commercial Real Estate Developer And Manager\",\"isPartOf\":{\"@id\":\"https:\\\/\\\/ctp.eu\\\/#website\"},\"datePublished\":\"2020-09-01T09:15:46+00:00\",\"dateModified\":\"2021-03-17T16:57:10+00:00\",\"breadcrumb\":{\"@id\":\"https:\\\/\\\/ctp.eu\\\/regions\\\/#breadcrumb\"},\"inLanguage\":\"hu\",\"potentialAction\":[{\"@type\":\"ReadAction\",\"target\":[\"https:\\\/\\\/ctp.eu\\\/regions\\\/\"]}]},{\"@type\":\"BreadcrumbList\",\"@id\":\"https:\\\/\\\/ctp.eu\\\/regions\\\/#breadcrumb\",\"itemListElement\":[{\"@type\":\"ListItem\",\"position\":1,\"name\":\"Home\",\"item\":\"https:\\\/\\\/ctp.eu\\\/\"},{\"@type\":\"ListItem\",\"position\":2,\"name\":\"Hot Regions\"}]},{\"@type\":\"WebSite\",\"@id\":\"https:\\\/\\\/ctp.eu\\\/#website\",\"url\":\"https:\\\/\\\/ctp.eu\\\/\",\"name\":\"Commercial Real Estate Developer And Manager\",\"description\":\"CTP - premium industrial warehouse and office buildings\",\"publisher\":{\"@id\":\"https:\\\/\\\/ctp.eu\\\/#organization\"},\"potentialAction\":[{\"@type\":\"SearchAction\",\"target\":{\"@type\":\"EntryPoint\",\"urlTemplate\":\"https:\\\/\\\/ctp.eu\\\/?s={search_term_string}\"},\"query-input\":{\"@type\":\"PropertyValueSpecification\",\"valueRequired\":true,\"valueName\":\"search_term_string\"}}],\"inLanguage\":\"hu\"},{\"@type\":\"Organization\",\"@id\":\"https:\\\/\\\/ctp.eu\\\/#organization\",\"name\":\"CTP\",\"url\":\"https:\\\/\\\/ctp.eu\\\/\",\"logo\":{\"@type\":\"ImageObject\",\"inLanguage\":\"hu\",\"@id\":\"https:\\\/\\\/ctp.eu\\\/#\\\/schema\\\/logo\\\/image\\\/\",\"url\":\"\",\"contentUrl\":\"\",\"caption\":\"CTP\"},\"image\":{\"@id\":\"https:\\\/\\\/ctp.eu\\\/#\\\/schema\\\/logo\\\/image\\\/\"}}]}<\/script>","yoast_head_json":{"title":"Hot Regions \u2013 Kereskedelmi ingatlanfejleszt\u0151 \u00e9s menedzser","robots":{"index":"index","follow":"follow","max-snippet":"max-snippet:-1","max-image-preview":"max-image-preview:large","max-video-preview":"max-video-preview:-1"},"canonical":"https:\/\/ctp.eu\/hu\/regions\/","og_locale":"hu_HU","og_type":"article","og_title":"Hot Regions","og_description":"CTP\u2019s high-quality, sustainable warehouses are available for lease for logistics, ecommerce, and third-party logistics providers across Central and Eastern Europe,","og_url":"https:\/\/ctp.eu\/hu\/regions\/","og_site_name":"Commercial Real Estate Developer And Manager","article_modified_time":"2021-03-17T16:57:10+00:00","twitter_card":"summary_large_image","schema":{"@context":"https:\/\/schema.org","@graph":[{"@type":"WebPage","@id":"https:\/\/ctp.eu\/regions\/","url":"https:\/\/ctp.eu\/regions\/","name":"Hot Regions \u2013 Kereskedelmi ingatlanfejleszt\u0151 \u00e9s menedzser","isPartOf":{"@id":"https:\/\/ctp.eu\/#website"},"datePublished":"2020-09-01T09:15:46+00:00","dateModified":"2021-03-17T16:57:10+00:00","breadcrumb":{"@id":"https:\/\/ctp.eu\/regions\/#breadcrumb"},"inLanguage":"hu","potentialAction":[{"@type":"ReadAction","target":["https:\/\/ctp.eu\/regions\/"]}]},{"@type":"BreadcrumbList","@id":"https:\/\/ctp.eu\/regions\/#breadcrumb","itemListElement":[{"@type":"ListItem","position":1,"name":"Home","item":"https:\/\/ctp.eu\/"},{"@type":"ListItem","position":2,"name":"Hot Regions"}]},{"@type":"WebSite","@id":"https:\/\/ctp.eu\/#website","url":"https:\/\/ctp.eu\/","name":"Kereskedelmi ingatlanfejleszt\u0151 \u00e9s menedzser","description":"CTP - pr\u00e9mium ipari rakt\u00e1rak \u00e9s iroda\u00e9p\u00fcletek","publisher":{"@id":"https:\/\/ctp.eu\/#organization"},"potentialAction":[{"@type":"SearchAction","target":{"@type":"EntryPoint","urlTemplate":"https:\/\/ctp.eu\/?s={search_term_string}"},"query-input":{"@type":"PropertyValueSpecification","valueRequired":true,"valueName":"search_term_string"}}],"inLanguage":"hu"},{"@type":"Organization","@id":"https:\/\/ctp.eu\/#organization","name":"CTP","url":"https:\/\/ctp.eu\/","logo":{"@type":"ImageObject","inLanguage":"hu","@id":"https:\/\/ctp.eu\/#\/schema\/logo\/image\/","url":"","contentUrl":"","caption":"CTP"},"image":{"@id":"https:\/\/ctp.eu\/#\/schema\/logo\/image\/"}}]}},"_links":{"self":[{"href":"https:\/\/ctp.eu\/hu\/wp-json\/wp\/v2\/pages\/9638","targetHints":{"allow":["GET"]}}],"collection":[{"href":"https:\/\/ctp.eu\/hu\/wp-json\/wp\/v2\/pages"}],"about":[{"href":"https:\/\/ctp.eu\/hu\/wp-json\/wp\/v2\/types\/page"}],"author":[{"embeddable":true,"href":"https:\/\/ctp.eu\/hu\/wp-json\/wp\/v2\/users\/22"}],"replies":[{"embeddable":true,"href":"https:\/\/ctp.eu\/hu\/wp-json\/wp\/v2\/comments?post=9638"}],"version-history":[{"count":0,"href":"https:\/\/ctp.eu\/hu\/wp-json\/wp\/v2\/pages\/9638\/revisions"}],"wp:attachment":[{"href":"https:\/\/ctp.eu\/hu\/wp-json\/wp\/v2\/media?parent=9638"}],"curies":[{"name":"wp","href":"https:\/\/api.w.org\/{rel}","templated":true}]}}