{"id":75085,"date":"2023-04-14T17:01:45","date_gmt":"2023-04-14T15:01:45","guid":{"rendered":"https:\/\/www.ctp.eu\/?page_id=75085"},"modified":"2023-05-03T15:27:08","modified_gmt":"2023-05-03T13:27:08","slug":"lets-connect-at-transport-logistics","status":"publish","type":"page","link":"https:\/\/ctp.eu\/hu\/company\/events\/lets-connect-at-transport-logistics\/","title":{"rendered":"Csatlakozzon hozz\u00e1nk<br> <span>a  c\u00edmen.<\/span> Sz\u00e1ll\u00edt\u00e1si logisztika"},"content":{"rendered":"<p>&nbsp;<\/p>\n<p>Minden \u00e9vben a Transport Logistic \u2013 a vil\u00e1g vezet\u0151 logisztikai, mobilit\u00e1si, informatikai \u00e9s ell\u00e1t\u00e1si l\u00e1nc-menedzsment szakki\u00e1ll\u00edt\u00e1sa. K\u00e9t\u00e9vente ker\u00fcl megrendez\u00e9sre M\u00fcnchenben, N\u00e9metorsz\u00e1gban, \u00e9s t\u00f6bb mint 2000 ki\u00e1ll\u00edt\u00f3t vonz t\u00f6bb mint 60 orsz\u00e1gb\u00f3l, valamint t\u00f6bb mint 60 000 l\u00e1togat\u00f3t a vil\u00e1g minden t\u00e1j\u00e1r\u00f3l.<\/p>\n<p>&nbsp;<\/p>\n<p>A v\u00e1s\u00e1r a logisztika \u00e9s az ell\u00e1t\u00e1si l\u00e1nc menedzsment leg\u00fajabb innov\u00e1ci\u00f3inak, technol\u00f3gi\u00e1inak \u00e9s trendjeinek platformja. T\u00e9m\u00e1k sz\u00e9les sk\u00e1l\u00e1j\u00e1t fedi le, bele\u00e9rtve a sz\u00e1ll\u00edt\u00e1si szolg\u00e1ltat\u00e1sokat, a logisztikai megold\u00e1sokat, a logisztikai IT-t, az e-kereskedelmet \u00e9s a l\u00e9gi \u00e1rusz\u00e1ll\u00edt\u00e1st. A l\u00e1togat\u00f3k megtekinthetik a leg\u00fajabb term\u00e9keket \u00e9s szolg\u00e1ltat\u00e1sokat a ki\u00e1ll\u00edt\u00e1son, r\u00e9szt vehetnek szak\u00e9rt\u0151i el\u0151ad\u00e1sokon \u00e9s panelbesz\u00e9lget\u00e9seken, \u00e9s h\u00e1l\u00f3zatba l\u00e9phetnek a vil\u00e1g minden t\u00e1j\u00e1r\u00f3l sz\u00e1rmaz\u00f3 ipar\u00e1gi szakemberekkel.<\/p>\n<p>&nbsp;<\/p>\n<p>A v\u00e1s\u00e1r a sz\u00e1ll\u00edt\u00e1si \u00e9s logisztikai berendez\u00e9sekt\u0151l az ell\u00e1t\u00e1si l\u00e1nc menedzsmentig \u00e9s az informatikai megold\u00e1sokig v\u00e1ltozatos ki\u00e1ll\u00edt\u00e1si t\u00e1rgyakat k\u00edn\u00e1l. Kiv\u00e1l\u00f3 lehet\u0151s\u00e9g a c\u00e9geknek term\u00e9keik \u00e9s szolg\u00e1ltat\u00e1saik bemutat\u00e1s\u00e1ra, \u00fcgyfelekkel \u00e9s partnerekkel val\u00f3 tal\u00e1lkoz\u00e1sra, valamint betekint\u00e9st nyerhetnek az ipar\u00e1g leg\u00fajabb trendjeibe \u00e9s fejleszt\u00e9seibe.<\/p>\n<p>&nbsp;<\/p>\n<p>\u00d6sszess\u00e9g\u00e9ben a Transport Logistic k\u00f6telez\u0151 esem\u00e9ny azon logisztikai szakemberek, sz\u00e1ll\u00edtm\u00e1nyoz\u00f3k \u00e9s ell\u00e1t\u00e1si l\u00e1nc menedzserek sz\u00e1m\u00e1ra, akik naprak\u00e9szek akarnak maradni az ipar\u00e1g leg\u00fajabb fejlem\u00e9nyeivel kapcsolatban, \u00e9s szeretn\u00e9nek kapcsolatot l\u00e9tes\u00edteni az ipar\u00e1g vezet\u0151ivel a vil\u00e1g minden t\u00e1j\u00e1r\u00f3l.<\/p>\n<p>&nbsp;<\/p>\n<p>\u00d6r\u00fcl\u00fcnk, hogy id\u00e9n is r\u00e9szt vehet\u00fcnk, \u00e9s rem\u00e9lj\u00fck, hogy tal\u00e1lkozunk! Csapatunk a KKE-t \u00e9s N\u00e9metorsz\u00e1got k\u00e9pvisel\u0151 kulcsfontoss\u00e1g\u00fa vezet\u0151kb\u0151l \u00e1ll, ez\u00e9rt j\u00f6jj\u00f6n el standunkra, hogy kapcsolatba l\u00e9phessen Parkmakers csapatunkkal, \u00e9s megtudja, hogyan seg\u00edthet\u00fcnk logisztikai v\u00e1llalkoz\u00e1s\u00e1nak szinte b\u00e1rhol Eur\u00f3p\u00e1ban.<\/p>","protected":false},"excerpt":{"rendered":"<p>&nbsp; Minden \u00e9vben a Transport Logistic \u2013 a vil\u00e1g vezet\u0151 logisztikai, mobilit\u00e1si, informatikai \u00e9s ell\u00e1t\u00e1si l\u00e1nc-menedzsment szakki\u00e1ll\u00edt\u00e1sa. Minden alkalommal lezajlik<\/p>","protected":false},"author":22,"featured_media":0,"parent":198,"menu_order":0,"comment_status":"closed","ping_status":"closed","template":"investors-sub-page.php","meta":{"_acf_changed":false,"footnotes":""},"class_list":["post-75085","page","type-page","status-publish","hentry"],"acf":[],"yoast_head":"<title>Connect with us at Transport Logistic - Commercial Real Estate Developer And Manager<\/title>\n<meta name=\"robots\" content=\"index, follow, max-snippet:-1, max-image-preview:large, max-video-preview:-1\" \/>\n<link rel=\"canonical\" href=\"https:\/\/ctp.eu\/hu\/company\/events\/lets-connect-at-transport-logistics\/\" \/>\n<meta property=\"og:locale\" content=\"hu_HU\" \/>\n<meta property=\"og:type\" content=\"article\" \/>\n<meta property=\"og:title\" content=\"Connect with us at Transport Logistic\" \/>\n<meta property=\"og:description\" content=\"&nbsp; Every year, Transport Logistic\u2014the world&#8217;s leading trade fair for logistics, mobility, IT and supply chain management.\u00a0It takes place every\" \/>\n<meta property=\"og:url\" content=\"https:\/\/ctp.eu\/hu\/company\/events\/lets-connect-at-transport-logistics\/\" \/>\n<meta property=\"og:site_name\" content=\"Commercial Real Estate Developer And Manager\" \/>\n<meta property=\"article:modified_time\" content=\"2023-05-03T13:27:08+00:00\" \/>\n<meta property=\"og:image\" content=\"https:\/\/ctp.eu\/wp-content\/uploads\/2023\/02\/web-MIPIM-23-social.jpg\" \/>\n\t<meta property=\"og:image:width\" content=\"1444\" \/>\n\t<meta property=\"og:image:height\" content=\"756\" \/>\n\t<meta property=\"og:image:type\" content=\"image\/jpeg\" \/>\n<meta name=\"twitter:card\" content=\"summary_large_image\" \/>\n<meta name=\"twitter:label1\" content=\"Becs\u00fclt olvas\u00e1si id\u0151\" \/>\n\t<meta name=\"twitter:data1\" content=\"2 perc\" \/>\n<script type=\"application\/ld+json\" class=\"yoast-schema-graph\">{\"@context\":\"https:\/\/schema.org\",\"@graph\":[{\"@type\":\"WebPage\",\"@id\":\"https:\/\/ctp.eu\/company\/events\/lets-connect-at-transport-logistics\/\",\"url\":\"https:\/\/ctp.eu\/company\/events\/lets-connect-at-transport-logistics\/\",\"name\":\"Connect with us at Transport Logistic - Commercial Real Estate Developer And Manager\",\"isPartOf\":{\"@id\":\"https:\/\/ctp.eu\/#website\"},\"datePublished\":\"2023-04-14T15:01:45+00:00\",\"dateModified\":\"2023-05-03T13:27:08+00:00\",\"breadcrumb\":{\"@id\":\"https:\/\/ctp.eu\/company\/events\/lets-connect-at-transport-logistics\/#breadcrumb\"},\"inLanguage\":\"hu\",\"potentialAction\":[{\"@type\":\"ReadAction\",\"target\":[\"https:\/\/ctp.eu\/company\/events\/lets-connect-at-transport-logistics\/\"]}]},{\"@type\":\"BreadcrumbList\",\"@id\":\"https:\/\/ctp.eu\/company\/events\/lets-connect-at-transport-logistics\/#breadcrumb\",\"itemListElement\":[{\"@type\":\"ListItem\",\"position\":1,\"name\":\"Home\",\"item\":\"https:\/\/ctp.eu\/\"},{\"@type\":\"ListItem\",\"position\":2,\"name\":\"Company\",\"item\":\"https:\/\/ctp.eu\/?page_id=62\"},{\"@type\":\"ListItem\",\"position\":3,\"name\":\"Events and Happenings\",\"item\":\"https:\/\/ctp.eu\/company\/events\/\"},{\"@type\":\"ListItem\",\"position\":4,\"name\":\"Connect with us at Transport Logistic\"}]},{\"@type\":\"WebSite\",\"@id\":\"https:\/\/ctp.eu\/#website\",\"url\":\"https:\/\/ctp.eu\/\",\"name\":\"Commercial Real Estate Developer And Manager\",\"description\":\"CTP - premium industrial warehouse and office buildings\",\"publisher\":{\"@id\":\"https:\/\/ctp.eu\/#organization\"},\"potentialAction\":[{\"@type\":\"SearchAction\",\"target\":{\"@type\":\"EntryPoint\",\"urlTemplate\":\"https:\/\/ctp.eu\/?s={search_term_string}\"},\"query-input\":{\"@type\":\"PropertyValueSpecification\",\"valueRequired\":true,\"valueName\":\"search_term_string\"}}],\"inLanguage\":\"hu\"},{\"@type\":\"Organization\",\"@id\":\"https:\/\/ctp.eu\/#organization\",\"name\":\"CTP\",\"url\":\"https:\/\/ctp.eu\/\",\"logo\":{\"@type\":\"ImageObject\",\"inLanguage\":\"hu\",\"@id\":\"https:\/\/ctp.eu\/#\/schema\/logo\/image\/\",\"url\":\"\",\"contentUrl\":\"\",\"caption\":\"CTP\"},\"image\":{\"@id\":\"https:\/\/ctp.eu\/#\/schema\/logo\/image\/\"}}]}<\/script>","yoast_head_json":{"title":"L\u00e9pjen kapcsolatba vel\u00fcnk a Transport Logistic - Kereskedelmi ingatlanfejleszt\u0151 \u00e9s -menedzsern\u00e9l","robots":{"index":"index","follow":"follow","max-snippet":"max-snippet:-1","max-image-preview":"max-image-preview:large","max-video-preview":"max-video-preview:-1"},"canonical":"https:\/\/ctp.eu\/hu\/company\/events\/lets-connect-at-transport-logistics\/","og_locale":"hu_HU","og_type":"article","og_title":"Connect with us at Transport Logistic","og_description":"&nbsp; Every year, Transport Logistic\u2014the world&#8217;s leading trade fair for logistics, mobility, IT and supply chain management.\u00a0It takes place every","og_url":"https:\/\/ctp.eu\/hu\/company\/events\/lets-connect-at-transport-logistics\/","og_site_name":"Commercial Real Estate Developer And Manager","article_modified_time":"2023-05-03T13:27:08+00:00","og_image":[{"width":1444,"height":756,"url":"https:\/\/ctp.eu\/wp-content\/uploads\/2023\/02\/web-MIPIM-23-social.jpg","type":"image\/jpeg"}],"twitter_card":"summary_large_image","twitter_misc":{"Becs\u00fclt olvas\u00e1si id\u0151":"2 perc"},"schema":{"@context":"https:\/\/schema.org","@graph":[{"@type":"WebPage","@id":"https:\/\/ctp.eu\/company\/events\/lets-connect-at-transport-logistics\/","url":"https:\/\/ctp.eu\/company\/events\/lets-connect-at-transport-logistics\/","name":"L\u00e9pjen kapcsolatba vel\u00fcnk a Transport Logistic - Kereskedelmi ingatlanfejleszt\u0151 \u00e9s -menedzsern\u00e9l","isPartOf":{"@id":"https:\/\/ctp.eu\/#website"},"datePublished":"2023-04-14T15:01:45+00:00","dateModified":"2023-05-03T13:27:08+00:00","breadcrumb":{"@id":"https:\/\/ctp.eu\/company\/events\/lets-connect-at-transport-logistics\/#breadcrumb"},"inLanguage":"hu","potentialAction":[{"@type":"ReadAction","target":["https:\/\/ctp.eu\/company\/events\/lets-connect-at-transport-logistics\/"]}]},{"@type":"BreadcrumbList","@id":"https:\/\/ctp.eu\/company\/events\/lets-connect-at-transport-logistics\/#breadcrumb","itemListElement":[{"@type":"ListItem","position":1,"name":"Home","item":"https:\/\/ctp.eu\/"},{"@type":"ListItem","position":2,"name":"Company","item":"https:\/\/ctp.eu\/?page_id=62"},{"@type":"ListItem","position":3,"name":"Events and Happenings","item":"https:\/\/ctp.eu\/company\/events\/"},{"@type":"ListItem","position":4,"name":"Connect with us at Transport Logistic"}]},{"@type":"WebSite","@id":"https:\/\/ctp.eu\/#website","url":"https:\/\/ctp.eu\/","name":"Kereskedelmi ingatlanfejleszt\u0151 \u00e9s menedzser","description":"CTP - pr\u00e9mium ipari rakt\u00e1rak \u00e9s iroda\u00e9p\u00fcletek","publisher":{"@id":"https:\/\/ctp.eu\/#organization"},"potentialAction":[{"@type":"SearchAction","target":{"@type":"EntryPoint","urlTemplate":"https:\/\/ctp.eu\/?s={search_term_string}"},"query-input":{"@type":"PropertyValueSpecification","valueRequired":true,"valueName":"search_term_string"}}],"inLanguage":"hu"},{"@type":"Organization","@id":"https:\/\/ctp.eu\/#organization","name":"CTP","url":"https:\/\/ctp.eu\/","logo":{"@type":"ImageObject","inLanguage":"hu","@id":"https:\/\/ctp.eu\/#\/schema\/logo\/image\/","url":"","contentUrl":"","caption":"CTP"},"image":{"@id":"https:\/\/ctp.eu\/#\/schema\/logo\/image\/"}}]}},"_links":{"self":[{"href":"https:\/\/ctp.eu\/hu\/wp-json\/wp\/v2\/pages\/75085","targetHints":{"allow":["GET"]}}],"collection":[{"href":"https:\/\/ctp.eu\/hu\/wp-json\/wp\/v2\/pages"}],"about":[{"href":"https:\/\/ctp.eu\/hu\/wp-json\/wp\/v2\/types\/page"}],"author":[{"embeddable":true,"href":"https:\/\/ctp.eu\/hu\/wp-json\/wp\/v2\/users\/22"}],"replies":[{"embeddable":true,"href":"https:\/\/ctp.eu\/hu\/wp-json\/wp\/v2\/comments?post=75085"}],"version-history":[{"count":0,"href":"https:\/\/ctp.eu\/hu\/wp-json\/wp\/v2\/pages\/75085\/revisions"}],"up":[{"embeddable":true,"href":"https:\/\/ctp.eu\/hu\/wp-json\/wp\/v2\/pages\/198"}],"wp:attachment":[{"href":"https:\/\/ctp.eu\/hu\/wp-json\/wp\/v2\/media?parent=75085"}],"curies":[{"name":"wp","href":"https:\/\/api.w.org\/{rel}","templated":true}]}}