{"id":73358,"date":"2023-03-09T16:36:51","date_gmt":"2023-03-09T14:36:51","guid":{"rendered":"https:\/\/www.ctp.eu\/?page_id=73358"},"modified":"2023-03-09T16:37:00","modified_gmt":"2023-03-09T14:37:00","slug":"corporate-governance","status":"publish","type":"page","link":"https:\/\/ctp.eu\/hu\/annual-report-2022\/corporate-governance\/","title":{"rendered":"\u00c9ves jelent\u00e9s 2022 - V\u00e1llalatir\u00e1ny\u00edt\u00e1s"},"content":{"rendered":"","protected":false},"excerpt":{"rendered":"","protected":false},"author":22,"featured_media":0,"parent":73343,"menu_order":5,"comment_status":"closed","ping_status":"closed","template":"ar2022\/annual-report22-corporate.php","meta":{"_acf_changed":false,"footnotes":""},"class_list":["post-73358","page","type-page","status-publish","hentry"],"acf":[],"yoast_head":"<title>Annual Report 2022 - Corporate Governance - Commercial Real Estate Developer And Manager<\/title>\n<meta name=\"robots\" content=\"index, follow, max-snippet:-1, max-image-preview:large, max-video-preview:-1\" \/>\n<link rel=\"canonical\" href=\"https:\/\/ctp.eu\/hu\/annual-report-2022\/corporate-governance\/\" \/>\n<meta property=\"og:locale\" content=\"hu_HU\" \/>\n<meta property=\"og:type\" content=\"article\" \/>\n<meta property=\"og:title\" content=\"Annual Report 2022 - Corporate Governance\" \/>\n<meta property=\"og:url\" content=\"https:\/\/ctp.eu\/hu\/annual-report-2022\/corporate-governance\/\" \/>\n<meta property=\"og:site_name\" content=\"Commercial Real Estate Developer And Manager\" \/>\n<meta property=\"article:modified_time\" content=\"2023-03-09T14:37:00+00:00\" \/>\n<meta name=\"twitter:card\" content=\"summary_large_image\" \/>\n<script type=\"application\/ld+json\" class=\"yoast-schema-graph\">{\"@context\":\"https:\/\/schema.org\",\"@graph\":[{\"@type\":\"WebPage\",\"@id\":\"https:\/\/ctp.eu\/annual-report-2022\/corporate-governance\/\",\"url\":\"https:\/\/ctp.eu\/annual-report-2022\/corporate-governance\/\",\"name\":\"Annual Report 2022 - Corporate Governance - Commercial Real Estate Developer And Manager\",\"isPartOf\":{\"@id\":\"https:\/\/ctp.eu\/#website\"},\"datePublished\":\"2023-03-09T14:36:51+00:00\",\"dateModified\":\"2023-03-09T14:37:00+00:00\",\"breadcrumb\":{\"@id\":\"https:\/\/ctp.eu\/annual-report-2022\/corporate-governance\/#breadcrumb\"},\"inLanguage\":\"hu\",\"potentialAction\":[{\"@type\":\"ReadAction\",\"target\":[\"https:\/\/ctp.eu\/annual-report-2022\/corporate-governance\/\"]}]},{\"@type\":\"BreadcrumbList\",\"@id\":\"https:\/\/ctp.eu\/annual-report-2022\/corporate-governance\/#breadcrumb\",\"itemListElement\":[{\"@type\":\"ListItem\",\"position\":1,\"name\":\"Home\",\"item\":\"https:\/\/ctp.eu\/\"},{\"@type\":\"ListItem\",\"position\":2,\"name\":\"Annual Report 2022 &#8211; Business Model Strategy\",\"item\":\"https:\/\/ctp.eu\/annual-report-2022\/\"},{\"@type\":\"ListItem\",\"position\":3,\"name\":\"Annual Report 2022 &#8211; Corporate Governance\"}]},{\"@type\":\"WebSite\",\"@id\":\"https:\/\/ctp.eu\/#website\",\"url\":\"https:\/\/ctp.eu\/\",\"name\":\"Commercial Real Estate Developer And Manager\",\"description\":\"CTP - premium industrial warehouse and office buildings\",\"publisher\":{\"@id\":\"https:\/\/ctp.eu\/#organization\"},\"potentialAction\":[{\"@type\":\"SearchAction\",\"target\":{\"@type\":\"EntryPoint\",\"urlTemplate\":\"https:\/\/ctp.eu\/?s={search_term_string}\"},\"query-input\":{\"@type\":\"PropertyValueSpecification\",\"valueRequired\":true,\"valueName\":\"search_term_string\"}}],\"inLanguage\":\"hu\"},{\"@type\":\"Organization\",\"@id\":\"https:\/\/ctp.eu\/#organization\",\"name\":\"CTP\",\"url\":\"https:\/\/ctp.eu\/\",\"logo\":{\"@type\":\"ImageObject\",\"inLanguage\":\"hu\",\"@id\":\"https:\/\/ctp.eu\/#\/schema\/logo\/image\/\",\"url\":\"\",\"contentUrl\":\"\",\"caption\":\"CTP\"},\"image\":{\"@id\":\"https:\/\/ctp.eu\/#\/schema\/logo\/image\/\"}}]}<\/script>","yoast_head_json":{"title":"\u00c9ves jelent\u00e9s 2022 - V\u00e1llalatir\u00e1ny\u00edt\u00e1s - Kereskedelmi ingatlanfejleszt\u0151 \u00e9s -kezel\u0151","robots":{"index":"index","follow":"follow","max-snippet":"max-snippet:-1","max-image-preview":"max-image-preview:large","max-video-preview":"max-video-preview:-1"},"canonical":"https:\/\/ctp.eu\/hu\/annual-report-2022\/corporate-governance\/","og_locale":"hu_HU","og_type":"article","og_title":"Annual Report 2022 - Corporate Governance","og_url":"https:\/\/ctp.eu\/hu\/annual-report-2022\/corporate-governance\/","og_site_name":"Commercial Real Estate Developer And Manager","article_modified_time":"2023-03-09T14:37:00+00:00","twitter_card":"summary_large_image","schema":{"@context":"https:\/\/schema.org","@graph":[{"@type":"WebPage","@id":"https:\/\/ctp.eu\/annual-report-2022\/corporate-governance\/","url":"https:\/\/ctp.eu\/annual-report-2022\/corporate-governance\/","name":"\u00c9ves jelent\u00e9s 2022 - V\u00e1llalatir\u00e1ny\u00edt\u00e1s - Kereskedelmi ingatlanfejleszt\u0151 \u00e9s -kezel\u0151","isPartOf":{"@id":"https:\/\/ctp.eu\/#website"},"datePublished":"2023-03-09T14:36:51+00:00","dateModified":"2023-03-09T14:37:00+00:00","breadcrumb":{"@id":"https:\/\/ctp.eu\/annual-report-2022\/corporate-governance\/#breadcrumb"},"inLanguage":"hu","potentialAction":[{"@type":"ReadAction","target":["https:\/\/ctp.eu\/annual-report-2022\/corporate-governance\/"]}]},{"@type":"BreadcrumbList","@id":"https:\/\/ctp.eu\/annual-report-2022\/corporate-governance\/#breadcrumb","itemListElement":[{"@type":"ListItem","position":1,"name":"Home","item":"https:\/\/ctp.eu\/"},{"@type":"ListItem","position":2,"name":"Annual Report 2022 &#8211; Business Model Strategy","item":"https:\/\/ctp.eu\/annual-report-2022\/"},{"@type":"ListItem","position":3,"name":"Annual Report 2022 &#8211; Corporate Governance"}]},{"@type":"WebSite","@id":"https:\/\/ctp.eu\/#website","url":"https:\/\/ctp.eu\/","name":"Kereskedelmi ingatlanfejleszt\u0151 \u00e9s menedzser","description":"CTP - pr\u00e9mium ipari rakt\u00e1rak \u00e9s iroda\u00e9p\u00fcletek","publisher":{"@id":"https:\/\/ctp.eu\/#organization"},"potentialAction":[{"@type":"SearchAction","target":{"@type":"EntryPoint","urlTemplate":"https:\/\/ctp.eu\/?s={search_term_string}"},"query-input":{"@type":"PropertyValueSpecification","valueRequired":true,"valueName":"search_term_string"}}],"inLanguage":"hu"},{"@type":"Organization","@id":"https:\/\/ctp.eu\/#organization","name":"CTP","url":"https:\/\/ctp.eu\/","logo":{"@type":"ImageObject","inLanguage":"hu","@id":"https:\/\/ctp.eu\/#\/schema\/logo\/image\/","url":"","contentUrl":"","caption":"CTP"},"image":{"@id":"https:\/\/ctp.eu\/#\/schema\/logo\/image\/"}}]}},"_links":{"self":[{"href":"https:\/\/ctp.eu\/hu\/wp-json\/wp\/v2\/pages\/73358","targetHints":{"allow":["GET"]}}],"collection":[{"href":"https:\/\/ctp.eu\/hu\/wp-json\/wp\/v2\/pages"}],"about":[{"href":"https:\/\/ctp.eu\/hu\/wp-json\/wp\/v2\/types\/page"}],"author":[{"embeddable":true,"href":"https:\/\/ctp.eu\/hu\/wp-json\/wp\/v2\/users\/22"}],"replies":[{"embeddable":true,"href":"https:\/\/ctp.eu\/hu\/wp-json\/wp\/v2\/comments?post=73358"}],"version-history":[{"count":0,"href":"https:\/\/ctp.eu\/hu\/wp-json\/wp\/v2\/pages\/73358\/revisions"}],"up":[{"embeddable":true,"href":"https:\/\/ctp.eu\/hu\/wp-json\/wp\/v2\/pages\/73343"}],"wp:attachment":[{"href":"https:\/\/ctp.eu\/hu\/wp-json\/wp\/v2\/media?parent=73358"}],"curies":[{"name":"wp","href":"https:\/\/api.w.org\/{rel}","templated":true}]}}