{"id":72,"date":"2018-04-10T15:36:03","date_gmt":"2018-04-10T15:36:03","guid":{"rendered":"https:\/\/www.ctp.eu\/?page_id=72"},"modified":"2025-06-12T15:08:12","modified_gmt":"2025-06-12T13:08:12","slug":"mixed-use","status":"publish","type":"page","link":"https:\/\/ctp.eu\/hu\/portfolio\/mixed-use\/","title":{"rendered":"VEGYES FUNKCI\u00d3J\u00da PORTF\u00d3LI\u00d3"},"content":{"rendered":"<p><span>Vegyes haszn\u00e1lat\u00fa parkjainkat \u00fagy tervezz\u00fck, hogy \u00faj f\u00f3kuszpontot teremtsenek egy v\u00e1rosban, helyspecifikus k\u00f6zterekkel, buja parkos\u00edt\u00e1ssal \u00e9s gyakran v\u00edzfel\u00fcletekkel, amelyek seg\u00edtik a helyi k\u00f6z\u00f6ss\u00e9gek \u00e9l\u00e9nk\u00edt\u00e9s\u00e9t \u00e9s \u00faj lehet\u0151s\u00e9geket teremtenek azokban a v\u00e1rosokban, ahol \u00e9p\u00edtj\u00fck \u0151ket.<\/span><\/p>","protected":false},"excerpt":{"rendered":"<p>Vegyes haszn\u00e1lat\u00fa parkjainkat \u00fagy tervezt\u00fck, hogy \u00faj f\u00f3kuszpontot teremtsenek a v\u00e1rosban, helyspecifikus k\u00f6zterekkel, buja parkos\u00edt\u00e1ssal,<\/p>","protected":false},"author":67,"featured_media":0,"parent":64,"menu_order":0,"comment_status":"closed","ping_status":"closed","template":"templates\/mix-use-portfolio-new.php","meta":{"_acf_changed":false,"footnotes":""},"class_list":["post-72","page","type-page","status-publish","hentry"],"acf":[],"yoast_head":"<title>Mixed-Use Portfolio - Commercial Real Estate Developer And Manager<\/title>\n<meta name=\"robots\" content=\"index, follow, max-snippet:-1, max-image-preview:large, max-video-preview:-1\" \/>\n<link rel=\"canonical\" href=\"https:\/\/ctp.eu\/hu\/portfolio\/mixed-use\/\" \/>\n<meta property=\"og:locale\" content=\"hu_HU\" \/>\n<meta property=\"og:type\" content=\"article\" \/>\n<meta property=\"og:title\" content=\"Mixed-Use Portfolio\" \/>\n<meta property=\"og:description\" content=\"We specialise in transforming city-centre brownfield sites into modern business parks\" \/>\n<meta property=\"og:url\" content=\"https:\/\/ctp.eu\/hu\/portfolio\/mixed-use\/\" \/>\n<meta property=\"og:site_name\" content=\"Commercial Real Estate Developer And Manager\" \/>\n<meta property=\"article:modified_time\" content=\"2025-06-12T13:08:12+00:00\" \/>\n<meta property=\"og:image\" content=\"https:\/\/ctp.eu\/wp-content\/uploads\/2025\/01\/vlnena-banner-1.jpg\" \/>\n\t<meta property=\"og:image:width\" content=\"2200\" \/>\n\t<meta property=\"og:image:height\" content=\"1194\" \/>\n\t<meta property=\"og:image:type\" content=\"image\/jpeg\" \/>\n<meta name=\"twitter:card\" content=\"summary_large_image\" \/>\n<meta name=\"twitter:label1\" content=\"Becs\u00fclt olvas\u00e1si id\u0151\" \/>\n\t<meta name=\"twitter:data1\" content=\"1 perc\" \/>\n<script type=\"application\/ld+json\" class=\"yoast-schema-graph\">{\"@context\":\"https:\\\/\\\/schema.org\",\"@graph\":[{\"@type\":\"WebPage\",\"@id\":\"https:\\\/\\\/ctp.eu\\\/portfolio\\\/mixed-use\\\/\",\"url\":\"https:\\\/\\\/ctp.eu\\\/portfolio\\\/mixed-use\\\/\",\"name\":\"Mixed-Use Portfolio - Commercial Real Estate Developer And Manager\",\"isPartOf\":{\"@id\":\"https:\\\/\\\/ctp.eu\\\/#website\"},\"datePublished\":\"2018-04-10T15:36:03+00:00\",\"dateModified\":\"2025-06-12T13:08:12+00:00\",\"breadcrumb\":{\"@id\":\"https:\\\/\\\/ctp.eu\\\/portfolio\\\/mixed-use\\\/#breadcrumb\"},\"inLanguage\":\"hu\",\"potentialAction\":[{\"@type\":\"ReadAction\",\"target\":[\"https:\\\/\\\/ctp.eu\\\/portfolio\\\/mixed-use\\\/\"]}]},{\"@type\":\"BreadcrumbList\",\"@id\":\"https:\\\/\\\/ctp.eu\\\/portfolio\\\/mixed-use\\\/#breadcrumb\",\"itemListElement\":[{\"@type\":\"ListItem\",\"position\":1,\"name\":\"Home\",\"item\":\"https:\\\/\\\/ctp.eu\\\/\"},{\"@type\":\"ListItem\",\"position\":2,\"name\":\"Portfolio\",\"item\":\"https:\\\/\\\/ctp.eu\\\/portfolio\\\/\"},{\"@type\":\"ListItem\",\"position\":3,\"name\":\"Mixed-Use Portfolio\"}]},{\"@type\":\"WebSite\",\"@id\":\"https:\\\/\\\/ctp.eu\\\/#website\",\"url\":\"https:\\\/\\\/ctp.eu\\\/\",\"name\":\"Commercial Real Estate Developer And Manager\",\"description\":\"CTP - premium industrial warehouse and office buildings\",\"publisher\":{\"@id\":\"https:\\\/\\\/ctp.eu\\\/#organization\"},\"potentialAction\":[{\"@type\":\"SearchAction\",\"target\":{\"@type\":\"EntryPoint\",\"urlTemplate\":\"https:\\\/\\\/ctp.eu\\\/?s={search_term_string}\"},\"query-input\":{\"@type\":\"PropertyValueSpecification\",\"valueRequired\":true,\"valueName\":\"search_term_string\"}}],\"inLanguage\":\"hu\"},{\"@type\":\"Organization\",\"@id\":\"https:\\\/\\\/ctp.eu\\\/#organization\",\"name\":\"CTP\",\"url\":\"https:\\\/\\\/ctp.eu\\\/\",\"logo\":{\"@type\":\"ImageObject\",\"inLanguage\":\"hu\",\"@id\":\"https:\\\/\\\/ctp.eu\\\/#\\\/schema\\\/logo\\\/image\\\/\",\"url\":\"\",\"contentUrl\":\"\",\"caption\":\"CTP\"},\"image\":{\"@id\":\"https:\\\/\\\/ctp.eu\\\/#\\\/schema\\\/logo\\\/image\\\/\"}}]}<\/script>","yoast_head_json":{"title":"Vegyes felhaszn\u00e1l\u00e1s\u00fa portf\u00f3li\u00f3 - Kereskedelmi ingatlanfejleszt\u0151 \u00e9s -kezel\u0151","robots":{"index":"index","follow":"follow","max-snippet":"max-snippet:-1","max-image-preview":"max-image-preview:large","max-video-preview":"max-video-preview:-1"},"canonical":"https:\/\/ctp.eu\/hu\/portfolio\/mixed-use\/","og_locale":"hu_HU","og_type":"article","og_title":"Mixed-Use Portfolio","og_description":"We specialise in transforming city-centre brownfield sites into modern business parks","og_url":"https:\/\/ctp.eu\/hu\/portfolio\/mixed-use\/","og_site_name":"Commercial Real Estate Developer And Manager","article_modified_time":"2025-06-12T13:08:12+00:00","og_image":[{"width":2200,"height":1194,"url":"https:\/\/ctp.eu\/wp-content\/uploads\/2025\/01\/vlnena-banner-1.jpg","type":"image\/jpeg"}],"twitter_card":"summary_large_image","twitter_misc":{"Becs\u00fclt olvas\u00e1si id\u0151":"1 perc"},"schema":{"@context":"https:\/\/schema.org","@graph":[{"@type":"WebPage","@id":"https:\/\/ctp.eu\/portfolio\/mixed-use\/","url":"https:\/\/ctp.eu\/portfolio\/mixed-use\/","name":"Vegyes felhaszn\u00e1l\u00e1s\u00fa portf\u00f3li\u00f3 - Kereskedelmi ingatlanfejleszt\u0151 \u00e9s -kezel\u0151","isPartOf":{"@id":"https:\/\/ctp.eu\/#website"},"datePublished":"2018-04-10T15:36:03+00:00","dateModified":"2025-06-12T13:08:12+00:00","breadcrumb":{"@id":"https:\/\/ctp.eu\/portfolio\/mixed-use\/#breadcrumb"},"inLanguage":"hu","potentialAction":[{"@type":"ReadAction","target":["https:\/\/ctp.eu\/portfolio\/mixed-use\/"]}]},{"@type":"BreadcrumbList","@id":"https:\/\/ctp.eu\/portfolio\/mixed-use\/#breadcrumb","itemListElement":[{"@type":"ListItem","position":1,"name":"Home","item":"https:\/\/ctp.eu\/"},{"@type":"ListItem","position":2,"name":"Portfolio","item":"https:\/\/ctp.eu\/portfolio\/"},{"@type":"ListItem","position":3,"name":"Mixed-Use Portfolio"}]},{"@type":"WebSite","@id":"https:\/\/ctp.eu\/#website","url":"https:\/\/ctp.eu\/","name":"Kereskedelmi ingatlanfejleszt\u0151 \u00e9s menedzser","description":"CTP - pr\u00e9mium ipari rakt\u00e1rak \u00e9s iroda\u00e9p\u00fcletek","publisher":{"@id":"https:\/\/ctp.eu\/#organization"},"potentialAction":[{"@type":"SearchAction","target":{"@type":"EntryPoint","urlTemplate":"https:\/\/ctp.eu\/?s={search_term_string}"},"query-input":{"@type":"PropertyValueSpecification","valueRequired":true,"valueName":"search_term_string"}}],"inLanguage":"hu"},{"@type":"Organization","@id":"https:\/\/ctp.eu\/#organization","name":"CTP","url":"https:\/\/ctp.eu\/","logo":{"@type":"ImageObject","inLanguage":"hu","@id":"https:\/\/ctp.eu\/#\/schema\/logo\/image\/","url":"","contentUrl":"","caption":"CTP"},"image":{"@id":"https:\/\/ctp.eu\/#\/schema\/logo\/image\/"}}]}},"_links":{"self":[{"href":"https:\/\/ctp.eu\/hu\/wp-json\/wp\/v2\/pages\/72","targetHints":{"allow":["GET"]}}],"collection":[{"href":"https:\/\/ctp.eu\/hu\/wp-json\/wp\/v2\/pages"}],"about":[{"href":"https:\/\/ctp.eu\/hu\/wp-json\/wp\/v2\/types\/page"}],"author":[{"embeddable":true,"href":"https:\/\/ctp.eu\/hu\/wp-json\/wp\/v2\/users\/67"}],"replies":[{"embeddable":true,"href":"https:\/\/ctp.eu\/hu\/wp-json\/wp\/v2\/comments?post=72"}],"version-history":[{"count":13,"href":"https:\/\/ctp.eu\/hu\/wp-json\/wp\/v2\/pages\/72\/revisions"}],"predecessor-version":[{"id":108449,"href":"https:\/\/ctp.eu\/hu\/wp-json\/wp\/v2\/pages\/72\/revisions\/108449"}],"up":[{"embeddable":true,"href":"https:\/\/ctp.eu\/hu\/wp-json\/wp\/v2\/pages\/64"}],"wp:attachment":[{"href":"https:\/\/ctp.eu\/hu\/wp-json\/wp\/v2\/media?parent=72"}],"curies":[{"name":"wp","href":"https:\/\/api.w.org\/{rel}","templated":true}]}}