{"id":6451,"date":"2019-10-11T07:37:19","date_gmt":"2019-10-11T07:37:19","guid":{"rendered":"https:\/\/www.ctp.eu\/?page_id=6451"},"modified":"2020-08-28T10:59:00","modified_gmt":"2020-08-28T10:59:00","slug":"consent-to-the-use-of-personal-data-for-the-purpose-of-receiving-the-newsletter","status":"publish","type":"page","link":"https:\/\/ctp.eu\/hu\/ctp-policies\/consent-to-the-use-of-personal-data-for-the-purpose-of-receiving-the-newsletter\/","title":{"rendered":"Hozz\u00e1j\u00e1rul\u00e1s a szem\u00e9lyes adatoknak a h\u00edrlev\u00e9l k\u00fcld\u00e9se c\u00e9lj\u00e1b\u00f3l t\u00f6rt\u00e9n\u0151 felhaszn\u00e1l\u00e1s\u00e1hoz"},"content":{"rendered":"<div class=\"policy\">\n<p>Hozz\u00e1j\u00e1rulok ahhoz, hogy szem\u00e9lyes adataimat a CTP Invest, spol. s.r.o. (\"Adatkezel\u0151\") feldolgozza abb\u00f3l a c\u00e9lb\u00f3l, hogy h\u00edrleveleket \u00e9s szem\u00e9lyre szabott kereskedelmi inform\u00e1ci\u00f3kat kapjak a term\u00e9kekr\u0151l, szolg\u00e1ltat\u00e1sokr\u00f3l, piackutat\u00e1sr\u00f3l, esem\u00e9nyekr\u0151l \u00e9s az Adatkezel\u0151 vagy m\u00e1s, az Adatkezel\u0151h\u00f6z tartoz\u00f3 v\u00e1llalatok egy\u00e9b marketingtev\u00e9kenys\u00e9geir\u0151l. <a href=\"https:\/\/ctp.eu\/hu\/\">CTP csoport<\/a>. E c\u00e9lb\u00f3l az Adatkezel\u0151 kezelheti az \u00e1ltalam fent megadott szem\u00e9lyes adatokat, azaz az e-mail c\u00edmemet, a nevemet, a vezet\u00e9knevemet \u00e9s a telefonsz\u00e1momat, valamint a kapott inform\u00e1ci\u00f3kra adott reakci\u00f3imat.<\/p>\n<p>Hozz\u00e1j\u00e1rulok ahhoz, hogy a <strong>3 \u00e9ves id\u0151szak<\/strong>. Tudom\u00e1sul veszem, hogy hozz\u00e1j\u00e1rul\u00e1somat b\u00e1rmikor visszavonhatom. Egy ilyen visszavon\u00e1s nem \u00e9rinti a szem\u00e9lyes adataim visszavon\u00e1s el\u0151tti feldolgoz\u00e1s\u00e1t.<\/p>\n<p>Tov\u00e1bbi inform\u00e1ci\u00f3 arr\u00f3l, hogy a CTP Invest, spol. s.r.o. hogyan kezeli \u00e9s v\u00e9di a szem\u00e9lyes adatokat, az al\u00e1bbiakban tal\u00e1lhat\u00f3 <a href=\"https:\/\/ctp.eu\/hu\/ctp-policies\/business-partners-privacy-policy\/\">el\u00e9rhet\u0151 itt<\/a>.\n<\/div>","protected":false},"excerpt":{"rendered":"<p>Hozz\u00e1j\u00e1rulok ahhoz, hogy szem\u00e9lyes adataimat a CTP Invest, spol. s.r.o. (\"Adatkezel\u0151\") a k\u00f6vetkez\u0151 c\u00e9lb\u00f3l kezelje<\/p>","protected":false},"author":67,"featured_media":0,"parent":6125,"menu_order":0,"comment_status":"closed","ping_status":"closed","template":"","meta":{"_acf_changed":false,"footnotes":""},"class_list":["post-6451","page","type-page","status-publish","hentry"],"acf":[],"yoast_head":"<title>Consent to the use of personal data for the purpose of receiving the newsletter - Commercial Real Estate Developer And Manager<\/title>\n<meta name=\"robots\" content=\"index, follow, max-snippet:-1, max-image-preview:large, max-video-preview:-1\" \/>\n<link rel=\"canonical\" href=\"https:\/\/ctp.eu\/hu\/ctp-policies\/consent-to-the-use-of-personal-data-for-the-purpose-of-receiving-the-newsletter\/\" \/>\n<meta property=\"og:locale\" content=\"hu_HU\" \/>\n<meta property=\"og:type\" content=\"article\" \/>\n<meta property=\"og:title\" content=\"Consent to the use of personal data for the purpose of receiving the newsletter\" \/>\n<meta property=\"og:description\" content=\"I consent to the processing of my personal data by CTP Invest, spol. s.r.o. (the \u201cController\u201d) for the purpose of\" \/>\n<meta property=\"og:url\" content=\"https:\/\/ctp.eu\/hu\/ctp-policies\/consent-to-the-use-of-personal-data-for-the-purpose-of-receiving-the-newsletter\/\" \/>\n<meta property=\"og:site_name\" content=\"Commercial Real Estate Developer And Manager\" \/>\n<meta property=\"article:modified_time\" content=\"2020-08-28T10:59:00+00:00\" \/>\n<meta name=\"twitter:card\" content=\"summary_large_image\" \/>\n<meta name=\"twitter:label1\" content=\"Becs\u00fclt olvas\u00e1si id\u0151\" \/>\n\t<meta name=\"twitter:data1\" content=\"1 perc\" \/>\n<script type=\"application\/ld+json\" class=\"yoast-schema-graph\">{\"@context\":\"https:\\\/\\\/schema.org\",\"@graph\":[{\"@type\":\"WebPage\",\"@id\":\"https:\\\/\\\/ctp.eu\\\/ctp-policies\\\/consent-to-the-use-of-personal-data-for-the-purpose-of-receiving-the-newsletter\\\/\",\"url\":\"https:\\\/\\\/ctp.eu\\\/ctp-policies\\\/consent-to-the-use-of-personal-data-for-the-purpose-of-receiving-the-newsletter\\\/\",\"name\":\"Consent to the use of personal data for the purpose of receiving the newsletter - Commercial Real Estate Developer And Manager\",\"isPartOf\":{\"@id\":\"https:\\\/\\\/ctp.eu\\\/#website\"},\"datePublished\":\"2019-10-11T07:37:19+00:00\",\"dateModified\":\"2020-08-28T10:59:00+00:00\",\"breadcrumb\":{\"@id\":\"https:\\\/\\\/ctp.eu\\\/ctp-policies\\\/consent-to-the-use-of-personal-data-for-the-purpose-of-receiving-the-newsletter\\\/#breadcrumb\"},\"inLanguage\":\"hu\",\"potentialAction\":[{\"@type\":\"ReadAction\",\"target\":[\"https:\\\/\\\/ctp.eu\\\/ctp-policies\\\/consent-to-the-use-of-personal-data-for-the-purpose-of-receiving-the-newsletter\\\/\"]}]},{\"@type\":\"BreadcrumbList\",\"@id\":\"https:\\\/\\\/ctp.eu\\\/ctp-policies\\\/consent-to-the-use-of-personal-data-for-the-purpose-of-receiving-the-newsletter\\\/#breadcrumb\",\"itemListElement\":[{\"@type\":\"ListItem\",\"position\":1,\"name\":\"Home\",\"item\":\"https:\\\/\\\/ctp.eu\\\/\"},{\"@type\":\"ListItem\",\"position\":2,\"name\":\"CTP Policies\",\"item\":\"https:\\\/\\\/ctp.eu\\\/ctp-policies\\\/\"},{\"@type\":\"ListItem\",\"position\":3,\"name\":\"Consent to the use of personal data for the purpose of receiving the newsletter\"}]},{\"@type\":\"WebSite\",\"@id\":\"https:\\\/\\\/ctp.eu\\\/#website\",\"url\":\"https:\\\/\\\/ctp.eu\\\/\",\"name\":\"Commercial Real Estate Developer And Manager\",\"description\":\"CTP - premium industrial warehouse and office buildings\",\"publisher\":{\"@id\":\"https:\\\/\\\/ctp.eu\\\/#organization\"},\"potentialAction\":[{\"@type\":\"SearchAction\",\"target\":{\"@type\":\"EntryPoint\",\"urlTemplate\":\"https:\\\/\\\/ctp.eu\\\/?s={search_term_string}\"},\"query-input\":{\"@type\":\"PropertyValueSpecification\",\"valueRequired\":true,\"valueName\":\"search_term_string\"}}],\"inLanguage\":\"hu\"},{\"@type\":\"Organization\",\"@id\":\"https:\\\/\\\/ctp.eu\\\/#organization\",\"name\":\"CTP\",\"url\":\"https:\\\/\\\/ctp.eu\\\/\",\"logo\":{\"@type\":\"ImageObject\",\"inLanguage\":\"hu\",\"@id\":\"https:\\\/\\\/ctp.eu\\\/#\\\/schema\\\/logo\\\/image\\\/\",\"url\":\"\",\"contentUrl\":\"\",\"caption\":\"CTP\"},\"image\":{\"@id\":\"https:\\\/\\\/ctp.eu\\\/#\\\/schema\\\/logo\\\/image\\\/\"}}]}<\/script>","yoast_head_json":{"title":"Hozz\u00e1j\u00e1rul\u00e1s a szem\u00e9lyes adatok felhaszn\u00e1l\u00e1s\u00e1hoz a h\u00edrlev\u00e9l k\u00fcld\u00e9se c\u00e9lj\u00e1b\u00f3l - Kereskedelmi ingatlanfejleszt\u0151 \u00e9s -kezel\u0151","robots":{"index":"index","follow":"follow","max-snippet":"max-snippet:-1","max-image-preview":"max-image-preview:large","max-video-preview":"max-video-preview:-1"},"canonical":"https:\/\/ctp.eu\/hu\/ctp-policies\/consent-to-the-use-of-personal-data-for-the-purpose-of-receiving-the-newsletter\/","og_locale":"hu_HU","og_type":"article","og_title":"Consent to the use of personal data for the purpose of receiving the newsletter","og_description":"I consent to the processing of my personal data by CTP Invest, spol. s.r.o. (the \u201cController\u201d) for the purpose of","og_url":"https:\/\/ctp.eu\/hu\/ctp-policies\/consent-to-the-use-of-personal-data-for-the-purpose-of-receiving-the-newsletter\/","og_site_name":"Commercial Real Estate Developer And Manager","article_modified_time":"2020-08-28T10:59:00+00:00","twitter_card":"summary_large_image","twitter_misc":{"Becs\u00fclt olvas\u00e1si id\u0151":"1 perc"},"schema":{"@context":"https:\/\/schema.org","@graph":[{"@type":"WebPage","@id":"https:\/\/ctp.eu\/ctp-policies\/consent-to-the-use-of-personal-data-for-the-purpose-of-receiving-the-newsletter\/","url":"https:\/\/ctp.eu\/ctp-policies\/consent-to-the-use-of-personal-data-for-the-purpose-of-receiving-the-newsletter\/","name":"Hozz\u00e1j\u00e1rul\u00e1s a szem\u00e9lyes adatok felhaszn\u00e1l\u00e1s\u00e1hoz a h\u00edrlev\u00e9l k\u00fcld\u00e9se c\u00e9lj\u00e1b\u00f3l - Kereskedelmi ingatlanfejleszt\u0151 \u00e9s -kezel\u0151","isPartOf":{"@id":"https:\/\/ctp.eu\/#website"},"datePublished":"2019-10-11T07:37:19+00:00","dateModified":"2020-08-28T10:59:00+00:00","breadcrumb":{"@id":"https:\/\/ctp.eu\/ctp-policies\/consent-to-the-use-of-personal-data-for-the-purpose-of-receiving-the-newsletter\/#breadcrumb"},"inLanguage":"hu","potentialAction":[{"@type":"ReadAction","target":["https:\/\/ctp.eu\/ctp-policies\/consent-to-the-use-of-personal-data-for-the-purpose-of-receiving-the-newsletter\/"]}]},{"@type":"BreadcrumbList","@id":"https:\/\/ctp.eu\/ctp-policies\/consent-to-the-use-of-personal-data-for-the-purpose-of-receiving-the-newsletter\/#breadcrumb","itemListElement":[{"@type":"ListItem","position":1,"name":"Home","item":"https:\/\/ctp.eu\/"},{"@type":"ListItem","position":2,"name":"CTP Policies","item":"https:\/\/ctp.eu\/ctp-policies\/"},{"@type":"ListItem","position":3,"name":"Consent to the use of personal data for the purpose of receiving the newsletter"}]},{"@type":"WebSite","@id":"https:\/\/ctp.eu\/#website","url":"https:\/\/ctp.eu\/","name":"Kereskedelmi ingatlanfejleszt\u0151 \u00e9s menedzser","description":"CTP - pr\u00e9mium ipari rakt\u00e1rak \u00e9s iroda\u00e9p\u00fcletek","publisher":{"@id":"https:\/\/ctp.eu\/#organization"},"potentialAction":[{"@type":"SearchAction","target":{"@type":"EntryPoint","urlTemplate":"https:\/\/ctp.eu\/?s={search_term_string}"},"query-input":{"@type":"PropertyValueSpecification","valueRequired":true,"valueName":"search_term_string"}}],"inLanguage":"hu"},{"@type":"Organization","@id":"https:\/\/ctp.eu\/#organization","name":"CTP","url":"https:\/\/ctp.eu\/","logo":{"@type":"ImageObject","inLanguage":"hu","@id":"https:\/\/ctp.eu\/#\/schema\/logo\/image\/","url":"","contentUrl":"","caption":"CTP"},"image":{"@id":"https:\/\/ctp.eu\/#\/schema\/logo\/image\/"}}]}},"_links":{"self":[{"href":"https:\/\/ctp.eu\/hu\/wp-json\/wp\/v2\/pages\/6451","targetHints":{"allow":["GET"]}}],"collection":[{"href":"https:\/\/ctp.eu\/hu\/wp-json\/wp\/v2\/pages"}],"about":[{"href":"https:\/\/ctp.eu\/hu\/wp-json\/wp\/v2\/types\/page"}],"author":[{"embeddable":true,"href":"https:\/\/ctp.eu\/hu\/wp-json\/wp\/v2\/users\/67"}],"replies":[{"embeddable":true,"href":"https:\/\/ctp.eu\/hu\/wp-json\/wp\/v2\/comments?post=6451"}],"version-history":[{"count":0,"href":"https:\/\/ctp.eu\/hu\/wp-json\/wp\/v2\/pages\/6451\/revisions"}],"up":[{"embeddable":true,"href":"https:\/\/ctp.eu\/hu\/wp-json\/wp\/v2\/pages\/6125"}],"wp:attachment":[{"href":"https:\/\/ctp.eu\/hu\/wp-json\/wp\/v2\/media?parent=6451"}],"curies":[{"name":"wp","href":"https:\/\/api.w.org\/{rel}","templated":true}]}}