{"id":6064,"date":"2019-08-06T13:20:45","date_gmt":"2019-08-06T13:20:45","guid":{"rendered":"https:\/\/www.ctp.eu\/?page_id=6064"},"modified":"2020-08-28T10:59:01","modified_gmt":"2020-08-28T10:59:01","slug":"ctp-website-cookie-policy","status":"publish","type":"page","link":"https:\/\/ctp.eu\/hu\/ctp-policies\/ctp-website-cookie-policy\/","title":{"rendered":"CTP weboldal Cookie szab\u00e1lyzat"},"content":{"rendered":"<div class=\"policy\">\n<p>A CTP Invest, spol. s r.o. (\"<strong>CTP<\/strong>\" vagy \"<strong>mi<\/strong>\") weboldal kis adatf\u00e1jlokat, \u00fagynevezett s\u00fctiket helyezhet el az \u00d6n eszk\u00f6z\u00e9n. Az al\u00e1bbiakban a s\u00fctikr\u0151l sz\u00f3l\u00f3 alapvet\u0151 inform\u00e1ci\u00f3kat \u00e9s magyar\u00e1zatot tal\u00e1l arra vonatkoz\u00f3an, hogy weboldalunk pontosan hogyan haszn\u00e1lja \u0151ket.<\/p>\n<p>&nbsp;<\/p>\n<h2>1. Mik azok a s\u00fctik?<\/h2>\n<p>A s\u00fctik kis sz\u00f6veges f\u00e1jlok, amelyeket az \u00d6n eszk\u00f6z\u00e9re k\u00fcldenek. B\u00e1r a s\u00fctik tartalmaznak azonos\u00edt\u00f3 inform\u00e1ci\u00f3kat, ezek nem tartalmaznak olyan inform\u00e1ci\u00f3kat, amelyek szem\u00e9lyesen azonos\u00edtj\u00e1k \u00d6nt, hanem lehet\u0151v\u00e9 teszik sz\u00e1munkra, hogy felismerj\u00fck \u00d6nt, amikor visszat\u00e9r a weboldalunkra. Ha nem k\u00edv\u00e1nja elfogadni a cookie-kat a weboldalunk l\u00e1togat\u00e1sa sor\u00e1n, akkor a b\u00f6ng\u00e9sz\u0151je be\u00e1ll\u00edt\u00e1sait \u00fagy m\u00f3dos\u00edthatja, hogy letiltsa ezt a funkci\u00f3t (tov\u00e1bbi inform\u00e1ci\u00f3 a hogyanr\u00f3l - al\u00e1bb), de el\u0151fordulhat, hogy a weboldal bizonyos r\u00e9szei nem lesznek el\u00e9rhet\u0151k, ha ezt megteszi. Ezek \u00e1ltal\u00e1ban olyan r\u00e9szek lehetnek, amelyekre kifejezetten regisztr\u00e1lt, \u00e9s elvesz\u00edthet n\u00e9h\u00e1ny hasznos funkci\u00f3t, p\u00e9ld\u00e1ul a szem\u00e9lyre szab\u00e1st, valamint a \"tarts bejegyezve\" \u00e9s \"eml\u00e9kezz r\u00e1m\" funkci\u00f3kat.<\/p>\n<h2><\/h2>\n<h2>2. Mi\u00e9rt haszn\u00e1lunk s\u00fctiket ezen a weboldalon?<\/h2>\n<p>S\u00fctiket haszn\u00e1lunk annak elemz\u00e9s\u00e9re, hogy a felhaszn\u00e1l\u00f3k hogyan haszn\u00e1lj\u00e1k szolg\u00e1ltat\u00e1sainkat, valamint hasonl\u00f3 technol\u00f3gi\u00e1kat (pl. eszk\u00f6zazonos\u00edt\u00f3k, hirdet\u00e9si c\u00edmk\u00e9k), hogy felismerj\u00fck \u00d6nt \u00e9s\/vagy az \u00d6n eszk\u00f6z\u00e9t (eszk\u00f6zeit) a k\u00fcl\u00f6nb\u00f6z\u0151 eszk\u00f6z\u00f6k\u00f6n, azokon k\u00edv\u00fcl, illetve k\u00fcl\u00f6nb\u00f6z\u0151 eszk\u00f6z\u00f6k \u00e9s szolg\u00e1ltat\u00e1saink k\u00f6z\u00f6tt, valamint az \u00e1ltalunk k\u00edn\u00e1lt szolg\u00e1ltat\u00e1sok jav\u00edt\u00e1sa, a marketing, az analitika vagy a weboldal funkcionalit\u00e1s\u00e1nak jav\u00edt\u00e1sa \u00e9rdek\u00e9ben.<\/p>\n<p>&nbsp;<\/p>\n<h2>3. Milyen t\u00edpus\u00fa s\u00fctiket helyeznek el?<\/h2>\n<p>A b\u00f6ng\u00e9sz\u00e9si munkamenetek sor\u00e1n a k\u00f6vetkez\u0151 t\u00edpus\u00fa cookie-kat haszn\u00e1lhatja weboldalunk:<\/p>\n<ul>\n<li>felhaszn\u00e1l\u00f3i fel\u00fclet testreszab\u00e1si s\u00fctik (azaz az \u00d6n be\u00e1ll\u00edt\u00e1sait megjegyz\u0151 s\u00fctik);<\/li>\n<li>hiteles\u00edt\u00e9si s\u00fctik (azaz olyan s\u00fctik, amelyek lehet\u0151v\u00e9 teszik, hogy \u00d6n elhagyja \u00e9s visszat\u00e9rjen weboldalainkat an\u00e9lk\u00fcl, hogy \u00fajra hiteles\u00edtenie kellene mag\u00e1t);<\/li>\n<li>vide\u00f3lej\u00e1tsz\u00f3 s\u00fctik (azaz a vide\u00f3- vagy audiotartalom lej\u00e1tsz\u00e1s\u00e1hoz sz\u00fcks\u00e9ges adatokat t\u00e1rol\u00f3 \u00e9s az \u00d6n be\u00e1ll\u00edt\u00e1sait t\u00e1rol\u00f3 s\u00fctik);<\/li>\n<li>els\u0151 f\u00e9lt\u0151l sz\u00e1rmaz\u00f3 analitikai s\u00fctik (azaz az \u00d6n \u00e1ltal megl\u00e1togatott oldalakat megjegyz\u0151 \u00e9s az azokkal val\u00f3 interakci\u00f3kra vonatkoz\u00f3 inform\u00e1ci\u00f3kat szolg\u00e1ltat\u00f3 s\u00fctik); \u00e9s<\/li>\n<li>harmadik f\u00e9lt\u0151l sz\u00e1rmaz\u00f3 analitikai s\u00fctik (azaz harmadik f\u00e9lt\u0151l sz\u00e1rmaz\u00f3, a weboldalunk statisztik\u00e1it nyomon k\u00f6vet\u0151 s\u00fctik \u00e9s ford\u00edtva)<\/li>\n<\/ul>\n<p>&nbsp;<\/p>\n<h2>4. A fent eml\u00edtetteken k\u00edv\u00fcl gy\u0171jtenek-e egy\u00e9b adatokat?<\/h2>\n<p>Hasonl\u00f3k\u00e9ppen, nyomon k\u00f6vetj\u00fck az \u00d6n folyamat\u00e1t a weboldalunkon, hogy meggy\u0151z\u0151dj\u00fcnk arr\u00f3l, hogy \u00d6n nem egy bot, \u00e9s hogy optimaliz\u00e1ljuk szolg\u00e1ltat\u00e1sainkat:<\/p>\n<ul>\n<li>az \u00d6n b\u00f6ng\u00e9sz\u0151j\u00e9re \u00e9s eszk\u00f6z\u00e9re vonatkoz\u00f3 inform\u00e1ci\u00f3k;<\/li>\n<li>automatiz\u00e1lt elektronikus interakci\u00f3k r\u00e9v\u00e9n gy\u0171jt\u00f6tt adatok;<\/li>\n<li>alkalmaz\u00e1shaszn\u00e1lati adatok;<\/li>\n<li>statisztikai inform\u00e1ci\u00f3k a weboldalunk haszn\u00e1lat\u00e1r\u00f3l.<\/li>\n<\/ul>\n<p>Ha e-mailt k\u00fcld nek\u00fcnk (pl. inform\u00e1ci\u00f3k k\u00e9r\u00e9se vagy a weboldal tartalm\u00e1val kapcsolatos visszajelz\u00e9s), az \u00d6n \u00e1ltal megadott inform\u00e1ci\u00f3kat csak arra haszn\u00e1ljuk fel, hogy seg\u00edtsen nek\u00fcnk \u00f6sszegy\u0171jteni a k\u00e9rt inform\u00e1ci\u00f3kat \u00e9s v\u00e1laszolni az \u00d6n \u00fczenet\u00e9re.<\/p>\n<p>Amikor megl\u00e1togatja b\u00e1rmelyik szolg\u00e1ltat\u00e1sunkat, szervereink az \u00d6n glob\u00e1lis IP-c\u00edm\u00e9t is napl\u00f3zz\u00e1k, amely egy olyan sz\u00e1m, amelyet automatikusan hozz\u00e1rendelnek ahhoz a h\u00e1l\u00f3zathoz, amelynek a sz\u00e1m\u00edt\u00f3g\u00e9pe r\u00e9sze.<\/p>\n<h2><\/h2>\n<h2>5. Mennyi ideig \u0151rzik meg a s\u00fctik \u00e1ltal gy\u0171jt\u00f6tt adatokat?<\/h2>\n<p>A s\u00fctik \u00e1ltal gy\u0171jt\u00f6tt szem\u00e9lyes adatok feldolgoz\u00e1sa az \u00d6n hozz\u00e1j\u00e1rul\u00e1s\u00e1n alapul, amelyet a b\u00f6ng\u00e9sz\u0151 be\u00e1ll\u00edt\u00e1sain kereszt\u00fcl b\u00e1rmikor visszavonhat. Ha \u00d6n elfogadja a cookie-kat a weboldalunkon, akkor 26 h\u00f3napig gy\u0171jtj\u00fck \u00e9s kezelj\u00fck az \u00d6n szem\u00e9lyes adatait. Ezen id\u0151szak lej\u00e1rta ut\u00e1n minden \u00e1lland\u00f3 cookie-t elt\u00e1vol\u00edtunk az \u00d6n eszk\u00f6z\u00e9r\u0151l, \u00e9s a tov\u00e1bbiakban nem kezelj\u00fck az \u00d6n szem\u00e9lyes adatait.<\/p>\n<h2><\/h2>\n<h2>6. Hogyan v\u00e1ltoztathatom meg a cookie-be\u00e1ll\u00edt\u00e1saimat?<\/h2>\n<p>A legt\u00f6bb webb\u00f6ng\u00e9sz\u0151 lehet\u0151v\u00e9 teszi a legt\u00f6bb cookie bizonyos m\u00e9rt\u00e9k\u0171 ellen\u0151rz\u00e9s\u00e9t a b\u00f6ng\u00e9sz\u0151 be\u00e1ll\u00edt\u00e1sain kereszt\u00fcl. Ha t\u00f6bbet szeretne megtudni a cookie-kr\u00f3l, bele\u00e9rtve azt is, hogy hogyan l\u00e1thatja, hogy milyen cookie-kat \u00e1ll\u00edtottak be, \u00e9s hogyan kezelheti \u00e9s t\u00f6r\u00f6lheti azokat, l\u00e1togasson el a k\u00f6vetkez\u0151 weboldalra <a href=\"http:\/\/www.aboutcookies.org\" target=\"_blank\" rel=\"noopener noreferrer\">www.aboutcookies.org<\/a> vagy <a href=\"http:\/\/www.allaboutcookies.org\" target=\"_blank\" rel=\"noopener noreferrer\">www.allaboutcookies.org<\/a>.<\/p>\n<p>A Google Analytics \u00e1ltali nyomon k\u00f6vet\u00e9s le\u00e1ll\u00edt\u00e1s\u00e1hoz minden weboldalon l\u00e1togasson el a k\u00f6vetkez\u0151 weboldalra <a href=\"http:\/\/tools.google.com\/dlpage\/gaoptout\" target=\"_blank\" rel=\"noopener noreferrer\">http:\/\/tools.google.com\/dlpage\/gaoptout<\/a>. K\u00e9rj\u00fck, vegye figyelembe, hogy ha nem \u00e1ll\u00edtja be a b\u00f6ng\u00e9sz\u0151j\u00e9t, akkor elfogadja a weboldal \u00e1ltal biztos\u00edtott cookie-kat.<\/p>\n<p>&nbsp;<\/p>\n<h2>7. K\u00fcls\u0151 weboldalakra mutat\u00f3 linkek<\/h2>\n<p>Hivatkozhatunk m\u00e1s v\u00e1llalatokra, szervezetekre \u00e9s k\u00f6zint\u00e9zm\u00e9nyekre, illetve kapcsolatokat l\u00e9tes\u00edthet\u00fcnk vel\u00fck, amelyek lehet\u0151v\u00e9 teszik, hogy \u00d6n a mi weboldalunkr\u00f3l k\u00f6zvetlen\u00fcl hozz\u00e1f\u00e9rjen azok weboldalaihoz. Mindegyik\u00fck saj\u00e1t politik\u00e1t m\u0171k\u00f6dtet a cookie-k haszn\u00e1lat\u00e1ra, valamint az inform\u00e1ci\u00f3k gy\u0171jt\u00e9s\u00e9re \u00e9s felhaszn\u00e1l\u00e1s\u00e1ra vonatkoz\u00f3an. Ha b\u00e1rmilyen agg\u00e1lya van az adatai felhaszn\u00e1l\u00e1s\u00e1nak m\u00f3dj\u00e1val kapcsolatban, javasoljuk, hogy olvassa el az \u00e9rintett webhelyek adatv\u00e9delmi nyilatkozat\u00e1t.<\/p>\n<p>A CTP arra t\u00f6rekszik, hogy magas sz\u00ednvonal\u00fa, j\u00f3 h\u00edr\u0171 weboldalakra mutat\u00f3 linkeket adjon meg \u00d6nnek, amelyekr\u0151l \u00fagy gondoljuk, hogy \u00e9rdekesek \u00e9s relev\u00e1nsak az \u00d6n sz\u00e1m\u00e1ra. Felh\u00edvjuk azonban figyelm\u00e9t, hogy nem vagyunk felel\u0151sek az ilyen weboldalak tartalm\u00e1\u00e9rt, \u00e9s nem v\u00e1llalunk felel\u0151ss\u00e9get az \u00d6n adatainak harmadik f\u00e9l \u00e1ltali felhaszn\u00e1l\u00e1s\u00e1val, a weboldal tartalm\u00e1val vagy az ezen weboldalak \u00e1ltal \u00d6nnek k\u00edn\u00e1lt szolg\u00e1ltat\u00e1sokkal kapcsolatban felmer\u00fcl\u0151 probl\u00e9m\u00e1k\u00e9rt.<\/p>\n<h2><\/h2>\n<h2>8. Google Analytics<\/h2>\n<p>Ez a weboldal a Google Analytics, a Google, Inc. (\"Google\") \u00e1ltal ny\u00fajtott webanalitikai szolg\u00e1ltat\u00e1st haszn\u00e1lja. A Google Analytics cookie-kat (az \u00d6n sz\u00e1m\u00edt\u00f3g\u00e9p\u00e9n elhelyezett sz\u00f6veges f\u00e1jlokat) haszn\u00e1l, hogy seg\u00edtsen a weboldal \u00fczemeltet\u0151inek elemezni, hogyan haszn\u00e1lj\u00e1k a felhaszn\u00e1l\u00f3k az oldalt. A cookie \u00e1ltal gener\u00e1lt, a weboldal \u00d6n \u00e1ltali haszn\u00e1lat\u00e1ra vonatkoz\u00f3 inform\u00e1ci\u00f3kat (bele\u00e9rtve az \u00d6n IP-c\u00edm\u00e9t) a Google tov\u00e1bb\u00edtja \u00e9s t\u00e1rolja az Egyes\u00fclt \u00c1llamokban tal\u00e1lhat\u00f3 szervereken. A Google ezeket az inform\u00e1ci\u00f3kat a weboldal haszn\u00e1lat\u00e1nak \u00e9rt\u00e9kel\u00e9s\u00e9re, a weboldal \u00fczemeltet\u0151i sz\u00e1m\u00e1ra a weboldal tev\u00e9kenys\u00e9g\u00e9r\u0151l sz\u00f3l\u00f3 jelent\u00e9sek \u00f6ssze\u00e1ll\u00edt\u00e1s\u00e1ra, valamint a weboldal tev\u00e9kenys\u00e9g\u00e9vel \u00e9s az internethaszn\u00e1lattal kapcsolatos egy\u00e9b szolg\u00e1ltat\u00e1sok ny\u00fajt\u00e1s\u00e1ra haszn\u00e1lja fel. A Google ezeket az inform\u00e1ci\u00f3kat harmadik feleknek is tov\u00e1bb\u00edthatja, ha erre t\u00f6rv\u00e9ny k\u00f6telezi, vagy ha az ilyen harmadik felek a Google nev\u00e9ben dolgozz\u00e1k fel az inform\u00e1ci\u00f3kat. A Google nem kapcsolja \u00f6ssze az \u00d6n IP-c\u00edm\u00e9t a Google \u00e1ltal t\u00e1rolt egy\u00e9b adatokkal. A weboldal haszn\u00e1lat\u00e1val \u00d6n hozz\u00e1j\u00e1rul ahhoz, hogy a Google a fentiekben meghat\u00e1rozott m\u00f3don \u00e9s c\u00e9lokra feldolgozza az \u00d6nre vonatkoz\u00f3 adatokat. Nem tesz\u00fcnk, \u00e9s nem engedj\u00fck meg a Google-nak, hogy b\u00e1rmilyen k\u00eds\u00e9rletet tegyen a weboldalunkat l\u00e1togat\u00f3k szem\u00e9lyazonoss\u00e1g\u00e1nak meg\u00e1llap\u00edt\u00e1s\u00e1ra.<\/p>\n<\/div>","protected":false},"excerpt":{"rendered":"<p>A CTP Invest, spol. s r.o. (\"CTP\" vagy \"mi\") weboldal\u00e1n a legjobb felhaszn\u00e1l\u00f3i \u00e9lm\u00e9ny biztos\u00edt\u00e1sa \u00e9rdek\u00e9ben a CTP Invest, spol. s r.o. (\"CTP\" vagy \"mi\")<\/p>","protected":false},"author":67,"featured_media":0,"parent":6125,"menu_order":0,"comment_status":"closed","ping_status":"closed","template":"","meta":{"_acf_changed":false,"footnotes":""},"class_list":["post-6064","page","type-page","status-publish","hentry"],"acf":[],"yoast_head":"<title>CTP website Cookie Policy - Commercial Real Estate Developer And Manager<\/title>\n<meta name=\"robots\" content=\"index, follow, max-snippet:-1, max-image-preview:large, max-video-preview:-1\" \/>\n<link rel=\"canonical\" href=\"https:\/\/ctp.eu\/hu\/ctp-policies\/ctp-website-cookie-policy\/\" \/>\n<meta property=\"og:locale\" content=\"hu_HU\" \/>\n<meta property=\"og:type\" content=\"article\" \/>\n<meta property=\"og:title\" content=\"CTP website Cookie Policy\" \/>\n<meta property=\"og:description\" content=\"With the endeavor to ensure you get the best experience, the CTP Invest, spol. s r.o. (\u201cCTP\u201d or \u201cwe\u201d) website\" \/>\n<meta property=\"og:url\" content=\"https:\/\/ctp.eu\/hu\/ctp-policies\/ctp-website-cookie-policy\/\" \/>\n<meta property=\"og:site_name\" content=\"Commercial Real Estate Developer And Manager\" \/>\n<meta property=\"article:modified_time\" content=\"2020-08-28T10:59:01+00:00\" \/>\n<meta name=\"twitter:card\" content=\"summary_large_image\" \/>\n<meta name=\"twitter:label1\" content=\"Becs\u00fclt olvas\u00e1si id\u0151\" \/>\n\t<meta name=\"twitter:data1\" content=\"5 perc\" \/>\n<script type=\"application\/ld+json\" class=\"yoast-schema-graph\">{\"@context\":\"https:\/\/schema.org\",\"@graph\":[{\"@type\":\"WebPage\",\"@id\":\"https:\/\/ctp.eu\/ctp-policies\/ctp-website-cookie-policy\/\",\"url\":\"https:\/\/ctp.eu\/ctp-policies\/ctp-website-cookie-policy\/\",\"name\":\"CTP website Cookie Policy - Commercial Real Estate Developer And Manager\",\"isPartOf\":{\"@id\":\"https:\/\/ctp.eu\/#website\"},\"datePublished\":\"2019-08-06T13:20:45+00:00\",\"dateModified\":\"2020-08-28T10:59:01+00:00\",\"breadcrumb\":{\"@id\":\"https:\/\/ctp.eu\/ctp-policies\/ctp-website-cookie-policy\/#breadcrumb\"},\"inLanguage\":\"hu\",\"potentialAction\":[{\"@type\":\"ReadAction\",\"target\":[\"https:\/\/ctp.eu\/ctp-policies\/ctp-website-cookie-policy\/\"]}]},{\"@type\":\"BreadcrumbList\",\"@id\":\"https:\/\/ctp.eu\/ctp-policies\/ctp-website-cookie-policy\/#breadcrumb\",\"itemListElement\":[{\"@type\":\"ListItem\",\"position\":1,\"name\":\"Home\",\"item\":\"https:\/\/ctp.eu\/\"},{\"@type\":\"ListItem\",\"position\":2,\"name\":\"CTP Policies\",\"item\":\"https:\/\/ctp.eu\/ctp-policies\/\"},{\"@type\":\"ListItem\",\"position\":3,\"name\":\"CTP website Cookie Policy\"}]},{\"@type\":\"WebSite\",\"@id\":\"https:\/\/ctp.eu\/#website\",\"url\":\"https:\/\/ctp.eu\/\",\"name\":\"Commercial Real Estate Developer And Manager\",\"description\":\"CTP - premium industrial warehouse and office buildings\",\"publisher\":{\"@id\":\"https:\/\/ctp.eu\/#organization\"},\"potentialAction\":[{\"@type\":\"SearchAction\",\"target\":{\"@type\":\"EntryPoint\",\"urlTemplate\":\"https:\/\/ctp.eu\/?s={search_term_string}\"},\"query-input\":{\"@type\":\"PropertyValueSpecification\",\"valueRequired\":true,\"valueName\":\"search_term_string\"}}],\"inLanguage\":\"hu\"},{\"@type\":\"Organization\",\"@id\":\"https:\/\/ctp.eu\/#organization\",\"name\":\"CTP\",\"url\":\"https:\/\/ctp.eu\/\",\"logo\":{\"@type\":\"ImageObject\",\"inLanguage\":\"hu\",\"@id\":\"https:\/\/ctp.eu\/#\/schema\/logo\/image\/\",\"url\":\"\",\"contentUrl\":\"\",\"caption\":\"CTP\"},\"image\":{\"@id\":\"https:\/\/ctp.eu\/#\/schema\/logo\/image\/\"}}]}<\/script>","yoast_head_json":{"title":"CTP weboldal Cookie szab\u00e1lyzat - Kereskedelmi ingatlanfejleszt\u0151 \u00e9s -kezel\u0151","robots":{"index":"index","follow":"follow","max-snippet":"max-snippet:-1","max-image-preview":"max-image-preview:large","max-video-preview":"max-video-preview:-1"},"canonical":"https:\/\/ctp.eu\/hu\/ctp-policies\/ctp-website-cookie-policy\/","og_locale":"hu_HU","og_type":"article","og_title":"CTP website Cookie Policy","og_description":"With the endeavor to ensure you get the best experience, the CTP Invest, spol. s r.o. (\u201cCTP\u201d or \u201cwe\u201d) website","og_url":"https:\/\/ctp.eu\/hu\/ctp-policies\/ctp-website-cookie-policy\/","og_site_name":"Commercial Real Estate Developer And Manager","article_modified_time":"2020-08-28T10:59:01+00:00","twitter_card":"summary_large_image","twitter_misc":{"Becs\u00fclt olvas\u00e1si id\u0151":"5 perc"},"schema":{"@context":"https:\/\/schema.org","@graph":[{"@type":"WebPage","@id":"https:\/\/ctp.eu\/ctp-policies\/ctp-website-cookie-policy\/","url":"https:\/\/ctp.eu\/ctp-policies\/ctp-website-cookie-policy\/","name":"CTP weboldal Cookie szab\u00e1lyzat - Kereskedelmi ingatlanfejleszt\u0151 \u00e9s -kezel\u0151","isPartOf":{"@id":"https:\/\/ctp.eu\/#website"},"datePublished":"2019-08-06T13:20:45+00:00","dateModified":"2020-08-28T10:59:01+00:00","breadcrumb":{"@id":"https:\/\/ctp.eu\/ctp-policies\/ctp-website-cookie-policy\/#breadcrumb"},"inLanguage":"hu","potentialAction":[{"@type":"ReadAction","target":["https:\/\/ctp.eu\/ctp-policies\/ctp-website-cookie-policy\/"]}]},{"@type":"BreadcrumbList","@id":"https:\/\/ctp.eu\/ctp-policies\/ctp-website-cookie-policy\/#breadcrumb","itemListElement":[{"@type":"ListItem","position":1,"name":"Home","item":"https:\/\/ctp.eu\/"},{"@type":"ListItem","position":2,"name":"CTP Policies","item":"https:\/\/ctp.eu\/ctp-policies\/"},{"@type":"ListItem","position":3,"name":"CTP website Cookie Policy"}]},{"@type":"WebSite","@id":"https:\/\/ctp.eu\/#website","url":"https:\/\/ctp.eu\/","name":"Kereskedelmi ingatlanfejleszt\u0151 \u00e9s menedzser","description":"CTP - pr\u00e9mium ipari rakt\u00e1rak \u00e9s iroda\u00e9p\u00fcletek","publisher":{"@id":"https:\/\/ctp.eu\/#organization"},"potentialAction":[{"@type":"SearchAction","target":{"@type":"EntryPoint","urlTemplate":"https:\/\/ctp.eu\/?s={search_term_string}"},"query-input":{"@type":"PropertyValueSpecification","valueRequired":true,"valueName":"search_term_string"}}],"inLanguage":"hu"},{"@type":"Organization","@id":"https:\/\/ctp.eu\/#organization","name":"CTP","url":"https:\/\/ctp.eu\/","logo":{"@type":"ImageObject","inLanguage":"hu","@id":"https:\/\/ctp.eu\/#\/schema\/logo\/image\/","url":"","contentUrl":"","caption":"CTP"},"image":{"@id":"https:\/\/ctp.eu\/#\/schema\/logo\/image\/"}}]}},"_links":{"self":[{"href":"https:\/\/ctp.eu\/hu\/wp-json\/wp\/v2\/pages\/6064","targetHints":{"allow":["GET"]}}],"collection":[{"href":"https:\/\/ctp.eu\/hu\/wp-json\/wp\/v2\/pages"}],"about":[{"href":"https:\/\/ctp.eu\/hu\/wp-json\/wp\/v2\/types\/page"}],"author":[{"embeddable":true,"href":"https:\/\/ctp.eu\/hu\/wp-json\/wp\/v2\/users\/67"}],"replies":[{"embeddable":true,"href":"https:\/\/ctp.eu\/hu\/wp-json\/wp\/v2\/comments?post=6064"}],"version-history":[{"count":0,"href":"https:\/\/ctp.eu\/hu\/wp-json\/wp\/v2\/pages\/6064\/revisions"}],"up":[{"embeddable":true,"href":"https:\/\/ctp.eu\/hu\/wp-json\/wp\/v2\/pages\/6125"}],"wp:attachment":[{"href":"https:\/\/ctp.eu\/hu\/wp-json\/wp\/v2\/media?parent=6064"}],"curies":[{"name":"wp","href":"https:\/\/api.w.org\/{rel}","templated":true}]}}