{"id":33,"date":"2018-04-09T14:06:52","date_gmt":"2018-04-09T12:06:52","guid":{"rendered":"https:\/\/www.ctp.eu\/?page_id=33"},"modified":"2025-08-07T12:45:34","modified_gmt":"2025-08-07T10:45:34","slug":"about-us-old-2","status":"publish","type":"page","link":"https:\/\/ctp.eu\/hu\/about-us-old-2\/","title":{"rendered":"Parkokat \u00e9p\u00edt\u00fcnk"},"content":{"rendered":"<p><span>Mi\u00f3ta elkezdt\u00fck azt csin\u00e1lni, amit csin\u00e1lunk, el\u00e9g j\u00f3l \u00e9rt\u00fcnk hozz\u00e1 - \u00fczleti parkok tervez\u00e9se, \u00e9p\u00edt\u00e9se \u00e9s kezel\u00e9se b\u00e9rl\u0151ink sz\u00e1m\u00e1ra. Itt a bizony\u00edt\u00e9k.<\/span><\/p>\n<p>&nbsp;<\/p>\n<h2 class=\"ctp-red weight-normal\">A b\u00e9rl\u0151ink szeretnek minket<\/h2>\n<p>A mi 1<span>,<\/span>000+ b\u00e9rl\u0151i h\u00e1l\u00f3zat 92% megtart\u00e1si ar\u00e1ny, \u00e9s 8<span>0<\/span>Az \u00faj \u00fczleteink %-je a megl\u00e9v\u0151 b\u00e9rl\u0151i h\u00e1l\u00f3zatunkb\u00f3l sz\u00e1rmazik. Ez azt jelenti, hogy ahogy \u0151k n\u00f6vekednek, mi is n\u00f6veked\u00fcnk. \u0150k pedig \u00fagy d\u00f6ntenek, hogy vel\u00fcnk egy\u00fctt n\u00f6vekednek. Ennek egyik oka, hogy mi egy saj\u00e1t \u00e9p\u00edt\u00e9s\u0171 fejleszt\u0151 vagyunk, ami azt jelenti, hogy amikor \u00e9p\u00edt\u00fcnk valamit, akkor azt a legmagasabb min\u0151s\u00e9gi szabv\u00e1nyok szerint \u00e9p\u00edtj\u00fck, hogy biztos\u00edtsuk annak tart\u00f3ss\u00e1g\u00e1t: \u00e9p\u00fcleteink \u00e1tlagos \u00e9lettartama 40 \u00e9v. Minden, amit sz\u00e1ll\u00edtunk, a saj\u00e1t csapatunkt\u00f3l sz\u00e1rmazik, hogy garant\u00e1ljuk, hogy megfeleljen a CTP arany szabv\u00e1nynak. \u00c9p\u00fcleteinkr\u0151l \u00e9s parkjainkr\u00f3l teljes k\u00f6r\u0171 gondoskod\u00e1ssal gondoskodunk - bele\u00e9rtve a helysz\u00edni l\u00e9tes\u00edtm\u00e9nygazd\u00e1lkod\u00e1st, a kert\u00e9p\u00edt\u00e9st, a 24\/7-es biztons\u00e1got \u00e9s m\u00e9g sok m\u00e1st -, hogy b\u00e9rl\u0151ink arra koncentr\u00e1lhassanak, amihez a legjobban \u00e9rtenek.<\/p>\n<p>&nbsp;<\/p>\n<h2 class=\"ctp-red weight-normal\">N\u00f6veked\u00e9s, amely folyamatosan n\u00f6vekszik<\/h2>\n<p><span>Megalap\u00edt\u00e1sunk \u00f3ta folyamatosan, organikusan \u00e9s megszak\u00edt\u00e1s n\u00e9lk\u00fcl n\u00f6veksz\u00fcnk, \u00e9s \u00fagy t\u0171nik, minden \u00e9vben m\u00e9g jobban n\u00f6veked\u00fcnk, mint az el\u0151z\u0151ben. Ma a kontinent\u00e1lis Eur\u00f3pa legnagyobb t\u0151zsd\u00e9n jegyzett logisztikai \u00e9s ipari ingatlanfejleszt\u0151je \u00e9s -kezel\u0151je vagyunk. Ez a n\u00f6veked\u00e9s nem v\u00e9letlen. Strat\u00e9giailag \u00fagy poz\u00edcion\u00e1ljuk magunkat, hogy a megfelel\u0151 id\u0151ben a megfelel\u0151 helyen n\u00f6vekedj\u00fcnk. <\/span><\/p>\n<p>&nbsp;<\/p>\n<h2 class=\"ctp-red weight-normal\">Fenntarthat\u00f3s\u00e1g a gy\u0151zelem\u00e9rt<\/h2>\n<p><span>Mindezen er\u0151teljes n\u00f6veked\u00e9s mellett nagy hangs\u00falyt fektet\u00fcnk az ipar\u00e1g vezet\u0151 szabv\u00e1nyainak \u00e9s a legjobb innov\u00e1ci\u00f3knak az alkalmaz\u00e1s\u00e1ra annak \u00e9rdek\u00e9ben, hogy parkjaink maxim\u00e1lis hat\u00e9konys\u00e1ggal \u00e9s a legkisebb k\u00f6rnyezeti terhel\u00e9ssel m\u0171k\u00f6djenek. Portf\u00f3li\u00f3nk minden n\u00e9gyzetm\u00e9tere \"Nagyon j\u00f3\" vagy ann\u00e1l jobb BREEAM tan\u00fas\u00edtv\u00e1nnyal rendelkezik; fotovoltaikus rendszereket telep\u00edt\u00fcnk a tet\u0151kre, hogy energi\u00e1t szolg\u00e1ltassunk parkjainknak \u00e9s visszat\u00e1pl\u00e1ljuk a f\u0151 h\u00e1l\u00f3zatba; \u00e9s k\u00f6vetkezetesen kihaszn\u00e1ljuk a leg\u00fajabb technol\u00f3gi\u00e1kat \u00e9s m\u00f3dszereket, hogy cs\u00f6kkents\u00fck parkjaink k\u00f6rnyezeti l\u00e1bnyom\u00e1t, t\u00f6bbek k\u00f6z\u00f6tt a legkorszer\u0171bb \u00e9p\u00fcletir\u00e1ny\u00edt\u00e1si rendszerekkel \u00e9s k\u00f6rforg\u00e1sos gazdas\u00e1gi megold\u00e1sokkal. Tov\u00e1bbi inform\u00e1ci\u00f3k\u00e9rt tekintse meg a fenntarthat\u00f3s\u00e1ggal foglalkoz\u00f3 r\u00e9sz\u00fcnket.<\/span><\/p>","protected":false},"excerpt":{"rendered":"<p>Ami\u00f3ta elkezdt\u00fck azt csin\u00e1lni, amit csin\u00e1lunk, el\u00e9g j\u00f3l csin\u00e1ltuk - \u00fczleti parkok tervez\u00e9se, \u00e9p\u00edt\u00e9se \u00e9s kezel\u00e9se a mi<\/p>","protected":false},"author":67,"featured_media":12410,"parent":0,"menu_order":0,"comment_status":"closed","ping_status":"closed","template":"templates\/about-us.php","meta":{"_acf_changed":false,"footnotes":""},"class_list":["post-33","page","type-page","status-publish","has-post-thumbnail","hentry"],"acf":[],"yoast_head":"<title>We make parks - Premium Industrial Warehouses and Logistics Parks<\/title>\n<meta name=\"description\" content=\"CTP is the industrial property developer and manager. It operates the largest network of premium industrial warehouses and logistics parks in CEE region.\" \/>\n<meta name=\"robots\" content=\"index, follow, max-snippet:-1, max-image-preview:large, max-video-preview:-1\" \/>\n<link rel=\"canonical\" href=\"https:\/\/ctp.eu\/hu\/about-us-old-2\/\" \/>\n<meta property=\"og:locale\" content=\"hu_HU\" \/>\n<meta property=\"og:type\" content=\"article\" \/>\n<meta property=\"og:title\" content=\"We make parks\" \/>\n<meta property=\"og:description\" content=\"CTP is the industrial property developer and manager. It operates the largest network of premium industrial warehouses and logistics parks in CEE region.\" \/>\n<meta property=\"og:url\" content=\"https:\/\/ctp.eu\/hu\/about-us-old-2\/\" \/>\n<meta property=\"og:site_name\" content=\"Commercial Real Estate Developer And Manager\" \/>\n<meta property=\"article:modified_time\" content=\"2025-08-07T10:45:34+00:00\" \/>\n<meta property=\"og:image\" content=\"https:\/\/ctp.eu\/wp-content\/uploads\/2021\/01\/by-ctp-social.jpg\" \/>\n\t<meta property=\"og:image:width\" content=\"1600\" \/>\n\t<meta property=\"og:image:height\" content=\"836\" \/>\n\t<meta property=\"og:image:type\" content=\"image\/jpeg\" \/>\n<meta name=\"twitter:card\" content=\"summary_large_image\" \/>\n<meta name=\"twitter:label1\" content=\"Becs\u00fclt olvas\u00e1si id\u0151\" \/>\n\t<meta name=\"twitter:data1\" content=\"2 perc\" \/>\n<script type=\"application\/ld+json\" class=\"yoast-schema-graph\">{\"@context\":\"https:\\\/\\\/schema.org\",\"@graph\":[{\"@type\":\"WebPage\",\"@id\":\"https:\\\/\\\/ctp.eu\\\/about-us-old-2\\\/\",\"url\":\"https:\\\/\\\/ctp.eu\\\/about-us-old-2\\\/\",\"name\":\"We make parks - Premium Industrial Warehouses and Logistics Parks\",\"isPartOf\":{\"@id\":\"https:\\\/\\\/ctp.eu\\\/#website\"},\"primaryImageOfPage\":{\"@id\":\"https:\\\/\\\/ctp.eu\\\/about-us-old-2\\\/#primaryimage\"},\"image\":{\"@id\":\"https:\\\/\\\/ctp.eu\\\/about-us-old-2\\\/#primaryimage\"},\"thumbnailUrl\":\"https:\\\/\\\/ctp.eu\\\/wp-content\\\/uploads\\\/2021\\\/01\\\/by-ctp-social.jpg\",\"datePublished\":\"2018-04-09T12:06:52+00:00\",\"dateModified\":\"2025-08-07T10:45:34+00:00\",\"description\":\"CTP is the industrial property developer and manager. It operates the largest network of premium industrial warehouses and logistics parks in CEE region.\",\"breadcrumb\":{\"@id\":\"https:\\\/\\\/ctp.eu\\\/about-us-old-2\\\/#breadcrumb\"},\"inLanguage\":\"hu\",\"potentialAction\":[{\"@type\":\"ReadAction\",\"target\":[\"https:\\\/\\\/ctp.eu\\\/about-us-old-2\\\/\"]}]},{\"@type\":\"ImageObject\",\"inLanguage\":\"hu\",\"@id\":\"https:\\\/\\\/ctp.eu\\\/about-us-old-2\\\/#primaryimage\",\"url\":\"https:\\\/\\\/ctp.eu\\\/wp-content\\\/uploads\\\/2021\\\/01\\\/by-ctp-social.jpg\",\"contentUrl\":\"https:\\\/\\\/ctp.eu\\\/wp-content\\\/uploads\\\/2021\\\/01\\\/by-ctp-social.jpg\",\"width\":1600,\"height\":836},{\"@type\":\"BreadcrumbList\",\"@id\":\"https:\\\/\\\/ctp.eu\\\/about-us-old-2\\\/#breadcrumb\",\"itemListElement\":[{\"@type\":\"ListItem\",\"position\":1,\"name\":\"Home\",\"item\":\"https:\\\/\\\/ctp.eu\\\/\"},{\"@type\":\"ListItem\",\"position\":2,\"name\":\"We make parks\"}]},{\"@type\":\"WebSite\",\"@id\":\"https:\\\/\\\/ctp.eu\\\/#website\",\"url\":\"https:\\\/\\\/ctp.eu\\\/\",\"name\":\"Commercial Real Estate Developer And Manager\",\"description\":\"CTP - premium industrial warehouse and office buildings\",\"publisher\":{\"@id\":\"https:\\\/\\\/ctp.eu\\\/#organization\"},\"potentialAction\":[{\"@type\":\"SearchAction\",\"target\":{\"@type\":\"EntryPoint\",\"urlTemplate\":\"https:\\\/\\\/ctp.eu\\\/?s={search_term_string}\"},\"query-input\":{\"@type\":\"PropertyValueSpecification\",\"valueRequired\":true,\"valueName\":\"search_term_string\"}}],\"inLanguage\":\"hu\"},{\"@type\":\"Organization\",\"@id\":\"https:\\\/\\\/ctp.eu\\\/#organization\",\"name\":\"CTP\",\"url\":\"https:\\\/\\\/ctp.eu\\\/\",\"logo\":{\"@type\":\"ImageObject\",\"inLanguage\":\"hu\",\"@id\":\"https:\\\/\\\/ctp.eu\\\/#\\\/schema\\\/logo\\\/image\\\/\",\"url\":\"\",\"contentUrl\":\"\",\"caption\":\"CTP\"},\"image\":{\"@id\":\"https:\\\/\\\/ctp.eu\\\/#\\\/schema\\\/logo\\\/image\\\/\"}}]}<\/script>","yoast_head_json":{"title":"Parkokat \u00e9p\u00edt\u00fcnk - pr\u00e9mium ipari rakt\u00e1rak \u00e9s logisztikai parkok","description":"A CTP ipari ingatlanfejleszt\u0151 \u00e9s -kezel\u0151. A k\u00f6z\u00e9p-kelet-eur\u00f3pai r\u00e9gi\u00f3ban a pr\u00e9mium kateg\u00f3ri\u00e1s ipari rakt\u00e1rak \u00e9s logisztikai parkok legnagyobb h\u00e1l\u00f3zat\u00e1t m\u0171k\u00f6dteti.","robots":{"index":"index","follow":"follow","max-snippet":"max-snippet:-1","max-image-preview":"max-image-preview:large","max-video-preview":"max-video-preview:-1"},"canonical":"https:\/\/ctp.eu\/hu\/about-us-old-2\/","og_locale":"hu_HU","og_type":"article","og_title":"We make parks","og_description":"CTP is the industrial property developer and manager. It operates the largest network of premium industrial warehouses and logistics parks in CEE region.","og_url":"https:\/\/ctp.eu\/hu\/about-us-old-2\/","og_site_name":"Commercial Real Estate Developer And Manager","article_modified_time":"2025-08-07T10:45:34+00:00","og_image":[{"width":1600,"height":836,"url":"https:\/\/ctp.eu\/wp-content\/uploads\/2021\/01\/by-ctp-social.jpg","type":"image\/jpeg"}],"twitter_card":"summary_large_image","twitter_misc":{"Becs\u00fclt olvas\u00e1si id\u0151":"2 perc"},"schema":{"@context":"https:\/\/schema.org","@graph":[{"@type":"WebPage","@id":"https:\/\/ctp.eu\/about-us-old-2\/","url":"https:\/\/ctp.eu\/about-us-old-2\/","name":"Parkokat \u00e9p\u00edt\u00fcnk - pr\u00e9mium ipari rakt\u00e1rak \u00e9s logisztikai parkok","isPartOf":{"@id":"https:\/\/ctp.eu\/#website"},"primaryImageOfPage":{"@id":"https:\/\/ctp.eu\/about-us-old-2\/#primaryimage"},"image":{"@id":"https:\/\/ctp.eu\/about-us-old-2\/#primaryimage"},"thumbnailUrl":"https:\/\/ctp.eu\/wp-content\/uploads\/2021\/01\/by-ctp-social.jpg","datePublished":"2018-04-09T12:06:52+00:00","dateModified":"2025-08-07T10:45:34+00:00","description":"A CTP ipari ingatlanfejleszt\u0151 \u00e9s -kezel\u0151. A k\u00f6z\u00e9p-kelet-eur\u00f3pai r\u00e9gi\u00f3ban a pr\u00e9mium kateg\u00f3ri\u00e1s ipari rakt\u00e1rak \u00e9s logisztikai parkok legnagyobb h\u00e1l\u00f3zat\u00e1t m\u0171k\u00f6dteti.","breadcrumb":{"@id":"https:\/\/ctp.eu\/about-us-old-2\/#breadcrumb"},"inLanguage":"hu","potentialAction":[{"@type":"ReadAction","target":["https:\/\/ctp.eu\/about-us-old-2\/"]}]},{"@type":"ImageObject","inLanguage":"hu","@id":"https:\/\/ctp.eu\/about-us-old-2\/#primaryimage","url":"https:\/\/ctp.eu\/wp-content\/uploads\/2021\/01\/by-ctp-social.jpg","contentUrl":"https:\/\/ctp.eu\/wp-content\/uploads\/2021\/01\/by-ctp-social.jpg","width":1600,"height":836},{"@type":"BreadcrumbList","@id":"https:\/\/ctp.eu\/about-us-old-2\/#breadcrumb","itemListElement":[{"@type":"ListItem","position":1,"name":"Home","item":"https:\/\/ctp.eu\/"},{"@type":"ListItem","position":2,"name":"We make parks"}]},{"@type":"WebSite","@id":"https:\/\/ctp.eu\/#website","url":"https:\/\/ctp.eu\/","name":"Kereskedelmi ingatlanfejleszt\u0151 \u00e9s menedzser","description":"CTP - pr\u00e9mium ipari rakt\u00e1rak \u00e9s iroda\u00e9p\u00fcletek","publisher":{"@id":"https:\/\/ctp.eu\/#organization"},"potentialAction":[{"@type":"SearchAction","target":{"@type":"EntryPoint","urlTemplate":"https:\/\/ctp.eu\/?s={search_term_string}"},"query-input":{"@type":"PropertyValueSpecification","valueRequired":true,"valueName":"search_term_string"}}],"inLanguage":"hu"},{"@type":"Organization","@id":"https:\/\/ctp.eu\/#organization","name":"CTP","url":"https:\/\/ctp.eu\/","logo":{"@type":"ImageObject","inLanguage":"hu","@id":"https:\/\/ctp.eu\/#\/schema\/logo\/image\/","url":"","contentUrl":"","caption":"CTP"},"image":{"@id":"https:\/\/ctp.eu\/#\/schema\/logo\/image\/"}}]}},"_links":{"self":[{"href":"https:\/\/ctp.eu\/hu\/wp-json\/wp\/v2\/pages\/33","targetHints":{"allow":["GET"]}}],"collection":[{"href":"https:\/\/ctp.eu\/hu\/wp-json\/wp\/v2\/pages"}],"about":[{"href":"https:\/\/ctp.eu\/hu\/wp-json\/wp\/v2\/types\/page"}],"author":[{"embeddable":true,"href":"https:\/\/ctp.eu\/hu\/wp-json\/wp\/v2\/users\/67"}],"replies":[{"embeddable":true,"href":"https:\/\/ctp.eu\/hu\/wp-json\/wp\/v2\/comments?post=33"}],"version-history":[{"count":28,"href":"https:\/\/ctp.eu\/hu\/wp-json\/wp\/v2\/pages\/33\/revisions"}],"predecessor-version":[{"id":109961,"href":"https:\/\/ctp.eu\/hu\/wp-json\/wp\/v2\/pages\/33\/revisions\/109961"}],"wp:featuredmedia":[{"embeddable":true,"href":"https:\/\/ctp.eu\/hu\/wp-json\/wp\/v2\/media\/12410"}],"wp:attachment":[{"href":"https:\/\/ctp.eu\/hu\/wp-json\/wp\/v2\/media?parent=33"}],"curies":[{"name":"wp","href":"https:\/\/api.w.org\/{rel}","templated":true}]}}