{"id":31992,"date":"2021-10-26T07:26:11","date_gmt":"2021-10-26T05:26:11","guid":{"rendered":"https:\/\/www.ctp.eu\/?page_id=31992"},"modified":"2021-10-26T10:43:24","modified_gmt":"2021-10-26T08:43:24","slug":"takeover-disclaimer","status":"publish","type":"page","link":"https:\/\/ctp.eu\/hu\/investors\/takeover-offers\/takeover-disclaimer\/","title":{"rendered":"Felel\u0151ss\u00e9gi nyilatkozat"},"content":{"rendered":"<h2 class=\"investors-subtitle\">Felel\u0151ss\u00e9gi nyilatkozat<\/h2>\n<h3>Deutsche Industrie REIT-AG felv\u00e1s\u00e1rl\u00e1si \u00e9s t\u0151zsd\u00e9r\u0151l val\u00f3 kivon\u00e1si aj\u00e1nlat<\/h3>\n<p>\u00d6n a CTP N.V. \u00e1ltal a n\u00e9met \u00e9rt\u00e9kpap\u00edr-v\u00e1s\u00e1rl\u00e1si \u00e9s \u00e1tv\u00e9teli t\u00f6rv\u00e9ny szerinti \u00f6nk\u00e9ntes nyilv\u00e1nos v\u00e9teli \u00e9s t\u0151zsd\u00e9r\u0151l val\u00f3 kivon\u00e1si aj\u00e1nlattal kapcsolatos dokumentumok \u00e9s inform\u00e1ci\u00f3k k\u00f6zz\u00e9t\u00e9tel\u00e9re kijel\u00f6lt weboldalra l\u00e9pett be (<em>Wertpapiererwerbs- und \u00dcbernahmegesetz<\/em>) (\"<strong>Wp\u00dcG<\/strong>\") a Deutsche Industrie REIT-AG \u00f6sszes r\u00e9szv\u00e9ny\u00e9re vonatkoz\u00f3an, amelyet 2021. okt\u00f3ber 26-\u00e1n jelentettek be (a \"<strong>Aj\u00e1nlat<\/strong>\").<\/p>\n<p>&nbsp; <\/p>\n<p><strong>Az Aj\u00e1nlattal kapcsolatos tov\u00e1bbi inform\u00e1ci\u00f3k el\u00e9r\u00e9s\u00e9hez a weboldal l\u00e1togat\u00f3it arra k\u00e9rj\u00fck, hogy az oldal alj\u00e1n er\u0151s\u00edts\u00e9k meg az al\u00e1bbi jogi inform\u00e1ci\u00f3k tudom\u00e1sulv\u00e9tel\u00e9t.<\/strong><\/p>\n<p>&nbsp; <\/p>\n<p>CTP N.V. (a \"<strong>Aj\u00e1nlattev\u0151<\/strong>\") a k\u00f6vetkez\u0151 oldalakon k\u00f6zz\u00e9teszi az Aj\u00e1nlattal kapcsolatos inform\u00e1ci\u00f3kat. Az aj\u00e1nlat kiz\u00e1r\u00f3lag a N\u00e9metorsz\u00e1gi Sz\u00f6vets\u00e9gi K\u00f6zt\u00e1rsas\u00e1g vonatkoz\u00f3 jogszab\u00e1lyainak, k\u00fcl\u00f6n\u00f6sen a Wp\u00dcG-nek, valamint az aj\u00e1nlati dokument\u00e1ci\u00f3 tartalm\u00e1r\u00f3l, az aj\u00e1nlatt\u00e9teli \u00e9s k\u00f6telez\u0151 aj\u00e1nlatt\u00e9telhez kapcsol\u00f3d\u00f3 ellenszolg\u00e1ltat\u00e1sr\u00f3l, valamint az aj\u00e1nlati k\u00f6zz\u00e9t\u00e9teli \u00e9s aj\u00e1nlatt\u00e9teli k\u00f6telezetts\u00e9g al\u00f3li mentess\u00e9gekr\u0151l sz\u00f3l\u00f3 n\u00e9met rendeletnek megfelel\u0151en ker\u00fcl v\u00e9grehajt\u00e1sra (<em>Wp\u00dcG-Angebotsverordnung<\/em>). Az Aj\u00e1nlat nem a N\u00e9metorsz\u00e1gi Sz\u00f6vets\u00e9gi K\u00f6zt\u00e1rsas\u00e1gon k\u00edv\u00fcli joghat\u00f3s\u00e1gok rendelkez\u00e9sei alapj\u00e1n t\u00f6rt\u00e9nik. \u00cdgy az Aj\u00e1nlat \u00e9s\/vagy az aj\u00e1nlati dokument\u00e1ci\u00f3 semmilyen bejelent\u00e9st, nyilv\u00e1ntart\u00e1sba v\u00e9telt, enged\u00e9lyt vagy j\u00f3v\u00e1hagy\u00e1st nem ny\u00fajtottak be, nem int\u00e9zkedtek \u00e9s nem adtak meg a N\u00e9metorsz\u00e1gi Sz\u00f6vets\u00e9gi K\u00f6zt\u00e1rsas\u00e1gon k\u00edv\u00fcl. A Deutsche Industry REIT-AG \u00e9rt\u00e9kpap\u00edrjainak befektet\u0151i \u00e9s birtokosai nem hivatkozhatnak arra, hogy a N\u00e9met Sz\u00f6vets\u00e9gi K\u00f6zt\u00e1rsas\u00e1gt\u00f3l elt\u00e9r\u0151 joghat\u00f3s\u00e1gok befektet\u0151v\u00e9delmi rendelkez\u00e9seire hivatkozhatnak. Egyetlen amerikai sz\u00f6vets\u00e9gi vagy \u00e1llami \u00e9rt\u00e9kpap\u00edr-bizotts\u00e1g vagy szab\u00e1lyoz\u00f3 hat\u00f3s\u00e1g sem hagyta j\u00f3v\u00e1 vagy utas\u00edtotta el az Aj\u00e1nlatot \u00e9s\/vagy az aj\u00e1nlati dokumentumot, illetve nem nyilatkozott az aj\u00e1nlattal kapcsolatos dokumentumokban szerepl\u0151 inform\u00e1ci\u00f3k megfelel\u0151s\u00e9g\u00e9r\u0151l vagy pontoss\u00e1g\u00e1r\u00f3l. B\u00e1rmilyen ezzel ellent\u00e9tes \u00e1ll\u00edt\u00e1s b\u0171ncselekm\u00e9nynek min\u0151s\u00fcl az Amerikai Egyes\u00fclt \u00c1llamokban (\"<strong>Egyes\u00fclt \u00c1llamok<\/strong>\").<\/p>\n<p>&nbsp; <\/p>\n<p>Az aj\u00e1nlati dokument\u00e1ci\u00f3ban le\u00edrt kiv\u00e9telekre, valamint az illet\u00e9kes szab\u00e1lyoz\u00f3 hat\u00f3s\u00e1gok \u00e1ltal adott esetleges mentess\u00e9gekre is figyelemmel, sem k\u00f6zvetlen\u00fcl, sem k\u00f6zvetve nem tesznek v\u00e9teli vagy t\u0151zsd\u00e9r\u0151l val\u00f3 kivon\u00e1si aj\u00e1nlatot olyan joghat\u00f3s\u00e1gban, ahol ez az adott joghat\u00f3s\u00e1g nemzeti jogszab\u00e1lyainak megs\u00e9rt\u00e9s\u00e9t jelenten\u00e9.<\/p>\n<p>&nbsp; <\/p>\n<p>Az aj\u00e1nlat egy n\u00e9metorsz\u00e1gi v\u00e1llalat \u00e9rt\u00e9kpap\u00edrjainak megszerz\u00e9s\u00e9t eredm\u00e9nyezi, \u00e9s a n\u00e9met k\u00f6zz\u00e9t\u00e9teli k\u00f6vetelm\u00e9nyek vonatkoznak r\u00e1, amelyek elt\u00e9rnek az Egyes\u00fclt \u00c1llamok\u00e9t\u00f3l. Az aj\u00e1nlati dokumentumokban szerepl\u0151 vagy hivatkozott p\u00e9nz\u00fcgyi inform\u00e1ci\u00f3k nem amerikai sz\u00e1mviteli standardok szerint k\u00e9sz\u00fcltek, \u00e9s ennek megfelel\u0151en nem felt\u00e9tlen\u00fcl hasonl\u00edthat\u00f3k \u00f6ssze az amerikai v\u00e1llalatok vagy olyan v\u00e1llalatok p\u00e9nz\u00fcgyi inform\u00e1ci\u00f3ival, amelyek p\u00e9nz\u00fcgyi kimutat\u00e1sait az Egyes\u00fclt \u00c1llamokban \u00e1ltal\u00e1nosan elfogadott sz\u00e1mviteli elvek szerint k\u00e9sz\u00edtik.<\/p>\n<p>&nbsp; <\/p>\n<p>Az Aj\u00e1nlatot az Egyes\u00fclt \u00c1llamokban az Egyes\u00fclt \u00c1llamok 1934. \u00e9vi m\u00f3dos\u00edtott \u00e9rt\u00e9kpap\u00edrt\u0151zsdei t\u00f6rv\u00e9ny\u00e9nek (a tov\u00e1bbiakban: \"a\") 14d-1(c) szab\u00e1lya szerinti, az amerikai aj\u00e1nlatt\u00e9teli szab\u00e1lyok al\u00f3li mentess\u00e9g alapj\u00e1n teszik meg.<strong>U.S. Securities Exchange Act<\/strong>\"), \u00e9s a r\u00e9szv\u00e9nyek kibocs\u00e1t\u00e1sa az 1933. \u00e9vi m\u00f3dos\u00edtott amerikai \u00e9rt\u00e9kpap\u00edrt\u00f6rv\u00e9ny 802. szab\u00e1lya szerinti regisztr\u00e1ci\u00f3 al\u00f3li mentess\u00e9g alapj\u00e1n t\u00f6rt\u00e9nik (a \"<strong>U.S. Securities Act<\/strong>\"), \u00e9s az Aj\u00e1nlat egy\u00e9bk\u00e9nt a N\u00e9metorsz\u00e1gban alkalmazand\u00f3 szab\u00e1lyoz\u00e1si k\u00f6vetelm\u00e9nyeknek megfelel\u0151en t\u00f6rt\u00e9nik. Ennek megfelel\u0151en az Aj\u00e1nlatra olyan k\u00f6zz\u00e9t\u00e9teli \u00e9s egy\u00e9b elj\u00e1r\u00e1si k\u00f6vetelm\u00e9nyek vonatkoznak, t\u00f6bbek k\u00f6z\u00f6tt az el\u00e1ll\u00e1si jogok, az aj\u00e1nlatt\u00e9teli \u00fctemterv, a teljes\u00edt\u00e9si elj\u00e1r\u00e1sok \u00e9s a kifizet\u00e9sek id\u0151z\u00edt\u00e9se tekintet\u00e9ben, amelyek elt\u00e9rnek az Egyes\u00fclt \u00c1llamok hazai aj\u00e1nlatt\u00e9teli elj\u00e1r\u00e1sai \u00e9s t\u00f6rv\u00e9nyei szerint alkalmazand\u00f3kt\u00f3l.<\/p>\n<p>&nbsp; <\/p>\n<p>Az amerikai r\u00e9szv\u00e9nytulajdonosok sz\u00e1m\u00e1ra neh\u00e9z lehet az amerikai sz\u00f6vets\u00e9gi \u00e9rt\u00e9kpap\u00edrt\u00f6rv\u00e9nyek alapj\u00e1n keletkez\u0151 jogaik \u00e9s k\u00f6vetel\u00e9seik \u00e9rv\u00e9nyes\u00edt\u00e9se, mivel a CTP N.V. \u00e9s a Deutsche Industrie REIT-AG nem az Egyes\u00fclt \u00c1llamokban tal\u00e1lhat\u00f3, \u00e9s egyes vagy valamennyi tiszts\u00e9gvisel\u0151j\u00fck \u00e9s igazgat\u00f3juk nem az Egyes\u00fclt \u00c1llamokban lakik. Az amerikai r\u00e9szv\u00e9nytulajdonosok nem biztos, hogy beperelhetnek egy nem amerikai v\u00e1llalatot vagy annak tiszts\u00e9gvisel\u0151it vagy igazgat\u00f3it egy nem amerikai b\u00edr\u00f3s\u00e1gon az amerikai \u00e9rt\u00e9kpap\u00edr-t\u00f6rv\u00e9nyek megs\u00e9rt\u00e9se miatt. Tov\u00e1bb\u00e1 neh\u00e9z lehet arra k\u00e9nyszer\u00edteni egy nem amerikai v\u00e1llalatot \u00e9s annak kapcsolt v\u00e1llalkoz\u00e1sait, hogy al\u00e1vess\u00e9k magukat egy amerikai b\u00edr\u00f3s\u00e1g \u00edt\u00e9let\u00e9nek.<\/p>\n<p>&nbsp; <\/p>\n<p>Az ezen a honlapon tett bejelent\u00e9sek nem min\u0151s\u00fclnek a Deutsche Industrie REIT-AG vagy az Aj\u00e1nlattev\u0151 \u00e9rt\u00e9kpap\u00edrjainak elad\u00e1s\u00e1ra vagy cser\u00e9j\u00e9re vonatkoz\u00f3 aj\u00e1nlatt\u00e9telnek. Az aj\u00e1nlati dokument\u00e1ci\u00f3 k\u00f6zz\u00e9t\u00e9tel\u00e9nek kiv\u00e9tel\u00e9vel az ezen a honlapon k\u00f6zz\u00e9tett k\u00f6zlem\u00e9nyek szint\u00e9n nem min\u0151s\u00fclnek a Deutsche Industrie REIT-AG vagy az Aj\u00e1nlattev\u0151 r\u00e9szv\u00e9nyeinek megv\u00e1s\u00e1rl\u00e1s\u00e1ra vagy cser\u00e9j\u00e9re vonatkoz\u00f3 aj\u00e1nlatnak.<\/p>\n<p>&nbsp; <\/p>\n<p>Az alkalmazand\u00f3 jogszab\u00e1lyok vagy rendeletek \u00e1ltal megengedett m\u00e9rt\u00e9kben \u00e9s a n\u00e9met piaci gyakorlattal \u00f6sszhangban az Aj\u00e1nlattev\u0151 vagy br\u00f3kerei az aj\u00e1nlaton k\u00edv\u00fcl, az aj\u00e1nlat elfogad\u00e1s\u00e1ra nyitva \u00e1ll\u00f3 id\u0151szak el\u0151tt, alatt vagy ut\u00e1n k\u00f6zvetlen\u00fcl vagy k\u00f6zvetve v\u00e1s\u00e1rolhatnak, illetve k\u00f6thetnek meg\u00e1llapod\u00e1sokat a Deutsche Industrie REIT-AG \u00e9rt\u00e9kpap\u00edrjainak megv\u00e1s\u00e1rl\u00e1s\u00e1ra. Ugyanez vonatkozik a Deutsche Industrie REIT-AG \u00e9rt\u00e9kpap\u00edrjaira k\u00f6zvetlen\u00fcl \u00e1tv\u00e1lthat\u00f3, \u00e1tv\u00e1lthat\u00f3 vagy leh\u00edvhat\u00f3 egy\u00e9b \u00e9rt\u00e9kpap\u00edrokra is. Ezek a v\u00e1s\u00e1rl\u00e1sok a t\u0151zsd\u00e9n kereszt\u00fcl piaci \u00e1ron vagy a t\u0151zsd\u00e9n k\u00edv\u00fcl, t\u00e1rgyal\u00e1sos felt\u00e9telek mellett val\u00f3sulhatnak meg. Az ilyen v\u00e1s\u00e1rl\u00e1sokra vonatkoz\u00f3 inform\u00e1ci\u00f3kat a n\u00e9metorsz\u00e1gi vagy b\u00e1rmely m\u00e1s \u00e9rintett joghat\u00f3s\u00e1g t\u00f6rv\u00e9nyi vagy rendeleti el\u0151\u00edr\u00e1sai szerint k\u00f6zz\u00e9teszik.<\/p>\n<p>&nbsp; <\/p>\n<p>Amennyiben a jelen weboldalon tal\u00e1lhat\u00f3 b\u00e1rmely bejelent\u00e9s j\u00f6v\u0151re vonatkoz\u00f3 kijelent\u00e9seket tartalmaz, ezek a kijelent\u00e9sek nem jelentenek t\u00e9nyeket, \u00e9s a \"v\u00e1rakoz\u00e1s\", \"hiszem\", \"becsl\u00e9s\", \"sz\u00e1nd\u00e9kozom\", \"c\u00e9l\", \"felt\u00e9telezem\" vagy hasonl\u00f3 kifejez\u00e9sekkel jellemezhet\u0151k. Ezek a kijelent\u00e9sek az Aj\u00e1nlattev\u0151 \u00e9s az Aj\u00e1nlattev\u0151vel egy\u00fctt elj\u00e1r\u00f3 szem\u00e9lyek sz\u00e1nd\u00e9kait, v\u00e9lem\u00e9ny\u00e9t vagy jelenlegi v\u00e1rakoz\u00e1sait \u00e9s felt\u00e9telez\u00e9seit fejezik ki, p\u00e9ld\u00e1ul a Deutsche Industrie REIT-AG-re vonatkoz\u00f3 aj\u00e1nlat lehets\u00e9ges k\u00f6vetkezm\u00e9nyei tekintet\u00e9ben, a Deutsche Industrie REIT-AG azon r\u00e9szv\u00e9nyesei sz\u00e1m\u00e1ra, akik \u00fagy d\u00f6ntenek, hogy nem fogadj\u00e1k el az aj\u00e1nlatot, vagy a Deutsche Industrie REIT-AG j\u00f6v\u0151beli p\u00e9nz\u00fcgyi eredm\u00e9nyei tekintet\u00e9ben. Ezek a j\u00f6v\u0151re vonatkoz\u00f3 kijelent\u00e9sek olyan jelenlegi terveken, becsl\u00e9seken \u00e9s el\u0151rejelz\u00e9seken alapulnak, amelyeket az Aj\u00e1nlattev\u0151 \u00e9s az Aj\u00e1nlattev\u0151vel egy\u00fctt elj\u00e1r\u00f3 szem\u00e9lyek legjobb tud\u00e1suk szerint k\u00e9sz\u00edtettek, de amelyek nem \u00e1ll\u00edtj\u00e1k, hogy a j\u00f6v\u0151ben helyt\u00e1ll\u00f3ak lesznek. A j\u00f6v\u0151re vonatkoz\u00f3 kijelent\u00e9sek olyan kock\u00e1zatoknak \u00e9s bizonytalans\u00e1goknak vannak kit\u00e9ve, amelyeket neh\u00e9z el\u0151re jelezni, \u00e9s amelyeket az Aj\u00e1nlattev\u0151 vagy az Aj\u00e1nlattev\u0151vel egy\u00fctt elj\u00e1r\u00f3 szem\u00e9lyek \u00e1ltal\u00e1ban nem tudnak befoly\u00e1solni. Szem el\u0151tt kell tartani, hogy a t\u00e9nyleges esem\u00e9nyek vagy k\u00f6vetkezm\u00e9nyek l\u00e9nyegesen elt\u00e9rhetnek az ilyen j\u00f6v\u0151re vonatkoz\u00f3 kijelent\u00e9sekben foglaltakt\u00f3l vagy azokban kifejezettekt\u0151l.<\/p>\n<p>&nbsp; <\/p>\n<p><strong>A \"Meger\u0151s\u00edtem\" gomb kiv\u00e1laszt\u00e1s\u00e1val \u00d6n garant\u00e1lja, hogy elolvasta \u00e9s meg\u00e9rtette a fenti jogi t\u00e1j\u00e9koztat\u00f3t.<\/strong><\/p>\n<p>&nbsp;<\/p>\n<p><a class=\"btn btn-primary uppercase mb-0 getOfferButton\" style=\"margin-top: 80px;\" href=\"\/hu\/investors\/takeover-offers\/dir-takeover\/?noredirect=true\">I Meger\u0151s\u00edtem<\/a><\/p>\n<p><a class=\"btn btn-primary uppercase mb-0 getOfferButton\" style=\"margin-top: 80px; margin-left: 20px; background: #3f4a48; border: 1px solid #3f4a48;\" href=\"\/hu\/investors\/\">Nem tudom Meger\u0151s\u00edtem<\/a><\/p>","protected":false},"excerpt":{"rendered":"<p>Jogi nyilatkozat Deutsche Industrie REIT-AG felv\u00e1s\u00e1rl\u00e1si \u00e9s t\u0151zsd\u00e9r\u0151l val\u00f3 kivon\u00e1si aj\u00e1nlat \u00d6n a CTP N.V. \u00e1ltal a Deutsche Industrie REIT-AG felv\u00e1s\u00e1rl\u00e1si \u00e9s t\u0151zsd\u00e9r\u0151l val\u00f3 kivon\u00e1si aj\u00e1nlat\u00e1hoz kijel\u00f6lt weboldalra l\u00e9pett be.<\/p>","protected":false},"author":22,"featured_media":0,"parent":31996,"menu_order":0,"comment_status":"closed","ping_status":"closed","template":"investors-sub-page.php","meta":{"_acf_changed":false,"footnotes":""},"class_list":["post-31992","page","type-page","status-publish","hentry"],"acf":[],"yoast_head":"<title>Disclaimer - Commercial Real Estate Developer And Manager<\/title>\n<meta name=\"robots\" content=\"index, follow, max-snippet:-1, max-image-preview:large, max-video-preview:-1\" \/>\n<link rel=\"canonical\" href=\"https:\/\/ctp.eu\/hu\/investors\/takeover-offers\/takeover-disclaimer\/\" \/>\n<meta property=\"og:locale\" content=\"hu_HU\" \/>\n<meta property=\"og:type\" content=\"article\" \/>\n<meta property=\"og:title\" content=\"Disclaimer\" \/>\n<meta property=\"og:description\" content=\"Disclaimer Deutsche Industrie REIT-AG Takeover and Delisting Of\u00adfer You have entered the website which CTP N.V. has designated for the\" \/>\n<meta property=\"og:url\" content=\"https:\/\/ctp.eu\/hu\/investors\/takeover-offers\/takeover-disclaimer\/\" \/>\n<meta property=\"og:site_name\" content=\"Commercial Real Estate Developer And Manager\" \/>\n<meta property=\"article:modified_time\" content=\"2021-10-26T08:43:24+00:00\" \/>\n<meta name=\"twitter:card\" content=\"summary_large_image\" \/>\n<meta name=\"twitter:label1\" content=\"Becs\u00fclt olvas\u00e1si id\u0151\" \/>\n\t<meta name=\"twitter:data1\" content=\"5 perc\" \/>\n<script type=\"application\/ld+json\" class=\"yoast-schema-graph\">{\"@context\":\"https:\/\/schema.org\",\"@graph\":[{\"@type\":\"WebPage\",\"@id\":\"https:\/\/ctp.eu\/investors\/takeover-offers\/takeover-disclaimer\/\",\"url\":\"https:\/\/ctp.eu\/investors\/takeover-offers\/takeover-disclaimer\/\",\"name\":\"Disclaimer - Commercial Real Estate Developer And Manager\",\"isPartOf\":{\"@id\":\"https:\/\/ctp.eu\/#website\"},\"datePublished\":\"2021-10-26T05:26:11+00:00\",\"dateModified\":\"2021-10-26T08:43:24+00:00\",\"breadcrumb\":{\"@id\":\"https:\/\/ctp.eu\/investors\/takeover-offers\/takeover-disclaimer\/#breadcrumb\"},\"inLanguage\":\"hu\",\"potentialAction\":[{\"@type\":\"ReadAction\",\"target\":[\"https:\/\/ctp.eu\/investors\/takeover-offers\/takeover-disclaimer\/\"]}]},{\"@type\":\"BreadcrumbList\",\"@id\":\"https:\/\/ctp.eu\/investors\/takeover-offers\/takeover-disclaimer\/#breadcrumb\",\"itemListElement\":[{\"@type\":\"ListItem\",\"position\":1,\"name\":\"Home\",\"item\":\"https:\/\/ctp.eu\/\"},{\"@type\":\"ListItem\",\"position\":2,\"name\":\"Long-Term Investment Partnership\",\"item\":\"https:\/\/ctp.eu\/investors\/\"},{\"@type\":\"ListItem\",\"position\":3,\"name\":\"Takeover Offers\",\"item\":\"https:\/\/ctp.eu\/investors\/takeover-offers\/\"},{\"@type\":\"ListItem\",\"position\":4,\"name\":\"Disclaimer\"}]},{\"@type\":\"WebSite\",\"@id\":\"https:\/\/ctp.eu\/#website\",\"url\":\"https:\/\/ctp.eu\/\",\"name\":\"Commercial Real Estate Developer And Manager\",\"description\":\"CTP - premium industrial warehouse and office buildings\",\"publisher\":{\"@id\":\"https:\/\/ctp.eu\/#organization\"},\"potentialAction\":[{\"@type\":\"SearchAction\",\"target\":{\"@type\":\"EntryPoint\",\"urlTemplate\":\"https:\/\/ctp.eu\/?s={search_term_string}\"},\"query-input\":{\"@type\":\"PropertyValueSpecification\",\"valueRequired\":true,\"valueName\":\"search_term_string\"}}],\"inLanguage\":\"hu\"},{\"@type\":\"Organization\",\"@id\":\"https:\/\/ctp.eu\/#organization\",\"name\":\"CTP\",\"url\":\"https:\/\/ctp.eu\/\",\"logo\":{\"@type\":\"ImageObject\",\"inLanguage\":\"hu\",\"@id\":\"https:\/\/ctp.eu\/#\/schema\/logo\/image\/\",\"url\":\"\",\"contentUrl\":\"\",\"caption\":\"CTP\"},\"image\":{\"@id\":\"https:\/\/ctp.eu\/#\/schema\/logo\/image\/\"}}]}<\/script>","yoast_head_json":{"title":"Felel\u0151ss\u00e9gi nyilatkozat - Kereskedelmi ingatlanfejleszt\u0151 \u00e9s menedzser","robots":{"index":"index","follow":"follow","max-snippet":"max-snippet:-1","max-image-preview":"max-image-preview:large","max-video-preview":"max-video-preview:-1"},"canonical":"https:\/\/ctp.eu\/hu\/investors\/takeover-offers\/takeover-disclaimer\/","og_locale":"hu_HU","og_type":"article","og_title":"Disclaimer","og_description":"Disclaimer Deutsche Industrie REIT-AG Takeover and Delisting Of\u00adfer You have entered the website which CTP N.V. has designated for the","og_url":"https:\/\/ctp.eu\/hu\/investors\/takeover-offers\/takeover-disclaimer\/","og_site_name":"Commercial Real Estate Developer And Manager","article_modified_time":"2021-10-26T08:43:24+00:00","twitter_card":"summary_large_image","twitter_misc":{"Becs\u00fclt olvas\u00e1si id\u0151":"5 perc"},"schema":{"@context":"https:\/\/schema.org","@graph":[{"@type":"WebPage","@id":"https:\/\/ctp.eu\/investors\/takeover-offers\/takeover-disclaimer\/","url":"https:\/\/ctp.eu\/investors\/takeover-offers\/takeover-disclaimer\/","name":"Felel\u0151ss\u00e9gi nyilatkozat - Kereskedelmi ingatlanfejleszt\u0151 \u00e9s menedzser","isPartOf":{"@id":"https:\/\/ctp.eu\/#website"},"datePublished":"2021-10-26T05:26:11+00:00","dateModified":"2021-10-26T08:43:24+00:00","breadcrumb":{"@id":"https:\/\/ctp.eu\/investors\/takeover-offers\/takeover-disclaimer\/#breadcrumb"},"inLanguage":"hu","potentialAction":[{"@type":"ReadAction","target":["https:\/\/ctp.eu\/investors\/takeover-offers\/takeover-disclaimer\/"]}]},{"@type":"BreadcrumbList","@id":"https:\/\/ctp.eu\/investors\/takeover-offers\/takeover-disclaimer\/#breadcrumb","itemListElement":[{"@type":"ListItem","position":1,"name":"Home","item":"https:\/\/ctp.eu\/"},{"@type":"ListItem","position":2,"name":"Long-Term Investment Partnership","item":"https:\/\/ctp.eu\/investors\/"},{"@type":"ListItem","position":3,"name":"Takeover Offers","item":"https:\/\/ctp.eu\/investors\/takeover-offers\/"},{"@type":"ListItem","position":4,"name":"Disclaimer"}]},{"@type":"WebSite","@id":"https:\/\/ctp.eu\/#website","url":"https:\/\/ctp.eu\/","name":"Kereskedelmi ingatlanfejleszt\u0151 \u00e9s menedzser","description":"CTP - pr\u00e9mium ipari rakt\u00e1rak \u00e9s iroda\u00e9p\u00fcletek","publisher":{"@id":"https:\/\/ctp.eu\/#organization"},"potentialAction":[{"@type":"SearchAction","target":{"@type":"EntryPoint","urlTemplate":"https:\/\/ctp.eu\/?s={search_term_string}"},"query-input":{"@type":"PropertyValueSpecification","valueRequired":true,"valueName":"search_term_string"}}],"inLanguage":"hu"},{"@type":"Organization","@id":"https:\/\/ctp.eu\/#organization","name":"CTP","url":"https:\/\/ctp.eu\/","logo":{"@type":"ImageObject","inLanguage":"hu","@id":"https:\/\/ctp.eu\/#\/schema\/logo\/image\/","url":"","contentUrl":"","caption":"CTP"},"image":{"@id":"https:\/\/ctp.eu\/#\/schema\/logo\/image\/"}}]}},"_links":{"self":[{"href":"https:\/\/ctp.eu\/hu\/wp-json\/wp\/v2\/pages\/31992","targetHints":{"allow":["GET"]}}],"collection":[{"href":"https:\/\/ctp.eu\/hu\/wp-json\/wp\/v2\/pages"}],"about":[{"href":"https:\/\/ctp.eu\/hu\/wp-json\/wp\/v2\/types\/page"}],"author":[{"embeddable":true,"href":"https:\/\/ctp.eu\/hu\/wp-json\/wp\/v2\/users\/22"}],"replies":[{"embeddable":true,"href":"https:\/\/ctp.eu\/hu\/wp-json\/wp\/v2\/comments?post=31992"}],"version-history":[{"count":0,"href":"https:\/\/ctp.eu\/hu\/wp-json\/wp\/v2\/pages\/31992\/revisions"}],"up":[{"embeddable":true,"href":"https:\/\/ctp.eu\/hu\/wp-json\/wp\/v2\/pages\/31996"}],"wp:attachment":[{"href":"https:\/\/ctp.eu\/hu\/wp-json\/wp\/v2\/media?parent=31992"}],"curies":[{"name":"wp","href":"https:\/\/api.w.org\/{rel}","templated":true}]}}