{"id":208,"date":"2018-04-16T15:04:14","date_gmt":"2018-04-16T15:04:14","guid":{"rendered":"https:\/\/www.ctp.eu\/?page_id=208"},"modified":"2021-02-01T09:41:40","modified_gmt":"2021-02-01T09:41:40","slug":"ctp-platform","status":"publish","type":"page","link":"https:\/\/ctp.eu\/hu\/services\/ctp-platform\/","title":{"rendered":"Platformunk"},"content":{"rendered":"","protected":false},"excerpt":{"rendered":"","protected":false},"author":67,"featured_media":0,"parent":66,"menu_order":0,"comment_status":"closed","ping_status":"closed","template":"numbered-boxes-page.php","meta":{"_acf_changed":false,"footnotes":""},"class_list":["post-208","page","type-page","status-publish","hentry"],"acf":[],"yoast_head":"<title>Our Platform - Commercial Real Estate Developer And Manager<\/title>\n<meta name=\"robots\" content=\"index, follow, max-snippet:-1, max-image-preview:large, max-video-preview:-1\" \/>\n<link rel=\"canonical\" href=\"https:\/\/ctp.eu\/hu\/services\/ctp-platform\/\" \/>\n<meta property=\"og:locale\" content=\"hu_HU\" \/>\n<meta property=\"og:type\" content=\"article\" \/>\n<meta property=\"og:title\" content=\"Our Platform\" \/>\n<meta property=\"og:url\" content=\"https:\/\/ctp.eu\/hu\/services\/ctp-platform\/\" \/>\n<meta property=\"og:site_name\" content=\"Commercial Real Estate Developer And Manager\" \/>\n<meta property=\"article:modified_time\" content=\"2021-02-01T09:41:40+00:00\" \/>\n<meta name=\"twitter:card\" content=\"summary_large_image\" \/>\n<script type=\"application\/ld+json\" class=\"yoast-schema-graph\">{\"@context\":\"https:\/\/schema.org\",\"@graph\":[{\"@type\":\"WebPage\",\"@id\":\"https:\/\/ctp.eu\/services\/ctp-platform\/\",\"url\":\"https:\/\/ctp.eu\/services\/ctp-platform\/\",\"name\":\"Our Platform - Commercial Real Estate Developer And Manager\",\"isPartOf\":{\"@id\":\"https:\/\/ctp.eu\/#website\"},\"datePublished\":\"2018-04-16T15:04:14+00:00\",\"dateModified\":\"2021-02-01T09:41:40+00:00\",\"breadcrumb\":{\"@id\":\"https:\/\/ctp.eu\/services\/ctp-platform\/#breadcrumb\"},\"inLanguage\":\"hu\",\"potentialAction\":[{\"@type\":\"ReadAction\",\"target\":[\"https:\/\/ctp.eu\/services\/ctp-platform\/\"]}]},{\"@type\":\"BreadcrumbList\",\"@id\":\"https:\/\/ctp.eu\/services\/ctp-platform\/#breadcrumb\",\"itemListElement\":[{\"@type\":\"ListItem\",\"position\":1,\"name\":\"Home\",\"item\":\"https:\/\/ctp.eu\/\"},{\"@type\":\"ListItem\",\"position\":2,\"name\":\"Services\",\"item\":\"https:\/\/ctp.eu\/services\/\"},{\"@type\":\"ListItem\",\"position\":3,\"name\":\"Our Platform\"}]},{\"@type\":\"WebSite\",\"@id\":\"https:\/\/ctp.eu\/#website\",\"url\":\"https:\/\/ctp.eu\/\",\"name\":\"Commercial Real Estate Developer And Manager\",\"description\":\"CTP - premium industrial warehouse and office buildings\",\"publisher\":{\"@id\":\"https:\/\/ctp.eu\/#organization\"},\"potentialAction\":[{\"@type\":\"SearchAction\",\"target\":{\"@type\":\"EntryPoint\",\"urlTemplate\":\"https:\/\/ctp.eu\/?s={search_term_string}\"},\"query-input\":{\"@type\":\"PropertyValueSpecification\",\"valueRequired\":true,\"valueName\":\"search_term_string\"}}],\"inLanguage\":\"hu\"},{\"@type\":\"Organization\",\"@id\":\"https:\/\/ctp.eu\/#organization\",\"name\":\"CTP\",\"url\":\"https:\/\/ctp.eu\/\",\"logo\":{\"@type\":\"ImageObject\",\"inLanguage\":\"hu\",\"@id\":\"https:\/\/ctp.eu\/#\/schema\/logo\/image\/\",\"url\":\"\",\"contentUrl\":\"\",\"caption\":\"CTP\"},\"image\":{\"@id\":\"https:\/\/ctp.eu\/#\/schema\/logo\/image\/\"}}]}<\/script>","yoast_head_json":{"title":"Platformunk \u2013 Kereskedelmi ingatlanfejleszt\u0151 \u00e9s menedzser","robots":{"index":"index","follow":"follow","max-snippet":"max-snippet:-1","max-image-preview":"max-image-preview:large","max-video-preview":"max-video-preview:-1"},"canonical":"https:\/\/ctp.eu\/hu\/services\/ctp-platform\/","og_locale":"hu_HU","og_type":"article","og_title":"Our Platform","og_url":"https:\/\/ctp.eu\/hu\/services\/ctp-platform\/","og_site_name":"Commercial Real Estate Developer And Manager","article_modified_time":"2021-02-01T09:41:40+00:00","twitter_card":"summary_large_image","schema":{"@context":"https:\/\/schema.org","@graph":[{"@type":"WebPage","@id":"https:\/\/ctp.eu\/services\/ctp-platform\/","url":"https:\/\/ctp.eu\/services\/ctp-platform\/","name":"Platformunk \u2013 Kereskedelmi ingatlanfejleszt\u0151 \u00e9s menedzser","isPartOf":{"@id":"https:\/\/ctp.eu\/#website"},"datePublished":"2018-04-16T15:04:14+00:00","dateModified":"2021-02-01T09:41:40+00:00","breadcrumb":{"@id":"https:\/\/ctp.eu\/services\/ctp-platform\/#breadcrumb"},"inLanguage":"hu","potentialAction":[{"@type":"ReadAction","target":["https:\/\/ctp.eu\/services\/ctp-platform\/"]}]},{"@type":"BreadcrumbList","@id":"https:\/\/ctp.eu\/services\/ctp-platform\/#breadcrumb","itemListElement":[{"@type":"ListItem","position":1,"name":"Home","item":"https:\/\/ctp.eu\/"},{"@type":"ListItem","position":2,"name":"Services","item":"https:\/\/ctp.eu\/services\/"},{"@type":"ListItem","position":3,"name":"Our Platform"}]},{"@type":"WebSite","@id":"https:\/\/ctp.eu\/#website","url":"https:\/\/ctp.eu\/","name":"Kereskedelmi ingatlanfejleszt\u0151 \u00e9s menedzser","description":"CTP - pr\u00e9mium ipari rakt\u00e1rak \u00e9s iroda\u00e9p\u00fcletek","publisher":{"@id":"https:\/\/ctp.eu\/#organization"},"potentialAction":[{"@type":"SearchAction","target":{"@type":"EntryPoint","urlTemplate":"https:\/\/ctp.eu\/?s={search_term_string}"},"query-input":{"@type":"PropertyValueSpecification","valueRequired":true,"valueName":"search_term_string"}}],"inLanguage":"hu"},{"@type":"Organization","@id":"https:\/\/ctp.eu\/#organization","name":"CTP","url":"https:\/\/ctp.eu\/","logo":{"@type":"ImageObject","inLanguage":"hu","@id":"https:\/\/ctp.eu\/#\/schema\/logo\/image\/","url":"","contentUrl":"","caption":"CTP"},"image":{"@id":"https:\/\/ctp.eu\/#\/schema\/logo\/image\/"}}]}},"_links":{"self":[{"href":"https:\/\/ctp.eu\/hu\/wp-json\/wp\/v2\/pages\/208","targetHints":{"allow":["GET"]}}],"collection":[{"href":"https:\/\/ctp.eu\/hu\/wp-json\/wp\/v2\/pages"}],"about":[{"href":"https:\/\/ctp.eu\/hu\/wp-json\/wp\/v2\/types\/page"}],"author":[{"embeddable":true,"href":"https:\/\/ctp.eu\/hu\/wp-json\/wp\/v2\/users\/67"}],"replies":[{"embeddable":true,"href":"https:\/\/ctp.eu\/hu\/wp-json\/wp\/v2\/comments?post=208"}],"version-history":[{"count":0,"href":"https:\/\/ctp.eu\/hu\/wp-json\/wp\/v2\/pages\/208\/revisions"}],"up":[{"embeddable":true,"href":"https:\/\/ctp.eu\/hu\/wp-json\/wp\/v2\/pages\/66"}],"wp:attachment":[{"href":"https:\/\/ctp.eu\/hu\/wp-json\/wp\/v2\/media?parent=208"}],"curies":[{"name":"wp","href":"https:\/\/api.w.org\/{rel}","templated":true}]}}