{"id":2001,"date":"2018-05-10T13:17:39","date_gmt":"2018-05-10T13:17:39","guid":{"rendered":"https:\/\/www.ctp.eu\/?page_id=2001"},"modified":"2020-08-28T10:58:58","modified_gmt":"2020-08-28T10:58:58","slug":"consent-to-the-processing-of-personal-data","status":"publish","type":"page","link":"https:\/\/ctp.eu\/hu\/ctp-policies\/consent-to-the-processing-of-personal-data\/","title":{"rendered":"Hozz\u00e1j\u00e1rul\u00e1s a szem\u00e9lyes adatok feldolgoz\u00e1s\u00e1hoz"},"content":{"rendered":"<div class=\"policy\">\n<p><strong>Adatv\u00e9delmi nyilatkozat<\/strong><\/p>\n<p>Ez az adatv\u00e9delmi nyilatkozat a mag\u00e1n\u00e9lethez val\u00f3 jog tiszteletben tart\u00e1s\u00e1ra vonatkozik a szem\u00e9lyes adatok v\u00e9delme szempontj\u00e1b\u00f3l a k\u00f6vetkez\u0151 \u00e1ltal \u00fczemeltetett weboldal tekintet\u00e9ben <strong>CTP invest, spol. s.r.o.<\/strong>, sz\u00e9khelye: CTPark Humpolec, 39601 Humpolec, bejegyezve a \u010cesk\u00e9 Bud\u011bjovicei Ker\u00fcleti B\u00edr\u00f3s\u00e1g \u00e1ltal vezetett c\u00e9gjegyz\u00e9kbe, iktat\u00f3sz\u00e1m: CTPark Humpolec, 39601 Humpolec. C 15647 (\"<strong>az Adatkezel\u0151<\/strong>\u201c).<\/p>\n<p>&nbsp;<\/p>\n<p><strong>A mag\u00e1n\u00e9let \u00e9s a szem\u00e9lyes adatok v\u00e9delme<\/strong><\/p>\n<p><strong>CTP invest, spol. s.r.o.<\/strong> tev\u00e9kenys\u00e9ge keret\u00e9ben kezeli \u00fcgyfeleinek szem\u00e9lyes adatait, \u00e9s a term\u00e9szetes szem\u00e9lyeknek a szem\u00e9lyes adatok kezel\u00e9se tekintet\u00e9ben t\u00f6rt\u00e9n\u0151 v\u00e9delm\u00e9r\u0151l sz\u00f3l\u00f3, 2016. \u00e1prilis 27-i (EU) 2016\/679 eur\u00f3pai parlamenti \u00e9s tan\u00e1csi rendelet (\"<strong>GDPR<\/strong>\"). Adatkezel\u0151i k\u00f6telezetts\u00e9geink r\u00e9szek\u00e9nt \u00e1tadjuk \u00d6nnek ezt a dokumentumot, amelyben t\u00e1j\u00e9koztat\u00e1st adunk az \u00d6n szem\u00e9lyes adatainak weboldalunkon t\u00f6rt\u00e9n\u0151 kezel\u00e9s\u00e9nek m\u00f3dj\u00e1r\u00f3l, m\u00e9rt\u00e9k\u00e9r\u0151l \u00e9s egy\u00e9b felt\u00e9teleir\u0151l.<\/p>\n<p>&nbsp;<\/p>\n<p><strong>Milyen szem\u00e9lyes adatokat dolgozunk fel?<\/strong><\/p>\n<p>Weboldalunkon feldolgozzuk az \u00d6n szem\u00e9lyes adatait, amelyek tartalmazz\u00e1k az IP-c\u00edmet, az oper\u00e1ci\u00f3s rendszerre, a b\u00f6ng\u00e9sz\u0151 t\u00edpus\u00e1ra \u00e9s a v\u00e9gberendez\u00e9sre vonatkoz\u00f3 inform\u00e1ci\u00f3kat, valamint a weboldalunkon v\u00e9gzett tev\u00e9kenys\u00e9g\u00e9re vonatkoz\u00f3 inform\u00e1ci\u00f3kat, amelyeket cookie-f\u00e1jlok seg\u00edts\u00e9g\u00e9vel regisztr\u00e1lunk \u00e9s t\u00e1rolunk.<\/p>\n<p>&nbsp;<\/p>\n<p><strong>Mi a c\u00e9lja az \u00d6n szem\u00e9lyes adatainak feldolgoz\u00e1s\u00e1nak?<\/strong><\/p>\n<p>Az Adatkezel\u0151 az \u00d6n szem\u00e9lyes adatait a hat\u00e1lyos jogszab\u00e1lyokban meghat\u00e1rozott felt\u00e9telek mellett \u00e9s keretek k\u00f6z\u00f6tt az al\u00e1bbi c\u00e9lokb\u00f3l kezeli \u00e9s t\u00e1rolja:<\/p>\n<ol>\n<li>Olyan adatkezel\u00e9s, amelyhez nincs sz\u00fcks\u00e9g\u00fcnk az \u00d6n hozz\u00e1j\u00e1rul\u00e1s\u00e1ra:<\/li>\n<\/ol>\n<p><em>A weboldal m\u0171k\u00f6d\u00e9s\u00e9nek optimaliz\u00e1l\u00e1sa<\/em><\/p>\n<p>A szem\u00e9lyes adatokat a weboldal megfelel\u0151 m\u0171k\u00f6d\u00e9se, a weboldal tartalm\u00e1nak felhaszn\u00e1l\u00f3i szem\u00e9lyre szab\u00e1sa \u00e9s a haszn\u00e1lat k\u00e9nyelm\u00e9nek jav\u00edt\u00e1sa c\u00e9lj\u00e1b\u00f3l dolgozzuk fel.<\/p>\n<p>A b\u00f6ng\u00e9sz\u0151 be\u00e1ll\u00edt\u00e1sainak megfelel\u0151 m\u00f3dos\u00edt\u00e1s\u00e1val letilthatja a cookie-f\u00e1jlok t\u00e1rol\u00e1s\u00e1t a v\u00e9gberendez\u00e9s\u00e9n. Ez azonban korl\u00e1tozhatja a weboldal m\u0171k\u00f6d\u00e9s\u00e9t, bele\u00e9rtve a weboldal bizonyos r\u00e9szeihez val\u00f3 hozz\u00e1f\u00e9r\u00e9s letilt\u00e1s\u00e1t. Ha nem \u00e1ll\u00edtotta be a b\u00f6ng\u00e9sz\u0151j\u00e9t, rendszer\u00fcnk automatikusan cookie-kat k\u00fcld, amikor \u00d6n bejelentkezik a weboldalunkra.<\/p>\n<p>Az eszk\u00f6z\u00e9n t\u00e1rolt cookie-f\u00e1jlokat t\u00f6r\u00f6lheti a b\u00f6ng\u00e9sz\u00e9si el\u0151zm\u00e9nyek t\u00f6rl\u00e9s\u00e9vel a sz\u00e1m\u00edt\u00f3g\u00e9p\u00e9n. Azt is v\u00e1laszthatja, hogy weboldalunkat a \"priv\u00e1t\" m\u00f3dban n\u00e9zi, amely korl\u00e1tozza a sz\u00e1m\u00edt\u00f3g\u00e9p \u00e1ltal regisztr\u00e1lt adatok m\u00e9rt\u00e9k\u00e9t.<\/p>\n<p>&nbsp;<\/p>\n<p>2. Olyan adatkezel\u00e9s, amelyet csak az \u00d6n hozz\u00e1j\u00e1rul\u00e1s\u00e1val v\u00e9gz\u00fcnk:<\/p>\n<p><em>Marketing c\u00e9lokra<\/em><\/p>\n<p>Az \u00d6n szem\u00e9lyes adatait marketing s\u00fctik form\u00e1j\u00e1ban arra haszn\u00e1ljuk, hogy felm\u00e9rj\u00fck az \u00d6n preferenci\u00e1it, \u00e9s ennek k\u00f6sz\u00f6nhet\u0151en az \u00d6n sz\u00e1m\u00e1ra relev\u00e1ns hirdet\u00e9seket jelen\u00edts\u00fcnk meg.<\/p>\n<p>Ez a weboldal harmadik felek marketingeszk\u00f6zeit haszn\u00e1lja erre a c\u00e9lra:<\/p>\n<ul>\n<li>Google Analytics adatok;<\/li>\n<li>Facebook;<\/li>\n<li>Leady.cz;<\/li>\n<li>Hasonl\u00f3 elemz\u00e9si \u00e9s marketingeszk\u00f6z\u00f6k szolg\u00e1ltat\u00f3i.<\/li>\n<\/ul>\n<p>Az \u00d6n marketing c\u00e9l\u00fa hozz\u00e1j\u00e1rul\u00e1sa \u00f6nk\u00e9ntes, \u00e9s ha nem adja meg a hozz\u00e1j\u00e1rul\u00e1s\u00e1t, akkor is megtekintheti weboldalunkat. A hozz\u00e1j\u00e1rul\u00e1s b\u00e1rmikor visszavonhat\u00f3.<\/p>\n<ul>\n<li>A h\u00edrlev\u00e9l \u00e9s egy\u00e9b kereskedelmi kommunik\u00e1ci\u00f3 terjeszt\u00e9se<\/li>\n<\/ul>\n<p>A h\u00edrlevelek \u00e9s egy\u00e9b kereskedelmi k\u00f6zlem\u00e9nyek fogad\u00e1s\u00e1hoz adott hozz\u00e1j\u00e1rul\u00e1s \u00f6nk\u00e9ntes, azonban ha nem adja meg, akkor nem kaphat rendszeresen inform\u00e1ci\u00f3kat \u00e9s h\u00edreket a tev\u00e9kenys\u00e9geinkr\u0151l. Hozz\u00e1j\u00e1rul\u00e1s\u00e1t b\u00e1rmikor visszavonhatja, a hozz\u00e1j\u00e1rul\u00e1s visszavon\u00e1s\u00e1nak m\u00f3dj\u00e1ra vonatkoz\u00f3 r\u00e9szletes t\u00e1j\u00e9koztat\u00e1st minden egyes e-mail tartalmazza.<\/p>\n<p>&nbsp;<\/p>\n<p><strong>Mi az adatkezel\u00e9s jogalapja?<\/strong><\/p>\n<p>Az els\u0151 esetben (a. pont) az adatkezel\u0151nek a weboldal megfelel\u0151 m\u0171k\u00f6d\u00e9s\u00e9hez f\u0171z\u0151d\u0151 jogos \u00e9rdeke a jogalap, ha pedig az adatok kezel\u00e9se marketing c\u00e9l\u00fa (b. pont), akkor az \u00d6n kifejezett hozz\u00e1j\u00e1rul\u00e1sa.<\/p>\n<p>&nbsp;<\/p>\n<p><strong>Kinek tov\u00e1bb\u00edtj\u00e1k az adatokat?<\/strong><\/p>\n<p>Az \u00d6n \u00e1ltal megadott szem\u00e9lyes adatokat t\u00f6bbnyire saj\u00e1t magunk dolgozzuk fel \u00e9s t\u00e1roljuk. A felt\u00e9tlen\u00fcl sz\u00fcks\u00e9ges m\u00e9rt\u00e9kben m\u00e1s adatfeldolgoz\u00f3k is feldolgozhatj\u00e1k az adatokat, p\u00e9ld\u00e1ul k\u00f6nyvel\u00e9si \u00e9s IT-szolg\u00e1ltat\u00f3k, kiz\u00e1r\u00f3lag adatfeldolgoz\u00e1si meg\u00e1llapod\u00e1s keret\u00e9ben. Ami az \u00d6n hozz\u00e1j\u00e1rul\u00e1s\u00e1n alapul\u00f3, marketing c\u00e9l\u00fa feldolgoz\u00e1st illeti, szem\u00e9lyes adatait tov\u00e1bb\u00edtjuk olyan szervezeteknek, amelyek marketingszolg\u00e1ltat\u00e1sokat ny\u00fajtanak sz\u00e1munkra.<\/p>\n<p>&nbsp;<\/p>\n<p><strong>Mennyi ideig kezelj\u00fck az \u00d6n szem\u00e9lyes adatait?<\/strong><\/p>\n<p>Az \u00d6n szem\u00e9lyes adatait az adatkezel\u00e9s vonatkoz\u00f3 c\u00e9lj\u00e1nak el\u00e9r\u00e9s\u00e9hez felt\u00e9tlen\u00fcl sz\u00fcks\u00e9ges ideig kezelj\u00fck, azaz legal\u00e1bb a vonatkoz\u00f3 szerz\u0151d\u00e9s id\u0151tartam\u00e1ig, a hozz\u00e1j\u00e1rul\u00e1s \u00e9rv\u00e9nyess\u00e9gi idej\u00e9ig, valamint addig az id\u0151tartamig, am\u00edg az Adatkezel\u0151 k\u00f6teles vagy jogosult az adatokat az \u00e1ltal\u00e1nosan k\u00f6telez\u0151 erej\u0171 jogszab\u00e1lyoknak megfelel\u0151en t\u00e1rolni.<\/p>\n<p>&nbsp;<\/p>\n<p><strong>Milyen jogaim vannak a szem\u00e9lyes adatok v\u00e9delm\u00e9vel kapcsolatban?<\/strong><\/p>\n<p>\u00c9rintettk\u00e9nt \u00d6nt a GDPR szerinti valamennyi jog megilleti, t\u00f6bbek k\u00f6z\u00f6tt:<\/p>\n<ol>\n<li>a szem\u00e9lyes adatok feldolgoz\u00e1s\u00e1val kapcsolatos t\u00e1j\u00e9koztat\u00e1shoz val\u00f3 jog;<\/li>\n<li>a szem\u00e9lyes adatokhoz val\u00f3 hozz\u00e1f\u00e9r\u00e9s joga;<\/li>\n<li>az adatkezel\u0151h\u00f6z fordulhat szem\u00e9lyes adatainak helyesb\u00edt\u00e9se, t\u00f6rl\u00e9se vagy az adatkezel\u00e9s korl\u00e1toz\u00e1sa \u00e9rdek\u00e9ben;<\/li>\n<li>a szem\u00e9lyes adatok feldolgoz\u00e1sa elleni tiltakoz\u00e1s joga;<\/li>\n<li>a szem\u00e9lyes adatok megismer\u00e9s\u00e9hez val\u00f3 jog (adathordozhat\u00f3s\u00e1g); \u00e9s<\/li>\n<li>a Szem\u00e9lyes Adatok Feldolgoz\u00e1s\u00e1\u00e9rt Felel\u0151s Hivataln\u00e1l t\u00f6rt\u00e9n\u0151 panasz beny\u00fajt\u00e1s\u00e1nak joga.<\/li>\n<\/ol>\n<p>&nbsp;<\/p>\n<p><strong>Hogyan l\u00e9phetek kapcsolatba a szem\u00e9lyes adataim kezel\u0151j\u00e9vel?<\/strong><\/p>\n<p>Az Adatkezel\u0151vel szem\u00e9lyes adatainak v\u00e9delm\u00e9vel \u00e9s jogainak gyakorl\u00e1s\u00e1val - ide\u00e9rtve a hozz\u00e1j\u00e1rul\u00e1s visszavon\u00e1s\u00e1t is - kapcsolatban az Adatkezel\u0151 sz\u00e9khely\u00e9nek c\u00edm\u00e9re k\u00fcld\u00f6tt lev\u00e9lben, az e-mail c\u00edmre k\u00fcld\u00f6tt lev\u00e9lben l\u00e9phet kapcsolatba: <a href=\"mailto:info@ctp.eu\">info@ctp.eu<\/a> \u00e9s telefonon a k\u00f6vetkez\u0151 c\u00edmen: +420 222 390 942.<\/p>\n<\/div>","protected":false},"excerpt":{"rendered":"<p>Adatv\u00e9delmi t\u00e1j\u00e9koztat\u00f3 Ez az adatv\u00e9delmi t\u00e1j\u00e9koztat\u00f3 a mag\u00e1n\u00e9lethez val\u00f3 jog tiszteletben tart\u00e1s\u00e1ra vonatkozik a szem\u00e9lyes adatok szempontj\u00e1b\u00f3l.<\/p>","protected":false},"author":67,"featured_media":0,"parent":6125,"menu_order":0,"comment_status":"closed","ping_status":"closed","template":"","meta":{"_acf_changed":false,"footnotes":""},"class_list":["post-2001","page","type-page","status-publish","hentry"],"acf":[],"yoast_head":"<title>Consent to the processing of personal data - Commercial Real Estate Developer And Manager<\/title>\n<meta name=\"robots\" content=\"index, follow, max-snippet:-1, max-image-preview:large, max-video-preview:-1\" \/>\n<link rel=\"canonical\" href=\"https:\/\/ctp.eu\/hu\/ctp-policies\/consent-to-the-processing-of-personal-data\/\" \/>\n<meta property=\"og:locale\" content=\"hu_HU\" \/>\n<meta property=\"og:type\" content=\"article\" \/>\n<meta property=\"og:title\" content=\"Consent to the processing of personal data\" \/>\n<meta property=\"og:description\" content=\"Privacy Notice This privacy notice applies to observing the right to privacy from the point of view of personal data\" \/>\n<meta property=\"og:url\" content=\"https:\/\/ctp.eu\/hu\/ctp-policies\/consent-to-the-processing-of-personal-data\/\" \/>\n<meta property=\"og:site_name\" content=\"Commercial Real Estate Developer And Manager\" \/>\n<meta property=\"article:modified_time\" content=\"2020-08-28T10:58:58+00:00\" \/>\n<meta name=\"twitter:card\" content=\"summary_large_image\" \/>\n<meta name=\"twitter:label1\" content=\"Becs\u00fclt olvas\u00e1si id\u0151\" \/>\n\t<meta name=\"twitter:data1\" content=\"4 perc\" \/>\n<script type=\"application\/ld+json\" class=\"yoast-schema-graph\">{\"@context\":\"https:\\\/\\\/schema.org\",\"@graph\":[{\"@type\":\"WebPage\",\"@id\":\"https:\\\/\\\/ctp.eu\\\/ctp-policies\\\/consent-to-the-processing-of-personal-data\\\/\",\"url\":\"https:\\\/\\\/ctp.eu\\\/ctp-policies\\\/consent-to-the-processing-of-personal-data\\\/\",\"name\":\"Consent to the processing of personal data - Commercial Real Estate Developer And Manager\",\"isPartOf\":{\"@id\":\"https:\\\/\\\/ctp.eu\\\/#website\"},\"datePublished\":\"2018-05-10T13:17:39+00:00\",\"dateModified\":\"2020-08-28T10:58:58+00:00\",\"breadcrumb\":{\"@id\":\"https:\\\/\\\/ctp.eu\\\/ctp-policies\\\/consent-to-the-processing-of-personal-data\\\/#breadcrumb\"},\"inLanguage\":\"hu\",\"potentialAction\":[{\"@type\":\"ReadAction\",\"target\":[\"https:\\\/\\\/ctp.eu\\\/ctp-policies\\\/consent-to-the-processing-of-personal-data\\\/\"]}]},{\"@type\":\"BreadcrumbList\",\"@id\":\"https:\\\/\\\/ctp.eu\\\/ctp-policies\\\/consent-to-the-processing-of-personal-data\\\/#breadcrumb\",\"itemListElement\":[{\"@type\":\"ListItem\",\"position\":1,\"name\":\"Home\",\"item\":\"https:\\\/\\\/ctp.eu\\\/\"},{\"@type\":\"ListItem\",\"position\":2,\"name\":\"CTP Policies\",\"item\":\"https:\\\/\\\/ctp.eu\\\/ctp-policies\\\/\"},{\"@type\":\"ListItem\",\"position\":3,\"name\":\"Consent to the processing of personal data\"}]},{\"@type\":\"WebSite\",\"@id\":\"https:\\\/\\\/ctp.eu\\\/#website\",\"url\":\"https:\\\/\\\/ctp.eu\\\/\",\"name\":\"Commercial Real Estate Developer And Manager\",\"description\":\"CTP - premium industrial warehouse and office buildings\",\"publisher\":{\"@id\":\"https:\\\/\\\/ctp.eu\\\/#organization\"},\"potentialAction\":[{\"@type\":\"SearchAction\",\"target\":{\"@type\":\"EntryPoint\",\"urlTemplate\":\"https:\\\/\\\/ctp.eu\\\/?s={search_term_string}\"},\"query-input\":{\"@type\":\"PropertyValueSpecification\",\"valueRequired\":true,\"valueName\":\"search_term_string\"}}],\"inLanguage\":\"hu\"},{\"@type\":\"Organization\",\"@id\":\"https:\\\/\\\/ctp.eu\\\/#organization\",\"name\":\"CTP\",\"url\":\"https:\\\/\\\/ctp.eu\\\/\",\"logo\":{\"@type\":\"ImageObject\",\"inLanguage\":\"hu\",\"@id\":\"https:\\\/\\\/ctp.eu\\\/#\\\/schema\\\/logo\\\/image\\\/\",\"url\":\"\",\"contentUrl\":\"\",\"caption\":\"CTP\"},\"image\":{\"@id\":\"https:\\\/\\\/ctp.eu\\\/#\\\/schema\\\/logo\\\/image\\\/\"}}]}<\/script>","yoast_head_json":{"title":"Hozz\u00e1j\u00e1rul\u00e1s a szem\u00e9lyes adatok feldolgoz\u00e1s\u00e1hoz - Kereskedelmi ingatlanfejleszt\u0151 \u00e9s -kezel\u0151","robots":{"index":"index","follow":"follow","max-snippet":"max-snippet:-1","max-image-preview":"max-image-preview:large","max-video-preview":"max-video-preview:-1"},"canonical":"https:\/\/ctp.eu\/hu\/ctp-policies\/consent-to-the-processing-of-personal-data\/","og_locale":"hu_HU","og_type":"article","og_title":"Consent to the processing of personal data","og_description":"Privacy Notice This privacy notice applies to observing the right to privacy from the point of view of personal data","og_url":"https:\/\/ctp.eu\/hu\/ctp-policies\/consent-to-the-processing-of-personal-data\/","og_site_name":"Commercial Real Estate Developer And Manager","article_modified_time":"2020-08-28T10:58:58+00:00","twitter_card":"summary_large_image","twitter_misc":{"Becs\u00fclt olvas\u00e1si id\u0151":"4 perc"},"schema":{"@context":"https:\/\/schema.org","@graph":[{"@type":"WebPage","@id":"https:\/\/ctp.eu\/ctp-policies\/consent-to-the-processing-of-personal-data\/","url":"https:\/\/ctp.eu\/ctp-policies\/consent-to-the-processing-of-personal-data\/","name":"Hozz\u00e1j\u00e1rul\u00e1s a szem\u00e9lyes adatok feldolgoz\u00e1s\u00e1hoz - Kereskedelmi ingatlanfejleszt\u0151 \u00e9s -kezel\u0151","isPartOf":{"@id":"https:\/\/ctp.eu\/#website"},"datePublished":"2018-05-10T13:17:39+00:00","dateModified":"2020-08-28T10:58:58+00:00","breadcrumb":{"@id":"https:\/\/ctp.eu\/ctp-policies\/consent-to-the-processing-of-personal-data\/#breadcrumb"},"inLanguage":"hu","potentialAction":[{"@type":"ReadAction","target":["https:\/\/ctp.eu\/ctp-policies\/consent-to-the-processing-of-personal-data\/"]}]},{"@type":"BreadcrumbList","@id":"https:\/\/ctp.eu\/ctp-policies\/consent-to-the-processing-of-personal-data\/#breadcrumb","itemListElement":[{"@type":"ListItem","position":1,"name":"Home","item":"https:\/\/ctp.eu\/"},{"@type":"ListItem","position":2,"name":"CTP Policies","item":"https:\/\/ctp.eu\/ctp-policies\/"},{"@type":"ListItem","position":3,"name":"Consent to the processing of personal data"}]},{"@type":"WebSite","@id":"https:\/\/ctp.eu\/#website","url":"https:\/\/ctp.eu\/","name":"Kereskedelmi ingatlanfejleszt\u0151 \u00e9s menedzser","description":"CTP - pr\u00e9mium ipari rakt\u00e1rak \u00e9s iroda\u00e9p\u00fcletek","publisher":{"@id":"https:\/\/ctp.eu\/#organization"},"potentialAction":[{"@type":"SearchAction","target":{"@type":"EntryPoint","urlTemplate":"https:\/\/ctp.eu\/?s={search_term_string}"},"query-input":{"@type":"PropertyValueSpecification","valueRequired":true,"valueName":"search_term_string"}}],"inLanguage":"hu"},{"@type":"Organization","@id":"https:\/\/ctp.eu\/#organization","name":"CTP","url":"https:\/\/ctp.eu\/","logo":{"@type":"ImageObject","inLanguage":"hu","@id":"https:\/\/ctp.eu\/#\/schema\/logo\/image\/","url":"","contentUrl":"","caption":"CTP"},"image":{"@id":"https:\/\/ctp.eu\/#\/schema\/logo\/image\/"}}]}},"_links":{"self":[{"href":"https:\/\/ctp.eu\/hu\/wp-json\/wp\/v2\/pages\/2001","targetHints":{"allow":["GET"]}}],"collection":[{"href":"https:\/\/ctp.eu\/hu\/wp-json\/wp\/v2\/pages"}],"about":[{"href":"https:\/\/ctp.eu\/hu\/wp-json\/wp\/v2\/types\/page"}],"author":[{"embeddable":true,"href":"https:\/\/ctp.eu\/hu\/wp-json\/wp\/v2\/users\/67"}],"replies":[{"embeddable":true,"href":"https:\/\/ctp.eu\/hu\/wp-json\/wp\/v2\/comments?post=2001"}],"version-history":[{"count":0,"href":"https:\/\/ctp.eu\/hu\/wp-json\/wp\/v2\/pages\/2001\/revisions"}],"up":[{"embeddable":true,"href":"https:\/\/ctp.eu\/hu\/wp-json\/wp\/v2\/pages\/6125"}],"wp:attachment":[{"href":"https:\/\/ctp.eu\/hu\/wp-json\/wp\/v2\/media?parent=2001"}],"curies":[{"name":"wp","href":"https:\/\/api.w.org\/{rel}","templated":true}]}}