{"id":181,"date":"2018-04-16T09:44:22","date_gmt":"2018-04-16T09:44:22","guid":{"rendered":"https:\/\/www.ctp.eu\/?page_id=181"},"modified":"2023-08-24T15:51:11","modified_gmt":"2023-08-24T13:51:11","slug":"ctp-life","status":"publish","type":"page","link":"https:\/\/ctp.eu\/hu\/company\/ctp-life\/","title":{"rendered":"CTP Life"},"content":{"rendered":"","protected":false},"excerpt":{"rendered":"","protected":false},"author":67,"featured_media":0,"parent":62,"menu_order":0,"comment_status":"closed","ping_status":"closed","template":"templates\/life-blog.php","meta":{"_acf_changed":false,"footnotes":""},"class_list":["post-181","page","type-page","status-publish","hentry"],"acf":[],"yoast_head":"<title>CTP Life about people, buildings, technology and life<\/title>\n<meta name=\"description\" content=\"CTP Life: Blog about about people, buildings, technology and life\" \/>\n<meta name=\"robots\" content=\"index, follow, max-snippet:-1, max-image-preview:large, max-video-preview:-1\" \/>\n<link rel=\"canonical\" href=\"https:\/\/ctp.eu\/hu\/company\/ctp-life\/\" \/>\n<meta property=\"og:locale\" content=\"hu_HU\" \/>\n<meta property=\"og:type\" content=\"article\" \/>\n<meta property=\"og:title\" content=\"CTP Life\" \/>\n<meta property=\"og:description\" content=\"CTP Life: Blog about about people, buildings, technology and life\" \/>\n<meta property=\"og:url\" content=\"https:\/\/ctp.eu\/hu\/company\/ctp-life\/\" \/>\n<meta property=\"og:site_name\" content=\"Commercial Real Estate Developer And Manager\" \/>\n<meta property=\"article:modified_time\" content=\"2023-08-24T13:51:11+00:00\" \/>\n<meta property=\"og:image\" content=\"https:\/\/ctp.eu\/wp-content\/uploads\/2021\/07\/ctp-life.jpg\" \/>\n\t<meta property=\"og:image:width\" content=\"2400\" \/>\n\t<meta property=\"og:image:height\" content=\"1991\" \/>\n\t<meta property=\"og:image:type\" content=\"image\/jpeg\" \/>\n<meta name=\"twitter:card\" content=\"summary_large_image\" \/>\n<script type=\"application\/ld+json\" class=\"yoast-schema-graph\">{\"@context\":\"https:\/\/schema.org\",\"@graph\":[{\"@type\":\"WebPage\",\"@id\":\"https:\/\/ctp.eu\/company\/ctp-life\/\",\"url\":\"https:\/\/ctp.eu\/company\/ctp-life\/\",\"name\":\"CTP Life about people, buildings, technology and life\",\"isPartOf\":{\"@id\":\"https:\/\/ctp.eu\/#website\"},\"datePublished\":\"2018-04-16T09:44:22+00:00\",\"dateModified\":\"2023-08-24T13:51:11+00:00\",\"description\":\"CTP Life: Blog about about people, buildings, technology and life\",\"breadcrumb\":{\"@id\":\"https:\/\/ctp.eu\/company\/ctp-life\/#breadcrumb\"},\"inLanguage\":\"hu\",\"potentialAction\":[{\"@type\":\"ReadAction\",\"target\":[\"https:\/\/ctp.eu\/company\/ctp-life\/\"]}]},{\"@type\":\"BreadcrumbList\",\"@id\":\"https:\/\/ctp.eu\/company\/ctp-life\/#breadcrumb\",\"itemListElement\":[{\"@type\":\"ListItem\",\"position\":1,\"name\":\"Home\",\"item\":\"https:\/\/ctp.eu\/\"},{\"@type\":\"ListItem\",\"position\":2,\"name\":\"Company\",\"item\":\"https:\/\/ctp.eu\/?page_id=62\"},{\"@type\":\"ListItem\",\"position\":3,\"name\":\"CTP Life\"}]},{\"@type\":\"WebSite\",\"@id\":\"https:\/\/ctp.eu\/#website\",\"url\":\"https:\/\/ctp.eu\/\",\"name\":\"Commercial Real Estate Developer And Manager\",\"description\":\"CTP - premium industrial warehouse and office buildings\",\"publisher\":{\"@id\":\"https:\/\/ctp.eu\/#organization\"},\"potentialAction\":[{\"@type\":\"SearchAction\",\"target\":{\"@type\":\"EntryPoint\",\"urlTemplate\":\"https:\/\/ctp.eu\/?s={search_term_string}\"},\"query-input\":{\"@type\":\"PropertyValueSpecification\",\"valueRequired\":true,\"valueName\":\"search_term_string\"}}],\"inLanguage\":\"hu\"},{\"@type\":\"Organization\",\"@id\":\"https:\/\/ctp.eu\/#organization\",\"name\":\"CTP\",\"url\":\"https:\/\/ctp.eu\/\",\"logo\":{\"@type\":\"ImageObject\",\"inLanguage\":\"hu\",\"@id\":\"https:\/\/ctp.eu\/#\/schema\/logo\/image\/\",\"url\":\"\",\"contentUrl\":\"\",\"caption\":\"CTP\"},\"image\":{\"@id\":\"https:\/\/ctp.eu\/#\/schema\/logo\/image\/\"}}]}<\/script>","yoast_head_json":{"title":"CTP Life az emberekr\u0151l, az \u00e9p\u00fcletekr\u0151l, a technol\u00f3gi\u00e1r\u00f3l \u00e9s az \u00e9letr\u0151l","description":"CTP Life: Blog az emberekr\u0151l, \u00e9p\u00fcletekr\u0151l, technol\u00f3gi\u00e1r\u00f3l \u00e9s az \u00e9letr\u0151l.","robots":{"index":"index","follow":"follow","max-snippet":"max-snippet:-1","max-image-preview":"max-image-preview:large","max-video-preview":"max-video-preview:-1"},"canonical":"https:\/\/ctp.eu\/hu\/company\/ctp-life\/","og_locale":"hu_HU","og_type":"article","og_title":"CTP Life","og_description":"CTP Life: Blog about about people, buildings, technology and life","og_url":"https:\/\/ctp.eu\/hu\/company\/ctp-life\/","og_site_name":"Commercial Real Estate Developer And Manager","article_modified_time":"2023-08-24T13:51:11+00:00","og_image":[{"width":2400,"height":1991,"url":"https:\/\/ctp.eu\/wp-content\/uploads\/2021\/07\/ctp-life.jpg","type":"image\/jpeg"}],"twitter_card":"summary_large_image","schema":{"@context":"https:\/\/schema.org","@graph":[{"@type":"WebPage","@id":"https:\/\/ctp.eu\/company\/ctp-life\/","url":"https:\/\/ctp.eu\/company\/ctp-life\/","name":"CTP Life az emberekr\u0151l, az \u00e9p\u00fcletekr\u0151l, a technol\u00f3gi\u00e1r\u00f3l \u00e9s az \u00e9letr\u0151l","isPartOf":{"@id":"https:\/\/ctp.eu\/#website"},"datePublished":"2018-04-16T09:44:22+00:00","dateModified":"2023-08-24T13:51:11+00:00","description":"CTP Life: Blog az emberekr\u0151l, \u00e9p\u00fcletekr\u0151l, technol\u00f3gi\u00e1r\u00f3l \u00e9s az \u00e9letr\u0151l.","breadcrumb":{"@id":"https:\/\/ctp.eu\/company\/ctp-life\/#breadcrumb"},"inLanguage":"hu","potentialAction":[{"@type":"ReadAction","target":["https:\/\/ctp.eu\/company\/ctp-life\/"]}]},{"@type":"BreadcrumbList","@id":"https:\/\/ctp.eu\/company\/ctp-life\/#breadcrumb","itemListElement":[{"@type":"ListItem","position":1,"name":"Home","item":"https:\/\/ctp.eu\/"},{"@type":"ListItem","position":2,"name":"Company","item":"https:\/\/ctp.eu\/?page_id=62"},{"@type":"ListItem","position":3,"name":"CTP Life"}]},{"@type":"WebSite","@id":"https:\/\/ctp.eu\/#website","url":"https:\/\/ctp.eu\/","name":"Kereskedelmi ingatlanfejleszt\u0151 \u00e9s menedzser","description":"CTP - pr\u00e9mium ipari rakt\u00e1rak \u00e9s iroda\u00e9p\u00fcletek","publisher":{"@id":"https:\/\/ctp.eu\/#organization"},"potentialAction":[{"@type":"SearchAction","target":{"@type":"EntryPoint","urlTemplate":"https:\/\/ctp.eu\/?s={search_term_string}"},"query-input":{"@type":"PropertyValueSpecification","valueRequired":true,"valueName":"search_term_string"}}],"inLanguage":"hu"},{"@type":"Organization","@id":"https:\/\/ctp.eu\/#organization","name":"CTP","url":"https:\/\/ctp.eu\/","logo":{"@type":"ImageObject","inLanguage":"hu","@id":"https:\/\/ctp.eu\/#\/schema\/logo\/image\/","url":"","contentUrl":"","caption":"CTP"},"image":{"@id":"https:\/\/ctp.eu\/#\/schema\/logo\/image\/"}}]}},"_links":{"self":[{"href":"https:\/\/ctp.eu\/hu\/wp-json\/wp\/v2\/pages\/181","targetHints":{"allow":["GET"]}}],"collection":[{"href":"https:\/\/ctp.eu\/hu\/wp-json\/wp\/v2\/pages"}],"about":[{"href":"https:\/\/ctp.eu\/hu\/wp-json\/wp\/v2\/types\/page"}],"author":[{"embeddable":true,"href":"https:\/\/ctp.eu\/hu\/wp-json\/wp\/v2\/users\/67"}],"replies":[{"embeddable":true,"href":"https:\/\/ctp.eu\/hu\/wp-json\/wp\/v2\/comments?post=181"}],"version-history":[{"count":0,"href":"https:\/\/ctp.eu\/hu\/wp-json\/wp\/v2\/pages\/181\/revisions"}],"up":[{"embeddable":true,"href":"https:\/\/ctp.eu\/hu\/wp-json\/wp\/v2\/pages\/62"}],"wp:attachment":[{"href":"https:\/\/ctp.eu\/hu\/wp-json\/wp\/v2\/media?parent=181"}],"curies":[{"name":"wp","href":"https:\/\/api.w.org\/{rel}","templated":true}]}}