{"id":14801,"date":"2021-03-17T16:20:10","date_gmt":"2021-03-17T16:20:10","guid":{"rendered":"https:\/\/www.ctp.eu\/?page_id=14801"},"modified":"2025-11-06T11:48:08","modified_gmt":"2025-11-06T10:48:08","slug":"the-top-ten","status":"publish","type":"page","link":"https:\/\/ctp.eu\/hu\/the-top-ten\/","title":{"rendered":"Top t\u00edz park"},"content":{"rendered":"<h3><span style=\"font-size: 23px; font-weight: 400;\">A CTP 11,2 milli\u00f3 n\u00e9gyzetm\u00e9teres GLA (AuM) 37%-j\u00e9t kitev\u0151 top 10 parkunk j\u00f3l p\u00e9ld\u00e1zza a CTP Parkmaker ethosz\u00e1t. B\u00e1r mindegyik park egyedi, hogy megfeleljen a r\u00e9gi\u00f3 saj\u00e1toss\u00e1gainak, mindannyian osztoznak a sikert\u00e9nyez\u0151kben. Mint minden parkunk, a Top Ten is strat\u00e9giai elhelyezked\u00e9s\u0171, \"emberk\u00f6zpont\u00fa\", az alkalmazottak eg\u00e9szs\u00e9g\u00e9t \u00e9s j\u00f3l\u00e9t\u00e9t szem el\u0151tt tart\u00f3, teljes k\u00f6r\u0171en kiszolg\u00e1lt, kiv\u00e1l\u00f3 min\u0151s\u00e9g\u0171, alacsony k\u00f6rnyezeti terhel\u00e9s\u0171, innov\u00e1ci\u00f3b\u00f3l \u00e9s gondoskod\u00e1sb\u00f3l sz\u00e1rmaz\u00f3 l\u00e9tes\u00edtm\u00e9nyek. Minden egyes park \u00fcgyfeleink siker\u00e9b\u0151l sz\u00e1rmazik - ahogy \u0151k n\u00f6vekednek, \u00fagy n\u00f6veked\u00fcnk mi is. \u00c9s \u0151k sokat n\u0151nek. T\u00f6bb mint 80% \u00faj \u00fczlet\u00fcnk t\u00f6bb mint 1000 \u00fcgyfel\u00fcnk h\u00e1l\u00f3zat\u00e1b\u00f3l sz\u00e1rmazik.<\/span><\/h3>","protected":false},"excerpt":{"rendered":"<p>A CTP 12,4 milli\u00f3 n\u00e9gyzetm\u00e9teres GLA-j\u00e1b\u00f3l (AuM) 44%-t tesznek ki, \u00edgy a 10 legjobb parkunk a val\u00f3di CTP Parkmaker szellemis\u00e9g\u00e9t p\u00e9ld\u00e1zza.<\/p>","protected":false},"author":22,"featured_media":0,"parent":0,"menu_order":0,"comment_status":"closed","ping_status":"closed","template":"templates\/top-parks.php","meta":{"_acf_changed":false,"footnotes":""},"class_list":["post-14801","page","type-page","status-publish","hentry"],"acf":[],"yoast_head":"<title>The Top Ten Parks - Commercial Real Estate Developer And Manager<\/title>\n<meta name=\"robots\" content=\"index, follow, max-snippet:-1, max-image-preview:large, max-video-preview:-1\" \/>\n<link rel=\"canonical\" href=\"https:\/\/ctp.eu\/hu\/the-top-ten\/\" \/>\n<meta property=\"og:locale\" content=\"hu_HU\" \/>\n<meta property=\"og:type\" content=\"article\" \/>\n<meta property=\"og:title\" content=\"The Top Ten Parks\" \/>\n<meta property=\"og:description\" content=\"Making up 44% of CTP\u2019s 12.4 million sqm GLA (AuM), our top 10 parks exemplify the true CTP Parkmaker ethos.\" \/>\n<meta property=\"og:url\" content=\"https:\/\/ctp.eu\/hu\/the-top-ten\/\" \/>\n<meta property=\"og:site_name\" content=\"Commercial Real Estate Developer And Manager\" \/>\n<meta property=\"article:modified_time\" content=\"2025-11-06T10:48:08+00:00\" \/>\n<meta name=\"twitter:card\" content=\"summary_large_image\" \/>\n<meta name=\"twitter:label1\" content=\"Becs\u00fclt olvas\u00e1si id\u0151\" \/>\n\t<meta name=\"twitter:data1\" content=\"1 perc\" \/>\n<script type=\"application\/ld+json\" class=\"yoast-schema-graph\">{\"@context\":\"https:\\\/\\\/schema.org\",\"@graph\":[{\"@type\":\"WebPage\",\"@id\":\"https:\\\/\\\/ctp.eu\\\/the-top-ten\\\/\",\"url\":\"https:\\\/\\\/ctp.eu\\\/the-top-ten\\\/\",\"name\":\"The Top Ten Parks - Commercial Real Estate Developer And Manager\",\"isPartOf\":{\"@id\":\"https:\\\/\\\/ctp.eu\\\/#website\"},\"datePublished\":\"2021-03-17T16:20:10+00:00\",\"dateModified\":\"2025-11-06T10:48:08+00:00\",\"breadcrumb\":{\"@id\":\"https:\\\/\\\/ctp.eu\\\/the-top-ten\\\/#breadcrumb\"},\"inLanguage\":\"hu\",\"potentialAction\":[{\"@type\":\"ReadAction\",\"target\":[\"https:\\\/\\\/ctp.eu\\\/the-top-ten\\\/\"]}]},{\"@type\":\"BreadcrumbList\",\"@id\":\"https:\\\/\\\/ctp.eu\\\/the-top-ten\\\/#breadcrumb\",\"itemListElement\":[{\"@type\":\"ListItem\",\"position\":1,\"name\":\"Home\",\"item\":\"https:\\\/\\\/ctp.eu\\\/\"},{\"@type\":\"ListItem\",\"position\":2,\"name\":\"The Top Ten Parks\"}]},{\"@type\":\"WebSite\",\"@id\":\"https:\\\/\\\/ctp.eu\\\/#website\",\"url\":\"https:\\\/\\\/ctp.eu\\\/\",\"name\":\"Commercial Real Estate Developer And Manager\",\"description\":\"CTP - premium industrial warehouse and office buildings\",\"publisher\":{\"@id\":\"https:\\\/\\\/ctp.eu\\\/#organization\"},\"potentialAction\":[{\"@type\":\"SearchAction\",\"target\":{\"@type\":\"EntryPoint\",\"urlTemplate\":\"https:\\\/\\\/ctp.eu\\\/?s={search_term_string}\"},\"query-input\":{\"@type\":\"PropertyValueSpecification\",\"valueRequired\":true,\"valueName\":\"search_term_string\"}}],\"inLanguage\":\"hu\"},{\"@type\":\"Organization\",\"@id\":\"https:\\\/\\\/ctp.eu\\\/#organization\",\"name\":\"CTP\",\"url\":\"https:\\\/\\\/ctp.eu\\\/\",\"logo\":{\"@type\":\"ImageObject\",\"inLanguage\":\"hu\",\"@id\":\"https:\\\/\\\/ctp.eu\\\/#\\\/schema\\\/logo\\\/image\\\/\",\"url\":\"\",\"contentUrl\":\"\",\"caption\":\"CTP\"},\"image\":{\"@id\":\"https:\\\/\\\/ctp.eu\\\/#\\\/schema\\\/logo\\\/image\\\/\"}}]}<\/script>","yoast_head_json":{"title":"A t\u00edz legjobb park - Kereskedelmi ingatlanfejleszt\u0151 \u00e9s -kezel\u0151","robots":{"index":"index","follow":"follow","max-snippet":"max-snippet:-1","max-image-preview":"max-image-preview:large","max-video-preview":"max-video-preview:-1"},"canonical":"https:\/\/ctp.eu\/hu\/the-top-ten\/","og_locale":"hu_HU","og_type":"article","og_title":"The Top Ten Parks","og_description":"Making up 44% of CTP\u2019s 12.4 million sqm GLA (AuM), our top 10 parks exemplify the true CTP Parkmaker ethos.","og_url":"https:\/\/ctp.eu\/hu\/the-top-ten\/","og_site_name":"Commercial Real Estate Developer And Manager","article_modified_time":"2025-11-06T10:48:08+00:00","twitter_card":"summary_large_image","twitter_misc":{"Becs\u00fclt olvas\u00e1si id\u0151":"1 perc"},"schema":{"@context":"https:\/\/schema.org","@graph":[{"@type":"WebPage","@id":"https:\/\/ctp.eu\/the-top-ten\/","url":"https:\/\/ctp.eu\/the-top-ten\/","name":"A t\u00edz legjobb park - Kereskedelmi ingatlanfejleszt\u0151 \u00e9s -kezel\u0151","isPartOf":{"@id":"https:\/\/ctp.eu\/#website"},"datePublished":"2021-03-17T16:20:10+00:00","dateModified":"2025-11-06T10:48:08+00:00","breadcrumb":{"@id":"https:\/\/ctp.eu\/the-top-ten\/#breadcrumb"},"inLanguage":"hu","potentialAction":[{"@type":"ReadAction","target":["https:\/\/ctp.eu\/the-top-ten\/"]}]},{"@type":"BreadcrumbList","@id":"https:\/\/ctp.eu\/the-top-ten\/#breadcrumb","itemListElement":[{"@type":"ListItem","position":1,"name":"Home","item":"https:\/\/ctp.eu\/"},{"@type":"ListItem","position":2,"name":"The Top Ten Parks"}]},{"@type":"WebSite","@id":"https:\/\/ctp.eu\/#website","url":"https:\/\/ctp.eu\/","name":"Kereskedelmi ingatlanfejleszt\u0151 \u00e9s menedzser","description":"CTP - pr\u00e9mium ipari rakt\u00e1rak \u00e9s iroda\u00e9p\u00fcletek","publisher":{"@id":"https:\/\/ctp.eu\/#organization"},"potentialAction":[{"@type":"SearchAction","target":{"@type":"EntryPoint","urlTemplate":"https:\/\/ctp.eu\/?s={search_term_string}"},"query-input":{"@type":"PropertyValueSpecification","valueRequired":true,"valueName":"search_term_string"}}],"inLanguage":"hu"},{"@type":"Organization","@id":"https:\/\/ctp.eu\/#organization","name":"CTP","url":"https:\/\/ctp.eu\/","logo":{"@type":"ImageObject","inLanguage":"hu","@id":"https:\/\/ctp.eu\/#\/schema\/logo\/image\/","url":"","contentUrl":"","caption":"CTP"},"image":{"@id":"https:\/\/ctp.eu\/#\/schema\/logo\/image\/"}}]}},"_links":{"self":[{"href":"https:\/\/ctp.eu\/hu\/wp-json\/wp\/v2\/pages\/14801","targetHints":{"allow":["GET"]}}],"collection":[{"href":"https:\/\/ctp.eu\/hu\/wp-json\/wp\/v2\/pages"}],"about":[{"href":"https:\/\/ctp.eu\/hu\/wp-json\/wp\/v2\/types\/page"}],"author":[{"embeddable":true,"href":"https:\/\/ctp.eu\/hu\/wp-json\/wp\/v2\/users\/22"}],"replies":[{"embeddable":true,"href":"https:\/\/ctp.eu\/hu\/wp-json\/wp\/v2\/comments?post=14801"}],"version-history":[{"count":30,"href":"https:\/\/ctp.eu\/hu\/wp-json\/wp\/v2\/pages\/14801\/revisions"}],"predecessor-version":[{"id":112551,"href":"https:\/\/ctp.eu\/hu\/wp-json\/wp\/v2\/pages\/14801\/revisions\/112551"}],"wp:attachment":[{"href":"https:\/\/ctp.eu\/hu\/wp-json\/wp\/v2\/media?parent=14801"}],"curies":[{"name":"wp","href":"https:\/\/api.w.org\/{rel}","templated":true}]}}