{"id":13639,"date":"2021-03-03T13:58:12","date_gmt":"2021-03-03T11:58:12","guid":{"rendered":"https:\/\/www.ctp.eu\/?page_id=13639"},"modified":"2026-04-02T18:23:17","modified_gmt":"2026-04-02T16:23:17","slug":"governance","status":"publish","type":"page","link":"https:\/\/ctp.eu\/hu\/investors\/governance\/","title":{"rendered":"Ir\u00e1ny\u00edt\u00e1s"},"content":{"rendered":"<p><span>A kezdetekt\u0151l fogva etoszunk \u00e9s \u00fczleti strat\u00e9gi\u00e1nk r\u00e9sze volt, hogy \u00fcgyfeleink \u00e9s m\u00e1s \u00e9rdekelt felek hossz\u00fa t\u00e1v\u00fa partnerei legy\u00fcnk. Az \u00e1tl\u00e1that\u00f3s\u00e1g, a vil\u00e1gos kommunik\u00e1ci\u00f3, valamint az \u00fcgyfelekkel \u00e9s besz\u00e1ll\u00edt\u00f3kkal szembeni etikus b\u00e1n\u00e1sm\u00f3d alapvet\u0151 fontoss\u00e1g\u00fa az er\u0151s, bizalmi kapcsolatok ki\u00e9p\u00edt\u00e9s\u00e9hez - a hossz\u00fa t\u00e1v\u00fa siker alapj\u00e1ul. <\/span><\/p>\n<p>Kiemelten kezelj\u00fck a hat\u00e9kony v\u00e1llalatir\u00e1ny\u00edt\u00e1si gyakorlatokat, \u00e9s k\u00f6vetkezetesen dolgozunk az etikus munkak\u00f6rnyezet kialak\u00edt\u00e1s\u00e1n szervezet\u00fcnk minden szintj\u00e9n. Ennek alaphangj\u00e1t a vezet\u0151s\u00e9g adja meg, \u00e9s munk\u00e1ltat\u00f3k\u00e9nt t\u00e1mogatjuk azt a kult\u00far\u00e1t, amelyben a ny\u00edlt besz\u00e9det t\u00e1mogatj\u00e1k. Minden munkat\u00e1rsunk k\u00e9pz\u00e9sben r\u00e9szes\u00fcl a magatart\u00e1si k\u00f3dex\u00fcnkkel kapcsolatban, \u00e9s t\u00f6bb csatorn\u00e1t is biztos\u00edtunk a munkat\u00e1rsak sz\u00e1m\u00e1ra, amelyeken kereszt\u00fcl jelezhetik, ha szab\u00e1lytalans\u00e1got gyan\u00edtanak, bele\u00e9rtve az anonim bejelent\u0151 programot is. Az \u00e9rt\u00e9kl\u00e1nc integrit\u00e1s\u00e1nak biztos\u00edt\u00e1sa \u00e9rdek\u00e9ben minden besz\u00e1ll\u00edt\u00f3nkkal szemben \u00e1tvil\u00e1g\u00edt\u00e1st v\u00e9gz\u00fcnk, \u00e9s megk\u00f6vetelj\u00fck t\u0151l\u00fck a Besz\u00e1ll\u00edt\u00f3i magatart\u00e1si k\u00f3dex\u00fcnk betart\u00e1s\u00e1t.<\/p>","protected":false},"excerpt":{"rendered":"<p>Az, hogy \u00fcgyfeleink \u00e9s m\u00e1s \u00e9rdekelt felek hossz\u00fa t\u00e1v\u00fa partnerei vagyunk, az\u00f3ta r\u00e9sze az etoszunknak \u00e9s \u00fczleti strat\u00e9gi\u00e1nknak, hogy<\/p>","protected":false},"author":22,"featured_media":0,"parent":9830,"menu_order":6,"comment_status":"closed","ping_status":"closed","template":"templates\/governance.php","meta":{"_acf_changed":false,"footnotes":""},"class_list":["post-13639","page","type-page","status-publish","hentry"],"acf":[],"yoast_head":"<title>Governance - Commercial Real Estate Developer And Manager<\/title>\n<meta name=\"robots\" content=\"index, follow, max-snippet:-1, max-image-preview:large, max-video-preview:-1\" \/>\n<link rel=\"canonical\" href=\"https:\/\/ctp.eu\/hu\/investors\/governance\/\" \/>\n<meta property=\"og:locale\" content=\"hu_HU\" \/>\n<meta property=\"og:type\" content=\"article\" \/>\n<meta property=\"og:title\" content=\"Governance\" \/>\n<meta property=\"og:description\" content=\"Being a long-term partner to our clients and other stakeholders has been part of our ethos and business strategy since\" \/>\n<meta property=\"og:url\" content=\"https:\/\/ctp.eu\/hu\/investors\/governance\/\" \/>\n<meta property=\"og:site_name\" content=\"Commercial Real Estate Developer And Manager\" \/>\n<meta property=\"article:modified_time\" content=\"2026-04-02T16:23:17+00:00\" \/>\n<meta name=\"twitter:card\" content=\"summary_large_image\" \/>\n<meta name=\"twitter:label1\" content=\"Becs\u00fclt olvas\u00e1si id\u0151\" \/>\n\t<meta name=\"twitter:data1\" content=\"1 perc\" \/>\n<script type=\"application\/ld+json\" class=\"yoast-schema-graph\">{\"@context\":\"https:\\\/\\\/schema.org\",\"@graph\":[{\"@type\":\"WebPage\",\"@id\":\"https:\\\/\\\/ctp.eu\\\/investors\\\/governance\\\/\",\"url\":\"https:\\\/\\\/ctp.eu\\\/investors\\\/governance\\\/\",\"name\":\"Governance - Commercial Real Estate Developer And Manager\",\"isPartOf\":{\"@id\":\"https:\\\/\\\/ctp.eu\\\/#website\"},\"datePublished\":\"2021-03-03T11:58:12+00:00\",\"dateModified\":\"2026-04-02T16:23:17+00:00\",\"breadcrumb\":{\"@id\":\"https:\\\/\\\/ctp.eu\\\/investors\\\/governance\\\/#breadcrumb\"},\"inLanguage\":\"hu\",\"potentialAction\":[{\"@type\":\"ReadAction\",\"target\":[\"https:\\\/\\\/ctp.eu\\\/investors\\\/governance\\\/\"]}]},{\"@type\":\"BreadcrumbList\",\"@id\":\"https:\\\/\\\/ctp.eu\\\/investors\\\/governance\\\/#breadcrumb\",\"itemListElement\":[{\"@type\":\"ListItem\",\"position\":1,\"name\":\"Home\",\"item\":\"https:\\\/\\\/ctp.eu\\\/\"},{\"@type\":\"ListItem\",\"position\":2,\"name\":\"Long-Term Investment Partnership\",\"item\":\"https:\\\/\\\/ctp.eu\\\/investors\\\/\"},{\"@type\":\"ListItem\",\"position\":3,\"name\":\"Governance\"}]},{\"@type\":\"WebSite\",\"@id\":\"https:\\\/\\\/ctp.eu\\\/#website\",\"url\":\"https:\\\/\\\/ctp.eu\\\/\",\"name\":\"Commercial Real Estate Developer And Manager\",\"description\":\"CTP - premium industrial warehouse and office buildings\",\"publisher\":{\"@id\":\"https:\\\/\\\/ctp.eu\\\/#organization\"},\"potentialAction\":[{\"@type\":\"SearchAction\",\"target\":{\"@type\":\"EntryPoint\",\"urlTemplate\":\"https:\\\/\\\/ctp.eu\\\/?s={search_term_string}\"},\"query-input\":{\"@type\":\"PropertyValueSpecification\",\"valueRequired\":true,\"valueName\":\"search_term_string\"}}],\"inLanguage\":\"hu\"},{\"@type\":\"Organization\",\"@id\":\"https:\\\/\\\/ctp.eu\\\/#organization\",\"name\":\"CTP\",\"url\":\"https:\\\/\\\/ctp.eu\\\/\",\"logo\":{\"@type\":\"ImageObject\",\"inLanguage\":\"hu\",\"@id\":\"https:\\\/\\\/ctp.eu\\\/#\\\/schema\\\/logo\\\/image\\\/\",\"url\":\"\",\"contentUrl\":\"\",\"caption\":\"CTP\"},\"image\":{\"@id\":\"https:\\\/\\\/ctp.eu\\\/#\\\/schema\\\/logo\\\/image\\\/\"}}]}<\/script>","yoast_head_json":{"title":"Korm\u00e1nyz\u00e1s - Kereskedelmi ingatlanfejleszt\u0151 \u00e9s -kezel\u0151","robots":{"index":"index","follow":"follow","max-snippet":"max-snippet:-1","max-image-preview":"max-image-preview:large","max-video-preview":"max-video-preview:-1"},"canonical":"https:\/\/ctp.eu\/hu\/investors\/governance\/","og_locale":"hu_HU","og_type":"article","og_title":"Governance","og_description":"Being a long-term partner to our clients and other stakeholders has been part of our ethos and business strategy since","og_url":"https:\/\/ctp.eu\/hu\/investors\/governance\/","og_site_name":"Commercial Real Estate Developer And Manager","article_modified_time":"2026-04-02T16:23:17+00:00","twitter_card":"summary_large_image","twitter_misc":{"Becs\u00fclt olvas\u00e1si id\u0151":"1 perc"},"schema":{"@context":"https:\/\/schema.org","@graph":[{"@type":"WebPage","@id":"https:\/\/ctp.eu\/investors\/governance\/","url":"https:\/\/ctp.eu\/investors\/governance\/","name":"Korm\u00e1nyz\u00e1s - Kereskedelmi ingatlanfejleszt\u0151 \u00e9s -kezel\u0151","isPartOf":{"@id":"https:\/\/ctp.eu\/#website"},"datePublished":"2021-03-03T11:58:12+00:00","dateModified":"2026-04-02T16:23:17+00:00","breadcrumb":{"@id":"https:\/\/ctp.eu\/investors\/governance\/#breadcrumb"},"inLanguage":"hu","potentialAction":[{"@type":"ReadAction","target":["https:\/\/ctp.eu\/investors\/governance\/"]}]},{"@type":"BreadcrumbList","@id":"https:\/\/ctp.eu\/investors\/governance\/#breadcrumb","itemListElement":[{"@type":"ListItem","position":1,"name":"Home","item":"https:\/\/ctp.eu\/"},{"@type":"ListItem","position":2,"name":"Long-Term Investment Partnership","item":"https:\/\/ctp.eu\/investors\/"},{"@type":"ListItem","position":3,"name":"Governance"}]},{"@type":"WebSite","@id":"https:\/\/ctp.eu\/#website","url":"https:\/\/ctp.eu\/","name":"Kereskedelmi ingatlanfejleszt\u0151 \u00e9s menedzser","description":"CTP - pr\u00e9mium ipari rakt\u00e1rak \u00e9s iroda\u00e9p\u00fcletek","publisher":{"@id":"https:\/\/ctp.eu\/#organization"},"potentialAction":[{"@type":"SearchAction","target":{"@type":"EntryPoint","urlTemplate":"https:\/\/ctp.eu\/?s={search_term_string}"},"query-input":{"@type":"PropertyValueSpecification","valueRequired":true,"valueName":"search_term_string"}}],"inLanguage":"hu"},{"@type":"Organization","@id":"https:\/\/ctp.eu\/#organization","name":"CTP","url":"https:\/\/ctp.eu\/","logo":{"@type":"ImageObject","inLanguage":"hu","@id":"https:\/\/ctp.eu\/#\/schema\/logo\/image\/","url":"","contentUrl":"","caption":"CTP"},"image":{"@id":"https:\/\/ctp.eu\/#\/schema\/logo\/image\/"}}]}},"_links":{"self":[{"href":"https:\/\/ctp.eu\/hu\/wp-json\/wp\/v2\/pages\/13639","targetHints":{"allow":["GET"]}}],"collection":[{"href":"https:\/\/ctp.eu\/hu\/wp-json\/wp\/v2\/pages"}],"about":[{"href":"https:\/\/ctp.eu\/hu\/wp-json\/wp\/v2\/types\/page"}],"author":[{"embeddable":true,"href":"https:\/\/ctp.eu\/hu\/wp-json\/wp\/v2\/users\/22"}],"replies":[{"embeddable":true,"href":"https:\/\/ctp.eu\/hu\/wp-json\/wp\/v2\/comments?post=13639"}],"version-history":[{"count":74,"href":"https:\/\/ctp.eu\/hu\/wp-json\/wp\/v2\/pages\/13639\/revisions"}],"predecessor-version":[{"id":115142,"href":"https:\/\/ctp.eu\/hu\/wp-json\/wp\/v2\/pages\/13639\/revisions\/115142"}],"up":[{"embeddable":true,"href":"https:\/\/ctp.eu\/hu\/wp-json\/wp\/v2\/pages\/9830"}],"wp:attachment":[{"href":"https:\/\/ctp.eu\/hu\/wp-json\/wp\/v2\/media?parent=13639"}],"curies":[{"name":"wp","href":"https:\/\/api.w.org\/{rel}","templated":true}]}}