{"id":13,"date":"2018-03-09T09:51:52","date_gmt":"2018-03-09T09:51:52","guid":{"rendered":"https:\/\/www.ctp.eu\/?page_id=13"},"modified":"2025-10-05T22:19:57","modified_gmt":"2025-10-05T20:19:57","slug":"industrial-warehouse-office-finder","status":"publish","type":"page","link":"https:\/\/ctp.eu\/hu\/industrial-warehouse-office-finder\/","title":{"rendered":"El\u00e9rhet\u0151 hely a CTPark h\u00e1l\u00f3zatban"},"content":{"rendered":"","protected":false},"excerpt":{"rendered":"","protected":false},"author":67,"featured_media":0,"parent":0,"menu_order":0,"comment_status":"closed","ping_status":"closed","template":"templates\/property-finder-new.php","meta":{"_acf_changed":false,"footnotes":""},"class_list":["post-13","page","type-page","status-publish","hentry"],"acf":[],"yoast_head":"<title>Available Space in the CTPark Network<\/title>\n<meta name=\"description\" content=\"Find the best warehouse space in logistics parks in the CEE region. Warehouse and production space for both local and multinational corporations.\" \/>\n<meta name=\"robots\" content=\"index, follow, max-snippet:-1, max-image-preview:large, max-video-preview:-1\" \/>\n<link rel=\"canonical\" href=\"https:\/\/ctp.eu\/hu\/industrial-warehouse-office-finder\/\" \/>\n<meta property=\"og:locale\" content=\"hu_HU\" \/>\n<meta property=\"og:type\" content=\"article\" \/>\n<meta property=\"og:title\" content=\"Available Space in the CTPark Network\" \/>\n<meta property=\"og:description\" content=\"Find the best warehouse space in logistics parks in the CEE region. Warehouse and production space for both local and multinational corporations.\" \/>\n<meta property=\"og:url\" content=\"https:\/\/ctp.eu\/hu\/industrial-warehouse-office-finder\/\" \/>\n<meta property=\"og:site_name\" content=\"Commercial Real Estate Developer And Manager\" \/>\n<meta property=\"article:modified_time\" content=\"2025-10-05T20:19:57+00:00\" \/>\n<meta name=\"twitter:card\" content=\"summary_large_image\" \/>\n<script type=\"application\/ld+json\" class=\"yoast-schema-graph\">{\"@context\":\"https:\/\/schema.org\",\"@graph\":[{\"@type\":\"WebPage\",\"@id\":\"https:\/\/ctp.eu\/industrial-warehouse-office-finder\/\",\"url\":\"https:\/\/ctp.eu\/industrial-warehouse-office-finder\/\",\"name\":\"Available Space in the CTPark Network\",\"isPartOf\":{\"@id\":\"https:\/\/ctp.eu\/#website\"},\"datePublished\":\"2018-03-09T09:51:52+00:00\",\"dateModified\":\"2025-10-05T20:19:57+00:00\",\"description\":\"Find the best warehouse space in logistics parks in the CEE region. Warehouse and production space for both local and multinational corporations.\",\"breadcrumb\":{\"@id\":\"https:\/\/ctp.eu\/industrial-warehouse-office-finder\/#breadcrumb\"},\"inLanguage\":\"hu\",\"potentialAction\":[{\"@type\":\"ReadAction\",\"target\":[\"https:\/\/ctp.eu\/industrial-warehouse-office-finder\/\"]}]},{\"@type\":\"BreadcrumbList\",\"@id\":\"https:\/\/ctp.eu\/industrial-warehouse-office-finder\/#breadcrumb\",\"itemListElement\":[{\"@type\":\"ListItem\",\"position\":1,\"name\":\"Home\",\"item\":\"https:\/\/ctp.eu\/\"},{\"@type\":\"ListItem\",\"position\":2,\"name\":\"Available Space in the CTPark Network\"}]},{\"@type\":\"WebSite\",\"@id\":\"https:\/\/ctp.eu\/#website\",\"url\":\"https:\/\/ctp.eu\/\",\"name\":\"Commercial Real Estate Developer And Manager\",\"description\":\"CTP - premium industrial warehouse and office buildings\",\"publisher\":{\"@id\":\"https:\/\/ctp.eu\/#organization\"},\"potentialAction\":[{\"@type\":\"SearchAction\",\"target\":{\"@type\":\"EntryPoint\",\"urlTemplate\":\"https:\/\/ctp.eu\/?s={search_term_string}\"},\"query-input\":{\"@type\":\"PropertyValueSpecification\",\"valueRequired\":true,\"valueName\":\"search_term_string\"}}],\"inLanguage\":\"hu\"},{\"@type\":\"Organization\",\"@id\":\"https:\/\/ctp.eu\/#organization\",\"name\":\"CTP\",\"url\":\"https:\/\/ctp.eu\/\",\"logo\":{\"@type\":\"ImageObject\",\"inLanguage\":\"hu\",\"@id\":\"https:\/\/ctp.eu\/#\/schema\/logo\/image\/\",\"url\":\"\",\"contentUrl\":\"\",\"caption\":\"CTP\"},\"image\":{\"@id\":\"https:\/\/ctp.eu\/#\/schema\/logo\/image\/\"}}]}<\/script>","yoast_head_json":{"title":"El\u00e9rhet\u0151 hely a CTPark h\u00e1l\u00f3zatban","description":"Keresse meg a legjobb rakt\u00e1rhelyis\u00e9geket a k\u00f6z\u00e9p-kelet-eur\u00f3pai r\u00e9gi\u00f3 logisztikai parkjaiban. Rakt\u00e1r- \u00e9s gy\u00e1rt\u00f3terek helyi \u00e9s multinacion\u00e1lis v\u00e1llalatok sz\u00e1m\u00e1ra egyar\u00e1nt.","robots":{"index":"index","follow":"follow","max-snippet":"max-snippet:-1","max-image-preview":"max-image-preview:large","max-video-preview":"max-video-preview:-1"},"canonical":"https:\/\/ctp.eu\/hu\/industrial-warehouse-office-finder\/","og_locale":"hu_HU","og_type":"article","og_title":"Available Space in the CTPark Network","og_description":"Find the best warehouse space in logistics parks in the CEE region. Warehouse and production space for both local and multinational corporations.","og_url":"https:\/\/ctp.eu\/hu\/industrial-warehouse-office-finder\/","og_site_name":"Commercial Real Estate Developer And Manager","article_modified_time":"2025-10-05T20:19:57+00:00","twitter_card":"summary_large_image","schema":{"@context":"https:\/\/schema.org","@graph":[{"@type":"WebPage","@id":"https:\/\/ctp.eu\/industrial-warehouse-office-finder\/","url":"https:\/\/ctp.eu\/industrial-warehouse-office-finder\/","name":"El\u00e9rhet\u0151 hely a CTPark h\u00e1l\u00f3zatban","isPartOf":{"@id":"https:\/\/ctp.eu\/#website"},"datePublished":"2018-03-09T09:51:52+00:00","dateModified":"2025-10-05T20:19:57+00:00","description":"Keresse meg a legjobb rakt\u00e1rhelyis\u00e9geket a k\u00f6z\u00e9p-kelet-eur\u00f3pai r\u00e9gi\u00f3 logisztikai parkjaiban. Rakt\u00e1r- \u00e9s gy\u00e1rt\u00f3terek helyi \u00e9s multinacion\u00e1lis v\u00e1llalatok sz\u00e1m\u00e1ra egyar\u00e1nt.","breadcrumb":{"@id":"https:\/\/ctp.eu\/industrial-warehouse-office-finder\/#breadcrumb"},"inLanguage":"hu","potentialAction":[{"@type":"ReadAction","target":["https:\/\/ctp.eu\/industrial-warehouse-office-finder\/"]}]},{"@type":"BreadcrumbList","@id":"https:\/\/ctp.eu\/industrial-warehouse-office-finder\/#breadcrumb","itemListElement":[{"@type":"ListItem","position":1,"name":"Home","item":"https:\/\/ctp.eu\/"},{"@type":"ListItem","position":2,"name":"Available Space in the CTPark Network"}]},{"@type":"WebSite","@id":"https:\/\/ctp.eu\/#website","url":"https:\/\/ctp.eu\/","name":"Kereskedelmi ingatlanfejleszt\u0151 \u00e9s menedzser","description":"CTP - pr\u00e9mium ipari rakt\u00e1rak \u00e9s iroda\u00e9p\u00fcletek","publisher":{"@id":"https:\/\/ctp.eu\/#organization"},"potentialAction":[{"@type":"SearchAction","target":{"@type":"EntryPoint","urlTemplate":"https:\/\/ctp.eu\/?s={search_term_string}"},"query-input":{"@type":"PropertyValueSpecification","valueRequired":true,"valueName":"search_term_string"}}],"inLanguage":"hu"},{"@type":"Organization","@id":"https:\/\/ctp.eu\/#organization","name":"CTP","url":"https:\/\/ctp.eu\/","logo":{"@type":"ImageObject","inLanguage":"hu","@id":"https:\/\/ctp.eu\/#\/schema\/logo\/image\/","url":"","contentUrl":"","caption":"CTP"},"image":{"@id":"https:\/\/ctp.eu\/#\/schema\/logo\/image\/"}}]}},"_links":{"self":[{"href":"https:\/\/ctp.eu\/hu\/wp-json\/wp\/v2\/pages\/13","targetHints":{"allow":["GET"]}}],"collection":[{"href":"https:\/\/ctp.eu\/hu\/wp-json\/wp\/v2\/pages"}],"about":[{"href":"https:\/\/ctp.eu\/hu\/wp-json\/wp\/v2\/types\/page"}],"author":[{"embeddable":true,"href":"https:\/\/ctp.eu\/hu\/wp-json\/wp\/v2\/users\/67"}],"replies":[{"embeddable":true,"href":"https:\/\/ctp.eu\/hu\/wp-json\/wp\/v2\/comments?post=13"}],"version-history":[{"count":1,"href":"https:\/\/ctp.eu\/hu\/wp-json\/wp\/v2\/pages\/13\/revisions"}],"predecessor-version":[{"id":91990,"href":"https:\/\/ctp.eu\/hu\/wp-json\/wp\/v2\/pages\/13\/revisions\/91990"}],"wp:attachment":[{"href":"https:\/\/ctp.eu\/hu\/wp-json\/wp\/v2\/media?parent=13"}],"curies":[{"name":"wp","href":"https:\/\/api.w.org\/{rel}","templated":true}]}}