{"id":111470,"date":"2025-10-01T09:48:34","date_gmt":"2025-10-01T07:48:34","guid":{"rendered":"https:\/\/ctp.eu\/?page_id=111470"},"modified":"2025-10-24T15:29:04","modified_gmt":"2025-10-24T13:29:04","slug":"europes-not-so-quiet-brownfield-boom","status":"publish","type":"page","link":"https:\/\/ctp.eu\/hu\/europes-not-so-quiet-brownfield-boom\/","title":{"rendered":"Eur\u00f3pa (nem is annyira) csendes barnamez\u0151s fellend\u00fcl\u00e9se"},"content":{"rendered":"","protected":false},"excerpt":{"rendered":"","protected":false},"author":22,"featured_media":0,"parent":0,"menu_order":0,"comment_status":"closed","ping_status":"closed","template":"grid-article.php","meta":{"_acf_changed":false,"footnotes":""},"class_list":["post-111470","page","type-page","status-publish","hentry"],"acf":[],"yoast_head":"<title>Europe\u2019s (Not So) Quiet Brownfield Boom - Commercial Real Estate Developer And Manager<\/title>\n<meta name=\"robots\" content=\"index, follow, max-snippet:-1, max-image-preview:large, max-video-preview:-1\" \/>\n<link rel=\"canonical\" href=\"https:\/\/ctp.eu\/hu\/europes-not-so-quiet-brownfield-boom\/\" \/>\n<meta property=\"og:locale\" content=\"hu_HU\" \/>\n<meta property=\"og:type\" content=\"article\" \/>\n<meta property=\"og:title\" content=\"Europe\u2019s (Not So) Quiet Brownfield Boom\" \/>\n<meta property=\"og:url\" content=\"https:\/\/ctp.eu\/hu\/europes-not-so-quiet-brownfield-boom\/\" \/>\n<meta property=\"og:site_name\" content=\"Commercial Real Estate Developer And Manager\" \/>\n<meta property=\"article:modified_time\" content=\"2025-10-24T13:29:04+00:00\" \/>\n<meta name=\"twitter:card\" content=\"summary_large_image\" \/>\n<script type=\"application\/ld+json\" class=\"yoast-schema-graph\">{\"@context\":\"https:\/\/schema.org\",\"@graph\":[{\"@type\":\"WebPage\",\"@id\":\"https:\/\/ctp.eu\/europes-not-so-quiet-brownfield-boom\/\",\"url\":\"https:\/\/ctp.eu\/europes-not-so-quiet-brownfield-boom\/\",\"name\":\"Europe\u2019s (Not So) Quiet Brownfield Boom - Commercial Real Estate Developer And Manager\",\"isPartOf\":{\"@id\":\"https:\/\/ctp.eu\/#website\"},\"datePublished\":\"2025-10-01T07:48:34+00:00\",\"dateModified\":\"2025-10-24T13:29:04+00:00\",\"breadcrumb\":{\"@id\":\"https:\/\/ctp.eu\/europes-not-so-quiet-brownfield-boom\/#breadcrumb\"},\"inLanguage\":\"hu\",\"potentialAction\":[{\"@type\":\"ReadAction\",\"target\":[\"https:\/\/ctp.eu\/europes-not-so-quiet-brownfield-boom\/\"]}]},{\"@type\":\"BreadcrumbList\",\"@id\":\"https:\/\/ctp.eu\/europes-not-so-quiet-brownfield-boom\/#breadcrumb\",\"itemListElement\":[{\"@type\":\"ListItem\",\"position\":1,\"name\":\"Home\",\"item\":\"https:\/\/ctp.eu\/\"},{\"@type\":\"ListItem\",\"position\":2,\"name\":\"Europe\u2019s (Not So) Quiet Brownfield Boom\"}]},{\"@type\":\"WebSite\",\"@id\":\"https:\/\/ctp.eu\/#website\",\"url\":\"https:\/\/ctp.eu\/\",\"name\":\"Commercial Real Estate Developer And Manager\",\"description\":\"CTP - premium industrial warehouse and office buildings\",\"publisher\":{\"@id\":\"https:\/\/ctp.eu\/#organization\"},\"potentialAction\":[{\"@type\":\"SearchAction\",\"target\":{\"@type\":\"EntryPoint\",\"urlTemplate\":\"https:\/\/ctp.eu\/?s={search_term_string}\"},\"query-input\":{\"@type\":\"PropertyValueSpecification\",\"valueRequired\":true,\"valueName\":\"search_term_string\"}}],\"inLanguage\":\"hu\"},{\"@type\":\"Organization\",\"@id\":\"https:\/\/ctp.eu\/#organization\",\"name\":\"CTP\",\"url\":\"https:\/\/ctp.eu\/\",\"logo\":{\"@type\":\"ImageObject\",\"inLanguage\":\"hu\",\"@id\":\"https:\/\/ctp.eu\/#\/schema\/logo\/image\/\",\"url\":\"\",\"contentUrl\":\"\",\"caption\":\"CTP\"},\"image\":{\"@id\":\"https:\/\/ctp.eu\/#\/schema\/logo\/image\/\"}}]}<\/script>","yoast_head_json":{"title":"Eur\u00f3pa (nem is annyira) csendes barnamez\u0151s fellend\u00fcl\u00e9se - Kereskedelmi ingatlanfejleszt\u0151 \u00e9s -kezel\u0151","robots":{"index":"index","follow":"follow","max-snippet":"max-snippet:-1","max-image-preview":"max-image-preview:large","max-video-preview":"max-video-preview:-1"},"canonical":"https:\/\/ctp.eu\/hu\/europes-not-so-quiet-brownfield-boom\/","og_locale":"hu_HU","og_type":"article","og_title":"Europe\u2019s (Not So) Quiet Brownfield Boom","og_url":"https:\/\/ctp.eu\/hu\/europes-not-so-quiet-brownfield-boom\/","og_site_name":"Commercial Real Estate Developer And Manager","article_modified_time":"2025-10-24T13:29:04+00:00","twitter_card":"summary_large_image","schema":{"@context":"https:\/\/schema.org","@graph":[{"@type":"WebPage","@id":"https:\/\/ctp.eu\/europes-not-so-quiet-brownfield-boom\/","url":"https:\/\/ctp.eu\/europes-not-so-quiet-brownfield-boom\/","name":"Eur\u00f3pa (nem is annyira) csendes barnamez\u0151s fellend\u00fcl\u00e9se - Kereskedelmi ingatlanfejleszt\u0151 \u00e9s -kezel\u0151","isPartOf":{"@id":"https:\/\/ctp.eu\/#website"},"datePublished":"2025-10-01T07:48:34+00:00","dateModified":"2025-10-24T13:29:04+00:00","breadcrumb":{"@id":"https:\/\/ctp.eu\/europes-not-so-quiet-brownfield-boom\/#breadcrumb"},"inLanguage":"hu","potentialAction":[{"@type":"ReadAction","target":["https:\/\/ctp.eu\/europes-not-so-quiet-brownfield-boom\/"]}]},{"@type":"BreadcrumbList","@id":"https:\/\/ctp.eu\/europes-not-so-quiet-brownfield-boom\/#breadcrumb","itemListElement":[{"@type":"ListItem","position":1,"name":"Home","item":"https:\/\/ctp.eu\/"},{"@type":"ListItem","position":2,"name":"Europe\u2019s (Not So) Quiet Brownfield Boom"}]},{"@type":"WebSite","@id":"https:\/\/ctp.eu\/#website","url":"https:\/\/ctp.eu\/","name":"Kereskedelmi ingatlanfejleszt\u0151 \u00e9s menedzser","description":"CTP - pr\u00e9mium ipari rakt\u00e1rak \u00e9s iroda\u00e9p\u00fcletek","publisher":{"@id":"https:\/\/ctp.eu\/#organization"},"potentialAction":[{"@type":"SearchAction","target":{"@type":"EntryPoint","urlTemplate":"https:\/\/ctp.eu\/?s={search_term_string}"},"query-input":{"@type":"PropertyValueSpecification","valueRequired":true,"valueName":"search_term_string"}}],"inLanguage":"hu"},{"@type":"Organization","@id":"https:\/\/ctp.eu\/#organization","name":"CTP","url":"https:\/\/ctp.eu\/","logo":{"@type":"ImageObject","inLanguage":"hu","@id":"https:\/\/ctp.eu\/#\/schema\/logo\/image\/","url":"","contentUrl":"","caption":"CTP"},"image":{"@id":"https:\/\/ctp.eu\/#\/schema\/logo\/image\/"}}]}},"_links":{"self":[{"href":"https:\/\/ctp.eu\/hu\/wp-json\/wp\/v2\/pages\/111470","targetHints":{"allow":["GET"]}}],"collection":[{"href":"https:\/\/ctp.eu\/hu\/wp-json\/wp\/v2\/pages"}],"about":[{"href":"https:\/\/ctp.eu\/hu\/wp-json\/wp\/v2\/types\/page"}],"author":[{"embeddable":true,"href":"https:\/\/ctp.eu\/hu\/wp-json\/wp\/v2\/users\/22"}],"replies":[{"embeddable":true,"href":"https:\/\/ctp.eu\/hu\/wp-json\/wp\/v2\/comments?post=111470"}],"version-history":[{"count":29,"href":"https:\/\/ctp.eu\/hu\/wp-json\/wp\/v2\/pages\/111470\/revisions"}],"predecessor-version":[{"id":112375,"href":"https:\/\/ctp.eu\/hu\/wp-json\/wp\/v2\/pages\/111470\/revisions\/112375"}],"wp:attachment":[{"href":"https:\/\/ctp.eu\/hu\/wp-json\/wp\/v2\/media?parent=111470"}],"curies":[{"name":"wp","href":"https:\/\/api.w.org\/{rel}","templated":true}]}}