{"id":107632,"date":"2025-05-08T13:53:26","date_gmt":"2025-05-08T11:53:26","guid":{"rendered":"https:\/\/ctp.eu\/?page_id=107632"},"modified":"2025-10-01T15:09:32","modified_gmt":"2025-10-01T13:09:32","slug":"ctp-capital-markets-day-and-asset-tour-2025","status":"publish","type":"page","link":"https:\/\/ctp.eu\/hu\/investors\/ctp-capital-markets-day-and-asset-tour-2025\/","title":{"rendered":"CTP T\u0151kepiaci Nap \u00e9s Eszk\u00f6zbemutat\u00f3 2025"},"content":{"rendered":"<p><img loading=\"lazy\" decoding=\"async\" class=\"alignnone size-medium wp-image-110647\" src=\"https:\/\/ctp.eu\/wp-content\/uploads\/2025\/08\/CMD-2025-web-banner-s-500x188.jpg\" alt=\"\" width=\"500\" height=\"188\" srcset=\"https:\/\/ctp.eu\/wp-content\/uploads\/2025\/08\/CMD-2025-web-banner-s-500x188.jpg 500w, https:\/\/ctp.eu\/wp-content\/uploads\/2025\/08\/CMD-2025-web-banner-s-1024x384.jpg 1024w, https:\/\/ctp.eu\/wp-content\/uploads\/2025\/08\/CMD-2025-web-banner-s-768x288.jpg 768w, https:\/\/ctp.eu\/wp-content\/uploads\/2025\/08\/CMD-2025-web-banner-s-1536x576.jpg 1536w, https:\/\/ctp.eu\/wp-content\/uploads\/2025\/08\/CMD-2025-web-banner-s-2048x768.jpg 2048w, https:\/\/ctp.eu\/wp-content\/uploads\/2025\/08\/CMD-2025-web-banner-s-18x7.jpg 18w, https:\/\/ctp.eu\/wp-content\/uploads\/2025\/08\/CMD-2025-web-banner-s-1800x675.jpg 1800w, https:\/\/ctp.eu\/wp-content\/uploads\/2025\/08\/CMD-2025-web-banner-s-1900x713.jpg 1900w\" sizes=\"auto, (max-width: 500px) 100vw, 500px\" \/><\/p>","protected":false},"excerpt":{"rendered":"","protected":false},"author":22,"featured_media":110647,"parent":9830,"menu_order":0,"comment_status":"closed","ping_status":"closed","template":"templates\/investors-sub-page.php","meta":{"_acf_changed":false,"footnotes":""},"class_list":["post-107632","page","type-page","status-publish","has-post-thumbnail","hentry"],"acf":[],"yoast_head":"<title>CTP Capital Markets Day and Asset Tour 2025 - Commercial Real Estate Developer And Manager<\/title>\n<meta name=\"robots\" content=\"index, follow, max-snippet:-1, max-image-preview:large, max-video-preview:-1\" \/>\n<link rel=\"canonical\" href=\"https:\/\/ctp.eu\/hu\/investors\/ctp-capital-markets-day-and-asset-tour-2025\/\" \/>\n<meta property=\"og:locale\" content=\"hu_HU\" \/>\n<meta property=\"og:type\" content=\"article\" \/>\n<meta property=\"og:title\" content=\"CTP Capital Markets Day and Asset Tour 2025\" \/>\n<meta property=\"og:url\" content=\"https:\/\/ctp.eu\/hu\/investors\/ctp-capital-markets-day-and-asset-tour-2025\/\" \/>\n<meta property=\"og:site_name\" content=\"Commercial Real Estate Developer And Manager\" \/>\n<meta property=\"article:modified_time\" content=\"2025-10-01T13:09:32+00:00\" \/>\n<meta property=\"og:image\" content=\"https:\/\/ctp.eu\/wp-content\/uploads\/2025\/08\/CMD-2025-web-banner-s.jpg\" \/>\n\t<meta property=\"og:image:width\" content=\"2400\" \/>\n\t<meta property=\"og:image:height\" content=\"900\" \/>\n\t<meta property=\"og:image:type\" content=\"image\/jpeg\" \/>\n<meta name=\"twitter:card\" content=\"summary_large_image\" \/>\n<meta name=\"twitter:label1\" content=\"Becs\u00fclt olvas\u00e1si id\u0151\" \/>\n\t<meta name=\"twitter:data1\" content=\"1 perc\" \/>\n<script type=\"application\/ld+json\" class=\"yoast-schema-graph\">{\"@context\":\"https:\\\/\\\/schema.org\",\"@graph\":[{\"@type\":\"WebPage\",\"@id\":\"https:\\\/\\\/ctp.eu\\\/investors\\\/ctp-capital-markets-day-and-asset-tour-2025\\\/\",\"url\":\"https:\\\/\\\/ctp.eu\\\/investors\\\/ctp-capital-markets-day-and-asset-tour-2025\\\/\",\"name\":\"CTP Capital Markets Day and Asset Tour 2025 - Commercial Real Estate Developer And Manager\",\"isPartOf\":{\"@id\":\"https:\\\/\\\/ctp.eu\\\/#website\"},\"primaryImageOfPage\":{\"@id\":\"https:\\\/\\\/ctp.eu\\\/investors\\\/ctp-capital-markets-day-and-asset-tour-2025\\\/#primaryimage\"},\"image\":{\"@id\":\"https:\\\/\\\/ctp.eu\\\/investors\\\/ctp-capital-markets-day-and-asset-tour-2025\\\/#primaryimage\"},\"thumbnailUrl\":\"https:\\\/\\\/ctp.eu\\\/wp-content\\\/uploads\\\/2025\\\/08\\\/CMD-2025-web-banner-s.jpg\",\"datePublished\":\"2025-05-08T11:53:26+00:00\",\"dateModified\":\"2025-10-01T13:09:32+00:00\",\"breadcrumb\":{\"@id\":\"https:\\\/\\\/ctp.eu\\\/investors\\\/ctp-capital-markets-day-and-asset-tour-2025\\\/#breadcrumb\"},\"inLanguage\":\"hu\",\"potentialAction\":[{\"@type\":\"ReadAction\",\"target\":[\"https:\\\/\\\/ctp.eu\\\/investors\\\/ctp-capital-markets-day-and-asset-tour-2025\\\/\"]}]},{\"@type\":\"ImageObject\",\"inLanguage\":\"hu\",\"@id\":\"https:\\\/\\\/ctp.eu\\\/investors\\\/ctp-capital-markets-day-and-asset-tour-2025\\\/#primaryimage\",\"url\":\"https:\\\/\\\/ctp.eu\\\/wp-content\\\/uploads\\\/2025\\\/08\\\/CMD-2025-web-banner-s.jpg\",\"contentUrl\":\"https:\\\/\\\/ctp.eu\\\/wp-content\\\/uploads\\\/2025\\\/08\\\/CMD-2025-web-banner-s.jpg\",\"width\":2400,\"height\":900},{\"@type\":\"BreadcrumbList\",\"@id\":\"https:\\\/\\\/ctp.eu\\\/investors\\\/ctp-capital-markets-day-and-asset-tour-2025\\\/#breadcrumb\",\"itemListElement\":[{\"@type\":\"ListItem\",\"position\":1,\"name\":\"Home\",\"item\":\"https:\\\/\\\/ctp.eu\\\/\"},{\"@type\":\"ListItem\",\"position\":2,\"name\":\"Long-Term Investment Partnership\",\"item\":\"https:\\\/\\\/ctp.eu\\\/investors\\\/\"},{\"@type\":\"ListItem\",\"position\":3,\"name\":\"CTP Capital Markets Day and Asset Tour 2025\"}]},{\"@type\":\"WebSite\",\"@id\":\"https:\\\/\\\/ctp.eu\\\/#website\",\"url\":\"https:\\\/\\\/ctp.eu\\\/\",\"name\":\"Commercial Real Estate Developer And Manager\",\"description\":\"CTP - premium industrial warehouse and office buildings\",\"publisher\":{\"@id\":\"https:\\\/\\\/ctp.eu\\\/#organization\"},\"potentialAction\":[{\"@type\":\"SearchAction\",\"target\":{\"@type\":\"EntryPoint\",\"urlTemplate\":\"https:\\\/\\\/ctp.eu\\\/?s={search_term_string}\"},\"query-input\":{\"@type\":\"PropertyValueSpecification\",\"valueRequired\":true,\"valueName\":\"search_term_string\"}}],\"inLanguage\":\"hu\"},{\"@type\":\"Organization\",\"@id\":\"https:\\\/\\\/ctp.eu\\\/#organization\",\"name\":\"CTP\",\"url\":\"https:\\\/\\\/ctp.eu\\\/\",\"logo\":{\"@type\":\"ImageObject\",\"inLanguage\":\"hu\",\"@id\":\"https:\\\/\\\/ctp.eu\\\/#\\\/schema\\\/logo\\\/image\\\/\",\"url\":\"\",\"contentUrl\":\"\",\"caption\":\"CTP\"},\"image\":{\"@id\":\"https:\\\/\\\/ctp.eu\\\/#\\\/schema\\\/logo\\\/image\\\/\"}}]}<\/script>","yoast_head_json":{"title":"CTP T\u0151kepiaci Nap \u00e9s Eszk\u00f6zbemutat\u00f3 2025 - Kereskedelmi Ingatlanfejleszt\u0151 \u00e9s -kezel\u0151","robots":{"index":"index","follow":"follow","max-snippet":"max-snippet:-1","max-image-preview":"max-image-preview:large","max-video-preview":"max-video-preview:-1"},"canonical":"https:\/\/ctp.eu\/hu\/investors\/ctp-capital-markets-day-and-asset-tour-2025\/","og_locale":"hu_HU","og_type":"article","og_title":"CTP Capital Markets Day and Asset Tour 2025","og_url":"https:\/\/ctp.eu\/hu\/investors\/ctp-capital-markets-day-and-asset-tour-2025\/","og_site_name":"Commercial Real Estate Developer And Manager","article_modified_time":"2025-10-01T13:09:32+00:00","og_image":[{"width":2400,"height":900,"url":"https:\/\/ctp.eu\/wp-content\/uploads\/2025\/08\/CMD-2025-web-banner-s.jpg","type":"image\/jpeg"}],"twitter_card":"summary_large_image","twitter_misc":{"Becs\u00fclt olvas\u00e1si id\u0151":"1 perc"},"schema":{"@context":"https:\/\/schema.org","@graph":[{"@type":"WebPage","@id":"https:\/\/ctp.eu\/investors\/ctp-capital-markets-day-and-asset-tour-2025\/","url":"https:\/\/ctp.eu\/investors\/ctp-capital-markets-day-and-asset-tour-2025\/","name":"CTP T\u0151kepiaci Nap \u00e9s Eszk\u00f6zbemutat\u00f3 2025 - Kereskedelmi Ingatlanfejleszt\u0151 \u00e9s -kezel\u0151","isPartOf":{"@id":"https:\/\/ctp.eu\/#website"},"primaryImageOfPage":{"@id":"https:\/\/ctp.eu\/investors\/ctp-capital-markets-day-and-asset-tour-2025\/#primaryimage"},"image":{"@id":"https:\/\/ctp.eu\/investors\/ctp-capital-markets-day-and-asset-tour-2025\/#primaryimage"},"thumbnailUrl":"https:\/\/ctp.eu\/wp-content\/uploads\/2025\/08\/CMD-2025-web-banner-s.jpg","datePublished":"2025-05-08T11:53:26+00:00","dateModified":"2025-10-01T13:09:32+00:00","breadcrumb":{"@id":"https:\/\/ctp.eu\/investors\/ctp-capital-markets-day-and-asset-tour-2025\/#breadcrumb"},"inLanguage":"hu","potentialAction":[{"@type":"ReadAction","target":["https:\/\/ctp.eu\/investors\/ctp-capital-markets-day-and-asset-tour-2025\/"]}]},{"@type":"ImageObject","inLanguage":"hu","@id":"https:\/\/ctp.eu\/investors\/ctp-capital-markets-day-and-asset-tour-2025\/#primaryimage","url":"https:\/\/ctp.eu\/wp-content\/uploads\/2025\/08\/CMD-2025-web-banner-s.jpg","contentUrl":"https:\/\/ctp.eu\/wp-content\/uploads\/2025\/08\/CMD-2025-web-banner-s.jpg","width":2400,"height":900},{"@type":"BreadcrumbList","@id":"https:\/\/ctp.eu\/investors\/ctp-capital-markets-day-and-asset-tour-2025\/#breadcrumb","itemListElement":[{"@type":"ListItem","position":1,"name":"Home","item":"https:\/\/ctp.eu\/"},{"@type":"ListItem","position":2,"name":"Long-Term Investment Partnership","item":"https:\/\/ctp.eu\/investors\/"},{"@type":"ListItem","position":3,"name":"CTP Capital Markets Day and Asset Tour 2025"}]},{"@type":"WebSite","@id":"https:\/\/ctp.eu\/#website","url":"https:\/\/ctp.eu\/","name":"Kereskedelmi ingatlanfejleszt\u0151 \u00e9s menedzser","description":"CTP - pr\u00e9mium ipari rakt\u00e1rak \u00e9s iroda\u00e9p\u00fcletek","publisher":{"@id":"https:\/\/ctp.eu\/#organization"},"potentialAction":[{"@type":"SearchAction","target":{"@type":"EntryPoint","urlTemplate":"https:\/\/ctp.eu\/?s={search_term_string}"},"query-input":{"@type":"PropertyValueSpecification","valueRequired":true,"valueName":"search_term_string"}}],"inLanguage":"hu"},{"@type":"Organization","@id":"https:\/\/ctp.eu\/#organization","name":"CTP","url":"https:\/\/ctp.eu\/","logo":{"@type":"ImageObject","inLanguage":"hu","@id":"https:\/\/ctp.eu\/#\/schema\/logo\/image\/","url":"","contentUrl":"","caption":"CTP"},"image":{"@id":"https:\/\/ctp.eu\/#\/schema\/logo\/image\/"}}]}},"_links":{"self":[{"href":"https:\/\/ctp.eu\/hu\/wp-json\/wp\/v2\/pages\/107632","targetHints":{"allow":["GET"]}}],"collection":[{"href":"https:\/\/ctp.eu\/hu\/wp-json\/wp\/v2\/pages"}],"about":[{"href":"https:\/\/ctp.eu\/hu\/wp-json\/wp\/v2\/types\/page"}],"author":[{"embeddable":true,"href":"https:\/\/ctp.eu\/hu\/wp-json\/wp\/v2\/users\/22"}],"replies":[{"embeddable":true,"href":"https:\/\/ctp.eu\/hu\/wp-json\/wp\/v2\/comments?post=107632"}],"version-history":[{"count":20,"href":"https:\/\/ctp.eu\/hu\/wp-json\/wp\/v2\/pages\/107632\/revisions"}],"predecessor-version":[{"id":111584,"href":"https:\/\/ctp.eu\/hu\/wp-json\/wp\/v2\/pages\/107632\/revisions\/111584"}],"up":[{"embeddable":true,"href":"https:\/\/ctp.eu\/hu\/wp-json\/wp\/v2\/pages\/9830"}],"wp:featuredmedia":[{"embeddable":true,"href":"https:\/\/ctp.eu\/hu\/wp-json\/wp\/v2\/media\/110647"}],"wp:attachment":[{"href":"https:\/\/ctp.eu\/hu\/wp-json\/wp\/v2\/media?parent=107632"}],"curies":[{"name":"wp","href":"https:\/\/api.w.org\/{rel}","templated":true}]}}