{"id":75085,"date":"2023-04-14T17:01:45","date_gmt":"2023-04-14T15:01:45","guid":{"rendered":"https:\/\/www.ctp.eu\/?page_id=75085"},"modified":"2023-05-03T15:27:08","modified_gmt":"2023-05-03T13:27:08","slug":"lets-connect-at-transport-logistics","status":"publish","type":"page","link":"https:\/\/ctp.eu\/de\/company\/events\/lets-connect-at-transport-logistics\/","title":{"rendered":"Verbinden Sie sich mit uns<br> <span>unter<\/span> Transport und Logistik"},"content":{"rendered":"<p>&nbsp;<\/p>\n<p>Die Transport Logistic ist die weltweit f\u00fchrende Fachmesse f\u00fcr Logistik, Mobilit\u00e4t, IT und Supply Chain Management. Sie findet alle zwei Jahre in M\u00fcnchen statt und zieht \u00fcber 2.000 Aussteller aus mehr als 60 L\u00e4ndern sowie mehr als 60.000 Besucher aus der ganzen Welt an.<\/p>\n<p>&nbsp;<\/p>\n<p>Die Messe ist eine Plattform f\u00fcr die neuesten Innovationen, Technologien und Trends im Bereich Logistik und Lieferkettenmanagement. Sie deckt ein breites Spektrum an Themen ab, darunter Transportdienstleistungen, Logistikl\u00f6sungen, Logistik-IT, E-Commerce und Luftfracht. Die Besucher k\u00f6nnen sich die neuesten Produkte und Dienstleistungen ansehen, an Fachvortr\u00e4gen und Podiumsdiskussionen teilnehmen und sich mit Branchenexperten aus der ganzen Welt austauschen.<\/p>\n<p>&nbsp;<\/p>\n<p>Die Messe bietet ein breit gef\u00e4chertes Angebot an Exponaten, von Transport- und Logistikausr\u00fcstung bis hin zu Lieferkettenmanagement und IT-L\u00f6sungen. Sie ist eine hervorragende Gelegenheit f\u00fcr Unternehmen, ihre Produkte und Dienstleistungen zu pr\u00e4sentieren, Kunden und Partner zu treffen und Einblicke in die neuesten Trends und Entwicklungen der Branche zu gewinnen.<\/p>\n<p>&nbsp;<\/p>\n<p>Insgesamt ist die Transport Logistic eine Pflichtveranstaltung f\u00fcr Logistikfachleute, Verlader und Supply Chain Manager, die \u00fcber die neuesten Entwicklungen in der Branche auf dem Laufenden bleiben und sich mit Branchenf\u00fchrern aus aller Welt vernetzen wollen.<\/p>\n<p>&nbsp;<\/p>\n<p>Wir freuen uns, dieses Jahr wieder dabei zu sein und hoffen, Sie dort zu sehen! Unser Team besteht aus f\u00fchrenden Vertretern von CEE und Deutschland. Kommen Sie an unserem Stand vorbei, um mit unserem Parkmakers-Team in Kontakt zu treten und zu sehen, wie wir Ihr Logistikunternehmen fast \u00fcberall in Europa unterst\u00fctzen k\u00f6nnen.<\/p>","protected":false},"excerpt":{"rendered":"<p>&nbsp; Jedes Jahr findet die Transport Logistic statt \u2013 die Weltleitmesse f\u00fcr Logistik, Mobilit\u00e4t, IT und Supply Chain Management. Es findet jeden statt<\/p>","protected":false},"author":22,"featured_media":0,"parent":198,"menu_order":0,"comment_status":"closed","ping_status":"closed","template":"investors-sub-page.php","meta":{"_acf_changed":false,"footnotes":""},"class_list":["post-75085","page","type-page","status-publish","hentry"],"acf":[],"yoast_head":"<title>Connect with us at Transport Logistic - Commercial Real Estate Developer And Manager<\/title>\n<meta name=\"robots\" content=\"index, follow, max-snippet:-1, max-image-preview:large, max-video-preview:-1\" \/>\n<link rel=\"canonical\" href=\"https:\/\/ctp.eu\/de\/company\/events\/lets-connect-at-transport-logistics\/\" \/>\n<meta property=\"og:locale\" content=\"de_DE\" \/>\n<meta property=\"og:type\" content=\"article\" \/>\n<meta property=\"og:title\" content=\"Connect with us at Transport Logistic\" \/>\n<meta property=\"og:description\" content=\"&nbsp; Every year, Transport Logistic\u2014the world&#8217;s leading trade fair for logistics, mobility, IT and supply chain management.\u00a0It takes place every\" \/>\n<meta property=\"og:url\" content=\"https:\/\/ctp.eu\/de\/company\/events\/lets-connect-at-transport-logistics\/\" \/>\n<meta property=\"og:site_name\" content=\"Commercial Real Estate Developer And Manager\" \/>\n<meta property=\"article:modified_time\" content=\"2023-05-03T13:27:08+00:00\" \/>\n<meta property=\"og:image\" content=\"https:\/\/ctp.eu\/wp-content\/uploads\/2023\/02\/web-MIPIM-23-social.jpg\" \/>\n\t<meta property=\"og:image:width\" content=\"1444\" \/>\n\t<meta property=\"og:image:height\" content=\"756\" \/>\n\t<meta property=\"og:image:type\" content=\"image\/jpeg\" \/>\n<meta name=\"twitter:card\" content=\"summary_large_image\" \/>\n<meta name=\"twitter:label1\" content=\"Gesch\u00e4tzte Lesezeit\" \/>\n\t<meta name=\"twitter:data1\" content=\"2\u00a0Minuten\" \/>\n<script type=\"application\/ld+json\" class=\"yoast-schema-graph\">{\"@context\":\"https:\/\/schema.org\",\"@graph\":[{\"@type\":\"WebPage\",\"@id\":\"https:\/\/ctp.eu\/company\/events\/lets-connect-at-transport-logistics\/\",\"url\":\"https:\/\/ctp.eu\/company\/events\/lets-connect-at-transport-logistics\/\",\"name\":\"Connect with us at Transport Logistic - Commercial Real Estate Developer And Manager\",\"isPartOf\":{\"@id\":\"https:\/\/ctp.eu\/#website\"},\"datePublished\":\"2023-04-14T15:01:45+00:00\",\"dateModified\":\"2023-05-03T13:27:08+00:00\",\"breadcrumb\":{\"@id\":\"https:\/\/ctp.eu\/company\/events\/lets-connect-at-transport-logistics\/#breadcrumb\"},\"inLanguage\":\"de\",\"potentialAction\":[{\"@type\":\"ReadAction\",\"target\":[\"https:\/\/ctp.eu\/company\/events\/lets-connect-at-transport-logistics\/\"]}]},{\"@type\":\"BreadcrumbList\",\"@id\":\"https:\/\/ctp.eu\/company\/events\/lets-connect-at-transport-logistics\/#breadcrumb\",\"itemListElement\":[{\"@type\":\"ListItem\",\"position\":1,\"name\":\"Home\",\"item\":\"https:\/\/ctp.eu\/\"},{\"@type\":\"ListItem\",\"position\":2,\"name\":\"Company\",\"item\":\"https:\/\/ctp.eu\/?page_id=62\"},{\"@type\":\"ListItem\",\"position\":3,\"name\":\"Events and Happenings\",\"item\":\"https:\/\/ctp.eu\/company\/events\/\"},{\"@type\":\"ListItem\",\"position\":4,\"name\":\"Connect with us at Transport Logistic\"}]},{\"@type\":\"WebSite\",\"@id\":\"https:\/\/ctp.eu\/#website\",\"url\":\"https:\/\/ctp.eu\/\",\"name\":\"Commercial Real Estate Developer And Manager\",\"description\":\"CTP - premium industrial warehouse and office buildings\",\"publisher\":{\"@id\":\"https:\/\/ctp.eu\/#organization\"},\"potentialAction\":[{\"@type\":\"SearchAction\",\"target\":{\"@type\":\"EntryPoint\",\"urlTemplate\":\"https:\/\/ctp.eu\/?s={search_term_string}\"},\"query-input\":{\"@type\":\"PropertyValueSpecification\",\"valueRequired\":true,\"valueName\":\"search_term_string\"}}],\"inLanguage\":\"de\"},{\"@type\":\"Organization\",\"@id\":\"https:\/\/ctp.eu\/#organization\",\"name\":\"CTP\",\"url\":\"https:\/\/ctp.eu\/\",\"logo\":{\"@type\":\"ImageObject\",\"inLanguage\":\"de\",\"@id\":\"https:\/\/ctp.eu\/#\/schema\/logo\/image\/\",\"url\":\"\",\"contentUrl\":\"\",\"caption\":\"CTP\"},\"image\":{\"@id\":\"https:\/\/ctp.eu\/#\/schema\/logo\/image\/\"}}]}<\/script>","yoast_head_json":{"title":"Kontaktieren Sie uns bei Transport Logistic \u2013 Entwickler und Manager von Gewerbeimmobilien","robots":{"index":"index","follow":"follow","max-snippet":"max-snippet:-1","max-image-preview":"max-image-preview:large","max-video-preview":"max-video-preview:-1"},"canonical":"https:\/\/ctp.eu\/de\/company\/events\/lets-connect-at-transport-logistics\/","og_locale":"de_DE","og_type":"article","og_title":"Connect with us at Transport Logistic","og_description":"&nbsp; Every year, Transport Logistic\u2014the world&#8217;s leading trade fair for logistics, mobility, IT and supply chain management.\u00a0It takes place every","og_url":"https:\/\/ctp.eu\/de\/company\/events\/lets-connect-at-transport-logistics\/","og_site_name":"Commercial Real Estate Developer And Manager","article_modified_time":"2023-05-03T13:27:08+00:00","og_image":[{"width":1444,"height":756,"url":"https:\/\/ctp.eu\/wp-content\/uploads\/2023\/02\/web-MIPIM-23-social.jpg","type":"image\/jpeg"}],"twitter_card":"summary_large_image","twitter_misc":{"Gesch\u00e4tzte Lesezeit":"2\u00a0Minuten"},"schema":{"@context":"https:\/\/schema.org","@graph":[{"@type":"WebPage","@id":"https:\/\/ctp.eu\/company\/events\/lets-connect-at-transport-logistics\/","url":"https:\/\/ctp.eu\/company\/events\/lets-connect-at-transport-logistics\/","name":"Kontaktieren Sie uns bei Transport Logistic \u2013 Entwickler und Manager von Gewerbeimmobilien","isPartOf":{"@id":"https:\/\/ctp.eu\/#website"},"datePublished":"2023-04-14T15:01:45+00:00","dateModified":"2023-05-03T13:27:08+00:00","breadcrumb":{"@id":"https:\/\/ctp.eu\/company\/events\/lets-connect-at-transport-logistics\/#breadcrumb"},"inLanguage":"de","potentialAction":[{"@type":"ReadAction","target":["https:\/\/ctp.eu\/company\/events\/lets-connect-at-transport-logistics\/"]}]},{"@type":"BreadcrumbList","@id":"https:\/\/ctp.eu\/company\/events\/lets-connect-at-transport-logistics\/#breadcrumb","itemListElement":[{"@type":"ListItem","position":1,"name":"Home","item":"https:\/\/ctp.eu\/"},{"@type":"ListItem","position":2,"name":"Company","item":"https:\/\/ctp.eu\/?page_id=62"},{"@type":"ListItem","position":3,"name":"Events and Happenings","item":"https:\/\/ctp.eu\/company\/events\/"},{"@type":"ListItem","position":4,"name":"Connect with us at Transport Logistic"}]},{"@type":"WebSite","@id":"https:\/\/ctp.eu\/#website","url":"https:\/\/ctp.eu\/","name":"Entwickler und Manager von Gewerbeimmobilien","description":"CTP - hochwertige industrielle Lager- und B\u00fcrogeb\u00e4ude","publisher":{"@id":"https:\/\/ctp.eu\/#organization"},"potentialAction":[{"@type":"SearchAction","target":{"@type":"EntryPoint","urlTemplate":"https:\/\/ctp.eu\/?s={search_term_string}"},"query-input":{"@type":"PropertyValueSpecification","valueRequired":true,"valueName":"search_term_string"}}],"inLanguage":"de"},{"@type":"Organization","@id":"https:\/\/ctp.eu\/#organization","name":"CTP","url":"https:\/\/ctp.eu\/","logo":{"@type":"ImageObject","inLanguage":"de","@id":"https:\/\/ctp.eu\/#\/schema\/logo\/image\/","url":"","contentUrl":"","caption":"CTP"},"image":{"@id":"https:\/\/ctp.eu\/#\/schema\/logo\/image\/"}}]}},"_links":{"self":[{"href":"https:\/\/ctp.eu\/de\/wp-json\/wp\/v2\/pages\/75085","targetHints":{"allow":["GET"]}}],"collection":[{"href":"https:\/\/ctp.eu\/de\/wp-json\/wp\/v2\/pages"}],"about":[{"href":"https:\/\/ctp.eu\/de\/wp-json\/wp\/v2\/types\/page"}],"author":[{"embeddable":true,"href":"https:\/\/ctp.eu\/de\/wp-json\/wp\/v2\/users\/22"}],"replies":[{"embeddable":true,"href":"https:\/\/ctp.eu\/de\/wp-json\/wp\/v2\/comments?post=75085"}],"version-history":[{"count":0,"href":"https:\/\/ctp.eu\/de\/wp-json\/wp\/v2\/pages\/75085\/revisions"}],"up":[{"embeddable":true,"href":"https:\/\/ctp.eu\/de\/wp-json\/wp\/v2\/pages\/198"}],"wp:attachment":[{"href":"https:\/\/ctp.eu\/de\/wp-json\/wp\/v2\/media?parent=75085"}],"curies":[{"name":"wp","href":"https:\/\/api.w.org\/{rel}","templated":true}]}}