{"id":73491,"date":"2023-03-16T18:24:58","date_gmt":"2023-03-16T16:24:58","guid":{"rendered":"https:\/\/www.ctp.eu\/?page_id=73491"},"modified":"2026-04-14T14:13:32","modified_gmt":"2026-04-14T12:13:32","slug":"how-to-report-a-concern","status":"publish","type":"page","link":"https:\/\/ctp.eu\/de\/ctp-policies\/how-to-report-a-concern\/","title":{"rendered":"Wie man ein Problem meldet"},"content":{"rendered":"<div class=\"policy\">\n<p>CTP ist bestrebt, seine Gesch\u00e4fte nach ethischen Grunds\u00e4tzen und in \u00dcbereinstimmung mit den einschl\u00e4gigen Vorschriften zu f\u00fchren.<\/p>\n<p>Als Teil dieser Bem\u00fchungen unterh\u00e4lt CTP einen vertraulichen, anonymen Whistleblowing-Kanal. \u00dcber diesen Kanal k\u00f6nnen CTP-F\u00fchrungskr\u00e4fte, CTP-Mitarbeiter und Dritte Beschwerden oder Bedenken bez\u00fcglich der Nichteinhaltung unserer <a href=\"https:\/\/ctp.eu\/de\/investors\/governance\/\">Verhaltenskodex der Fraktion<\/a>und ethischen Standards, um betr\u00fcgerisches Verhalten zu melden oder sich in Compliance-Fragen beraten zu lassen.<\/p>\n<p>Der Whistleblowing-Kanal ist anonym. Die Angabe Ihres Namens und Ihrer Kontaktdaten wird jedoch dazu beitragen, gegebenenfalls weitere Details zu erhalten und die Untersuchung zu verbessern. CTP verpflichtet sich, die Hinweisgeber, die in gutem Glauben Meldungen machen, vor Vergeltungsma\u00dfnahmen zu sch\u00fctzen. Alle Whistleblower werden mit Respekt, W\u00fcrde und Vertraulichkeit behandelt.<\/p>\n<p>Alle Anliegen, die \u00fcber diesen Kanal vorgebracht werden, werden fair, ordnungsgem\u00e4\u00df und ohne unangemessene Verz\u00f6gerung behandelt. Weitere Informationen finden Sie in unserem <a href=\"https:\/\/ctp.eu\/de\/ctp-policies\/group-whistleblower-policy\/\">Whistleblower-Politik der Gruppe<\/a>.<\/p>\n<p>Beschwerden (auch zu ESG-Angelegenheiten) k\u00f6nnen eingereicht werden bei <a href=\"mailto:compliance@ctp.eu\">compliance@ctp.eu<\/a>.<\/p>\n<p>Jeder Missbrauch des Whistleblowing-Systems wird gem\u00e4\u00df den einschl\u00e4gigen Rechtsvorschriften geahndet. Der Schutz vor Vergeltungsma\u00dfnahmen gilt nicht f\u00fcr Personen, die eine Meldung machen, ohne berechtigte Gr\u00fcnde f\u00fcr die Annahme zu haben, dass sie auf wahrheitsgem\u00e4\u00dfen Informationen beruht (als \"wissentlich falsche Meldung\" bezeichnet).<\/p>\n<h2><\/h2>\n<p>&nbsp;<\/p>\n<\/div>","protected":false},"excerpt":{"rendered":"<p>CTP ist bestrebt, seine Gesch\u00e4fte nach ethischen Grunds\u00e4tzen und in \u00dcbereinstimmung mit den einschl\u00e4gigen Vorschriften zu f\u00fchren. Als Teil dieser Bem\u00fchungen unterh\u00e4lt CTP<\/p>","protected":false},"author":22,"featured_media":0,"parent":6125,"menu_order":0,"comment_status":"closed","ping_status":"closed","template":"single-policy.php","meta":{"_acf_changed":false,"footnotes":""},"class_list":["post-73491","page","type-page","status-publish","hentry"],"acf":[],"yoast_head":"<title>How to Report a Concern - Commercial Real Estate Developer And Manager<\/title>\n<meta name=\"robots\" content=\"index, follow, max-snippet:-1, max-image-preview:large, max-video-preview:-1\" \/>\n<link rel=\"canonical\" href=\"https:\/\/ctp.eu\/de\/ctp-policies\/how-to-report-a-concern\/\" \/>\n<meta property=\"og:locale\" content=\"de_DE\" \/>\n<meta property=\"og:type\" content=\"article\" \/>\n<meta property=\"og:title\" content=\"How to Report a Concern\" \/>\n<meta property=\"og:description\" content=\"CTP strives to conduct its business ethically and in compliance with relevant regulations. As part of the effort CTP maintains\" \/>\n<meta property=\"og:url\" content=\"https:\/\/ctp.eu\/de\/ctp-policies\/how-to-report-a-concern\/\" \/>\n<meta property=\"og:site_name\" content=\"Commercial Real Estate Developer And Manager\" \/>\n<meta property=\"article:modified_time\" content=\"2026-04-14T12:13:32+00:00\" \/>\n<meta name=\"twitter:card\" content=\"summary_large_image\" \/>\n<meta name=\"twitter:label1\" content=\"Gesch\u00e4tzte Lesezeit\" \/>\n\t<meta name=\"twitter:data1\" content=\"1\u00a0Minute\" \/>\n<script type=\"application\/ld+json\" class=\"yoast-schema-graph\">{\"@context\":\"https:\\\/\\\/schema.org\",\"@graph\":[{\"@type\":\"WebPage\",\"@id\":\"https:\\\/\\\/ctp.eu\\\/ctp-policies\\\/how-to-report-a-concern\\\/\",\"url\":\"https:\\\/\\\/ctp.eu\\\/ctp-policies\\\/how-to-report-a-concern\\\/\",\"name\":\"How to Report a Concern - Commercial Real Estate Developer And Manager\",\"isPartOf\":{\"@id\":\"https:\\\/\\\/ctp.eu\\\/#website\"},\"datePublished\":\"2023-03-16T16:24:58+00:00\",\"dateModified\":\"2026-04-14T12:13:32+00:00\",\"breadcrumb\":{\"@id\":\"https:\\\/\\\/ctp.eu\\\/ctp-policies\\\/how-to-report-a-concern\\\/#breadcrumb\"},\"inLanguage\":\"de\",\"potentialAction\":[{\"@type\":\"ReadAction\",\"target\":[\"https:\\\/\\\/ctp.eu\\\/ctp-policies\\\/how-to-report-a-concern\\\/\"]}]},{\"@type\":\"BreadcrumbList\",\"@id\":\"https:\\\/\\\/ctp.eu\\\/ctp-policies\\\/how-to-report-a-concern\\\/#breadcrumb\",\"itemListElement\":[{\"@type\":\"ListItem\",\"position\":1,\"name\":\"Home\",\"item\":\"https:\\\/\\\/ctp.eu\\\/\"},{\"@type\":\"ListItem\",\"position\":2,\"name\":\"CTP Policies\",\"item\":\"https:\\\/\\\/ctp.eu\\\/ctp-policies\\\/\"},{\"@type\":\"ListItem\",\"position\":3,\"name\":\"How to Report a Concern\"}]},{\"@type\":\"WebSite\",\"@id\":\"https:\\\/\\\/ctp.eu\\\/#website\",\"url\":\"https:\\\/\\\/ctp.eu\\\/\",\"name\":\"Commercial Real Estate Developer And Manager\",\"description\":\"CTP - premium industrial warehouse and office buildings\",\"publisher\":{\"@id\":\"https:\\\/\\\/ctp.eu\\\/#organization\"},\"potentialAction\":[{\"@type\":\"SearchAction\",\"target\":{\"@type\":\"EntryPoint\",\"urlTemplate\":\"https:\\\/\\\/ctp.eu\\\/?s={search_term_string}\"},\"query-input\":{\"@type\":\"PropertyValueSpecification\",\"valueRequired\":true,\"valueName\":\"search_term_string\"}}],\"inLanguage\":\"de\"},{\"@type\":\"Organization\",\"@id\":\"https:\\\/\\\/ctp.eu\\\/#organization\",\"name\":\"CTP\",\"url\":\"https:\\\/\\\/ctp.eu\\\/\",\"logo\":{\"@type\":\"ImageObject\",\"inLanguage\":\"de\",\"@id\":\"https:\\\/\\\/ctp.eu\\\/#\\\/schema\\\/logo\\\/image\\\/\",\"url\":\"\",\"contentUrl\":\"\",\"caption\":\"CTP\"},\"image\":{\"@id\":\"https:\\\/\\\/ctp.eu\\\/#\\\/schema\\\/logo\\\/image\\\/\"}}]}<\/script>","yoast_head_json":{"title":"Wie man ein Problem meldet - Entwickler und Verwalter von Gewerbeimmobilien","robots":{"index":"index","follow":"follow","max-snippet":"max-snippet:-1","max-image-preview":"max-image-preview:large","max-video-preview":"max-video-preview:-1"},"canonical":"https:\/\/ctp.eu\/de\/ctp-policies\/how-to-report-a-concern\/","og_locale":"de_DE","og_type":"article","og_title":"How to Report a Concern","og_description":"CTP strives to conduct its business ethically and in compliance with relevant regulations. As part of the effort CTP maintains","og_url":"https:\/\/ctp.eu\/de\/ctp-policies\/how-to-report-a-concern\/","og_site_name":"Commercial Real Estate Developer And Manager","article_modified_time":"2026-04-14T12:13:32+00:00","twitter_card":"summary_large_image","twitter_misc":{"Gesch\u00e4tzte Lesezeit":"1\u00a0Minute"},"schema":{"@context":"https:\/\/schema.org","@graph":[{"@type":"WebPage","@id":"https:\/\/ctp.eu\/ctp-policies\/how-to-report-a-concern\/","url":"https:\/\/ctp.eu\/ctp-policies\/how-to-report-a-concern\/","name":"Wie man ein Problem meldet - Entwickler und Verwalter von Gewerbeimmobilien","isPartOf":{"@id":"https:\/\/ctp.eu\/#website"},"datePublished":"2023-03-16T16:24:58+00:00","dateModified":"2026-04-14T12:13:32+00:00","breadcrumb":{"@id":"https:\/\/ctp.eu\/ctp-policies\/how-to-report-a-concern\/#breadcrumb"},"inLanguage":"de","potentialAction":[{"@type":"ReadAction","target":["https:\/\/ctp.eu\/ctp-policies\/how-to-report-a-concern\/"]}]},{"@type":"BreadcrumbList","@id":"https:\/\/ctp.eu\/ctp-policies\/how-to-report-a-concern\/#breadcrumb","itemListElement":[{"@type":"ListItem","position":1,"name":"Home","item":"https:\/\/ctp.eu\/"},{"@type":"ListItem","position":2,"name":"CTP Policies","item":"https:\/\/ctp.eu\/ctp-policies\/"},{"@type":"ListItem","position":3,"name":"How to Report a Concern"}]},{"@type":"WebSite","@id":"https:\/\/ctp.eu\/#website","url":"https:\/\/ctp.eu\/","name":"Entwickler und Manager von Gewerbeimmobilien","description":"CTP - hochwertige industrielle Lager- und B\u00fcrogeb\u00e4ude","publisher":{"@id":"https:\/\/ctp.eu\/#organization"},"potentialAction":[{"@type":"SearchAction","target":{"@type":"EntryPoint","urlTemplate":"https:\/\/ctp.eu\/?s={search_term_string}"},"query-input":{"@type":"PropertyValueSpecification","valueRequired":true,"valueName":"search_term_string"}}],"inLanguage":"de"},{"@type":"Organization","@id":"https:\/\/ctp.eu\/#organization","name":"CTP","url":"https:\/\/ctp.eu\/","logo":{"@type":"ImageObject","inLanguage":"de","@id":"https:\/\/ctp.eu\/#\/schema\/logo\/image\/","url":"","contentUrl":"","caption":"CTP"},"image":{"@id":"https:\/\/ctp.eu\/#\/schema\/logo\/image\/"}}]}},"_links":{"self":[{"href":"https:\/\/ctp.eu\/de\/wp-json\/wp\/v2\/pages\/73491","targetHints":{"allow":["GET"]}}],"collection":[{"href":"https:\/\/ctp.eu\/de\/wp-json\/wp\/v2\/pages"}],"about":[{"href":"https:\/\/ctp.eu\/de\/wp-json\/wp\/v2\/types\/page"}],"author":[{"embeddable":true,"href":"https:\/\/ctp.eu\/de\/wp-json\/wp\/v2\/users\/22"}],"replies":[{"embeddable":true,"href":"https:\/\/ctp.eu\/de\/wp-json\/wp\/v2\/comments?post=73491"}],"version-history":[{"count":17,"href":"https:\/\/ctp.eu\/de\/wp-json\/wp\/v2\/pages\/73491\/revisions"}],"predecessor-version":[{"id":115425,"href":"https:\/\/ctp.eu\/de\/wp-json\/wp\/v2\/pages\/73491\/revisions\/115425"}],"up":[{"embeddable":true,"href":"https:\/\/ctp.eu\/de\/wp-json\/wp\/v2\/pages\/6125"}],"wp:attachment":[{"href":"https:\/\/ctp.eu\/de\/wp-json\/wp\/v2\/media?parent=73491"}],"curies":[{"name":"wp","href":"https:\/\/api.w.org\/{rel}","templated":true}]}}