{"id":6064,"date":"2019-08-06T13:20:45","date_gmt":"2019-08-06T13:20:45","guid":{"rendered":"https:\/\/www.ctp.eu\/?page_id=6064"},"modified":"2020-08-28T10:59:01","modified_gmt":"2020-08-28T10:59:01","slug":"ctp-website-cookie-policy","status":"publish","type":"page","link":"https:\/\/ctp.eu\/de\/ctp-policies\/ctp-website-cookie-policy\/","title":{"rendered":"CTP-Website Cookie-Richtlinie"},"content":{"rendered":"<div class=\"policy\">\n<p>In dem Bestreben, Ihnen das beste Erlebnis zu bieten, hat die CTP Invest, spol. s r.o. (\"<strong>CTP<\/strong>\" oder \"<strong>wir<\/strong>\") kann kleine Datendateien, sogenannte Cookies, auf Ihrem Ger\u00e4t ablegen. Nachfolgend finden Sie die grundlegenden Informationen \u00fcber Cookies und eine Erkl\u00e4rung, wie genau unsere Website sie verwendet.<\/p>\n<p>&nbsp;<\/p>\n<h2>1. Was sind Cookies?<\/h2>\n<p>Cookies sind kleine Textdateien, die an Ihr Ger\u00e4t gesendet werden. Obwohl Cookies Informationen zur Identifizierung enthalten, enthalten sie keine Informationen, die Sie pers\u00f6nlich identifizieren, sondern erm\u00f6glichen es uns, Sie bei der R\u00fcckkehr auf unsere Website zu erkennen. Wenn Sie beim Besuch unserer Website keine Cookies akzeptieren m\u00f6chten, k\u00f6nnen Sie die Einstellungen Ihres Browsers so \u00e4ndern, dass diese Funktion deaktiviert wird (weitere Informationen dazu finden Sie weiter unten), aber es kann sein, dass Sie auf bestimmte Bereiche der Website nicht zugreifen k\u00f6nnen, wenn Sie dies tun. Im Allgemeinen handelt es sich dabei um Bereiche, f\u00fcr die Sie sich speziell registriert haben, und Sie k\u00f6nnen einige n\u00fctzliche Funktionen verlieren, wie z. B. die Personalisierung und die Funktionen \"Angemeldet bleiben\" und \"An mich erinnern\".<\/p>\n<h2><\/h2>\n<h2>2. Warum werden auf dieser Website Cookies verwendet?<\/h2>\n<p>Wir verwenden Cookies, um zu analysieren, wie Nutzer unsere Dienste nutzen, und \u00e4hnliche Technologien (z. B. Ger\u00e4tekennungen, Ad Tags), um Sie und\/oder Ihr(e) Ger\u00e4t(e) ein- und auszuschalten und \u00fcber verschiedene Ger\u00e4te und unsere Dienste hinweg zu erkennen, sowie um die von uns angebotenen Dienste, das Marketing, die Analyse oder die Funktionalit\u00e4t der Website zu verbessern.<\/p>\n<p>&nbsp;<\/p>\n<h2>3. Welche Art von Cookies werden gesetzt?<\/h2>\n<p>Im Verlauf Ihrer Browsing-Sitzungen k\u00f6nnen die folgenden Arten von Cookies auf unserer Website verwendet werden:<\/p>\n<ul>\n<li>Cookies zur Anpassung der Benutzeroberfl\u00e4che (d.h. Cookies, die Ihre Pr\u00e4ferenzen speichern);<\/li>\n<li>Authentifizierungs-Cookies (d. h. Cookies, die es Ihnen erm\u00f6glichen, unsere Websites zu verlassen und wieder zu besuchen, ohne sich erneut authentifizieren zu m\u00fcssen);<\/li>\n<li>Videoplayer-Cookies (d. h. Cookies, die Daten speichern, die f\u00fcr die Wiedergabe von Video- oder Audioinhalten erforderlich sind, und die Ihre Pr\u00e4ferenzen speichern);<\/li>\n<li>Analyse-Cookies der ersten Partei (d. h. Cookies, die die von Ihnen besuchten Seiten speichern und Informationen \u00fcber Ihre Interaktion mit diesen Seiten liefern); und<\/li>\n<li>Analyse-Cookies von Drittanbietern (d. h. Cookies von Drittanbietern, die die Statistiken unserer Website verfolgen und vice versa)<\/li>\n<\/ul>\n<p>&nbsp;<\/p>\n<h2>4. Werden au\u00dfer den oben genannten noch andere Daten erhoben?<\/h2>\n<p>Ebenso verfolgen wir Ihren Prozess auf unserer Website, um zu \u00fcberpr\u00fcfen, dass Sie kein Bot sind, und um unsere Dienste zu optimieren:<\/p>\n<ul>\n<li>Informationen \u00fcber Ihren Browser und Ihr Ger\u00e4t;<\/li>\n<li>durch automatisierte elektronische Interaktionen gesammelte Daten;<\/li>\n<li>Nutzungsdaten der Anwendung;<\/li>\n<li>statistische Informationen \u00fcber Ihre Nutzung unserer Website.<\/li>\n<\/ul>\n<p>Wenn Sie uns eine E-Mail senden (z. B. um Informationen anzufordern oder Feedback zum Inhalt der Website zu geben), werden die von Ihnen bereitgestellten Informationen nur dazu verwendet, um die angeforderten Informationen zu sammeln und auf Ihre Nachricht zu antworten.<\/p>\n<p>Wenn Sie einen unserer Dienste besuchen, protokollieren unsere Server auch Ihre globale IP-Adresse, eine Nummer, die automatisch dem Netzwerk zugewiesen wird, zu dem Ihr Computer geh\u00f6rt.<\/p>\n<h2><\/h2>\n<h2>5. Wie lange werden die durch Cookies gesammelten Daten gespeichert?<\/h2>\n<p>Die Verarbeitung Ihrer durch Cookies erhobenen personenbezogenen Daten beruht auf Ihrer Einwilligung, die Sie jederzeit \u00fcber die Browsereinstellungen widerrufen k\u00f6nnen. Wenn Sie die Cookies auf unserer Website akzeptieren, werden wir Ihre personenbezogenen Daten f\u00fcr den Zeitraum von 26 Monaten erfassen und verarbeiten. Nach Ablauf dieses Zeitraums werden alle dauerhaften Cookies von Ihrem Ger\u00e4t entfernt und wir werden Ihre personenbezogenen Daten nicht mehr verarbeiten.<\/p>\n<h2><\/h2>\n<h2>6. Wie kann ich meine Cookie-Einstellungen \u00e4ndern?<\/h2>\n<p>Die meisten Webbrowser erlauben eine gewisse Kontrolle der meisten Cookies \u00fcber die Browsereinstellungen. Um mehr \u00fcber Cookies zu erfahren, einschlie\u00dflich der Frage, wie Sie sehen k\u00f6nnen, welche Cookies gesetzt wurden und wie Sie sie verwalten und l\u00f6schen k\u00f6nnen, besuchen Sie <a href=\"http:\/\/www.aboutcookies.org\" target=\"_blank\" rel=\"noopener noreferrer\">www.aboutcookies.org<\/a> oder <a href=\"http:\/\/www.allaboutcookies.org\" target=\"_blank\" rel=\"noopener noreferrer\">www.allaboutcookies.org<\/a>.<\/p>\n<p>Um die Erfassung durch Google Analytics f\u00fcr alle Websites zu deaktivieren, besuchen Sie <a href=\"http:\/\/tools.google.com\/dlpage\/gaoptout\" target=\"_blank\" rel=\"noopener noreferrer\">http:\/\/tools.google.com\/dlpage\/gaoptout<\/a>. Bitte beachten Sie, dass Sie die von dieser Website bereitgestellten Cookies akzeptieren, wenn Sie Ihren Browser nicht entsprechend konfigurieren.<\/p>\n<p>&nbsp;<\/p>\n<h2>7. Links zu externen Websites<\/h2>\n<p>Wir k\u00f6nnen auf andere Unternehmen, Organisationen und \u00f6ffentliche Einrichtungen verweisen oder Beziehungen zu ihnen aufbauen, die es Ihnen erm\u00f6glichen, direkt von unserer Website aus auf deren Websites zuzugreifen. Jedes dieser Unternehmen hat seine eigene Politik in Bezug auf die Verwendung von Cookies und die Sammlung und Nutzung von Informationen. Wenn Sie Bedenken hinsichtlich der Art und Weise haben, wie Ihre Daten verwendet werden, empfehlen wir Ihnen, die Datenschutzerkl\u00e4rungen der betreffenden Websites zu lesen.<\/p>\n<p>CTP ist bestrebt, Ihnen Links zu hochwertigen, seri\u00f6sen Websites anzubieten, von denen wir glauben, dass sie f\u00fcr Sie von Interesse und Bedeutung sind. Bitte beachten Sie jedoch, dass wir nicht f\u00fcr den Inhalt solcher Websites verantwortlich sind und keine Verantwortung f\u00fcr Probleme \u00fcbernehmen k\u00f6nnen, die im Zusammenhang mit der Nutzung Ihrer Daten durch Dritte, dem Inhalt der Website oder den Ihnen von diesen Websites angebotenen Dienstleistungen entstehen.<\/p>\n<h2><\/h2>\n<h2>8. Google Analytics<\/h2>\n<p>Diese Website benutzt Google Analytics, einen Webanalysedienst der Google Inc. (\"Google\"). Google Analytics verwendet Cookies (Textdateien, die auf Ihrem Computer gespeichert werden), um den Betreibern der Website eine Analyse der Benutzung der Website durch Sie zu erm\u00f6glichen. Die durch den Cookie erzeugten Informationen \u00fcber Ihre Benutzung dieser Website (einschlie\u00dflich Ihrer IP-Adresse) wird an einen Server von Google in den USA \u00fcbertragen und dort gespeichert. Google wird diese Informationen benutzen, um Ihre Nutzung der Website auszuwerten, um Reports \u00fcber die Websiteaktivit\u00e4ten f\u00fcr die Websitebetreiber zusammenzustellen und um weitere mit der Websitenutzung und der Internetnutzung verbundene Dienstleistungen zu erbringen. Auch wird Google diese Informationen gegebenenfalls an Dritte \u00fcbertragen, sofern dies gesetzlich vorgeschrieben oder soweit Dritte diese Daten im Auftrag von Google verarbeiten. Google wird Ihre IP-Adresse nicht mit anderen von Google gespeicherten Daten in Verbindung bringen. Durch die Nutzung dieser Website erkl\u00e4ren Sie sich mit der Bearbeitung der \u00fcber Sie erhobenen Daten durch Google in der zuvor beschriebenen Art und Weise und zu dem zuvor benannten Zweck einverstanden. Wir unternehmen keine Versuche, die Identit\u00e4t der Besucher unserer Website herauszufinden, und erlauben Google auch nicht, dies zu tun.<\/p>\n<\/div>","protected":false},"excerpt":{"rendered":"<p>In dem Bestreben, Ihnen das beste Erlebnis zu bieten, wurde die Website von CTP Invest, spol. s r.o. (\"CTP\" oder \"wir\")<\/p>","protected":false},"author":67,"featured_media":0,"parent":6125,"menu_order":0,"comment_status":"closed","ping_status":"closed","template":"","meta":{"_acf_changed":false,"footnotes":""},"class_list":["post-6064","page","type-page","status-publish","hentry"],"acf":[],"yoast_head":"<title>CTP website Cookie Policy - Commercial Real Estate Developer And Manager<\/title>\n<meta name=\"robots\" content=\"index, follow, max-snippet:-1, max-image-preview:large, max-video-preview:-1\" \/>\n<link rel=\"canonical\" href=\"https:\/\/ctp.eu\/de\/ctp-policies\/ctp-website-cookie-policy\/\" \/>\n<meta property=\"og:locale\" content=\"de_DE\" \/>\n<meta property=\"og:type\" content=\"article\" \/>\n<meta property=\"og:title\" content=\"CTP website Cookie Policy\" \/>\n<meta property=\"og:description\" content=\"With the endeavor to ensure you get the best experience, the CTP Invest, spol. s r.o. (\u201cCTP\u201d or \u201cwe\u201d) website\" \/>\n<meta property=\"og:url\" content=\"https:\/\/ctp.eu\/de\/ctp-policies\/ctp-website-cookie-policy\/\" \/>\n<meta property=\"og:site_name\" content=\"Commercial Real Estate Developer And Manager\" \/>\n<meta property=\"article:modified_time\" content=\"2020-08-28T10:59:01+00:00\" \/>\n<meta name=\"twitter:card\" content=\"summary_large_image\" \/>\n<meta name=\"twitter:label1\" content=\"Gesch\u00e4tzte Lesezeit\" \/>\n\t<meta name=\"twitter:data1\" content=\"5\u00a0Minuten\" \/>\n<script type=\"application\/ld+json\" class=\"yoast-schema-graph\">{\"@context\":\"https:\/\/schema.org\",\"@graph\":[{\"@type\":\"WebPage\",\"@id\":\"https:\/\/ctp.eu\/ctp-policies\/ctp-website-cookie-policy\/\",\"url\":\"https:\/\/ctp.eu\/ctp-policies\/ctp-website-cookie-policy\/\",\"name\":\"CTP website Cookie Policy - Commercial Real Estate Developer And Manager\",\"isPartOf\":{\"@id\":\"https:\/\/ctp.eu\/#website\"},\"datePublished\":\"2019-08-06T13:20:45+00:00\",\"dateModified\":\"2020-08-28T10:59:01+00:00\",\"breadcrumb\":{\"@id\":\"https:\/\/ctp.eu\/ctp-policies\/ctp-website-cookie-policy\/#breadcrumb\"},\"inLanguage\":\"de\",\"potentialAction\":[{\"@type\":\"ReadAction\",\"target\":[\"https:\/\/ctp.eu\/ctp-policies\/ctp-website-cookie-policy\/\"]}]},{\"@type\":\"BreadcrumbList\",\"@id\":\"https:\/\/ctp.eu\/ctp-policies\/ctp-website-cookie-policy\/#breadcrumb\",\"itemListElement\":[{\"@type\":\"ListItem\",\"position\":1,\"name\":\"Home\",\"item\":\"https:\/\/ctp.eu\/\"},{\"@type\":\"ListItem\",\"position\":2,\"name\":\"CTP Policies\",\"item\":\"https:\/\/ctp.eu\/ctp-policies\/\"},{\"@type\":\"ListItem\",\"position\":3,\"name\":\"CTP website Cookie Policy\"}]},{\"@type\":\"WebSite\",\"@id\":\"https:\/\/ctp.eu\/#website\",\"url\":\"https:\/\/ctp.eu\/\",\"name\":\"Commercial Real Estate Developer And Manager\",\"description\":\"CTP - premium industrial warehouse and office buildings\",\"publisher\":{\"@id\":\"https:\/\/ctp.eu\/#organization\"},\"potentialAction\":[{\"@type\":\"SearchAction\",\"target\":{\"@type\":\"EntryPoint\",\"urlTemplate\":\"https:\/\/ctp.eu\/?s={search_term_string}\"},\"query-input\":{\"@type\":\"PropertyValueSpecification\",\"valueRequired\":true,\"valueName\":\"search_term_string\"}}],\"inLanguage\":\"de\"},{\"@type\":\"Organization\",\"@id\":\"https:\/\/ctp.eu\/#organization\",\"name\":\"CTP\",\"url\":\"https:\/\/ctp.eu\/\",\"logo\":{\"@type\":\"ImageObject\",\"inLanguage\":\"de\",\"@id\":\"https:\/\/ctp.eu\/#\/schema\/logo\/image\/\",\"url\":\"\",\"contentUrl\":\"\",\"caption\":\"CTP\"},\"image\":{\"@id\":\"https:\/\/ctp.eu\/#\/schema\/logo\/image\/\"}}]}<\/script>","yoast_head_json":{"title":"CTP website Cookie-Richtlinie - Entwickler und Verwalter von Gewerbeimmobilien","robots":{"index":"index","follow":"follow","max-snippet":"max-snippet:-1","max-image-preview":"max-image-preview:large","max-video-preview":"max-video-preview:-1"},"canonical":"https:\/\/ctp.eu\/de\/ctp-policies\/ctp-website-cookie-policy\/","og_locale":"de_DE","og_type":"article","og_title":"CTP website Cookie Policy","og_description":"With the endeavor to ensure you get the best experience, the CTP Invest, spol. s r.o. (\u201cCTP\u201d or \u201cwe\u201d) website","og_url":"https:\/\/ctp.eu\/de\/ctp-policies\/ctp-website-cookie-policy\/","og_site_name":"Commercial Real Estate Developer And Manager","article_modified_time":"2020-08-28T10:59:01+00:00","twitter_card":"summary_large_image","twitter_misc":{"Gesch\u00e4tzte Lesezeit":"5\u00a0Minuten"},"schema":{"@context":"https:\/\/schema.org","@graph":[{"@type":"WebPage","@id":"https:\/\/ctp.eu\/ctp-policies\/ctp-website-cookie-policy\/","url":"https:\/\/ctp.eu\/ctp-policies\/ctp-website-cookie-policy\/","name":"CTP website Cookie-Richtlinie - Entwickler und Verwalter von Gewerbeimmobilien","isPartOf":{"@id":"https:\/\/ctp.eu\/#website"},"datePublished":"2019-08-06T13:20:45+00:00","dateModified":"2020-08-28T10:59:01+00:00","breadcrumb":{"@id":"https:\/\/ctp.eu\/ctp-policies\/ctp-website-cookie-policy\/#breadcrumb"},"inLanguage":"de","potentialAction":[{"@type":"ReadAction","target":["https:\/\/ctp.eu\/ctp-policies\/ctp-website-cookie-policy\/"]}]},{"@type":"BreadcrumbList","@id":"https:\/\/ctp.eu\/ctp-policies\/ctp-website-cookie-policy\/#breadcrumb","itemListElement":[{"@type":"ListItem","position":1,"name":"Home","item":"https:\/\/ctp.eu\/"},{"@type":"ListItem","position":2,"name":"CTP Policies","item":"https:\/\/ctp.eu\/ctp-policies\/"},{"@type":"ListItem","position":3,"name":"CTP website Cookie Policy"}]},{"@type":"WebSite","@id":"https:\/\/ctp.eu\/#website","url":"https:\/\/ctp.eu\/","name":"Entwickler und Manager von Gewerbeimmobilien","description":"CTP - hochwertige industrielle Lager- und B\u00fcrogeb\u00e4ude","publisher":{"@id":"https:\/\/ctp.eu\/#organization"},"potentialAction":[{"@type":"SearchAction","target":{"@type":"EntryPoint","urlTemplate":"https:\/\/ctp.eu\/?s={search_term_string}"},"query-input":{"@type":"PropertyValueSpecification","valueRequired":true,"valueName":"search_term_string"}}],"inLanguage":"de"},{"@type":"Organization","@id":"https:\/\/ctp.eu\/#organization","name":"CTP","url":"https:\/\/ctp.eu\/","logo":{"@type":"ImageObject","inLanguage":"de","@id":"https:\/\/ctp.eu\/#\/schema\/logo\/image\/","url":"","contentUrl":"","caption":"CTP"},"image":{"@id":"https:\/\/ctp.eu\/#\/schema\/logo\/image\/"}}]}},"_links":{"self":[{"href":"https:\/\/ctp.eu\/de\/wp-json\/wp\/v2\/pages\/6064","targetHints":{"allow":["GET"]}}],"collection":[{"href":"https:\/\/ctp.eu\/de\/wp-json\/wp\/v2\/pages"}],"about":[{"href":"https:\/\/ctp.eu\/de\/wp-json\/wp\/v2\/types\/page"}],"author":[{"embeddable":true,"href":"https:\/\/ctp.eu\/de\/wp-json\/wp\/v2\/users\/67"}],"replies":[{"embeddable":true,"href":"https:\/\/ctp.eu\/de\/wp-json\/wp\/v2\/comments?post=6064"}],"version-history":[{"count":0,"href":"https:\/\/ctp.eu\/de\/wp-json\/wp\/v2\/pages\/6064\/revisions"}],"up":[{"embeddable":true,"href":"https:\/\/ctp.eu\/de\/wp-json\/wp\/v2\/pages\/6125"}],"wp:attachment":[{"href":"https:\/\/ctp.eu\/de\/wp-json\/wp\/v2\/media?parent=6064"}],"curies":[{"name":"wp","href":"https:\/\/api.w.org\/{rel}","templated":true}]}}