{"id":5570,"date":"2019-06-03T12:24:30","date_gmt":"2019-06-03T12:24:30","guid":{"rendered":"https:\/\/www.ctp.eu\/?page_id=5570"},"modified":"2024-06-18T15:40:17","modified_gmt":"2024-06-18T13:40:17","slug":"cctv-policy","status":"publish","type":"page","link":"https:\/\/ctp.eu\/de\/ctp-policies\/cctv-policy\/","title":{"rendered":"Video\u00fcberwachung und Datenschutz f\u00fcr Besucher"},"content":{"rendered":"<div class=\"policy\">\n<h2>1. ALLGEMEINE BESTIMMUNGEN<\/h2>\n<p>Wir verpflichten uns, Ihre Privatsph\u00e4re zu respektieren und Ihre pers\u00f6nlichen Daten zu sch\u00fctzen, d.h. alle Informationen, die geeignet sind, Sie als individuelle Person zu identifizieren. Diese Datenschutzrichtlinie f\u00fcr CCTV und Besucher (die \"<strong>Datenschutzbestimmungen<\/strong>\") beschreibt, wie <strong>CTP-Gruppe<\/strong> bearbeitet, verarbeitet und sch\u00fctzt personenbezogene Daten von Besuchern und anderen Personen, die sich in unseren R\u00e4umlichkeiten aufhalten oder diese besuchen, im Zusammenhang mit der Identifizierung von Besuchern und der \u00dcberwachung der R\u00e4umlichkeiten durch ein CCTV-\u00dcberwachungssystem (die \"<strong>CCTV-System<\/strong>\"). Der f\u00fcr die Verarbeitung Ihrer personenbezogenen Daten Verantwortliche ist ein Unternehmen der CTP-Gruppe (\"<strong>CTP<\/strong>\" oder \"<strong>wir<\/strong>\") als Eigent\u00fcmer des betreffenden Geb\u00e4udes, Parks oder sonstigen Gel\u00e4ndes, das Sie m\u00f6glicherweise besuchen. Im Sinne dieser Datenschutzrichtlinie bezeichnet der Begriff \"personenbezogene Daten\" Informationen, die unsere Mieter, die Mitarbeiter der Mieter und andere Kontaktpersonen sowie die Besucher unserer Grundst\u00fccke und Geb\u00e4ude identifizieren (\"<strong>Sie<\/strong>\").<\/p>\n<p>Diese Datenschutzrichtlinie informiert Sie auch \u00fcber Ihre Rechte in Bezug auf die Verarbeitung personenbezogener Daten und dar\u00fcber, wie und mit welchen Mitteln Sie diese aus\u00fcben k\u00f6nnen.<\/p>\n<p>Wir empfehlen Ihnen, sich sorgf\u00e4ltig mit dieser Datenschutzrichtlinie vertraut zu machen.<\/p>\n<p>&nbsp;<\/p>\n<h2>2. INHABER DER DATENVERARBEITUNG UND KONTAKTANGABEN<\/h2>\n<p>Der f\u00fcr die Verarbeitung Ihrer personenbezogenen Daten Verantwortliche ist die <a href=\"https:\/\/ctp.eu\/wp-content\/uploads\/2020\/11\/List-of-Relevant-Entities.pdf\" target=\"_blank\" rel=\"noopener\">zust\u00e4ndige Stelle<\/a>\u00a0aus der CTP-Gruppe (<a href=\"https:\/\/ctp.eu\/de\/\">ctp.eu<\/a>), die das CTP-Geb\u00e4ude oder den Park, den Sie besuchen, verwalten. Aktuelle Kontaktdaten und weitere Informationen \u00fcber die CTP-Gruppe finden Sie unter <a href=\"https:\/\/ctp.eu\/de\/contact\/\">https:\/\/ctp.eu\/contact\/<\/a>.<\/p>\n<p>&nbsp;<\/p>\n<h2>3. CCTV-SYSTEM<\/h2>\n<h3>3.1 CCTV-Beschreibung<\/h3>\n<p>Unsere CCTV-Systeme bestehen in der Regel aus bis zu 20 Kameras, die sich an der Au\u00dfen- und Innenseite unserer Geb\u00e4ude befinden k\u00f6nnen. Die genaue Anzahl und der Standort der Kameras h\u00e4ngen von dem jeweiligen Geb\u00e4ude, Park oder sonstigen Gel\u00e4nde ab, das von der CTP-Gruppe betrieben wird. Das CCTV-System kann die Au\u00dfenbereiche der uns geh\u00f6renden Geb\u00e4ude, die Eingangst\u00fcren zu den Geb\u00e4uden, die Korridore und andere \u00f6ffentlich zug\u00e4ngliche Bereiche auf dem Gel\u00e4nde erfassen. Mit dem CCTV-System werden keine privaten Bereiche \u00fcberwacht.<\/p>\n<p>Die Piktogramme der Video\u00fcberwachung sind an gut sichtbaren Stellen an den Eing\u00e4ngen zu unseren Geb\u00e4uden, Parks oder anderen R\u00e4umlichkeiten der CTP-Gruppe angebracht.<\/p>\n<p>&nbsp;<\/p>\n<h3>3.2 Zweck der Verarbeitung und Aufbewahrungsfrist<\/h3>\n<p>Wir verarbeiten Ihre personenbezogenen Daten mit Hilfe eines CCTV-Systems, das Bilder \u00fcberwacht und aufzeichnet, einschlie\u00dflich visueller Bilder und Ihres pers\u00f6nlichen Aussehens.<\/p>\n<p>Wir verarbeiten diese Aufzeichnungen, um die Integrit\u00e4t und Sicherheit der von CTP verwalteten Geb\u00e4ude, ihrer Umgebung und der darin enthaltenen Verm\u00f6genswerte, einschlie\u00dflich unseres Eigentums und des Eigentums unserer Mieter, zu gew\u00e4hrleisten.<\/p>\n<p>Die Rechtsgrundlage f\u00fcr diese Verarbeitung ist die Wahrung unserer berechtigten Interessen (im Sinne von Art. 6(1)(f) GDPR), um die oben dargelegten Werte und Interessen zu sch\u00fctzen.<\/p>\n<p>Die vom System erfassten Bilder sind farbig und werden kontinuierlich aufgezeichnet. Die Aufzeichnungen werden als\u00a0<strong>Endlosschleife f\u00fcr die in den Baurichtlinien oder -dokumenten der einzelnen L\u00e4nder angegebene Anzahl von Tagen<\/strong>Dies ist ein Zeitraum, den wir ben\u00f6tigen, um einen m\u00f6glichen Vorfall zu erkennen und zu untersuchen. Nach Ablauf dieses Zeitraums werden die Aufzeichnungen gel\u00f6scht.<\/p>\n<p>Bestimmte Teile der Aufzeichnungen (einschlie\u00dflich Ihrer darin enthaltenen personenbezogenen Daten) k\u00f6nnen selektiv l\u00e4nger aufbewahrt werden, um unsere Rechtsanspr\u00fcche zu begr\u00fcnden, auszu\u00fcben oder zu verteidigen oder aufgrund eines anderen berechtigten Interesses.<\/p>\n<p>&nbsp;<\/p>\n<h3>3.3 Video\u00fcberwachungssysteme von Mietern<\/h3>\n<p>Bitte beachten Sie, dass diese Datenschutzerkl\u00e4rung nicht f\u00fcr CCTV-Systeme gilt, die in den von unseren Mietern gemieteten B\u00fcros installiert sind (sei es Ihr Arbeitgeber, Ihr Lieferant, Ihr Auftragnehmer oder Ihr Gesch\u00e4ftspartner, den Sie besuchen).<\/p>\n<p>Allen Mietern steht es frei, ihre eigenen CCTV-Systeme und Kameras zu installieren (in \u00dcbereinstimmung mit unserer Hausordnung), f\u00fcr die wir keine Verantwortung tragen. Wir k\u00f6nnen auch einige Kameras betreiben, die von Mietern (in ihren R\u00e4umlichkeiten) installiert wurden. In diesem Fall fungieren wir als Datenverarbeiter f\u00fcr das CCTV-System des Mieters und sind nicht daf\u00fcr verantwortlich.<\/p>\n<p>F\u00fcr weitere Informationen \u00fcber die Verarbeitung durch diesen Mieter wenden Sie sich bitte an ihn.<\/p>\n<p>&nbsp;<\/p>\n<h2>4 Identit\u00e4t der Besucher und Zugang UND Parksystem<\/h2>\n<h3>4.1 Besucher der Geb\u00e4ude<\/h3>\n<p>Aus Sicherheitsgr\u00fcnden verlangen wir von allen Besuchern unserer Geb\u00e4ude und R\u00e4umlichkeiten (insbesondere von gelegentlichen Besuchern, die nicht fest bei unseren Mietern angestellt sind), dass sie sich ausweisen. Wir k\u00f6nnen Ihre personenbezogenen Daten verarbeiten, um genaue Aufzeichnungen \u00fcber die Besucher unserer R\u00e4umlichkeiten zu f\u00fchren und entsprechende Zugangsregelungen zu treffen.<\/p>\n<p>Zu diesem Zweck k\u00f6nnen wir Sie bitten, uns Ihren Namen mitzuteilen, damit wir Ihren Ausweis \u00fcberpr\u00fcfen k\u00f6nnen. Wir k\u00f6nnen dann Ihren Namen, das Datum und die Uhrzeit Ihres Besuchs, den Namen des Gastgebers und die Information, dass Ihr Ausweis \u00fcberpr\u00fcft wurde, speichern (wir speichern keine Details Ihres Ausweises) und m\u00f6glicherweise auch Informationen \u00fcber Ihre Parkberechtigung.<\/p>\n<p>Die Rechtsgrundlage f\u00fcr die Verarbeitung Ihrer personenbezogenen Daten ist unser berechtigtes Interesse und das berechtigte Interesse unserer Mieter, die Integrit\u00e4t und Sicherheit der von CTP verwalteten Geb\u00e4ude und der darin befindlichen Verm\u00f6genswerte, einschlie\u00dflich unseres Eigentums und des Eigentums unserer Mieter, sowie deren Umgebung zu gew\u00e4hrleisten.<\/p>\n<p>Personenbezogene Daten, die sich auf die \u00dcberpr\u00fcfung der Identit\u00e4t von Besuchern beziehen, werden einen (1) Monat lang gespeichert.<\/p>\n<p>&nbsp;<\/p>\n<h3>4.2 Zugangs- und Parksystem<\/h3>\n<p>Wir betreiben auch ein Zugangs- und Parksystem in unseren Geb\u00e4uden, das es Ihnen erm\u00f6glicht, Ihr Auto zu parken und das Geb\u00e4ude zu betreten, ohne als Besucher kontrolliert zu werden (siehe Abschnitt 4.1 oben). Aus diesen Gr\u00fcnden k\u00f6nnen die Mieter uns bestimmte Daten zur Verf\u00fcgung stellen, die mit Ihrer Park- und\/oder Zugangskarte verkn\u00fcpft werden.<\/p>\n<p>Bitte beachten Sie, dass wir f\u00fcr die Verarbeitung Ihrer personenbezogenen Daten im Zusammenhang mit diesen Systemen, bei denen wir lediglich als Datenverarbeiter fungieren, nicht verantwortlich sind. F\u00fcr weitere Informationen \u00fcber die Verarbeitung Ihrer personenbezogenen Daten zu diesen Zwecken wenden Sie sich bitte an den verantwortlichen Mieter (z. B. Ihren Arbeitgeber, Lieferanten, Auftragnehmer oder Gesch\u00e4ftspartner, der Ihnen den Zugang und\/oder die Parkkarte zur Verf\u00fcgung gestellt hat).<\/p>\n<p>&nbsp;<\/p>\n<h2>5 WEITERGABE UND \u00dcBERTRAGUNG PERS\u00d6NLICHER DATEN (EMPF\u00c4NGER PERS\u00d6NLICHER DATEN)<\/h2>\n<h3>5.1 Empf\u00e4nger von personenbezogenen Daten<\/h3>\n<p>Die Aufzeichnungen des CCTV-Systems sowie andere personenbezogene Daten in unseren Zugangs- oder Parksystemen k\u00f6nnen an bestimmte Dritte weitergegeben werden, die befugt sind, unsere Rechtsanspr\u00fcche zu verteidigen oder die Sicherheit unserer Mieter oder unseres Eigentums zu gew\u00e4hrleisten, sowie an bestimmte \u00f6ffentliche Beh\u00f6rden. Diese Empf\u00e4nger personenbezogener Daten fungieren als Verarbeiter personenbezogener Daten oder als andere Verantwortliche. Ihre personenbezogenen Daten k\u00f6nnen weitergegeben werden an:<\/p>\n<ul>\n<li>im erforderlichen Umfang innerhalb der CTP-Gruppe zu Verwaltungszwecken;<\/li>\n<li>Sicherheitsdienste in unseren Geb\u00e4uden;<\/li>\n<li>IT-Anbieter f\u00fcr die CCTV-, Zugangs- und Parksysteme;<\/li>\n<li>externe gesetzliche Vertreter, die zur Wahrung unserer berechtigten Interessen zur Verschwiegenheit verpflichtet sind;<\/li>\n<li>Staatsanwaltschaften, Gerichte und Verwaltungsbeh\u00f6rden im Rahmen unserer gesetzlichen Pflichten.<\/li>\n<\/ul>\n<p>Wir haben mit den Verarbeitern personenbezogener Daten gem\u00e4\u00df dem vorstehenden Absatz Vereinbarungen \u00fcber die Verarbeitung personenbezogener Daten getroffen (mit Ausnahme der F\u00e4lle, in denen der Abschluss einer solchen Vereinbarung nicht obligatorisch ist, z. B. bei der \u00dcbermittlung personenbezogener Daten an Beh\u00f6rden), die mindestens das gleiche Schutzniveau gew\u00e4hrleisten wie diese Datenschutzrichtlinie.<\/p>\n<p>&nbsp;<\/p>\n<h2>6 DATENSICHERHEIT<\/h2>\n<p>Wir haben angemessene technische und organisatorische Ma\u00dfnahmen, interne Kontrollen und Informationssicherheitsprozesse in \u00dcbereinstimmung mit gesetzlichen Anforderungen und Marktstandards implementiert und unterhalten diese, die einer m\u00f6glichen Bedrohung f\u00fcr Sie als betroffene Person entsprechen. Wir ber\u00fccksichtigen auch den Stand der technischen Entwicklung, um Ihre personenbezogenen Daten vor versehentlichem Verlust, Zerst\u00f6rung, Ver\u00e4nderung, unbefugter Weitergabe oder unbefugtem Zugriff zu sch\u00fctzen. Zu diesen Ma\u00dfnahmen k\u00f6nnen unter anderem geh\u00f6ren: angemessene Ma\u00dfnahmen zur Sicherstellung der Haftung der zust\u00e4ndigen Mitarbeiter, die Zugang zu Ihren Daten haben, Schulung der Mitarbeiter, regelm\u00e4\u00dfige Backups, Verfahren zur Datenerneuerung und zum Umgang mit Zwischenf\u00e4llen, Softwareschutz f\u00fcr Ger\u00e4te, auf denen personenbezogene Daten gespeichert sind, usw.<\/p>\n<p>&nbsp;<\/p>\n<h2>7 IHRE RECHTE ALS BETROFFENE PERSON<\/h2>\n<p>Wenn Sie eines Ihrer Rechte gem\u00e4\u00df diesem Artikel oder gem\u00e4\u00df den geltenden Rechtsvorschriften aus\u00fcben m\u00f6chten, setzen Sie sich bitte mit uns in Verbindung, indem Sie die in Artikel 2 aufgef\u00fchrten Kontaktinformationen verwenden.<\/p>\n<p>Au\u00dferdem werden wir gegebenenfalls jeden Empf\u00e4nger, dem Ihre Daten gem\u00e4\u00df Artikel 4 dieser Datenschutzrichtlinie zur Verf\u00fcgung gestellt wurden, \u00fcber die getroffenen Ma\u00dfnahmen oder die L\u00f6schung Ihrer personenbezogenen Daten oder die Einschr\u00e4nkung der Verarbeitung gem\u00e4\u00df Ihrem Antrag informieren, sofern eine solche Mitteilung m\u00f6glich ist und\/oder keinen unverh\u00e4ltnism\u00e4\u00dfigen Aufwand erfordert.<\/p>\n<p>Wenn Sie Ihre Rechte in Bezug auf personenbezogene Daten aus\u00fcben m\u00f6chten, zu denen wir nur als Datenverarbeiter Zugang haben (z. B. Daten, die im Zugangs- oder Parksystem gespeichert sind), wenden Sie sich bitte an den zust\u00e4ndigen Mieter.<\/p>\n<p>&nbsp;<\/p>\n<h3>7.1 Zugang zu Ihren pers\u00f6nlichen Daten<\/h3>\n<p>Sie haben das Recht, Auskunft dar\u00fcber zu verlangen, ob und in welchem Umfang wir Ihre personenbezogenen Daten verarbeiten. Sie haben auch das Recht, die personenbezogenen Daten, die Sie uns zur Verf\u00fcgung gestellt haben, und andere personenbezogene Daten, die Sie betreffen, zu erhalten.<\/p>\n<p>Der Zugang zu Ihren Daten aus dem Video\u00fcberwachungssystem oder eine Kopie dieser Daten wird Ihnen nur dann gew\u00e4hrt, wenn eine solche Anfrage die Rechte und Freiheiten Dritter nicht beeintr\u00e4chtigt und wenn wir in der Lage sind, den Teil der Videoaufzeichnung, der Ihre personenbezogenen Daten enth\u00e4lt, auf der Grundlage der von Ihnen erteilten Informationen zu identifizieren. Die Rechte Dritter werden insbesondere dann beeintr\u00e4chtigt, wenn der angeforderte Teil der Kameraaufzeichnung auch personenbezogene Daten dieser Dritten enth\u00e4lt.<\/p>\n<p>&nbsp;<\/p>\n<h3>7.2 Einschr\u00e4nkung der Verarbeitung<\/h3>\n<p>Wenn Sie uns auffordern, die Verarbeitung Ihrer personenbezogenen Daten einzuschr\u00e4nken, z. B. wenn Sie die Richtigkeit, Rechtm\u00e4\u00dfigkeit oder Erforderlichkeit der Verarbeitung Ihrer personenbezogenen Daten bestreiten, werden wir die Verarbeitung Ihrer personenbezogenen Daten auf ein notwendiges Mindestma\u00df beschr\u00e4nken (Speicherung) und diese Daten gegebenenfalls nur verarbeiten, um Rechtsanspr\u00fcche zu begr\u00fcnden, auszu\u00fcben oder zu verteidigen, oder wenn dies erforderlich ist, um die Rechte einer anderen nat\u00fcrlichen oder juristischen Person zu sch\u00fctzen, oder aus anderen begrenzten Gr\u00fcnden, die durch das geltende Recht vorgeschrieben sind. Falls die Einschr\u00e4nkung aufgehoben wird und wir Ihre personenbezogenen Daten weiterverarbeiten, werden Sie unverz\u00fcglich dar\u00fcber informiert.<\/p>\n<p>Der Antrag auf Einschr\u00e4nkung der Verarbeitung kann \u00fcber die oben genannten Kontaktinformationen gestellt werden.<\/p>\n<p>&nbsp;<\/p>\n<h3>7.3 Einw\u00e4nde gegen die Verarbeitung<\/h3>\n<p>Sie k\u00f6nnen der Datenverarbeitung widersprechen. Wenn wir keine zwingenden berechtigten Gr\u00fcnde f\u00fcr die Verarbeitung nachweisen k\u00f6nnen, die Ihre Interessen oder Rechte und Freiheiten \u00fcberwiegen, werden wir Ihre personenbezogenen Daten nicht mehr verarbeiten und sie unverz\u00fcglich l\u00f6schen.<\/p>\n<p>Einw\u00e4nde gegen die Verarbeitung k\u00f6nnen unter den oben genannten Kontaktdaten erhoben werden.<\/p>\n<p>&nbsp;<\/p>\n<h3>7.4 Beschwerde bei einer Datenschutzbeh\u00f6rde<\/h3>\n<p>Sie haben das Recht, sich \u00fcber die von uns durchgef\u00fchrte Datenverarbeitung jederzeit bei einer zust\u00e4ndigen Datenschutzbeh\u00f6rde zu beschweren. Dies ist die Datenschutzbeh\u00f6rde:<\/p>\n<p>&nbsp;<\/p>\n<p>Tschechische Republik: Amt f\u00fcr den Schutz personenbezogener Daten, Adresse: Pplk. Sochora 27, 170 00 Praha 7; Website:\u00a0<a href=\"http:\/\/www.uoou.cz\/\">www.uoou.cz<\/a>.<\/p>\n<p>\u00d6sterreich: \u00d6sterreichische Datenschutzbeh\u00f6rde. Adresse: Barichgasse 40-42, 1030 Wien, \u00d6sterreich, <a href=\"http:\/\/www.data-protection-authority.gv.at\/\">http:\/\/www.data-protection-authority.gv.at\/<\/a><\/p>\n<p>Bulgarien: Kommission zum Schutz personenbezogener Daten (\u041a\u043e\u043c\u0438\u0441\u0438\u044f \u0437\u0430 \u0437\u0430\u0449\u0438\u0442\u0430 \u043d\u0430 \u043b\u0438\u0447\u043d\u0438\u0442\u0435 \u0434\u0430\u043d\u043d\u0438), Anschrift: 2, Prof. Tsvetan Lazarov Blvd., 1592 Sofia, Bulgarien, <a href=\"http:\/\/www.cpdp.bg\/\">http:\/\/www.cpdp.bg\/<\/a><\/p>\n<p>Deutschland: Bundesbeauftragter f\u00fcr den Datenschutz und die Informationsfreiheit, Anschrift: Husarenstra\u00dfe 30, 53117 Bonn, Deutschland, <a href=\"http:\/\/www.bfdi.bund.de\/EN\/Home\/home_node.html\">http:\/\/www.bfdi.bund.de\/EN\/Home\/home_node.html<\/a><\/p>\n<p>Ungarn: Ungarische Nationale Beh\u00f6rde f\u00fcr Datenschutz und Informationsfreiheit (Nemzeti Adatv\u00e9delmi \u00e9s Inform\u00e1ci\u00f3szabads\u00e1g Hat\u00f3s\u00e1g), Anschrift: Falk Miksa utca 9-11, H-1055 Budapest, Ungarn, <a href=\"http:\/\/www.naih.hu\/about-the-authority\">http:\/\/www.naih.hu\/about-the-authority<\/a><\/p>\n<p>Polen: B\u00fcro des Pr\u00e4sidenten f\u00fcr den Schutz personenbezogener Daten (Urzad Ochrony Danych Osobowych), Adresse: Stawki 2, 00-193 Warschau, Polen, <a href=\"http:\/\/uodo.gov.pl\/en\">http:\/\/uodo.gov.pl\/en<\/a><\/p>\n<p>Serbien: Beauftragter f\u00fcr Informationen von \u00f6ffentlichem Interesse und den Schutz personenbezogener Daten (Poverenik za informacije od javnog zna\u010daja i za\u0161titu podataka o li\u010dnosti), Anschrift: Bulevar kralja Aleksandra 15, 11000 Belgrad, Serbien, <a href=\"http:\/\/www.poverenik.rs\/\">http:\/\/www.poverenik.rs\/<\/a><\/p>\n<p>Slowakei: Amt f\u00fcr den Schutz personenbezogener Daten der Slowakischen Republik (\u00darad na ochranu osobn\u00fdch \u00fadajov Slovenskej republiky), Anschrift: Hrani\u010dn\u00e1 12, 820 07 Bratislava, Slowakei, <a href=\"https:\/\/dataprotection.gov.sk\/en\/\">https:\/\/dataprotection.gov.sk\/en\/<\/a><\/p>\n<p>Rum\u00e4nien: Nationale Aufsichtsbeh\u00f6rde f\u00fcr die Verarbeitung personenbezogener Daten (Autoritatea Na\u021bional\u0103 de Supraveghere a Prelucr\u0103rii Datelor cu Caracter Personal), Anschrift: B-dul Magheru 28-30, Sektor 1, 010336 Bukarest, Rum\u00e4nien, <a href=\"http:\/\/www.dataprotection.ro\/\">http:\/\/www.dataprotection.ro\/<\/a><\/p>\n<p>Niederlande: Niederl\u00e4ndische Datenschutzbeh\u00f6rde (Autoriteit Persoonsgegevens), Adresse: Bezuidenhoutseweg 30, 2594 AV Den Haag, Niederlande, <a href=\"http:\/\/autoriteitpersoonsgegevens.nl\/\">http:\/\/autoriteitpersoonsgegevens.nl\/<\/a><\/p>\n<p>&nbsp;<\/p>\n<p>&nbsp;<\/p>\n<h2>8 AKTUALISIERUNGEN DER DATENSCHUTZPOLITIK<\/h2>\n<p>Wir k\u00f6nnen die Datenschutzrichtlinie von Zeit zu Zeit \u00e4ndern oder aktualisieren. Jegliche \u00c4nderungen an dieser Datenschutzrichtlinie treten mit der Ver\u00f6ffentlichung der aktualisierten Datenschutzrichtlinie unter <a href=\"https:\/\/ctp.eu\/de\/cctv-policy\/\">https:\/\/ctp.eu\/cctv-policy\/<\/a>.<\/p>\n<\/div>\n<style>.policy p{color: #737373;}.policy ul{font-size: 16px;  line-height: 26px;  margin-bottom: 10px;  margin-left: 15px;} .policy a{color: #e94e1b;}<\/style>","protected":false},"excerpt":{"rendered":"<p>1. ALLGEMEINE BESTIMMUNGEN Wir verpflichten uns, Ihre Privatsph\u00e4re zu respektieren und Ihre pers\u00f6nlichen Daten zu sch\u00fctzen, d.h. alle Informationen, die<\/p>","protected":false},"author":67,"featured_media":0,"parent":6125,"menu_order":0,"comment_status":"closed","ping_status":"closed","template":"","meta":{"_acf_changed":false,"footnotes":""},"class_list":["post-5570","page","type-page","status-publish","hentry"],"acf":[],"yoast_head":"<title>CCTV and visitors privacy policy - Commercial Real Estate Developer And Manager<\/title>\n<meta name=\"robots\" content=\"index, follow, max-snippet:-1, max-image-preview:large, max-video-preview:-1\" \/>\n<link rel=\"canonical\" href=\"https:\/\/ctp.eu\/de\/ctp-policies\/cctv-policy\/\" \/>\n<meta property=\"og:locale\" content=\"de_DE\" \/>\n<meta property=\"og:type\" content=\"article\" \/>\n<meta property=\"og:title\" content=\"CCTV and visitors privacy policy\" \/>\n<meta property=\"og:description\" content=\"1. GENERAL PROVISIONS We are committed to respecting your privacy and protecting your personal data, which is any information that\" \/>\n<meta property=\"og:url\" content=\"https:\/\/ctp.eu\/de\/ctp-policies\/cctv-policy\/\" \/>\n<meta property=\"og:site_name\" content=\"Commercial Real Estate Developer And Manager\" \/>\n<meta property=\"article:modified_time\" content=\"2024-06-18T13:40:17+00:00\" \/>\n<meta name=\"twitter:card\" content=\"summary_large_image\" \/>\n<meta name=\"twitter:label1\" content=\"Gesch\u00e4tzte Lesezeit\" \/>\n\t<meta name=\"twitter:data1\" content=\"9\u00a0Minuten\" \/>\n<script type=\"application\/ld+json\" class=\"yoast-schema-graph\">{\"@context\":\"https:\\\/\\\/schema.org\",\"@graph\":[{\"@type\":\"WebPage\",\"@id\":\"https:\\\/\\\/ctp.eu\\\/ctp-policies\\\/cctv-policy\\\/\",\"url\":\"https:\\\/\\\/ctp.eu\\\/ctp-policies\\\/cctv-policy\\\/\",\"name\":\"CCTV and visitors privacy policy - Commercial Real Estate Developer And Manager\",\"isPartOf\":{\"@id\":\"https:\\\/\\\/ctp.eu\\\/#website\"},\"datePublished\":\"2019-06-03T12:24:30+00:00\",\"dateModified\":\"2024-06-18T13:40:17+00:00\",\"breadcrumb\":{\"@id\":\"https:\\\/\\\/ctp.eu\\\/ctp-policies\\\/cctv-policy\\\/#breadcrumb\"},\"inLanguage\":\"de\",\"potentialAction\":[{\"@type\":\"ReadAction\",\"target\":[\"https:\\\/\\\/ctp.eu\\\/ctp-policies\\\/cctv-policy\\\/\"]}]},{\"@type\":\"BreadcrumbList\",\"@id\":\"https:\\\/\\\/ctp.eu\\\/ctp-policies\\\/cctv-policy\\\/#breadcrumb\",\"itemListElement\":[{\"@type\":\"ListItem\",\"position\":1,\"name\":\"Home\",\"item\":\"https:\\\/\\\/ctp.eu\\\/\"},{\"@type\":\"ListItem\",\"position\":2,\"name\":\"CTP Policies\",\"item\":\"https:\\\/\\\/ctp.eu\\\/ctp-policies\\\/\"},{\"@type\":\"ListItem\",\"position\":3,\"name\":\"CCTV and visitors privacy policy\"}]},{\"@type\":\"WebSite\",\"@id\":\"https:\\\/\\\/ctp.eu\\\/#website\",\"url\":\"https:\\\/\\\/ctp.eu\\\/\",\"name\":\"Commercial Real Estate Developer And Manager\",\"description\":\"CTP - premium industrial warehouse and office buildings\",\"publisher\":{\"@id\":\"https:\\\/\\\/ctp.eu\\\/#organization\"},\"potentialAction\":[{\"@type\":\"SearchAction\",\"target\":{\"@type\":\"EntryPoint\",\"urlTemplate\":\"https:\\\/\\\/ctp.eu\\\/?s={search_term_string}\"},\"query-input\":{\"@type\":\"PropertyValueSpecification\",\"valueRequired\":true,\"valueName\":\"search_term_string\"}}],\"inLanguage\":\"de\"},{\"@type\":\"Organization\",\"@id\":\"https:\\\/\\\/ctp.eu\\\/#organization\",\"name\":\"CTP\",\"url\":\"https:\\\/\\\/ctp.eu\\\/\",\"logo\":{\"@type\":\"ImageObject\",\"inLanguage\":\"de\",\"@id\":\"https:\\\/\\\/ctp.eu\\\/#\\\/schema\\\/logo\\\/image\\\/\",\"url\":\"\",\"contentUrl\":\"\",\"caption\":\"CTP\"},\"image\":{\"@id\":\"https:\\\/\\\/ctp.eu\\\/#\\\/schema\\\/logo\\\/image\\\/\"}}]}<\/script>","yoast_head_json":{"title":"CCTV und Datenschutzbestimmungen f\u00fcr Besucher - Entwickler und Verwalter von Gewerbeimmobilien","robots":{"index":"index","follow":"follow","max-snippet":"max-snippet:-1","max-image-preview":"max-image-preview:large","max-video-preview":"max-video-preview:-1"},"canonical":"https:\/\/ctp.eu\/de\/ctp-policies\/cctv-policy\/","og_locale":"de_DE","og_type":"article","og_title":"CCTV and visitors privacy policy","og_description":"1. GENERAL PROVISIONS We are committed to respecting your privacy and protecting your personal data, which is any information that","og_url":"https:\/\/ctp.eu\/de\/ctp-policies\/cctv-policy\/","og_site_name":"Commercial Real Estate Developer And Manager","article_modified_time":"2024-06-18T13:40:17+00:00","twitter_card":"summary_large_image","twitter_misc":{"Gesch\u00e4tzte Lesezeit":"9\u00a0Minuten"},"schema":{"@context":"https:\/\/schema.org","@graph":[{"@type":"WebPage","@id":"https:\/\/ctp.eu\/ctp-policies\/cctv-policy\/","url":"https:\/\/ctp.eu\/ctp-policies\/cctv-policy\/","name":"CCTV und Datenschutzbestimmungen f\u00fcr Besucher - Entwickler und Verwalter von Gewerbeimmobilien","isPartOf":{"@id":"https:\/\/ctp.eu\/#website"},"datePublished":"2019-06-03T12:24:30+00:00","dateModified":"2024-06-18T13:40:17+00:00","breadcrumb":{"@id":"https:\/\/ctp.eu\/ctp-policies\/cctv-policy\/#breadcrumb"},"inLanguage":"de","potentialAction":[{"@type":"ReadAction","target":["https:\/\/ctp.eu\/ctp-policies\/cctv-policy\/"]}]},{"@type":"BreadcrumbList","@id":"https:\/\/ctp.eu\/ctp-policies\/cctv-policy\/#breadcrumb","itemListElement":[{"@type":"ListItem","position":1,"name":"Home","item":"https:\/\/ctp.eu\/"},{"@type":"ListItem","position":2,"name":"CTP Policies","item":"https:\/\/ctp.eu\/ctp-policies\/"},{"@type":"ListItem","position":3,"name":"CCTV and visitors privacy policy"}]},{"@type":"WebSite","@id":"https:\/\/ctp.eu\/#website","url":"https:\/\/ctp.eu\/","name":"Entwickler und Manager von Gewerbeimmobilien","description":"CTP - hochwertige industrielle Lager- und B\u00fcrogeb\u00e4ude","publisher":{"@id":"https:\/\/ctp.eu\/#organization"},"potentialAction":[{"@type":"SearchAction","target":{"@type":"EntryPoint","urlTemplate":"https:\/\/ctp.eu\/?s={search_term_string}"},"query-input":{"@type":"PropertyValueSpecification","valueRequired":true,"valueName":"search_term_string"}}],"inLanguage":"de"},{"@type":"Organization","@id":"https:\/\/ctp.eu\/#organization","name":"CTP","url":"https:\/\/ctp.eu\/","logo":{"@type":"ImageObject","inLanguage":"de","@id":"https:\/\/ctp.eu\/#\/schema\/logo\/image\/","url":"","contentUrl":"","caption":"CTP"},"image":{"@id":"https:\/\/ctp.eu\/#\/schema\/logo\/image\/"}}]}},"_links":{"self":[{"href":"https:\/\/ctp.eu\/de\/wp-json\/wp\/v2\/pages\/5570","targetHints":{"allow":["GET"]}}],"collection":[{"href":"https:\/\/ctp.eu\/de\/wp-json\/wp\/v2\/pages"}],"about":[{"href":"https:\/\/ctp.eu\/de\/wp-json\/wp\/v2\/types\/page"}],"author":[{"embeddable":true,"href":"https:\/\/ctp.eu\/de\/wp-json\/wp\/v2\/users\/67"}],"replies":[{"embeddable":true,"href":"https:\/\/ctp.eu\/de\/wp-json\/wp\/v2\/comments?post=5570"}],"version-history":[{"count":4,"href":"https:\/\/ctp.eu\/de\/wp-json\/wp\/v2\/pages\/5570\/revisions"}],"predecessor-version":[{"id":95081,"href":"https:\/\/ctp.eu\/de\/wp-json\/wp\/v2\/pages\/5570\/revisions\/95081"}],"up":[{"embeddable":true,"href":"https:\/\/ctp.eu\/de\/wp-json\/wp\/v2\/pages\/6125"}],"wp:attachment":[{"href":"https:\/\/ctp.eu\/de\/wp-json\/wp\/v2\/media?parent=5570"}],"curies":[{"name":"wp","href":"https:\/\/api.w.org\/{rel}","templated":true}]}}