{"id":3506,"date":"2018-09-14T11:12:53","date_gmt":"2018-09-14T11:12:53","guid":{"rendered":"https:\/\/www.ctp.eu\/?page_id=3506"},"modified":"2018-09-14T11:14:43","modified_gmt":"2018-09-14T11:14:43","slug":"energy-savings","status":"publish","type":"page","link":"https:\/\/ctp.eu\/de\/energy-savings\/","title":{"rendered":"Energieeinsparung"},"content":{"rendered":"<p>CTP-Geb\u00e4ude werden nach den h\u00f6chsten Standards gebaut, um sicherzustellen, dass sie die von unseren Kunden erwarteten Energieeffizienzanforderungen erf\u00fcllen. Wir verbessern unsere Geb\u00e4udestandards kontinuierlich um die neuesten bew\u00e4hrten Technologien, um Langlebigkeit, Wartungsanforderungen und Energieeffizienz zu verbessern.<\/p>\n<p>Mehr lesen:\u00a0<a href=\"https:\/\/ctp.eu\/wp-content\/uploads\/2018\/09\/CTP-Energy-Savings-Flyer-2018-v09-CZ.pdf\" target=\"\">CTP Energiesparflyer 2018<\/a><\/p>","protected":false},"excerpt":{"rendered":"<p>CTP-Geb\u00e4ude werden nach den h\u00f6chsten Standards gebaut, um sicherzustellen, dass sie die von unseren Kunden erwarteten Energieeffizienzanforderungen erf\u00fcllen. Wir<\/p>","protected":false},"author":67,"featured_media":0,"parent":0,"menu_order":0,"comment_status":"closed","ping_status":"closed","template":"","meta":{"_acf_changed":false,"footnotes":""},"class_list":["post-3506","page","type-page","status-publish","hentry"],"acf":[],"yoast_head":"<title>Energy Savings - Commercial Real Estate Developer And Manager<\/title>\n<meta name=\"robots\" content=\"index, follow, max-snippet:-1, max-image-preview:large, max-video-preview:-1\" \/>\n<link rel=\"canonical\" href=\"https:\/\/ctp.eu\/de\/energy-savings\/\" \/>\n<meta property=\"og:locale\" content=\"de_DE\" \/>\n<meta property=\"og:type\" content=\"article\" \/>\n<meta property=\"og:title\" content=\"Energy Savings\" \/>\n<meta property=\"og:description\" content=\"CTP buildings are built to the highest standards to ensure they meet the energy efficiency requirements our clients expect. We\" \/>\n<meta property=\"og:url\" content=\"https:\/\/ctp.eu\/de\/energy-savings\/\" \/>\n<meta property=\"og:site_name\" content=\"Commercial Real Estate Developer And Manager\" \/>\n<meta property=\"article:modified_time\" content=\"2018-09-14T11:14:43+00:00\" \/>\n<meta name=\"twitter:card\" content=\"summary_large_image\" \/>\n<script type=\"application\/ld+json\" class=\"yoast-schema-graph\">{\"@context\":\"https:\/\/schema.org\",\"@graph\":[{\"@type\":\"WebPage\",\"@id\":\"https:\/\/ctp.eu\/energy-savings\/\",\"url\":\"https:\/\/ctp.eu\/energy-savings\/\",\"name\":\"Energy Savings - Commercial Real Estate Developer And Manager\",\"isPartOf\":{\"@id\":\"https:\/\/ctp.eu\/#website\"},\"datePublished\":\"2018-09-14T11:12:53+00:00\",\"dateModified\":\"2018-09-14T11:14:43+00:00\",\"breadcrumb\":{\"@id\":\"https:\/\/ctp.eu\/energy-savings\/#breadcrumb\"},\"inLanguage\":\"de\",\"potentialAction\":[{\"@type\":\"ReadAction\",\"target\":[\"https:\/\/ctp.eu\/energy-savings\/\"]}]},{\"@type\":\"BreadcrumbList\",\"@id\":\"https:\/\/ctp.eu\/energy-savings\/#breadcrumb\",\"itemListElement\":[{\"@type\":\"ListItem\",\"position\":1,\"name\":\"Home\",\"item\":\"https:\/\/ctp.eu\/\"},{\"@type\":\"ListItem\",\"position\":2,\"name\":\"Energy Savings\"}]},{\"@type\":\"WebSite\",\"@id\":\"https:\/\/ctp.eu\/#website\",\"url\":\"https:\/\/ctp.eu\/\",\"name\":\"Commercial Real Estate Developer And Manager\",\"description\":\"CTP - premium industrial warehouse and office buildings\",\"publisher\":{\"@id\":\"https:\/\/ctp.eu\/#organization\"},\"potentialAction\":[{\"@type\":\"SearchAction\",\"target\":{\"@type\":\"EntryPoint\",\"urlTemplate\":\"https:\/\/ctp.eu\/?s={search_term_string}\"},\"query-input\":{\"@type\":\"PropertyValueSpecification\",\"valueRequired\":true,\"valueName\":\"search_term_string\"}}],\"inLanguage\":\"de\"},{\"@type\":\"Organization\",\"@id\":\"https:\/\/ctp.eu\/#organization\",\"name\":\"CTP\",\"url\":\"https:\/\/ctp.eu\/\",\"logo\":{\"@type\":\"ImageObject\",\"inLanguage\":\"de\",\"@id\":\"https:\/\/ctp.eu\/#\/schema\/logo\/image\/\",\"url\":\"\",\"contentUrl\":\"\",\"caption\":\"CTP\"},\"image\":{\"@id\":\"https:\/\/ctp.eu\/#\/schema\/logo\/image\/\"}}]}<\/script>","yoast_head_json":{"title":"Energieeinsparungen \u2013 Entwickler und Manager von Gewerbeimmobilien","robots":{"index":"index","follow":"follow","max-snippet":"max-snippet:-1","max-image-preview":"max-image-preview:large","max-video-preview":"max-video-preview:-1"},"canonical":"https:\/\/ctp.eu\/de\/energy-savings\/","og_locale":"de_DE","og_type":"article","og_title":"Energy Savings","og_description":"CTP buildings are built to the highest standards to ensure they meet the energy efficiency requirements our clients expect. We","og_url":"https:\/\/ctp.eu\/de\/energy-savings\/","og_site_name":"Commercial Real Estate Developer And Manager","article_modified_time":"2018-09-14T11:14:43+00:00","twitter_card":"summary_large_image","schema":{"@context":"https:\/\/schema.org","@graph":[{"@type":"WebPage","@id":"https:\/\/ctp.eu\/energy-savings\/","url":"https:\/\/ctp.eu\/energy-savings\/","name":"Energieeinsparungen \u2013 Entwickler und Manager von Gewerbeimmobilien","isPartOf":{"@id":"https:\/\/ctp.eu\/#website"},"datePublished":"2018-09-14T11:12:53+00:00","dateModified":"2018-09-14T11:14:43+00:00","breadcrumb":{"@id":"https:\/\/ctp.eu\/energy-savings\/#breadcrumb"},"inLanguage":"de","potentialAction":[{"@type":"ReadAction","target":["https:\/\/ctp.eu\/energy-savings\/"]}]},{"@type":"BreadcrumbList","@id":"https:\/\/ctp.eu\/energy-savings\/#breadcrumb","itemListElement":[{"@type":"ListItem","position":1,"name":"Home","item":"https:\/\/ctp.eu\/"},{"@type":"ListItem","position":2,"name":"Energy Savings"}]},{"@type":"WebSite","@id":"https:\/\/ctp.eu\/#website","url":"https:\/\/ctp.eu\/","name":"Entwickler und Manager von Gewerbeimmobilien","description":"CTP - hochwertige industrielle Lager- und B\u00fcrogeb\u00e4ude","publisher":{"@id":"https:\/\/ctp.eu\/#organization"},"potentialAction":[{"@type":"SearchAction","target":{"@type":"EntryPoint","urlTemplate":"https:\/\/ctp.eu\/?s={search_term_string}"},"query-input":{"@type":"PropertyValueSpecification","valueRequired":true,"valueName":"search_term_string"}}],"inLanguage":"de"},{"@type":"Organization","@id":"https:\/\/ctp.eu\/#organization","name":"CTP","url":"https:\/\/ctp.eu\/","logo":{"@type":"ImageObject","inLanguage":"de","@id":"https:\/\/ctp.eu\/#\/schema\/logo\/image\/","url":"","contentUrl":"","caption":"CTP"},"image":{"@id":"https:\/\/ctp.eu\/#\/schema\/logo\/image\/"}}]}},"_links":{"self":[{"href":"https:\/\/ctp.eu\/de\/wp-json\/wp\/v2\/pages\/3506","targetHints":{"allow":["GET"]}}],"collection":[{"href":"https:\/\/ctp.eu\/de\/wp-json\/wp\/v2\/pages"}],"about":[{"href":"https:\/\/ctp.eu\/de\/wp-json\/wp\/v2\/types\/page"}],"author":[{"embeddable":true,"href":"https:\/\/ctp.eu\/de\/wp-json\/wp\/v2\/users\/67"}],"replies":[{"embeddable":true,"href":"https:\/\/ctp.eu\/de\/wp-json\/wp\/v2\/comments?post=3506"}],"version-history":[{"count":0,"href":"https:\/\/ctp.eu\/de\/wp-json\/wp\/v2\/pages\/3506\/revisions"}],"wp:attachment":[{"href":"https:\/\/ctp.eu\/de\/wp-json\/wp\/v2\/media?parent=3506"}],"curies":[{"name":"wp","href":"https:\/\/api.w.org\/{rel}","templated":true}]}}