{"id":33817,"date":"2021-11-15T17:42:43","date_gmt":"2021-11-15T15:42:43","guid":{"rendered":"https:\/\/www.ctp.eu\/?page_id=33817"},"modified":"2024-08-26T14:50:10","modified_gmt":"2024-08-26T12:50:10","slug":"vienna","status":"publish","type":"page","link":"https:\/\/ctp.eu\/de\/regions\/vienna\/","title":{"rendered":"Wien"},"content":{"rendered":"","protected":false},"excerpt":{"rendered":"","protected":false},"author":22,"featured_media":0,"parent":9638,"menu_order":0,"comment_status":"closed","ping_status":"closed","template":"region-details.php","meta":{"_acf_changed":false,"footnotes":""},"class_list":["post-33817","page","type-page","status-publish","hentry"],"acf":[],"yoast_head":"<title>Vienna - Commercial Real Estate Developer And Manager<\/title>\n<meta name=\"description\" content=\"Austria\u2019s capital is often thought of just for its rich cultural history, but it is also a vital economic hub in Central Europe. It often ranks as the most livable city in the world by indexes by the Economist and Mercer, which is a testament to factors such as its ease of mobility, infrastructure, political stability, and progress. Beyond its strong education ...\u00a0\" \/>\n<meta name=\"robots\" content=\"index, follow, max-snippet:-1, max-image-preview:large, max-video-preview:-1\" \/>\n<link rel=\"canonical\" href=\"https:\/\/ctp.eu\/de\/regions\/vienna\/\" \/>\n<meta property=\"og:locale\" content=\"de_DE\" \/>\n<meta property=\"og:type\" content=\"article\" \/>\n<meta property=\"og:title\" content=\"Vienna\" \/>\n<meta property=\"og:description\" content=\"Austria\u2019s capital is often thought of just for its rich cultural history, but it is also a vital economic hub in Central Europe. It often ranks as the most livable city in the world by indexes by the Economist and Mercer, which is a testament to factors such as its ease of mobility, infrastructure, political stability, and progress. Beyond its strong education ...\u00a0\" \/>\n<meta property=\"og:url\" content=\"https:\/\/ctp.eu\/de\/regions\/vienna\/\" \/>\n<meta property=\"og:site_name\" content=\"Commercial Real Estate Developer And Manager\" \/>\n<meta property=\"article:modified_time\" content=\"2024-08-26T12:50:10+00:00\" \/>\n<meta name=\"twitter:card\" content=\"summary_large_image\" \/>\n<script type=\"application\/ld+json\" class=\"yoast-schema-graph\">{\"@context\":\"https:\\\/\\\/schema.org\",\"@graph\":[{\"@type\":\"WebPage\",\"@id\":\"https:\\\/\\\/ctp.eu\\\/regions\\\/vienna\\\/\",\"url\":\"https:\\\/\\\/ctp.eu\\\/regions\\\/vienna\\\/\",\"name\":\"Vienna - Commercial Real Estate Developer And Manager\",\"isPartOf\":{\"@id\":\"https:\\\/\\\/ctp.eu\\\/#website\"},\"datePublished\":\"2021-11-15T15:42:43+00:00\",\"dateModified\":\"2024-08-26T12:50:10+00:00\",\"description\":\"Austria\u2019s capital is often thought of just for its rich cultural history, but it is also a vital economic hub in Central Europe. It often ranks as the most livable city in the world by indexes by the Economist and Mercer, which is a testament to factors such as its ease of mobility, infrastructure, political stability, and progress. Beyond its strong education ...\u00a0\",\"breadcrumb\":{\"@id\":\"https:\\\/\\\/ctp.eu\\\/regions\\\/vienna\\\/#breadcrumb\"},\"inLanguage\":\"de\",\"potentialAction\":[{\"@type\":\"ReadAction\",\"target\":[\"https:\\\/\\\/ctp.eu\\\/regions\\\/vienna\\\/\"]}]},{\"@type\":\"BreadcrumbList\",\"@id\":\"https:\\\/\\\/ctp.eu\\\/regions\\\/vienna\\\/#breadcrumb\",\"itemListElement\":[{\"@type\":\"ListItem\",\"position\":1,\"name\":\"Home\",\"item\":\"https:\\\/\\\/ctp.eu\\\/\"},{\"@type\":\"ListItem\",\"position\":2,\"name\":\"Hot Regions\",\"item\":\"https:\\\/\\\/ctp.eu\\\/regions\\\/\"},{\"@type\":\"ListItem\",\"position\":3,\"name\":\"Vienna\"}]},{\"@type\":\"WebSite\",\"@id\":\"https:\\\/\\\/ctp.eu\\\/#website\",\"url\":\"https:\\\/\\\/ctp.eu\\\/\",\"name\":\"Commercial Real Estate Developer And Manager\",\"description\":\"CTP - premium industrial warehouse and office buildings\",\"publisher\":{\"@id\":\"https:\\\/\\\/ctp.eu\\\/#organization\"},\"potentialAction\":[{\"@type\":\"SearchAction\",\"target\":{\"@type\":\"EntryPoint\",\"urlTemplate\":\"https:\\\/\\\/ctp.eu\\\/?s={search_term_string}\"},\"query-input\":{\"@type\":\"PropertyValueSpecification\",\"valueRequired\":true,\"valueName\":\"search_term_string\"}}],\"inLanguage\":\"de\"},{\"@type\":\"Organization\",\"@id\":\"https:\\\/\\\/ctp.eu\\\/#organization\",\"name\":\"CTP\",\"url\":\"https:\\\/\\\/ctp.eu\\\/\",\"logo\":{\"@type\":\"ImageObject\",\"inLanguage\":\"de\",\"@id\":\"https:\\\/\\\/ctp.eu\\\/#\\\/schema\\\/logo\\\/image\\\/\",\"url\":\"\",\"contentUrl\":\"\",\"caption\":\"CTP\"},\"image\":{\"@id\":\"https:\\\/\\\/ctp.eu\\\/#\\\/schema\\\/logo\\\/image\\\/\"}}]}<\/script>","yoast_head_json":{"title":"Wien - Entwickler und Verwalter von Gewerbeimmobilien","description":"\u00d6sterreichs Hauptstadt wird oft nur wegen ihrer reichen Kulturgeschichte in Erinnerung gerufen, aber sie ist auch ein wichtiger Wirtschaftsstandort in Mitteleuropa. In Indizes von The Economist und Mercer wird sie oft als die lebenswerteste Stadt der Welt eingestuft, was auf Faktoren wie Mobilit\u00e4t, Infrastruktur, politische Stabilit\u00e4t und Fortschritt zur\u00fcckzuf\u00fchren ist. Neben dem starken Bildungsniveau ...\u00a0","robots":{"index":"index","follow":"follow","max-snippet":"max-snippet:-1","max-image-preview":"max-image-preview:large","max-video-preview":"max-video-preview:-1"},"canonical":"https:\/\/ctp.eu\/de\/regions\/vienna\/","og_locale":"de_DE","og_type":"article","og_title":"Vienna","og_description":"Austria\u2019s capital is often thought of just for its rich cultural history, but it is also a vital economic hub in Central Europe. It often ranks as the most livable city in the world by indexes by the Economist and Mercer, which is a testament to factors such as its ease of mobility, infrastructure, political stability, and progress. Beyond its strong education ...\u00a0","og_url":"https:\/\/ctp.eu\/de\/regions\/vienna\/","og_site_name":"Commercial Real Estate Developer And Manager","article_modified_time":"2024-08-26T12:50:10+00:00","twitter_card":"summary_large_image","schema":{"@context":"https:\/\/schema.org","@graph":[{"@type":"WebPage","@id":"https:\/\/ctp.eu\/regions\/vienna\/","url":"https:\/\/ctp.eu\/regions\/vienna\/","name":"Wien - Entwickler und Verwalter von Gewerbeimmobilien","isPartOf":{"@id":"https:\/\/ctp.eu\/#website"},"datePublished":"2021-11-15T15:42:43+00:00","dateModified":"2024-08-26T12:50:10+00:00","description":"\u00d6sterreichs Hauptstadt wird oft nur wegen ihrer reichen Kulturgeschichte in Erinnerung gerufen, aber sie ist auch ein wichtiger Wirtschaftsstandort in Mitteleuropa. In Indizes von The Economist und Mercer wird sie oft als die lebenswerteste Stadt der Welt eingestuft, was auf Faktoren wie Mobilit\u00e4t, Infrastruktur, politische Stabilit\u00e4t und Fortschritt zur\u00fcckzuf\u00fchren ist. Neben dem starken Bildungsniveau ...\u00a0","breadcrumb":{"@id":"https:\/\/ctp.eu\/regions\/vienna\/#breadcrumb"},"inLanguage":"de","potentialAction":[{"@type":"ReadAction","target":["https:\/\/ctp.eu\/regions\/vienna\/"]}]},{"@type":"BreadcrumbList","@id":"https:\/\/ctp.eu\/regions\/vienna\/#breadcrumb","itemListElement":[{"@type":"ListItem","position":1,"name":"Home","item":"https:\/\/ctp.eu\/"},{"@type":"ListItem","position":2,"name":"Hot Regions","item":"https:\/\/ctp.eu\/regions\/"},{"@type":"ListItem","position":3,"name":"Vienna"}]},{"@type":"WebSite","@id":"https:\/\/ctp.eu\/#website","url":"https:\/\/ctp.eu\/","name":"Entwickler und Manager von Gewerbeimmobilien","description":"CTP - hochwertige industrielle Lager- und B\u00fcrogeb\u00e4ude","publisher":{"@id":"https:\/\/ctp.eu\/#organization"},"potentialAction":[{"@type":"SearchAction","target":{"@type":"EntryPoint","urlTemplate":"https:\/\/ctp.eu\/?s={search_term_string}"},"query-input":{"@type":"PropertyValueSpecification","valueRequired":true,"valueName":"search_term_string"}}],"inLanguage":"de"},{"@type":"Organization","@id":"https:\/\/ctp.eu\/#organization","name":"CTP","url":"https:\/\/ctp.eu\/","logo":{"@type":"ImageObject","inLanguage":"de","@id":"https:\/\/ctp.eu\/#\/schema\/logo\/image\/","url":"","contentUrl":"","caption":"CTP"},"image":{"@id":"https:\/\/ctp.eu\/#\/schema\/logo\/image\/"}}]}},"_links":{"self":[{"href":"https:\/\/ctp.eu\/de\/wp-json\/wp\/v2\/pages\/33817","targetHints":{"allow":["GET"]}}],"collection":[{"href":"https:\/\/ctp.eu\/de\/wp-json\/wp\/v2\/pages"}],"about":[{"href":"https:\/\/ctp.eu\/de\/wp-json\/wp\/v2\/types\/page"}],"author":[{"embeddable":true,"href":"https:\/\/ctp.eu\/de\/wp-json\/wp\/v2\/users\/22"}],"replies":[{"embeddable":true,"href":"https:\/\/ctp.eu\/de\/wp-json\/wp\/v2\/comments?post=33817"}],"version-history":[{"count":1,"href":"https:\/\/ctp.eu\/de\/wp-json\/wp\/v2\/pages\/33817\/revisions"}],"predecessor-version":[{"id":96736,"href":"https:\/\/ctp.eu\/de\/wp-json\/wp\/v2\/pages\/33817\/revisions\/96736"}],"up":[{"embeddable":true,"href":"https:\/\/ctp.eu\/de\/wp-json\/wp\/v2\/pages\/9638"}],"wp:attachment":[{"href":"https:\/\/ctp.eu\/de\/wp-json\/wp\/v2\/media?parent=33817"}],"curies":[{"name":"wp","href":"https:\/\/api.w.org\/{rel}","templated":true}]}}