{"id":33,"date":"2018-04-09T14:06:52","date_gmt":"2018-04-09T12:06:52","guid":{"rendered":"https:\/\/www.ctp.eu\/?page_id=33"},"modified":"2025-08-07T12:45:34","modified_gmt":"2025-08-07T10:45:34","slug":"about-us-old-2","status":"publish","type":"page","link":"https:\/\/ctp.eu\/de\/about-us-old-2\/","title":{"rendered":"Wir machen Parks"},"content":{"rendered":"<p><span>Seitdem wir mit dem begonnen haben, was wir tun, sind wir ziemlich gut darin geworden - in der Planung, dem Bau und der Verwaltung von Gewerbegebieten f\u00fcr unsere P\u00e4chter. Hier ist der Beweis daf\u00fcr.<\/span><\/p>\n<p>&nbsp;<\/p>\n<h2 class=\"ctp-red weight-normal\">Unsere Mieter lieben uns<\/h2>\n<p>Unsere 1<span>,<\/span>000+-Mieternetz hat eine Beibehaltungsrate von 92%, und 8<span>0<\/span>% unseres Neugesch\u00e4fts kommt von unserem bestehenden Mieternetz. Das hei\u00dft, wenn sie wachsen, wachsen auch wir. Und sie entscheiden sich daf\u00fcr, mit uns zu wachsen. Ein Grund daf\u00fcr ist, dass wir ein \"Build-to-Own\"-Entwickler sind, was bedeutet, dass wir, wenn wir etwas bauen, es nach den h\u00f6chsten Qualit\u00e4tsstandards bauen, um sicherzustellen, dass es lange h\u00e4lt: Unsere Geb\u00e4ude haben eine durchschnittliche Lebensdauer von 40 Jahren. Alles, was wir liefern, stammt von unserem eigenen Team, um zu gew\u00e4hrleisten, dass es dem CTP-Goldstandard entspricht. Wir k\u00fcmmern uns um unsere Geb\u00e4ude und Parks mit einem umfassenden Service - einschlie\u00dflich Facility Manager vor Ort, Landschaftsgestaltung, Sicherheit rund um die Uhr und mehr -, damit sich unsere Mieter auf das konzentrieren k\u00f6nnen, was sie am besten k\u00f6nnen.<\/p>\n<p>&nbsp;<\/p>\n<h2 class=\"ctp-red weight-normal\">Wachstum, das weiter w\u00e4chst<\/h2>\n<p><span>Seit unserer Gr\u00fcndung verzeichnen wir ein best\u00e4ndiges, organisches und ununterbrochenes Wachstum, und jedes Jahr scheinen wir noch mehr zu wachsen als das letzte. Heute sind wir der gr\u00f6\u00dfte b\u00f6rsennotierte Entwickler und Verwalter von Logistik- und Industrieimmobilien in Kontinentaleuropa. Dieses Wachstum ist kein Zufall. Wir positionieren uns strategisch, um zur richtigen Zeit am richtigen Ort zu wachsen. <\/span><\/p>\n<p>&nbsp;<\/p>\n<h2 class=\"ctp-red weight-normal\">Nachhaltigkeit auf der Gewinnerseite<\/h2>\n<p><span>Bei all diesem robusten Wachstum legen wir gro\u00dfen Wert auf die Anwendung branchenf\u00fchrender Standards und die besten Innovationen, um sicherzustellen, dass unsere Parks mit maximaler Effizienz und m\u00f6glichst geringen Umweltauswirkungen betrieben werden. Jeder Quadratmeter unseres Portfolios ist BREEAM-zertifiziert mit der Note \"Sehr gut\" oder besser; wir installieren Photovoltaikanlagen auf unseren D\u00e4chern, um unsere Parks mit Energie zu versorgen und in das Stromnetz einzuspeisen; und wir nutzen konsequent die neuesten Technologien und Methoden, um den \u00f6kologischen Fu\u00dfabdruck unserer Parks zu verkleinern, u. a. mit modernsten Geb\u00e4udemanagementsystemen und Kreislaufwirtschaftsl\u00f6sungen. Weitere Informationen finden Sie in unserem Abschnitt \u00fcber Nachhaltigkeit.<\/span><\/p>","protected":false},"excerpt":{"rendered":"<p>Seitdem wir mit unserer Arbeit begonnen haben, sind wir ziemlich gut darin geworden - wir entwerfen, bauen und verwalten Gewerbegebiete f\u00fcr unsere<\/p>","protected":false},"author":67,"featured_media":12410,"parent":0,"menu_order":0,"comment_status":"closed","ping_status":"closed","template":"templates\/about-us.php","meta":{"_acf_changed":false,"footnotes":""},"class_list":["post-33","page","type-page","status-publish","has-post-thumbnail","hentry"],"acf":[],"yoast_head":"<title>We make parks - Premium Industrial Warehouses and Logistics Parks<\/title>\n<meta name=\"description\" content=\"CTP is the industrial property developer and manager. It operates the largest network of premium industrial warehouses and logistics parks in CEE region.\" \/>\n<meta name=\"robots\" content=\"index, follow, max-snippet:-1, max-image-preview:large, max-video-preview:-1\" \/>\n<link rel=\"canonical\" href=\"https:\/\/ctp.eu\/de\/about-us-old-2\/\" \/>\n<meta property=\"og:locale\" content=\"de_DE\" \/>\n<meta property=\"og:type\" content=\"article\" \/>\n<meta property=\"og:title\" content=\"We make parks\" \/>\n<meta property=\"og:description\" content=\"CTP is the industrial property developer and manager. It operates the largest network of premium industrial warehouses and logistics parks in CEE region.\" \/>\n<meta property=\"og:url\" content=\"https:\/\/ctp.eu\/de\/about-us-old-2\/\" \/>\n<meta property=\"og:site_name\" content=\"Commercial Real Estate Developer And Manager\" \/>\n<meta property=\"article:modified_time\" content=\"2025-08-07T10:45:34+00:00\" \/>\n<meta property=\"og:image\" content=\"https:\/\/ctp.eu\/wp-content\/uploads\/2021\/01\/by-ctp-social.jpg\" \/>\n\t<meta property=\"og:image:width\" content=\"1600\" \/>\n\t<meta property=\"og:image:height\" content=\"836\" \/>\n\t<meta property=\"og:image:type\" content=\"image\/jpeg\" \/>\n<meta name=\"twitter:card\" content=\"summary_large_image\" \/>\n<meta name=\"twitter:label1\" content=\"Gesch\u00e4tzte Lesezeit\" \/>\n\t<meta name=\"twitter:data1\" content=\"2\u00a0Minuten\" \/>\n<script type=\"application\/ld+json\" class=\"yoast-schema-graph\">{\"@context\":\"https:\\\/\\\/schema.org\",\"@graph\":[{\"@type\":\"WebPage\",\"@id\":\"https:\\\/\\\/ctp.eu\\\/about-us-old-2\\\/\",\"url\":\"https:\\\/\\\/ctp.eu\\\/about-us-old-2\\\/\",\"name\":\"We make parks - Premium Industrial Warehouses and Logistics Parks\",\"isPartOf\":{\"@id\":\"https:\\\/\\\/ctp.eu\\\/#website\"},\"primaryImageOfPage\":{\"@id\":\"https:\\\/\\\/ctp.eu\\\/about-us-old-2\\\/#primaryimage\"},\"image\":{\"@id\":\"https:\\\/\\\/ctp.eu\\\/about-us-old-2\\\/#primaryimage\"},\"thumbnailUrl\":\"https:\\\/\\\/ctp.eu\\\/wp-content\\\/uploads\\\/2021\\\/01\\\/by-ctp-social.jpg\",\"datePublished\":\"2018-04-09T12:06:52+00:00\",\"dateModified\":\"2025-08-07T10:45:34+00:00\",\"description\":\"CTP is the industrial property developer and manager. It operates the largest network of premium industrial warehouses and logistics parks in CEE region.\",\"breadcrumb\":{\"@id\":\"https:\\\/\\\/ctp.eu\\\/about-us-old-2\\\/#breadcrumb\"},\"inLanguage\":\"de\",\"potentialAction\":[{\"@type\":\"ReadAction\",\"target\":[\"https:\\\/\\\/ctp.eu\\\/about-us-old-2\\\/\"]}]},{\"@type\":\"ImageObject\",\"inLanguage\":\"de\",\"@id\":\"https:\\\/\\\/ctp.eu\\\/about-us-old-2\\\/#primaryimage\",\"url\":\"https:\\\/\\\/ctp.eu\\\/wp-content\\\/uploads\\\/2021\\\/01\\\/by-ctp-social.jpg\",\"contentUrl\":\"https:\\\/\\\/ctp.eu\\\/wp-content\\\/uploads\\\/2021\\\/01\\\/by-ctp-social.jpg\",\"width\":1600,\"height\":836},{\"@type\":\"BreadcrumbList\",\"@id\":\"https:\\\/\\\/ctp.eu\\\/about-us-old-2\\\/#breadcrumb\",\"itemListElement\":[{\"@type\":\"ListItem\",\"position\":1,\"name\":\"Home\",\"item\":\"https:\\\/\\\/ctp.eu\\\/\"},{\"@type\":\"ListItem\",\"position\":2,\"name\":\"We make parks\"}]},{\"@type\":\"WebSite\",\"@id\":\"https:\\\/\\\/ctp.eu\\\/#website\",\"url\":\"https:\\\/\\\/ctp.eu\\\/\",\"name\":\"Commercial Real Estate Developer And Manager\",\"description\":\"CTP - premium industrial warehouse and office buildings\",\"publisher\":{\"@id\":\"https:\\\/\\\/ctp.eu\\\/#organization\"},\"potentialAction\":[{\"@type\":\"SearchAction\",\"target\":{\"@type\":\"EntryPoint\",\"urlTemplate\":\"https:\\\/\\\/ctp.eu\\\/?s={search_term_string}\"},\"query-input\":{\"@type\":\"PropertyValueSpecification\",\"valueRequired\":true,\"valueName\":\"search_term_string\"}}],\"inLanguage\":\"de\"},{\"@type\":\"Organization\",\"@id\":\"https:\\\/\\\/ctp.eu\\\/#organization\",\"name\":\"CTP\",\"url\":\"https:\\\/\\\/ctp.eu\\\/\",\"logo\":{\"@type\":\"ImageObject\",\"inLanguage\":\"de\",\"@id\":\"https:\\\/\\\/ctp.eu\\\/#\\\/schema\\\/logo\\\/image\\\/\",\"url\":\"\",\"contentUrl\":\"\",\"caption\":\"CTP\"},\"image\":{\"@id\":\"https:\\\/\\\/ctp.eu\\\/#\\\/schema\\\/logo\\\/image\\\/\"}}]}<\/script>","yoast_head_json":{"title":"Wir machen Parks - Hochwertige Industriehallen und Logistikparks","description":"CTP ist der Entwickler und Verwalter von Industrieimmobilien. Das Unternehmen betreibt das gr\u00f6\u00dfte Netz von hochwertigen Industrielagern und Logistikparks in der CEE-Region.","robots":{"index":"index","follow":"follow","max-snippet":"max-snippet:-1","max-image-preview":"max-image-preview:large","max-video-preview":"max-video-preview:-1"},"canonical":"https:\/\/ctp.eu\/de\/about-us-old-2\/","og_locale":"de_DE","og_type":"article","og_title":"We make parks","og_description":"CTP is the industrial property developer and manager. It operates the largest network of premium industrial warehouses and logistics parks in CEE region.","og_url":"https:\/\/ctp.eu\/de\/about-us-old-2\/","og_site_name":"Commercial Real Estate Developer And Manager","article_modified_time":"2025-08-07T10:45:34+00:00","og_image":[{"width":1600,"height":836,"url":"https:\/\/ctp.eu\/wp-content\/uploads\/2021\/01\/by-ctp-social.jpg","type":"image\/jpeg"}],"twitter_card":"summary_large_image","twitter_misc":{"Gesch\u00e4tzte Lesezeit":"2\u00a0Minuten"},"schema":{"@context":"https:\/\/schema.org","@graph":[{"@type":"WebPage","@id":"https:\/\/ctp.eu\/about-us-old-2\/","url":"https:\/\/ctp.eu\/about-us-old-2\/","name":"Wir machen Parks - Hochwertige Industriehallen und Logistikparks","isPartOf":{"@id":"https:\/\/ctp.eu\/#website"},"primaryImageOfPage":{"@id":"https:\/\/ctp.eu\/about-us-old-2\/#primaryimage"},"image":{"@id":"https:\/\/ctp.eu\/about-us-old-2\/#primaryimage"},"thumbnailUrl":"https:\/\/ctp.eu\/wp-content\/uploads\/2021\/01\/by-ctp-social.jpg","datePublished":"2018-04-09T12:06:52+00:00","dateModified":"2025-08-07T10:45:34+00:00","description":"CTP ist der Entwickler und Verwalter von Industrieimmobilien. Das Unternehmen betreibt das gr\u00f6\u00dfte Netz von hochwertigen Industrielagern und Logistikparks in der CEE-Region.","breadcrumb":{"@id":"https:\/\/ctp.eu\/about-us-old-2\/#breadcrumb"},"inLanguage":"de","potentialAction":[{"@type":"ReadAction","target":["https:\/\/ctp.eu\/about-us-old-2\/"]}]},{"@type":"ImageObject","inLanguage":"de","@id":"https:\/\/ctp.eu\/about-us-old-2\/#primaryimage","url":"https:\/\/ctp.eu\/wp-content\/uploads\/2021\/01\/by-ctp-social.jpg","contentUrl":"https:\/\/ctp.eu\/wp-content\/uploads\/2021\/01\/by-ctp-social.jpg","width":1600,"height":836},{"@type":"BreadcrumbList","@id":"https:\/\/ctp.eu\/about-us-old-2\/#breadcrumb","itemListElement":[{"@type":"ListItem","position":1,"name":"Home","item":"https:\/\/ctp.eu\/"},{"@type":"ListItem","position":2,"name":"We make parks"}]},{"@type":"WebSite","@id":"https:\/\/ctp.eu\/#website","url":"https:\/\/ctp.eu\/","name":"Entwickler und Manager von Gewerbeimmobilien","description":"CTP - hochwertige industrielle Lager- und B\u00fcrogeb\u00e4ude","publisher":{"@id":"https:\/\/ctp.eu\/#organization"},"potentialAction":[{"@type":"SearchAction","target":{"@type":"EntryPoint","urlTemplate":"https:\/\/ctp.eu\/?s={search_term_string}"},"query-input":{"@type":"PropertyValueSpecification","valueRequired":true,"valueName":"search_term_string"}}],"inLanguage":"de"},{"@type":"Organization","@id":"https:\/\/ctp.eu\/#organization","name":"CTP","url":"https:\/\/ctp.eu\/","logo":{"@type":"ImageObject","inLanguage":"de","@id":"https:\/\/ctp.eu\/#\/schema\/logo\/image\/","url":"","contentUrl":"","caption":"CTP"},"image":{"@id":"https:\/\/ctp.eu\/#\/schema\/logo\/image\/"}}]}},"_links":{"self":[{"href":"https:\/\/ctp.eu\/de\/wp-json\/wp\/v2\/pages\/33","targetHints":{"allow":["GET"]}}],"collection":[{"href":"https:\/\/ctp.eu\/de\/wp-json\/wp\/v2\/pages"}],"about":[{"href":"https:\/\/ctp.eu\/de\/wp-json\/wp\/v2\/types\/page"}],"author":[{"embeddable":true,"href":"https:\/\/ctp.eu\/de\/wp-json\/wp\/v2\/users\/67"}],"replies":[{"embeddable":true,"href":"https:\/\/ctp.eu\/de\/wp-json\/wp\/v2\/comments?post=33"}],"version-history":[{"count":28,"href":"https:\/\/ctp.eu\/de\/wp-json\/wp\/v2\/pages\/33\/revisions"}],"predecessor-version":[{"id":109961,"href":"https:\/\/ctp.eu\/de\/wp-json\/wp\/v2\/pages\/33\/revisions\/109961"}],"wp:featuredmedia":[{"embeddable":true,"href":"https:\/\/ctp.eu\/de\/wp-json\/wp\/v2\/media\/12410"}],"wp:attachment":[{"href":"https:\/\/ctp.eu\/de\/wp-json\/wp\/v2\/media?parent=33"}],"curies":[{"name":"wp","href":"https:\/\/api.w.org\/{rel}","templated":true}]}}