{"id":31992,"date":"2021-10-26T07:26:11","date_gmt":"2021-10-26T05:26:11","guid":{"rendered":"https:\/\/www.ctp.eu\/?page_id=31992"},"modified":"2021-10-26T10:43:24","modified_gmt":"2021-10-26T08:43:24","slug":"takeover-disclaimer","status":"publish","type":"page","link":"https:\/\/ctp.eu\/de\/investors\/takeover-offers\/takeover-disclaimer\/","title":{"rendered":"Haftungsausschluss"},"content":{"rendered":"<h2 class=\"investors-subtitle\">Haftungsausschluss<\/h2>\n<h3>Deutsche Industrie REIT-AG \u00dcbernahme- und Delisting-Angebot<\/h3>\n<p>Sie haben die Website aufgerufen, die die CTP N.V. f\u00fcr die Ver\u00f6ffentlichung von Dokumenten und Informationen im Zusammenhang mit ihrem freiwilligen \u00f6ffentlichen \u00dcbernahme- und Delisting-Angebot nach dem deutschen Wertpapiererwerbs- und \u00dcbernahmegesetz (<em>Wertpapiererwerbs- und \u00dcbernahmegesetz<\/em>) (\"<strong>Wp\u00dcG<\/strong>\") f\u00fcr alle Aktien der Deutschen Industrie REIT-AG am 26. Oktober 2021 bekannt gegeben (die \"<strong>Angebot<\/strong>\").<\/p>\n<p>&nbsp; <\/p>\n<p><strong>Um auf weitere Informationen im Zusammenhang mit dem Angebot zugreifen zu k\u00f6nnen, werden die Besucher dieser Website gebeten, am Ende dieser Seite die Kenntnisnahme der folgenden rechtlichen Hinweise zu best\u00e4tigen.<\/strong><\/p>\n<p>&nbsp; <\/p>\n<p>CTP N.V. (die \"<strong>Bieter<\/strong>\") ver\u00f6ffentlicht auf den folgenden Seiten Informationen \u00fcber das Angebot. Das Angebot wird ausschlie\u00dflich nach den in der Bundesrepublik Deutschland geltenden Rechtsvorschriften, insbesondere dem Wp\u00dcG in Verbindung mit der Verordnung \u00fcber den Inhalt der Angebotsunterlage, die Abw\u00e4gung bei \u00f6ffentlichen Angeboten und Pflichtangeboten und die Befreiung von der Verpflichtung zur Ver\u00f6ffentlichung und zur Abgabe eines Angebots (<em>Wp\u00dcG-Angebotsverordnung<\/em>). Das Angebot wird nicht nach den Vorschriften anderer Rechtsordnungen als denen der Bundesrepublik Deutschland durchgef\u00fchrt. Daher wurden keine Bekanntmachungen, Registrierungen, Zulassungen oder Genehmigungen des Angebots und\/oder der Angebotsunterlage au\u00dferhalb der Bundesrepublik Deutschland eingereicht, veranlasst oder erteilt. Anleger und Inhaber von Wertpapieren der Deutsche Industry REIT-AG k\u00f6nnen sich nicht darauf verlassen, dass sie sich auf Bestimmungen zum Schutz von Anlegern einer anderen Rechtsordnung als der der Bundesrepublik Deutschland berufen k\u00f6nnen. Keine US-Bundes- oder einzelstaatliche Wertpapieraufsichtsbeh\u00f6rde oder Regulierungsbeh\u00f6rde hat das Angebot und\/oder die Angebotsunterlage genehmigt oder abgelehnt oder die Angemessenheit oder Richtigkeit der Informationen in den Angebotsunterlagen beurteilt. Jede gegenteilige Darstellung stellt in den Vereinigten Staaten von Amerika eine Straftat dar (\"<strong>Vereinigte Staaten<\/strong>\").<\/p>\n<p>&nbsp; <\/p>\n<p>Vorbehaltlich der in der Angebotsunterlage beschriebenen Ausnahmen sowie etwaiger Ausnahmen, die von den zust\u00e4ndigen Aufsichtsbeh\u00f6rden gew\u00e4hrt werden k\u00f6nnen, wird weder direkt noch indirekt ein \u00dcbernahme- oder Delisting-Angebot in einer Rechtsordnung unterbreitet, in der dies einen Versto\u00df gegen die nationalen Gesetze dieser Rechtsordnung darstellen w\u00fcrde.<\/p>\n<p>&nbsp; <\/p>\n<p>Das Angebot wird zum Erwerb von Wertpapieren eines deutschen Unternehmens f\u00fchren und unterliegt deutschen Offenlegungspflichten, die sich von denen der Vereinigten Staaten unterscheiden. Die Finanzinformationen, die in den Angebotsunterlagen enthalten sind oder auf die verwiesen wird, wurden in \u00dcbereinstimmung mit nicht-amerikanischen Rechnungslegungsstandards erstellt und sind daher m\u00f6glicherweise nicht mit Finanzinformationen von US-Unternehmen oder Unternehmen vergleichbar, deren Jahresabschl\u00fcsse in \u00dcbereinstimmung mit den allgemein anerkannten Rechnungslegungsgrunds\u00e4tzen in den Vereinigten Staaten erstellt werden.<\/p>\n<p>&nbsp; <\/p>\n<p>Das Angebot wird in den Vereinigten Staaten gem\u00e4\u00df einer Ausnahme von den U.S.-amerikanischen Vorschriften f\u00fcr \u00dcbernahmeangebote nach Rule 14d-1(c) des U.S. Securities Exchange Act von 1934 in der jeweils g\u00fcltigen Fassung (die \"<strong>U.S. Securities Exchange Act<\/strong>\"), und die Ausgabe der Aktien erfolgt gem\u00e4\u00df einer Befreiung von der Registrierungspflicht nach Rule 802 des U.S. Securities Act von 1933 in der jeweils g\u00fcltigen Fassung (die \"<strong>U.S.-Wertpapiergesetz<\/strong>\"Das Angebot wird im \u00dcbrigen in \u00dcbereinstimmung mit den in Deutschland geltenden regulatorischen Anforderungen durchgef\u00fchrt. Dementsprechend unterliegt das Angebot Offenlegungs- und anderen Verfahrensvorschriften, unter anderem in Bezug auf R\u00fccktrittsrechte, den Zeitplan f\u00fcr das Angebot, das Abwicklungsverfahren und den Zeitpunkt der Zahlungen, die sich von denjenigen unterscheiden, die nach US-amerikanischem Recht und Verfahren f\u00fcr \u00f6ffentliche \u00dcbernahmeangebote gelten.<\/p>\n<p>&nbsp; <\/p>\n<p>F\u00fcr US-Inhaber von Aktien kann es schwierig sein, ihre Rechte und Anspr\u00fcche gem\u00e4\u00df den US-Bundeswertpapiergesetzen durchzusetzen, da CTP N.V. und die Deutsche Industrie REIT-AG in einem anderen Land als den USA ans\u00e4ssig sind und einige oder alle ihre F\u00fchrungskr\u00e4fte und Direktoren in einem anderen Land als den USA ans\u00e4ssig sein k\u00f6nnen. U.S.-amerikanische Aktieninhaber sind m\u00f6glicherweise nicht in der Lage, ein nicht-amerikanisches Unternehmen oder seine leitenden Angestellten oder Direktoren vor einem nicht-amerikanischen Gericht wegen Verst\u00f6\u00dfen gegen die U.S.-amerikanischen Wertpapiergesetze zu verklagen. Au\u00dferdem kann es schwierig sein, ein Nicht-US-Unternehmen und seine verbundenen Unternehmen zu zwingen, sich dem Urteil eines US-Gerichts zu unterwerfen.<\/p>\n<p>&nbsp; <\/p>\n<p>Die Bekanntmachungen auf dieser Website stellen weder eine Aufforderung zum Verkauf noch ein Angebot zum Tausch von Wertpapieren der Deutsche Industrie REIT-AG oder der Bieterin dar. Mit Ausnahme der Ver\u00f6ffentlichung der Angebotsunterlage stellen die Bekanntmachungen auf dieser Website auch kein Angebot zum Kauf oder Tausch von Aktien der Deutsche Industrie REIT-AG oder der Bieterin dar.<\/p>\n<p>&nbsp; <\/p>\n<p>Die Bieterin oder ihre Makler k\u00f6nnen, soweit dies nach den anwendbaren gesetzlichen Bestimmungen zul\u00e4ssig ist, in \u00dcbereinstimmung mit der deutschen Marktpraxis Wertpapiere der Deutsche Industrie REIT-AG au\u00dferhalb des Angebots direkt oder indirekt vor, w\u00e4hrend oder nach der Annahmefrist des Angebots erwerben oder Vereinbarungen \u00fcber den Erwerb von Wertpapieren abschlie\u00dfen. Gleiches gilt f\u00fcr andere Wertpapiere, die unmittelbar in Wertpapiere der Deutschen Industrie REIT-AG umgewandelt, in diese umgetauscht oder in diesen ausge\u00fcbt werden k\u00f6nnen. Der Erwerb kann \u00fcber die B\u00f6rse zu Marktpreisen oder au\u00dferb\u00f6rslich zu verhandelten Konditionen erfolgen. Alle Informationen \u00fcber solche K\u00e4ufe werden gem\u00e4\u00df den gesetzlichen Bestimmungen in Deutschland oder anderen relevanten Rechtsordnungen offengelegt.<\/p>\n<p>&nbsp; <\/p>\n<p>Soweit Bekanntmachungen auf dieser Website in die Zukunft gerichtete Aussagen enthalten, stellen diese keine Tatsachen dar und sind durch die Worte \"erwarten\", \"glauben\", \"sch\u00e4tzen\", \"beabsichtigen\", \"anstreben\", \"annehmen\" oder \u00e4hnliche Formulierungen gekennzeichnet. Solche Aussagen bringen Absichten, Ansichten oder gegenw\u00e4rtige Erwartungen und Annahmen der Bieterin und der mit ihr gemeinsam handelnden Personen zum Ausdruck, z.B. im Hinblick auf die m\u00f6glichen Folgen des Angebots f\u00fcr die Deutsche Industrie REIT-AG, f\u00fcr diejenigen Aktion\u00e4re der Deutsche Industrie REIT-AG, die sich daf\u00fcr entscheiden, das Angebot nicht anzunehmen, oder f\u00fcr zuk\u00fcnftige Finanzergebnisse der Deutsche Industrie REIT-AG. Solche in die Zukunft gerichteten Aussagen beruhen auf gegenw\u00e4rtigen Planungen, Sch\u00e4tzungen und Prognosen, die die Bieterin und die mit ihr gemeinsam handelnden Personen nach bestem Wissen vorgenommen haben, die aber nicht den Anspruch erheben, in der Zukunft richtig zu sein. Zukunftsgerichtete Aussagen unterliegen Risiken und Ungewissheiten, die schwer vorhersehbar sind und in der Regel weder von der Bieterin noch von den mit ihr gemeinsam handelnden Personen beeinflusst werden k\u00f6nnen. Es sollte bedacht werden, dass die tats\u00e4chlichen Ereignisse oder Folgen wesentlich von den in solchen zukunftsgerichteten Aussagen enthaltenen oder ausgedr\u00fcckten abweichen k\u00f6nnen.<\/p>\n<p>&nbsp; <\/p>\n<p><strong>Indem Sie die Schaltfl\u00e4che \"Ich best\u00e4tige\" anklicken, versichern Sie, dass Sie die oben genannten rechtlichen Hinweise gelesen und verstanden haben.<\/strong><\/p>\n<p>&nbsp;<\/p>\n<p><a class=\"btn btn-primary uppercase mb-0 getOfferButton\" style=\"margin-top: 80px;\" href=\"\/de\/investors\/takeover-offers\/dir-takeover\/?noredirect=true\">I Best\u00e4tigen<\/a><\/p>\n<p><a class=\"btn btn-primary uppercase mb-0 getOfferButton\" style=\"margin-top: 80px; margin-left: 20px; background: #3f4a48; border: 1px solid #3f4a48;\" href=\"\/de\/investors\/\">Ich best\u00e4tige nicht<\/a><\/p>","protected":false},"excerpt":{"rendered":"<p>Haftungsausschluss \u00dcbernahme- und Delisting-Angebot der Deutschen Industrie REIT-AG Sie haben die Website aufgerufen, die CTP NV f\u00fcr das vorgesehen hat<\/p>","protected":false},"author":22,"featured_media":0,"parent":31996,"menu_order":0,"comment_status":"closed","ping_status":"closed","template":"investors-sub-page.php","meta":{"_acf_changed":false,"footnotes":""},"class_list":["post-31992","page","type-page","status-publish","hentry"],"acf":[],"yoast_head":"<title>Disclaimer - Commercial Real Estate Developer And Manager<\/title>\n<meta name=\"robots\" content=\"index, follow, max-snippet:-1, max-image-preview:large, max-video-preview:-1\" \/>\n<link rel=\"canonical\" href=\"https:\/\/ctp.eu\/de\/investors\/takeover-offers\/takeover-disclaimer\/\" \/>\n<meta property=\"og:locale\" content=\"de_DE\" \/>\n<meta property=\"og:type\" content=\"article\" \/>\n<meta property=\"og:title\" content=\"Disclaimer\" \/>\n<meta property=\"og:description\" content=\"Disclaimer Deutsche Industrie REIT-AG Takeover and Delisting Of\u00adfer You have entered the website which CTP N.V. has designated for the\" \/>\n<meta property=\"og:url\" content=\"https:\/\/ctp.eu\/de\/investors\/takeover-offers\/takeover-disclaimer\/\" \/>\n<meta property=\"og:site_name\" content=\"Commercial Real Estate Developer And Manager\" \/>\n<meta property=\"article:modified_time\" content=\"2021-10-26T08:43:24+00:00\" \/>\n<meta name=\"twitter:card\" content=\"summary_large_image\" \/>\n<meta name=\"twitter:label1\" content=\"Gesch\u00e4tzte Lesezeit\" \/>\n\t<meta name=\"twitter:data1\" content=\"5\u00a0Minuten\" \/>\n<script type=\"application\/ld+json\" class=\"yoast-schema-graph\">{\"@context\":\"https:\/\/schema.org\",\"@graph\":[{\"@type\":\"WebPage\",\"@id\":\"https:\/\/ctp.eu\/investors\/takeover-offers\/takeover-disclaimer\/\",\"url\":\"https:\/\/ctp.eu\/investors\/takeover-offers\/takeover-disclaimer\/\",\"name\":\"Disclaimer - Commercial Real Estate Developer And Manager\",\"isPartOf\":{\"@id\":\"https:\/\/ctp.eu\/#website\"},\"datePublished\":\"2021-10-26T05:26:11+00:00\",\"dateModified\":\"2021-10-26T08:43:24+00:00\",\"breadcrumb\":{\"@id\":\"https:\/\/ctp.eu\/investors\/takeover-offers\/takeover-disclaimer\/#breadcrumb\"},\"inLanguage\":\"de\",\"potentialAction\":[{\"@type\":\"ReadAction\",\"target\":[\"https:\/\/ctp.eu\/investors\/takeover-offers\/takeover-disclaimer\/\"]}]},{\"@type\":\"BreadcrumbList\",\"@id\":\"https:\/\/ctp.eu\/investors\/takeover-offers\/takeover-disclaimer\/#breadcrumb\",\"itemListElement\":[{\"@type\":\"ListItem\",\"position\":1,\"name\":\"Home\",\"item\":\"https:\/\/ctp.eu\/\"},{\"@type\":\"ListItem\",\"position\":2,\"name\":\"Long-Term Investment Partnership\",\"item\":\"https:\/\/ctp.eu\/investors\/\"},{\"@type\":\"ListItem\",\"position\":3,\"name\":\"Takeover Offers\",\"item\":\"https:\/\/ctp.eu\/investors\/takeover-offers\/\"},{\"@type\":\"ListItem\",\"position\":4,\"name\":\"Disclaimer\"}]},{\"@type\":\"WebSite\",\"@id\":\"https:\/\/ctp.eu\/#website\",\"url\":\"https:\/\/ctp.eu\/\",\"name\":\"Commercial Real Estate Developer And Manager\",\"description\":\"CTP - premium industrial warehouse and office buildings\",\"publisher\":{\"@id\":\"https:\/\/ctp.eu\/#organization\"},\"potentialAction\":[{\"@type\":\"SearchAction\",\"target\":{\"@type\":\"EntryPoint\",\"urlTemplate\":\"https:\/\/ctp.eu\/?s={search_term_string}\"},\"query-input\":{\"@type\":\"PropertyValueSpecification\",\"valueRequired\":true,\"valueName\":\"search_term_string\"}}],\"inLanguage\":\"de\"},{\"@type\":\"Organization\",\"@id\":\"https:\/\/ctp.eu\/#organization\",\"name\":\"CTP\",\"url\":\"https:\/\/ctp.eu\/\",\"logo\":{\"@type\":\"ImageObject\",\"inLanguage\":\"de\",\"@id\":\"https:\/\/ctp.eu\/#\/schema\/logo\/image\/\",\"url\":\"\",\"contentUrl\":\"\",\"caption\":\"CTP\"},\"image\":{\"@id\":\"https:\/\/ctp.eu\/#\/schema\/logo\/image\/\"}}]}<\/script>","yoast_head_json":{"title":"Haftungsausschluss \u2013 Entwickler und Manager von Gewerbeimmobilien","robots":{"index":"index","follow":"follow","max-snippet":"max-snippet:-1","max-image-preview":"max-image-preview:large","max-video-preview":"max-video-preview:-1"},"canonical":"https:\/\/ctp.eu\/de\/investors\/takeover-offers\/takeover-disclaimer\/","og_locale":"de_DE","og_type":"article","og_title":"Disclaimer","og_description":"Disclaimer Deutsche Industrie REIT-AG Takeover and Delisting Of\u00adfer You have entered the website which CTP N.V. has designated for the","og_url":"https:\/\/ctp.eu\/de\/investors\/takeover-offers\/takeover-disclaimer\/","og_site_name":"Commercial Real Estate Developer And Manager","article_modified_time":"2021-10-26T08:43:24+00:00","twitter_card":"summary_large_image","twitter_misc":{"Gesch\u00e4tzte Lesezeit":"5\u00a0Minuten"},"schema":{"@context":"https:\/\/schema.org","@graph":[{"@type":"WebPage","@id":"https:\/\/ctp.eu\/investors\/takeover-offers\/takeover-disclaimer\/","url":"https:\/\/ctp.eu\/investors\/takeover-offers\/takeover-disclaimer\/","name":"Haftungsausschluss \u2013 Entwickler und Manager von Gewerbeimmobilien","isPartOf":{"@id":"https:\/\/ctp.eu\/#website"},"datePublished":"2021-10-26T05:26:11+00:00","dateModified":"2021-10-26T08:43:24+00:00","breadcrumb":{"@id":"https:\/\/ctp.eu\/investors\/takeover-offers\/takeover-disclaimer\/#breadcrumb"},"inLanguage":"de","potentialAction":[{"@type":"ReadAction","target":["https:\/\/ctp.eu\/investors\/takeover-offers\/takeover-disclaimer\/"]}]},{"@type":"BreadcrumbList","@id":"https:\/\/ctp.eu\/investors\/takeover-offers\/takeover-disclaimer\/#breadcrumb","itemListElement":[{"@type":"ListItem","position":1,"name":"Home","item":"https:\/\/ctp.eu\/"},{"@type":"ListItem","position":2,"name":"Long-Term Investment Partnership","item":"https:\/\/ctp.eu\/investors\/"},{"@type":"ListItem","position":3,"name":"Takeover Offers","item":"https:\/\/ctp.eu\/investors\/takeover-offers\/"},{"@type":"ListItem","position":4,"name":"Disclaimer"}]},{"@type":"WebSite","@id":"https:\/\/ctp.eu\/#website","url":"https:\/\/ctp.eu\/","name":"Entwickler und Manager von Gewerbeimmobilien","description":"CTP - hochwertige industrielle Lager- und B\u00fcrogeb\u00e4ude","publisher":{"@id":"https:\/\/ctp.eu\/#organization"},"potentialAction":[{"@type":"SearchAction","target":{"@type":"EntryPoint","urlTemplate":"https:\/\/ctp.eu\/?s={search_term_string}"},"query-input":{"@type":"PropertyValueSpecification","valueRequired":true,"valueName":"search_term_string"}}],"inLanguage":"de"},{"@type":"Organization","@id":"https:\/\/ctp.eu\/#organization","name":"CTP","url":"https:\/\/ctp.eu\/","logo":{"@type":"ImageObject","inLanguage":"de","@id":"https:\/\/ctp.eu\/#\/schema\/logo\/image\/","url":"","contentUrl":"","caption":"CTP"},"image":{"@id":"https:\/\/ctp.eu\/#\/schema\/logo\/image\/"}}]}},"_links":{"self":[{"href":"https:\/\/ctp.eu\/de\/wp-json\/wp\/v2\/pages\/31992","targetHints":{"allow":["GET"]}}],"collection":[{"href":"https:\/\/ctp.eu\/de\/wp-json\/wp\/v2\/pages"}],"about":[{"href":"https:\/\/ctp.eu\/de\/wp-json\/wp\/v2\/types\/page"}],"author":[{"embeddable":true,"href":"https:\/\/ctp.eu\/de\/wp-json\/wp\/v2\/users\/22"}],"replies":[{"embeddable":true,"href":"https:\/\/ctp.eu\/de\/wp-json\/wp\/v2\/comments?post=31992"}],"version-history":[{"count":0,"href":"https:\/\/ctp.eu\/de\/wp-json\/wp\/v2\/pages\/31992\/revisions"}],"up":[{"embeddable":true,"href":"https:\/\/ctp.eu\/de\/wp-json\/wp\/v2\/pages\/31996"}],"wp:attachment":[{"href":"https:\/\/ctp.eu\/de\/wp-json\/wp\/v2\/media?parent=31992"}],"curies":[{"name":"wp","href":"https:\/\/api.w.org\/{rel}","templated":true}]}}