{"id":238,"date":"2018-04-17T11:24:00","date_gmt":"2018-04-17T11:24:00","guid":{"rendered":"https:\/\/www.ctp.eu\/?page_id=238"},"modified":"2019-12-04T11:43:12","modified_gmt":"2019-12-04T11:43:12","slug":"development-and-services","status":"publish","type":"page","link":"https:\/\/ctp.eu\/de\/services\/development-and-services\/","title":{"rendered":"Wie k\u00f6nnen wir <br\/>Ihnen helfen?"},"content":{"rendered":"<p>Im Full-Service-Modell sind alle konkurrierenden Akteure unter einem Dach vereint, was <strong>erleichtert einen kundenorientierteren Ansatz<\/strong> f\u00e4hig zu <strong>die Komplexit\u00e4t zu reduzieren<\/strong> und das zeitraubende Tauziehen zwischen den verschiedenen Interessengruppen.<\/p>\n<p>Anpassungen k\u00f6nnen schnell vorgenommen werden <strong>um den individuellen Bed\u00fcrfnissen der Mieter gerecht zu werden<\/strong>und gleichzeitig wirtschaftliche, \u00f6kologische und soziale Nachhaltigkeitsstandards aufrechtzuerhalten, ohne sich auf eine Vielzahl unterschiedlicher Einrichtungen zu verlassen, die sich untereinander abstimmen.<\/p>\n<p>Dar\u00fcber hinaus kann das Full-Service-Modell auch den Zugang zu folgenden Leistungen erleichtern <strong>Nachhaltigkeitszertifizierung durch eine dritte Partei, <\/strong>wie z. B. BREEAM, die weltweit f\u00fchrende Methode zur Nachhaltigkeitsbewertung von Masterplanungsprojekten, Infrastruktur und Geb\u00e4uden.<\/p>\n<p><strong>CTP baut seine Geb\u00e4ude nach dem BREEAM-Standard \"ausgezeichnet\".<\/strong> und unterzieht die Geb\u00e4ude nach Absprache mit dem Mieter einer BREEAM-Zertifizierung. Die Bewertungen gew\u00e4hrleisten die \u00f6kologische, soziale und wirtschaftliche Nachhaltigkeit sowie das Wohlbefinden der Menschen, die in den Geb\u00e4uden leben und arbeiten.<\/p>\n<p class=\"perex\">","protected":false},"excerpt":{"rendered":"<p>Im Full-Service-Modell sind alle konkurrierenden Akteure unter einem Dach vereint, was einen kundenorientierten Ansatz erm\u00f6glicht, der in der Lage ist<\/p>","protected":false},"author":67,"featured_media":0,"parent":66,"menu_order":0,"comment_status":"closed","ping_status":"closed","template":"services-page.php","meta":{"_acf_changed":false,"footnotes":""},"class_list":["post-238","page","type-page","status-publish","hentry"],"acf":[],"yoast_head":"<title>How can we help you? - Commercial Real Estate Developer And Manager<\/title>\n<meta name=\"robots\" content=\"index, follow, max-snippet:-1, max-image-preview:large, max-video-preview:-1\" \/>\n<link rel=\"canonical\" href=\"https:\/\/ctp.eu\/de\/services\/development-and-services\/\" \/>\n<meta property=\"og:locale\" content=\"de_DE\" \/>\n<meta property=\"og:type\" content=\"article\" \/>\n<meta property=\"og:title\" content=\"How can we help you?\" \/>\n<meta property=\"og:description\" content=\"In the full-service model, compet\u00ading stakeholders are all brought under one roof, which facilitates a more client-centric approach able to\" \/>\n<meta property=\"og:url\" content=\"https:\/\/ctp.eu\/de\/services\/development-and-services\/\" \/>\n<meta property=\"og:site_name\" content=\"Commercial Real Estate Developer And Manager\" \/>\n<meta property=\"article:modified_time\" content=\"2019-12-04T11:43:12+00:00\" \/>\n<meta name=\"twitter:card\" content=\"summary_large_image\" \/>\n<meta name=\"twitter:label1\" content=\"Gesch\u00e4tzte Lesezeit\" \/>\n\t<meta name=\"twitter:data1\" content=\"1\u00a0Minute\" \/>\n<script type=\"application\/ld+json\" class=\"yoast-schema-graph\">{\"@context\":\"https:\/\/schema.org\",\"@graph\":[{\"@type\":\"WebPage\",\"@id\":\"https:\/\/ctp.eu\/services\/development-and-services\/\",\"url\":\"https:\/\/ctp.eu\/services\/development-and-services\/\",\"name\":\"How can we help you? - Commercial Real Estate Developer And Manager\",\"isPartOf\":{\"@id\":\"https:\/\/ctp.eu\/#website\"},\"datePublished\":\"2018-04-17T11:24:00+00:00\",\"dateModified\":\"2019-12-04T11:43:12+00:00\",\"breadcrumb\":{\"@id\":\"https:\/\/ctp.eu\/services\/development-and-services\/#breadcrumb\"},\"inLanguage\":\"de\",\"potentialAction\":[{\"@type\":\"ReadAction\",\"target\":[\"https:\/\/ctp.eu\/services\/development-and-services\/\"]}]},{\"@type\":\"BreadcrumbList\",\"@id\":\"https:\/\/ctp.eu\/services\/development-and-services\/#breadcrumb\",\"itemListElement\":[{\"@type\":\"ListItem\",\"position\":1,\"name\":\"Home\",\"item\":\"https:\/\/ctp.eu\/\"},{\"@type\":\"ListItem\",\"position\":2,\"name\":\"Services\",\"item\":\"https:\/\/ctp.eu\/services\/\"},{\"@type\":\"ListItem\",\"position\":3,\"name\":\"How can we help you?\"}]},{\"@type\":\"WebSite\",\"@id\":\"https:\/\/ctp.eu\/#website\",\"url\":\"https:\/\/ctp.eu\/\",\"name\":\"Commercial Real Estate Developer And Manager\",\"description\":\"CTP - premium industrial warehouse and office buildings\",\"publisher\":{\"@id\":\"https:\/\/ctp.eu\/#organization\"},\"potentialAction\":[{\"@type\":\"SearchAction\",\"target\":{\"@type\":\"EntryPoint\",\"urlTemplate\":\"https:\/\/ctp.eu\/?s={search_term_string}\"},\"query-input\":{\"@type\":\"PropertyValueSpecification\",\"valueRequired\":true,\"valueName\":\"search_term_string\"}}],\"inLanguage\":\"de\"},{\"@type\":\"Organization\",\"@id\":\"https:\/\/ctp.eu\/#organization\",\"name\":\"CTP\",\"url\":\"https:\/\/ctp.eu\/\",\"logo\":{\"@type\":\"ImageObject\",\"inLanguage\":\"de\",\"@id\":\"https:\/\/ctp.eu\/#\/schema\/logo\/image\/\",\"url\":\"\",\"contentUrl\":\"\",\"caption\":\"CTP\"},\"image\":{\"@id\":\"https:\/\/ctp.eu\/#\/schema\/logo\/image\/\"}}]}<\/script>","yoast_head_json":{"title":"Wie k\u00f6nnen wir Ihnen helfen? - Entwickler und Manager von Gewerbeimmobilien","robots":{"index":"index","follow":"follow","max-snippet":"max-snippet:-1","max-image-preview":"max-image-preview:large","max-video-preview":"max-video-preview:-1"},"canonical":"https:\/\/ctp.eu\/de\/services\/development-and-services\/","og_locale":"de_DE","og_type":"article","og_title":"How can we help you?","og_description":"In the full-service model, compet\u00ading stakeholders are all brought under one roof, which facilitates a more client-centric approach able to","og_url":"https:\/\/ctp.eu\/de\/services\/development-and-services\/","og_site_name":"Commercial Real Estate Developer And Manager","article_modified_time":"2019-12-04T11:43:12+00:00","twitter_card":"summary_large_image","twitter_misc":{"Gesch\u00e4tzte Lesezeit":"1\u00a0Minute"},"schema":{"@context":"https:\/\/schema.org","@graph":[{"@type":"WebPage","@id":"https:\/\/ctp.eu\/services\/development-and-services\/","url":"https:\/\/ctp.eu\/services\/development-and-services\/","name":"Wie k\u00f6nnen wir Ihnen helfen? - Entwickler und Manager von Gewerbeimmobilien","isPartOf":{"@id":"https:\/\/ctp.eu\/#website"},"datePublished":"2018-04-17T11:24:00+00:00","dateModified":"2019-12-04T11:43:12+00:00","breadcrumb":{"@id":"https:\/\/ctp.eu\/services\/development-and-services\/#breadcrumb"},"inLanguage":"de","potentialAction":[{"@type":"ReadAction","target":["https:\/\/ctp.eu\/services\/development-and-services\/"]}]},{"@type":"BreadcrumbList","@id":"https:\/\/ctp.eu\/services\/development-and-services\/#breadcrumb","itemListElement":[{"@type":"ListItem","position":1,"name":"Home","item":"https:\/\/ctp.eu\/"},{"@type":"ListItem","position":2,"name":"Services","item":"https:\/\/ctp.eu\/services\/"},{"@type":"ListItem","position":3,"name":"How can we help you?"}]},{"@type":"WebSite","@id":"https:\/\/ctp.eu\/#website","url":"https:\/\/ctp.eu\/","name":"Entwickler und Manager von Gewerbeimmobilien","description":"CTP - hochwertige industrielle Lager- und B\u00fcrogeb\u00e4ude","publisher":{"@id":"https:\/\/ctp.eu\/#organization"},"potentialAction":[{"@type":"SearchAction","target":{"@type":"EntryPoint","urlTemplate":"https:\/\/ctp.eu\/?s={search_term_string}"},"query-input":{"@type":"PropertyValueSpecification","valueRequired":true,"valueName":"search_term_string"}}],"inLanguage":"de"},{"@type":"Organization","@id":"https:\/\/ctp.eu\/#organization","name":"CTP","url":"https:\/\/ctp.eu\/","logo":{"@type":"ImageObject","inLanguage":"de","@id":"https:\/\/ctp.eu\/#\/schema\/logo\/image\/","url":"","contentUrl":"","caption":"CTP"},"image":{"@id":"https:\/\/ctp.eu\/#\/schema\/logo\/image\/"}}]}},"_links":{"self":[{"href":"https:\/\/ctp.eu\/de\/wp-json\/wp\/v2\/pages\/238","targetHints":{"allow":["GET"]}}],"collection":[{"href":"https:\/\/ctp.eu\/de\/wp-json\/wp\/v2\/pages"}],"about":[{"href":"https:\/\/ctp.eu\/de\/wp-json\/wp\/v2\/types\/page"}],"author":[{"embeddable":true,"href":"https:\/\/ctp.eu\/de\/wp-json\/wp\/v2\/users\/67"}],"replies":[{"embeddable":true,"href":"https:\/\/ctp.eu\/de\/wp-json\/wp\/v2\/comments?post=238"}],"version-history":[{"count":0,"href":"https:\/\/ctp.eu\/de\/wp-json\/wp\/v2\/pages\/238\/revisions"}],"up":[{"embeddable":true,"href":"https:\/\/ctp.eu\/de\/wp-json\/wp\/v2\/pages\/66"}],"wp:attachment":[{"href":"https:\/\/ctp.eu\/de\/wp-json\/wp\/v2\/media?parent=238"}],"curies":[{"name":"wp","href":"https:\/\/api.w.org\/{rel}","templated":true}]}}