{"id":2001,"date":"2018-05-10T13:17:39","date_gmt":"2018-05-10T13:17:39","guid":{"rendered":"https:\/\/www.ctp.eu\/?page_id=2001"},"modified":"2020-08-28T10:58:58","modified_gmt":"2020-08-28T10:58:58","slug":"consent-to-the-processing-of-personal-data","status":"publish","type":"page","link":"https:\/\/ctp.eu\/de\/ctp-policies\/consent-to-the-processing-of-personal-data\/","title":{"rendered":"Zustimmung zur Verarbeitung von personenbezogenen Daten"},"content":{"rendered":"<div class=\"policy\">\n<p><strong>Hinweis zum Datenschutz<\/strong><\/p>\n<p>Diese Datenschutzerkl\u00e4rung gilt f\u00fcr die Wahrung des Rechts auf Privatsph\u00e4re unter dem Gesichtspunkt des Schutzes personenbezogener Daten in Bezug auf diese Website, die von <strong>CTP invest, spol. s.r.o.<\/strong>mit Sitz im CTPark Humpolec, 39601 Humpolec, eingetragen im Handelsregister beim Bezirksgericht in \u010cesk\u00e9 Bud\u011bjovice, Aktenzeichen. C 15647 (\"<strong>der Controller<\/strong>\u201c).<\/p>\n<p>&nbsp;<\/p>\n<p><strong>Schutz der Privatsph\u00e4re und personenbezogener Daten<\/strong><\/p>\n<p><strong>CTP invest, spol. s.r.o.<\/strong> verarbeitet im Rahmen ihrer T\u00e4tigkeit personenbezogene Daten ihrer Kunden und handelt als f\u00fcr die Verarbeitung Verantwortlicher gem\u00e4\u00df der Verordnung (EU) 2016\/679 des Europ\u00e4ischen Parlaments und des Rates vom 27. April 2016 zum Schutz nat\u00fcrlicher Personen bei der Verarbeitung personenbezogener Daten (\"<strong>GDPR<\/strong>\"). Im Rahmen unserer Verpflichtungen als f\u00fcr die Verarbeitung Verantwortlicher legen wir Ihnen dieses Dokument vor, in dem wir Sie \u00fcber die Art, den Umfang und die sonstigen Bedingungen der Verarbeitung Ihrer personenbezogenen Daten auf unserer Website informieren.<\/p>\n<p>&nbsp;<\/p>\n<p><strong>Welche personenbezogenen Daten verarbeiten wir?<\/strong><\/p>\n<p>Auf unserer Website verarbeiten wir Ihre personenbezogenen Daten, die die IP-Adresse, Informationen \u00fcber das Betriebssystem und den Browsertyp sowie das Endger\u00e4t enthalten, und Informationen \u00fcber Ihre Aktivit\u00e4ten auf unserer Website, die mit Hilfe von Cookie-Dateien erfasst und gespeichert werden.<\/p>\n<p>&nbsp;<\/p>\n<p><strong>Was ist der Zweck der Verarbeitung Ihrer personenbezogenen Daten?<\/strong><\/p>\n<p>Der f\u00fcr die Verarbeitung Verantwortliche verarbeitet und speichert Ihre personenbezogenen Daten unter den Bedingungen und innerhalb der Grenzen der geltenden Gesetzgebung f\u00fcr die folgenden Zwecke:<\/p>\n<ol>\n<li>Verarbeitungen, f\u00fcr die wir Ihre Zustimmung nicht ben\u00f6tigen:<\/li>\n<\/ol>\n<p><em>Optimierung der Funktionsweise der Website<\/em><\/p>\n<p>Wir verarbeiten personenbezogene Daten zum Zweck des ordnungsgem\u00e4\u00dfen Funktionierens der Website, der Individualisierung des Inhalts der Website f\u00fcr die Nutzer und der Verbesserung des Nutzungskomforts.<\/p>\n<p>Sie k\u00f6nnen die Speicherung von Cookie-Dateien auf Ihrem Endger\u00e4t deaktivieren, indem Sie Ihre Browsereinstellungen entsprechend anpassen. Dies kann jedoch die Funktionsweise der Website einschr\u00e4nken, einschlie\u00dflich der Sperrung des Zugangs zu bestimmten Teilen der Website. Wenn Sie Ihren Browser nicht angepasst haben, sendet unser System automatisch Cookies, wenn Sie sich auf unserer Website anmelden.<\/p>\n<p>Sie k\u00f6nnen die auf Ihrem Ger\u00e4t gespeicherten Cookie-Dateien l\u00f6schen, indem Sie den Browserverlauf auf Ihrem Computer l\u00f6schen. Sie k\u00f6nnen sich auch daf\u00fcr entscheiden, unsere Website im \"privaten\" Modus anzusehen, der den Umfang der vom Computer registrierten Daten einschr\u00e4nkt.<\/p>\n<p>&nbsp;<\/p>\n<p>2. Verarbeitung, die wir nur mit Ihrer Zustimmung durchf\u00fchren:<\/p>\n<p><em>Marketing-Zwecke<\/em><\/p>\n<p>Ihre pers\u00f6nlichen Daten in Form von Marketing-Cookies werden verwendet, um Ihre Pr\u00e4ferenzen zu ermitteln, dank derer Ihnen die f\u00fcr Sie relevante Werbung angezeigt wird.<\/p>\n<p>Diese Website verwendet zu diesem Zweck Marketinginstrumente von Dritten:<\/p>\n<ul>\n<li>Google Analytics-Daten;<\/li>\n<li>Facebook;<\/li>\n<li>Leady.cz;<\/li>\n<li>\u00c4hnliche Anbieter von Analyse- und Marketinginstrumenten.<\/li>\n<\/ul>\n<p>Ihre Zustimmung zu Marketingzwecken ist freiwillig, und wenn Sie Ihre Zustimmung nicht erteilen, k\u00f6nnen Sie unsere Website trotzdem besuchen. Die Zustimmung kann jederzeit widerrufen werden.<\/p>\n<ul>\n<li>Verteilung des Newsletters und anderer kommerzieller Mitteilungen<\/li>\n<\/ul>\n<p>Die Zustimmung zum Erhalt von Newslettern und anderen kommerziellen Mitteilungen ist freiwillig. Wenn Sie sie jedoch nicht erteilen, k\u00f6nnen Sie keine Informationen und Nachrichten \u00fcber unsere Aktivit\u00e4ten regelm\u00e4\u00dfig erhalten. Sie k\u00f6nnen Ihre Zustimmung jederzeit widerrufen. Detaillierte Informationen \u00fcber die Art und Weise des Widerrufs Ihrer Zustimmung sind in jeder E-Mail enthalten.<\/p>\n<p>&nbsp;<\/p>\n<p><strong>Was ist die Rechtsgrundlage f\u00fcr die Verarbeitung?<\/strong><\/p>\n<p>Die Rechtsgrundlage im ersten Fall (Absatz a.) ist das berechtigte Interesse des f\u00fcr die Verarbeitung Verantwortlichen am ordnungsgem\u00e4\u00dfen Funktionieren der Website, und wenn die Daten zu Marketingzwecken verarbeitet werden (Absatz b.), ist die Grundlage Ihre ausdr\u00fcckliche Zustimmung.<\/p>\n<p>&nbsp;<\/p>\n<p><strong>An wen werden die Daten \u00fcbermittelt?<\/strong><\/p>\n<p>Wir verarbeiten und speichern die von Ihnen zur Verf\u00fcgung gestellten personenbezogenen Daten \u00fcberwiegend selbst. Soweit unbedingt erforderlich, k\u00f6nnen andere Auftragsverarbeiter die Daten verarbeiten, z. B. Anbieter von Buchhaltungs- und IT-Dienstleistungen, und zwar ausschlie\u00dflich im Rahmen einer Datenverarbeitungsvereinbarung. Was die Verarbeitung zu Marketingzwecken auf der Grundlage Ihrer Einwilligung betrifft, so \u00fcbermitteln wir Ihre personenbezogenen Daten an Unternehmen, die uns Marketingdienstleistungen anbieten.<\/p>\n<p>&nbsp;<\/p>\n<p><strong>Wie lange werden Ihre personenbezogenen Daten von uns verarbeitet?<\/strong><\/p>\n<p>Ihre personenbezogenen Daten werden f\u00fcr den Zeitraum verarbeitet, der f\u00fcr die Erf\u00fcllung des jeweiligen Verarbeitungszwecks unbedingt erforderlich ist, d. h. mindestens f\u00fcr die Laufzeit des jeweiligen Vertrags, die G\u00fcltigkeitsdauer der Einwilligung und f\u00fcr den Zeitraum, in dem der f\u00fcr die Verarbeitung Verantwortliche verpflichtet oder berechtigt ist, die Daten in \u00dcbereinstimmung mit den allgemein verbindlichen Rechtsvorschriften zu speichern.<\/p>\n<p>&nbsp;<\/p>\n<p><strong>Welche Rechte habe ich in Bezug auf den Schutz personenbezogener Daten?<\/strong><\/p>\n<p>Als betroffene Person haben Sie alle Rechte gem\u00e4\u00df der Datenschutz-Grundverordnung, einschlie\u00dflich, aber nicht beschr\u00e4nkt auf:<\/p>\n<ol>\n<li>das Recht, Informationen \u00fcber die Verarbeitung Ihrer personenbezogenen Daten zu erhalten;<\/li>\n<li>das Recht auf Zugang zu Ihren pers\u00f6nlichen Daten;<\/li>\n<li>das Recht, bei dem f\u00fcr die Verarbeitung Verantwortlichen zu beantragen, dass Ihre personenbezogenen Daten berichtigt, gel\u00f6scht oder die Verarbeitung eingeschr\u00e4nkt wird;<\/li>\n<li>das Recht, der Verarbeitung Ihrer personenbezogenen Daten zu widersprechen;<\/li>\n<li>das Recht auf Auskunft \u00fcber Ihre personenbezogenen Daten (Daten\u00fcbertragbarkeit); und<\/li>\n<li>das Recht, eine Beschwerde beim Amt f\u00fcr die Verarbeitung personenbezogener Daten einzureichen.<\/li>\n<\/ol>\n<p>&nbsp;<\/p>\n<p><strong>Wie kann ich den f\u00fcr die Verarbeitung meiner personenbezogenen Daten Verantwortlichen kontaktieren?<\/strong><\/p>\n<p>Sie k\u00f6nnen den f\u00fcr die Verarbeitung Verantwortlichen im Zusammenhang mit dem Schutz Ihrer personenbezogenen Daten und der Aus\u00fcbung Ihrer Rechte, einschlie\u00dflich des Widerrufs Ihrer Einwilligung, durch ein Schreiben an die Adresse des Sitzes des f\u00fcr die Verarbeitung Verantwortlichen kontaktieren, indem Sie an die E-Mail-Adresse schreiben: <a href=\"mailto:info@ctp.eu\">info@ctp.eu<\/a> und per Telefon unter: +420 222 390 942.<\/p>\n<\/div>","protected":false},"excerpt":{"rendered":"<p>Datenschutzhinweis Dieser Datenschutzhinweis bezieht sich auf die Wahrung des Rechts auf Privatsph\u00e4re im Hinblick auf personenbezogene Daten<\/p>","protected":false},"author":67,"featured_media":0,"parent":6125,"menu_order":0,"comment_status":"closed","ping_status":"closed","template":"","meta":{"_acf_changed":false,"footnotes":""},"class_list":["post-2001","page","type-page","status-publish","hentry"],"acf":[],"yoast_head":"<title>Consent to the processing of personal data - Commercial Real Estate Developer And Manager<\/title>\n<meta name=\"robots\" content=\"index, follow, max-snippet:-1, max-image-preview:large, max-video-preview:-1\" \/>\n<link rel=\"canonical\" href=\"https:\/\/ctp.eu\/de\/ctp-policies\/consent-to-the-processing-of-personal-data\/\" \/>\n<meta property=\"og:locale\" content=\"de_DE\" \/>\n<meta property=\"og:type\" content=\"article\" \/>\n<meta property=\"og:title\" content=\"Consent to the processing of personal data\" \/>\n<meta property=\"og:description\" content=\"Privacy Notice This privacy notice applies to observing the right to privacy from the point of view of personal data\" \/>\n<meta property=\"og:url\" content=\"https:\/\/ctp.eu\/de\/ctp-policies\/consent-to-the-processing-of-personal-data\/\" \/>\n<meta property=\"og:site_name\" content=\"Commercial Real Estate Developer And Manager\" \/>\n<meta property=\"article:modified_time\" content=\"2020-08-28T10:58:58+00:00\" \/>\n<meta name=\"twitter:card\" content=\"summary_large_image\" \/>\n<meta name=\"twitter:label1\" content=\"Gesch\u00e4tzte Lesezeit\" \/>\n\t<meta name=\"twitter:data1\" content=\"4\u00a0Minuten\" \/>\n<script type=\"application\/ld+json\" class=\"yoast-schema-graph\">{\"@context\":\"https:\/\/schema.org\",\"@graph\":[{\"@type\":\"WebPage\",\"@id\":\"https:\/\/ctp.eu\/ctp-policies\/consent-to-the-processing-of-personal-data\/\",\"url\":\"https:\/\/ctp.eu\/ctp-policies\/consent-to-the-processing-of-personal-data\/\",\"name\":\"Consent to the processing of personal data - Commercial Real Estate Developer And Manager\",\"isPartOf\":{\"@id\":\"https:\/\/ctp.eu\/#website\"},\"datePublished\":\"2018-05-10T13:17:39+00:00\",\"dateModified\":\"2020-08-28T10:58:58+00:00\",\"breadcrumb\":{\"@id\":\"https:\/\/ctp.eu\/ctp-policies\/consent-to-the-processing-of-personal-data\/#breadcrumb\"},\"inLanguage\":\"de\",\"potentialAction\":[{\"@type\":\"ReadAction\",\"target\":[\"https:\/\/ctp.eu\/ctp-policies\/consent-to-the-processing-of-personal-data\/\"]}]},{\"@type\":\"BreadcrumbList\",\"@id\":\"https:\/\/ctp.eu\/ctp-policies\/consent-to-the-processing-of-personal-data\/#breadcrumb\",\"itemListElement\":[{\"@type\":\"ListItem\",\"position\":1,\"name\":\"Home\",\"item\":\"https:\/\/ctp.eu\/\"},{\"@type\":\"ListItem\",\"position\":2,\"name\":\"CTP Policies\",\"item\":\"https:\/\/ctp.eu\/ctp-policies\/\"},{\"@type\":\"ListItem\",\"position\":3,\"name\":\"Consent to the processing of personal data\"}]},{\"@type\":\"WebSite\",\"@id\":\"https:\/\/ctp.eu\/#website\",\"url\":\"https:\/\/ctp.eu\/\",\"name\":\"Commercial Real Estate Developer And Manager\",\"description\":\"CTP - premium industrial warehouse and office buildings\",\"publisher\":{\"@id\":\"https:\/\/ctp.eu\/#organization\"},\"potentialAction\":[{\"@type\":\"SearchAction\",\"target\":{\"@type\":\"EntryPoint\",\"urlTemplate\":\"https:\/\/ctp.eu\/?s={search_term_string}\"},\"query-input\":{\"@type\":\"PropertyValueSpecification\",\"valueRequired\":true,\"valueName\":\"search_term_string\"}}],\"inLanguage\":\"de\"},{\"@type\":\"Organization\",\"@id\":\"https:\/\/ctp.eu\/#organization\",\"name\":\"CTP\",\"url\":\"https:\/\/ctp.eu\/\",\"logo\":{\"@type\":\"ImageObject\",\"inLanguage\":\"de\",\"@id\":\"https:\/\/ctp.eu\/#\/schema\/logo\/image\/\",\"url\":\"\",\"contentUrl\":\"\",\"caption\":\"CTP\"},\"image\":{\"@id\":\"https:\/\/ctp.eu\/#\/schema\/logo\/image\/\"}}]}<\/script>","yoast_head_json":{"title":"Einwilligung in die Verarbeitung personenbezogener Daten - Entwickler und Verwalter von Gewerbeimmobilien","robots":{"index":"index","follow":"follow","max-snippet":"max-snippet:-1","max-image-preview":"max-image-preview:large","max-video-preview":"max-video-preview:-1"},"canonical":"https:\/\/ctp.eu\/de\/ctp-policies\/consent-to-the-processing-of-personal-data\/","og_locale":"de_DE","og_type":"article","og_title":"Consent to the processing of personal data","og_description":"Privacy Notice This privacy notice applies to observing the right to privacy from the point of view of personal data","og_url":"https:\/\/ctp.eu\/de\/ctp-policies\/consent-to-the-processing-of-personal-data\/","og_site_name":"Commercial Real Estate Developer And Manager","article_modified_time":"2020-08-28T10:58:58+00:00","twitter_card":"summary_large_image","twitter_misc":{"Gesch\u00e4tzte Lesezeit":"4\u00a0Minuten"},"schema":{"@context":"https:\/\/schema.org","@graph":[{"@type":"WebPage","@id":"https:\/\/ctp.eu\/ctp-policies\/consent-to-the-processing-of-personal-data\/","url":"https:\/\/ctp.eu\/ctp-policies\/consent-to-the-processing-of-personal-data\/","name":"Einwilligung in die Verarbeitung personenbezogener Daten - Entwickler und Verwalter von Gewerbeimmobilien","isPartOf":{"@id":"https:\/\/ctp.eu\/#website"},"datePublished":"2018-05-10T13:17:39+00:00","dateModified":"2020-08-28T10:58:58+00:00","breadcrumb":{"@id":"https:\/\/ctp.eu\/ctp-policies\/consent-to-the-processing-of-personal-data\/#breadcrumb"},"inLanguage":"de","potentialAction":[{"@type":"ReadAction","target":["https:\/\/ctp.eu\/ctp-policies\/consent-to-the-processing-of-personal-data\/"]}]},{"@type":"BreadcrumbList","@id":"https:\/\/ctp.eu\/ctp-policies\/consent-to-the-processing-of-personal-data\/#breadcrumb","itemListElement":[{"@type":"ListItem","position":1,"name":"Home","item":"https:\/\/ctp.eu\/"},{"@type":"ListItem","position":2,"name":"CTP Policies","item":"https:\/\/ctp.eu\/ctp-policies\/"},{"@type":"ListItem","position":3,"name":"Consent to the processing of personal data"}]},{"@type":"WebSite","@id":"https:\/\/ctp.eu\/#website","url":"https:\/\/ctp.eu\/","name":"Entwickler und Manager von Gewerbeimmobilien","description":"CTP - hochwertige industrielle Lager- und B\u00fcrogeb\u00e4ude","publisher":{"@id":"https:\/\/ctp.eu\/#organization"},"potentialAction":[{"@type":"SearchAction","target":{"@type":"EntryPoint","urlTemplate":"https:\/\/ctp.eu\/?s={search_term_string}"},"query-input":{"@type":"PropertyValueSpecification","valueRequired":true,"valueName":"search_term_string"}}],"inLanguage":"de"},{"@type":"Organization","@id":"https:\/\/ctp.eu\/#organization","name":"CTP","url":"https:\/\/ctp.eu\/","logo":{"@type":"ImageObject","inLanguage":"de","@id":"https:\/\/ctp.eu\/#\/schema\/logo\/image\/","url":"","contentUrl":"","caption":"CTP"},"image":{"@id":"https:\/\/ctp.eu\/#\/schema\/logo\/image\/"}}]}},"_links":{"self":[{"href":"https:\/\/ctp.eu\/de\/wp-json\/wp\/v2\/pages\/2001","targetHints":{"allow":["GET"]}}],"collection":[{"href":"https:\/\/ctp.eu\/de\/wp-json\/wp\/v2\/pages"}],"about":[{"href":"https:\/\/ctp.eu\/de\/wp-json\/wp\/v2\/types\/page"}],"author":[{"embeddable":true,"href":"https:\/\/ctp.eu\/de\/wp-json\/wp\/v2\/users\/67"}],"replies":[{"embeddable":true,"href":"https:\/\/ctp.eu\/de\/wp-json\/wp\/v2\/comments?post=2001"}],"version-history":[{"count":0,"href":"https:\/\/ctp.eu\/de\/wp-json\/wp\/v2\/pages\/2001\/revisions"}],"up":[{"embeddable":true,"href":"https:\/\/ctp.eu\/de\/wp-json\/wp\/v2\/pages\/6125"}],"wp:attachment":[{"href":"https:\/\/ctp.eu\/de\/wp-json\/wp\/v2\/media?parent=2001"}],"curies":[{"name":"wp","href":"https:\/\/api.w.org\/{rel}","templated":true}]}}