{"id":13639,"date":"2021-03-03T13:58:12","date_gmt":"2021-03-03T11:58:12","guid":{"rendered":"https:\/\/www.ctp.eu\/?page_id=13639"},"modified":"2026-04-02T18:23:17","modified_gmt":"2026-04-02T16:23:17","slug":"governance","status":"publish","type":"page","link":"https:\/\/ctp.eu\/de\/investors\/governance\/","title":{"rendered":"Governance"},"content":{"rendered":"<p><span>Unseren Kunden und anderen Interessengruppen ein langfristiger Partner zu sein, war von Anfang an Teil unseres Ethos und unserer Gesch\u00e4ftsstrategie. Transparenz, klare Kommunikation und ethischer Umgang mit Kunden und Lieferanten sind die Grundlage f\u00fcr den Aufbau starker, vertrauensvoller Beziehungen - die Basis f\u00fcr langfristigen Erfolg. <\/span><\/p>\n<p>Wir legen Wert auf eine wirksame Unternehmensf\u00fchrung und arbeiten konsequent am Aufbau eines ethischen Arbeitsumfelds auf allen Ebenen unserer Organisation. Der Ton daf\u00fcr wird von der Unternehmensspitze vorgegeben, und als Arbeitgeber unterst\u00fctzen wir eine Kultur, in der das Aussprechen von Problemen gef\u00f6rdert wird. Alle Mitarbeiter werden im Hinblick auf unseren Verhaltenskodex geschult, und wir verf\u00fcgen \u00fcber mehrere Kan\u00e4le, an die sich Mitarbeiter wenden k\u00f6nnen, wenn sie ein Fehlverhalten vermuten, einschlie\u00dflich eines anonymen Whistleblower-Programms. Um die Integrit\u00e4t der Wertsch\u00f6pfungskette zu gew\u00e4hrleisten, f\u00fchren wir bei allen Lieferanten eine Due-Diligence-Pr\u00fcfung durch und verpflichten sie zur Einhaltung unseres Verhaltenskodex f\u00fcr Lieferanten.<\/p>","protected":false},"excerpt":{"rendered":"<p>Ein langfristiger Partner f\u00fcr unsere Kunden und andere Interessengruppen zu sein, ist Teil unseres Ethos und unserer Gesch\u00e4ftsstrategie seit<\/p>","protected":false},"author":22,"featured_media":0,"parent":9830,"menu_order":6,"comment_status":"closed","ping_status":"closed","template":"templates\/governance.php","meta":{"_acf_changed":false,"footnotes":""},"class_list":["post-13639","page","type-page","status-publish","hentry"],"acf":[],"yoast_head":"<title>Governance - Commercial Real Estate Developer And Manager<\/title>\n<meta name=\"robots\" content=\"index, follow, max-snippet:-1, max-image-preview:large, max-video-preview:-1\" \/>\n<link rel=\"canonical\" href=\"https:\/\/ctp.eu\/de\/investors\/governance\/\" \/>\n<meta property=\"og:locale\" content=\"de_DE\" \/>\n<meta property=\"og:type\" content=\"article\" \/>\n<meta property=\"og:title\" content=\"Governance\" \/>\n<meta property=\"og:description\" content=\"Being a long-term partner to our clients and other stakeholders has been part of our ethos and business strategy since\" \/>\n<meta property=\"og:url\" content=\"https:\/\/ctp.eu\/de\/investors\/governance\/\" \/>\n<meta property=\"og:site_name\" content=\"Commercial Real Estate Developer And Manager\" \/>\n<meta property=\"article:modified_time\" content=\"2026-04-02T16:23:17+00:00\" \/>\n<meta name=\"twitter:card\" content=\"summary_large_image\" \/>\n<meta name=\"twitter:label1\" content=\"Gesch\u00e4tzte Lesezeit\" \/>\n\t<meta name=\"twitter:data1\" content=\"1\u00a0Minute\" \/>\n<script type=\"application\/ld+json\" class=\"yoast-schema-graph\">{\"@context\":\"https:\/\/schema.org\",\"@graph\":[{\"@type\":\"WebPage\",\"@id\":\"https:\/\/ctp.eu\/investors\/governance\/\",\"url\":\"https:\/\/ctp.eu\/investors\/governance\/\",\"name\":\"Governance - Commercial Real Estate Developer And Manager\",\"isPartOf\":{\"@id\":\"https:\/\/ctp.eu\/#website\"},\"datePublished\":\"2021-03-03T11:58:12+00:00\",\"dateModified\":\"2026-04-02T16:23:17+00:00\",\"breadcrumb\":{\"@id\":\"https:\/\/ctp.eu\/investors\/governance\/#breadcrumb\"},\"inLanguage\":\"de\",\"potentialAction\":[{\"@type\":\"ReadAction\",\"target\":[\"https:\/\/ctp.eu\/investors\/governance\/\"]}]},{\"@type\":\"BreadcrumbList\",\"@id\":\"https:\/\/ctp.eu\/investors\/governance\/#breadcrumb\",\"itemListElement\":[{\"@type\":\"ListItem\",\"position\":1,\"name\":\"Home\",\"item\":\"https:\/\/ctp.eu\/\"},{\"@type\":\"ListItem\",\"position\":2,\"name\":\"Long-Term Investment Partnership\",\"item\":\"https:\/\/ctp.eu\/investors\/\"},{\"@type\":\"ListItem\",\"position\":3,\"name\":\"Governance\"}]},{\"@type\":\"WebSite\",\"@id\":\"https:\/\/ctp.eu\/#website\",\"url\":\"https:\/\/ctp.eu\/\",\"name\":\"Commercial Real Estate Developer And Manager\",\"description\":\"CTP - premium industrial warehouse and office buildings\",\"publisher\":{\"@id\":\"https:\/\/ctp.eu\/#organization\"},\"potentialAction\":[{\"@type\":\"SearchAction\",\"target\":{\"@type\":\"EntryPoint\",\"urlTemplate\":\"https:\/\/ctp.eu\/?s={search_term_string}\"},\"query-input\":{\"@type\":\"PropertyValueSpecification\",\"valueRequired\":true,\"valueName\":\"search_term_string\"}}],\"inLanguage\":\"de\"},{\"@type\":\"Organization\",\"@id\":\"https:\/\/ctp.eu\/#organization\",\"name\":\"CTP\",\"url\":\"https:\/\/ctp.eu\/\",\"logo\":{\"@type\":\"ImageObject\",\"inLanguage\":\"de\",\"@id\":\"https:\/\/ctp.eu\/#\/schema\/logo\/image\/\",\"url\":\"\",\"contentUrl\":\"\",\"caption\":\"CTP\"},\"image\":{\"@id\":\"https:\/\/ctp.eu\/#\/schema\/logo\/image\/\"}}]}<\/script>","yoast_head_json":{"title":"Governance - Entwickler und Verwalter von Gewerbeimmobilien","robots":{"index":"index","follow":"follow","max-snippet":"max-snippet:-1","max-image-preview":"max-image-preview:large","max-video-preview":"max-video-preview:-1"},"canonical":"https:\/\/ctp.eu\/de\/investors\/governance\/","og_locale":"de_DE","og_type":"article","og_title":"Governance","og_description":"Being a long-term partner to our clients and other stakeholders has been part of our ethos and business strategy since","og_url":"https:\/\/ctp.eu\/de\/investors\/governance\/","og_site_name":"Commercial Real Estate Developer And Manager","article_modified_time":"2026-04-02T16:23:17+00:00","twitter_card":"summary_large_image","twitter_misc":{"Gesch\u00e4tzte Lesezeit":"1\u00a0Minute"},"schema":{"@context":"https:\/\/schema.org","@graph":[{"@type":"WebPage","@id":"https:\/\/ctp.eu\/investors\/governance\/","url":"https:\/\/ctp.eu\/investors\/governance\/","name":"Governance - Entwickler und Verwalter von Gewerbeimmobilien","isPartOf":{"@id":"https:\/\/ctp.eu\/#website"},"datePublished":"2021-03-03T11:58:12+00:00","dateModified":"2026-04-02T16:23:17+00:00","breadcrumb":{"@id":"https:\/\/ctp.eu\/investors\/governance\/#breadcrumb"},"inLanguage":"de","potentialAction":[{"@type":"ReadAction","target":["https:\/\/ctp.eu\/investors\/governance\/"]}]},{"@type":"BreadcrumbList","@id":"https:\/\/ctp.eu\/investors\/governance\/#breadcrumb","itemListElement":[{"@type":"ListItem","position":1,"name":"Home","item":"https:\/\/ctp.eu\/"},{"@type":"ListItem","position":2,"name":"Long-Term Investment Partnership","item":"https:\/\/ctp.eu\/investors\/"},{"@type":"ListItem","position":3,"name":"Governance"}]},{"@type":"WebSite","@id":"https:\/\/ctp.eu\/#website","url":"https:\/\/ctp.eu\/","name":"Entwickler und Manager von Gewerbeimmobilien","description":"CTP - hochwertige industrielle Lager- und B\u00fcrogeb\u00e4ude","publisher":{"@id":"https:\/\/ctp.eu\/#organization"},"potentialAction":[{"@type":"SearchAction","target":{"@type":"EntryPoint","urlTemplate":"https:\/\/ctp.eu\/?s={search_term_string}"},"query-input":{"@type":"PropertyValueSpecification","valueRequired":true,"valueName":"search_term_string"}}],"inLanguage":"de"},{"@type":"Organization","@id":"https:\/\/ctp.eu\/#organization","name":"CTP","url":"https:\/\/ctp.eu\/","logo":{"@type":"ImageObject","inLanguage":"de","@id":"https:\/\/ctp.eu\/#\/schema\/logo\/image\/","url":"","contentUrl":"","caption":"CTP"},"image":{"@id":"https:\/\/ctp.eu\/#\/schema\/logo\/image\/"}}]}},"_links":{"self":[{"href":"https:\/\/ctp.eu\/de\/wp-json\/wp\/v2\/pages\/13639","targetHints":{"allow":["GET"]}}],"collection":[{"href":"https:\/\/ctp.eu\/de\/wp-json\/wp\/v2\/pages"}],"about":[{"href":"https:\/\/ctp.eu\/de\/wp-json\/wp\/v2\/types\/page"}],"author":[{"embeddable":true,"href":"https:\/\/ctp.eu\/de\/wp-json\/wp\/v2\/users\/22"}],"replies":[{"embeddable":true,"href":"https:\/\/ctp.eu\/de\/wp-json\/wp\/v2\/comments?post=13639"}],"version-history":[{"count":74,"href":"https:\/\/ctp.eu\/de\/wp-json\/wp\/v2\/pages\/13639\/revisions"}],"predecessor-version":[{"id":115142,"href":"https:\/\/ctp.eu\/de\/wp-json\/wp\/v2\/pages\/13639\/revisions\/115142"}],"up":[{"embeddable":true,"href":"https:\/\/ctp.eu\/de\/wp-json\/wp\/v2\/pages\/9830"}],"wp:attachment":[{"href":"https:\/\/ctp.eu\/de\/wp-json\/wp\/v2\/media?parent=13639"}],"curies":[{"name":"wp","href":"https:\/\/api.w.org\/{rel}","templated":true}]}}