{"id":75085,"date":"2023-04-14T17:01:45","date_gmt":"2023-04-14T15:01:45","guid":{"rendered":"https:\/\/www.ctp.eu\/?page_id=75085"},"modified":"2023-05-03T15:27:08","modified_gmt":"2023-05-03T13:27:08","slug":"lets-connect-at-transport-logistics","status":"publish","type":"page","link":"https:\/\/ctp.eu\/cs\/company\/events\/lets-connect-at-transport-logistics\/","title":{"rendered":"Spojte se s n\u00e1mi<br> <span>st\u00e1nek<\/span> Dopravn\u00ed logistika"},"content":{"rendered":"<p>&nbsp;<\/p>\n<p>Ka\u017ed\u00fd rok Transport Logistic \u2013 p\u0159edn\u00ed sv\u011btov\u00fd veletrh logistiky, mobility, IT a \u0159\u00edzen\u00ed dodavatelsk\u00e9ho \u0159et\u011bzce. Kon\u00e1 se ka\u017ed\u00e9 dva roky v n\u011bmeck\u00e9m Mnichov\u011b a p\u0159itahuje p\u0159es 2 000 vystavovatel\u016f z v\u00edce ne\u017e 60 zem\u00ed a v\u00edce ne\u017e 60 000 n\u00e1v\u0161t\u011bvn\u00edk\u016f z cel\u00e9ho sv\u011bta.<\/p>\n<p>&nbsp;<\/p>\n<p>Veletrh je platformou pro nejnov\u011bj\u0161\u00ed inovace, technologie a trendy v logistice a \u0159\u00edzen\u00ed dodavatelsk\u00e9ho \u0159et\u011bzce. Pokr\u00fdv\u00e1 \u0161irokou \u0161k\u00e1lu t\u00e9mat, v\u010detn\u011b dopravn\u00edch slu\u017eeb, logistick\u00fdch \u0159e\u0161en\u00ed, logistick\u00e9ho IT, elektronick\u00e9ho obchodov\u00e1n\u00ed a leteck\u00e9ho n\u00e1kladu. N\u00e1v\u0161t\u011bvn\u00edci mohou vid\u011bt nejnov\u011bj\u0161\u00ed vystaven\u00e9 produkty a slu\u017eby, z\u00fa\u010dastnit se odborn\u00fdch prezentac\u00ed a panelov\u00fdch diskus\u00ed a nav\u00e1zat kontakty s profesion\u00e1ly z cel\u00e9ho sv\u011bta.<\/p>\n<p>&nbsp;<\/p>\n<p>Veletrh nab\u00edz\u00ed pestrou \u0161k\u00e1lu expon\u00e1t\u016f, od dopravn\u00edch a logistick\u00fdch za\u0159\u00edzen\u00ed a\u017e po \u0159\u00edzen\u00ed dodavatelsk\u00e9ho \u0159et\u011bzce a IT \u0159e\u0161en\u00ed. Je to vynikaj\u00edc\u00ed p\u0159\u00edle\u017eitost pro spole\u010dnosti p\u0159edv\u00e9st sv\u00e9 produkty a slu\u017eby, setkat se se z\u00e1kazn\u00edky a partnery a z\u00edskat p\u0159ehled o nejnov\u011bj\u0161\u00edch trendech a v\u00fdvoji v oboru.<\/p>\n<p>&nbsp;<\/p>\n<p>Celkov\u011b lze \u0159\u00edci, \u017ee Transport Logistic je ud\u00e1lost, kterou je t\u0159eba nav\u0161t\u00edvit pro odborn\u00edky v oblasti logistiky, zasilatele a mana\u017eery dodavatelsk\u00e9ho \u0159et\u011bzce, kte\u0159\u00ed cht\u011bj\u00ed z\u016fstat v obraze s nejnov\u011bj\u0161\u00edm v\u00fdvojem v oboru a propojit se s pr\u016fmyslov\u00fdmi l\u00eddry z cel\u00e9ho sv\u011bta.<\/p>\n<p>&nbsp;<\/p>\n<p>Jsme r\u00e1di, \u017ee se letos op\u011bt z\u00fa\u010dastn\u00edme a douf\u00e1me, \u017ee se tam uvid\u00edme! N\u00e1\u0161 t\u00fdm se skl\u00e1d\u00e1 z kl\u00ed\u010dov\u00fdch l\u00eddr\u016f zastupuj\u00edc\u00edch st\u0159edn\u00ed a v\u00fdchodn\u00ed Evropu a N\u011bmecko, tak\u017ee p\u0159ij\u010fte na n\u00e1\u0161 st\u00e1nek a spojte se s na\u0161\u00edm t\u00fdmem Parkmaker\u016f, abyste vid\u011bli, jak m\u016f\u017eeme pomoci va\u0161emu logistick\u00e9mu podnik\u00e1n\u00ed t\u00e9m\u011b\u0159 kdekoli v Evrop\u011b.<\/p>","protected":false},"excerpt":{"rendered":"<p>&nbsp; Ka\u017ed\u00fd rok Transport Logistic \u2014 p\u0159edn\u00ed sv\u011btov\u00fd veletrh logistiky, mobility, IT a \u0159\u00edzen\u00ed dodavatelsk\u00e9ho \u0159et\u011bzce. Kon\u00e1 se ka\u017ed\u00fd<\/p>","protected":false},"author":22,"featured_media":0,"parent":198,"menu_order":0,"comment_status":"closed","ping_status":"closed","template":"investors-sub-page.php","meta":{"_acf_changed":false,"footnotes":""},"class_list":["post-75085","page","type-page","status-publish","hentry"],"acf":[],"yoast_head":"<title>Connect with us at Transport Logistic - Commercial Real Estate Developer And Manager<\/title>\n<meta name=\"robots\" content=\"index, follow, max-snippet:-1, max-image-preview:large, max-video-preview:-1\" \/>\n<link rel=\"canonical\" href=\"https:\/\/ctp.eu\/cs\/company\/events\/lets-connect-at-transport-logistics\/\" \/>\n<meta property=\"og:locale\" content=\"cs_CZ\" \/>\n<meta property=\"og:type\" content=\"article\" \/>\n<meta property=\"og:title\" content=\"Connect with us at Transport Logistic\" \/>\n<meta property=\"og:description\" content=\"&nbsp; Every year, Transport Logistic\u2014the world&#8217;s leading trade fair for logistics, mobility, IT and supply chain management.\u00a0It takes place every\" \/>\n<meta property=\"og:url\" content=\"https:\/\/ctp.eu\/cs\/company\/events\/lets-connect-at-transport-logistics\/\" \/>\n<meta property=\"og:site_name\" content=\"Commercial Real Estate Developer And Manager\" \/>\n<meta property=\"article:modified_time\" content=\"2023-05-03T13:27:08+00:00\" \/>\n<meta property=\"og:image\" content=\"https:\/\/ctp.eu\/wp-content\/uploads\/2023\/02\/web-MIPIM-23-social.jpg\" \/>\n\t<meta property=\"og:image:width\" content=\"1444\" \/>\n\t<meta property=\"og:image:height\" content=\"756\" \/>\n\t<meta property=\"og:image:type\" content=\"image\/jpeg\" \/>\n<meta name=\"twitter:card\" content=\"summary_large_image\" \/>\n<meta name=\"twitter:label1\" content=\"Odhadovan\u00e1 doba \u010dten\u00ed\" \/>\n\t<meta name=\"twitter:data1\" content=\"2 minuty\" \/>\n<script type=\"application\/ld+json\" class=\"yoast-schema-graph\">{\"@context\":\"https:\/\/schema.org\",\"@graph\":[{\"@type\":\"WebPage\",\"@id\":\"https:\/\/ctp.eu\/company\/events\/lets-connect-at-transport-logistics\/\",\"url\":\"https:\/\/ctp.eu\/company\/events\/lets-connect-at-transport-logistics\/\",\"name\":\"Connect with us at Transport Logistic - Commercial Real Estate Developer And Manager\",\"isPartOf\":{\"@id\":\"https:\/\/ctp.eu\/#website\"},\"datePublished\":\"2023-04-14T15:01:45+00:00\",\"dateModified\":\"2023-05-03T13:27:08+00:00\",\"breadcrumb\":{\"@id\":\"https:\/\/ctp.eu\/company\/events\/lets-connect-at-transport-logistics\/#breadcrumb\"},\"inLanguage\":\"cs\",\"potentialAction\":[{\"@type\":\"ReadAction\",\"target\":[\"https:\/\/ctp.eu\/company\/events\/lets-connect-at-transport-logistics\/\"]}]},{\"@type\":\"BreadcrumbList\",\"@id\":\"https:\/\/ctp.eu\/company\/events\/lets-connect-at-transport-logistics\/#breadcrumb\",\"itemListElement\":[{\"@type\":\"ListItem\",\"position\":1,\"name\":\"Home\",\"item\":\"https:\/\/ctp.eu\/\"},{\"@type\":\"ListItem\",\"position\":2,\"name\":\"Company\",\"item\":\"https:\/\/ctp.eu\/?page_id=62\"},{\"@type\":\"ListItem\",\"position\":3,\"name\":\"Events and Happenings\",\"item\":\"https:\/\/ctp.eu\/company\/events\/\"},{\"@type\":\"ListItem\",\"position\":4,\"name\":\"Connect with us at Transport Logistic\"}]},{\"@type\":\"WebSite\",\"@id\":\"https:\/\/ctp.eu\/#website\",\"url\":\"https:\/\/ctp.eu\/\",\"name\":\"Commercial Real Estate Developer And Manager\",\"description\":\"CTP - premium industrial warehouse and office buildings\",\"publisher\":{\"@id\":\"https:\/\/ctp.eu\/#organization\"},\"potentialAction\":[{\"@type\":\"SearchAction\",\"target\":{\"@type\":\"EntryPoint\",\"urlTemplate\":\"https:\/\/ctp.eu\/?s={search_term_string}\"},\"query-input\":{\"@type\":\"PropertyValueSpecification\",\"valueRequired\":true,\"valueName\":\"search_term_string\"}}],\"inLanguage\":\"cs\"},{\"@type\":\"Organization\",\"@id\":\"https:\/\/ctp.eu\/#organization\",\"name\":\"CTP\",\"url\":\"https:\/\/ctp.eu\/\",\"logo\":{\"@type\":\"ImageObject\",\"inLanguage\":\"cs\",\"@id\":\"https:\/\/ctp.eu\/#\/schema\/logo\/image\/\",\"url\":\"\",\"contentUrl\":\"\",\"caption\":\"CTP\"},\"image\":{\"@id\":\"https:\/\/ctp.eu\/#\/schema\/logo\/image\/\"}}]}<\/script>","yoast_head_json":{"title":"Spojte se s n\u00e1mi v Transport Logistic - Developer a mana\u017eer komer\u010dn\u00edch nemovitost\u00ed","robots":{"index":"index","follow":"follow","max-snippet":"max-snippet:-1","max-image-preview":"max-image-preview:large","max-video-preview":"max-video-preview:-1"},"canonical":"https:\/\/ctp.eu\/cs\/company\/events\/lets-connect-at-transport-logistics\/","og_locale":"cs_CZ","og_type":"article","og_title":"Connect with us at Transport Logistic","og_description":"&nbsp; Every year, Transport Logistic\u2014the world&#8217;s leading trade fair for logistics, mobility, IT and supply chain management.\u00a0It takes place every","og_url":"https:\/\/ctp.eu\/cs\/company\/events\/lets-connect-at-transport-logistics\/","og_site_name":"Commercial Real Estate Developer And Manager","article_modified_time":"2023-05-03T13:27:08+00:00","og_image":[{"width":1444,"height":756,"url":"https:\/\/ctp.eu\/wp-content\/uploads\/2023\/02\/web-MIPIM-23-social.jpg","type":"image\/jpeg"}],"twitter_card":"summary_large_image","twitter_misc":{"Odhadovan\u00e1 doba \u010dten\u00ed":"2 minuty"},"schema":{"@context":"https:\/\/schema.org","@graph":[{"@type":"WebPage","@id":"https:\/\/ctp.eu\/company\/events\/lets-connect-at-transport-logistics\/","url":"https:\/\/ctp.eu\/company\/events\/lets-connect-at-transport-logistics\/","name":"Spojte se s n\u00e1mi v Transport Logistic - Developer a mana\u017eer komer\u010dn\u00edch nemovitost\u00ed","isPartOf":{"@id":"https:\/\/ctp.eu\/#website"},"datePublished":"2023-04-14T15:01:45+00:00","dateModified":"2023-05-03T13:27:08+00:00","breadcrumb":{"@id":"https:\/\/ctp.eu\/company\/events\/lets-connect-at-transport-logistics\/#breadcrumb"},"inLanguage":"cs","potentialAction":[{"@type":"ReadAction","target":["https:\/\/ctp.eu\/company\/events\/lets-connect-at-transport-logistics\/"]}]},{"@type":"BreadcrumbList","@id":"https:\/\/ctp.eu\/company\/events\/lets-connect-at-transport-logistics\/#breadcrumb","itemListElement":[{"@type":"ListItem","position":1,"name":"Home","item":"https:\/\/ctp.eu\/"},{"@type":"ListItem","position":2,"name":"Company","item":"https:\/\/ctp.eu\/?page_id=62"},{"@type":"ListItem","position":3,"name":"Events and Happenings","item":"https:\/\/ctp.eu\/company\/events\/"},{"@type":"ListItem","position":4,"name":"Connect with us at Transport Logistic"}]},{"@type":"WebSite","@id":"https:\/\/ctp.eu\/#website","url":"https:\/\/ctp.eu\/","name":"Developer a mana\u017eer komer\u010dn\u00edch nemovitost\u00ed","description":"CTP - pr\u00e9miov\u00e9 pr\u016fmyslov\u00e9 sklady a kancel\u00e1\u0159sk\u00e9 budovy","publisher":{"@id":"https:\/\/ctp.eu\/#organization"},"potentialAction":[{"@type":"SearchAction","target":{"@type":"EntryPoint","urlTemplate":"https:\/\/ctp.eu\/?s={search_term_string}"},"query-input":{"@type":"PropertyValueSpecification","valueRequired":true,"valueName":"search_term_string"}}],"inLanguage":"cs"},{"@type":"Organization","@id":"https:\/\/ctp.eu\/#organization","name":"CTP","url":"https:\/\/ctp.eu\/","logo":{"@type":"ImageObject","inLanguage":"cs","@id":"https:\/\/ctp.eu\/#\/schema\/logo\/image\/","url":"","contentUrl":"","caption":"CTP"},"image":{"@id":"https:\/\/ctp.eu\/#\/schema\/logo\/image\/"}}]}},"_links":{"self":[{"href":"https:\/\/ctp.eu\/cs\/wp-json\/wp\/v2\/pages\/75085","targetHints":{"allow":["GET"]}}],"collection":[{"href":"https:\/\/ctp.eu\/cs\/wp-json\/wp\/v2\/pages"}],"about":[{"href":"https:\/\/ctp.eu\/cs\/wp-json\/wp\/v2\/types\/page"}],"author":[{"embeddable":true,"href":"https:\/\/ctp.eu\/cs\/wp-json\/wp\/v2\/users\/22"}],"replies":[{"embeddable":true,"href":"https:\/\/ctp.eu\/cs\/wp-json\/wp\/v2\/comments?post=75085"}],"version-history":[{"count":0,"href":"https:\/\/ctp.eu\/cs\/wp-json\/wp\/v2\/pages\/75085\/revisions"}],"up":[{"embeddable":true,"href":"https:\/\/ctp.eu\/cs\/wp-json\/wp\/v2\/pages\/198"}],"wp:attachment":[{"href":"https:\/\/ctp.eu\/cs\/wp-json\/wp\/v2\/media?parent=75085"}],"curies":[{"name":"wp","href":"https:\/\/api.w.org\/{rel}","templated":true}]}}