{"id":73491,"date":"2023-03-16T18:24:58","date_gmt":"2023-03-16T16:24:58","guid":{"rendered":"https:\/\/www.ctp.eu\/?page_id=73491"},"modified":"2026-04-14T14:13:32","modified_gmt":"2026-04-14T12:13:32","slug":"how-to-report-a-concern","status":"publish","type":"page","link":"https:\/\/ctp.eu\/cs\/ctp-policies\/how-to-report-a-concern\/","title":{"rendered":"Jak nahl\u00e1sit obavu"},"content":{"rendered":"<div class=\"policy\">\n<p>Spole\u010dnost CTP usiluje o to, aby jej\u00ed podnik\u00e1n\u00ed bylo etick\u00e9 a v souladu s p\u0159\u00edslu\u0161n\u00fdmi p\u0159edpisy.<\/p>\n<p>V r\u00e1mci tohoto \u00fasil\u00ed udr\u017euje CTP d\u016fv\u011brn\u00fd anonymn\u00ed kan\u00e1l pro oznamov\u00e1n\u00ed. Tento kan\u00e1l umo\u017e\u0148uje v\u00fdkonn\u00fdm pracovn\u00edk\u016fm spole\u010dnosti CTP, zam\u011bstnanc\u016fm spole\u010dnosti CTP a t\u0159et\u00edm stran\u00e1m pod\u00e1vat st\u00ed\u017enosti nebo upozor\u0148ovat na nesoulad s na\u0161imi p\u0159edpisy. <a href=\"https:\/\/ctp.eu\/cs\/investors\/governance\/\">Kodex chov\u00e1n\u00ed skupiny<\/a>, p\u0159\u00edslu\u0161n\u00e9 z\u00e1sady a etick\u00e9 normy, nahl\u00e1sit podvodn\u00e9 jedn\u00e1n\u00ed nebo po\u017e\u00e1dat o radu v z\u00e1le\u017eitostech dodr\u017eov\u00e1n\u00ed p\u0159edpis\u016f.<\/p>\n<p>Oznamovac\u00ed kan\u00e1l je anonymn\u00ed. Uveden\u00ed va\u0161eho jm\u00e9na a kontaktn\u00edch \u00fadaj\u016f v\u0161ak pom\u016f\u017ee v p\u0159\u00edpad\u011b pot\u0159eby z\u00edskat v\u00edce podrobnost\u00ed a zlep\u0161it vy\u0161et\u0159ov\u00e1n\u00ed. Spole\u010dnost CTP se zavazuje chr\u00e1nit oznamovatele pod\u00e1vaj\u00edc\u00ed ozn\u00e1men\u00ed v dobr\u00e9 v\u00ed\u0159e p\u0159ed odvetn\u00fdmi opat\u0159en\u00edmi. Se v\u0161emi oznamovateli bude zach\u00e1zeno s respektem, d\u016fstojnost\u00ed a d\u016fv\u011brnost\u00ed.<\/p>\n<p>V\u0161echny p\u0159ipom\u00ednky doru\u010den\u00e9 t\u00edmto kan\u00e1lem budou vy\u0159\u00edzeny spravedliv\u011b, \u0159\u00e1dn\u011b a bez zbyte\u010dn\u00e9ho odkladu. Dal\u0161\u00ed informace naleznete v na\u0161em <a href=\"https:\/\/ctp.eu\/cs\/ctp-policies\/group-whistleblower-policy\/\">Z\u00e1sady pro oznamovatele ve skupin\u011b<\/a>.<\/p>\n<p>St\u00ed\u017enosti (i v z\u00e1le\u017eitostech ESG) lze doru\u010dit na adresu <a href=\"mailto:compliance@ctp.eu\">compliance@ctp.eu<\/a>.<\/p>\n<p>Jak\u00e9koli zneu\u017eit\u00ed syst\u00e9mu whistleblowingu bude sankcionov\u00e1no v souladu s p\u0159\u00edslu\u0161n\u00fdmi pr\u00e1vn\u00edmi p\u0159edpisy. Ochrana p\u0159ed odvetn\u00fdmi opat\u0159en\u00edmi se nevztahuje na osoby, kter\u00e9 podaj\u00ed ozn\u00e1men\u00ed, ani\u017e by m\u011bly opr\u00e1vn\u011bn\u00fd d\u016fvod se domn\u00edvat, \u017ee se zakl\u00e1d\u00e1 na pravdiv\u00fdch informac\u00edch (tzv. \"v\u011bdom\u011b nepravdiv\u00e9 ozn\u00e1men\u00ed\").<\/p>\n<h2><\/h2>\n<p>&nbsp;<\/p>\n<\/div>","protected":false},"excerpt":{"rendered":"<p>Spole\u010dnost CTP usiluje o to, aby jej\u00ed podnik\u00e1n\u00ed bylo etick\u00e9 a v souladu s p\u0159\u00edslu\u0161n\u00fdmi p\u0159edpisy. V r\u00e1mci tohoto \u00fasil\u00ed spole\u010dnost CTP udr\u017euje<\/p>","protected":false},"author":22,"featured_media":0,"parent":6125,"menu_order":0,"comment_status":"closed","ping_status":"closed","template":"single-policy.php","meta":{"_acf_changed":false,"footnotes":""},"class_list":["post-73491","page","type-page","status-publish","hentry"],"acf":[],"yoast_head":"<title>How to Report a Concern - Commercial Real Estate Developer And Manager<\/title>\n<meta name=\"robots\" content=\"index, follow, max-snippet:-1, max-image-preview:large, max-video-preview:-1\" \/>\n<link rel=\"canonical\" href=\"https:\/\/ctp.eu\/cs\/ctp-policies\/how-to-report-a-concern\/\" \/>\n<meta property=\"og:locale\" content=\"cs_CZ\" \/>\n<meta property=\"og:type\" content=\"article\" \/>\n<meta property=\"og:title\" content=\"How to Report a Concern\" \/>\n<meta property=\"og:description\" content=\"CTP strives to conduct its business ethically and in compliance with relevant regulations. As part of the effort CTP maintains\" \/>\n<meta property=\"og:url\" content=\"https:\/\/ctp.eu\/cs\/ctp-policies\/how-to-report-a-concern\/\" \/>\n<meta property=\"og:site_name\" content=\"Commercial Real Estate Developer And Manager\" \/>\n<meta property=\"article:modified_time\" content=\"2026-04-14T12:13:32+00:00\" \/>\n<meta name=\"twitter:card\" content=\"summary_large_image\" \/>\n<meta name=\"twitter:label1\" content=\"Odhadovan\u00e1 doba \u010dten\u00ed\" \/>\n\t<meta name=\"twitter:data1\" content=\"1 minuta\" \/>\n<script type=\"application\/ld+json\" class=\"yoast-schema-graph\">{\"@context\":\"https:\\\/\\\/schema.org\",\"@graph\":[{\"@type\":\"WebPage\",\"@id\":\"https:\\\/\\\/ctp.eu\\\/ctp-policies\\\/how-to-report-a-concern\\\/\",\"url\":\"https:\\\/\\\/ctp.eu\\\/ctp-policies\\\/how-to-report-a-concern\\\/\",\"name\":\"How to Report a Concern - Commercial Real Estate Developer And Manager\",\"isPartOf\":{\"@id\":\"https:\\\/\\\/ctp.eu\\\/#website\"},\"datePublished\":\"2023-03-16T16:24:58+00:00\",\"dateModified\":\"2026-04-14T12:13:32+00:00\",\"breadcrumb\":{\"@id\":\"https:\\\/\\\/ctp.eu\\\/ctp-policies\\\/how-to-report-a-concern\\\/#breadcrumb\"},\"inLanguage\":\"cs\",\"potentialAction\":[{\"@type\":\"ReadAction\",\"target\":[\"https:\\\/\\\/ctp.eu\\\/ctp-policies\\\/how-to-report-a-concern\\\/\"]}]},{\"@type\":\"BreadcrumbList\",\"@id\":\"https:\\\/\\\/ctp.eu\\\/ctp-policies\\\/how-to-report-a-concern\\\/#breadcrumb\",\"itemListElement\":[{\"@type\":\"ListItem\",\"position\":1,\"name\":\"Home\",\"item\":\"https:\\\/\\\/ctp.eu\\\/\"},{\"@type\":\"ListItem\",\"position\":2,\"name\":\"CTP Policies\",\"item\":\"https:\\\/\\\/ctp.eu\\\/ctp-policies\\\/\"},{\"@type\":\"ListItem\",\"position\":3,\"name\":\"How to Report a Concern\"}]},{\"@type\":\"WebSite\",\"@id\":\"https:\\\/\\\/ctp.eu\\\/#website\",\"url\":\"https:\\\/\\\/ctp.eu\\\/\",\"name\":\"Commercial Real Estate Developer And Manager\",\"description\":\"CTP - premium industrial warehouse and office buildings\",\"publisher\":{\"@id\":\"https:\\\/\\\/ctp.eu\\\/#organization\"},\"potentialAction\":[{\"@type\":\"SearchAction\",\"target\":{\"@type\":\"EntryPoint\",\"urlTemplate\":\"https:\\\/\\\/ctp.eu\\\/?s={search_term_string}\"},\"query-input\":{\"@type\":\"PropertyValueSpecification\",\"valueRequired\":true,\"valueName\":\"search_term_string\"}}],\"inLanguage\":\"cs\"},{\"@type\":\"Organization\",\"@id\":\"https:\\\/\\\/ctp.eu\\\/#organization\",\"name\":\"CTP\",\"url\":\"https:\\\/\\\/ctp.eu\\\/\",\"logo\":{\"@type\":\"ImageObject\",\"inLanguage\":\"cs\",\"@id\":\"https:\\\/\\\/ctp.eu\\\/#\\\/schema\\\/logo\\\/image\\\/\",\"url\":\"\",\"contentUrl\":\"\",\"caption\":\"CTP\"},\"image\":{\"@id\":\"https:\\\/\\\/ctp.eu\\\/#\\\/schema\\\/logo\\\/image\\\/\"}}]}<\/script>","yoast_head_json":{"title":"Jak nahl\u00e1sit probl\u00e9m - Developer a spr\u00e1vce komer\u010dn\u00edch nemovitost\u00ed","robots":{"index":"index","follow":"follow","max-snippet":"max-snippet:-1","max-image-preview":"max-image-preview:large","max-video-preview":"max-video-preview:-1"},"canonical":"https:\/\/ctp.eu\/cs\/ctp-policies\/how-to-report-a-concern\/","og_locale":"cs_CZ","og_type":"article","og_title":"How to Report a Concern","og_description":"CTP strives to conduct its business ethically and in compliance with relevant regulations. As part of the effort CTP maintains","og_url":"https:\/\/ctp.eu\/cs\/ctp-policies\/how-to-report-a-concern\/","og_site_name":"Commercial Real Estate Developer And Manager","article_modified_time":"2026-04-14T12:13:32+00:00","twitter_card":"summary_large_image","twitter_misc":{"Odhadovan\u00e1 doba \u010dten\u00ed":"1 minuta"},"schema":{"@context":"https:\/\/schema.org","@graph":[{"@type":"WebPage","@id":"https:\/\/ctp.eu\/ctp-policies\/how-to-report-a-concern\/","url":"https:\/\/ctp.eu\/ctp-policies\/how-to-report-a-concern\/","name":"Jak nahl\u00e1sit probl\u00e9m - Developer a spr\u00e1vce komer\u010dn\u00edch nemovitost\u00ed","isPartOf":{"@id":"https:\/\/ctp.eu\/#website"},"datePublished":"2023-03-16T16:24:58+00:00","dateModified":"2026-04-14T12:13:32+00:00","breadcrumb":{"@id":"https:\/\/ctp.eu\/ctp-policies\/how-to-report-a-concern\/#breadcrumb"},"inLanguage":"cs","potentialAction":[{"@type":"ReadAction","target":["https:\/\/ctp.eu\/ctp-policies\/how-to-report-a-concern\/"]}]},{"@type":"BreadcrumbList","@id":"https:\/\/ctp.eu\/ctp-policies\/how-to-report-a-concern\/#breadcrumb","itemListElement":[{"@type":"ListItem","position":1,"name":"Home","item":"https:\/\/ctp.eu\/"},{"@type":"ListItem","position":2,"name":"CTP Policies","item":"https:\/\/ctp.eu\/ctp-policies\/"},{"@type":"ListItem","position":3,"name":"How to Report a Concern"}]},{"@type":"WebSite","@id":"https:\/\/ctp.eu\/#website","url":"https:\/\/ctp.eu\/","name":"Developer a mana\u017eer komer\u010dn\u00edch nemovitost\u00ed","description":"CTP - pr\u00e9miov\u00e9 pr\u016fmyslov\u00e9 sklady a kancel\u00e1\u0159sk\u00e9 budovy","publisher":{"@id":"https:\/\/ctp.eu\/#organization"},"potentialAction":[{"@type":"SearchAction","target":{"@type":"EntryPoint","urlTemplate":"https:\/\/ctp.eu\/?s={search_term_string}"},"query-input":{"@type":"PropertyValueSpecification","valueRequired":true,"valueName":"search_term_string"}}],"inLanguage":"cs"},{"@type":"Organization","@id":"https:\/\/ctp.eu\/#organization","name":"CTP","url":"https:\/\/ctp.eu\/","logo":{"@type":"ImageObject","inLanguage":"cs","@id":"https:\/\/ctp.eu\/#\/schema\/logo\/image\/","url":"","contentUrl":"","caption":"CTP"},"image":{"@id":"https:\/\/ctp.eu\/#\/schema\/logo\/image\/"}}]}},"_links":{"self":[{"href":"https:\/\/ctp.eu\/cs\/wp-json\/wp\/v2\/pages\/73491","targetHints":{"allow":["GET"]}}],"collection":[{"href":"https:\/\/ctp.eu\/cs\/wp-json\/wp\/v2\/pages"}],"about":[{"href":"https:\/\/ctp.eu\/cs\/wp-json\/wp\/v2\/types\/page"}],"author":[{"embeddable":true,"href":"https:\/\/ctp.eu\/cs\/wp-json\/wp\/v2\/users\/22"}],"replies":[{"embeddable":true,"href":"https:\/\/ctp.eu\/cs\/wp-json\/wp\/v2\/comments?post=73491"}],"version-history":[{"count":17,"href":"https:\/\/ctp.eu\/cs\/wp-json\/wp\/v2\/pages\/73491\/revisions"}],"predecessor-version":[{"id":115425,"href":"https:\/\/ctp.eu\/cs\/wp-json\/wp\/v2\/pages\/73491\/revisions\/115425"}],"up":[{"embeddable":true,"href":"https:\/\/ctp.eu\/cs\/wp-json\/wp\/v2\/pages\/6125"}],"wp:attachment":[{"href":"https:\/\/ctp.eu\/cs\/wp-json\/wp\/v2\/media?parent=73491"}],"curies":[{"name":"wp","href":"https:\/\/api.w.org\/{rel}","templated":true}]}}