{"id":6451,"date":"2019-10-11T07:37:19","date_gmt":"2019-10-11T07:37:19","guid":{"rendered":"https:\/\/www.ctp.eu\/?page_id=6451"},"modified":"2020-08-28T10:59:00","modified_gmt":"2020-08-28T10:59:00","slug":"consent-to-the-use-of-personal-data-for-the-purpose-of-receiving-the-newsletter","status":"publish","type":"page","link":"https:\/\/ctp.eu\/cs\/ctp-policies\/consent-to-the-use-of-personal-data-for-the-purpose-of-receiving-the-newsletter\/","title":{"rendered":"Souhlas s pou\u017eit\u00edm osobn\u00edch \u00fadaj\u016f pro \u00fa\u010dely zas\u00edl\u00e1n\u00ed newsletteru"},"content":{"rendered":"<div class=\"policy\">\n<p>Souhlas\u00edm se zpracov\u00e1n\u00edm sv\u00fdch osobn\u00edch \u00fadaj\u016f spole\u010dnost\u00ed CTP Invest, spol. s.r.o. (d\u00e1le jen \"Spr\u00e1vce\") za \u00fa\u010delem zas\u00edl\u00e1n\u00ed newsletter\u016f a personalizovan\u00fdch obchodn\u00edch informac\u00ed o produktech, slu\u017eb\u00e1ch, pr\u016fzkumech trhu, akc\u00edch a dal\u0161\u00edch marketingov\u00fdch aktivit\u00e1ch Spr\u00e1vce nebo jin\u00fdch spole\u010dnost\u00ed v r\u00e1mci skupiny. <a href=\"https:\/\/ctp.eu\/cs\/\">Skupina CTP<\/a>. Pro tyto \u00fa\u010dely m\u016f\u017ee spr\u00e1vce zpracov\u00e1vat osobn\u00ed \u00fadaje, kter\u00e9 jsem poskytl v\u00fd\u0161e, tj. mou e-mailovou adresu, jm\u00e9no, p\u0159\u00edjmen\u00ed a p\u0159\u00edpadn\u011b telefonn\u00ed \u010d\u00edslo, jako\u017e i m\u00e9 reakce na obdr\u017een\u00e9 informace.<\/p>\n<p>Ud\u011bluji sv\u016fj souhlas s <strong>obdob\u00ed 3 let<\/strong>. Beru na v\u011bdom\u00ed, \u017ee sv\u016fj souhlas mohu kdykoli odvolat. Jak\u00e9koli takov\u00e9 odvol\u00e1n\u00ed nem\u00e1 vliv na zpracov\u00e1n\u00ed m\u00fdch osobn\u00edch \u00fadaj\u016f p\u0159ed odvol\u00e1n\u00edm.<\/p>\n<p>V\u00edce informac\u00ed o tom, jak spole\u010dnost CTP Invest, spol. s.r.o. zpracov\u00e1v\u00e1 a chr\u00e1n\u00ed osobn\u00ed \u00fadaje, naleznete zde. <a href=\"https:\/\/ctp.eu\/cs\/ctp-policies\/business-partners-privacy-policy\/\">k dispozici zde<\/a>.\n<\/div>","protected":false},"excerpt":{"rendered":"<p>Souhlas\u00edm se zpracov\u00e1n\u00edm sv\u00fdch osobn\u00edch \u00fadaj\u016f spole\u010dnost\u00ed CTP Invest, spol. s.r.o. (d\u00e1le jen \"spr\u00e1vce\") za \u00fa\u010delem.<\/p>","protected":false},"author":67,"featured_media":0,"parent":6125,"menu_order":0,"comment_status":"closed","ping_status":"closed","template":"","meta":{"_acf_changed":false,"footnotes":""},"class_list":["post-6451","page","type-page","status-publish","hentry"],"acf":[],"yoast_head":"<title>Consent to the use of personal data for the purpose of receiving the newsletter - Commercial Real Estate Developer And Manager<\/title>\n<meta name=\"robots\" content=\"index, follow, max-snippet:-1, max-image-preview:large, max-video-preview:-1\" \/>\n<link rel=\"canonical\" href=\"https:\/\/ctp.eu\/cs\/ctp-policies\/consent-to-the-use-of-personal-data-for-the-purpose-of-receiving-the-newsletter\/\" \/>\n<meta property=\"og:locale\" content=\"cs_CZ\" \/>\n<meta property=\"og:type\" content=\"article\" \/>\n<meta property=\"og:title\" content=\"Consent to the use of personal data for the purpose of receiving the newsletter\" \/>\n<meta property=\"og:description\" content=\"I consent to the processing of my personal data by CTP Invest, spol. s.r.o. (the \u201cController\u201d) for the purpose of\" \/>\n<meta property=\"og:url\" content=\"https:\/\/ctp.eu\/cs\/ctp-policies\/consent-to-the-use-of-personal-data-for-the-purpose-of-receiving-the-newsletter\/\" \/>\n<meta property=\"og:site_name\" content=\"Commercial Real Estate Developer And Manager\" \/>\n<meta property=\"article:modified_time\" content=\"2020-08-28T10:59:00+00:00\" \/>\n<meta name=\"twitter:card\" content=\"summary_large_image\" \/>\n<meta name=\"twitter:label1\" content=\"Odhadovan\u00e1 doba \u010dten\u00ed\" \/>\n\t<meta name=\"twitter:data1\" content=\"1 minuta\" \/>\n<script type=\"application\/ld+json\" class=\"yoast-schema-graph\">{\"@context\":\"https:\\\/\\\/schema.org\",\"@graph\":[{\"@type\":\"WebPage\",\"@id\":\"https:\\\/\\\/ctp.eu\\\/ctp-policies\\\/consent-to-the-use-of-personal-data-for-the-purpose-of-receiving-the-newsletter\\\/\",\"url\":\"https:\\\/\\\/ctp.eu\\\/ctp-policies\\\/consent-to-the-use-of-personal-data-for-the-purpose-of-receiving-the-newsletter\\\/\",\"name\":\"Consent to the use of personal data for the purpose of receiving the newsletter - Commercial Real Estate Developer And Manager\",\"isPartOf\":{\"@id\":\"https:\\\/\\\/ctp.eu\\\/#website\"},\"datePublished\":\"2019-10-11T07:37:19+00:00\",\"dateModified\":\"2020-08-28T10:59:00+00:00\",\"breadcrumb\":{\"@id\":\"https:\\\/\\\/ctp.eu\\\/ctp-policies\\\/consent-to-the-use-of-personal-data-for-the-purpose-of-receiving-the-newsletter\\\/#breadcrumb\"},\"inLanguage\":\"cs\",\"potentialAction\":[{\"@type\":\"ReadAction\",\"target\":[\"https:\\\/\\\/ctp.eu\\\/ctp-policies\\\/consent-to-the-use-of-personal-data-for-the-purpose-of-receiving-the-newsletter\\\/\"]}]},{\"@type\":\"BreadcrumbList\",\"@id\":\"https:\\\/\\\/ctp.eu\\\/ctp-policies\\\/consent-to-the-use-of-personal-data-for-the-purpose-of-receiving-the-newsletter\\\/#breadcrumb\",\"itemListElement\":[{\"@type\":\"ListItem\",\"position\":1,\"name\":\"Home\",\"item\":\"https:\\\/\\\/ctp.eu\\\/\"},{\"@type\":\"ListItem\",\"position\":2,\"name\":\"CTP Policies\",\"item\":\"https:\\\/\\\/ctp.eu\\\/ctp-policies\\\/\"},{\"@type\":\"ListItem\",\"position\":3,\"name\":\"Consent to the use of personal data for the purpose of receiving the newsletter\"}]},{\"@type\":\"WebSite\",\"@id\":\"https:\\\/\\\/ctp.eu\\\/#website\",\"url\":\"https:\\\/\\\/ctp.eu\\\/\",\"name\":\"Commercial Real Estate Developer And Manager\",\"description\":\"CTP - premium industrial warehouse and office buildings\",\"publisher\":{\"@id\":\"https:\\\/\\\/ctp.eu\\\/#organization\"},\"potentialAction\":[{\"@type\":\"SearchAction\",\"target\":{\"@type\":\"EntryPoint\",\"urlTemplate\":\"https:\\\/\\\/ctp.eu\\\/?s={search_term_string}\"},\"query-input\":{\"@type\":\"PropertyValueSpecification\",\"valueRequired\":true,\"valueName\":\"search_term_string\"}}],\"inLanguage\":\"cs\"},{\"@type\":\"Organization\",\"@id\":\"https:\\\/\\\/ctp.eu\\\/#organization\",\"name\":\"CTP\",\"url\":\"https:\\\/\\\/ctp.eu\\\/\",\"logo\":{\"@type\":\"ImageObject\",\"inLanguage\":\"cs\",\"@id\":\"https:\\\/\\\/ctp.eu\\\/#\\\/schema\\\/logo\\\/image\\\/\",\"url\":\"\",\"contentUrl\":\"\",\"caption\":\"CTP\"},\"image\":{\"@id\":\"https:\\\/\\\/ctp.eu\\\/#\\\/schema\\\/logo\\\/image\\\/\"}}]}<\/script>","yoast_head_json":{"title":"Souhlas s pou\u017eit\u00edm osobn\u00edch \u00fadaj\u016f pro \u00fa\u010dely zas\u00edl\u00e1n\u00ed newsletteru - Commercial Real Estate Developer And Manager","robots":{"index":"index","follow":"follow","max-snippet":"max-snippet:-1","max-image-preview":"max-image-preview:large","max-video-preview":"max-video-preview:-1"},"canonical":"https:\/\/ctp.eu\/cs\/ctp-policies\/consent-to-the-use-of-personal-data-for-the-purpose-of-receiving-the-newsletter\/","og_locale":"cs_CZ","og_type":"article","og_title":"Consent to the use of personal data for the purpose of receiving the newsletter","og_description":"I consent to the processing of my personal data by CTP Invest, spol. s.r.o. (the \u201cController\u201d) for the purpose of","og_url":"https:\/\/ctp.eu\/cs\/ctp-policies\/consent-to-the-use-of-personal-data-for-the-purpose-of-receiving-the-newsletter\/","og_site_name":"Commercial Real Estate Developer And Manager","article_modified_time":"2020-08-28T10:59:00+00:00","twitter_card":"summary_large_image","twitter_misc":{"Odhadovan\u00e1 doba \u010dten\u00ed":"1 minuta"},"schema":{"@context":"https:\/\/schema.org","@graph":[{"@type":"WebPage","@id":"https:\/\/ctp.eu\/ctp-policies\/consent-to-the-use-of-personal-data-for-the-purpose-of-receiving-the-newsletter\/","url":"https:\/\/ctp.eu\/ctp-policies\/consent-to-the-use-of-personal-data-for-the-purpose-of-receiving-the-newsletter\/","name":"Souhlas s pou\u017eit\u00edm osobn\u00edch \u00fadaj\u016f pro \u00fa\u010dely zas\u00edl\u00e1n\u00ed newsletteru - Commercial Real Estate Developer And Manager","isPartOf":{"@id":"https:\/\/ctp.eu\/#website"},"datePublished":"2019-10-11T07:37:19+00:00","dateModified":"2020-08-28T10:59:00+00:00","breadcrumb":{"@id":"https:\/\/ctp.eu\/ctp-policies\/consent-to-the-use-of-personal-data-for-the-purpose-of-receiving-the-newsletter\/#breadcrumb"},"inLanguage":"cs","potentialAction":[{"@type":"ReadAction","target":["https:\/\/ctp.eu\/ctp-policies\/consent-to-the-use-of-personal-data-for-the-purpose-of-receiving-the-newsletter\/"]}]},{"@type":"BreadcrumbList","@id":"https:\/\/ctp.eu\/ctp-policies\/consent-to-the-use-of-personal-data-for-the-purpose-of-receiving-the-newsletter\/#breadcrumb","itemListElement":[{"@type":"ListItem","position":1,"name":"Home","item":"https:\/\/ctp.eu\/"},{"@type":"ListItem","position":2,"name":"CTP Policies","item":"https:\/\/ctp.eu\/ctp-policies\/"},{"@type":"ListItem","position":3,"name":"Consent to the use of personal data for the purpose of receiving the newsletter"}]},{"@type":"WebSite","@id":"https:\/\/ctp.eu\/#website","url":"https:\/\/ctp.eu\/","name":"Developer a mana\u017eer komer\u010dn\u00edch nemovitost\u00ed","description":"CTP - pr\u00e9miov\u00e9 pr\u016fmyslov\u00e9 sklady a kancel\u00e1\u0159sk\u00e9 budovy","publisher":{"@id":"https:\/\/ctp.eu\/#organization"},"potentialAction":[{"@type":"SearchAction","target":{"@type":"EntryPoint","urlTemplate":"https:\/\/ctp.eu\/?s={search_term_string}"},"query-input":{"@type":"PropertyValueSpecification","valueRequired":true,"valueName":"search_term_string"}}],"inLanguage":"cs"},{"@type":"Organization","@id":"https:\/\/ctp.eu\/#organization","name":"CTP","url":"https:\/\/ctp.eu\/","logo":{"@type":"ImageObject","inLanguage":"cs","@id":"https:\/\/ctp.eu\/#\/schema\/logo\/image\/","url":"","contentUrl":"","caption":"CTP"},"image":{"@id":"https:\/\/ctp.eu\/#\/schema\/logo\/image\/"}}]}},"_links":{"self":[{"href":"https:\/\/ctp.eu\/cs\/wp-json\/wp\/v2\/pages\/6451","targetHints":{"allow":["GET"]}}],"collection":[{"href":"https:\/\/ctp.eu\/cs\/wp-json\/wp\/v2\/pages"}],"about":[{"href":"https:\/\/ctp.eu\/cs\/wp-json\/wp\/v2\/types\/page"}],"author":[{"embeddable":true,"href":"https:\/\/ctp.eu\/cs\/wp-json\/wp\/v2\/users\/67"}],"replies":[{"embeddable":true,"href":"https:\/\/ctp.eu\/cs\/wp-json\/wp\/v2\/comments?post=6451"}],"version-history":[{"count":0,"href":"https:\/\/ctp.eu\/cs\/wp-json\/wp\/v2\/pages\/6451\/revisions"}],"up":[{"embeddable":true,"href":"https:\/\/ctp.eu\/cs\/wp-json\/wp\/v2\/pages\/6125"}],"wp:attachment":[{"href":"https:\/\/ctp.eu\/cs\/wp-json\/wp\/v2\/media?parent=6451"}],"curies":[{"name":"wp","href":"https:\/\/api.w.org\/{rel}","templated":true}]}}