{"id":6064,"date":"2019-08-06T13:20:45","date_gmt":"2019-08-06T13:20:45","guid":{"rendered":"https:\/\/www.ctp.eu\/?page_id=6064"},"modified":"2020-08-28T10:59:01","modified_gmt":"2020-08-28T10:59:01","slug":"ctp-website-cookie-policy","status":"publish","type":"page","link":"https:\/\/ctp.eu\/cs\/ctp-policies\/ctp-website-cookie-policy\/","title":{"rendered":"Z\u00e1sady pou\u017e\u00edv\u00e1n\u00ed soubor\u016f cookie na webov\u00fdch str\u00e1nk\u00e1ch CTP"},"content":{"rendered":"<div class=\"policy\">\n<p>Spole\u010dnost CTP Invest, spol. s r.o. (\" CTP Invest, spol. s r.o.\") se sna\u017e\u00ed zajistit, abyste z\u00edskali co nejlep\u0161\u00ed z\u00e1\u017eitek.<strong>CTP<\/strong>\" nebo \"<strong>my<\/strong>\") mohou webov\u00e9 str\u00e1nky do va\u0161eho za\u0159\u00edzen\u00ed ukl\u00e1dat mal\u00e9 datov\u00e9 soubory zvan\u00e9 cookies. N\u00ed\u017ee naleznete z\u00e1kladn\u00ed informace o souborech cookie a vysv\u011btlen\u00ed, jak p\u0159esn\u011b je na\u0161e webov\u00e9 str\u00e1nky vyu\u017e\u00edvaj\u00ed.<\/p>\n<p>&nbsp;<\/p>\n<h2>1. Co jsou to soubory cookie?<\/h2>\n<p>Soubory cookie jsou mal\u00e9 textov\u00e9 soubory odes\u00edlan\u00e9 do va\u0161eho za\u0159\u00edzen\u00ed. A\u010dkoli soubory cookie obsahuj\u00ed identifika\u010dn\u00ed informace, neobsahuj\u00ed \u017e\u00e1dn\u00e9 informace, kter\u00e9 by v\u00e1s osobn\u011b identifikovaly, ale umo\u017e\u0148uj\u00ed n\u00e1m v\u00e1s rozpoznat p\u0159i n\u00e1vratu na na\u0161e webov\u00e9 str\u00e1nky. Pokud p\u0159i n\u00e1v\u0161t\u011bv\u011b na\u0161ich webov\u00fdch str\u00e1nek nechcete p\u0159ij\u00edmat soubory cookie, m\u011bli byste m\u00edt mo\u017enost zm\u011bnit nastaven\u00ed sv\u00e9ho prohl\u00ed\u017ee\u010de tak, aby tuto funkci zak\u00e1zal (v\u00edce informac\u00ed o tom, jak to ud\u011blat - n\u00ed\u017ee), ale m\u016f\u017ee se st\u00e1t, \u017ee n\u011bkter\u00e9 \u010d\u00e1sti str\u00e1nek nebudete moci nav\u0161t\u00edvit, pokud tak u\u010din\u00edte. Obecn\u011b se m\u016f\u017ee jednat o sekce, do kter\u00fdch jste se speci\u00e1ln\u011b zaregistrovali, a m\u016f\u017eete p\u0159ij\u00edt o n\u011bkter\u00e9 u\u017eite\u010dn\u00e9 funkce, jako je personalizace a funkce \"udr\u017eet m\u011b p\u0159ihl\u00e1\u0161en\u00e9ho\" a \"zapamatovat si m\u011b\".<\/p>\n<h2><\/h2>\n<h2>2. Pro\u010d se na t\u011bchto webov\u00fdch str\u00e1nk\u00e1ch pou\u017e\u00edvaj\u00ed soubory cookie?<\/h2>\n<p>Pou\u017e\u00edv\u00e1me soubory cookie, kter\u00e9 n\u00e1m pom\u00e1haj\u00ed analyzovat, jak u\u017eivatel\u00e9 pou\u017e\u00edvaj\u00ed na\u0161e slu\u017eby, a podobn\u00e9 technologie (nap\u0159. identifik\u00e1tory za\u0159\u00edzen\u00ed, reklamn\u00ed zna\u010dky), abychom v\u00e1s a\/nebo va\u0161e za\u0159\u00edzen\u00ed rozpoznali p\u0159i zapnut\u00ed, vypnut\u00ed a na r\u016fzn\u00fdch za\u0159\u00edzen\u00edch a v r\u00e1mci na\u0161ich slu\u017eeb, a tak\u00e9 abychom zlep\u0161ili nab\u00edzen\u00e9 slu\u017eby, zlep\u0161ili marketing, analytiku nebo funk\u010dnost webov\u00fdch str\u00e1nek.<\/p>\n<p>&nbsp;<\/p>\n<h2>3. Jak\u00e9 typy soubor\u016f cookie jsou um\u00edst\u011bny?<\/h2>\n<p>V pr\u016fb\u011bhu va\u0161eho prohl\u00ed\u017een\u00ed mohou na\u0161e webov\u00e9 str\u00e1nky vyu\u017e\u00edvat n\u00e1sleduj\u00edc\u00ed typy soubor\u016f cookie:<\/p>\n<ul>\n<li>soubory cookie pro p\u0159izp\u016fsoben\u00ed u\u017eivatelsk\u00e9ho rozhran\u00ed (tj. soubory cookie, kter\u00e9 si zapamatuj\u00ed va\u0161e preference);<\/li>\n<li>ov\u011b\u0159ovac\u00ed soubory cookie (tj. soubory cookie, kter\u00e9 v\u00e1m umo\u017e\u0148uj\u00ed opustit na\u0161e webov\u00e9 str\u00e1nky a vr\u00e1tit se na n\u011b, ani\u017e byste se museli znovu ov\u011b\u0159ovat);<\/li>\n<li>soubory cookie p\u0159ehr\u00e1va\u010de videa (tj. soubory cookie ukl\u00e1daj\u00edc\u00ed data pot\u0159ebn\u00e1 k p\u0159ehr\u00e1v\u00e1n\u00ed video nebo audio obsahu a ukl\u00e1daj\u00edc\u00ed va\u0161e preference);<\/li>\n<li>analytick\u00e9 soubory cookie prvn\u00ed strany (tj. soubory cookie, kter\u00e9 si pamatuj\u00ed nav\u0161t\u00edven\u00e9 str\u00e1nky a poskytuj\u00ed informace o va\u0161\u00ed interakci s t\u011bmito str\u00e1nkami) a<\/li>\n<li>analytick\u00e9 soubory cookie t\u0159et\u00edch stran (tj. soubory cookie od dodavatel\u016f t\u0159et\u00edch stran, kte\u0159\u00ed sleduj\u00ed statistiky na\u0161ich webov\u00fdch str\u00e1nek a naopak).<\/li>\n<\/ul>\n<p>&nbsp;<\/p>\n<h2>4. Jsou krom\u011b v\u00fd\u0161e uveden\u00fdch \u00fadaj\u016f shroma\u017e\u010fov\u00e1ny je\u0161t\u011b n\u011bjak\u00e9 dal\u0161\u00ed \u00fadaje?<\/h2>\n<p>Stejn\u011b tak budeme sledovat v\u00e1\u0161 postup na na\u0161ich webov\u00fdch str\u00e1nk\u00e1ch, abychom ov\u011b\u0159ili, \u017ee nejste bot, a abychom mohli optimalizovat na\u0161e slu\u017eby:<\/p>\n<ul>\n<li>informace o va\u0161em prohl\u00ed\u017ee\u010di a za\u0159\u00edzen\u00ed;<\/li>\n<li>\u00fadaje shrom\u00e1\u017ed\u011bn\u00e9 prost\u0159ednictv\u00edm automatizovan\u00fdch elektronick\u00fdch interakc\u00ed;<\/li>\n<li>\u00fadaje o pou\u017e\u00edv\u00e1n\u00ed aplikac\u00ed;<\/li>\n<li>statistick\u00e9 informace o va\u0161em pou\u017e\u00edv\u00e1n\u00ed na\u0161ich webov\u00fdch str\u00e1nek.<\/li>\n<\/ul>\n<p>Pokud n\u00e1m po\u0161lete e-mail (nap\u0159. \u017e\u00e1dost o informace nebo zp\u011btnou vazbu k obsahu webov\u00fdch str\u00e1nek), budou v\u00e1mi poskytnut\u00e9 informace pou\u017eity pouze k tomu, abychom mohli shrom\u00e1\u017edit po\u017eadovan\u00e9 informace a odpov\u011bd\u011bt na va\u0161i zpr\u00e1vu.<\/p>\n<p>Kdy\u017e nav\u0161t\u00edv\u00edte n\u011bkterou z na\u0161ich slu\u017eeb, na\u0161e servery zaznamen\u00e1vaj\u00ed tak\u00e9 va\u0161i glob\u00e1ln\u00ed IP adresu, co\u017e je \u010d\u00edslo, kter\u00e9 je automaticky p\u0159i\u0159azeno s\u00edti, jej\u00ed\u017e je v\u00e1\u0161 po\u010d\u00edta\u010d sou\u010d\u00e1st\u00ed.<\/p>\n<h2><\/h2>\n<h2>5. Jak dlouho se uchov\u00e1vaj\u00ed \u00fadaje shrom\u00e1\u017ed\u011bn\u00e9 pomoc\u00ed soubor\u016f cookie?<\/h2>\n<p>Zpracov\u00e1n\u00ed va\u0161ich osobn\u00edch \u00fadaj\u016f shrom\u00e1\u017ed\u011bn\u00fdch pomoc\u00ed soubor\u016f cookie je zalo\u017eeno na va\u0161em souhlasu, kter\u00fd m\u016f\u017eete kdykoli odvolat prost\u0159ednictv\u00edm nastaven\u00ed prohl\u00ed\u017ee\u010de. Pokud souhlas\u00edte se soubory cookie na na\u0161ich webov\u00fdch str\u00e1nk\u00e1ch, budeme va\u0161e osobn\u00ed \u00fadaje shroma\u017e\u010fovat a zpracov\u00e1vat po dobu 26 m\u011bs\u00edc\u016f. Po uplynut\u00ed t\u00e9to doby budou v\u0161echny trval\u00e9 soubory cookie z va\u0161eho za\u0159\u00edzen\u00ed odstran\u011bny a va\u0161e osobn\u00ed \u00fadaje ji\u017e nebudeme zpracov\u00e1vat.<\/p>\n<h2><\/h2>\n<h2>6. Jak zm\u011bn\u00edm nastaven\u00ed soubor\u016f cookie?<\/h2>\n<p>V\u011bt\u0161ina webov\u00fdch prohl\u00ed\u017ee\u010d\u016f umo\u017e\u0148uje ur\u010ditou kontrolu v\u011bt\u0161iny soubor\u016f cookie prost\u0159ednictv\u00edm nastaven\u00ed prohl\u00ed\u017ee\u010de. Dal\u0161\u00ed informace o souborech cookie, v\u010detn\u011b toho, jak zjistit, jak\u00e9 soubory cookie byly nastaveny, a jak je spravovat a odstra\u0148ovat, naleznete na str\u00e1nce <a href=\"http:\/\/www.aboutcookies.org\" target=\"_blank\" rel=\"noopener noreferrer\">www.aboutcookies.org<\/a> nebo <a href=\"http:\/\/www.allaboutcookies.org\" target=\"_blank\" rel=\"noopener noreferrer\">www.allaboutcookies.org<\/a>.<\/p>\n<p>Chcete-li se odhl\u00e1sit ze sledov\u00e1n\u00ed slu\u017ebou Google Analytics na v\u0161ech webov\u00fdch str\u00e1nk\u00e1ch, nav\u0161tivte str\u00e1nku <a href=\"http:\/\/tools.google.com\/dlpage\/gaoptout\" target=\"_blank\" rel=\"noopener noreferrer\">http:\/\/tools.google.com\/dlpage\/gaoptout<\/a>. Upozor\u0148ujeme, \u017ee pokud nenastav\u00edte sv\u016fj prohl\u00ed\u017ee\u010d, budete p\u0159ij\u00edmat soubory cookie poskytovan\u00e9 touto webovou str\u00e1nkou.<\/p>\n<p>&nbsp;<\/p>\n<h2>7. Odkazy na extern\u00ed webov\u00e9 str\u00e1nky<\/h2>\n<p>M\u016f\u017eeme odkazovat na jin\u00e9 spole\u010dnosti, organizace a ve\u0159ejn\u00e9 org\u00e1ny nebo s nimi nav\u00e1zat vztahy, kter\u00e9 v\u00e1m umo\u017en\u00ed p\u0159\u00edstup na jejich webov\u00e9 str\u00e1nky p\u0159\u00edmo z na\u0161ich str\u00e1nek. Ka\u017ed\u00e1 z nich bude uplat\u0148ovat sv\u00e9 vlastn\u00ed z\u00e1sady t\u00fdkaj\u00edc\u00ed se pou\u017e\u00edv\u00e1n\u00ed soubor\u016f cookie a shroma\u017e\u010fov\u00e1n\u00ed a pou\u017e\u00edv\u00e1n\u00ed informac\u00ed. Pokud m\u00e1te jak\u00e9koli obavy ohledn\u011b zp\u016fsobu, jak\u00fdm budou va\u0161e \u00fadaje pou\u017eity, doporu\u010dujeme nahl\u00e9dnout do prohl\u00e1\u0161en\u00ed o ochran\u011b osobn\u00edch \u00fadaj\u016f na p\u0159\u00edslu\u0161n\u00fdch webov\u00fdch str\u00e1nk\u00e1ch.<\/p>\n<p>Spole\u010dnost CTP se v\u00e1m bude sna\u017eit poskytovat odkazy na vysoce kvalitn\u00ed a renomovan\u00e9 webov\u00e9 str\u00e1nky, o kter\u00fdch si mysl\u00edme, \u017ee pro v\u00e1s budou zaj\u00edmav\u00e9 a d\u016fle\u017eit\u00e9. Upozor\u0148ujeme v\u0161ak, \u017ee nejsme odpov\u011bdn\u00ed za obsah t\u011bchto webov\u00fdch str\u00e1nek a nem\u016f\u017eeme p\u0159evz\u00edt odpov\u011bdnost za jak\u00e9koli probl\u00e9my vznikl\u00e9 v souvislosti s pou\u017eit\u00edm va\u0161ich \u00fadaj\u016f t\u0159et\u00ed stranou, obsahem webov\u00fdch str\u00e1nek nebo slu\u017ebami, kter\u00e9 v\u00e1m tyto webov\u00e9 str\u00e1nky nab\u00edzej\u00ed.<\/p>\n<h2><\/h2>\n<h2>8. Google Analytics<\/h2>\n<p>Tyto webov\u00e9 str\u00e1nky pou\u017e\u00edvaj\u00ed slu\u017ebu Google Analytics, kterou poskytuje spole\u010dnost Google, Inc. (\"Google\"). Slu\u017eba Google Analytics pou\u017e\u00edv\u00e1 soubory cookie (textov\u00e9 soubory um\u00edst\u011bn\u00e9 na va\u0161em po\u010d\u00edta\u010di), kter\u00e9 pom\u00e1haj\u00ed provozovatel\u016fm webov\u00fdch str\u00e1nek analyzovat, jak u\u017eivatel\u00e9 str\u00e1nky pou\u017e\u00edvaj\u00ed. Informace vygenerovan\u00e9 souborem cookie o va\u0161em pou\u017e\u00edv\u00e1n\u00ed t\u00e9to webov\u00e9 str\u00e1nky (v\u010detn\u011b va\u0161\u00ed IP adresy) budou p\u0159eneseny a ulo\u017eeny spole\u010dnost\u00ed Google na serverech ve Spojen\u00fdch st\u00e1tech. Spole\u010dnost Google tyto informace pou\u017eije pro \u00fa\u010dely vyhodnocov\u00e1n\u00ed va\u0161eho pou\u017e\u00edv\u00e1n\u00ed webov\u00fdch str\u00e1nek, sestavov\u00e1n\u00ed zpr\u00e1v o \u010dinnosti webov\u00fdch str\u00e1nek pro provozovatele webov\u00fdch str\u00e1nek a poskytov\u00e1n\u00ed dal\u0161\u00edch slu\u017eeb souvisej\u00edc\u00edch s \u010dinnost\u00ed webov\u00fdch str\u00e1nek a pou\u017e\u00edv\u00e1n\u00edm internetu. Spole\u010dnost Google m\u016f\u017ee tyto informace tak\u00e9 p\u0159edat t\u0159et\u00edm stran\u00e1m, pokud to vy\u017eaduje z\u00e1kon nebo pokud tyto t\u0159et\u00ed strany zpracov\u00e1vaj\u00ed informace jm\u00e9nem spole\u010dnosti Google. Spole\u010dnost Google nebude spojovat va\u0161i IP adresu s \u017e\u00e1dn\u00fdmi jin\u00fdmi \u00fadaji, kter\u00e9 m\u00e1 k dispozici. Pou\u017e\u00edv\u00e1n\u00edm t\u011bchto webov\u00fdch str\u00e1nek souhlas\u00edte se zpracov\u00e1n\u00edm \u00fadaj\u016f o v\u00e1s spole\u010dnost\u00ed Google v\u00fd\u0161e uveden\u00fdm zp\u016fsobem a pro v\u00fd\u0161e uveden\u00e9 \u00fa\u010dely. Neprov\u00e1d\u00edme a nedovolujeme spole\u010dnosti Google, aby se pokou\u0161ela zjistit toto\u017enost osob, kter\u00e9 nav\u0161t\u011bvuj\u00ed na\u0161e webov\u00e9 str\u00e1nky.<\/p>\n<\/div>","protected":false},"excerpt":{"rendered":"<p>Ve snaze zajistit v\u00e1m co nejlep\u0161\u00ed z\u00e1\u017eitek, webov\u00e9 str\u00e1nky spole\u010dnosti CTP Invest, spol. s r.o. (d\u00e1le jen \"CTP\" nebo \"my\").<\/p>","protected":false},"author":67,"featured_media":0,"parent":6125,"menu_order":0,"comment_status":"closed","ping_status":"closed","template":"","meta":{"_acf_changed":false,"footnotes":""},"class_list":["post-6064","page","type-page","status-publish","hentry"],"acf":[],"yoast_head":"<title>CTP website Cookie Policy - Commercial Real Estate Developer And Manager<\/title>\n<meta name=\"robots\" content=\"index, follow, max-snippet:-1, max-image-preview:large, max-video-preview:-1\" \/>\n<link rel=\"canonical\" href=\"https:\/\/ctp.eu\/cs\/ctp-policies\/ctp-website-cookie-policy\/\" \/>\n<meta property=\"og:locale\" content=\"cs_CZ\" \/>\n<meta property=\"og:type\" content=\"article\" \/>\n<meta property=\"og:title\" content=\"CTP website Cookie Policy\" \/>\n<meta property=\"og:description\" content=\"With the endeavor to ensure you get the best experience, the CTP Invest, spol. s r.o. (\u201cCTP\u201d or \u201cwe\u201d) website\" \/>\n<meta property=\"og:url\" content=\"https:\/\/ctp.eu\/cs\/ctp-policies\/ctp-website-cookie-policy\/\" \/>\n<meta property=\"og:site_name\" content=\"Commercial Real Estate Developer And Manager\" \/>\n<meta property=\"article:modified_time\" content=\"2020-08-28T10:59:01+00:00\" \/>\n<meta name=\"twitter:card\" content=\"summary_large_image\" \/>\n<meta name=\"twitter:label1\" content=\"Odhadovan\u00e1 doba \u010dten\u00ed\" \/>\n\t<meta name=\"twitter:data1\" content=\"5 minut\" \/>\n<script type=\"application\/ld+json\" class=\"yoast-schema-graph\">{\"@context\":\"https:\\\/\\\/schema.org\",\"@graph\":[{\"@type\":\"WebPage\",\"@id\":\"https:\\\/\\\/ctp.eu\\\/ctp-policies\\\/ctp-website-cookie-policy\\\/\",\"url\":\"https:\\\/\\\/ctp.eu\\\/ctp-policies\\\/ctp-website-cookie-policy\\\/\",\"name\":\"CTP website Cookie Policy - Commercial Real Estate Developer And Manager\",\"isPartOf\":{\"@id\":\"https:\\\/\\\/ctp.eu\\\/#website\"},\"datePublished\":\"2019-08-06T13:20:45+00:00\",\"dateModified\":\"2020-08-28T10:59:01+00:00\",\"breadcrumb\":{\"@id\":\"https:\\\/\\\/ctp.eu\\\/ctp-policies\\\/ctp-website-cookie-policy\\\/#breadcrumb\"},\"inLanguage\":\"cs\",\"potentialAction\":[{\"@type\":\"ReadAction\",\"target\":[\"https:\\\/\\\/ctp.eu\\\/ctp-policies\\\/ctp-website-cookie-policy\\\/\"]}]},{\"@type\":\"BreadcrumbList\",\"@id\":\"https:\\\/\\\/ctp.eu\\\/ctp-policies\\\/ctp-website-cookie-policy\\\/#breadcrumb\",\"itemListElement\":[{\"@type\":\"ListItem\",\"position\":1,\"name\":\"Home\",\"item\":\"https:\\\/\\\/ctp.eu\\\/\"},{\"@type\":\"ListItem\",\"position\":2,\"name\":\"CTP Policies\",\"item\":\"https:\\\/\\\/ctp.eu\\\/ctp-policies\\\/\"},{\"@type\":\"ListItem\",\"position\":3,\"name\":\"CTP website Cookie Policy\"}]},{\"@type\":\"WebSite\",\"@id\":\"https:\\\/\\\/ctp.eu\\\/#website\",\"url\":\"https:\\\/\\\/ctp.eu\\\/\",\"name\":\"Commercial Real Estate Developer And Manager\",\"description\":\"CTP - premium industrial warehouse and office buildings\",\"publisher\":{\"@id\":\"https:\\\/\\\/ctp.eu\\\/#organization\"},\"potentialAction\":[{\"@type\":\"SearchAction\",\"target\":{\"@type\":\"EntryPoint\",\"urlTemplate\":\"https:\\\/\\\/ctp.eu\\\/?s={search_term_string}\"},\"query-input\":{\"@type\":\"PropertyValueSpecification\",\"valueRequired\":true,\"valueName\":\"search_term_string\"}}],\"inLanguage\":\"cs\"},{\"@type\":\"Organization\",\"@id\":\"https:\\\/\\\/ctp.eu\\\/#organization\",\"name\":\"CTP\",\"url\":\"https:\\\/\\\/ctp.eu\\\/\",\"logo\":{\"@type\":\"ImageObject\",\"inLanguage\":\"cs\",\"@id\":\"https:\\\/\\\/ctp.eu\\\/#\\\/schema\\\/logo\\\/image\\\/\",\"url\":\"\",\"contentUrl\":\"\",\"caption\":\"CTP\"},\"image\":{\"@id\":\"https:\\\/\\\/ctp.eu\\\/#\\\/schema\\\/logo\\\/image\\\/\"}}]}<\/script>","yoast_head_json":{"title":"Z\u00e1sady pou\u017e\u00edv\u00e1n\u00ed soubor\u016f cookie na webu CTP - Commercial Real Estate Developer And Manager","robots":{"index":"index","follow":"follow","max-snippet":"max-snippet:-1","max-image-preview":"max-image-preview:large","max-video-preview":"max-video-preview:-1"},"canonical":"https:\/\/ctp.eu\/cs\/ctp-policies\/ctp-website-cookie-policy\/","og_locale":"cs_CZ","og_type":"article","og_title":"CTP website Cookie Policy","og_description":"With the endeavor to ensure you get the best experience, the CTP Invest, spol. s r.o. (\u201cCTP\u201d or \u201cwe\u201d) website","og_url":"https:\/\/ctp.eu\/cs\/ctp-policies\/ctp-website-cookie-policy\/","og_site_name":"Commercial Real Estate Developer And Manager","article_modified_time":"2020-08-28T10:59:01+00:00","twitter_card":"summary_large_image","twitter_misc":{"Odhadovan\u00e1 doba \u010dten\u00ed":"5 minut"},"schema":{"@context":"https:\/\/schema.org","@graph":[{"@type":"WebPage","@id":"https:\/\/ctp.eu\/ctp-policies\/ctp-website-cookie-policy\/","url":"https:\/\/ctp.eu\/ctp-policies\/ctp-website-cookie-policy\/","name":"Z\u00e1sady pou\u017e\u00edv\u00e1n\u00ed soubor\u016f cookie na webu CTP - Commercial Real Estate Developer And Manager","isPartOf":{"@id":"https:\/\/ctp.eu\/#website"},"datePublished":"2019-08-06T13:20:45+00:00","dateModified":"2020-08-28T10:59:01+00:00","breadcrumb":{"@id":"https:\/\/ctp.eu\/ctp-policies\/ctp-website-cookie-policy\/#breadcrumb"},"inLanguage":"cs","potentialAction":[{"@type":"ReadAction","target":["https:\/\/ctp.eu\/ctp-policies\/ctp-website-cookie-policy\/"]}]},{"@type":"BreadcrumbList","@id":"https:\/\/ctp.eu\/ctp-policies\/ctp-website-cookie-policy\/#breadcrumb","itemListElement":[{"@type":"ListItem","position":1,"name":"Home","item":"https:\/\/ctp.eu\/"},{"@type":"ListItem","position":2,"name":"CTP Policies","item":"https:\/\/ctp.eu\/ctp-policies\/"},{"@type":"ListItem","position":3,"name":"CTP website Cookie Policy"}]},{"@type":"WebSite","@id":"https:\/\/ctp.eu\/#website","url":"https:\/\/ctp.eu\/","name":"Developer a mana\u017eer komer\u010dn\u00edch nemovitost\u00ed","description":"CTP - pr\u00e9miov\u00e9 pr\u016fmyslov\u00e9 sklady a kancel\u00e1\u0159sk\u00e9 budovy","publisher":{"@id":"https:\/\/ctp.eu\/#organization"},"potentialAction":[{"@type":"SearchAction","target":{"@type":"EntryPoint","urlTemplate":"https:\/\/ctp.eu\/?s={search_term_string}"},"query-input":{"@type":"PropertyValueSpecification","valueRequired":true,"valueName":"search_term_string"}}],"inLanguage":"cs"},{"@type":"Organization","@id":"https:\/\/ctp.eu\/#organization","name":"CTP","url":"https:\/\/ctp.eu\/","logo":{"@type":"ImageObject","inLanguage":"cs","@id":"https:\/\/ctp.eu\/#\/schema\/logo\/image\/","url":"","contentUrl":"","caption":"CTP"},"image":{"@id":"https:\/\/ctp.eu\/#\/schema\/logo\/image\/"}}]}},"_links":{"self":[{"href":"https:\/\/ctp.eu\/cs\/wp-json\/wp\/v2\/pages\/6064","targetHints":{"allow":["GET"]}}],"collection":[{"href":"https:\/\/ctp.eu\/cs\/wp-json\/wp\/v2\/pages"}],"about":[{"href":"https:\/\/ctp.eu\/cs\/wp-json\/wp\/v2\/types\/page"}],"author":[{"embeddable":true,"href":"https:\/\/ctp.eu\/cs\/wp-json\/wp\/v2\/users\/67"}],"replies":[{"embeddable":true,"href":"https:\/\/ctp.eu\/cs\/wp-json\/wp\/v2\/comments?post=6064"}],"version-history":[{"count":0,"href":"https:\/\/ctp.eu\/cs\/wp-json\/wp\/v2\/pages\/6064\/revisions"}],"up":[{"embeddable":true,"href":"https:\/\/ctp.eu\/cs\/wp-json\/wp\/v2\/pages\/6125"}],"wp:attachment":[{"href":"https:\/\/ctp.eu\/cs\/wp-json\/wp\/v2\/media?parent=6064"}],"curies":[{"name":"wp","href":"https:\/\/api.w.org\/{rel}","templated":true}]}}