{"id":33,"date":"2018-04-09T14:06:52","date_gmt":"2018-04-09T12:06:52","guid":{"rendered":"https:\/\/www.ctp.eu\/?page_id=33"},"modified":"2025-08-07T12:45:34","modified_gmt":"2025-08-07T10:45:34","slug":"about-us-old-2","status":"publish","type":"page","link":"https:\/\/ctp.eu\/cs\/about-us-old-2\/","title":{"rendered":"Budujeme parky"},"content":{"rendered":"<p><span>Od t\u00e9 doby, co jsme za\u010dali d\u011blat to, co d\u011bl\u00e1me, jsme v tom docela dob\u0159\u00ed - navrhujeme, stav\u00edme a spravujeme obchodn\u00ed parky pro na\u0161e n\u00e1jemce. Zde je d\u016fkaz.<\/span><\/p>\n<p>&nbsp;<\/p>\n<h2 class=\"ctp-red weight-normal\">Na\u0161i n\u00e1jemn\u00edci n\u00e1s miluj\u00ed<\/h2>\n<p>Na\u0161e 1<span>,<\/span>000+ s\u00ed\u0165 n\u00e1jemc\u016f m\u00e1 reten\u010dn\u00ed m\u00edru 92% a 8<span>0<\/span>% na\u0161ich nov\u00fdch obchod\u016f poch\u00e1z\u00ed z na\u0161\u00ed st\u00e1vaj\u00edc\u00ed s\u00edt\u011b n\u00e1jemc\u016f. To znamen\u00e1, \u017ee s jejich r\u016fstem rosteme i my. A oni se rozhodnou r\u016fst s n\u00e1mi. Jedn\u00edm z d\u016fvod\u016f je to, \u017ee jsme developerem typu build-to-own, co\u017e znamen\u00e1, \u017ee kdy\u017e n\u011bco stav\u00edme, stav\u00edme to podle nejvy\u0161\u0161\u00edch standard\u016f kvality, abychom zajistili, \u017ee to vydr\u017e\u00ed: na\u0161e budovy maj\u00ed pr\u016fm\u011brnou \u017eivotnost 40 let. V\u0161e, co dod\u00e1v\u00e1me, je od na\u0161eho vlastn\u00edho t\u00fdmu, abychom zaru\u010dili, \u017ee to spl\u0148uje zlat\u00fd standard CTP. O na\u0161e budovy a parky se star\u00e1me s plnou p\u00e9\u010d\u00ed - v\u010detn\u011b spr\u00e1vc\u016f objekt\u016f na m\u00edst\u011b, ter\u00e9nn\u00edch \u00faprav, nep\u0159etr\u017eit\u00e9 ostrahy a dal\u0161\u00edch slu\u017eeb - abychom na\u0161im n\u00e1jemc\u016fm umo\u017enili soust\u0159edit se na to, co um\u00ed nejl\u00e9pe.<\/p>\n<p>&nbsp;<\/p>\n<h2 class=\"ctp-red weight-normal\">R\u016fst, kter\u00fd st\u00e1le roste<\/h2>\n<p><span>Od na\u0161eho zalo\u017een\u00ed jsme zaznamenali trval\u00fd a nep\u0159eru\u0161ovan\u00fd organick\u00fd r\u016fst a zd\u00e1 se, \u017ee ka\u017ed\u00fd rok rosteme je\u0161t\u011b v\u00edce ne\u017e ten p\u0159edchoz\u00ed. Dnes jsme nejv\u011bt\u0161\u00edm k\u00f3tovan\u00fdm developerem a spr\u00e1vcem logistick\u00fdch a pr\u016fmyslov\u00fdch nemovitost\u00ed v kontinent\u00e1ln\u00ed Evrop\u011b. Tento r\u016fst nen\u00ed n\u00e1hodn\u00fd. Strategicky se um\u00eds\u0165ujeme tak, abychom rostli na spr\u00e1vn\u00e9m m\u00edst\u011b a ve spr\u00e1vn\u00fd \u010das. <\/span><\/p>\n<p>&nbsp;<\/p>\n<h2 class=\"ctp-red weight-normal\">Udr\u017eitelnost pro v\u00edt\u011bzstv\u00ed<\/h2>\n<p><span>P\u0159i tomto siln\u00e9m r\u016fstu klademe d\u016fraz na pou\u017e\u00edv\u00e1n\u00ed \u0161pi\u010dkov\u00fdch pr\u016fmyslov\u00fdch standard\u016f a nejlep\u0161\u00edch inovac\u00ed, abychom zajistili, \u017ee na\u0161e parky budou fungovat s maxim\u00e1ln\u00ed efektivitou a s co nejmen\u0161\u00edm dopadem na \u017eivotn\u00ed prost\u0159ed\u00ed. Ka\u017ed\u00fd metr \u010dtvere\u010dn\u00ed na\u0161eho portfolia m\u00e1 certifik\u00e1t BREEAM \"Very Good\" a vy\u0161\u0161\u00ed; na st\u0159ech\u00e1ch instalujeme fotovoltaick\u00e9 syst\u00e9my, kter\u00e9 na\u0161e parky nap\u00e1jej\u00ed energi\u00ed a dod\u00e1vaj\u00ed ji zp\u011bt do hlavn\u00ed s\u00edt\u011b; a d\u016fsledn\u011b vyu\u017e\u00edv\u00e1me nejnov\u011bj\u0161\u00ed technologie a metody, kter\u00e9 pom\u00e1haj\u00ed sni\u017eovat ekologickou stopu na\u0161ich park\u016f, v\u010detn\u011b nejmodern\u011bj\u0161\u00edch syst\u00e9m\u016f \u0159\u00edzen\u00ed budov a \u0159e\u0161en\u00ed ob\u011bhov\u00e9ho hospod\u00e1\u0159stv\u00ed. V\u00edce informac\u00ed najdete v na\u0161\u00ed sekci o udr\u017eitelnosti.<\/span><\/p>","protected":false},"excerpt":{"rendered":"<p>Od t\u00e9 doby, co jsme za\u010dali d\u011blat to, co d\u011bl\u00e1me, jsme v tom docela dob\u0159\u00ed - navrhujeme, stav\u00edme a spravujeme obchodn\u00ed parky pro na\u0161e z\u00e1kazn\u00edky.<\/p>","protected":false},"author":67,"featured_media":12410,"parent":0,"menu_order":0,"comment_status":"closed","ping_status":"closed","template":"templates\/about-us.php","meta":{"_acf_changed":false,"footnotes":""},"class_list":["post-33","page","type-page","status-publish","has-post-thumbnail","hentry"],"acf":[],"yoast_head":"<title>We make parks - Premium Industrial Warehouses and Logistics Parks<\/title>\n<meta name=\"description\" content=\"CTP is the industrial property developer and manager. It operates the largest network of premium industrial warehouses and logistics parks in CEE region.\" \/>\n<meta name=\"robots\" content=\"index, follow, max-snippet:-1, max-image-preview:large, max-video-preview:-1\" \/>\n<link rel=\"canonical\" href=\"https:\/\/ctp.eu\/cs\/about-us-old-2\/\" \/>\n<meta property=\"og:locale\" content=\"cs_CZ\" \/>\n<meta property=\"og:type\" content=\"article\" \/>\n<meta property=\"og:title\" content=\"We make parks\" \/>\n<meta property=\"og:description\" content=\"CTP is the industrial property developer and manager. It operates the largest network of premium industrial warehouses and logistics parks in CEE region.\" \/>\n<meta property=\"og:url\" content=\"https:\/\/ctp.eu\/cs\/about-us-old-2\/\" \/>\n<meta property=\"og:site_name\" content=\"Commercial Real Estate Developer And Manager\" \/>\n<meta property=\"article:modified_time\" content=\"2025-08-07T10:45:34+00:00\" \/>\n<meta property=\"og:image\" content=\"https:\/\/ctp.eu\/wp-content\/uploads\/2021\/01\/by-ctp-social.jpg\" \/>\n\t<meta property=\"og:image:width\" content=\"1600\" \/>\n\t<meta property=\"og:image:height\" content=\"836\" \/>\n\t<meta property=\"og:image:type\" content=\"image\/jpeg\" \/>\n<meta name=\"twitter:card\" content=\"summary_large_image\" \/>\n<meta name=\"twitter:label1\" content=\"Odhadovan\u00e1 doba \u010dten\u00ed\" \/>\n\t<meta name=\"twitter:data1\" content=\"2 minuty\" \/>\n<script type=\"application\/ld+json\" class=\"yoast-schema-graph\">{\"@context\":\"https:\\\/\\\/schema.org\",\"@graph\":[{\"@type\":\"WebPage\",\"@id\":\"https:\\\/\\\/ctp.eu\\\/about-us-old-2\\\/\",\"url\":\"https:\\\/\\\/ctp.eu\\\/about-us-old-2\\\/\",\"name\":\"We make parks - Premium Industrial Warehouses and Logistics Parks\",\"isPartOf\":{\"@id\":\"https:\\\/\\\/ctp.eu\\\/#website\"},\"primaryImageOfPage\":{\"@id\":\"https:\\\/\\\/ctp.eu\\\/about-us-old-2\\\/#primaryimage\"},\"image\":{\"@id\":\"https:\\\/\\\/ctp.eu\\\/about-us-old-2\\\/#primaryimage\"},\"thumbnailUrl\":\"https:\\\/\\\/ctp.eu\\\/wp-content\\\/uploads\\\/2021\\\/01\\\/by-ctp-social.jpg\",\"datePublished\":\"2018-04-09T12:06:52+00:00\",\"dateModified\":\"2025-08-07T10:45:34+00:00\",\"description\":\"CTP is the industrial property developer and manager. It operates the largest network of premium industrial warehouses and logistics parks in CEE region.\",\"breadcrumb\":{\"@id\":\"https:\\\/\\\/ctp.eu\\\/about-us-old-2\\\/#breadcrumb\"},\"inLanguage\":\"cs\",\"potentialAction\":[{\"@type\":\"ReadAction\",\"target\":[\"https:\\\/\\\/ctp.eu\\\/about-us-old-2\\\/\"]}]},{\"@type\":\"ImageObject\",\"inLanguage\":\"cs\",\"@id\":\"https:\\\/\\\/ctp.eu\\\/about-us-old-2\\\/#primaryimage\",\"url\":\"https:\\\/\\\/ctp.eu\\\/wp-content\\\/uploads\\\/2021\\\/01\\\/by-ctp-social.jpg\",\"contentUrl\":\"https:\\\/\\\/ctp.eu\\\/wp-content\\\/uploads\\\/2021\\\/01\\\/by-ctp-social.jpg\",\"width\":1600,\"height\":836},{\"@type\":\"BreadcrumbList\",\"@id\":\"https:\\\/\\\/ctp.eu\\\/about-us-old-2\\\/#breadcrumb\",\"itemListElement\":[{\"@type\":\"ListItem\",\"position\":1,\"name\":\"Home\",\"item\":\"https:\\\/\\\/ctp.eu\\\/\"},{\"@type\":\"ListItem\",\"position\":2,\"name\":\"We make parks\"}]},{\"@type\":\"WebSite\",\"@id\":\"https:\\\/\\\/ctp.eu\\\/#website\",\"url\":\"https:\\\/\\\/ctp.eu\\\/\",\"name\":\"Commercial Real Estate Developer And Manager\",\"description\":\"CTP - premium industrial warehouse and office buildings\",\"publisher\":{\"@id\":\"https:\\\/\\\/ctp.eu\\\/#organization\"},\"potentialAction\":[{\"@type\":\"SearchAction\",\"target\":{\"@type\":\"EntryPoint\",\"urlTemplate\":\"https:\\\/\\\/ctp.eu\\\/?s={search_term_string}\"},\"query-input\":{\"@type\":\"PropertyValueSpecification\",\"valueRequired\":true,\"valueName\":\"search_term_string\"}}],\"inLanguage\":\"cs\"},{\"@type\":\"Organization\",\"@id\":\"https:\\\/\\\/ctp.eu\\\/#organization\",\"name\":\"CTP\",\"url\":\"https:\\\/\\\/ctp.eu\\\/\",\"logo\":{\"@type\":\"ImageObject\",\"inLanguage\":\"cs\",\"@id\":\"https:\\\/\\\/ctp.eu\\\/#\\\/schema\\\/logo\\\/image\\\/\",\"url\":\"\",\"contentUrl\":\"\",\"caption\":\"CTP\"},\"image\":{\"@id\":\"https:\\\/\\\/ctp.eu\\\/#\\\/schema\\\/logo\\\/image\\\/\"}}]}<\/script>","yoast_head_json":{"title":"Vytv\u00e1\u0159\u00edme parky - Pr\u00e9miov\u00e9 pr\u016fmyslov\u00e9 sklady a logistick\u00e9 parky","description":"Spole\u010dnost CTP je developerem a spr\u00e1vcem pr\u016fmyslov\u00fdch nemovitost\u00ed. Provozuje nejv\u011bt\u0161\u00ed s\u00ed\u0165 pr\u00e9miov\u00fdch pr\u016fmyslov\u00fdch sklad\u016f a logistick\u00fdch park\u016f v regionu st\u0159edn\u00ed a v\u00fdchodn\u00ed Evropy.","robots":{"index":"index","follow":"follow","max-snippet":"max-snippet:-1","max-image-preview":"max-image-preview:large","max-video-preview":"max-video-preview:-1"},"canonical":"https:\/\/ctp.eu\/cs\/about-us-old-2\/","og_locale":"cs_CZ","og_type":"article","og_title":"We make parks","og_description":"CTP is the industrial property developer and manager. It operates the largest network of premium industrial warehouses and logistics parks in CEE region.","og_url":"https:\/\/ctp.eu\/cs\/about-us-old-2\/","og_site_name":"Commercial Real Estate Developer And Manager","article_modified_time":"2025-08-07T10:45:34+00:00","og_image":[{"width":1600,"height":836,"url":"https:\/\/ctp.eu\/wp-content\/uploads\/2021\/01\/by-ctp-social.jpg","type":"image\/jpeg"}],"twitter_card":"summary_large_image","twitter_misc":{"Odhadovan\u00e1 doba \u010dten\u00ed":"2 minuty"},"schema":{"@context":"https:\/\/schema.org","@graph":[{"@type":"WebPage","@id":"https:\/\/ctp.eu\/about-us-old-2\/","url":"https:\/\/ctp.eu\/about-us-old-2\/","name":"Vytv\u00e1\u0159\u00edme parky - Pr\u00e9miov\u00e9 pr\u016fmyslov\u00e9 sklady a logistick\u00e9 parky","isPartOf":{"@id":"https:\/\/ctp.eu\/#website"},"primaryImageOfPage":{"@id":"https:\/\/ctp.eu\/about-us-old-2\/#primaryimage"},"image":{"@id":"https:\/\/ctp.eu\/about-us-old-2\/#primaryimage"},"thumbnailUrl":"https:\/\/ctp.eu\/wp-content\/uploads\/2021\/01\/by-ctp-social.jpg","datePublished":"2018-04-09T12:06:52+00:00","dateModified":"2025-08-07T10:45:34+00:00","description":"Spole\u010dnost CTP je developerem a spr\u00e1vcem pr\u016fmyslov\u00fdch nemovitost\u00ed. Provozuje nejv\u011bt\u0161\u00ed s\u00ed\u0165 pr\u00e9miov\u00fdch pr\u016fmyslov\u00fdch sklad\u016f a logistick\u00fdch park\u016f v regionu st\u0159edn\u00ed a v\u00fdchodn\u00ed Evropy.","breadcrumb":{"@id":"https:\/\/ctp.eu\/about-us-old-2\/#breadcrumb"},"inLanguage":"cs","potentialAction":[{"@type":"ReadAction","target":["https:\/\/ctp.eu\/about-us-old-2\/"]}]},{"@type":"ImageObject","inLanguage":"cs","@id":"https:\/\/ctp.eu\/about-us-old-2\/#primaryimage","url":"https:\/\/ctp.eu\/wp-content\/uploads\/2021\/01\/by-ctp-social.jpg","contentUrl":"https:\/\/ctp.eu\/wp-content\/uploads\/2021\/01\/by-ctp-social.jpg","width":1600,"height":836},{"@type":"BreadcrumbList","@id":"https:\/\/ctp.eu\/about-us-old-2\/#breadcrumb","itemListElement":[{"@type":"ListItem","position":1,"name":"Home","item":"https:\/\/ctp.eu\/"},{"@type":"ListItem","position":2,"name":"We make parks"}]},{"@type":"WebSite","@id":"https:\/\/ctp.eu\/#website","url":"https:\/\/ctp.eu\/","name":"Developer a mana\u017eer komer\u010dn\u00edch nemovitost\u00ed","description":"CTP - pr\u00e9miov\u00e9 pr\u016fmyslov\u00e9 sklady a kancel\u00e1\u0159sk\u00e9 budovy","publisher":{"@id":"https:\/\/ctp.eu\/#organization"},"potentialAction":[{"@type":"SearchAction","target":{"@type":"EntryPoint","urlTemplate":"https:\/\/ctp.eu\/?s={search_term_string}"},"query-input":{"@type":"PropertyValueSpecification","valueRequired":true,"valueName":"search_term_string"}}],"inLanguage":"cs"},{"@type":"Organization","@id":"https:\/\/ctp.eu\/#organization","name":"CTP","url":"https:\/\/ctp.eu\/","logo":{"@type":"ImageObject","inLanguage":"cs","@id":"https:\/\/ctp.eu\/#\/schema\/logo\/image\/","url":"","contentUrl":"","caption":"CTP"},"image":{"@id":"https:\/\/ctp.eu\/#\/schema\/logo\/image\/"}}]}},"_links":{"self":[{"href":"https:\/\/ctp.eu\/cs\/wp-json\/wp\/v2\/pages\/33","targetHints":{"allow":["GET"]}}],"collection":[{"href":"https:\/\/ctp.eu\/cs\/wp-json\/wp\/v2\/pages"}],"about":[{"href":"https:\/\/ctp.eu\/cs\/wp-json\/wp\/v2\/types\/page"}],"author":[{"embeddable":true,"href":"https:\/\/ctp.eu\/cs\/wp-json\/wp\/v2\/users\/67"}],"replies":[{"embeddable":true,"href":"https:\/\/ctp.eu\/cs\/wp-json\/wp\/v2\/comments?post=33"}],"version-history":[{"count":28,"href":"https:\/\/ctp.eu\/cs\/wp-json\/wp\/v2\/pages\/33\/revisions"}],"predecessor-version":[{"id":109961,"href":"https:\/\/ctp.eu\/cs\/wp-json\/wp\/v2\/pages\/33\/revisions\/109961"}],"wp:featuredmedia":[{"embeddable":true,"href":"https:\/\/ctp.eu\/cs\/wp-json\/wp\/v2\/media\/12410"}],"wp:attachment":[{"href":"https:\/\/ctp.eu\/cs\/wp-json\/wp\/v2\/media?parent=33"}],"curies":[{"name":"wp","href":"https:\/\/api.w.org\/{rel}","templated":true}]}}