{"id":32096,"date":"2021-10-26T10:10:34","date_gmt":"2021-10-26T08:10:34","guid":{"rendered":"https:\/\/www.ctp.eu\/?page_id=32096"},"modified":"2021-11-10T14:56:26","modified_gmt":"2021-11-10T12:56:26","slug":"ctp-enters-german-logistics-real-estate-market-via-c-eur-800-mln-public-takeover-and-delisting-offer-for-deutsche-industrie-reit-ag","status":"publish","type":"page","link":"https:\/\/ctp.eu\/cs\/investors\/press-releases\/ctp-enters-german-logistics-real-estate-market-via-c-eur-800-mln-public-takeover-and-delisting-offer-for-deutsche-industrie-reit-ag\/","title":{"rendered":"Spole\u010dnost CTP vstupuje na n\u011bmeck\u00fd trh logistick\u00fdch nemovitost\u00ed prost\u0159ednictv\u00edm ve\u0159ejn\u00e9 nab\u00eddky p\u0159evzet\u00ed a vy\u0159azen\u00ed spole\u010dnosti Deutsche Industrie REIT-AG v hodnot\u011b cca 800 mil. eur"},"content":{"rendered":"","protected":false},"excerpt":{"rendered":"","protected":false},"author":22,"featured_media":0,"parent":13637,"menu_order":0,"comment_status":"closed","ping_status":"closed","template":"investors-sub-page.php","meta":{"_acf_changed":false,"footnotes":""},"class_list":["post-32096","page","type-page","status-publish","hentry"],"acf":[],"yoast_head":"<title>CTP Enters German Logistics Real Estate Market via c. EUR 800 mln Public Takeover and Delisting Offer for Deutsche Industrie REIT-AG - Commercial Real Estate Developer And Manager<\/title>\n<meta name=\"robots\" content=\"index, follow, max-snippet:-1, max-image-preview:large, max-video-preview:-1\" \/>\n<link rel=\"canonical\" href=\"https:\/\/ctp.eu\/cs\/investors\/press-releases\/ctp-enters-german-logistics-real-estate-market-via-c-eur-800-mln-public-takeover-and-delisting-offer-for-deutsche-industrie-reit-ag\/\" \/>\n<meta property=\"og:locale\" content=\"cs_CZ\" \/>\n<meta property=\"og:type\" content=\"article\" \/>\n<meta property=\"og:title\" content=\"CTP Enters German Logistics Real Estate Market via c. EUR 800 mln Public Takeover and Delisting Offer for Deutsche Industrie REIT-AG\" \/>\n<meta property=\"og:url\" content=\"https:\/\/ctp.eu\/cs\/investors\/press-releases\/ctp-enters-german-logistics-real-estate-market-via-c-eur-800-mln-public-takeover-and-delisting-offer-for-deutsche-industrie-reit-ag\/\" \/>\n<meta property=\"og:site_name\" content=\"Commercial Real Estate Developer And Manager\" \/>\n<meta property=\"article:modified_time\" content=\"2021-11-10T12:56:26+00:00\" \/>\n<meta name=\"twitter:card\" content=\"summary_large_image\" \/>\n<script type=\"application\/ld+json\" class=\"yoast-schema-graph\">{\"@context\":\"https:\/\/schema.org\",\"@graph\":[{\"@type\":\"WebPage\",\"@id\":\"https:\/\/ctp.eu\/investors\/press-releases\/ctp-enters-german-logistics-real-estate-market-via-c-eur-800-mln-public-takeover-and-delisting-offer-for-deutsche-industrie-reit-ag\/\",\"url\":\"https:\/\/ctp.eu\/investors\/press-releases\/ctp-enters-german-logistics-real-estate-market-via-c-eur-800-mln-public-takeover-and-delisting-offer-for-deutsche-industrie-reit-ag\/\",\"name\":\"CTP Enters German Logistics Real Estate Market via c. EUR 800 mln Public Takeover and Delisting Offer for Deutsche Industrie REIT-AG - Commercial Real Estate Developer And Manager\",\"isPartOf\":{\"@id\":\"https:\/\/ctp.eu\/#website\"},\"datePublished\":\"2021-10-26T08:10:34+00:00\",\"dateModified\":\"2021-11-10T12:56:26+00:00\",\"breadcrumb\":{\"@id\":\"https:\/\/ctp.eu\/investors\/press-releases\/ctp-enters-german-logistics-real-estate-market-via-c-eur-800-mln-public-takeover-and-delisting-offer-for-deutsche-industrie-reit-ag\/#breadcrumb\"},\"inLanguage\":\"cs\",\"potentialAction\":[{\"@type\":\"ReadAction\",\"target\":[\"https:\/\/ctp.eu\/investors\/press-releases\/ctp-enters-german-logistics-real-estate-market-via-c-eur-800-mln-public-takeover-and-delisting-offer-for-deutsche-industrie-reit-ag\/\"]}]},{\"@type\":\"BreadcrumbList\",\"@id\":\"https:\/\/ctp.eu\/investors\/press-releases\/ctp-enters-german-logistics-real-estate-market-via-c-eur-800-mln-public-takeover-and-delisting-offer-for-deutsche-industrie-reit-ag\/#breadcrumb\",\"itemListElement\":[{\"@type\":\"ListItem\",\"position\":1,\"name\":\"Home\",\"item\":\"https:\/\/ctp.eu\/\"},{\"@type\":\"ListItem\",\"position\":2,\"name\":\"Long-Term Investment Partnership\",\"item\":\"https:\/\/ctp.eu\/investors\/\"},{\"@type\":\"ListItem\",\"position\":3,\"name\":\"Press Releases\",\"item\":\"https:\/\/ctp.eu\/investors\/press-releases\/\"},{\"@type\":\"ListItem\",\"position\":4,\"name\":\"CTP Enters German Logistics Real Estate Market via c. EUR 800 mln Public Takeover and Delisting Offer for Deutsche Industrie REIT-AG\"}]},{\"@type\":\"WebSite\",\"@id\":\"https:\/\/ctp.eu\/#website\",\"url\":\"https:\/\/ctp.eu\/\",\"name\":\"Commercial Real Estate Developer And Manager\",\"description\":\"CTP - premium industrial warehouse and office buildings\",\"publisher\":{\"@id\":\"https:\/\/ctp.eu\/#organization\"},\"potentialAction\":[{\"@type\":\"SearchAction\",\"target\":{\"@type\":\"EntryPoint\",\"urlTemplate\":\"https:\/\/ctp.eu\/?s={search_term_string}\"},\"query-input\":{\"@type\":\"PropertyValueSpecification\",\"valueRequired\":true,\"valueName\":\"search_term_string\"}}],\"inLanguage\":\"cs\"},{\"@type\":\"Organization\",\"@id\":\"https:\/\/ctp.eu\/#organization\",\"name\":\"CTP\",\"url\":\"https:\/\/ctp.eu\/\",\"logo\":{\"@type\":\"ImageObject\",\"inLanguage\":\"cs\",\"@id\":\"https:\/\/ctp.eu\/#\/schema\/logo\/image\/\",\"url\":\"\",\"contentUrl\":\"\",\"caption\":\"CTP\"},\"image\":{\"@id\":\"https:\/\/ctp.eu\/#\/schema\/logo\/image\/\"}}]}<\/script>","yoast_head_json":{"title":"CTP vstupuje na n\u011bmeck\u00fd trh logistick\u00fdch nemovitost\u00ed prost\u0159ednictv\u00edm ve\u0159ejn\u00e9 nab\u00eddky p\u0159evzet\u00ed a vy\u0159azen\u00ed spole\u010dnosti Deutsche Industrie REIT-AG - developera a spr\u00e1vce komer\u010dn\u00edch nemovitost\u00ed - v hodnot\u011b cca 800 milion\u016f EUR","robots":{"index":"index","follow":"follow","max-snippet":"max-snippet:-1","max-image-preview":"max-image-preview:large","max-video-preview":"max-video-preview:-1"},"canonical":"https:\/\/ctp.eu\/cs\/investors\/press-releases\/ctp-enters-german-logistics-real-estate-market-via-c-eur-800-mln-public-takeover-and-delisting-offer-for-deutsche-industrie-reit-ag\/","og_locale":"cs_CZ","og_type":"article","og_title":"CTP Enters German Logistics Real Estate Market via c. EUR 800 mln Public Takeover and Delisting Offer for Deutsche Industrie REIT-AG","og_url":"https:\/\/ctp.eu\/cs\/investors\/press-releases\/ctp-enters-german-logistics-real-estate-market-via-c-eur-800-mln-public-takeover-and-delisting-offer-for-deutsche-industrie-reit-ag\/","og_site_name":"Commercial Real Estate Developer And Manager","article_modified_time":"2021-11-10T12:56:26+00:00","twitter_card":"summary_large_image","schema":{"@context":"https:\/\/schema.org","@graph":[{"@type":"WebPage","@id":"https:\/\/ctp.eu\/investors\/press-releases\/ctp-enters-german-logistics-real-estate-market-via-c-eur-800-mln-public-takeover-and-delisting-offer-for-deutsche-industrie-reit-ag\/","url":"https:\/\/ctp.eu\/investors\/press-releases\/ctp-enters-german-logistics-real-estate-market-via-c-eur-800-mln-public-takeover-and-delisting-offer-for-deutsche-industrie-reit-ag\/","name":"CTP vstupuje na n\u011bmeck\u00fd trh logistick\u00fdch nemovitost\u00ed prost\u0159ednictv\u00edm ve\u0159ejn\u00e9 nab\u00eddky p\u0159evzet\u00ed a vy\u0159azen\u00ed spole\u010dnosti Deutsche Industrie REIT-AG - developera a spr\u00e1vce komer\u010dn\u00edch nemovitost\u00ed - v hodnot\u011b cca 800 milion\u016f EUR","isPartOf":{"@id":"https:\/\/ctp.eu\/#website"},"datePublished":"2021-10-26T08:10:34+00:00","dateModified":"2021-11-10T12:56:26+00:00","breadcrumb":{"@id":"https:\/\/ctp.eu\/investors\/press-releases\/ctp-enters-german-logistics-real-estate-market-via-c-eur-800-mln-public-takeover-and-delisting-offer-for-deutsche-industrie-reit-ag\/#breadcrumb"},"inLanguage":"cs","potentialAction":[{"@type":"ReadAction","target":["https:\/\/ctp.eu\/investors\/press-releases\/ctp-enters-german-logistics-real-estate-market-via-c-eur-800-mln-public-takeover-and-delisting-offer-for-deutsche-industrie-reit-ag\/"]}]},{"@type":"BreadcrumbList","@id":"https:\/\/ctp.eu\/investors\/press-releases\/ctp-enters-german-logistics-real-estate-market-via-c-eur-800-mln-public-takeover-and-delisting-offer-for-deutsche-industrie-reit-ag\/#breadcrumb","itemListElement":[{"@type":"ListItem","position":1,"name":"Home","item":"https:\/\/ctp.eu\/"},{"@type":"ListItem","position":2,"name":"Long-Term Investment Partnership","item":"https:\/\/ctp.eu\/investors\/"},{"@type":"ListItem","position":3,"name":"Press Releases","item":"https:\/\/ctp.eu\/investors\/press-releases\/"},{"@type":"ListItem","position":4,"name":"CTP Enters German Logistics Real Estate Market via c. EUR 800 mln Public Takeover and Delisting Offer for Deutsche Industrie REIT-AG"}]},{"@type":"WebSite","@id":"https:\/\/ctp.eu\/#website","url":"https:\/\/ctp.eu\/","name":"Developer a mana\u017eer komer\u010dn\u00edch nemovitost\u00ed","description":"CTP - pr\u00e9miov\u00e9 pr\u016fmyslov\u00e9 sklady a kancel\u00e1\u0159sk\u00e9 budovy","publisher":{"@id":"https:\/\/ctp.eu\/#organization"},"potentialAction":[{"@type":"SearchAction","target":{"@type":"EntryPoint","urlTemplate":"https:\/\/ctp.eu\/?s={search_term_string}"},"query-input":{"@type":"PropertyValueSpecification","valueRequired":true,"valueName":"search_term_string"}}],"inLanguage":"cs"},{"@type":"Organization","@id":"https:\/\/ctp.eu\/#organization","name":"CTP","url":"https:\/\/ctp.eu\/","logo":{"@type":"ImageObject","inLanguage":"cs","@id":"https:\/\/ctp.eu\/#\/schema\/logo\/image\/","url":"","contentUrl":"","caption":"CTP"},"image":{"@id":"https:\/\/ctp.eu\/#\/schema\/logo\/image\/"}}]}},"_links":{"self":[{"href":"https:\/\/ctp.eu\/cs\/wp-json\/wp\/v2\/pages\/32096","targetHints":{"allow":["GET"]}}],"collection":[{"href":"https:\/\/ctp.eu\/cs\/wp-json\/wp\/v2\/pages"}],"about":[{"href":"https:\/\/ctp.eu\/cs\/wp-json\/wp\/v2\/types\/page"}],"author":[{"embeddable":true,"href":"https:\/\/ctp.eu\/cs\/wp-json\/wp\/v2\/users\/22"}],"replies":[{"embeddable":true,"href":"https:\/\/ctp.eu\/cs\/wp-json\/wp\/v2\/comments?post=32096"}],"version-history":[{"count":0,"href":"https:\/\/ctp.eu\/cs\/wp-json\/wp\/v2\/pages\/32096\/revisions"}],"up":[{"embeddable":true,"href":"https:\/\/ctp.eu\/cs\/wp-json\/wp\/v2\/pages\/13637"}],"wp:attachment":[{"href":"https:\/\/ctp.eu\/cs\/wp-json\/wp\/v2\/media?parent=32096"}],"curies":[{"name":"wp","href":"https:\/\/api.w.org\/{rel}","templated":true}]}}