{"id":31992,"date":"2021-10-26T07:26:11","date_gmt":"2021-10-26T05:26:11","guid":{"rendered":"https:\/\/www.ctp.eu\/?page_id=31992"},"modified":"2021-10-26T10:43:24","modified_gmt":"2021-10-26T08:43:24","slug":"takeover-disclaimer","status":"publish","type":"page","link":"https:\/\/ctp.eu\/cs\/investors\/takeover-offers\/takeover-disclaimer\/","title":{"rendered":"Odm\u00edtnut\u00ed odpov\u011bdnosti"},"content":{"rendered":"<h2 class=\"investors-subtitle\">Odm\u00edtnut\u00ed odpov\u011bdnosti<\/h2>\n<h3>Deutsche Industrie REIT-AG Nab\u00eddka p\u0159evzet\u00ed a vy\u0159azen\u00ed z obchodov\u00e1n\u00ed na burze<\/h3>\n<p>Vstoupili jste na internetov\u00e9 str\u00e1nky, kter\u00e9 spole\u010dnost CTP N.V. ur\u010dila pro zve\u0159ej\u0148ov\u00e1n\u00ed dokument\u016f a informac\u00ed v souvislosti s dobrovolnou ve\u0159ejnou nab\u00eddkou p\u0159evzet\u00ed a vy\u0159azen\u00edm z obchodov\u00e1n\u00ed na burze podle n\u011bmeck\u00e9ho z\u00e1kona o p\u0159evzet\u00ed a akvizic\u00edch cenn\u00fdch pap\u00edr\u016f (<em>Wertpapiererwerbs- und \u00dcbernahmegesetz<\/em>) (\"<strong>Wp\u00dcG<\/strong>\") pro v\u0161echny akcie Deutsche Industrie REIT-AG ozn\u00e1men\u00e9 dne 26. \u0159\u00edjna 2021 (d\u00e1le jen \"<strong>Nab\u00eddka<\/strong>\").<\/p>\n<p>&nbsp; <\/p>\n<p><strong>Pro p\u0159\u00edstup k dal\u0161\u00edm informac\u00edm v souvislosti s nab\u00eddkou je t\u0159eba, aby n\u00e1v\u0161t\u011bvn\u00edci t\u011bchto webov\u00fdch str\u00e1nek potvrdili v doln\u00ed \u010d\u00e1sti t\u00e9to str\u00e1nky, \u017ee se sezn\u00e1mili s n\u00e1sleduj\u00edc\u00edmi pr\u00e1vn\u00edmi informacemi.<\/strong><\/p>\n<p>&nbsp; <\/p>\n<p>CTP N.V. (d\u00e1le jen \"<strong>Uchaze\u010d<\/strong>\") zve\u0159ej\u0148uje na n\u00e1sleduj\u00edc\u00edch str\u00e1nk\u00e1ch informace t\u00fdkaj\u00edc\u00ed se nab\u00eddky. Nab\u00eddka je realizov\u00e1na v\u00fdhradn\u011b v souladu s platn\u00fdmi pr\u00e1vn\u00edmi p\u0159edpisy Spolkov\u00e9 republiky N\u011bmecko, zejm\u00e9na s Wp\u00dcG ve spojen\u00ed s n\u011bmeck\u00fdm na\u0159\u00edzen\u00edm o obsahu nab\u00eddkov\u00e9 dokumentace, \u00favah\u00e1ch t\u00fdkaj\u00edc\u00edch se nab\u00eddek a povinn\u00fdch nab\u00eddek a v\u00fdjimk\u00e1ch z povinnosti zve\u0159ejnit a p\u0159edlo\u017eit nab\u00eddku (<em>Wp\u00dcG-Angebotsverordnung<\/em>). Nab\u00eddka se neuskute\u010d\u0148uje na z\u00e1klad\u011b ustanoven\u00ed jin\u00fdch pr\u00e1vn\u00edch \u0159\u00e1d\u016f ne\u017e pr\u00e1vn\u00edch \u0159\u00e1d\u016f Spolkov\u00e9 republiky N\u011bmecko. \u017d\u00e1dn\u00e1 ozn\u00e1men\u00ed, registrace, p\u0159ijet\u00ed nebo schv\u00e1len\u00ed Nab\u00eddky a\/nebo nab\u00eddkov\u00e9ho dokumentu tedy nebyla pod\u00e1na, za\u0159\u00edzena nebo ud\u011blena mimo \u00fazem\u00ed Spolkov\u00e9 republiky N\u011bmecko. Investo\u0159i do cenn\u00fdch pap\u00edr\u016f spole\u010dnosti Deutsche Industry REIT-AG a jejich dr\u017eitel\u00e9 se nemohou spol\u00e9hat na to, \u017ee se budou moci odvol\u00e1vat na p\u0159edpisy na ochranu investor\u016f jin\u00fdch jurisdikc\u00ed ne\u017e Spolkov\u00e9 republiky N\u011bmecko. \u017d\u00e1dn\u00e1 feder\u00e1ln\u00ed nebo st\u00e1tn\u00ed komise pro cenn\u00e9 pap\u00edry nebo regula\u010dn\u00ed org\u00e1n USA neschv\u00e1lil ani neodm\u00edtl nab\u00eddku a\/nebo nab\u00eddkov\u00fd dokument ani se nevyj\u00e1d\u0159il k p\u0159im\u011b\u0159enosti nebo p\u0159esnosti informac\u00ed v dokumentech souvisej\u00edc\u00edch s nab\u00eddkou. Jak\u00e9koli opa\u010dn\u00e9 prohl\u00e1\u0161en\u00ed je ve Spojen\u00fdch st\u00e1tech americk\u00fdch trestn\u00fdm \u010dinem (\"<strong>Spojen\u00e9 st\u00e1ty americk\u00e9<\/strong>\").<\/p>\n<p>&nbsp; <\/p>\n<p>S v\u00fdhradou v\u00fdjimek popsan\u00fdch v nab\u00eddkov\u00e9m dokumentu, jako\u017e i v\u0161ech v\u00fdjimek, kter\u00e9 mohou b\u00fdt ud\u011bleny p\u0159\u00edslu\u0161n\u00fdm regula\u010dn\u00edm org\u00e1nem, nen\u00ed nab\u00eddka p\u0159evzet\u00ed nebo vy\u0159azen\u00ed z obchodov\u00e1n\u00ed p\u0159\u00edmo ani nep\u0159\u00edmo \u010din\u011bna v \u017e\u00e1dn\u00e9 jurisdikci, kde by to p\u0159edstavovalo poru\u0161en\u00ed vnitrost\u00e1tn\u00edch pr\u00e1vn\u00edch p\u0159edpis\u016f takov\u00e9 jurisdikce.<\/p>\n<p>&nbsp; <\/p>\n<p>Nab\u00eddka povede k nabyt\u00ed cenn\u00fdch pap\u00edr\u016f n\u011bmeck\u00e9 spole\u010dnosti a podl\u00e9h\u00e1 n\u011bmeck\u00fdm po\u017eadavk\u016fm na zve\u0159ej\u0148ov\u00e1n\u00ed informac\u00ed, kter\u00e9 se li\u0161\u00ed od po\u017eadavk\u016f Spojen\u00fdch st\u00e1t\u016f. Finan\u010dn\u00ed informace obsa\u017een\u00e9 nebo uveden\u00e9 v nab\u00eddkov\u00fdch dokumentech byly p\u0159ipraveny v souladu s \u00fa\u010detn\u00edmi standardy mimo USA, a proto nemus\u00ed b\u00fdt srovnateln\u00e9 s finan\u010dn\u00edmi informacemi americk\u00fdch spole\u010dnost\u00ed nebo spole\u010dnost\u00ed, jejich\u017e \u00fa\u010detn\u00ed z\u00e1v\u011brky jsou p\u0159ipravov\u00e1ny v souladu s obecn\u011b uzn\u00e1van\u00fdmi \u00fa\u010detn\u00edmi z\u00e1sadami ve Spojen\u00fdch st\u00e1tech.<\/p>\n<p>&nbsp; <\/p>\n<p>Nab\u00eddka je \u010din\u011bna ve Spojen\u00fdch st\u00e1tech na z\u00e1klad\u011b v\u00fdjimky z pravidel pro nab\u00eddky v USA podle pravidla 14d-1(c) podle americk\u00e9ho z\u00e1kona o burze cenn\u00fdch pap\u00edr\u016f z roku 1934, ve zn\u011bn\u00ed pozd\u011bj\u0161\u00edch p\u0159edpis\u016f (d\u00e1le jen \"z\u00e1kon o burze cenn\u00fdch pap\u00edr\u016f\").<strong>Z\u00e1kon USA o burze cenn\u00fdch pap\u00edr\u016f<\/strong>\") a emise akci\u00ed se uskute\u010d\u0148uje na z\u00e1klad\u011b v\u00fdjimky z registrace podle pravidla 802 americk\u00e9ho z\u00e1kona o cenn\u00fdch pap\u00edrech z roku 1933, ve zn\u011bn\u00ed pozd\u011bj\u0161\u00edch p\u0159edpis\u016f (d\u00e1le jen \"z\u00e1kon\").<strong>Z\u00e1kon USA o cenn\u00fdch pap\u00edrech<\/strong>\") a nab\u00eddka je jinak u\u010din\u011bna v souladu s platn\u00fdmi pr\u00e1vn\u00edmi p\u0159edpisy v N\u011bmecku. Nab\u00eddka proto podl\u00e9h\u00e1 po\u017eadavk\u016fm na ukon\u010den\u00ed a dal\u0161\u00edm procedur\u00e1ln\u00edm po\u017eadavk\u016fm, v\u010detn\u011b po\u017eadavk\u016f t\u00fdkaj\u00edc\u00edch se pr\u00e1v na odstoupen\u00ed od smlouvy, \u010dasov\u00e9ho harmonogramu nab\u00eddky, postup\u016f vypo\u0159\u00e1d\u00e1n\u00ed a na\u010dasov\u00e1n\u00ed plateb, kter\u00e9 se li\u0161\u00ed od po\u017eadavk\u016f platn\u00fdch podle vnitrost\u00e1tn\u00edch nab\u00eddkov\u00fdch \u0159\u00edzen\u00ed v USA.<\/p>\n<p>&nbsp; <\/p>\n<p>Pro americk\u00e9 dr\u017eitele akci\u00ed m\u016f\u017ee b\u00fdt obt\u00ed\u017en\u00e9 vym\u00e1hat sv\u00e1 pr\u00e1va a p\u0159\u00edpadn\u00e9 n\u00e1roky vypl\u00fdvaj\u00edc\u00ed z feder\u00e1ln\u00edch z\u00e1kon\u016f o cenn\u00fdch pap\u00edrech USA, proto\u017ee spole\u010dnosti CTP N.V. a Deutsche Industrie REIT-AG s\u00eddl\u00ed v jin\u00e9 zemi ne\u017e ve Spojen\u00fdch st\u00e1tech a n\u011bkte\u0159\u00ed nebo v\u0161ichni jejich vedouc\u00ed pracovn\u00edci a \u0159editel\u00e9 mohou b\u00fdt rezidenty jin\u00e9 zem\u011b ne\u017e Spojen\u00fdch st\u00e1t\u016f. Ameri\u010dt\u00ed dr\u017eitel\u00e9 akci\u00ed nemus\u00ed m\u00edt mo\u017enost \u017ealovat spole\u010dnost, kter\u00e1 nen\u00ed z USA, nebo jej\u00ed vedouc\u00ed pracovn\u00edky \u010di \u0159editele u soudu v jin\u00e9 zemi ne\u017e v USA za poru\u0161en\u00ed americk\u00fdch z\u00e1kon\u016f o cenn\u00fdch pap\u00edrech. D\u00e1le m\u016f\u017ee b\u00fdt obt\u00ed\u017en\u00e9 p\u0159im\u011bt spole\u010dnost mimo USA a jej\u00ed p\u0159idru\u017een\u00e9 spole\u010dnosti, aby se podrobily rozhodnut\u00ed americk\u00e9ho soudu.<\/p>\n<p>&nbsp; <\/p>\n<p>Ozn\u00e1men\u00ed na t\u011bchto internetov\u00fdch str\u00e1nk\u00e1ch nep\u0159edstavuj\u00ed v\u00fdzvu k prodeji nebo nab\u00eddku na v\u00fdm\u011bnu cenn\u00fdch pap\u00edr\u016f spole\u010dnosti Deutsche Industrie REIT-AG nebo Nab\u00edzej\u00edc\u00edho. S v\u00fdjimkou zve\u0159ejn\u011bn\u00ed nab\u00eddkov\u00e9ho dokumentu nep\u0159edstavuj\u00ed ozn\u00e1men\u00ed u\u010din\u011bn\u00e1 na t\u011bchto internetov\u00fdch str\u00e1nk\u00e1ch ani nab\u00eddku ke koupi nebo v\u00fdm\u011bn\u011b akci\u00ed spole\u010dnosti Deutsche Industrie REIT-AG nebo Nab\u00edzej\u00edc\u00edho.<\/p>\n<p>&nbsp; <\/p>\n<p>V rozsahu p\u0159\u00edpustn\u00e9m podle platn\u00fdch pr\u00e1vn\u00edch p\u0159edpis\u016f a v souladu s n\u011bmeck\u00fdmi tr\u017en\u00edmi zvyklostmi m\u016f\u017ee Uchaze\u010d nebo jeho makl\u00e9\u0159i p\u0159\u00edmo nebo nep\u0159\u00edmo nakupovat cenn\u00e9 pap\u00edry spole\u010dnosti Deutsche Industrie REIT-AG nebo uzav\u00edrat smlouvy o jejich n\u00e1kupu mimo Nab\u00eddku, a to p\u0159ed, b\u011bhem nebo po uplynut\u00ed doby, po kterou je nab\u00eddka otev\u0159ena k p\u0159ijet\u00ed. Tot\u00e9\u017e plat\u00ed pro jin\u00e9 cenn\u00e9 pap\u00edry, kter\u00e9 jsou p\u0159\u00edmo sm\u011bniteln\u00e9 za cenn\u00e9 pap\u00edry spole\u010dnosti Deutsche Industrie REIT-AG, vym\u011bniteln\u00e9 za n\u011b nebo uplatniteln\u00e9 na n\u011b. Tyto n\u00e1kupy mohou b\u00fdt realizov\u00e1ny prost\u0159ednictv\u00edm burzy za tr\u017en\u00ed ceny nebo mimo burzu za sjednan\u00fdch podm\u00ednek. Ve\u0161ker\u00e9 informace o t\u011bchto n\u00e1kupech budou zve\u0159ejn\u011bny v souladu s po\u017eadavky z\u00e1kon\u016f a na\u0159\u00edzen\u00ed v N\u011bmecku nebo v jin\u00e9 p\u0159\u00edslu\u0161n\u00e9 jurisdikci.<\/p>\n<p>&nbsp; <\/p>\n<p>Pokud n\u011bkter\u00e1 ozn\u00e1men\u00ed na t\u011bchto webov\u00fdch str\u00e1nk\u00e1ch obsahuj\u00ed v\u00fdhledov\u00e1 prohl\u00e1\u0161en\u00ed, nep\u0159edstavuj\u00ed tato prohl\u00e1\u0161en\u00ed fakta a jsou charakterizov\u00e1na slovy \"o\u010dek\u00e1vat\", \"v\u011b\u0159it\", \"odhadovat\", \"zam\u00fd\u0161let\", \"c\u00edl\", \"p\u0159edpokl\u00e1dat\" nebo podobn\u00fdmi v\u00fdrazy. Takov\u00e1 prohl\u00e1\u0161en\u00ed vyjad\u0159uj\u00ed z\u00e1m\u011bry, n\u00e1zory nebo aktu\u00e1ln\u00ed o\u010dek\u00e1v\u00e1n\u00ed a p\u0159edpoklady Nab\u00edzej\u00edc\u00edho a osob jednaj\u00edc\u00edch s Nab\u00edzej\u00edc\u00edm, nap\u0159\u00edklad pokud jde o mo\u017en\u00e9 d\u016fsledky Nab\u00eddky pro Deutsche Industrie REIT-AG, pro ty akcion\u00e1\u0159e Deutsche Industrie REIT-AG, kte\u0159\u00ed se rozhodnou Nab\u00eddku nep\u0159ijmout, nebo pro budouc\u00ed finan\u010dn\u00ed v\u00fdsledky Deutsche Industrie REIT-AG. Tato v\u00fdhledov\u00e1 prohl\u00e1\u0161en\u00ed jsou zalo\u017eena na sou\u010dasn\u00fdch pl\u00e1nech, odhadech a progn\u00f3z\u00e1ch, kter\u00e9 Nab\u00edzej\u00edc\u00ed a osoby jednaj\u00edc\u00ed s Nab\u00edzej\u00edc\u00edm u\u010dinili podle sv\u00e9ho nejlep\u0161\u00edho v\u011bdom\u00ed, ale kter\u00e9 si ne\u010din\u00ed n\u00e1rok na to, \u017ee budou v budoucnu spr\u00e1vn\u00e9. V\u00fdhledov\u00e1 prohl\u00e1\u0161en\u00ed podl\u00e9haj\u00ed rizik\u016fm a nejistot\u00e1m, kter\u00e9 je obt\u00ed\u017en\u00e9 p\u0159edv\u00eddat a kter\u00e9 Uchaze\u010d ani osoby jednaj\u00edc\u00ed s Uchaze\u010dem obvykle nemohou ovlivnit. Je t\u0159eba m\u00edt na pam\u011bti, \u017ee skute\u010dn\u00e9 ud\u00e1losti nebo d\u016fsledky se mohou podstatn\u011b li\u0161it od t\u011bch, kter\u00e9 jsou obsa\u017eeny v t\u011bchto v\u00fdhledov\u00fdch prohl\u00e1\u0161en\u00edch nebo kter\u00e9 jsou jimi vyj\u00e1d\u0159eny.<\/p>\n<p>&nbsp; <\/p>\n<p><strong>V\u00fdb\u011brem tla\u010d\u00edtka \"Potvrzuji\" zaru\u010dujete, \u017ee jste si p\u0159e\u010detli v\u00fd\u0161e uveden\u00e9 pr\u00e1vn\u00ed upozorn\u011bn\u00ed a \u017ee jste mu porozum\u011bli.<\/strong><\/p>\n<p>&nbsp;<\/p>\n<p><a class=\"btn btn-primary uppercase mb-0 getOfferButton\" style=\"margin-top: 80px;\" href=\"\/cs\/investors\/takeover-offers\/dir-takeover\/?noredirect=true\">I Potvrzuji<\/a><\/p>\n<p><a class=\"btn btn-primary uppercase mb-0 getOfferButton\" style=\"margin-top: 80px; margin-left: 20px; background: #3f4a48; border: 1px solid #3f4a48;\" href=\"\/cs\/investors\/\">Nepotvrzuji Potvrzuji<\/a><\/p>","protected":false},"excerpt":{"rendered":"<p>Prohl\u00e1\u0161en\u00ed Deutsche Industrie REIT-AG Nab\u00eddka p\u0159evzet\u00ed a vy\u0159azen\u00ed Vstoupili jste na webovou str\u00e1nku, kterou CTP NV ur\u010dila pro<\/p>","protected":false},"author":22,"featured_media":0,"parent":31996,"menu_order":0,"comment_status":"closed","ping_status":"closed","template":"investors-sub-page.php","meta":{"_acf_changed":false,"footnotes":""},"class_list":["post-31992","page","type-page","status-publish","hentry"],"acf":[],"yoast_head":"<title>Disclaimer - Commercial Real Estate Developer And Manager<\/title>\n<meta name=\"robots\" content=\"index, follow, max-snippet:-1, max-image-preview:large, max-video-preview:-1\" \/>\n<link rel=\"canonical\" href=\"https:\/\/ctp.eu\/cs\/investors\/takeover-offers\/takeover-disclaimer\/\" \/>\n<meta property=\"og:locale\" content=\"cs_CZ\" \/>\n<meta property=\"og:type\" content=\"article\" \/>\n<meta property=\"og:title\" content=\"Disclaimer\" \/>\n<meta property=\"og:description\" content=\"Disclaimer Deutsche Industrie REIT-AG Takeover and Delisting Of\u00adfer You have entered the website which CTP N.V. has designated for the\" \/>\n<meta property=\"og:url\" content=\"https:\/\/ctp.eu\/cs\/investors\/takeover-offers\/takeover-disclaimer\/\" \/>\n<meta property=\"og:site_name\" content=\"Commercial Real Estate Developer And Manager\" \/>\n<meta property=\"article:modified_time\" content=\"2021-10-26T08:43:24+00:00\" \/>\n<meta name=\"twitter:card\" content=\"summary_large_image\" \/>\n<meta name=\"twitter:label1\" content=\"Odhadovan\u00e1 doba \u010dten\u00ed\" \/>\n\t<meta name=\"twitter:data1\" content=\"5 minut\" \/>\n<script type=\"application\/ld+json\" class=\"yoast-schema-graph\">{\"@context\":\"https:\/\/schema.org\",\"@graph\":[{\"@type\":\"WebPage\",\"@id\":\"https:\/\/ctp.eu\/investors\/takeover-offers\/takeover-disclaimer\/\",\"url\":\"https:\/\/ctp.eu\/investors\/takeover-offers\/takeover-disclaimer\/\",\"name\":\"Disclaimer - Commercial Real Estate Developer And Manager\",\"isPartOf\":{\"@id\":\"https:\/\/ctp.eu\/#website\"},\"datePublished\":\"2021-10-26T05:26:11+00:00\",\"dateModified\":\"2021-10-26T08:43:24+00:00\",\"breadcrumb\":{\"@id\":\"https:\/\/ctp.eu\/investors\/takeover-offers\/takeover-disclaimer\/#breadcrumb\"},\"inLanguage\":\"cs\",\"potentialAction\":[{\"@type\":\"ReadAction\",\"target\":[\"https:\/\/ctp.eu\/investors\/takeover-offers\/takeover-disclaimer\/\"]}]},{\"@type\":\"BreadcrumbList\",\"@id\":\"https:\/\/ctp.eu\/investors\/takeover-offers\/takeover-disclaimer\/#breadcrumb\",\"itemListElement\":[{\"@type\":\"ListItem\",\"position\":1,\"name\":\"Home\",\"item\":\"https:\/\/ctp.eu\/\"},{\"@type\":\"ListItem\",\"position\":2,\"name\":\"Long-Term Investment Partnership\",\"item\":\"https:\/\/ctp.eu\/investors\/\"},{\"@type\":\"ListItem\",\"position\":3,\"name\":\"Takeover Offers\",\"item\":\"https:\/\/ctp.eu\/investors\/takeover-offers\/\"},{\"@type\":\"ListItem\",\"position\":4,\"name\":\"Disclaimer\"}]},{\"@type\":\"WebSite\",\"@id\":\"https:\/\/ctp.eu\/#website\",\"url\":\"https:\/\/ctp.eu\/\",\"name\":\"Commercial Real Estate Developer And Manager\",\"description\":\"CTP - premium industrial warehouse and office buildings\",\"publisher\":{\"@id\":\"https:\/\/ctp.eu\/#organization\"},\"potentialAction\":[{\"@type\":\"SearchAction\",\"target\":{\"@type\":\"EntryPoint\",\"urlTemplate\":\"https:\/\/ctp.eu\/?s={search_term_string}\"},\"query-input\":{\"@type\":\"PropertyValueSpecification\",\"valueRequired\":true,\"valueName\":\"search_term_string\"}}],\"inLanguage\":\"cs\"},{\"@type\":\"Organization\",\"@id\":\"https:\/\/ctp.eu\/#organization\",\"name\":\"CTP\",\"url\":\"https:\/\/ctp.eu\/\",\"logo\":{\"@type\":\"ImageObject\",\"inLanguage\":\"cs\",\"@id\":\"https:\/\/ctp.eu\/#\/schema\/logo\/image\/\",\"url\":\"\",\"contentUrl\":\"\",\"caption\":\"CTP\"},\"image\":{\"@id\":\"https:\/\/ctp.eu\/#\/schema\/logo\/image\/\"}}]}<\/script>","yoast_head_json":{"title":"Prohl\u00e1\u0161en\u00ed - Developer a mana\u017eer komer\u010dn\u00edch nemovitost\u00ed","robots":{"index":"index","follow":"follow","max-snippet":"max-snippet:-1","max-image-preview":"max-image-preview:large","max-video-preview":"max-video-preview:-1"},"canonical":"https:\/\/ctp.eu\/cs\/investors\/takeover-offers\/takeover-disclaimer\/","og_locale":"cs_CZ","og_type":"article","og_title":"Disclaimer","og_description":"Disclaimer Deutsche Industrie REIT-AG Takeover and Delisting Of\u00adfer You have entered the website which CTP N.V. has designated for the","og_url":"https:\/\/ctp.eu\/cs\/investors\/takeover-offers\/takeover-disclaimer\/","og_site_name":"Commercial Real Estate Developer And Manager","article_modified_time":"2021-10-26T08:43:24+00:00","twitter_card":"summary_large_image","twitter_misc":{"Odhadovan\u00e1 doba \u010dten\u00ed":"5 minut"},"schema":{"@context":"https:\/\/schema.org","@graph":[{"@type":"WebPage","@id":"https:\/\/ctp.eu\/investors\/takeover-offers\/takeover-disclaimer\/","url":"https:\/\/ctp.eu\/investors\/takeover-offers\/takeover-disclaimer\/","name":"Prohl\u00e1\u0161en\u00ed - Developer a mana\u017eer komer\u010dn\u00edch nemovitost\u00ed","isPartOf":{"@id":"https:\/\/ctp.eu\/#website"},"datePublished":"2021-10-26T05:26:11+00:00","dateModified":"2021-10-26T08:43:24+00:00","breadcrumb":{"@id":"https:\/\/ctp.eu\/investors\/takeover-offers\/takeover-disclaimer\/#breadcrumb"},"inLanguage":"cs","potentialAction":[{"@type":"ReadAction","target":["https:\/\/ctp.eu\/investors\/takeover-offers\/takeover-disclaimer\/"]}]},{"@type":"BreadcrumbList","@id":"https:\/\/ctp.eu\/investors\/takeover-offers\/takeover-disclaimer\/#breadcrumb","itemListElement":[{"@type":"ListItem","position":1,"name":"Home","item":"https:\/\/ctp.eu\/"},{"@type":"ListItem","position":2,"name":"Long-Term Investment Partnership","item":"https:\/\/ctp.eu\/investors\/"},{"@type":"ListItem","position":3,"name":"Takeover Offers","item":"https:\/\/ctp.eu\/investors\/takeover-offers\/"},{"@type":"ListItem","position":4,"name":"Disclaimer"}]},{"@type":"WebSite","@id":"https:\/\/ctp.eu\/#website","url":"https:\/\/ctp.eu\/","name":"Developer a mana\u017eer komer\u010dn\u00edch nemovitost\u00ed","description":"CTP - pr\u00e9miov\u00e9 pr\u016fmyslov\u00e9 sklady a kancel\u00e1\u0159sk\u00e9 budovy","publisher":{"@id":"https:\/\/ctp.eu\/#organization"},"potentialAction":[{"@type":"SearchAction","target":{"@type":"EntryPoint","urlTemplate":"https:\/\/ctp.eu\/?s={search_term_string}"},"query-input":{"@type":"PropertyValueSpecification","valueRequired":true,"valueName":"search_term_string"}}],"inLanguage":"cs"},{"@type":"Organization","@id":"https:\/\/ctp.eu\/#organization","name":"CTP","url":"https:\/\/ctp.eu\/","logo":{"@type":"ImageObject","inLanguage":"cs","@id":"https:\/\/ctp.eu\/#\/schema\/logo\/image\/","url":"","contentUrl":"","caption":"CTP"},"image":{"@id":"https:\/\/ctp.eu\/#\/schema\/logo\/image\/"}}]}},"_links":{"self":[{"href":"https:\/\/ctp.eu\/cs\/wp-json\/wp\/v2\/pages\/31992","targetHints":{"allow":["GET"]}}],"collection":[{"href":"https:\/\/ctp.eu\/cs\/wp-json\/wp\/v2\/pages"}],"about":[{"href":"https:\/\/ctp.eu\/cs\/wp-json\/wp\/v2\/types\/page"}],"author":[{"embeddable":true,"href":"https:\/\/ctp.eu\/cs\/wp-json\/wp\/v2\/users\/22"}],"replies":[{"embeddable":true,"href":"https:\/\/ctp.eu\/cs\/wp-json\/wp\/v2\/comments?post=31992"}],"version-history":[{"count":0,"href":"https:\/\/ctp.eu\/cs\/wp-json\/wp\/v2\/pages\/31992\/revisions"}],"up":[{"embeddable":true,"href":"https:\/\/ctp.eu\/cs\/wp-json\/wp\/v2\/pages\/31996"}],"wp:attachment":[{"href":"https:\/\/ctp.eu\/cs\/wp-json\/wp\/v2\/media?parent=31992"}],"curies":[{"name":"wp","href":"https:\/\/api.w.org\/{rel}","templated":true}]}}