{"id":238,"date":"2018-04-17T11:24:00","date_gmt":"2018-04-17T11:24:00","guid":{"rendered":"https:\/\/www.ctp.eu\/?page_id=238"},"modified":"2019-12-04T11:43:12","modified_gmt":"2019-12-04T11:43:12","slug":"development-and-services","status":"publish","type":"page","link":"https:\/\/ctp.eu\/cs\/services\/development-and-services\/","title":{"rendered":"Jak m\u016f\u017eeme <br\/>v\u00e1m pomoci?"},"content":{"rendered":"<p>V modelu komplexn\u00edch slu\u017eeb jsou v\u0161echny konkuren\u010dn\u00ed subjekty sdru\u017eeny pod jednou st\u0159echou, co\u017e umo\u017e\u0148uje. <strong>usnad\u0148uje p\u0159\u00edstup v\u00edce zam\u011b\u0159en\u00fd na klienta<\/strong> schopen <strong>sn\u00ed\u017eit slo\u017eitost<\/strong> a \u010dasov\u011b n\u00e1ro\u010dn\u00e9 tahanice mezi r\u016fzn\u00fdmi z\u00fa\u010dastn\u011bn\u00fdmi stranami.<\/p>\n<p>\u00dapravy lze prov\u00e1d\u011bt rychle <strong>aby vyhovovaly individu\u00e1ln\u00edm po\u017eadavk\u016fm n\u00e1jemc\u016f<\/strong>a z\u00e1rove\u0148 dodr\u017eovat ekonomick\u00e9, environment\u00e1ln\u00ed a soci\u00e1ln\u00ed standardy udr\u017eitelnosti, ani\u017e by se musely spol\u00e9hat na koordinaci nes\u010detn\u00fdch r\u016fznorod\u00fdch subjekt\u016f mezi sebou.<\/p>\n<p>Model komplexn\u00edch slu\u017eeb nav\u00edc m\u016f\u017ee usnadnit z\u00edsk\u00e1n\u00ed <strong>Certifikace udr\u017eitelnosti t\u0159et\u00ed stranou, <\/strong>jako je BREEAM, p\u0159edn\u00ed sv\u011btov\u00e1 metoda hodnocen\u00ed udr\u017eitelnosti pro \u00fazemn\u00ed pl\u00e1nov\u00e1n\u00ed, infrastrukturu a budovy.<\/p>\n<p><strong>Spole\u010dnost CTP stav\u00ed sv\u00e9 budovy podle standard\u016f BREEAM \"excellent\".<\/strong> a po dohod\u011b s n\u00e1jemcem budovy podrob\u00ed certifikaci BREEAM. Hodnocen\u00ed zaji\u0161\u0165uje ekologickou, soci\u00e1ln\u00ed a ekonomickou udr\u017eitelnost a tak\u00e9 pohodu lid\u00ed, kte\u0159\u00ed v nich \u017eij\u00ed a pracuj\u00ed.<\/p>\n<p class=\"perex\">","protected":false},"excerpt":{"rendered":"<p>V modelu komplexn\u00edch slu\u017eeb jsou v\u0161echny konkuren\u010dn\u00ed subjekty sdru\u017eeny pod jednou st\u0159echou, co\u017e usnad\u0148uje p\u0159\u00edstup v\u00edce zam\u011b\u0159en\u00fd na klienta, kter\u00fd je schopen<\/p>","protected":false},"author":67,"featured_media":0,"parent":66,"menu_order":0,"comment_status":"closed","ping_status":"closed","template":"services-page.php","meta":{"_acf_changed":false,"footnotes":""},"class_list":["post-238","page","type-page","status-publish","hentry"],"acf":[],"yoast_head":"<title>How can we help you? - Commercial Real Estate Developer And Manager<\/title>\n<meta name=\"robots\" content=\"index, follow, max-snippet:-1, max-image-preview:large, max-video-preview:-1\" \/>\n<link rel=\"canonical\" href=\"https:\/\/ctp.eu\/cs\/services\/development-and-services\/\" \/>\n<meta property=\"og:locale\" content=\"cs_CZ\" \/>\n<meta property=\"og:type\" content=\"article\" \/>\n<meta property=\"og:title\" content=\"How can we help you?\" \/>\n<meta property=\"og:description\" content=\"In the full-service model, compet\u00ading stakeholders are all brought under one roof, which facilitates a more client-centric approach able to\" \/>\n<meta property=\"og:url\" content=\"https:\/\/ctp.eu\/cs\/services\/development-and-services\/\" \/>\n<meta property=\"og:site_name\" content=\"Commercial Real Estate Developer And Manager\" \/>\n<meta property=\"article:modified_time\" content=\"2019-12-04T11:43:12+00:00\" \/>\n<meta name=\"twitter:card\" content=\"summary_large_image\" \/>\n<meta name=\"twitter:label1\" content=\"Odhadovan\u00e1 doba \u010dten\u00ed\" \/>\n\t<meta name=\"twitter:data1\" content=\"1 minuta\" \/>\n<script type=\"application\/ld+json\" class=\"yoast-schema-graph\">{\"@context\":\"https:\/\/schema.org\",\"@graph\":[{\"@type\":\"WebPage\",\"@id\":\"https:\/\/ctp.eu\/services\/development-and-services\/\",\"url\":\"https:\/\/ctp.eu\/services\/development-and-services\/\",\"name\":\"How can we help you? - Commercial Real Estate Developer And Manager\",\"isPartOf\":{\"@id\":\"https:\/\/ctp.eu\/#website\"},\"datePublished\":\"2018-04-17T11:24:00+00:00\",\"dateModified\":\"2019-12-04T11:43:12+00:00\",\"breadcrumb\":{\"@id\":\"https:\/\/ctp.eu\/services\/development-and-services\/#breadcrumb\"},\"inLanguage\":\"cs\",\"potentialAction\":[{\"@type\":\"ReadAction\",\"target\":[\"https:\/\/ctp.eu\/services\/development-and-services\/\"]}]},{\"@type\":\"BreadcrumbList\",\"@id\":\"https:\/\/ctp.eu\/services\/development-and-services\/#breadcrumb\",\"itemListElement\":[{\"@type\":\"ListItem\",\"position\":1,\"name\":\"Home\",\"item\":\"https:\/\/ctp.eu\/\"},{\"@type\":\"ListItem\",\"position\":2,\"name\":\"Services\",\"item\":\"https:\/\/ctp.eu\/services\/\"},{\"@type\":\"ListItem\",\"position\":3,\"name\":\"How can we help you?\"}]},{\"@type\":\"WebSite\",\"@id\":\"https:\/\/ctp.eu\/#website\",\"url\":\"https:\/\/ctp.eu\/\",\"name\":\"Commercial Real Estate Developer And Manager\",\"description\":\"CTP - premium industrial warehouse and office buildings\",\"publisher\":{\"@id\":\"https:\/\/ctp.eu\/#organization\"},\"potentialAction\":[{\"@type\":\"SearchAction\",\"target\":{\"@type\":\"EntryPoint\",\"urlTemplate\":\"https:\/\/ctp.eu\/?s={search_term_string}\"},\"query-input\":{\"@type\":\"PropertyValueSpecification\",\"valueRequired\":true,\"valueName\":\"search_term_string\"}}],\"inLanguage\":\"cs\"},{\"@type\":\"Organization\",\"@id\":\"https:\/\/ctp.eu\/#organization\",\"name\":\"CTP\",\"url\":\"https:\/\/ctp.eu\/\",\"logo\":{\"@type\":\"ImageObject\",\"inLanguage\":\"cs\",\"@id\":\"https:\/\/ctp.eu\/#\/schema\/logo\/image\/\",\"url\":\"\",\"contentUrl\":\"\",\"caption\":\"CTP\"},\"image\":{\"@id\":\"https:\/\/ctp.eu\/#\/schema\/logo\/image\/\"}}]}<\/script>","yoast_head_json":{"title":"Jak v\u00e1m m\u016f\u017eeme pomoci? - Developer a mana\u017eer komer\u010dn\u00edch nemovitost\u00ed","robots":{"index":"index","follow":"follow","max-snippet":"max-snippet:-1","max-image-preview":"max-image-preview:large","max-video-preview":"max-video-preview:-1"},"canonical":"https:\/\/ctp.eu\/cs\/services\/development-and-services\/","og_locale":"cs_CZ","og_type":"article","og_title":"How can we help you?","og_description":"In the full-service model, compet\u00ading stakeholders are all brought under one roof, which facilitates a more client-centric approach able to","og_url":"https:\/\/ctp.eu\/cs\/services\/development-and-services\/","og_site_name":"Commercial Real Estate Developer And Manager","article_modified_time":"2019-12-04T11:43:12+00:00","twitter_card":"summary_large_image","twitter_misc":{"Odhadovan\u00e1 doba \u010dten\u00ed":"1 minuta"},"schema":{"@context":"https:\/\/schema.org","@graph":[{"@type":"WebPage","@id":"https:\/\/ctp.eu\/services\/development-and-services\/","url":"https:\/\/ctp.eu\/services\/development-and-services\/","name":"Jak v\u00e1m m\u016f\u017eeme pomoci? - Developer a mana\u017eer komer\u010dn\u00edch nemovitost\u00ed","isPartOf":{"@id":"https:\/\/ctp.eu\/#website"},"datePublished":"2018-04-17T11:24:00+00:00","dateModified":"2019-12-04T11:43:12+00:00","breadcrumb":{"@id":"https:\/\/ctp.eu\/services\/development-and-services\/#breadcrumb"},"inLanguage":"cs","potentialAction":[{"@type":"ReadAction","target":["https:\/\/ctp.eu\/services\/development-and-services\/"]}]},{"@type":"BreadcrumbList","@id":"https:\/\/ctp.eu\/services\/development-and-services\/#breadcrumb","itemListElement":[{"@type":"ListItem","position":1,"name":"Home","item":"https:\/\/ctp.eu\/"},{"@type":"ListItem","position":2,"name":"Services","item":"https:\/\/ctp.eu\/services\/"},{"@type":"ListItem","position":3,"name":"How can we help you?"}]},{"@type":"WebSite","@id":"https:\/\/ctp.eu\/#website","url":"https:\/\/ctp.eu\/","name":"Developer a mana\u017eer komer\u010dn\u00edch nemovitost\u00ed","description":"CTP - pr\u00e9miov\u00e9 pr\u016fmyslov\u00e9 sklady a kancel\u00e1\u0159sk\u00e9 budovy","publisher":{"@id":"https:\/\/ctp.eu\/#organization"},"potentialAction":[{"@type":"SearchAction","target":{"@type":"EntryPoint","urlTemplate":"https:\/\/ctp.eu\/?s={search_term_string}"},"query-input":{"@type":"PropertyValueSpecification","valueRequired":true,"valueName":"search_term_string"}}],"inLanguage":"cs"},{"@type":"Organization","@id":"https:\/\/ctp.eu\/#organization","name":"CTP","url":"https:\/\/ctp.eu\/","logo":{"@type":"ImageObject","inLanguage":"cs","@id":"https:\/\/ctp.eu\/#\/schema\/logo\/image\/","url":"","contentUrl":"","caption":"CTP"},"image":{"@id":"https:\/\/ctp.eu\/#\/schema\/logo\/image\/"}}]}},"_links":{"self":[{"href":"https:\/\/ctp.eu\/cs\/wp-json\/wp\/v2\/pages\/238","targetHints":{"allow":["GET"]}}],"collection":[{"href":"https:\/\/ctp.eu\/cs\/wp-json\/wp\/v2\/pages"}],"about":[{"href":"https:\/\/ctp.eu\/cs\/wp-json\/wp\/v2\/types\/page"}],"author":[{"embeddable":true,"href":"https:\/\/ctp.eu\/cs\/wp-json\/wp\/v2\/users\/67"}],"replies":[{"embeddable":true,"href":"https:\/\/ctp.eu\/cs\/wp-json\/wp\/v2\/comments?post=238"}],"version-history":[{"count":0,"href":"https:\/\/ctp.eu\/cs\/wp-json\/wp\/v2\/pages\/238\/revisions"}],"up":[{"embeddable":true,"href":"https:\/\/ctp.eu\/cs\/wp-json\/wp\/v2\/pages\/66"}],"wp:attachment":[{"href":"https:\/\/ctp.eu\/cs\/wp-json\/wp\/v2\/media?parent=238"}],"curies":[{"name":"wp","href":"https:\/\/api.w.org\/{rel}","templated":true}]}}