{"id":2001,"date":"2018-05-10T13:17:39","date_gmt":"2018-05-10T13:17:39","guid":{"rendered":"https:\/\/www.ctp.eu\/?page_id=2001"},"modified":"2020-08-28T10:58:58","modified_gmt":"2020-08-28T10:58:58","slug":"consent-to-the-processing-of-personal-data","status":"publish","type":"page","link":"https:\/\/ctp.eu\/cs\/ctp-policies\/consent-to-the-processing-of-personal-data\/","title":{"rendered":"Souhlas se zpracov\u00e1n\u00edm osobn\u00edch \u00fadaj\u016f"},"content":{"rendered":"<div class=\"policy\">\n<p><strong>Ozn\u00e1men\u00ed o ochran\u011b osobn\u00edch \u00fadaj\u016f<\/strong><\/p>\n<p>Toto ozn\u00e1men\u00ed o ochran\u011b osobn\u00edch \u00fadaj\u016f se vztahuje na dodr\u017eov\u00e1n\u00ed pr\u00e1va na soukrom\u00ed z hlediska ochrany osobn\u00edch \u00fadaj\u016f, pokud jde o tyto webov\u00e9 str\u00e1nky provozovan\u00e9 spole\u010dnost\u00ed <strong>CTP invest, spol. s.r.o.<\/strong>, se s\u00eddlem CTPark Humpolec, 39601 Humpolec, zapsan\u00e1 v obchodn\u00edm rejst\u0159\u00edku veden\u00e9m Krajsk\u00fdm soudem v \u010cesk\u00fdch Bud\u011bjovic\u00edch, sp. zn. C 15647 (\"<strong>ovlada\u010d<\/strong>\u201c).<\/p>\n<p>&nbsp;<\/p>\n<p><strong>Ochrana soukrom\u00ed a osobn\u00edch \u00fadaj\u016f<\/strong><\/p>\n<p><strong>CTP invest, spol. s.r.o.<\/strong> v r\u00e1mci sv\u00e9 \u010dinnosti zpracov\u00e1v\u00e1 osobn\u00ed \u00fadaje sv\u00fdch klient\u016f a vystupuje jako spr\u00e1vce podle na\u0159\u00edzen\u00ed Evropsk\u00e9ho parlamentu a Rady (EU) 2016\/679 ze dne 27. dubna 2016 o ochran\u011b fyzick\u00fdch osob v souvislosti se zpracov\u00e1n\u00edm osobn\u00edch \u00fadaj\u016f (\"<strong>GDPR<\/strong>\"). V r\u00e1mci na\u0161ich povinnost\u00ed spr\u00e1vce v\u00e1m p\u0159edkl\u00e1d\u00e1me tento dokument, ve kter\u00e9m v\u00e1m poskytujeme informace o zp\u016fsobu, rozsahu a dal\u0161\u00edch podm\u00ednk\u00e1ch zpracov\u00e1n\u00ed va\u0161ich osobn\u00edch \u00fadaj\u016f na na\u0161ich webov\u00fdch str\u00e1nk\u00e1ch.<\/p>\n<p>&nbsp;<\/p>\n<p><strong>Jak\u00e9 osobn\u00ed \u00fadaje zpracov\u00e1v\u00e1me?<\/strong><\/p>\n<p>Na na\u0161ich webov\u00fdch str\u00e1nk\u00e1ch zpracov\u00e1v\u00e1me va\u0161e osobn\u00ed \u00fadaje obsahuj\u00edc\u00ed IP adresu, informace o opera\u010dn\u00edm syst\u00e9mu a typu prohl\u00ed\u017ee\u010de a koncov\u00e9ho za\u0159\u00edzen\u00ed a informace o va\u0161\u00ed aktivit\u011b na na\u0161ich webov\u00fdch str\u00e1nk\u00e1ch, kter\u00e9 jsou zaznamen\u00e1ny a ulo\u017eeny pomoc\u00ed soubor\u016f cookie.<\/p>\n<p>&nbsp;<\/p>\n<p><strong>Jak\u00fd je \u00fa\u010del zpracov\u00e1n\u00ed va\u0161ich osobn\u00edch \u00fadaj\u016f?<\/strong><\/p>\n<p>Spr\u00e1vce zpracov\u00e1v\u00e1 a uchov\u00e1v\u00e1 va\u0161e osobn\u00ed \u00fadaje za podm\u00ednek a v mez\u00edch stanoven\u00fdch platn\u00fdmi pr\u00e1vn\u00edmi p\u0159edpisy pro n\u00e1sleduj\u00edc\u00ed \u00fa\u010dely:<\/p>\n<ol>\n<li>Zpracov\u00e1n\u00ed, ke kter\u00e9mu nepot\u0159ebujeme v\u00e1\u0161 souhlas:<\/li>\n<\/ol>\n<p><em>Optimalizace fungov\u00e1n\u00ed webov\u00fdch str\u00e1nek<\/em><\/p>\n<p>Osobn\u00ed \u00fadaje zpracov\u00e1v\u00e1me za \u00fa\u010delem spr\u00e1vn\u00e9ho fungov\u00e1n\u00ed webov\u00fdch str\u00e1nek, individualizace obsahu webov\u00fdch str\u00e1nek pro u\u017eivatele a zv\u00fd\u0161en\u00ed komfortu jejich pou\u017e\u00edv\u00e1n\u00ed.<\/p>\n<p>Ukl\u00e1d\u00e1n\u00ed soubor\u016f cookie do koncov\u00e9ho za\u0159\u00edzen\u00ed m\u016f\u017eete zak\u00e1zat p\u0159\u00edslu\u0161nou \u00fapravou nastaven\u00ed prohl\u00ed\u017ee\u010de. To v\u0161ak m\u016f\u017ee omezit fungov\u00e1n\u00ed webov\u00fdch str\u00e1nek, v\u010detn\u011b znemo\u017en\u011bn\u00ed p\u0159\u00edstupu k n\u011bkter\u00fdm jejich \u010d\u00e1stem. Pokud jste prohl\u00ed\u017ee\u010d neupravili, n\u00e1\u0161 syst\u00e9m bude soubory cookie odes\u00edlat automaticky v\u017edy, kdy\u017e se p\u0159ihl\u00e1s\u00edte na na\u0161e webov\u00e9 str\u00e1nky.<\/p>\n<p>Soubory cookie ulo\u017een\u00e9 v za\u0159\u00edzen\u00ed m\u016f\u017eete odstranit vymaz\u00e1n\u00edm historie proch\u00e1zen\u00ed v po\u010d\u00edta\u010di. M\u016f\u017eete se tak\u00e9 rozhodnout pro prohl\u00ed\u017een\u00ed na\u0161ich webov\u00fdch str\u00e1nek v \"soukrom\u00e9m\" re\u017eimu, kter\u00fd omezuje rozsah dat zaznamenan\u00fdch po\u010d\u00edta\u010dem.<\/p>\n<p>&nbsp;<\/p>\n<p>2. Zpracov\u00e1n\u00ed, kter\u00e9 prov\u00e1d\u00edme pouze s va\u0161\u00edm souhlasem:<\/p>\n<p><em>Marketingov\u00e9 \u00fa\u010dely<\/em><\/p>\n<p>Va\u0161e osobn\u00ed \u00fadaje ve form\u011b marketingov\u00fdch soubor\u016f cookie se pou\u017e\u00edvaj\u00ed k vyhodnocen\u00ed va\u0161ich preferenc\u00ed, d\u00edky nim\u017e se zobrazuje reklama, kter\u00e1 je pro v\u00e1s relevantn\u00ed.<\/p>\n<p>Tyto webov\u00e9 str\u00e1nky pou\u017e\u00edvaj\u00ed k tomuto \u00fa\u010delu marketingov\u00e9 n\u00e1stroje t\u0159et\u00edch stran:<\/p>\n<ul>\n<li>\u00dadaje slu\u017eby Google Analytics;<\/li>\n<li>Facebook;<\/li>\n<li>Leady.cz;<\/li>\n<li>Podobn\u00ed poskytovatel\u00e9 analytick\u00fdch a marketingov\u00fdch n\u00e1stroj\u016f.<\/li>\n<\/ul>\n<p>V\u00e1\u0161 souhlas ud\u011blen\u00fd pro marketingov\u00e9 \u00fa\u010dely je dobrovoln\u00fd, a pokud souhlas neud\u011bl\u00edte, m\u016f\u017eete si na\u0161e webov\u00e9 str\u00e1nky i nad\u00e1le prohl\u00ed\u017eet. Souhlas lze kdykoli odvolat.<\/p>\n<ul>\n<li>Distribuce zpravodaje a dal\u0161\u00edch obchodn\u00edch sd\u011blen\u00ed<\/li>\n<\/ul>\n<p>Souhlas ud\u011blen\u00fd za \u00fa\u010delem zas\u00edl\u00e1n\u00ed newsletter\u016f a dal\u0161\u00edch obchodn\u00edch sd\u011blen\u00ed je dobrovoln\u00fd, pokud jej v\u0161ak neud\u011bl\u00edte, nebudete moci pravideln\u011b dost\u00e1vat informace a novinky t\u00fdkaj\u00edc\u00ed se na\u0161ich aktivit. Sv\u016fj souhlas m\u016f\u017eete kdykoli odvolat, podrobn\u00e9 informace o zp\u016fsobu odvol\u00e1n\u00ed souhlasu jsou sou\u010d\u00e1st\u00ed ka\u017ed\u00e9ho e-mailu.<\/p>\n<p>&nbsp;<\/p>\n<p><strong>Jak\u00fd je pr\u00e1vn\u00ed d\u016fvod zpracov\u00e1n\u00ed?<\/strong><\/p>\n<p>Pr\u00e1vn\u00edm d\u016fvodem v prvn\u00edm p\u0159\u00edpad\u011b (odstavec a.) je opr\u00e1vn\u011bn\u00fd z\u00e1jem spr\u00e1vce spo\u010d\u00edvaj\u00edc\u00ed v \u0159\u00e1dn\u00e9m fungov\u00e1n\u00ed webov\u00fdch str\u00e1nek, a pokud jsou \u00fadaje zpracov\u00e1v\u00e1ny pro marketingov\u00e9 \u00fa\u010dely (odstavec b.), je t\u00edmto d\u016fvodem v\u00e1\u0161 v\u00fdslovn\u00fd souhlas.<\/p>\n<p>&nbsp;<\/p>\n<p><strong>Komu jsou \u00fadaje p\u0159ed\u00e1v\u00e1ny?<\/strong><\/p>\n<p>V\u00e1mi poskytnut\u00e9 osobn\u00ed \u00fadaje zpracov\u00e1v\u00e1me a ukl\u00e1d\u00e1me p\u0159ev\u00e1\u017en\u011b sami. V nezbytn\u011b nutn\u00e9m rozsahu mohou \u00fadaje zpracov\u00e1vat dal\u0161\u00ed zpracovatel\u00e9, nap\u0159\u00edklad poskytovatel\u00e9 \u00fa\u010detn\u00edch a IT slu\u017eeb, a to v\u00fdhradn\u011b na z\u00e1klad\u011b smlouvy o zpracov\u00e1n\u00ed \u00fadaj\u016f. Pokud jde o zpracov\u00e1n\u00ed pro marketingov\u00e9 \u00fa\u010dely na z\u00e1klad\u011b va\u0161eho souhlasu, p\u0159ed\u00e1v\u00e1me va\u0161e osobn\u00ed \u00fadaje subjekt\u016fm, kter\u00e9 n\u00e1m poskytuj\u00ed marketingov\u00e9 slu\u017eby.<\/p>\n<p>&nbsp;<\/p>\n<p><strong>Jak dlouho budeme va\u0161e osobn\u00ed \u00fadaje zpracov\u00e1vat?<\/strong><\/p>\n<p>Va\u0161e osobn\u00ed \u00fadaje jsou zpracov\u00e1v\u00e1ny po dobu nezbytn\u011b nutnou k napln\u011bn\u00ed p\u0159\u00edslu\u0161n\u00e9ho \u00fa\u010delu zpracov\u00e1n\u00ed, tj. minim\u00e1ln\u011b po dobu trv\u00e1n\u00ed p\u0159\u00edslu\u0161n\u00e9 smlouvy, po dobu platnosti souhlasu a po dobu, po kterou je spr\u00e1vce povinen nebo opr\u00e1vn\u011bn \u00fadaje uchov\u00e1vat v souladu s obecn\u011b z\u00e1vazn\u00fdmi pr\u00e1vn\u00edmi p\u0159edpisy.<\/p>\n<p>&nbsp;<\/p>\n<p><strong>Jak\u00e1 jsou m\u00e1 pr\u00e1va t\u00fdkaj\u00edc\u00ed se ochrany osobn\u00edch \u00fadaj\u016f?<\/strong><\/p>\n<p>Jako subjekt \u00fadaj\u016f m\u00e1te podle GDPR v\u0161echna pr\u00e1va, mimo jin\u00e9:<\/p>\n<ol>\n<li>pr\u00e1vo na informace o zpracov\u00e1n\u00ed va\u0161ich osobn\u00edch \u00fadaj\u016f;<\/li>\n<li>pr\u00e1vo na p\u0159\u00edstup k va\u0161im osobn\u00edm \u00fadaj\u016fm;<\/li>\n<li>pr\u00e1vo po\u017e\u00e1dat spr\u00e1vce o opravu, v\u00fdmaz nebo omezen\u00ed zpracov\u00e1n\u00ed va\u0161ich osobn\u00edch \u00fadaj\u016f;<\/li>\n<li>pr\u00e1vo vzn\u00e9st n\u00e1mitku proti zpracov\u00e1n\u00ed va\u0161ich osobn\u00edch \u00fadaj\u016f;<\/li>\n<li>pr\u00e1vo z\u00edskat sv\u00e9 osobn\u00ed \u00fadaje (p\u0159enositelnost \u00fadaj\u016f) a<\/li>\n<li>pr\u00e1vo podat st\u00ed\u017enost u \u00da\u0159adu pro zpracov\u00e1n\u00ed osobn\u00edch \u00fadaj\u016f.<\/li>\n<\/ol>\n<p>&nbsp;<\/p>\n<p><strong>Jak mohu kontaktovat spr\u00e1vce sv\u00fdch osobn\u00edch \u00fadaj\u016f?<\/strong><\/p>\n<p>Spr\u00e1vce m\u016f\u017eete kontaktovat v souvislosti s ochranou sv\u00fdch osobn\u00edch \u00fadaj\u016f a uplatn\u011bn\u00edm sv\u00fdch pr\u00e1v, v\u010detn\u011b odvol\u00e1n\u00ed souhlasu, dopisem zaslan\u00fdm na adresu s\u00eddla spr\u00e1vce, p\u00edsemn\u011b na e-mailovou adresu: <a href=\"mailto:info@ctp.eu\">info@ctp.eu<\/a> a telefonicky na: +420 222 390 942.<\/p>\n<\/div>","protected":false},"excerpt":{"rendered":"<p>Toto ozn\u00e1men\u00ed o ochran\u011b osobn\u00edch \u00fadaj\u016f se vztahuje na dodr\u017eov\u00e1n\u00ed pr\u00e1va na soukrom\u00ed z hlediska osobn\u00edch \u00fadaj\u016f.<\/p>","protected":false},"author":67,"featured_media":0,"parent":6125,"menu_order":0,"comment_status":"closed","ping_status":"closed","template":"","meta":{"_acf_changed":false,"footnotes":""},"class_list":["post-2001","page","type-page","status-publish","hentry"],"acf":[],"yoast_head":"<title>Consent to the processing of personal data - Commercial Real Estate Developer And Manager<\/title>\n<meta name=\"robots\" content=\"index, follow, max-snippet:-1, max-image-preview:large, max-video-preview:-1\" \/>\n<link rel=\"canonical\" href=\"https:\/\/ctp.eu\/cs\/ctp-policies\/consent-to-the-processing-of-personal-data\/\" \/>\n<meta property=\"og:locale\" content=\"cs_CZ\" \/>\n<meta property=\"og:type\" content=\"article\" \/>\n<meta property=\"og:title\" content=\"Consent to the processing of personal data\" \/>\n<meta property=\"og:description\" content=\"Privacy Notice This privacy notice applies to observing the right to privacy from the point of view of personal data\" \/>\n<meta property=\"og:url\" content=\"https:\/\/ctp.eu\/cs\/ctp-policies\/consent-to-the-processing-of-personal-data\/\" \/>\n<meta property=\"og:site_name\" content=\"Commercial Real Estate Developer And Manager\" \/>\n<meta property=\"article:modified_time\" content=\"2020-08-28T10:58:58+00:00\" \/>\n<meta name=\"twitter:card\" content=\"summary_large_image\" \/>\n<meta name=\"twitter:label1\" content=\"Odhadovan\u00e1 doba \u010dten\u00ed\" \/>\n\t<meta name=\"twitter:data1\" content=\"4 minuty\" \/>\n<script type=\"application\/ld+json\" class=\"yoast-schema-graph\">{\"@context\":\"https:\\\/\\\/schema.org\",\"@graph\":[{\"@type\":\"WebPage\",\"@id\":\"https:\\\/\\\/ctp.eu\\\/ctp-policies\\\/consent-to-the-processing-of-personal-data\\\/\",\"url\":\"https:\\\/\\\/ctp.eu\\\/ctp-policies\\\/consent-to-the-processing-of-personal-data\\\/\",\"name\":\"Consent to the processing of personal data - Commercial Real Estate Developer And Manager\",\"isPartOf\":{\"@id\":\"https:\\\/\\\/ctp.eu\\\/#website\"},\"datePublished\":\"2018-05-10T13:17:39+00:00\",\"dateModified\":\"2020-08-28T10:58:58+00:00\",\"breadcrumb\":{\"@id\":\"https:\\\/\\\/ctp.eu\\\/ctp-policies\\\/consent-to-the-processing-of-personal-data\\\/#breadcrumb\"},\"inLanguage\":\"cs\",\"potentialAction\":[{\"@type\":\"ReadAction\",\"target\":[\"https:\\\/\\\/ctp.eu\\\/ctp-policies\\\/consent-to-the-processing-of-personal-data\\\/\"]}]},{\"@type\":\"BreadcrumbList\",\"@id\":\"https:\\\/\\\/ctp.eu\\\/ctp-policies\\\/consent-to-the-processing-of-personal-data\\\/#breadcrumb\",\"itemListElement\":[{\"@type\":\"ListItem\",\"position\":1,\"name\":\"Home\",\"item\":\"https:\\\/\\\/ctp.eu\\\/\"},{\"@type\":\"ListItem\",\"position\":2,\"name\":\"CTP Policies\",\"item\":\"https:\\\/\\\/ctp.eu\\\/ctp-policies\\\/\"},{\"@type\":\"ListItem\",\"position\":3,\"name\":\"Consent to the processing of personal data\"}]},{\"@type\":\"WebSite\",\"@id\":\"https:\\\/\\\/ctp.eu\\\/#website\",\"url\":\"https:\\\/\\\/ctp.eu\\\/\",\"name\":\"Commercial Real Estate Developer And Manager\",\"description\":\"CTP - premium industrial warehouse and office buildings\",\"publisher\":{\"@id\":\"https:\\\/\\\/ctp.eu\\\/#organization\"},\"potentialAction\":[{\"@type\":\"SearchAction\",\"target\":{\"@type\":\"EntryPoint\",\"urlTemplate\":\"https:\\\/\\\/ctp.eu\\\/?s={search_term_string}\"},\"query-input\":{\"@type\":\"PropertyValueSpecification\",\"valueRequired\":true,\"valueName\":\"search_term_string\"}}],\"inLanguage\":\"cs\"},{\"@type\":\"Organization\",\"@id\":\"https:\\\/\\\/ctp.eu\\\/#organization\",\"name\":\"CTP\",\"url\":\"https:\\\/\\\/ctp.eu\\\/\",\"logo\":{\"@type\":\"ImageObject\",\"inLanguage\":\"cs\",\"@id\":\"https:\\\/\\\/ctp.eu\\\/#\\\/schema\\\/logo\\\/image\\\/\",\"url\":\"\",\"contentUrl\":\"\",\"caption\":\"CTP\"},\"image\":{\"@id\":\"https:\\\/\\\/ctp.eu\\\/#\\\/schema\\\/logo\\\/image\\\/\"}}]}<\/script>","yoast_head_json":{"title":"Souhlas se zpracov\u00e1n\u00edm osobn\u00edch \u00fadaj\u016f - Commercial Real Estate Developer And Manager","robots":{"index":"index","follow":"follow","max-snippet":"max-snippet:-1","max-image-preview":"max-image-preview:large","max-video-preview":"max-video-preview:-1"},"canonical":"https:\/\/ctp.eu\/cs\/ctp-policies\/consent-to-the-processing-of-personal-data\/","og_locale":"cs_CZ","og_type":"article","og_title":"Consent to the processing of personal data","og_description":"Privacy Notice This privacy notice applies to observing the right to privacy from the point of view of personal data","og_url":"https:\/\/ctp.eu\/cs\/ctp-policies\/consent-to-the-processing-of-personal-data\/","og_site_name":"Commercial Real Estate Developer And Manager","article_modified_time":"2020-08-28T10:58:58+00:00","twitter_card":"summary_large_image","twitter_misc":{"Odhadovan\u00e1 doba \u010dten\u00ed":"4 minuty"},"schema":{"@context":"https:\/\/schema.org","@graph":[{"@type":"WebPage","@id":"https:\/\/ctp.eu\/ctp-policies\/consent-to-the-processing-of-personal-data\/","url":"https:\/\/ctp.eu\/ctp-policies\/consent-to-the-processing-of-personal-data\/","name":"Souhlas se zpracov\u00e1n\u00edm osobn\u00edch \u00fadaj\u016f - Commercial Real Estate Developer And Manager","isPartOf":{"@id":"https:\/\/ctp.eu\/#website"},"datePublished":"2018-05-10T13:17:39+00:00","dateModified":"2020-08-28T10:58:58+00:00","breadcrumb":{"@id":"https:\/\/ctp.eu\/ctp-policies\/consent-to-the-processing-of-personal-data\/#breadcrumb"},"inLanguage":"cs","potentialAction":[{"@type":"ReadAction","target":["https:\/\/ctp.eu\/ctp-policies\/consent-to-the-processing-of-personal-data\/"]}]},{"@type":"BreadcrumbList","@id":"https:\/\/ctp.eu\/ctp-policies\/consent-to-the-processing-of-personal-data\/#breadcrumb","itemListElement":[{"@type":"ListItem","position":1,"name":"Home","item":"https:\/\/ctp.eu\/"},{"@type":"ListItem","position":2,"name":"CTP Policies","item":"https:\/\/ctp.eu\/ctp-policies\/"},{"@type":"ListItem","position":3,"name":"Consent to the processing of personal data"}]},{"@type":"WebSite","@id":"https:\/\/ctp.eu\/#website","url":"https:\/\/ctp.eu\/","name":"Developer a mana\u017eer komer\u010dn\u00edch nemovitost\u00ed","description":"CTP - pr\u00e9miov\u00e9 pr\u016fmyslov\u00e9 sklady a kancel\u00e1\u0159sk\u00e9 budovy","publisher":{"@id":"https:\/\/ctp.eu\/#organization"},"potentialAction":[{"@type":"SearchAction","target":{"@type":"EntryPoint","urlTemplate":"https:\/\/ctp.eu\/?s={search_term_string}"},"query-input":{"@type":"PropertyValueSpecification","valueRequired":true,"valueName":"search_term_string"}}],"inLanguage":"cs"},{"@type":"Organization","@id":"https:\/\/ctp.eu\/#organization","name":"CTP","url":"https:\/\/ctp.eu\/","logo":{"@type":"ImageObject","inLanguage":"cs","@id":"https:\/\/ctp.eu\/#\/schema\/logo\/image\/","url":"","contentUrl":"","caption":"CTP"},"image":{"@id":"https:\/\/ctp.eu\/#\/schema\/logo\/image\/"}}]}},"_links":{"self":[{"href":"https:\/\/ctp.eu\/cs\/wp-json\/wp\/v2\/pages\/2001","targetHints":{"allow":["GET"]}}],"collection":[{"href":"https:\/\/ctp.eu\/cs\/wp-json\/wp\/v2\/pages"}],"about":[{"href":"https:\/\/ctp.eu\/cs\/wp-json\/wp\/v2\/types\/page"}],"author":[{"embeddable":true,"href":"https:\/\/ctp.eu\/cs\/wp-json\/wp\/v2\/users\/67"}],"replies":[{"embeddable":true,"href":"https:\/\/ctp.eu\/cs\/wp-json\/wp\/v2\/comments?post=2001"}],"version-history":[{"count":0,"href":"https:\/\/ctp.eu\/cs\/wp-json\/wp\/v2\/pages\/2001\/revisions"}],"up":[{"embeddable":true,"href":"https:\/\/ctp.eu\/cs\/wp-json\/wp\/v2\/pages\/6125"}],"wp:attachment":[{"href":"https:\/\/ctp.eu\/cs\/wp-json\/wp\/v2\/media?parent=2001"}],"curies":[{"name":"wp","href":"https:\/\/api.w.org\/{rel}","templated":true}]}}